{"id":26792,"date":"2019-12-16T18:03:26","date_gmt":"2019-12-16T18:03:26","guid":{"rendered":"https:\/\/www.vegadeyuco.com\/rechtlicher-hinweis\/"},"modified":"2025-12-11T12:57:37","modified_gmt":"2025-12-11T12:57:37","slug":"rechtlicher-hinweis","status":"publish","type":"page","link":"https:\/\/www.vegadeyuco.com\/de\/rechtlicher-hinweis\/","title":{"rendered":"Rechtlicher Hinweis"},"content":{"rendered":"\t\t<div data-elementor-type=\"wp-page\" data-elementor-id=\"26792\" class=\"elementor elementor-26792 elementor-3979\" data-elementor-post-type=\"page\">\n\t\t\t\t<div class=\"elementor-element elementor-element-3d37011 e-flex e-con-boxed e-con e-parent\" data-id=\"3d37011\" data-element_type=\"container\">\n\t\t\t\t\t<div class=\"e-con-inner\">\n\t\t\t\t<div class=\"elementor-element elementor-element-d6b998f elementor-widget elementor-widget-heading\" data-id=\"d6b998f\" data-element_type=\"widget\" data-widget_type=\"heading.default\">\n\t\t\t\t<div class=\"elementor-widget-container\">\n\t\t\t\t\t<h1 class=\"elementor-heading-title elementor-size-default\">Rechtlicher Hinweis<\/h1>\t\t\t\t<\/div>\n\t\t\t\t<\/div>\n\t\t\t\t<div class=\"elementor-element elementor-element-4e14f4d elementor-widget-divider--view-line elementor-widget elementor-widget-divider\" data-id=\"4e14f4d\" data-element_type=\"widget\" data-widget_type=\"divider.default\">\n\t\t\t\t<div class=\"elementor-widget-container\">\n\t\t\t\t\t\t\t<div class=\"elementor-divider\">\n\t\t\t<span class=\"elementor-divider-separator\">\n\t\t\t\t\t\t<\/span>\n\t\t<\/div>\n\t\t\t\t\t\t<\/div>\n\t\t\t\t<\/div>\n\t\t\t\t\t<\/div>\n\t\t\t\t<\/div>\n\t\t\t\t<section class=\"elementor-section elementor-top-section elementor-element elementor-element-abcd5c7 elementor-section-boxed elementor-section-height-default elementor-section-height-default\" data-id=\"abcd5c7\" data-element_type=\"section\">\n\t\t\t\t\t\t<div class=\"elementor-container elementor-column-gap-default\">\n\t\t\t\t\t<div class=\"elementor-column elementor-col-100 elementor-top-column elementor-element elementor-element-a981d28\" data-id=\"a981d28\" data-element_type=\"column\">\n\t\t\t<div class=\"elementor-widget-wrap elementor-element-populated\">\n\t\t\t\t\t\t<div class=\"elementor-element elementor-element-d7567bb elementor-widget elementor-widget-text-editor\" data-id=\"d7567bb\" data-element_type=\"widget\" data-widget_type=\"text-editor.default\">\n\t\t\t\t<div class=\"elementor-widget-container\">\n\t\t\t\t\t\t\t\t\t<h2><strong>RECHTLICHER HINWEIS<\/strong><\/h2><p> <\/p><h3>1. Gegenstand und Annahme<\/h3><p>Der vorliegende rechtliche Hinweis regelt die Nutzung der Website: <a href=\"https:\/\/vegadeyuco.com\">www.vegadeyuco.com<\/a><\/p><p>Die Website www.vegadeyuco.com bietet Dienstleistungen an, deren Hauptzweck darin besteht, den Kontakt zwischen den Nutzern und dem Unternehmen zu erm\u00f6glichen, sei es, um mit uns in Kontakt zu treten, Ihren Einkauf abzuwickeln, sich auf der Website zu registrieren, Ihre Datenschutzrechte auszu\u00fcben oder Kostenvoranschl\u00e4ge anzufordern.<\/p><p>Durch das Surfen auf der Website www.vegadeyuco.com werden Sie zum Nutzer dieser Website und erkl\u00e4ren sich damit uneingeschr\u00e4nkt und vorbehaltlos mit allen Bestimmungen dieses rechtlichen Hinweises einverstanden, die \u00c4nderungen unterliegen k\u00f6nnen.<\/p><p>Der Nutzer verpflichtet sich, die Website in \u00dcbereinstimmung mit den Gesetzen, dem guten Glauben, der \u00f6ffentlichen Ordnung, den Verkehrsgepflogenheiten und diesem rechtlichen Hinweis ordnungsgem\u00e4\u00df zu nutzen. Der Nutzer haftet gegen\u00fcber BODEGAS VEGA DE YUCO, S.L. und gegen\u00fcber Dritten f\u00fcr Sch\u00e4den und Nachteile, die durch die Nichteinhaltung dieser Verpflichtung entstehen k\u00f6nnen. <\/p><h3>2. Eigentumsrechte an der Website und Identifizierung des Anbieters von Diensten der Informationsgesellschaft<\/h3><p>Um dem Grundsatz der allgemeinen Information gem\u00e4\u00df Artikel 10 des Gesetzes 34\/2002 vom 11. Juli \u00fcber Dienste der Informationsgesellschaft und des elektronischen Handels nachzukommen, informieren wir unsere Nutzer dar\u00fcber, dass diese Website Eigentum von BODEGAS VEGA DE YUCO, S.L. mit der Steuernummer B35474881 ist, die durch einen privaten Vertrag\/eine \u00f6ffentliche Urkunde vom 23. April 1997 gegr\u00fcndet wurde.<\/p><table><tbody><tr><td colspan=\"3\" width=\"183\">Adresse<\/td>: <td colspan=\"3\" width=\"332\">Camino Del Cabezo, Sn &#8211; Masdache, 35572 &#8211; Tias, Lanzarote (Las Palmas)<\/td><\/tr><tr><td colspan=\"3\" width=\"183\">E-mail:<\/td><td colspan=\"3\" width=\"332\">bodega@ovegadeyuco.com<\/td><\/tr><tr><td colspan=\"3\" width=\"183\">Telefon:<\/td><td colspan=\"3\" width=\"332\">928524316<\/td><\/tr><tr><td colspan=\"3\" width=\"183\">Website gehostet von:<\/td><td colspan=\"3\" width=\"332\">IONOS SE<\/td><\/tr><\/tbody><\/table><h3> <\/h3><h3>3. Allgemeine Zugangs- und Nutzungsbedingungen<\/h3><p>Die Website und ihre Dienste sind frei und kostenlos zug\u00e4nglich, wobei die Nutzung bestimmter Bereiche oder Dienste jedoch vom Ausf\u00fcllen von Formularen zur Datenerfassung abh\u00e4ngig ist. Nur Personen \u00fcber 18 Jahren d\u00fcrfen Daten \u00fcber unsere Website bereitstellen, und Minderj\u00e4hrige unter 14 Jahren d\u00fcrfen dies nicht ohne die Zustimmung ihrer Eltern oder Erziehungsberechtigten tun. <\/p><p>Der Nutzer garantiert die Echtheit und Aktualit\u00e4t aller Daten, die er BODEGAS VEGA DE YUCO, S.L. mitteilt, und ist allein verantwortlich f\u00fcr falsche oder ungenaue Angaben.<\/p><p>www.vegadeyuco.com Es gibt folgende Arten von Benutzern:<\/p><ul><li>Benutzer, die Daten in eines der verf\u00fcgbaren Formulare eingeben: Die von BODEGAS VEGA DE YUCO, S.L. angeforderten personenbezogenen Daten umfassen den Namen und die E-Mail-Adresse sowie die Daten, die der Benutzer beim Ausf\u00fcllen der Formulare selbst angibt.<\/li><li>Benutzer, die bei der Registrierung als Benutzer auf unserer Website Daten angeben: Die von BODEGAS VEGA DE YUCO, S.L. angeforderten personenbezogenen Daten umfassen den Namen und die E-Mail-Adresse sowie die Daten, die der Benutzer beim Ausf\u00fcllen der Formulare selbst angibt.<\/li><li>Benutzer, die keinen Kontakt zu BODEGAS VEGA DE YUCO, S.L. aufgenommen haben, von denen jedoch Daten erfasst werden: Daten, die durch Cookies bereitgestellt werden.<\/li><li>Benutzer, die \u00fcber unseren Online-Shop Eink\u00e4ufe t\u00e4tigen: Es werden die vom Benutzer w\u00e4hrend des Kaufvorgangs angegebenen Daten sowie die Daten des get\u00e4tigten Kaufs erfasst.<\/li><\/ul><p> <\/p><p>3.1 <strong>Nutzungsregeln und Verbote f\u00fcr Nutzer unserer Dienste<\/strong><\/p><p>Der Nutzer verpflichtet sich ausdr\u00fccklich, die angebotenen Inhalte und Dienste angemessen zu nutzen und sie nicht f\u00fcr folgende Zwecke zu verwenden:<\/p><ul><li>Verbreitung von strafbaren, gewaltt\u00e4tigen, pornografischen, rassistischen, fremdenfeindlichen, beleidigenden, den Terrorismus verherrlichenden oder allgemein gegen das Gesetz oder die \u00f6ffentliche Ordnung versto\u00dfenden Inhalten.<\/li><li>Das Einschleusen von Computerviren in das Netzwerk oder das Ausf\u00fchren von Handlungen, die elektronische Dokumente, Daten oder physische und logische Systeme von BODEGAS VEGA DE YUCO, S.L. oder Dritten ver\u00e4ndern, besch\u00e4digen, unterbrechen oder Fehler oder Sch\u00e4den verursachen k\u00f6nnen, sowie das Behindern des Zugriffs anderer Nutzer auf die Website und ihre Dienste.<\/li><li>Der Versuch, auf gesperrte Bereiche der Computersysteme von BODEGAS VEGA DE YUCO, S.L. oder Dritten zuzugreifen und gegebenenfalls Informationen zu extrahieren.<\/li><li>Verletzung der geistigen oder gewerblichen Eigentumsrechte sowie Verletzung der Vertraulichkeit der Informationen von BODEGAS VEGA DE YUCO, S.L. oder Dritten.<\/li><li>Die Identit\u00e4t eines anderen Nutzers, einer \u00f6ffentlichen Verwaltung oder eines Dritten anzunehmen.<\/li><li>Die Inhalte zu reproduzieren, zu kopieren, zu verbreiten, zur Verf\u00fcgung zu stellen oder auf andere Weise \u00f6ffentlich zu kommunizieren, zu transformieren oder zu ver\u00e4ndern, es sei denn, es liegt die Genehmigung des Inhabers der entsprechenden Rechte vor oder dies ist gesetzlich zul\u00e4ssig.<\/li><li>Datenerhebung zu Werbezwecken und zum Versand von Werbung jeglicher Art sowie Mitteilungen zu Verkaufszwecken oder anderen kommerziellen Zwecken ohne vorherige Anfrage oder Zustimmung.<\/li><\/ul><p> <\/p><p><strong>3.2. Vorgehensweise bei illegalen Aktivit\u00e4ten<\/strong><\/p><p>Falls ein Nutzer oder ein Dritter der Ansicht ist, dass Tatsachen oder Umst\u00e4nde vorliegen, die die Rechtswidrigkeit der Nutzung von Inhalten und\/oder der Durchf\u00fchrung von Aktivit\u00e4ten auf den Webseiten, die auf der Website enthalten oder \u00fcber diese zug\u00e4nglich sind, belegen, muss er eine Mitteilung an BODEGAS VEGA DE YUCO, S.L. senden unter Angabe seiner Identit\u00e4t, unter genauer Beschreibung der mutma\u00dflichen Verst\u00f6\u00dfe und unter ausdr\u00fccklicher Erkl\u00e4rung und auf eigene Verantwortung, dass die in der Mitteilung enthaltenen Informationen korrekt sind.<\/p><h3>4. Datenschutzerkl\u00e4rung<\/h3><p>Der Nutzer kann unter dem folgenden Link einsehen, wie BODEGAS VEGA DE YUCO, S.L. seine Daten verwendet und welche Sicherheitsma\u00dfnahmen umgesetzt wurden: &#8222;<a href=\"https:\/\/www.vegadeyuco.com\/politica-privacidad\/\">Datenschutzerkl\u00e4rung<\/a>\u201d<\/p><h3>5. Cookie-Richtlinie<\/h3><p>BODEGAS VEGA DE YUCO, S.L. installiert Cookies auf dem Computer des Benutzers. Weitere Informationen zu den Cookies unserer Website finden Sie unter folgendem Link:: &#8222;<a href=\"https:\/\/www.vegadeyuco.com\/politica-de-cookies-ue\/\">Cookie-Richtlinie<\/a>&#8220; <\/p><h3>6. Benachrichtigungen<\/h3><p>Alle Benachrichtigungen und Mitteilungen zwischen den Nutzern und BODEGAS VEGA DE YUCO, S.L. gelten in jeder Hinsicht als wirksam, wenn sie per Post, E-Mail oder Telefon erfolgen. Die Nutzer m\u00fcssen sich an BODEGAS VEGA DE YUCO, S.L. wenden \u00fcber: <\/p><ul><li>Versand per Post an folgende Adresse: BODEGAS VEGA DE YUCO, S.L. \u2013 Camino Del Cabezo, Sn &#8211; Masdache, 35572 &#8211; Tias, Lanzarote (Las Palmas).<\/li><li>Per E-Mail an folgende Adresse senden: bodega@vegadeyuco.es<\/li><\/ul><h3>7. Gewerbliches Eigentum und geistiges Eigentum<\/h3><p>Alle Inhalte der Website, wie Texte, Fotos, Grafiken, Bilder, Symbole, Technologie, Software sowie deren grafisches Design und Quellcodes, sind Eigentum von BODEGAS VEGA DE YUCO, S.L., ohne dass dem Nutzer dar\u00fcber hinausgehende Verwertungsrechte an diesen Inhalten \u00fcbertragen werden, die \u00fcber das f\u00fcr die ordnungsgem\u00e4\u00dfe Nutzung der Website unbedingt erforderliche Ma\u00df hinausgehen.<\/p><p>Letztendlich k\u00f6nnen Nutzer, die auf diese Website zugreifen, die Inhalte anzeigen und gegebenenfalls autorisierte Privatkopien anfertigen, sofern die reproduzierten Elemente nicht anschlie\u00dfend an Dritte weitergegeben, auf mit Netzwerken verbundenen Servern installiert oder in irgendeiner Weise verwertet werden und dies ausschlie\u00dflich w\u00e4hrend der Dauer der Bereitstellung des Dienstes geschieht.<\/p><p>Ebenso sind alle Marken, Handelsnamen oder Kennzeichen jeglicher Art, die auf der Website erscheinen, Eigentum von BODEGAS VEGA DE YUCO, S.L., ohne dass davon ausgegangen werden kann, dass die Nutzung oder der Zugriff darauf dem Benutzer irgendwelche Rechte daran einr\u00e4umt.<\/p><p>Die Verbreitung, \u00c4nderung, Weitergabe oder \u00f6ffentliche Wiedergabe der Inhalte sowie jede andere Handlung, die nicht ausdr\u00fccklich von BODEGAS VEGA DE YUCO, S.L. genehmigt wurde, ist untersagt. Bei Verst\u00f6\u00dfen wird BODEGAS VEGA DE YUCO, S.L. die entsprechenden rechtlichen Schritte einleiten.<\/p><h3>8. Haftungsausschluss und \u00c4nderung dieses rechtlichen Hinweises<\/h3><p>Die Website www.vegadeyuco.com verwendet Techniken zur Informationssicherheit wie Firewalls, Zugangskontrollverfahren und Verschl\u00fcsselungsmechanismen, um unbefugten Zugriff auf Daten zu verhindern und deren Vertraulichkeit zu gew\u00e4hrleisten.<\/p><p>Die auf dieser Website ver\u00f6ffentlichten Informationen dienen ausschlie\u00dflich zu Informationszwecken. BODEGAS VEGA DE YUCO, S.L. beh\u00e4lt sich das Recht vor, diese Informationen ganz oder teilweise zu l\u00f6schen oder deren Ver\u00f6ffentlichung auszusetzen und die Struktur und den Inhalt dieser Website ohne vorherige Ank\u00fcndigung zu \u00e4ndern, wobei der Zugriff auf diese Informationen eingeschr\u00e4nkt oder untersagt werden kann. BODEGAS VEGA DE YUCO, S.L. ist bem\u00fcht, die Qualit\u00e4t und Aktualit\u00e4t dieser Informationen zu gew\u00e4hrleisten und m\u00f6gliche Fehler zu vermeiden und zu minimieren, haftet jedoch nicht f\u00fcr Sch\u00e4den oder Nachteile, die durch Entscheidungen entstehen, die auf der Grundlage der verbreiteten Informationen getroffen wurden, Es haftet auch nicht f\u00fcr Ungenauigkeiten, Auslassungen oder Fehler in diesen Informationen, f\u00fcr Probleme, die durch die Nutzung dieser Website oder einer anderen externen Website entstehen, oder f\u00fcr Sch\u00e4den an der Software oder Hardware des Nutzers, die durch den Zugriff auf diese Website entstehen. <\/p><p>Die Nutzer erkl\u00e4ren sich ausdr\u00fccklich damit einverstanden, dass BODEGAS VEGA DE YUCO, S.L. nicht f\u00fcr den unbefugten Zugriff auf oder die Ver\u00e4nderung ihrer \u00dcbertragungen oder Daten, f\u00fcr gesendete oder empfangene oder nicht gesendete oder empfangene Materialien oder Daten sowie f\u00fcr \u00fcber ihre Website get\u00e4tigte Transaktionen haftet.<\/p><p>BODEGAS VEGA DE YUCO, S.L. beh\u00e4lt sich das Recht vor, diesen rechtlichen Hinweis einseitig und ohne vorherige Ank\u00fcndigung gem\u00e4\u00df den Bedingungen zu \u00e4ndern, die es f\u00fcr angemessen h\u00e4lt, wobei es lediglich verpflichtet ist, den Nutzer \u00fcber die vorgenommenen \u00c4nderungen zu informieren, und zwar \u00fcber <a href=\"http:\/\/www.aixacorpore.es\/\">www.vegadeyuco.com<\/a>.<\/p><p>In Bezug auf die im Online-Shop ver\u00f6ffentlichten Informationen haben die Angaben im Dokument \u201eAllgemeine Einkaufsbedingungen\u201c Vorrang vor diesem rechtlichen Hinweis.<\/p><h3>9. Teilweise Nichtigkeit<\/h3><p>Sollte eine der vorliegenden Klauseln durch eine rechtskr\u00e4ftige Entscheidung einer zust\u00e4ndigen Beh\u00f6rde f\u00fcr nichtig und unwirksam erkl\u00e4rt werden, bleiben die \u00fcbrigen Bestimmungen und Bedingungen in Kraft, ohne dass sie von dieser Nichtigerkl\u00e4rung betroffen sind.<\/p><h3>10. Anwendbares Recht und zust\u00e4ndige Gerichte<\/h3><p>Diese Website unterliegt den Bestimmungen der spanischen Gesetzgebung und den geltenden europ\u00e4ischen Vorschriften.<\/p><p>Jegliche Streitigkeiten, die sich aus der Nutzung der Website oder der genannten Produkte ergeben oder damit in Zusammenhang stehen, unterliegen der nicht ausschlie\u00dflichen Zust\u00e4ndigkeit der spanischen Gerichte der Provinz Las Palmas.<\/p><p>Wenn es sich um einen Endverbraucher handelt, hat diese Klausel keinerlei Auswirkungen auf die Rechte, die ihm als solcher durch die geltende Gesetzgebung zuerkannt werden, und er kann w\u00e4hlen, ob er eine Klage zur Durchsetzung seiner Rechte in Bezug auf diese Bedingungen vor dem f\u00fcr seinen Wohnsitz zust\u00e4ndigen Richter oder Gericht einreichen m\u00f6chte.<\/p><p><strong> <\/strong><\/p><p><strong>Datum: 8. April 2025<\/strong><\/p><p><strong>Version: V.2.0<\/strong><\/p>\t\t\t\t\t\t\t\t<\/div>\n\t\t\t\t<\/div>\n\t\t\t\t\t<\/div>\n\t\t<\/div>\n\t\t\t\t\t<\/div>\n\t\t<\/section>\n\t\t\t\t<\/div>\n\t\t","protected":false},"excerpt":{"rendered":"<p>Rechtlicher Hinweis RECHTLICHER HINWEIS 1. Gegenstand und Annahme Der vorliegende rechtliche Hinweis regelt die Nutzung der Website: www.vegadeyuco.com Die Website www.vegadeyuco.com bietet Dienstleistungen an, deren Hauptzweck darin besteht, den Kontakt zwischen den Nutzern und dem Unternehmen zu erm\u00f6glichen, sei es, um mit uns in Kontakt zu treten, Ihren Einkauf abzuwickeln, sich auf der Website zu [&hellip;]<\/p>\n","protected":false},"author":1,"featured_media":0,"parent":0,"menu_order":0,"comment_status":"closed","ping_status":"closed","template":"","meta":{"footnotes":""},"class_list":["post-26792","page","type-page","status-publish","hentry"],"yoast_head":"<!-- This site is optimized with the Yoast SEO plugin v26.8 - https:\/\/yoast.com\/product\/yoast-seo-wordpress\/ -->\n<title>Rechtlicher Hinweis &#8226; Vega de Yuco<\/title>\n<meta name=\"description\" content=\"Die Website www.vegadeyuco.com bietet Dienstleistungen an, deren Hauptzweck darin besteht, den Kontakt zwischen den Nutzern und dem Unternehmen zu erm\u00f6glichen, sei es, um mit uns in Kontakt zu treten, Ihren Einkauf abzuwickeln, sich auf der Website zu registrieren, Ihre Datenschutzrechte auszu\u00fcben oder Kostenvoranschl\u00e4ge anzufordern.\" \/>\n<meta name=\"robots\" content=\"noindex, nofollow\" \/>\n<meta property=\"og:locale\" content=\"de_DE\" \/>\n<meta property=\"og:type\" content=\"article\" \/>\n<meta property=\"og:title\" content=\"Rechtlicher Hinweis &#8226; Vega de Yuco\" \/>\n<meta property=\"og:description\" content=\"Die Website www.vegadeyuco.com bietet Dienstleistungen an, deren Hauptzweck darin besteht, den Kontakt zwischen den Nutzern und dem Unternehmen zu erm\u00f6glichen, sei es, um mit uns in Kontakt zu treten, Ihren Einkauf abzuwickeln, sich auf der Website zu registrieren, Ihre Datenschutzrechte auszu\u00fcben oder Kostenvoranschl\u00e4ge anzufordern.\" \/>\n<meta property=\"og:url\" content=\"https:\/\/www.vegadeyuco.com\/de\/rechtlicher-hinweis\/\" \/>\n<meta property=\"og:site_name\" content=\"Vega de Yuco\" \/>\n<meta property=\"article:publisher\" content=\"https:\/\/www.facebook.com\/vegadeyuco\" \/>\n<meta property=\"article:modified_time\" content=\"2025-12-11T12:57:37+00:00\" \/>\n<meta property=\"og:image\" content=\"https:\/\/www.vegadeyuco.com\/wp-content\/uploads\/2019\/11\/lOGO_VEGADEYUCO_500X300.png\" \/>\n\t<meta property=\"og:image:width\" content=\"500\" \/>\n\t<meta property=\"og:image:height\" content=\"300\" \/>\n\t<meta property=\"og:image:type\" content=\"image\/png\" \/>\n<meta name=\"twitter:card\" content=\"summary_large_image\" \/>\n<meta name=\"twitter:label1\" content=\"Gesch\u00e4tzte Lesezeit\" \/>\n\t<meta name=\"twitter:data1\" content=\"8\u00a0Minuten\" \/>\n<script type=\"application\/ld+json\" class=\"yoast-schema-graph\">{\"@context\":\"https:\/\/schema.org\",\"@graph\":[{\"@type\":\"WebPage\",\"@id\":\"https:\/\/www.vegadeyuco.com\/de\/rechtlicher-hinweis\/\",\"url\":\"https:\/\/www.vegadeyuco.com\/de\/rechtlicher-hinweis\/\",\"name\":\"Rechtlicher Hinweis &#8226; Vega de Yuco\",\"isPartOf\":{\"@id\":\"https:\/\/www.vegadeyuco.com\/de\/#website\"},\"datePublished\":\"2019-12-16T18:03:26+00:00\",\"dateModified\":\"2025-12-11T12:57:37+00:00\",\"description\":\"Die Website www.vegadeyuco.com bietet Dienstleistungen an, deren Hauptzweck darin besteht, den Kontakt zwischen den Nutzern und dem Unternehmen zu erm\u00f6glichen, sei es, um mit uns in Kontakt zu treten, Ihren Einkauf abzuwickeln, sich auf der Website zu registrieren, Ihre Datenschutzrechte auszu\u00fcben oder Kostenvoranschl\u00e4ge anzufordern.\",\"breadcrumb\":{\"@id\":\"https:\/\/www.vegadeyuco.com\/de\/rechtlicher-hinweis\/#breadcrumb\"},\"inLanguage\":\"de\",\"potentialAction\":[{\"@type\":\"ReadAction\",\"target\":[\"https:\/\/www.vegadeyuco.com\/de\/rechtlicher-hinweis\/\"]}]},{\"@type\":\"BreadcrumbList\",\"@id\":\"https:\/\/www.vegadeyuco.com\/de\/rechtlicher-hinweis\/#breadcrumb\",\"itemListElement\":[{\"@type\":\"ListItem\",\"position\":1,\"name\":\"Portada\",\"item\":\"https:\/\/www.vegadeyuco.com\/de\/vega-de-yuco-weinkellerei-auf-lanzarote\/\"},{\"@type\":\"ListItem\",\"position\":2,\"name\":\"Rechtlicher Hinweis\"}]},{\"@type\":\"WebSite\",\"@id\":\"https:\/\/www.vegadeyuco.com\/de\/#website\",\"url\":\"https:\/\/www.vegadeyuco.com\/de\/\",\"name\":\"Vega de Yuco\",\"description\":\"Bodegas y Vi\u00f1edos Vega de Yuco en Lanzarote, una bodega tradicional Canaria que destila autenticidad e innovaci\u00f3n. \",\"publisher\":{\"@id\":\"https:\/\/www.vegadeyuco.com\/de\/#organization\"},\"potentialAction\":[{\"@type\":\"SearchAction\",\"target\":{\"@type\":\"EntryPoint\",\"urlTemplate\":\"https:\/\/www.vegadeyuco.com\/de\/?s={search_term_string}\"},\"query-input\":{\"@type\":\"PropertyValueSpecification\",\"valueRequired\":true,\"valueName\":\"search_term_string\"}}],\"inLanguage\":\"de\"},{\"@type\":\"Organization\",\"@id\":\"https:\/\/www.vegadeyuco.com\/de\/#organization\",\"name\":\"Bodegas Vega de Yuco\",\"url\":\"https:\/\/www.vegadeyuco.com\/de\/\",\"logo\":{\"@type\":\"ImageObject\",\"inLanguage\":\"de\",\"@id\":\"https:\/\/www.vegadeyuco.com\/de\/#\/schema\/logo\/image\/\",\"url\":\"https:\/\/www.vegadeyuco.com\/wp-content\/uploads\/2020\/01\/LOGO_VEGADEYUCO_cabecera_pedidos.png\",\"contentUrl\":\"https:\/\/www.vegadeyuco.com\/wp-content\/uploads\/2020\/01\/LOGO_VEGADEYUCO_cabecera_pedidos.png\",\"width\":250,\"height\":150,\"caption\":\"Bodegas Vega de Yuco\"},\"image\":{\"@id\":\"https:\/\/www.vegadeyuco.com\/de\/#\/schema\/logo\/image\/\"},\"sameAs\":[\"https:\/\/www.facebook.com\/vegadeyuco\",\"https:\/\/www.instagram.com\/vegadeyuco\/\",\"https:\/\/www.youtube.com\/channel\/UCmDMkmxMCvbSXTLTAs3DM7A\"]}]}<\/script>\n<!-- \/ Yoast SEO plugin. -->","yoast_head_json":{"title":"Rechtlicher Hinweis &#8226; Vega de Yuco","description":"Die Website www.vegadeyuco.com bietet Dienstleistungen an, deren Hauptzweck darin besteht, den Kontakt zwischen den Nutzern und dem Unternehmen zu erm\u00f6glichen, sei es, um mit uns in Kontakt zu treten, Ihren Einkauf abzuwickeln, sich auf der Website zu registrieren, Ihre Datenschutzrechte auszu\u00fcben oder Kostenvoranschl\u00e4ge anzufordern.","robots":{"index":"noindex","follow":"nofollow"},"og_locale":"de_DE","og_type":"article","og_title":"Rechtlicher Hinweis &#8226; Vega de Yuco","og_description":"Die Website www.vegadeyuco.com bietet Dienstleistungen an, deren Hauptzweck darin besteht, den Kontakt zwischen den Nutzern und dem Unternehmen zu erm\u00f6glichen, sei es, um mit uns in Kontakt zu treten, Ihren Einkauf abzuwickeln, sich auf der Website zu registrieren, Ihre Datenschutzrechte auszu\u00fcben oder Kostenvoranschl\u00e4ge anzufordern.","og_url":"https:\/\/www.vegadeyuco.com\/de\/rechtlicher-hinweis\/","og_site_name":"Vega de Yuco","article_publisher":"https:\/\/www.facebook.com\/vegadeyuco","article_modified_time":"2025-12-11T12:57:37+00:00","og_image":[{"width":500,"height":300,"url":"https:\/\/www.vegadeyuco.com\/wp-content\/uploads\/2019\/11\/lOGO_VEGADEYUCO_500X300.png","type":"image\/png"}],"twitter_card":"summary_large_image","twitter_misc":{"Gesch\u00e4tzte Lesezeit":"8\u00a0Minuten"},"schema":{"@context":"https:\/\/schema.org","@graph":[{"@type":"WebPage","@id":"https:\/\/www.vegadeyuco.com\/de\/rechtlicher-hinweis\/","url":"https:\/\/www.vegadeyuco.com\/de\/rechtlicher-hinweis\/","name":"Rechtlicher Hinweis &#8226; Vega de Yuco","isPartOf":{"@id":"https:\/\/www.vegadeyuco.com\/de\/#website"},"datePublished":"2019-12-16T18:03:26+00:00","dateModified":"2025-12-11T12:57:37+00:00","description":"Die Website www.vegadeyuco.com bietet Dienstleistungen an, deren Hauptzweck darin besteht, den Kontakt zwischen den Nutzern und dem Unternehmen zu erm\u00f6glichen, sei es, um mit uns in Kontakt zu treten, Ihren Einkauf abzuwickeln, sich auf der Website zu registrieren, Ihre Datenschutzrechte auszu\u00fcben oder Kostenvoranschl\u00e4ge anzufordern.","breadcrumb":{"@id":"https:\/\/www.vegadeyuco.com\/de\/rechtlicher-hinweis\/#breadcrumb"},"inLanguage":"de","potentialAction":[{"@type":"ReadAction","target":["https:\/\/www.vegadeyuco.com\/de\/rechtlicher-hinweis\/"]}]},{"@type":"BreadcrumbList","@id":"https:\/\/www.vegadeyuco.com\/de\/rechtlicher-hinweis\/#breadcrumb","itemListElement":[{"@type":"ListItem","position":1,"name":"Portada","item":"https:\/\/www.vegadeyuco.com\/de\/vega-de-yuco-weinkellerei-auf-lanzarote\/"},{"@type":"ListItem","position":2,"name":"Rechtlicher Hinweis"}]},{"@type":"WebSite","@id":"https:\/\/www.vegadeyuco.com\/de\/#website","url":"https:\/\/www.vegadeyuco.com\/de\/","name":"Vega de Yuco","description":"Bodegas y Vi\u00f1edos Vega de Yuco en Lanzarote, una bodega tradicional Canaria que destila autenticidad e innovaci\u00f3n. ","publisher":{"@id":"https:\/\/www.vegadeyuco.com\/de\/#organization"},"potentialAction":[{"@type":"SearchAction","target":{"@type":"EntryPoint","urlTemplate":"https:\/\/www.vegadeyuco.com\/de\/?s={search_term_string}"},"query-input":{"@type":"PropertyValueSpecification","valueRequired":true,"valueName":"search_term_string"}}],"inLanguage":"de"},{"@type":"Organization","@id":"https:\/\/www.vegadeyuco.com\/de\/#organization","name":"Bodegas Vega de Yuco","url":"https:\/\/www.vegadeyuco.com\/de\/","logo":{"@type":"ImageObject","inLanguage":"de","@id":"https:\/\/www.vegadeyuco.com\/de\/#\/schema\/logo\/image\/","url":"https:\/\/www.vegadeyuco.com\/wp-content\/uploads\/2020\/01\/LOGO_VEGADEYUCO_cabecera_pedidos.png","contentUrl":"https:\/\/www.vegadeyuco.com\/wp-content\/uploads\/2020\/01\/LOGO_VEGADEYUCO_cabecera_pedidos.png","width":250,"height":150,"caption":"Bodegas Vega de Yuco"},"image":{"@id":"https:\/\/www.vegadeyuco.com\/de\/#\/schema\/logo\/image\/"},"sameAs":["https:\/\/www.facebook.com\/vegadeyuco","https:\/\/www.instagram.com\/vegadeyuco\/","https:\/\/www.youtube.com\/channel\/UCmDMkmxMCvbSXTLTAs3DM7A"]}]}},"post_mailing_queue_ids":[],"_links":{"self":[{"href":"https:\/\/www.vegadeyuco.com\/de\/wp-json\/wp\/v2\/pages\/26792","targetHints":{"allow":["GET"]}}],"collection":[{"href":"https:\/\/www.vegadeyuco.com\/de\/wp-json\/wp\/v2\/pages"}],"about":[{"href":"https:\/\/www.vegadeyuco.com\/de\/wp-json\/wp\/v2\/types\/page"}],"author":[{"embeddable":true,"href":"https:\/\/www.vegadeyuco.com\/de\/wp-json\/wp\/v2\/users\/1"}],"replies":[{"embeddable":true,"href":"https:\/\/www.vegadeyuco.com\/de\/wp-json\/wp\/v2\/comments?post=26792"}],"version-history":[{"count":1,"href":"https:\/\/www.vegadeyuco.com\/de\/wp-json\/wp\/v2\/pages\/26792\/revisions"}],"predecessor-version":[{"id":26793,"href":"https:\/\/www.vegadeyuco.com\/de\/wp-json\/wp\/v2\/pages\/26792\/revisions\/26793"}],"wp:attachment":[{"href":"https:\/\/www.vegadeyuco.com\/de\/wp-json\/wp\/v2\/media?parent=26792"}],"curies":[{"name":"wp","href":"https:\/\/api.w.org\/{rel}","templated":true}]}}