{"id":27164,"date":"2020-01-28T12:42:29","date_gmt":"2020-01-28T12:42:29","guid":{"rendered":"https:\/\/www.vegadeyuco.com\/newsletter\/"},"modified":"2025-12-23T15:32:33","modified_gmt":"2025-12-23T15:32:33","slug":"newsletter","status":"publish","type":"page","link":"https:\/\/www.vegadeyuco.com\/de\/newsletter\/","title":{"rendered":"Newsletter"},"content":{"rendered":"\t\t<div data-elementor-type=\"wp-page\" data-elementor-id=\"27164\" class=\"elementor elementor-27164 elementor-6651\" data-elementor-post-type=\"page\">\n\t\t\t\t<div class=\"elementor-element elementor-element-31bc509 e-flex e-con-boxed e-con e-parent\" data-id=\"31bc509\" data-element_type=\"container\">\n\t\t\t\t\t<div class=\"e-con-inner\">\n\t\t\t\t<div class=\"elementor-element elementor-element-a0f0295 elementor-widget elementor-widget-heading\" data-id=\"a0f0295\" data-element_type=\"widget\" data-widget_type=\"heading.default\">\n\t\t\t\t<div class=\"elementor-widget-container\">\n\t\t\t\t\t<h1 class=\"elementor-heading-title elementor-size-default\">Newsletter<\/h1>\t\t\t\t<\/div>\n\t\t\t\t<\/div>\n\t\t\t\t<div class=\"elementor-element elementor-element-a0e6c2c elementor-widget-divider--view-line elementor-widget elementor-widget-divider\" data-id=\"a0e6c2c\" data-element_type=\"widget\" data-widget_type=\"divider.default\">\n\t\t\t\t<div class=\"elementor-widget-container\">\n\t\t\t\t\t\t\t<div class=\"elementor-divider\">\n\t\t\t<span class=\"elementor-divider-separator\">\n\t\t\t\t\t\t<\/span>\n\t\t<\/div>\n\t\t\t\t\t\t<\/div>\n\t\t\t\t<\/div>\n\t\t\t\t<div class=\"elementor-element elementor-element-caed7c2 elementor-widget elementor-widget-text-editor\" data-id=\"caed7c2\" data-element_type=\"widget\" data-widget_type=\"text-editor.default\">\n\t\t\t\t<div class=\"elementor-widget-container\">\n\t\t\t\t\t\t\t\t\t<p>Abonnieren Sie unseren Newsletter, wenn Sie Neuigkeiten, Ank\u00fcndigungen und aktuelle Informationen zu unserem Weingut erhalten m\u00f6chten, beispielsweise zum Verkauf unserer Weine, zu Veranstaltungen rund um unser Weingut und zur Welt des Weins, die wir f\u00fcr unsere Abonnenten ausw\u00e4hlen. Geben Sie im folgenden Formular Ihre E-Mail-Adresse und Ihren Namen ein, um regelm\u00e4\u00dfig informiert zu werden. <\/p>\t\t\t\t\t\t\t\t<\/div>\n\t\t\t\t<\/div>\n\t\t\t\t\t<\/div>\n\t\t\t\t<\/div>\n\t\t\t\t<section class=\"elementor-section elementor-top-section elementor-element elementor-element-7ce4fb2c elementor-section-content-middle elementor-section-boxed elementor-section-height-default elementor-section-height-default\" data-id=\"7ce4fb2c\" data-element_type=\"section\">\n\t\t\t\t\t\t<div class=\"elementor-container elementor-column-gap-default\">\n\t\t\t\t\t<div class=\"elementor-column elementor-col-100 elementor-top-column elementor-element elementor-element-55f6a206\" data-id=\"55f6a206\" data-element_type=\"column\">\n\t\t\t<div class=\"elementor-widget-wrap elementor-element-populated\">\n\t\t\t\t\t\t<div class=\"elementor-element elementor-element-e77073b elementor-widget elementor-widget-html\" data-id=\"e77073b\" data-element_type=\"widget\" data-widget_type=\"html.default\">\n\t\t\t\t<div class=\"elementor-widget-container\">\n\t\t\t\t\t<div class=\"emaillist\" id=\"es_form_f1-n1\"><form action=\"\/de\/wp-json\/wp\/v2\/pages\/27164#es_form_f1-n1\" method=\"post\" class=\"es_subscription_form es_shortcode_form  es_ajax_subscription_form\" id=\"es_subscription_form_69edca45d4e62\" data-source=\"ig-es\" data-form-id=\"1\"><div class=\"es-field-wrap\"><label><br \/><input type=\"text\" name=\"esfpx_name\" class=\"ig_es_form_field_name\" placeholder=\"Email\" value=\"\" required=\"required\" \/><\/label><\/div><div class=\"es-field-wrap ig-es-form-field\"><label class=\"es-field-label\"><input class=\"es_required_field es_txt_email ig_es_form_field_email ig-es-form-input\" type=\"email\" name=\"esfpx_email\" value=\"\" placeholder=\"Nombre\" required=\"required\" \/><\/label><\/div><input type=\"hidden\" name=\"esfpx_lists[]\" value=\"1c0b0fbe233f\" \/><input type=\"hidden\" name=\"esfpx_form_id\" value=\"1\" \/><input type=\"hidden\" name=\"es\" value=\"subscribe\" \/>\n\t\t\t<input type=\"hidden\" name=\"esfpx_es_form_identifier\" value=\"f1-n1\" \/>\n\t\t\t<input type=\"hidden\" name=\"esfpx_es_email_page\" value=\"27164\" \/>\n\t\t\t<input type=\"hidden\" name=\"esfpx_es_email_page_url\" value=\"https:\/\/www.vegadeyuco.com\/de\/newsletter\/\" \/>\n\t\t\t<input type=\"hidden\" name=\"esfpx_status\" value=\"Unconfirmed\" \/>\n\t\t\t<input type=\"hidden\" name=\"esfpx_es-subscribe\" id=\"es-subscribe-69edca45d4e62\" value=\"014a4eace4\" \/>\n\t\t\t<label style=\"position:absolute;top:-99999px;left:-99999px;z-index:-99;\" aria-hidden=\"true\"><span hidden>Please leave this field empty.<\/span><input type=\"email\" name=\"esfpx_es_hp_email\" class=\"es_required_field\" tabindex=\"-1\" autocomplete=\"-1\" value=\"\" \/><\/label><label style=\"display: inline\"><input type=\"checkbox\" name=\"es_gdpr_consent\" value=\"true\" required=\"required\" \/>&nbsp;<span style=\"font-size:12px;line-height:14px\">He le\u00eddo y acepto la <a href=\"\/politica-privacidad\/\">pol\u00edtica de privacidad<\/a>, el <a href=\"\/aviso-legal\">Aviso Legal<\/a> y las <a href=\"\/politica-de-cookies-ue\">Cookies<\/a>.<\/span><\/label><br \/><input type=\"submit\" name=\"submit\" class=\"es_subscription_form_submit es_submit_button es_textbox_button\" id=\"es_subscription_form_submit_69edca45d4e62\" value=\"\u00a1Mantenme al d\u00eda!\" \/><span class=\"es_spinner_image\" id=\"spinner-image\"><img decoding=\"async\" src=\"https:\/\/www.vegadeyuco.com\/wp-content\/plugins\/email-subscribers\/lite\/public\/images\/spinner.gif\" alt=\"Loading\" \/><\/span><\/form><span class=\"es_subscription_message \" id=\"es_subscription_message_69edca45d4e62\" role=\"alert\" aria-live=\"assertive\"><\/span><\/div>\t\t\t\t<\/div>\n\t\t\t\t<\/div>\n\t\t\t\t<div class=\"elementor-element elementor-element-4dd6091 elementor-widget elementor-widget-spacer\" data-id=\"4dd6091\" data-element_type=\"widget\" data-widget_type=\"spacer.default\">\n\t\t\t\t<div class=\"elementor-widget-container\">\n\t\t\t\t\t\t\t<div class=\"elementor-spacer\">\n\t\t\t<div class=\"elementor-spacer-inner\"><\/div>\n\t\t<\/div>\n\t\t\t\t\t\t<\/div>\n\t\t\t\t<\/div>\n\t\t\t\t\t<\/div>\n\t\t<\/div>\n\t\t\t\t\t<\/div>\n\t\t<\/section>\n\t\t\t\t<\/div>\n\t\t","protected":false},"excerpt":{"rendered":"<p>Newsletter Abonnieren Sie unseren Newsletter, wenn Sie Neuigkeiten, Ank\u00fcndigungen und aktuelle Informationen zu unserem Weingut erhalten m\u00f6chten, beispielsweise zum Verkauf unserer Weine, zu Veranstaltungen rund um unser Weingut und zur Welt des Weins, die wir f\u00fcr unsere Abonnenten ausw\u00e4hlen. Geben Sie im folgenden Formular Ihre E-Mail-Adresse und Ihren Namen ein, um regelm\u00e4\u00dfig informiert zu werden.<\/p>\n","protected":false},"author":1,"featured_media":0,"parent":0,"menu_order":0,"comment_status":"closed","ping_status":"closed","template":"","meta":{"footnotes":""},"class_list":["post-27164","page","type-page","status-publish","hentry"],"yoast_head":"<!-- This site is optimized with the Yoast SEO plugin v26.8 - https:\/\/yoast.com\/product\/yoast-seo-wordpress\/ -->\n<title>Newsletter &#8226; Vega de Yuco<\/title>\n<meta name=\"description\" content=\"Wir laden Sie ein, den Newsletter von Vega de Yuco zu abonnieren, um \u00fcber alle Neuigkeiten Ihres Weinguts auf Lanzarote auf dem Laufenden zu bleiben.\" \/>\n<meta name=\"robots\" content=\"noindex, nofollow\" \/>\n<meta property=\"og:locale\" content=\"de_DE\" \/>\n<meta property=\"og:type\" content=\"article\" \/>\n<meta property=\"og:title\" content=\"Newsletter &#8226; Vega de Yuco\" \/>\n<meta property=\"og:description\" content=\"Wir laden Sie ein, den Newsletter von Vega de Yuco zu abonnieren, um \u00fcber alle Neuigkeiten Ihres Weinguts auf Lanzarote auf dem Laufenden zu bleiben.\" \/>\n<meta property=\"og:url\" content=\"https:\/\/www.vegadeyuco.com\/de\/newsletter\/\" \/>\n<meta property=\"og:site_name\" content=\"Vega de Yuco\" \/>\n<meta property=\"article:publisher\" content=\"https:\/\/www.facebook.com\/vegadeyuco\" \/>\n<meta property=\"article:modified_time\" content=\"2025-12-23T15:32:33+00:00\" \/>\n<meta property=\"og:image\" content=\"https:\/\/www.vegadeyuco.com\/wp-content\/uploads\/2019\/11\/lOGO_VEGADEYUCO_500X300.png\" \/>\n\t<meta property=\"og:image:width\" content=\"500\" \/>\n\t<meta property=\"og:image:height\" content=\"300\" \/>\n\t<meta property=\"og:image:type\" content=\"image\/png\" \/>\n<meta name=\"twitter:card\" content=\"summary_large_image\" \/>\n<script type=\"application\/ld+json\" class=\"yoast-schema-graph\">{\"@context\":\"https:\/\/schema.org\",\"@graph\":[{\"@type\":\"WebPage\",\"@id\":\"https:\/\/www.vegadeyuco.com\/de\/newsletter\/\",\"url\":\"https:\/\/www.vegadeyuco.com\/de\/newsletter\/\",\"name\":\"Newsletter &#8226; Vega de Yuco\",\"isPartOf\":{\"@id\":\"https:\/\/www.vegadeyuco.com\/de\/#website\"},\"datePublished\":\"2020-01-28T12:42:29+00:00\",\"dateModified\":\"2025-12-23T15:32:33+00:00\",\"description\":\"Wir laden Sie ein, den Newsletter von Vega de Yuco zu abonnieren, um \u00fcber alle Neuigkeiten Ihres Weinguts auf Lanzarote auf dem Laufenden zu bleiben.\",\"breadcrumb\":{\"@id\":\"https:\/\/www.vegadeyuco.com\/de\/newsletter\/#breadcrumb\"},\"inLanguage\":\"de\",\"potentialAction\":[{\"@type\":\"ReadAction\",\"target\":[\"https:\/\/www.vegadeyuco.com\/de\/newsletter\/\"]}]},{\"@type\":\"BreadcrumbList\",\"@id\":\"https:\/\/www.vegadeyuco.com\/de\/newsletter\/#breadcrumb\",\"itemListElement\":[{\"@type\":\"ListItem\",\"position\":1,\"name\":\"Portada\",\"item\":\"https:\/\/www.vegadeyuco.com\/de\/vega-de-yuco-weinkellerei-auf-lanzarote\/\"},{\"@type\":\"ListItem\",\"position\":2,\"name\":\"Newsletter\"}]},{\"@type\":\"WebSite\",\"@id\":\"https:\/\/www.vegadeyuco.com\/de\/#website\",\"url\":\"https:\/\/www.vegadeyuco.com\/de\/\",\"name\":\"Vega de Yuco\",\"description\":\"Bodegas y Vi\u00f1edos Vega de Yuco en Lanzarote, una bodega tradicional Canaria que destila autenticidad e innovaci\u00f3n. \",\"publisher\":{\"@id\":\"https:\/\/www.vegadeyuco.com\/de\/#organization\"},\"potentialAction\":[{\"@type\":\"SearchAction\",\"target\":{\"@type\":\"EntryPoint\",\"urlTemplate\":\"https:\/\/www.vegadeyuco.com\/de\/?s={search_term_string}\"},\"query-input\":{\"@type\":\"PropertyValueSpecification\",\"valueRequired\":true,\"valueName\":\"search_term_string\"}}],\"inLanguage\":\"de\"},{\"@type\":\"Organization\",\"@id\":\"https:\/\/www.vegadeyuco.com\/de\/#organization\",\"name\":\"Bodegas Vega de Yuco\",\"url\":\"https:\/\/www.vegadeyuco.com\/de\/\",\"logo\":{\"@type\":\"ImageObject\",\"inLanguage\":\"de\",\"@id\":\"https:\/\/www.vegadeyuco.com\/de\/#\/schema\/logo\/image\/\",\"url\":\"https:\/\/www.vegadeyuco.com\/wp-content\/uploads\/2020\/01\/LOGO_VEGADEYUCO_cabecera_pedidos.png\",\"contentUrl\":\"https:\/\/www.vegadeyuco.com\/wp-content\/uploads\/2020\/01\/LOGO_VEGADEYUCO_cabecera_pedidos.png\",\"width\":250,\"height\":150,\"caption\":\"Bodegas Vega de Yuco\"},\"image\":{\"@id\":\"https:\/\/www.vegadeyuco.com\/de\/#\/schema\/logo\/image\/\"},\"sameAs\":[\"https:\/\/www.facebook.com\/vegadeyuco\",\"https:\/\/www.instagram.com\/vegadeyuco\/\",\"https:\/\/www.youtube.com\/channel\/UCmDMkmxMCvbSXTLTAs3DM7A\"]}]}<\/script>\n<!-- \/ Yoast SEO plugin. -->","yoast_head_json":{"title":"Newsletter &#8226; Vega de Yuco","description":"Wir laden Sie ein, den Newsletter von Vega de Yuco zu abonnieren, um \u00fcber alle Neuigkeiten Ihres Weinguts auf Lanzarote auf dem Laufenden zu bleiben.","robots":{"index":"noindex","follow":"nofollow"},"og_locale":"de_DE","og_type":"article","og_title":"Newsletter &#8226; Vega de Yuco","og_description":"Wir laden Sie ein, den Newsletter von Vega de Yuco zu abonnieren, um \u00fcber alle Neuigkeiten Ihres Weinguts auf Lanzarote auf dem Laufenden zu bleiben.","og_url":"https:\/\/www.vegadeyuco.com\/de\/newsletter\/","og_site_name":"Vega de Yuco","article_publisher":"https:\/\/www.facebook.com\/vegadeyuco","article_modified_time":"2025-12-23T15:32:33+00:00","og_image":[{"width":500,"height":300,"url":"https:\/\/www.vegadeyuco.com\/wp-content\/uploads\/2019\/11\/lOGO_VEGADEYUCO_500X300.png","type":"image\/png"}],"twitter_card":"summary_large_image","schema":{"@context":"https:\/\/schema.org","@graph":[{"@type":"WebPage","@id":"https:\/\/www.vegadeyuco.com\/de\/newsletter\/","url":"https:\/\/www.vegadeyuco.com\/de\/newsletter\/","name":"Newsletter &#8226; Vega de Yuco","isPartOf":{"@id":"https:\/\/www.vegadeyuco.com\/de\/#website"},"datePublished":"2020-01-28T12:42:29+00:00","dateModified":"2025-12-23T15:32:33+00:00","description":"Wir laden Sie ein, den Newsletter von Vega de Yuco zu abonnieren, um \u00fcber alle Neuigkeiten Ihres Weinguts auf Lanzarote auf dem Laufenden zu bleiben.","breadcrumb":{"@id":"https:\/\/www.vegadeyuco.com\/de\/newsletter\/#breadcrumb"},"inLanguage":"de","potentialAction":[{"@type":"ReadAction","target":["https:\/\/www.vegadeyuco.com\/de\/newsletter\/"]}]},{"@type":"BreadcrumbList","@id":"https:\/\/www.vegadeyuco.com\/de\/newsletter\/#breadcrumb","itemListElement":[{"@type":"ListItem","position":1,"name":"Portada","item":"https:\/\/www.vegadeyuco.com\/de\/vega-de-yuco-weinkellerei-auf-lanzarote\/"},{"@type":"ListItem","position":2,"name":"Newsletter"}]},{"@type":"WebSite","@id":"https:\/\/www.vegadeyuco.com\/de\/#website","url":"https:\/\/www.vegadeyuco.com\/de\/","name":"Vega de Yuco","description":"Bodegas y Vi\u00f1edos Vega de Yuco en Lanzarote, una bodega tradicional Canaria que destila autenticidad e innovaci\u00f3n. ","publisher":{"@id":"https:\/\/www.vegadeyuco.com\/de\/#organization"},"potentialAction":[{"@type":"SearchAction","target":{"@type":"EntryPoint","urlTemplate":"https:\/\/www.vegadeyuco.com\/de\/?s={search_term_string}"},"query-input":{"@type":"PropertyValueSpecification","valueRequired":true,"valueName":"search_term_string"}}],"inLanguage":"de"},{"@type":"Organization","@id":"https:\/\/www.vegadeyuco.com\/de\/#organization","name":"Bodegas Vega de Yuco","url":"https:\/\/www.vegadeyuco.com\/de\/","logo":{"@type":"ImageObject","inLanguage":"de","@id":"https:\/\/www.vegadeyuco.com\/de\/#\/schema\/logo\/image\/","url":"https:\/\/www.vegadeyuco.com\/wp-content\/uploads\/2020\/01\/LOGO_VEGADEYUCO_cabecera_pedidos.png","contentUrl":"https:\/\/www.vegadeyuco.com\/wp-content\/uploads\/2020\/01\/LOGO_VEGADEYUCO_cabecera_pedidos.png","width":250,"height":150,"caption":"Bodegas Vega de Yuco"},"image":{"@id":"https:\/\/www.vegadeyuco.com\/de\/#\/schema\/logo\/image\/"},"sameAs":["https:\/\/www.facebook.com\/vegadeyuco","https:\/\/www.instagram.com\/vegadeyuco\/","https:\/\/www.youtube.com\/channel\/UCmDMkmxMCvbSXTLTAs3DM7A"]}]}},"post_mailing_queue_ids":[],"_links":{"self":[{"href":"https:\/\/www.vegadeyuco.com\/de\/wp-json\/wp\/v2\/pages\/27164","targetHints":{"allow":["GET"]}}],"collection":[{"href":"https:\/\/www.vegadeyuco.com\/de\/wp-json\/wp\/v2\/pages"}],"about":[{"href":"https:\/\/www.vegadeyuco.com\/de\/wp-json\/wp\/v2\/types\/page"}],"author":[{"embeddable":true,"href":"https:\/\/www.vegadeyuco.com\/de\/wp-json\/wp\/v2\/users\/1"}],"replies":[{"embeddable":true,"href":"https:\/\/www.vegadeyuco.com\/de\/wp-json\/wp\/v2\/comments?post=27164"}],"version-history":[{"count":1,"href":"https:\/\/www.vegadeyuco.com\/de\/wp-json\/wp\/v2\/pages\/27164\/revisions"}],"predecessor-version":[{"id":27165,"href":"https:\/\/www.vegadeyuco.com\/de\/wp-json\/wp\/v2\/pages\/27164\/revisions\/27165"}],"wp:attachment":[{"href":"https:\/\/www.vegadeyuco.com\/de\/wp-json\/wp\/v2\/media?parent=27164"}],"curies":[{"name":"wp","href":"https:\/\/api.w.org\/{rel}","templated":true}]}}