{"id":27220,"date":"2025-01-15T14:52:59","date_gmt":"2025-01-15T14:52:59","guid":{"rendered":"https:\/\/www.vegadeyuco.com\/zufriedenheitsumfrage\/"},"modified":"2026-01-08T13:21:25","modified_gmt":"2026-01-08T13:21:25","slug":"zufriedenheitsumfrage","status":"publish","type":"page","link":"https:\/\/www.vegadeyuco.com\/de\/zufriedenheitsumfrage\/","title":{"rendered":"Zufriedenheitsumfrage"},"content":{"rendered":"\t\t<div data-elementor-type=\"wp-page\" data-elementor-id=\"27220\" class=\"elementor elementor-27220 elementor-22244\" data-elementor-post-type=\"page\">\n\t\t\t\t<div class=\"elementor-element elementor-element-ed9dc29 e-flex e-con-boxed e-con e-parent\" data-id=\"ed9dc29\" data-element_type=\"container\">\n\t\t\t\t\t<div class=\"e-con-inner\">\n\t\t<div class=\"elementor-element elementor-element-b1726bb e-con-full e-flex e-con e-child\" data-id=\"b1726bb\" data-element_type=\"container\">\n\t\t\t\t<div class=\"elementor-element elementor-element-5c03fc0 elementor-widget elementor-widget-text-editor\" data-id=\"5c03fc0\" data-element_type=\"widget\" data-widget_type=\"text-editor.default\">\n\t\t\t\t<div class=\"elementor-widget-container\">\n\t\t\t\t\t\t\t\t\t<p>Umfrage zur Zufriedenheit nach dem Kauf<\/p>\t\t\t\t\t\t\t\t<\/div>\n\t\t\t\t<\/div>\n\t\t\t\t<div class=\"elementor-element elementor-element-83917fb elementor-widget elementor-widget-text-editor\" data-id=\"83917fb\" data-element_type=\"widget\" data-widget_type=\"text-editor.default\">\n\t\t\t\t<div class=\"elementor-widget-container\">\n\t\t\t\t\t\t\t\t\t<p>Ihre Meinung ist f\u00fcr uns sehr wertvoll, damit wir unseren Service verbessern k\u00f6nnen. Wir w\u00e4ren Ihnen daher sehr dankbar, wenn Sie sich ein paar Minuten Zeit nehmen w\u00fcrden, um die folgende Umfrage zu beantworten:<\/p>\t\t\t\t\t\t\t\t<\/div>\n\t\t\t\t<\/div>\n\t\t\t\t<\/div>\n\t\t<div class=\"elementor-element elementor-element-848f24e e-con-full e-flex e-con e-child\" data-id=\"848f24e\" data-element_type=\"container\">\n\t\t\t\t<div class=\"elementor-element elementor-element-b57c21e elementor-mobile-button-align-stretch elementor-button-align-stretch elementor-widget elementor-widget-form\" data-id=\"b57c21e\" data-element_type=\"widget\" data-settings=\"{&quot;step_next_label&quot;:&quot;Weiter&quot;,&quot;step_previous_label&quot;:&quot;Zur\\u00fcck&quot;,&quot;button_width&quot;:&quot;100&quot;,&quot;step_type&quot;:&quot;number_text&quot;,&quot;step_icon_shape&quot;:&quot;circle&quot;}\" data-widget_type=\"form.default\">\n\t\t\t\t<div class=\"elementor-widget-container\">\n\t\t\t\t\t\t\t<form class=\"elementor-form\" method=\"post\" name=\"Neues Formular\" aria-label=\"Neues Formular\">\n\t\t\t<input type=\"hidden\" name=\"post_id\" value=\"27220\"\/>\n\t\t\t<input type=\"hidden\" name=\"form_id\" value=\"b57c21e\"\/>\n\t\t\t<input type=\"hidden\" name=\"referer_title\" value=\"Zufriedenheitsumfrage &#8226; Vega de Yuco\" \/>\n\n\t\t\t\t\t\t\t<input type=\"hidden\" name=\"queried_id\" value=\"27220\"\/>\n\t\t\t\n\t\t\t<div class=\"elementor-form-fields-wrapper elementor-labels-above\">\n\t\t\t\t\t\t\t\t<div class=\"elementor-field-type-text elementor-field-group elementor-column elementor-field-group-Nombre elementor-col-50 elementor-field-required\">\n\t\t\t\t\t\t\t\t\t\t\t\t<label for=\"form-field-Nombre\" class=\"elementor-field-label\">\n\t\t\t\t\t\t\t\tName\t\t\t\t\t\t\t<\/label>\n\t\t\t\t\t\t\t\t\t\t\t\t\t\t<input size=\"1\" type=\"text\" name=\"form_fields[Nombre]\" id=\"form-field-Nombre\" class=\"elementor-field elementor-size-sm  elementor-field-textual\" placeholder=\"Name\" required=\"required\">\n\t\t\t\t\t\t\t\t\t\t\t<\/div>\n\t\t\t\t\t\t\t\t<div class=\"elementor-field-type-email elementor-field-group elementor-column elementor-field-group-email elementor-col-50 elementor-field-required\">\n\t\t\t\t\t\t\t\t\t\t\t\t<label for=\"form-field-email\" class=\"elementor-field-label\">\n\t\t\t\t\t\t\t\tE-Mail\t\t\t\t\t\t\t<\/label>\n\t\t\t\t\t\t\t\t\t\t\t\t\t\t<input size=\"1\" type=\"email\" name=\"form_fields[email]\" id=\"form-field-email\" class=\"elementor-field elementor-size-sm  elementor-field-textual\" placeholder=\"E-Mail\" required=\"required\">\n\t\t\t\t\t\t\t\t\t\t\t<\/div>\n\t\t\t\t\t\t\t\t<div class=\"elementor-field-type-select elementor-field-group elementor-column elementor-field-group-dificultad elementor-col-50 elementor-field-required\">\n\t\t\t\t\t\t\t\t\t\t\t\t<label for=\"form-field-dificultad\" class=\"elementor-field-label\">\n\t\t\t\t\t\t\t\tWar es einfach, in unserem Shop einzukaufen?\t\t\t\t\t\t\t<\/label>\n\t\t\t\t\t\t\t\t<div class=\"elementor-field elementor-select-wrapper remove-before \">\n\t\t\t<div class=\"select-caret-down-wrapper\">\n\t\t\t\t<i aria-hidden=\"true\" class=\"eicon-caret-down\"><\/i>\t\t\t<\/div>\n\t\t\t<select name=\"form_fields[dificultad]\" id=\"form-field-dificultad\" class=\"elementor-field-textual elementor-size-sm\" required=\"required\">\n\t\t\t\t\t\t\t\t\t<option value=\"Leicht&lt;br&gt;Weder leicht noch schwer&lt;br&gt;Schwer\">Leicht&lt;br&gt;Weder leicht noch schwer&lt;br&gt;Schwer<\/option>\n\t\t\t\t\t\t\t<\/select>\n\t\t<\/div>\n\t\t\t\t\t\t<\/div>\n\t\t\t\t\t\t\t\t<div class=\"elementor-field-type-select elementor-field-group elementor-column elementor-field-group-tiempos elementor-col-50 elementor-field-required\">\n\t\t\t\t\t\t\t\t\t\t\t\t<label for=\"form-field-tiempos\" class=\"elementor-field-label\">\n\t\t\t\t\t\t\t\tHaben Sie das Paket rechtzeitig, in ordnungsgem\u00e4\u00dfer Form und unter angemessenen Bedingungen erhalten?\t\t\t\t\t\t\t<\/label>\n\t\t\t\t\t\t\t\t<div class=\"elementor-field elementor-select-wrapper remove-before \">\n\t\t\t<div class=\"select-caret-down-wrapper\">\n\t\t\t\t<i aria-hidden=\"true\" class=\"eicon-caret-down\"><\/i>\t\t\t<\/div>\n\t\t\t<select name=\"form_fields[tiempos]\" id=\"form-field-tiempos\" class=\"elementor-field-textual elementor-size-sm\" required=\"required\">\n\t\t\t\t\t\t\t\t\t<option value=\"Ja&lt;br&gt;Nein&lt;br&gt;Teilweise, die Weine kamen gut an, aber die Verpackung nicht.\">Ja&lt;br&gt;Nein&lt;br&gt;Teilweise, die Weine kamen gut an, aber die Verpackung nicht.<\/option>\n\t\t\t\t\t\t\t<\/select>\n\t\t<\/div>\n\t\t\t\t\t\t<\/div>\n\t\t\t\t\t\t\t\t<div class=\"elementor-field-type-text elementor-field-group elementor-column elementor-field-group-incidencia elementor-col-50\">\n\t\t\t\t\t\t\t\t\t\t\t\t<label for=\"form-field-incidencia\" class=\"elementor-field-label\">\n\t\t\t\t\t\t\t\tWenn Sie einen Zwischenfall hatten, wie w\u00fcrden Sie den Ersatz der Flaschen und den Service unseres Weinkellers bewerten? Ihre Meinung w\u00fcrde uns sehr helfen, unseren Service zu verbessern. \t\t\t\t\t\t\t<\/label>\n\t\t\t\t\t\t\t\t\t\t\t\t\t\t<input size=\"1\" type=\"text\" name=\"form_fields[incidencia]\" id=\"form-field-incidencia\" class=\"elementor-field elementor-size-sm  elementor-field-textual\" placeholder=\"Beschreibung\">\n\t\t\t\t\t\t\t\t\t\t\t<\/div>\n\t\t\t\t\t\t\t\t<div class=\"elementor-field-type-select elementor-field-group elementor-column elementor-field-group-contacto elementor-col-50 elementor-field-required\">\n\t\t\t\t\t\t\t\t\t\t\t\t<label for=\"form-field-contacto\" class=\"elementor-field-label\">\n\t\t\t\t\t\t\t\tWie haben Sie uns gefunden?\t\t\t\t\t\t\t<\/label>\n\t\t\t\t\t\t\t\t<div class=\"elementor-field elementor-select-wrapper remove-before \">\n\t\t\t<div class=\"select-caret-down-wrapper\">\n\t\t\t\t<i aria-hidden=\"true\" class=\"eicon-caret-down\"><\/i>\t\t\t<\/div>\n\t\t\t<select name=\"form_fields[contacto]\" id=\"form-field-contacto\" class=\"elementor-field-textual elementor-size-sm\" required=\"required\">\n\t\t\t\t\t\t\t\t\t<option value=\"Empfehlungen von Freunden oder&lt;br&gt;Verwandten&lt;br&gt;Soziale Netzwerke&lt;br&gt;Suchmaschinen (Google, Yahoo usw.)&lt;br&gt;Artikel oder Blog&lt;br&gt;Urlaub auf Lanzarote&lt;br&gt;Urlaub auf den Kanarischen Inseln\">Empfehlungen von Freunden oder&lt;br&gt;Verwandten&lt;br&gt;Soziale Netzwerke&lt;br&gt;Suchmaschinen (Google, Yahoo usw.)&lt;br&gt;Artikel oder Blog&lt;br&gt;Urlaub auf Lanzarote&lt;br&gt;Urlaub auf den Kanarischen Inseln<\/option>\n\t\t\t\t\t\t\t<\/select>\n\t\t<\/div>\n\t\t\t\t\t\t<\/div>\n\t\t\t\t\t\t\t\t<div class=\"elementor-field-type-text elementor-field-group elementor-column elementor-field-group-otroscontactos elementor-col-50\">\n\t\t\t\t\t\t\t\t\t\t\t\t<label for=\"form-field-otroscontactos\" class=\"elementor-field-label\">\n\t\t\t\t\t\t\t\tWenn Sie uns \u00fcber einen anderen Weg kennengelernt haben, geben Sie bitte an, \u00fcber welchen.\t\t\t\t\t\t\t<\/label>\n\t\t\t\t\t\t\t\t\t\t\t\t\t\t<input size=\"1\" type=\"text\" name=\"form_fields[otroscontactos]\" id=\"form-field-otroscontactos\" class=\"elementor-field elementor-size-sm  elementor-field-textual\" placeholder=\"Beschreibung\">\n\t\t\t\t\t\t\t\t\t\t\t<\/div>\n\t\t\t\t\t\t\t\t<div class=\"elementor-field-type-select elementor-field-group elementor-column elementor-field-group-calidad elementor-col-50 elementor-field-required\">\n\t\t\t\t\t\t\t\t\t\t\t\t<label for=\"form-field-calidad\" class=\"elementor-field-label\">\n\t\t\t\t\t\t\t\tWie w\u00fcrden Sie das Preis-Leistungs-Verh\u00e4ltnis unserer Weine bewerten?\t\t\t\t\t\t\t<\/label>\n\t\t\t\t\t\t\t\t<div class=\"elementor-field elementor-select-wrapper remove-before \">\n\t\t\t<div class=\"select-caret-down-wrapper\">\n\t\t\t\t<i aria-hidden=\"true\" class=\"eicon-caret-down\"><\/i>\t\t\t<\/div>\n\t\t\t<select name=\"form_fields[calidad]\" id=\"form-field-calidad\" class=\"elementor-field-textual elementor-size-sm\" required=\"required\">\n\t\t\t\t\t\t\t\t\t<option value=\"Sehr gut&lt;br&gt;Gut&lt;br&gt;Mittelm\u00e4\u00dfig&lt;br&gt;Mangelhaft\">Sehr gut&lt;br&gt;Gut&lt;br&gt;Mittelm\u00e4\u00dfig&lt;br&gt;Mangelhaft<\/option>\n\t\t\t\t\t\t\t<\/select>\n\t\t<\/div>\n\t\t\t\t\t\t<\/div>\n\t\t\t\t\t\t\t\t<div class=\"elementor-field-type-select elementor-field-group elementor-column elementor-field-group-diseno elementor-col-50 elementor-field-required\">\n\t\t\t\t\t\t\t\t\t\t\t\t<label for=\"form-field-diseno\" class=\"elementor-field-label\">\n\t\t\t\t\t\t\t\tWie gef\u00e4llt Ihnen das Design und das Erscheinungsbild unserer Weine?\t\t\t\t\t\t\t<\/label>\n\t\t\t\t\t\t\t\t<div class=\"elementor-field elementor-select-wrapper remove-before \">\n\t\t\t<div class=\"select-caret-down-wrapper\">\n\t\t\t\t<i aria-hidden=\"true\" class=\"eicon-caret-down\"><\/i>\t\t\t<\/div>\n\t\t\t<select name=\"form_fields[diseno]\" id=\"form-field-diseno\" class=\"elementor-field-textual elementor-size-sm\" required=\"required\">\n\t\t\t\t\t\t\t\t\t<option value=\"Ich liebe es.&lt;br&gt;Ich mag es.&lt;br&gt;Es ist mir egal.&lt;br&gt;Ich mag es \u00fcberhaupt nicht.\">Ich liebe es.&lt;br&gt;Ich mag es.&lt;br&gt;Es ist mir egal.&lt;br&gt;Ich mag es \u00fcberhaupt nicht.<\/option>\n\t\t\t\t\t\t\t<\/select>\n\t\t<\/div>\n\t\t\t\t\t\t<\/div>\n\t\t\t\t\t\t\t\t<div class=\"elementor-field-type-select elementor-field-group elementor-column elementor-field-group-field_5ea9785 elementor-col-50 elementor-field-required\">\n\t\t\t\t\t\t\t\t\t\t\t\t<label for=\"form-field-field_5ea9785\" class=\"elementor-field-label\">\n\t\t\t\t\t\t\t\tSind Sie der Meinung, dass unsere Weine angemessene Umwelt- und Nachhaltigkeitskriterien erf\u00fcllen?\t\t\t\t\t\t\t<\/label>\n\t\t\t\t\t\t\t\t<div class=\"elementor-field elementor-select-wrapper remove-before \">\n\t\t\t<div class=\"select-caret-down-wrapper\">\n\t\t\t\t<i aria-hidden=\"true\" class=\"eicon-caret-down\"><\/i>\t\t\t<\/div>\n\t\t\t<select name=\"form_fields[field_5ea9785]\" id=\"form-field-field_5ea9785\" class=\"elementor-field-textual elementor-size-sm\" required=\"required\">\n\t\t\t\t\t\t\t\t\t<option value=\"Ja, es handelt sich um nachhaltige Produktionen&lt;br&gt;Ja, obwohl sie verbessert werden k\u00f6nnten&lt;br&gt;Sie erf\u00fcllen einige Kriterien nicht&lt;br&gt;\u00dcberhaupt nicht&lt;br&gt;NS\/NC\">Ja, es handelt sich um nachhaltige Produktionen&lt;br&gt;Ja, obwohl sie verbessert werden k\u00f6nnten&lt;br&gt;Sie erf\u00fcllen einige Kriterien nicht&lt;br&gt;\u00dcberhaupt nicht&lt;br&gt;NS\/NC<\/option>\n\t\t\t\t\t\t\t<\/select>\n\t\t<\/div>\n\t\t\t\t\t\t<\/div>\n\t\t\t\t\t\t\t\t<div class=\"elementor-field-type-select elementor-field-group elementor-column elementor-field-group-recomendacion elementor-col-50 elementor-field-required\">\n\t\t\t\t\t\t\t\t\t\t\t\t<label for=\"form-field-recomendacion\" class=\"elementor-field-label\">\n\t\t\t\t\t\t\t\tSind Sie der Meinung, dass wir in unseren Produktionsprozessen alle Anforderungen an die Lebensmittelsicherheit erf\u00fcllen?\t\t\t\t\t\t\t<\/label>\n\t\t\t\t\t\t\t\t<div class=\"elementor-field elementor-select-wrapper remove-before \">\n\t\t\t<div class=\"select-caret-down-wrapper\">\n\t\t\t\t<i aria-hidden=\"true\" class=\"eicon-caret-down\"><\/i>\t\t\t<\/div>\n\t\t\t<select name=\"form_fields[recomendacion]\" id=\"form-field-recomendacion\" class=\"elementor-field-textual elementor-size-sm\" required=\"required\">\n\t\t\t\t\t\t\t\t\t<option value=\"Ja, sie bieten alle Garantien.&lt;br&gt;Ja, obwohl sie verbessert werden k\u00f6nnten.&lt;br&gt;Mittelm\u00e4\u00dfig.&lt;br&gt;\u00dcberhaupt nicht.&lt;br&gt;NS\/NC.\">Ja, sie bieten alle Garantien.&lt;br&gt;Ja, obwohl sie verbessert werden k\u00f6nnten.&lt;br&gt;Mittelm\u00e4\u00dfig.&lt;br&gt;\u00dcberhaupt nicht.&lt;br&gt;NS\/NC.<\/option>\n\t\t\t\t\t\t\t<\/select>\n\t\t<\/div>\n\t\t\t\t\t\t<\/div>\n\t\t\t\t\t\t\t\t<div class=\"elementor-field-type-select elementor-field-group elementor-column elementor-field-group-field_7da710d elementor-col-50 elementor-field-required\">\n\t\t\t\t\t\t\t\t\t\t\t\t<label for=\"form-field-field_7da710d\" class=\"elementor-field-label\">\n\t\t\t\t\t\t\t\tW\u00fcrden Sie unsere Weine weiterempfehlen?\t\t\t\t\t\t\t<\/label>\n\t\t\t\t\t\t\t\t<div class=\"elementor-field elementor-select-wrapper remove-before \">\n\t\t\t<div class=\"select-caret-down-wrapper\">\n\t\t\t\t<i aria-hidden=\"true\" class=\"eicon-caret-down\"><\/i>\t\t\t<\/div>\n\t\t\t<select name=\"form_fields[field_7da710d]\" id=\"form-field-field_7da710d\" class=\"elementor-field-textual elementor-size-sm\" required=\"required\">\n\t\t\t\t\t\t\t\t\t<option value=\"Ja&lt;br&gt;Nein &lt;br&gt;Nur einige\">Ja&lt;br&gt;Nein &lt;br&gt;Nur einige<\/option>\n\t\t\t\t\t\t\t<\/select>\n\t\t<\/div>\n\t\t\t\t\t\t<\/div>\n\t\t\t\t\t\t\t\t<div class=\"elementor-field-type-select elementor-field-group elementor-column elementor-field-group-comercial elementor-col-50 elementor-field-required\">\n\t\t\t\t\t\t\t\t\t\t\t\t<label for=\"form-field-comercial\" class=\"elementor-field-label\">\n\t\t\t\t\t\t\t\tIch habe den Newsletter nicht abonniert, w\u00e4re aber daran interessiert, Werbeangebote oder kommerzielle Mitteilungen von Bodegas Vega de Yuco zu erhalten.\t\t\t\t\t\t\t<\/label>\n\t\t\t\t\t\t\t\t<div class=\"elementor-field elementor-select-wrapper remove-before \">\n\t\t\t<div class=\"select-caret-down-wrapper\">\n\t\t\t\t<i aria-hidden=\"true\" class=\"eicon-caret-down\"><\/i>\t\t\t<\/div>\n\t\t\t<select name=\"form_fields[comercial]\" id=\"form-field-comercial\" class=\"elementor-field-textual elementor-size-sm\" required=\"required\">\n\t\t\t\t\t\t\t\t\t<option value=\"Ja\">Ja<\/option>\n\t\t\t\t\t\t\t\t\t<option value=\"Nein\">Nein<\/option>\n\t\t\t\t\t\t\t<\/select>\n\t\t<\/div>\n\t\t\t\t\t\t<\/div>\n\t\t\t\t\t\t\t\t<div class=\"elementor-field-type-acceptance elementor-field-group elementor-column elementor-field-group-field_ffcdc11 elementor-col-50\">\n\t\t\t\t\t\t\t<div class=\"elementor-field-subgroup\">\n\t\t\t<span class=\"elementor-field-option\">\n\t\t\t\t<input type=\"checkbox\" name=\"form_fields[field_ffcdc11]\" id=\"form-field-field_ffcdc11\" class=\"elementor-field elementor-size-sm  elementor-acceptance-field\">\n\t\t\t\t<label for=\"form-field-field_ffcdc11\">Ich habe die <a href=\"https:\/\/www.vegadeyuco.com\/politica-privacidad\/\">Datenschutzerkl\u00e4rung<\/a>, die <a href=\"https:\/\/www.vegadeyuco.com\/de\/rechtlicher-hinweis\/\">rechtlichen Hinweise<\/a> und die <a href=\"https:\/\/www.vegadeyuco.com\/politica-de-cookies-ue\/\">Informationen zu Cookies<\/a> gelesen und akzeptiere sie.<\/label>\t\t\t<\/span>\n\t\t<\/div>\n\t\t\t\t\t\t<\/div>\n\t\t\t\t\t\t\t\t<div class=\"elementor-field-type-recaptcha_v3 elementor-field-group elementor-column elementor-field-group-field_d1980a1 elementor-col-100 recaptcha_v3-bottomright\">\n\t\t\t\t\t<div class=\"elementor-field\" id=\"form-field-field_d1980a1\"><div class=\"elementor-g-recaptcha\" data-sitekey=\"6LeKaIApAAAAABCQj6TEKebkISjBpMBNrXquqkjq\" data-type=\"v3\" data-action=\"Form\" data-badge=\"bottomright\" data-size=\"invisible\"><\/div><\/div>\t\t\t\t<\/div>\n\t\t\t\t\t\t\t\t<div class=\"elementor-field-group elementor-column elementor-field-type-submit elementor-col-100 e-form__buttons\">\n\t\t\t\t\t<button class=\"elementor-button elementor-size-sm\" type=\"submit\">\n\t\t\t\t\t\t<span class=\"elementor-button-content-wrapper\">\n\t\t\t\t\t\t\t\t\t\t\t\t\t\t\t\t\t\t\t\t\t\t<span class=\"elementor-button-text\">Senden<\/span>\n\t\t\t\t\t\t\t\t\t\t\t\t\t<\/span>\n\t\t\t\t\t<\/button>\n\t\t\t\t<\/div>\n\t\t\t<\/div>\n\t\t<\/form>\n\t\t\t\t\t\t<\/div>\n\t\t\t\t<\/div>\n\t\t\t\t<\/div>\n\t\t\t\t\t<\/div>\n\t\t\t\t<\/div>\n\t\t\t\t<\/div>\n\t\t","protected":false},"excerpt":{"rendered":"<p>Umfrage zur Zufriedenheit nach dem Kauf Ihre Meinung ist f\u00fcr uns sehr wertvoll, damit wir unseren Service verbessern k\u00f6nnen. Wir w\u00e4ren Ihnen daher sehr dankbar, wenn Sie sich ein paar Minuten Zeit nehmen w\u00fcrden, um die folgende Umfrage zu beantworten:<\/p>\n","protected":false},"author":479,"featured_media":0,"parent":0,"menu_order":0,"comment_status":"closed","ping_status":"closed","template":"","meta":{"footnotes":""},"class_list":["post-27220","page","type-page","status-publish","hentry"],"yoast_head":"<!-- This site is optimized with the Yoast SEO plugin v26.8 - https:\/\/yoast.com\/product\/yoast-seo-wordpress\/ -->\n<title>Zufriedenheitsumfrage &#8226; Vega de Yuco<\/title>\n<meta name=\"description\" content=\"Vega de Yuco es una bodega tradicional Canaria que destila autenticidad e innovaci\u00f3n. La bodega nos descubre unos vinos genuinos, muy expresivos y con personalidad \u00fanica.\" \/>\n<meta name=\"robots\" content=\"index, follow, max-snippet:-1, max-image-preview:large, max-video-preview:-1\" \/>\n<link rel=\"canonical\" href=\"https:\/\/www.vegadeyuco.com\/de\/zufriedenheitsumfrage\/\" \/>\n<meta property=\"og:locale\" content=\"de_DE\" \/>\n<meta property=\"og:type\" content=\"article\" \/>\n<meta property=\"og:title\" content=\"Zufriedenheitsumfrage &#8226; Vega de Yuco\" \/>\n<meta property=\"og:description\" content=\"Vega de Yuco es una bodega tradicional Canaria que destila autenticidad e innovaci\u00f3n. La bodega nos descubre unos vinos genuinos, muy expresivos y con personalidad \u00fanica.\" \/>\n<meta property=\"og:url\" content=\"https:\/\/www.vegadeyuco.com\/de\/zufriedenheitsumfrage\/\" \/>\n<meta property=\"og:site_name\" content=\"Vega de Yuco\" \/>\n<meta property=\"article:publisher\" content=\"https:\/\/www.facebook.com\/vegadeyuco\" \/>\n<meta property=\"article:modified_time\" content=\"2026-01-08T13:21:25+00:00\" \/>\n<meta property=\"og:image\" content=\"https:\/\/www.vegadeyuco.com\/wp-content\/uploads\/2019\/11\/lOGO_VEGADEYUCO_500X300.png\" \/>\n\t<meta property=\"og:image:width\" content=\"500\" \/>\n\t<meta property=\"og:image:height\" content=\"300\" \/>\n\t<meta property=\"og:image:type\" content=\"image\/png\" \/>\n<meta name=\"twitter:card\" content=\"summary_large_image\" \/>\n<script type=\"application\/ld+json\" class=\"yoast-schema-graph\">{\"@context\":\"https:\/\/schema.org\",\"@graph\":[{\"@type\":\"WebPage\",\"@id\":\"https:\/\/www.vegadeyuco.com\/de\/zufriedenheitsumfrage\/\",\"url\":\"https:\/\/www.vegadeyuco.com\/de\/zufriedenheitsumfrage\/\",\"name\":\"Zufriedenheitsumfrage &#8226; Vega de Yuco\",\"isPartOf\":{\"@id\":\"https:\/\/www.vegadeyuco.com\/de\/#website\"},\"datePublished\":\"2025-01-15T14:52:59+00:00\",\"dateModified\":\"2026-01-08T13:21:25+00:00\",\"description\":\"Vega de Yuco es una bodega tradicional Canaria que destila autenticidad e innovaci\u00f3n. La bodega nos descubre unos vinos genuinos, muy expresivos y con personalidad \u00fanica.\",\"breadcrumb\":{\"@id\":\"https:\/\/www.vegadeyuco.com\/de\/zufriedenheitsumfrage\/#breadcrumb\"},\"inLanguage\":\"de\",\"potentialAction\":[{\"@type\":\"ReadAction\",\"target\":[\"https:\/\/www.vegadeyuco.com\/de\/zufriedenheitsumfrage\/\"]}]},{\"@type\":\"BreadcrumbList\",\"@id\":\"https:\/\/www.vegadeyuco.com\/de\/zufriedenheitsumfrage\/#breadcrumb\",\"itemListElement\":[{\"@type\":\"ListItem\",\"position\":1,\"name\":\"Portada\",\"item\":\"https:\/\/www.vegadeyuco.com\/de\/vega-de-yuco-weinkellerei-auf-lanzarote\/\"},{\"@type\":\"ListItem\",\"position\":2,\"name\":\"Zufriedenheitsumfrage\"}]},{\"@type\":\"WebSite\",\"@id\":\"https:\/\/www.vegadeyuco.com\/de\/#website\",\"url\":\"https:\/\/www.vegadeyuco.com\/de\/\",\"name\":\"Vega de Yuco\",\"description\":\"Bodegas y Vi\u00f1edos Vega de Yuco en Lanzarote, una bodega tradicional Canaria que destila autenticidad e innovaci\u00f3n. \",\"publisher\":{\"@id\":\"https:\/\/www.vegadeyuco.com\/de\/#organization\"},\"potentialAction\":[{\"@type\":\"SearchAction\",\"target\":{\"@type\":\"EntryPoint\",\"urlTemplate\":\"https:\/\/www.vegadeyuco.com\/de\/?s={search_term_string}\"},\"query-input\":{\"@type\":\"PropertyValueSpecification\",\"valueRequired\":true,\"valueName\":\"search_term_string\"}}],\"inLanguage\":\"de\"},{\"@type\":\"Organization\",\"@id\":\"https:\/\/www.vegadeyuco.com\/de\/#organization\",\"name\":\"Bodegas Vega de Yuco\",\"url\":\"https:\/\/www.vegadeyuco.com\/de\/\",\"logo\":{\"@type\":\"ImageObject\",\"inLanguage\":\"de\",\"@id\":\"https:\/\/www.vegadeyuco.com\/de\/#\/schema\/logo\/image\/\",\"url\":\"https:\/\/www.vegadeyuco.com\/wp-content\/uploads\/2020\/01\/LOGO_VEGADEYUCO_cabecera_pedidos.png\",\"contentUrl\":\"https:\/\/www.vegadeyuco.com\/wp-content\/uploads\/2020\/01\/LOGO_VEGADEYUCO_cabecera_pedidos.png\",\"width\":250,\"height\":150,\"caption\":\"Bodegas Vega de Yuco\"},\"image\":{\"@id\":\"https:\/\/www.vegadeyuco.com\/de\/#\/schema\/logo\/image\/\"},\"sameAs\":[\"https:\/\/www.facebook.com\/vegadeyuco\",\"https:\/\/www.instagram.com\/vegadeyuco\/\",\"https:\/\/www.youtube.com\/channel\/UCmDMkmxMCvbSXTLTAs3DM7A\"]}]}<\/script>\n<!-- \/ Yoast SEO plugin. -->","yoast_head_json":{"title":"Zufriedenheitsumfrage &#8226; Vega de Yuco","description":"Vega de Yuco es una bodega tradicional Canaria que destila autenticidad e innovaci\u00f3n. La bodega nos descubre unos vinos genuinos, muy expresivos y con personalidad \u00fanica.","robots":{"index":"index","follow":"follow","max-snippet":"max-snippet:-1","max-image-preview":"max-image-preview:large","max-video-preview":"max-video-preview:-1"},"canonical":"https:\/\/www.vegadeyuco.com\/de\/zufriedenheitsumfrage\/","og_locale":"de_DE","og_type":"article","og_title":"Zufriedenheitsumfrage &#8226; Vega de Yuco","og_description":"Vega de Yuco es una bodega tradicional Canaria que destila autenticidad e innovaci\u00f3n. La bodega nos descubre unos vinos genuinos, muy expresivos y con personalidad \u00fanica.","og_url":"https:\/\/www.vegadeyuco.com\/de\/zufriedenheitsumfrage\/","og_site_name":"Vega de Yuco","article_publisher":"https:\/\/www.facebook.com\/vegadeyuco","article_modified_time":"2026-01-08T13:21:25+00:00","og_image":[{"width":500,"height":300,"url":"https:\/\/www.vegadeyuco.com\/wp-content\/uploads\/2019\/11\/lOGO_VEGADEYUCO_500X300.png","type":"image\/png"}],"twitter_card":"summary_large_image","schema":{"@context":"https:\/\/schema.org","@graph":[{"@type":"WebPage","@id":"https:\/\/www.vegadeyuco.com\/de\/zufriedenheitsumfrage\/","url":"https:\/\/www.vegadeyuco.com\/de\/zufriedenheitsumfrage\/","name":"Zufriedenheitsumfrage &#8226; Vega de Yuco","isPartOf":{"@id":"https:\/\/www.vegadeyuco.com\/de\/#website"},"datePublished":"2025-01-15T14:52:59+00:00","dateModified":"2026-01-08T13:21:25+00:00","description":"Vega de Yuco es una bodega tradicional Canaria que destila autenticidad e innovaci\u00f3n. La bodega nos descubre unos vinos genuinos, muy expresivos y con personalidad \u00fanica.","breadcrumb":{"@id":"https:\/\/www.vegadeyuco.com\/de\/zufriedenheitsumfrage\/#breadcrumb"},"inLanguage":"de","potentialAction":[{"@type":"ReadAction","target":["https:\/\/www.vegadeyuco.com\/de\/zufriedenheitsumfrage\/"]}]},{"@type":"BreadcrumbList","@id":"https:\/\/www.vegadeyuco.com\/de\/zufriedenheitsumfrage\/#breadcrumb","itemListElement":[{"@type":"ListItem","position":1,"name":"Portada","item":"https:\/\/www.vegadeyuco.com\/de\/vega-de-yuco-weinkellerei-auf-lanzarote\/"},{"@type":"ListItem","position":2,"name":"Zufriedenheitsumfrage"}]},{"@type":"WebSite","@id":"https:\/\/www.vegadeyuco.com\/de\/#website","url":"https:\/\/www.vegadeyuco.com\/de\/","name":"Vega de Yuco","description":"Bodegas y Vi\u00f1edos Vega de Yuco en Lanzarote, una bodega tradicional Canaria que destila autenticidad e innovaci\u00f3n. ","publisher":{"@id":"https:\/\/www.vegadeyuco.com\/de\/#organization"},"potentialAction":[{"@type":"SearchAction","target":{"@type":"EntryPoint","urlTemplate":"https:\/\/www.vegadeyuco.com\/de\/?s={search_term_string}"},"query-input":{"@type":"PropertyValueSpecification","valueRequired":true,"valueName":"search_term_string"}}],"inLanguage":"de"},{"@type":"Organization","@id":"https:\/\/www.vegadeyuco.com\/de\/#organization","name":"Bodegas Vega de Yuco","url":"https:\/\/www.vegadeyuco.com\/de\/","logo":{"@type":"ImageObject","inLanguage":"de","@id":"https:\/\/www.vegadeyuco.com\/de\/#\/schema\/logo\/image\/","url":"https:\/\/www.vegadeyuco.com\/wp-content\/uploads\/2020\/01\/LOGO_VEGADEYUCO_cabecera_pedidos.png","contentUrl":"https:\/\/www.vegadeyuco.com\/wp-content\/uploads\/2020\/01\/LOGO_VEGADEYUCO_cabecera_pedidos.png","width":250,"height":150,"caption":"Bodegas Vega de Yuco"},"image":{"@id":"https:\/\/www.vegadeyuco.com\/de\/#\/schema\/logo\/image\/"},"sameAs":["https:\/\/www.facebook.com\/vegadeyuco","https:\/\/www.instagram.com\/vegadeyuco\/","https:\/\/www.youtube.com\/channel\/UCmDMkmxMCvbSXTLTAs3DM7A"]}]}},"post_mailing_queue_ids":[],"_links":{"self":[{"href":"https:\/\/www.vegadeyuco.com\/de\/wp-json\/wp\/v2\/pages\/27220","targetHints":{"allow":["GET"]}}],"collection":[{"href":"https:\/\/www.vegadeyuco.com\/de\/wp-json\/wp\/v2\/pages"}],"about":[{"href":"https:\/\/www.vegadeyuco.com\/de\/wp-json\/wp\/v2\/types\/page"}],"author":[{"embeddable":true,"href":"https:\/\/www.vegadeyuco.com\/de\/wp-json\/wp\/v2\/users\/479"}],"replies":[{"embeddable":true,"href":"https:\/\/www.vegadeyuco.com\/de\/wp-json\/wp\/v2\/comments?post=27220"}],"version-history":[{"count":1,"href":"https:\/\/www.vegadeyuco.com\/de\/wp-json\/wp\/v2\/pages\/27220\/revisions"}],"predecessor-version":[{"id":27221,"href":"https:\/\/www.vegadeyuco.com\/de\/wp-json\/wp\/v2\/pages\/27220\/revisions\/27221"}],"wp:attachment":[{"href":"https:\/\/www.vegadeyuco.com\/de\/wp-json\/wp\/v2\/media?parent=27220"}],"curies":[{"name":"wp","href":"https:\/\/api.w.org\/{rel}","templated":true}]}}