{"id":27256,"date":"2023-11-30T14:07:59","date_gmt":"2023-11-30T14:07:59","guid":{"rendered":"https:\/\/www.vegadeyuco.com\/naehrwertangaben-weisswein-trocken\/"},"modified":"2026-01-08T13:51:54","modified_gmt":"2026-01-08T13:51:54","slug":"naehrwertangaben-weisswein-trocken","status":"publish","type":"page","link":"https:\/\/www.vegadeyuco.com\/de\/naehrwertangaben-weisswein-trocken\/","title":{"rendered":"N\u00e4hrwertangaben \u2013 Wei\u00dfwein trocken"},"content":{"rendered":"\t\t<div data-elementor-type=\"wp-page\" data-elementor-id=\"27256\" class=\"elementor elementor-27256 elementor-20340\" data-elementor-post-type=\"page\">\n\t\t\t\t<div class=\"elementor-element elementor-element-25ff4d8 e-flex e-con-boxed e-con e-parent\" data-id=\"25ff4d8\" data-element_type=\"container\">\n\t\t\t\t\t<div class=\"e-con-inner\">\n\t\t\t\t<div class=\"elementor-element elementor-element-6e8e752 elementor-widget elementor-widget-heading\" data-id=\"6e8e752\" data-element_type=\"widget\" data-widget_type=\"heading.default\">\n\t\t\t\t<div class=\"elementor-widget-container\">\n\t\t\t\t\t<h1 class=\"elementor-heading-title elementor-size-default\">N\u00e4hrwertangaben<\/h1>\t\t\t\t<\/div>\n\t\t\t\t<\/div>\n\t\t\t\t<div class=\"elementor-element elementor-element-7cc8524 elementor-widget-divider--view-line elementor-widget elementor-widget-divider\" data-id=\"7cc8524\" data-element_type=\"widget\" data-widget_type=\"divider.default\">\n\t\t\t\t<div class=\"elementor-widget-container\">\n\t\t\t\t\t\t\t<div class=\"elementor-divider\">\n\t\t\t<span class=\"elementor-divider-separator\">\n\t\t\t\t\t\t<\/span>\n\t\t<\/div>\n\t\t\t\t\t\t<\/div>\n\t\t\t\t<\/div>\n\t\t\t\t\t<\/div>\n\t\t\t\t<\/div>\n\t\t\t\t<section class=\"elementor-section elementor-top-section elementor-element elementor-element-de2f5d4 elementor-section-boxed elementor-section-height-default elementor-section-height-default\" data-id=\"de2f5d4\" data-element_type=\"section\">\n\t\t\t\t\t\t<div class=\"elementor-container elementor-column-gap-default\">\n\t\t\t\t\t<div class=\"elementor-column elementor-col-100 elementor-top-column elementor-element elementor-element-18324d2\" data-id=\"18324d2\" data-element_type=\"column\">\n\t\t\t<div class=\"elementor-widget-wrap elementor-element-populated\">\n\t\t\t\t\t\t<div class=\"elementor-element elementor-element-0d158fa elementor-widget elementor-widget-image\" data-id=\"0d158fa\" data-element_type=\"widget\" data-widget_type=\"image.default\">\n\t\t\t\t<div class=\"elementor-widget-container\">\n\t\t\t\t\t\t\t\t\t\t\t\t\t\t\t<img fetchpriority=\"high\" decoding=\"async\" width=\"4608\" height=\"2304\" src=\"https:\/\/www.vegadeyuco.com\/wp-content\/uploads\/2023\/11\/Blanco-Seco.png\" class=\"attachment-full size-full wp-image-27255\" alt=\"\" srcset=\"https:\/\/www.vegadeyuco.com\/wp-content\/uploads\/2023\/11\/Blanco-Seco.png 4608w, https:\/\/www.vegadeyuco.com\/wp-content\/uploads\/2023\/11\/Blanco-Seco-300x150.png 300w, https:\/\/www.vegadeyuco.com\/wp-content\/uploads\/2023\/11\/Blanco-Seco-1024x512.png 1024w, https:\/\/www.vegadeyuco.com\/wp-content\/uploads\/2023\/11\/Blanco-Seco-768x384.png 768w, https:\/\/www.vegadeyuco.com\/wp-content\/uploads\/2023\/11\/Blanco-Seco-1536x768.png 1536w, https:\/\/www.vegadeyuco.com\/wp-content\/uploads\/2023\/11\/Blanco-Seco-2048x1024.png 2048w, https:\/\/www.vegadeyuco.com\/wp-content\/uploads\/2023\/11\/Blanco-Seco-1000x500.png 1000w\" sizes=\"(max-width: 4608px) 100vw, 4608px\" \/>\t\t\t\t\t\t\t\t\t\t\t\t\t\t\t<\/div>\n\t\t\t\t<\/div>\n\t\t\t\t\t<\/div>\n\t\t<\/div>\n\t\t\t\t\t<\/div>\n\t\t<\/section>\n\t\t\t\t<section class=\"elementor-section elementor-top-section elementor-element elementor-element-dc7e69d elementor-section-boxed elementor-section-height-default elementor-section-height-default\" data-id=\"dc7e69d\" data-element_type=\"section\">\n\t\t\t\t\t\t<div class=\"elementor-container elementor-column-gap-default\">\n\t\t\t\t\t<div class=\"elementor-column elementor-col-100 elementor-top-column elementor-element elementor-element-60b11b5\" data-id=\"60b11b5\" data-element_type=\"column\">\n\t\t\t<div class=\"elementor-widget-wrap elementor-element-populated\">\n\t\t\t\t\t\t<div class=\"elementor-element elementor-element-c9ff31d elementor-widget elementor-widget-text-editor\" data-id=\"c9ff31d\" data-element_type=\"widget\" data-widget_type=\"text-editor.default\">\n\t\t\t\t<div class=\"elementor-widget-container\">\n\t\t\t\t\t\t\t\t\t<table style=\"font-family: 'Lato', sans-serif; font-size: 16px;\">\n<tbody>\n<tr>\n<td>\n<h4 style=\"text-align: right;\"><strong>Pro 100 g<\/strong><\/h4>\n<p style=\"text-align: right;\">Pro 100 g<\/p>\n<\/td>\n<td>\n<h4><strong>Wei\u00dfwein trocken<\/strong><\/h4>\nWei\u00dfwein trocken\n<div><\/div><\/td>\n<\/tr>\n<tr>\n<td>\n<h5 style=\"text-align: right;\"><strong><em>Wert E (Kj\/Kcal)<\/em><\/strong><\/h5>\n<p style=\"text-align: right;\">Energiewert<\/p>\n<\/td>\n<td>\n<h5><strong>298 \/ 72<\/strong><\/h5>\n<\/td>\n<\/tr>\n<tr>\n<td>\n<p style=\"text-align: right;\"><strong><em>Fette: (g)<\/em><\/strong><\/p>\n<p style=\"text-align: right;\">Fette<\/p>\n<\/td>\n<td>0<\/td>\n<\/tr>\n<tr>\n<td>\n<p style=\"text-align: right;\"><strong><em>von denen<\/em><\/strong><\/p>\n<p style=\"text-align: right;\">von denen<\/p>\n<\/td>\n<td><\/td>\n<\/tr>\n<tr>\n<td>\n<p style=\"text-align: right;\"><strong><em>ges\u00e4ttigt: (g)<\/em><\/strong><\/p>\n<p style=\"text-align: right;\">Ges\u00e4ttigte Fette<\/p>\n<\/td>\n<td>0<\/td>\n<\/tr>\n<tr>\n<td>\n<p style=\"text-align: right;\"><em>einfach unges\u00e4ttigte Fetts\u00e4uren: (g)<\/em><\/p>\n<\/td>\n<td>0<\/td>\n<\/tr>\n<tr>\n<td>\n<p style=\"text-align: right;\"><strong><em>mehrfach unges\u00e4ttigte Fetts\u00e4uren: (g)<\/em><\/strong><\/p>\n<p style=\"text-align: right;\">Mehrfach unges\u00e4ttigte Fette<\/p>\n<\/td>\n<td>0<\/td>\n<\/tr>\n<tr>\n<td>\n<p style=\"text-align: right;\"><strong><em>Hidratos de carbono: (g)<\/em><\/strong><\/p>\n<p style=\"text-align: right;\">Carbohydrates<\/p>\n<\/td>\n<td>0,05<\/td>\n<\/tr>\n<tr>\n<td>\n<p style=\"text-align: right;\"><strong><em>von denen<\/em><\/strong><\/p>\n<p style=\"text-align: right;\">von denen<\/p>\n<\/td>\n<td><\/td>\n<\/tr>\n<tr>\n<td>\n<p style=\"text-align: right;\"><strong><em>Zucker: (g)<\/em><\/strong><\/p>\n<p style=\"text-align: right;\">zucker<\/p>\n<\/td>\n<td>0,05<\/td>\n<\/tr>\n<tr>\n<td>\n<p style=\"text-align: right;\"><strong><em>Polyalkohole: (g)<\/em><\/strong><\/p>\n<p style=\"text-align: right;\">polyalkohole<\/p>\n<\/td>\n<td>\u22640,05<\/td>\n<\/tr>\n<tr>\n<td>\n<p style=\"text-align: right;\"><strong><em>St\u00e4rke: (g)<\/em><\/strong><\/p>\n<p style=\"text-align: right;\">St\u00e4rke<\/p>\n<\/td>\n<td>\u22640,05<\/td>\n<\/tr>\n<tr>\n<td>\n<p style=\"text-align: right;\"><strong><em>Ballaststoffe: (g)<\/em><\/strong><\/p>\n<p style=\"text-align: right;\">Ballaststoffe<\/p>\n<\/td>\n<td>0<\/td>\n<\/tr>\n<tr>\n<td>\n<p style=\"text-align: right;\"><strong><em>Proteine: (g)<\/em><\/strong><\/p>\n<p style=\"text-align: right;\">proteine<\/p>\n<\/td>\n<td>0,1<\/td>\n<\/tr>\n<tr>\n<td>\n<p style=\"text-align: right;\"><strong><em>wird: (g)<\/em><\/strong><\/p>\n<p style=\"text-align: right;\">Wird<\/p>\n<\/td>\n<td>0,005<\/td>\n<\/tr>\n<tr>\n<td>\n<p style=\"text-align: right;\"><strong><em>Vitamine und Mineralstoffe: (g)<\/em><\/strong><\/p>\n<p style=\"text-align: right;\">Vitamine und Mineralstoffe<\/p>\n<\/td>\n<td>0,1<\/td>\n<\/tr>\n<\/tbody>\n<\/table>\n\t\t\t\t\t\t\t\t<\/div>\n\t\t\t\t<\/div>\n\t\t\t\t\t<\/div>\n\t\t<\/div>\n\t\t\t\t\t<\/div>\n\t\t<\/section>\n\t\t\t\t<section class=\"elementor-section elementor-top-section elementor-element elementor-element-bb82767 elementor-section-boxed elementor-section-height-default elementor-section-height-default\" data-id=\"bb82767\" data-element_type=\"section\">\n\t\t\t\t\t\t<div class=\"elementor-container elementor-column-gap-default\">\n\t\t\t\t\t<div class=\"elementor-column elementor-col-100 elementor-top-column elementor-element elementor-element-e9758ca\" data-id=\"e9758ca\" data-element_type=\"column\">\n\t\t\t<div class=\"elementor-widget-wrap elementor-element-populated\">\n\t\t\t\t\t\t<div class=\"elementor-element elementor-element-4e0902b elementor-widget elementor-widget-text-editor\" data-id=\"4e0902b\" data-element_type=\"widget\" data-widget_type=\"text-editor.default\">\n\t\t\t\t<div class=\"elementor-widget-container\">\n\t\t\t\t\t\t\t\t\tEnth\u00e4lt Sulfite \/ Contains sulfites\t\t\t\t\t\t\t\t<\/div>\n\t\t\t\t<\/div>\n\t\t\t\t\t<\/div>\n\t\t<\/div>\n\t\t\t\t\t<\/div>\n\t\t<\/section>\n\t\t\t\t<\/div>\n\t\t","protected":false},"excerpt":{"rendered":"<p>N\u00e4hrwertangaben Pro 100 g Pro 100 g Wei\u00dfwein trocken Wei\u00dfwein trocken Wert E (Kj\/Kcal) Energiewert 298 \/ 72 Fette: (g) Fette 0 von denen von denen ges\u00e4ttigt: (g) Ges\u00e4ttigte Fette 0 einfach unges\u00e4ttigte Fetts\u00e4uren: (g) 0 mehrfach unges\u00e4ttigte Fetts\u00e4uren: (g) Mehrfach unges\u00e4ttigte Fette 0 Hidratos de carbono: (g) Carbohydrates 0,05 von denen von denen Zucker: [&hellip;]<\/p>\n","protected":false},"author":222,"featured_media":0,"parent":0,"menu_order":0,"comment_status":"closed","ping_status":"closed","template":"","meta":{"footnotes":""},"class_list":["post-27256","page","type-page","status-publish","hentry"],"yoast_head":"<!-- This site is optimized with the Yoast SEO plugin v26.8 - https:\/\/yoast.com\/product\/yoast-seo-wordpress\/ -->\n<title>N\u00e4hrwertangaben \u2013 Wei\u00dfwein trocken &#8226; Vega de Yuco<\/title>\n<meta name=\"description\" content=\"Hier finden Sie alle N\u00e4hrwertangaben zu unseren Weinen.\" \/>\n<meta name=\"robots\" content=\"index, follow, max-snippet:-1, max-image-preview:large, max-video-preview:-1\" \/>\n<link rel=\"canonical\" href=\"https:\/\/www.vegadeyuco.com\/de\/naehrwertangaben-weisswein-trocken\/\" \/>\n<meta property=\"og:locale\" content=\"de_DE\" \/>\n<meta property=\"og:type\" content=\"article\" \/>\n<meta property=\"og:title\" content=\"N\u00e4hrwertangaben \u2013 Wei\u00dfwein trocken &#8226; Vega de Yuco\" \/>\n<meta property=\"og:description\" content=\"Hier finden Sie alle N\u00e4hrwertangaben zu unseren Weinen.\" \/>\n<meta property=\"og:url\" content=\"https:\/\/www.vegadeyuco.com\/de\/naehrwertangaben-weisswein-trocken\/\" \/>\n<meta property=\"og:site_name\" content=\"Vega de Yuco\" \/>\n<meta property=\"article:publisher\" content=\"https:\/\/www.facebook.com\/vegadeyuco\" \/>\n<meta property=\"article:modified_time\" content=\"2026-01-08T13:51:54+00:00\" \/>\n<meta property=\"og:image\" content=\"https:\/\/www.vegadeyuco.com\/wp-content\/uploads\/2023\/11\/Blanco-Seco-1024x512.png\" \/>\n\t<meta property=\"og:image:width\" content=\"1024\" \/>\n\t<meta property=\"og:image:height\" content=\"512\" \/>\n\t<meta property=\"og:image:type\" content=\"image\/png\" \/>\n<meta name=\"twitter:card\" content=\"summary_large_image\" \/>\n<script type=\"application\/ld+json\" class=\"yoast-schema-graph\">{\"@context\":\"https:\/\/schema.org\",\"@graph\":[{\"@type\":\"WebPage\",\"@id\":\"https:\/\/www.vegadeyuco.com\/de\/naehrwertangaben-weisswein-trocken\/\",\"url\":\"https:\/\/www.vegadeyuco.com\/de\/naehrwertangaben-weisswein-trocken\/\",\"name\":\"N\u00e4hrwertangaben \u2013 Wei\u00dfwein trocken &#8226; Vega de Yuco\",\"isPartOf\":{\"@id\":\"https:\/\/www.vegadeyuco.com\/de\/#website\"},\"primaryImageOfPage\":{\"@id\":\"https:\/\/www.vegadeyuco.com\/de\/naehrwertangaben-weisswein-trocken\/#primaryimage\"},\"image\":{\"@id\":\"https:\/\/www.vegadeyuco.com\/de\/naehrwertangaben-weisswein-trocken\/#primaryimage\"},\"thumbnailUrl\":\"https:\/\/www.vegadeyuco.com\/wp-content\/uploads\/2023\/11\/Blanco-Seco.png\",\"datePublished\":\"2023-11-30T14:07:59+00:00\",\"dateModified\":\"2026-01-08T13:51:54+00:00\",\"description\":\"Hier finden Sie alle N\u00e4hrwertangaben zu unseren Weinen.\",\"breadcrumb\":{\"@id\":\"https:\/\/www.vegadeyuco.com\/de\/naehrwertangaben-weisswein-trocken\/#breadcrumb\"},\"inLanguage\":\"de\",\"potentialAction\":[{\"@type\":\"ReadAction\",\"target\":[\"https:\/\/www.vegadeyuco.com\/de\/naehrwertangaben-weisswein-trocken\/\"]}]},{\"@type\":\"ImageObject\",\"inLanguage\":\"de\",\"@id\":\"https:\/\/www.vegadeyuco.com\/de\/naehrwertangaben-weisswein-trocken\/#primaryimage\",\"url\":\"https:\/\/www.vegadeyuco.com\/wp-content\/uploads\/2023\/11\/Blanco-Seco.png\",\"contentUrl\":\"https:\/\/www.vegadeyuco.com\/wp-content\/uploads\/2023\/11\/Blanco-Seco.png\"},{\"@type\":\"BreadcrumbList\",\"@id\":\"https:\/\/www.vegadeyuco.com\/de\/naehrwertangaben-weisswein-trocken\/#breadcrumb\",\"itemListElement\":[{\"@type\":\"ListItem\",\"position\":1,\"name\":\"Portada\",\"item\":\"https:\/\/www.vegadeyuco.com\/de\/vega-de-yuco-weinkellerei-auf-lanzarote\/\"},{\"@type\":\"ListItem\",\"position\":2,\"name\":\"N\u00e4hrwertangaben \u2013 Wei\u00dfwein trocken\"}]},{\"@type\":\"WebSite\",\"@id\":\"https:\/\/www.vegadeyuco.com\/de\/#website\",\"url\":\"https:\/\/www.vegadeyuco.com\/de\/\",\"name\":\"Vega de Yuco\",\"description\":\"Bodegas y Vi\u00f1edos Vega de Yuco en Lanzarote, una bodega tradicional Canaria que destila autenticidad e innovaci\u00f3n. \",\"publisher\":{\"@id\":\"https:\/\/www.vegadeyuco.com\/de\/#organization\"},\"potentialAction\":[{\"@type\":\"SearchAction\",\"target\":{\"@type\":\"EntryPoint\",\"urlTemplate\":\"https:\/\/www.vegadeyuco.com\/de\/?s={search_term_string}\"},\"query-input\":{\"@type\":\"PropertyValueSpecification\",\"valueRequired\":true,\"valueName\":\"search_term_string\"}}],\"inLanguage\":\"de\"},{\"@type\":\"Organization\",\"@id\":\"https:\/\/www.vegadeyuco.com\/de\/#organization\",\"name\":\"Bodegas Vega de Yuco\",\"url\":\"https:\/\/www.vegadeyuco.com\/de\/\",\"logo\":{\"@type\":\"ImageObject\",\"inLanguage\":\"de\",\"@id\":\"https:\/\/www.vegadeyuco.com\/de\/#\/schema\/logo\/image\/\",\"url\":\"https:\/\/www.vegadeyuco.com\/wp-content\/uploads\/2020\/01\/LOGO_VEGADEYUCO_cabecera_pedidos.png\",\"contentUrl\":\"https:\/\/www.vegadeyuco.com\/wp-content\/uploads\/2020\/01\/LOGO_VEGADEYUCO_cabecera_pedidos.png\",\"width\":250,\"height\":150,\"caption\":\"Bodegas Vega de Yuco\"},\"image\":{\"@id\":\"https:\/\/www.vegadeyuco.com\/de\/#\/schema\/logo\/image\/\"},\"sameAs\":[\"https:\/\/www.facebook.com\/vegadeyuco\",\"https:\/\/www.instagram.com\/vegadeyuco\/\",\"https:\/\/www.youtube.com\/channel\/UCmDMkmxMCvbSXTLTAs3DM7A\"]}]}<\/script>\n<!-- \/ Yoast SEO plugin. -->","yoast_head_json":{"title":"N\u00e4hrwertangaben \u2013 Wei\u00dfwein trocken &#8226; Vega de Yuco","description":"Hier finden Sie alle N\u00e4hrwertangaben zu unseren Weinen.","robots":{"index":"index","follow":"follow","max-snippet":"max-snippet:-1","max-image-preview":"max-image-preview:large","max-video-preview":"max-video-preview:-1"},"canonical":"https:\/\/www.vegadeyuco.com\/de\/naehrwertangaben-weisswein-trocken\/","og_locale":"de_DE","og_type":"article","og_title":"N\u00e4hrwertangaben \u2013 Wei\u00dfwein trocken &#8226; Vega de Yuco","og_description":"Hier finden Sie alle N\u00e4hrwertangaben zu unseren Weinen.","og_url":"https:\/\/www.vegadeyuco.com\/de\/naehrwertangaben-weisswein-trocken\/","og_site_name":"Vega de Yuco","article_publisher":"https:\/\/www.facebook.com\/vegadeyuco","article_modified_time":"2026-01-08T13:51:54+00:00","og_image":[{"width":1024,"height":512,"url":"https:\/\/www.vegadeyuco.com\/wp-content\/uploads\/2023\/11\/Blanco-Seco-1024x512.png","type":"image\/png"}],"twitter_card":"summary_large_image","schema":{"@context":"https:\/\/schema.org","@graph":[{"@type":"WebPage","@id":"https:\/\/www.vegadeyuco.com\/de\/naehrwertangaben-weisswein-trocken\/","url":"https:\/\/www.vegadeyuco.com\/de\/naehrwertangaben-weisswein-trocken\/","name":"N\u00e4hrwertangaben \u2013 Wei\u00dfwein trocken &#8226; Vega de Yuco","isPartOf":{"@id":"https:\/\/www.vegadeyuco.com\/de\/#website"},"primaryImageOfPage":{"@id":"https:\/\/www.vegadeyuco.com\/de\/naehrwertangaben-weisswein-trocken\/#primaryimage"},"image":{"@id":"https:\/\/www.vegadeyuco.com\/de\/naehrwertangaben-weisswein-trocken\/#primaryimage"},"thumbnailUrl":"https:\/\/www.vegadeyuco.com\/wp-content\/uploads\/2023\/11\/Blanco-Seco.png","datePublished":"2023-11-30T14:07:59+00:00","dateModified":"2026-01-08T13:51:54+00:00","description":"Hier finden Sie alle N\u00e4hrwertangaben zu unseren Weinen.","breadcrumb":{"@id":"https:\/\/www.vegadeyuco.com\/de\/naehrwertangaben-weisswein-trocken\/#breadcrumb"},"inLanguage":"de","potentialAction":[{"@type":"ReadAction","target":["https:\/\/www.vegadeyuco.com\/de\/naehrwertangaben-weisswein-trocken\/"]}]},{"@type":"ImageObject","inLanguage":"de","@id":"https:\/\/www.vegadeyuco.com\/de\/naehrwertangaben-weisswein-trocken\/#primaryimage","url":"https:\/\/www.vegadeyuco.com\/wp-content\/uploads\/2023\/11\/Blanco-Seco.png","contentUrl":"https:\/\/www.vegadeyuco.com\/wp-content\/uploads\/2023\/11\/Blanco-Seco.png"},{"@type":"BreadcrumbList","@id":"https:\/\/www.vegadeyuco.com\/de\/naehrwertangaben-weisswein-trocken\/#breadcrumb","itemListElement":[{"@type":"ListItem","position":1,"name":"Portada","item":"https:\/\/www.vegadeyuco.com\/de\/vega-de-yuco-weinkellerei-auf-lanzarote\/"},{"@type":"ListItem","position":2,"name":"N\u00e4hrwertangaben \u2013 Wei\u00dfwein trocken"}]},{"@type":"WebSite","@id":"https:\/\/www.vegadeyuco.com\/de\/#website","url":"https:\/\/www.vegadeyuco.com\/de\/","name":"Vega de Yuco","description":"Bodegas y Vi\u00f1edos Vega de Yuco en Lanzarote, una bodega tradicional Canaria que destila autenticidad e innovaci\u00f3n. ","publisher":{"@id":"https:\/\/www.vegadeyuco.com\/de\/#organization"},"potentialAction":[{"@type":"SearchAction","target":{"@type":"EntryPoint","urlTemplate":"https:\/\/www.vegadeyuco.com\/de\/?s={search_term_string}"},"query-input":{"@type":"PropertyValueSpecification","valueRequired":true,"valueName":"search_term_string"}}],"inLanguage":"de"},{"@type":"Organization","@id":"https:\/\/www.vegadeyuco.com\/de\/#organization","name":"Bodegas Vega de Yuco","url":"https:\/\/www.vegadeyuco.com\/de\/","logo":{"@type":"ImageObject","inLanguage":"de","@id":"https:\/\/www.vegadeyuco.com\/de\/#\/schema\/logo\/image\/","url":"https:\/\/www.vegadeyuco.com\/wp-content\/uploads\/2020\/01\/LOGO_VEGADEYUCO_cabecera_pedidos.png","contentUrl":"https:\/\/www.vegadeyuco.com\/wp-content\/uploads\/2020\/01\/LOGO_VEGADEYUCO_cabecera_pedidos.png","width":250,"height":150,"caption":"Bodegas Vega de Yuco"},"image":{"@id":"https:\/\/www.vegadeyuco.com\/de\/#\/schema\/logo\/image\/"},"sameAs":["https:\/\/www.facebook.com\/vegadeyuco","https:\/\/www.instagram.com\/vegadeyuco\/","https:\/\/www.youtube.com\/channel\/UCmDMkmxMCvbSXTLTAs3DM7A"]}]}},"post_mailing_queue_ids":[],"_links":{"self":[{"href":"https:\/\/www.vegadeyuco.com\/de\/wp-json\/wp\/v2\/pages\/27256","targetHints":{"allow":["GET"]}}],"collection":[{"href":"https:\/\/www.vegadeyuco.com\/de\/wp-json\/wp\/v2\/pages"}],"about":[{"href":"https:\/\/www.vegadeyuco.com\/de\/wp-json\/wp\/v2\/types\/page"}],"author":[{"embeddable":true,"href":"https:\/\/www.vegadeyuco.com\/de\/wp-json\/wp\/v2\/users\/222"}],"replies":[{"embeddable":true,"href":"https:\/\/www.vegadeyuco.com\/de\/wp-json\/wp\/v2\/comments?post=27256"}],"version-history":[{"count":1,"href":"https:\/\/www.vegadeyuco.com\/de\/wp-json\/wp\/v2\/pages\/27256\/revisions"}],"predecessor-version":[{"id":27263,"href":"https:\/\/www.vegadeyuco.com\/de\/wp-json\/wp\/v2\/pages\/27256\/revisions\/27263"}],"wp:attachment":[{"href":"https:\/\/www.vegadeyuco.com\/de\/wp-json\/wp\/v2\/media?parent=27256"}],"curies":[{"name":"wp","href":"https:\/\/api.w.org\/{rel}","templated":true}]}}