{"id":27363,"date":"2019-11-29T13:08:38","date_gmt":"2019-11-29T13:08:38","guid":{"rendered":"https:\/\/www.vegadeyuco.com\/trockener-weisswein\/"},"modified":"2026-01-08T14:55:23","modified_gmt":"2026-01-08T14:55:23","slug":"trockener-weisswein","status":"publish","type":"page","link":"https:\/\/www.vegadeyuco.com\/de\/trockener-weisswein\/","title":{"rendered":"Trockener Wei\u00dfwein"},"content":{"rendered":"\t\t<div data-elementor-type=\"wp-page\" data-elementor-id=\"27363\" class=\"elementor elementor-27363 elementor-2940\" data-elementor-post-type=\"page\">\n\t\t\t\t<div class=\"elementor-element elementor-element-0ccd4d3 e-flex e-con-boxed e-con e-parent\" data-id=\"0ccd4d3\" data-element_type=\"container\">\n\t\t\t\t\t<div class=\"e-con-inner\">\n\t\t<div class=\"elementor-element elementor-element-6e155fe e-con-full e-flex e-con e-child\" data-id=\"6e155fe\" data-element_type=\"container\">\n\t\t\t\t<div class=\"elementor-element elementor-element-a7bfa10 elementor-widget elementor-widget-heading\" data-id=\"a7bfa10\" data-element_type=\"widget\" data-widget_type=\"heading.default\">\n\t\t\t\t<div class=\"elementor-widget-container\">\n\t\t\t\t\t<h1 class=\"elementor-heading-title elementor-size-default\">Trockene Wei\u00dfweine<\/h1>\t\t\t\t<\/div>\n\t\t\t\t<\/div>\n\t\t\t\t<div class=\"elementor-element elementor-element-304f999 elementor-widget elementor-widget-text-editor\" data-id=\"304f999\" data-element_type=\"widget\" data-widget_type=\"text-editor.default\">\n\t\t\t\t<div class=\"elementor-widget-container\">\n\t\t\t\t\t\t\t\t\t<p>Nur aus dem besten <a href=\"https:\/\/www.vegadeyuco.com\/bodega\/\">Malvas\u00eda Volc\u00e1nica<\/a> von Lanzarote entstehen die verschiedenen Linien <strong>trockener Wei\u00dfweine<\/strong> der <a href=\"https:\/\/www.vegadeyuco.com\/de\/\"><strong>Bodegas Vega de Yuco<\/strong><\/a>. Der Malvas\u00eda wird f\u00fcr jeden dieser Weine aus verschiedenen Weing\u00fctern und vulkanischen Gebieten der Insel ausgew\u00e4hlt, von den w\u00e4rmsten bis zu den k\u00e4ltesten und sp\u00e4testen, wobei auch ihre unterschiedlichen Reifegrade und Anbaueigenschaften ber\u00fccksichtigt werden. All dies macht jeden unserer Weine einzigartig und von unverwechselbarer Qualit\u00e4t. Es sind ausdrucksstarke, aromatische, komplexe Weine mit viel Pers\u00f6nlichkeit. <strong>Kanarische Weine<\/strong>, die f\u00fcr den Genuss aller Gaumen hergestellt werden.   <\/p><p>*Die trockenen Wei\u00dfweine der Bodegas Vega de Yuco wurden bei den letzten internationalen Wettbewerben mehrfach ausgezeichnet und erhielten unter anderem mehrere Medaillen bei den renommierten Wettbewerben <a href=\"https:\/\/www.vegadeyuco.com\/medallas-decanter2024\/\">Decanter <\/a>und <a href=\"https:\/\/www.vegadeyuco.com\/bacchus-2024\/\">Bacchus<\/a>.<\/p>\t\t\t\t\t\t\t\t<\/div>\n\t\t\t\t<\/div>\n\t\t\t\t<\/div>\n\t\t<div class=\"elementor-element elementor-element-003bfd6 e-con-full e-flex e-con e-child\" data-id=\"003bfd6\" data-element_type=\"container\">\n\t\t\t\t<div class=\"elementor-element elementor-element-01da148 elementor-widget elementor-widget-image\" data-id=\"01da148\" data-element_type=\"widget\" data-widget_type=\"image.default\">\n\t\t\t\t<div class=\"elementor-widget-container\">\n\t\t\t\t\t\t\t\t\t\t\t\t\t\t\t<img fetchpriority=\"high\" decoding=\"async\" width=\"1000\" height=\"1000\" src=\"https:\/\/www.vegadeyuco.com\/wp-content\/uploads\/2017\/01\/Yaiza-seco.png\" class=\"attachment-full size-full wp-image-27362\" alt=\"\" srcset=\"https:\/\/www.vegadeyuco.com\/wp-content\/uploads\/2017\/01\/Yaiza-seco.png 1000w, https:\/\/www.vegadeyuco.com\/wp-content\/uploads\/2017\/01\/Yaiza-seco-300x300.png 300w, https:\/\/www.vegadeyuco.com\/wp-content\/uploads\/2017\/01\/Yaiza-seco-150x150.png 150w, https:\/\/www.vegadeyuco.com\/wp-content\/uploads\/2017\/01\/Yaiza-seco-768x768.png 768w, https:\/\/www.vegadeyuco.com\/wp-content\/uploads\/2017\/01\/Yaiza-seco-100x100.png 100w\" sizes=\"(max-width: 1000px) 100vw, 1000px\" \/>\t\t\t\t\t\t\t\t\t\t\t\t\t\t\t<\/div>\n\t\t\t\t<\/div>\n\t\t\t\t<\/div>\n\t\t\t\t\t<\/div>\n\t\t\t\t<\/div>\n\t\t<div class=\"elementor-element elementor-element-64eae2b e-flex e-con-boxed e-con e-parent\" data-id=\"64eae2b\" data-element_type=\"container\">\n\t\t\t\t\t<div class=\"e-con-inner\">\n\t\t<div class=\"elementor-element elementor-element-93282db e-con-full e-flex e-con e-child\" data-id=\"93282db\" data-element_type=\"container\">\n\t\t\t\t<\/div>\n\t\t\t\t\t<\/div>\n\t\t\t\t<\/div>\n\t\t\t\t<\/div>\n\t\t","protected":false},"excerpt":{"rendered":"<p>Trockene Wei\u00dfweine Nur aus dem besten Malvas\u00eda Volc\u00e1nica von Lanzarote entstehen die verschiedenen Linien trockener Wei\u00dfweine der Bodegas Vega de Yuco. Der Malvas\u00eda wird f\u00fcr jeden dieser Weine aus verschiedenen Weing\u00fctern und vulkanischen Gebieten der Insel ausgew\u00e4hlt, von den w\u00e4rmsten bis zu den k\u00e4ltesten und sp\u00e4testen, wobei auch ihre unterschiedlichen Reifegrade und Anbaueigenschaften ber\u00fccksichtigt werden. [&hellip;]<\/p>\n","protected":false},"author":1,"featured_media":0,"parent":0,"menu_order":0,"comment_status":"closed","ping_status":"closed","template":"","meta":{"footnotes":""},"class_list":["post-27363","page","type-page","status-publish","hentry"],"yoast_head":"<!-- This site is optimized with the Yoast SEO plugin v26.8 - https:\/\/yoast.com\/product\/yoast-seo-wordpress\/ -->\n<title>Trockener Wei\u00dfwein &#8226; Vega de Yuco<\/title>\n<meta name=\"description\" content=\"Nur aus dem besten Malvas\u00eda Volc\u00e1nica von Lanzarote entstehen die verschiedenen Trockenwei\u00dfweine der Bodegas Vega de Yuco.\" \/>\n<meta name=\"robots\" content=\"index, follow, max-snippet:-1, max-image-preview:large, max-video-preview:-1\" \/>\n<link rel=\"canonical\" href=\"https:\/\/www.vegadeyuco.com\/de\/trockener-weisswein\/\" \/>\n<meta property=\"og:locale\" content=\"de_DE\" \/>\n<meta property=\"og:type\" content=\"article\" \/>\n<meta property=\"og:title\" content=\"Trockener Wei\u00dfwein &#8226; Vega de Yuco\" \/>\n<meta property=\"og:description\" content=\"Nur aus dem besten Malvas\u00eda Volc\u00e1nica von Lanzarote entstehen die verschiedenen Trockenwei\u00dfweine der Bodegas Vega de Yuco.\" \/>\n<meta property=\"og:url\" content=\"https:\/\/www.vegadeyuco.com\/de\/trockener-weisswein\/\" \/>\n<meta property=\"og:site_name\" content=\"Vega de Yuco\" \/>\n<meta property=\"article:publisher\" content=\"https:\/\/www.facebook.com\/vegadeyuco\" \/>\n<meta property=\"article:modified_time\" content=\"2026-01-08T14:55:23+00:00\" \/>\n<meta property=\"og:image\" content=\"https:\/\/www.vegadeyuco.com\/wp-content\/uploads\/2017\/01\/Yaiza-seco.png\" \/>\n<meta name=\"twitter:card\" content=\"summary_large_image\" \/>\n<meta name=\"twitter:label1\" content=\"Gesch\u00e4tzte Lesezeit\" \/>\n\t<meta name=\"twitter:data1\" content=\"1\u00a0Minute\" \/>\n<script type=\"application\/ld+json\" class=\"yoast-schema-graph\">{\"@context\":\"https:\/\/schema.org\",\"@graph\":[{\"@type\":\"WebPage\",\"@id\":\"https:\/\/www.vegadeyuco.com\/de\/trockener-weisswein\/\",\"url\":\"https:\/\/www.vegadeyuco.com\/de\/trockener-weisswein\/\",\"name\":\"Trockener Wei\u00dfwein &#8226; Vega de Yuco\",\"isPartOf\":{\"@id\":\"https:\/\/www.vegadeyuco.com\/de\/#website\"},\"primaryImageOfPage\":{\"@id\":\"https:\/\/www.vegadeyuco.com\/de\/trockener-weisswein\/#primaryimage\"},\"image\":{\"@id\":\"https:\/\/www.vegadeyuco.com\/de\/trockener-weisswein\/#primaryimage\"},\"thumbnailUrl\":\"https:\/\/www.vegadeyuco.com\/wp-content\/uploads\/2017\/01\/Yaiza-seco.png\",\"datePublished\":\"2019-11-29T13:08:38+00:00\",\"dateModified\":\"2026-01-08T14:55:23+00:00\",\"description\":\"Nur aus dem besten Malvas\u00eda Volc\u00e1nica von Lanzarote entstehen die verschiedenen Trockenwei\u00dfweine der Bodegas Vega de Yuco.\",\"breadcrumb\":{\"@id\":\"https:\/\/www.vegadeyuco.com\/de\/trockener-weisswein\/#breadcrumb\"},\"inLanguage\":\"de\",\"potentialAction\":[{\"@type\":\"ReadAction\",\"target\":[\"https:\/\/www.vegadeyuco.com\/de\/trockener-weisswein\/\"]}]},{\"@type\":\"ImageObject\",\"inLanguage\":\"de\",\"@id\":\"https:\/\/www.vegadeyuco.com\/de\/trockener-weisswein\/#primaryimage\",\"url\":\"https:\/\/www.vegadeyuco.com\/wp-content\/uploads\/2017\/01\/Yaiza-seco.png\",\"contentUrl\":\"https:\/\/www.vegadeyuco.com\/wp-content\/uploads\/2017\/01\/Yaiza-seco.png\"},{\"@type\":\"BreadcrumbList\",\"@id\":\"https:\/\/www.vegadeyuco.com\/de\/trockener-weisswein\/#breadcrumb\",\"itemListElement\":[{\"@type\":\"ListItem\",\"position\":1,\"name\":\"Portada\",\"item\":\"https:\/\/www.vegadeyuco.com\/de\/vega-de-yuco-weinkellerei-auf-lanzarote\/\"},{\"@type\":\"ListItem\",\"position\":2,\"name\":\"Trockener Wei\u00dfwein\"}]},{\"@type\":\"WebSite\",\"@id\":\"https:\/\/www.vegadeyuco.com\/de\/#website\",\"url\":\"https:\/\/www.vegadeyuco.com\/de\/\",\"name\":\"Vega de Yuco\",\"description\":\"Bodegas y Vi\u00f1edos Vega de Yuco en Lanzarote, una bodega tradicional Canaria que destila autenticidad e innovaci\u00f3n. \",\"publisher\":{\"@id\":\"https:\/\/www.vegadeyuco.com\/de\/#organization\"},\"potentialAction\":[{\"@type\":\"SearchAction\",\"target\":{\"@type\":\"EntryPoint\",\"urlTemplate\":\"https:\/\/www.vegadeyuco.com\/de\/?s={search_term_string}\"},\"query-input\":{\"@type\":\"PropertyValueSpecification\",\"valueRequired\":true,\"valueName\":\"search_term_string\"}}],\"inLanguage\":\"de\"},{\"@type\":\"Organization\",\"@id\":\"https:\/\/www.vegadeyuco.com\/de\/#organization\",\"name\":\"Bodegas Vega de Yuco\",\"url\":\"https:\/\/www.vegadeyuco.com\/de\/\",\"logo\":{\"@type\":\"ImageObject\",\"inLanguage\":\"de\",\"@id\":\"https:\/\/www.vegadeyuco.com\/de\/#\/schema\/logo\/image\/\",\"url\":\"https:\/\/www.vegadeyuco.com\/wp-content\/uploads\/2020\/01\/LOGO_VEGADEYUCO_cabecera_pedidos.png\",\"contentUrl\":\"https:\/\/www.vegadeyuco.com\/wp-content\/uploads\/2020\/01\/LOGO_VEGADEYUCO_cabecera_pedidos.png\",\"width\":250,\"height\":150,\"caption\":\"Bodegas Vega de Yuco\"},\"image\":{\"@id\":\"https:\/\/www.vegadeyuco.com\/de\/#\/schema\/logo\/image\/\"},\"sameAs\":[\"https:\/\/www.facebook.com\/vegadeyuco\",\"https:\/\/www.instagram.com\/vegadeyuco\/\",\"https:\/\/www.youtube.com\/channel\/UCmDMkmxMCvbSXTLTAs3DM7A\"]}]}<\/script>\n<!-- \/ Yoast SEO plugin. -->","yoast_head_json":{"title":"Trockener Wei\u00dfwein &#8226; Vega de Yuco","description":"Nur aus dem besten Malvas\u00eda Volc\u00e1nica von Lanzarote entstehen die verschiedenen Trockenwei\u00dfweine der Bodegas Vega de Yuco.","robots":{"index":"index","follow":"follow","max-snippet":"max-snippet:-1","max-image-preview":"max-image-preview:large","max-video-preview":"max-video-preview:-1"},"canonical":"https:\/\/www.vegadeyuco.com\/de\/trockener-weisswein\/","og_locale":"de_DE","og_type":"article","og_title":"Trockener Wei\u00dfwein &#8226; Vega de Yuco","og_description":"Nur aus dem besten Malvas\u00eda Volc\u00e1nica von Lanzarote entstehen die verschiedenen Trockenwei\u00dfweine der Bodegas Vega de Yuco.","og_url":"https:\/\/www.vegadeyuco.com\/de\/trockener-weisswein\/","og_site_name":"Vega de Yuco","article_publisher":"https:\/\/www.facebook.com\/vegadeyuco","article_modified_time":"2026-01-08T14:55:23+00:00","og_image":[{"url":"https:\/\/www.vegadeyuco.com\/wp-content\/uploads\/2017\/01\/Yaiza-seco.png","type":"","width":"","height":""}],"twitter_card":"summary_large_image","twitter_misc":{"Gesch\u00e4tzte Lesezeit":"1\u00a0Minute"},"schema":{"@context":"https:\/\/schema.org","@graph":[{"@type":"WebPage","@id":"https:\/\/www.vegadeyuco.com\/de\/trockener-weisswein\/","url":"https:\/\/www.vegadeyuco.com\/de\/trockener-weisswein\/","name":"Trockener Wei\u00dfwein &#8226; Vega de Yuco","isPartOf":{"@id":"https:\/\/www.vegadeyuco.com\/de\/#website"},"primaryImageOfPage":{"@id":"https:\/\/www.vegadeyuco.com\/de\/trockener-weisswein\/#primaryimage"},"image":{"@id":"https:\/\/www.vegadeyuco.com\/de\/trockener-weisswein\/#primaryimage"},"thumbnailUrl":"https:\/\/www.vegadeyuco.com\/wp-content\/uploads\/2017\/01\/Yaiza-seco.png","datePublished":"2019-11-29T13:08:38+00:00","dateModified":"2026-01-08T14:55:23+00:00","description":"Nur aus dem besten Malvas\u00eda Volc\u00e1nica von Lanzarote entstehen die verschiedenen Trockenwei\u00dfweine der Bodegas Vega de Yuco.","breadcrumb":{"@id":"https:\/\/www.vegadeyuco.com\/de\/trockener-weisswein\/#breadcrumb"},"inLanguage":"de","potentialAction":[{"@type":"ReadAction","target":["https:\/\/www.vegadeyuco.com\/de\/trockener-weisswein\/"]}]},{"@type":"ImageObject","inLanguage":"de","@id":"https:\/\/www.vegadeyuco.com\/de\/trockener-weisswein\/#primaryimage","url":"https:\/\/www.vegadeyuco.com\/wp-content\/uploads\/2017\/01\/Yaiza-seco.png","contentUrl":"https:\/\/www.vegadeyuco.com\/wp-content\/uploads\/2017\/01\/Yaiza-seco.png"},{"@type":"BreadcrumbList","@id":"https:\/\/www.vegadeyuco.com\/de\/trockener-weisswein\/#breadcrumb","itemListElement":[{"@type":"ListItem","position":1,"name":"Portada","item":"https:\/\/www.vegadeyuco.com\/de\/vega-de-yuco-weinkellerei-auf-lanzarote\/"},{"@type":"ListItem","position":2,"name":"Trockener Wei\u00dfwein"}]},{"@type":"WebSite","@id":"https:\/\/www.vegadeyuco.com\/de\/#website","url":"https:\/\/www.vegadeyuco.com\/de\/","name":"Vega de Yuco","description":"Bodegas y Vi\u00f1edos Vega de Yuco en Lanzarote, una bodega tradicional Canaria que destila autenticidad e innovaci\u00f3n. ","publisher":{"@id":"https:\/\/www.vegadeyuco.com\/de\/#organization"},"potentialAction":[{"@type":"SearchAction","target":{"@type":"EntryPoint","urlTemplate":"https:\/\/www.vegadeyuco.com\/de\/?s={search_term_string}"},"query-input":{"@type":"PropertyValueSpecification","valueRequired":true,"valueName":"search_term_string"}}],"inLanguage":"de"},{"@type":"Organization","@id":"https:\/\/www.vegadeyuco.com\/de\/#organization","name":"Bodegas Vega de Yuco","url":"https:\/\/www.vegadeyuco.com\/de\/","logo":{"@type":"ImageObject","inLanguage":"de","@id":"https:\/\/www.vegadeyuco.com\/de\/#\/schema\/logo\/image\/","url":"https:\/\/www.vegadeyuco.com\/wp-content\/uploads\/2020\/01\/LOGO_VEGADEYUCO_cabecera_pedidos.png","contentUrl":"https:\/\/www.vegadeyuco.com\/wp-content\/uploads\/2020\/01\/LOGO_VEGADEYUCO_cabecera_pedidos.png","width":250,"height":150,"caption":"Bodegas Vega de Yuco"},"image":{"@id":"https:\/\/www.vegadeyuco.com\/de\/#\/schema\/logo\/image\/"},"sameAs":["https:\/\/www.facebook.com\/vegadeyuco","https:\/\/www.instagram.com\/vegadeyuco\/","https:\/\/www.youtube.com\/channel\/UCmDMkmxMCvbSXTLTAs3DM7A"]}]}},"post_mailing_queue_ids":[],"_links":{"self":[{"href":"https:\/\/www.vegadeyuco.com\/de\/wp-json\/wp\/v2\/pages\/27363","targetHints":{"allow":["GET"]}}],"collection":[{"href":"https:\/\/www.vegadeyuco.com\/de\/wp-json\/wp\/v2\/pages"}],"about":[{"href":"https:\/\/www.vegadeyuco.com\/de\/wp-json\/wp\/v2\/types\/page"}],"author":[{"embeddable":true,"href":"https:\/\/www.vegadeyuco.com\/de\/wp-json\/wp\/v2\/users\/1"}],"replies":[{"embeddable":true,"href":"https:\/\/www.vegadeyuco.com\/de\/wp-json\/wp\/v2\/comments?post=27363"}],"version-history":[{"count":1,"href":"https:\/\/www.vegadeyuco.com\/de\/wp-json\/wp\/v2\/pages\/27363\/revisions"}],"predecessor-version":[{"id":27364,"href":"https:\/\/www.vegadeyuco.com\/de\/wp-json\/wp\/v2\/pages\/27363\/revisions\/27364"}],"wp:attachment":[{"href":"https:\/\/www.vegadeyuco.com\/de\/wp-json\/wp\/v2\/media?parent=27363"}],"curies":[{"name":"wp","href":"https:\/\/api.w.org\/{rel}","templated":true}]}}