{"id":27370,"date":"2019-11-29T13:15:31","date_gmt":"2019-11-29T13:15:31","guid":{"rendered":"https:\/\/www.vegadeyuco.com\/halbsuesser-weisswein\/"},"modified":"2026-01-08T14:59:13","modified_gmt":"2026-01-08T14:59:13","slug":"halbsuesser-weisswein","status":"publish","type":"page","link":"https:\/\/www.vegadeyuco.com\/de\/halbsuesser-weisswein\/","title":{"rendered":"Halbs\u00fc\u00dfer Wei\u00dfwein"},"content":{"rendered":"\t\t<div data-elementor-type=\"wp-page\" data-elementor-id=\"27370\" class=\"elementor elementor-27370 elementor-2943\" data-elementor-post-type=\"page\">\n\t\t\t\t<div class=\"elementor-element elementor-element-5d25aeb e-flex e-con-boxed e-con e-parent\" data-id=\"5d25aeb\" data-element_type=\"container\">\n\t\t\t\t\t<div class=\"e-con-inner\">\n\t\t<div class=\"elementor-element elementor-element-44eead0 e-con-full e-flex e-con e-child\" data-id=\"44eead0\" data-element_type=\"container\">\n\t\t\t\t<div class=\"elementor-element elementor-element-9785381 elementor-widget elementor-widget-heading\" data-id=\"9785381\" data-element_type=\"widget\" data-widget_type=\"heading.default\">\n\t\t\t\t<div class=\"elementor-widget-container\">\n\t\t\t\t\t<h1 class=\"elementor-heading-title elementor-size-default\">Halbtrockene Wei\u00dfweine<\/h1>\t\t\t\t<\/div>\n\t\t\t\t<\/div>\n\t\t\t\t<div class=\"elementor-element elementor-element-d51834b elementor-widget elementor-widget-text-editor\" data-id=\"d51834b\" data-element_type=\"widget\" data-widget_type=\"text-editor.default\">\n\t\t\t\t<div class=\"elementor-widget-container\">\n\t\t\t\t\t\t\t\t\t<p>Die <strong>halbs\u00fc\u00dfen Wei\u00dfweine<\/strong> der Bodegas Vega de Yuco sind der freundlichste, authentischste und s\u00fc\u00dfeste Ausdruck der selteneren Rebsorten Lanzarotes wie Diego, Moscatel, List\u00e1n Blanco und <a href=\"https:\/\/www.vegadeyuco.com\/bodega\/\">Malvas\u00eda Volc\u00e1nica<\/a> de Lanzarote. Diese Weine sind f\u00fcr jeden Geschmack geeignet und zeichnen sich durch unterschiedliche Nuancen aus, die eine perfekte Balance zwischen der nat\u00fcrlichen S\u00fc\u00dfe der verwendeten Trauben und der Frische der Malvas\u00eda-Traube schaffen. Ein wahrer Genuss f\u00fcr diejenigen, die sich zum ersten Mal in das \u00f6nologische Paradies der <a href=\"https:\/\/www.vegadeyuco.com\/de\/\"><strong>kanarischen Weine begeben<\/strong><\/a>, sowie f\u00fcr Liebhaber von gutem Wei\u00dfwein im Allgemeinen. Sie passen nicht nur perfekt zu Desserts oder Vorspeisen, sondern auch zu ersten und zweiten G\u00e4ngen.  <\/p>\t\t\t\t\t\t\t\t<\/div>\n\t\t\t\t<\/div>\n\t\t\t\t<\/div>\n\t\t<div class=\"elementor-element elementor-element-3b6f60d e-con-full e-flex e-con e-child\" data-id=\"3b6f60d\" data-element_type=\"container\">\n\t\t\t\t<div class=\"elementor-element elementor-element-0a1d383 elementor-widget elementor-widget-image\" data-id=\"0a1d383\" data-element_type=\"widget\" data-widget_type=\"image.default\">\n\t\t\t\t<div class=\"elementor-widget-container\">\n\t\t\t\t\t\t\t\t\t\t\t\t\t\t\t<img fetchpriority=\"high\" decoding=\"async\" width=\"1000\" height=\"1000\" src=\"https:\/\/www.vegadeyuco.com\/wp-content\/uploads\/2017\/01\/Yaiza-semidulce.png\" class=\"attachment-full size-full wp-image-27369\" alt=\"\" srcset=\"https:\/\/www.vegadeyuco.com\/wp-content\/uploads\/2017\/01\/Yaiza-semidulce.png 1000w, https:\/\/www.vegadeyuco.com\/wp-content\/uploads\/2017\/01\/Yaiza-semidulce-300x300.png 300w, https:\/\/www.vegadeyuco.com\/wp-content\/uploads\/2017\/01\/Yaiza-semidulce-150x150.png 150w, https:\/\/www.vegadeyuco.com\/wp-content\/uploads\/2017\/01\/Yaiza-semidulce-768x768.png 768w, https:\/\/www.vegadeyuco.com\/wp-content\/uploads\/2017\/01\/Yaiza-semidulce-100x100.png 100w\" sizes=\"(max-width: 1000px) 100vw, 1000px\" \/>\t\t\t\t\t\t\t\t\t\t\t\t\t\t\t<\/div>\n\t\t\t\t<\/div>\n\t\t\t\t<\/div>\n\t\t\t\t\t<\/div>\n\t\t\t\t<\/div>\n\t\t<div class=\"elementor-element elementor-element-63251bd e-flex e-con-boxed e-con e-parent\" data-id=\"63251bd\" data-element_type=\"container\">\n\t\t\t\t\t<div class=\"e-con-inner\">\n\t\t<div class=\"elementor-element elementor-element-0887122 e-con-full e-flex e-con e-child\" data-id=\"0887122\" data-element_type=\"container\">\n\t\t\t\t<\/div>\n\t\t\t\t\t<\/div>\n\t\t\t\t<\/div>\n\t\t\t\t<\/div>\n\t\t","protected":false},"excerpt":{"rendered":"<p>Halbtrockene Wei\u00dfweine Die halbs\u00fc\u00dfen Wei\u00dfweine der Bodegas Vega de Yuco sind der freundlichste, authentischste und s\u00fc\u00dfeste Ausdruck der selteneren Rebsorten Lanzarotes wie Diego, Moscatel, List\u00e1n Blanco und Malvas\u00eda Volc\u00e1nica de Lanzarote. Diese Weine sind f\u00fcr jeden Geschmack geeignet und zeichnen sich durch unterschiedliche Nuancen aus, die eine perfekte Balance zwischen der nat\u00fcrlichen S\u00fc\u00dfe der verwendeten [&hellip;]<\/p>\n","protected":false},"author":1,"featured_media":0,"parent":0,"menu_order":0,"comment_status":"closed","ping_status":"closed","template":"","meta":{"footnotes":""},"class_list":["post-27370","page","type-page","status-publish","hentry"],"yoast_head":"<!-- This site is optimized with the Yoast SEO plugin v26.8 - https:\/\/yoast.com\/product\/yoast-seo-wordpress\/ -->\n<title>Halbs\u00fc\u00dfer Wei\u00dfwein &#8226; Vega de Yuco<\/title>\n<meta name=\"description\" content=\"Halbs\u00fc\u00dfer Wei\u00dfwein mit Nuancen, die eine perfekte Balance zwischen der nat\u00fcrlichen S\u00fc\u00dfe der verwendeten Trauben und der Frische der Malvas\u00eda-Traube schaffen.\" \/>\n<meta name=\"robots\" content=\"index, follow, max-snippet:-1, max-image-preview:large, max-video-preview:-1\" \/>\n<link rel=\"canonical\" href=\"https:\/\/www.vegadeyuco.com\/de\/halbsuesser-weisswein\/\" \/>\n<meta property=\"og:locale\" content=\"de_DE\" \/>\n<meta property=\"og:type\" content=\"article\" \/>\n<meta property=\"og:title\" content=\"Halbs\u00fc\u00dfer Wei\u00dfwein &#8226; Vega de Yuco\" \/>\n<meta property=\"og:description\" content=\"Halbs\u00fc\u00dfer Wei\u00dfwein mit Nuancen, die eine perfekte Balance zwischen der nat\u00fcrlichen S\u00fc\u00dfe der verwendeten Trauben und der Frische der Malvas\u00eda-Traube schaffen.\" \/>\n<meta property=\"og:url\" content=\"https:\/\/www.vegadeyuco.com\/de\/halbsuesser-weisswein\/\" \/>\n<meta property=\"og:site_name\" content=\"Vega de Yuco\" \/>\n<meta property=\"article:publisher\" content=\"https:\/\/www.facebook.com\/vegadeyuco\" \/>\n<meta property=\"article:modified_time\" content=\"2026-01-08T14:59:13+00:00\" \/>\n<meta property=\"og:image\" content=\"https:\/\/www.vegadeyuco.com\/wp-content\/uploads\/2017\/01\/Yaiza-semidulce.png\" \/>\n<meta name=\"twitter:card\" content=\"summary_large_image\" \/>\n<meta name=\"twitter:label1\" content=\"Gesch\u00e4tzte Lesezeit\" \/>\n\t<meta name=\"twitter:data1\" content=\"1\u00a0Minute\" \/>\n<script type=\"application\/ld+json\" class=\"yoast-schema-graph\">{\"@context\":\"https:\/\/schema.org\",\"@graph\":[{\"@type\":\"WebPage\",\"@id\":\"https:\/\/www.vegadeyuco.com\/de\/halbsuesser-weisswein\/\",\"url\":\"https:\/\/www.vegadeyuco.com\/de\/halbsuesser-weisswein\/\",\"name\":\"Halbs\u00fc\u00dfer Wei\u00dfwein &#8226; Vega de Yuco\",\"isPartOf\":{\"@id\":\"https:\/\/www.vegadeyuco.com\/de\/#website\"},\"primaryImageOfPage\":{\"@id\":\"https:\/\/www.vegadeyuco.com\/de\/halbsuesser-weisswein\/#primaryimage\"},\"image\":{\"@id\":\"https:\/\/www.vegadeyuco.com\/de\/halbsuesser-weisswein\/#primaryimage\"},\"thumbnailUrl\":\"https:\/\/www.vegadeyuco.com\/wp-content\/uploads\/2017\/01\/Yaiza-semidulce.png\",\"datePublished\":\"2019-11-29T13:15:31+00:00\",\"dateModified\":\"2026-01-08T14:59:13+00:00\",\"description\":\"Halbs\u00fc\u00dfer Wei\u00dfwein mit Nuancen, die eine perfekte Balance zwischen der nat\u00fcrlichen S\u00fc\u00dfe der verwendeten Trauben und der Frische der Malvas\u00eda-Traube schaffen.\",\"breadcrumb\":{\"@id\":\"https:\/\/www.vegadeyuco.com\/de\/halbsuesser-weisswein\/#breadcrumb\"},\"inLanguage\":\"de\",\"potentialAction\":[{\"@type\":\"ReadAction\",\"target\":[\"https:\/\/www.vegadeyuco.com\/de\/halbsuesser-weisswein\/\"]}]},{\"@type\":\"ImageObject\",\"inLanguage\":\"de\",\"@id\":\"https:\/\/www.vegadeyuco.com\/de\/halbsuesser-weisswein\/#primaryimage\",\"url\":\"https:\/\/www.vegadeyuco.com\/wp-content\/uploads\/2017\/01\/Yaiza-semidulce.png\",\"contentUrl\":\"https:\/\/www.vegadeyuco.com\/wp-content\/uploads\/2017\/01\/Yaiza-semidulce.png\"},{\"@type\":\"BreadcrumbList\",\"@id\":\"https:\/\/www.vegadeyuco.com\/de\/halbsuesser-weisswein\/#breadcrumb\",\"itemListElement\":[{\"@type\":\"ListItem\",\"position\":1,\"name\":\"Portada\",\"item\":\"https:\/\/www.vegadeyuco.com\/de\/vega-de-yuco-weinkellerei-auf-lanzarote\/\"},{\"@type\":\"ListItem\",\"position\":2,\"name\":\"Halbs\u00fc\u00dfer Wei\u00dfwein\"}]},{\"@type\":\"WebSite\",\"@id\":\"https:\/\/www.vegadeyuco.com\/de\/#website\",\"url\":\"https:\/\/www.vegadeyuco.com\/de\/\",\"name\":\"Vega de Yuco\",\"description\":\"Bodegas y Vi\u00f1edos Vega de Yuco en Lanzarote, una bodega tradicional Canaria que destila autenticidad e innovaci\u00f3n. \",\"publisher\":{\"@id\":\"https:\/\/www.vegadeyuco.com\/de\/#organization\"},\"potentialAction\":[{\"@type\":\"SearchAction\",\"target\":{\"@type\":\"EntryPoint\",\"urlTemplate\":\"https:\/\/www.vegadeyuco.com\/de\/?s={search_term_string}\"},\"query-input\":{\"@type\":\"PropertyValueSpecification\",\"valueRequired\":true,\"valueName\":\"search_term_string\"}}],\"inLanguage\":\"de\"},{\"@type\":\"Organization\",\"@id\":\"https:\/\/www.vegadeyuco.com\/de\/#organization\",\"name\":\"Bodegas Vega de Yuco\",\"url\":\"https:\/\/www.vegadeyuco.com\/de\/\",\"logo\":{\"@type\":\"ImageObject\",\"inLanguage\":\"de\",\"@id\":\"https:\/\/www.vegadeyuco.com\/de\/#\/schema\/logo\/image\/\",\"url\":\"https:\/\/www.vegadeyuco.com\/wp-content\/uploads\/2020\/01\/LOGO_VEGADEYUCO_cabecera_pedidos.png\",\"contentUrl\":\"https:\/\/www.vegadeyuco.com\/wp-content\/uploads\/2020\/01\/LOGO_VEGADEYUCO_cabecera_pedidos.png\",\"width\":250,\"height\":150,\"caption\":\"Bodegas Vega de Yuco\"},\"image\":{\"@id\":\"https:\/\/www.vegadeyuco.com\/de\/#\/schema\/logo\/image\/\"},\"sameAs\":[\"https:\/\/www.facebook.com\/vegadeyuco\",\"https:\/\/www.instagram.com\/vegadeyuco\/\",\"https:\/\/www.youtube.com\/channel\/UCmDMkmxMCvbSXTLTAs3DM7A\"]}]}<\/script>\n<!-- \/ Yoast SEO plugin. -->","yoast_head_json":{"title":"Halbs\u00fc\u00dfer Wei\u00dfwein &#8226; Vega de Yuco","description":"Halbs\u00fc\u00dfer Wei\u00dfwein mit Nuancen, die eine perfekte Balance zwischen der nat\u00fcrlichen S\u00fc\u00dfe der verwendeten Trauben und der Frische der Malvas\u00eda-Traube schaffen.","robots":{"index":"index","follow":"follow","max-snippet":"max-snippet:-1","max-image-preview":"max-image-preview:large","max-video-preview":"max-video-preview:-1"},"canonical":"https:\/\/www.vegadeyuco.com\/de\/halbsuesser-weisswein\/","og_locale":"de_DE","og_type":"article","og_title":"Halbs\u00fc\u00dfer Wei\u00dfwein &#8226; Vega de Yuco","og_description":"Halbs\u00fc\u00dfer Wei\u00dfwein mit Nuancen, die eine perfekte Balance zwischen der nat\u00fcrlichen S\u00fc\u00dfe der verwendeten Trauben und der Frische der Malvas\u00eda-Traube schaffen.","og_url":"https:\/\/www.vegadeyuco.com\/de\/halbsuesser-weisswein\/","og_site_name":"Vega de Yuco","article_publisher":"https:\/\/www.facebook.com\/vegadeyuco","article_modified_time":"2026-01-08T14:59:13+00:00","og_image":[{"url":"https:\/\/www.vegadeyuco.com\/wp-content\/uploads\/2017\/01\/Yaiza-semidulce.png","type":"","width":"","height":""}],"twitter_card":"summary_large_image","twitter_misc":{"Gesch\u00e4tzte Lesezeit":"1\u00a0Minute"},"schema":{"@context":"https:\/\/schema.org","@graph":[{"@type":"WebPage","@id":"https:\/\/www.vegadeyuco.com\/de\/halbsuesser-weisswein\/","url":"https:\/\/www.vegadeyuco.com\/de\/halbsuesser-weisswein\/","name":"Halbs\u00fc\u00dfer Wei\u00dfwein &#8226; Vega de Yuco","isPartOf":{"@id":"https:\/\/www.vegadeyuco.com\/de\/#website"},"primaryImageOfPage":{"@id":"https:\/\/www.vegadeyuco.com\/de\/halbsuesser-weisswein\/#primaryimage"},"image":{"@id":"https:\/\/www.vegadeyuco.com\/de\/halbsuesser-weisswein\/#primaryimage"},"thumbnailUrl":"https:\/\/www.vegadeyuco.com\/wp-content\/uploads\/2017\/01\/Yaiza-semidulce.png","datePublished":"2019-11-29T13:15:31+00:00","dateModified":"2026-01-08T14:59:13+00:00","description":"Halbs\u00fc\u00dfer Wei\u00dfwein mit Nuancen, die eine perfekte Balance zwischen der nat\u00fcrlichen S\u00fc\u00dfe der verwendeten Trauben und der Frische der Malvas\u00eda-Traube schaffen.","breadcrumb":{"@id":"https:\/\/www.vegadeyuco.com\/de\/halbsuesser-weisswein\/#breadcrumb"},"inLanguage":"de","potentialAction":[{"@type":"ReadAction","target":["https:\/\/www.vegadeyuco.com\/de\/halbsuesser-weisswein\/"]}]},{"@type":"ImageObject","inLanguage":"de","@id":"https:\/\/www.vegadeyuco.com\/de\/halbsuesser-weisswein\/#primaryimage","url":"https:\/\/www.vegadeyuco.com\/wp-content\/uploads\/2017\/01\/Yaiza-semidulce.png","contentUrl":"https:\/\/www.vegadeyuco.com\/wp-content\/uploads\/2017\/01\/Yaiza-semidulce.png"},{"@type":"BreadcrumbList","@id":"https:\/\/www.vegadeyuco.com\/de\/halbsuesser-weisswein\/#breadcrumb","itemListElement":[{"@type":"ListItem","position":1,"name":"Portada","item":"https:\/\/www.vegadeyuco.com\/de\/vega-de-yuco-weinkellerei-auf-lanzarote\/"},{"@type":"ListItem","position":2,"name":"Halbs\u00fc\u00dfer Wei\u00dfwein"}]},{"@type":"WebSite","@id":"https:\/\/www.vegadeyuco.com\/de\/#website","url":"https:\/\/www.vegadeyuco.com\/de\/","name":"Vega de Yuco","description":"Bodegas y Vi\u00f1edos Vega de Yuco en Lanzarote, una bodega tradicional Canaria que destila autenticidad e innovaci\u00f3n. ","publisher":{"@id":"https:\/\/www.vegadeyuco.com\/de\/#organization"},"potentialAction":[{"@type":"SearchAction","target":{"@type":"EntryPoint","urlTemplate":"https:\/\/www.vegadeyuco.com\/de\/?s={search_term_string}"},"query-input":{"@type":"PropertyValueSpecification","valueRequired":true,"valueName":"search_term_string"}}],"inLanguage":"de"},{"@type":"Organization","@id":"https:\/\/www.vegadeyuco.com\/de\/#organization","name":"Bodegas Vega de Yuco","url":"https:\/\/www.vegadeyuco.com\/de\/","logo":{"@type":"ImageObject","inLanguage":"de","@id":"https:\/\/www.vegadeyuco.com\/de\/#\/schema\/logo\/image\/","url":"https:\/\/www.vegadeyuco.com\/wp-content\/uploads\/2020\/01\/LOGO_VEGADEYUCO_cabecera_pedidos.png","contentUrl":"https:\/\/www.vegadeyuco.com\/wp-content\/uploads\/2020\/01\/LOGO_VEGADEYUCO_cabecera_pedidos.png","width":250,"height":150,"caption":"Bodegas Vega de Yuco"},"image":{"@id":"https:\/\/www.vegadeyuco.com\/de\/#\/schema\/logo\/image\/"},"sameAs":["https:\/\/www.facebook.com\/vegadeyuco","https:\/\/www.instagram.com\/vegadeyuco\/","https:\/\/www.youtube.com\/channel\/UCmDMkmxMCvbSXTLTAs3DM7A"]}]}},"post_mailing_queue_ids":[],"_links":{"self":[{"href":"https:\/\/www.vegadeyuco.com\/de\/wp-json\/wp\/v2\/pages\/27370","targetHints":{"allow":["GET"]}}],"collection":[{"href":"https:\/\/www.vegadeyuco.com\/de\/wp-json\/wp\/v2\/pages"}],"about":[{"href":"https:\/\/www.vegadeyuco.com\/de\/wp-json\/wp\/v2\/types\/page"}],"author":[{"embeddable":true,"href":"https:\/\/www.vegadeyuco.com\/de\/wp-json\/wp\/v2\/users\/1"}],"replies":[{"embeddable":true,"href":"https:\/\/www.vegadeyuco.com\/de\/wp-json\/wp\/v2\/comments?post=27370"}],"version-history":[{"count":1,"href":"https:\/\/www.vegadeyuco.com\/de\/wp-json\/wp\/v2\/pages\/27370\/revisions"}],"predecessor-version":[{"id":27371,"href":"https:\/\/www.vegadeyuco.com\/de\/wp-json\/wp\/v2\/pages\/27370\/revisions\/27371"}],"wp:attachment":[{"href":"https:\/\/www.vegadeyuco.com\/de\/wp-json\/wp\/v2\/media?parent=27370"}],"curies":[{"name":"wp","href":"https:\/\/api.w.org\/{rel}","templated":true}]}}