{"id":27373,"date":"2019-11-30T12:26:01","date_gmt":"2019-11-30T12:26:01","guid":{"rendered":"https:\/\/www.vegadeyuco.com\/unterhaltsame-weine\/"},"modified":"2026-01-08T15:02:30","modified_gmt":"2026-01-08T15:02:30","slug":"unterhaltsame-weine","status":"publish","type":"page","link":"https:\/\/www.vegadeyuco.com\/de\/unterhaltsame-weine\/","title":{"rendered":"Unterhaltsame Weine"},"content":{"rendered":"\t\t<div data-elementor-type=\"wp-page\" data-elementor-id=\"27373\" class=\"elementor elementor-27373 elementor-2994\" data-elementor-post-type=\"page\">\n\t\t\t\t<div class=\"elementor-element elementor-element-d64f537 e-flex e-con-boxed e-con e-parent\" data-id=\"d64f537\" data-element_type=\"container\">\n\t\t\t\t\t<div class=\"e-con-inner\">\n\t\t<div class=\"elementor-element elementor-element-5358914 e-con-full e-flex e-con e-child\" data-id=\"5358914\" data-element_type=\"container\">\n\t\t\t\t<div class=\"elementor-element elementor-element-b990328 elementor-widget elementor-widget-heading\" data-id=\"b990328\" data-element_type=\"widget\" data-widget_type=\"heading.default\">\n\t\t\t\t<div class=\"elementor-widget-container\">\n\t\t\t\t\t<h1 class=\"elementor-heading-title elementor-size-default\">Unterhaltsame Weine<\/h1>\t\t\t\t<\/div>\n\t\t\t\t<\/div>\n\t\t\t\t<div class=\"elementor-element elementor-element-c5e0c19 elementor-widget elementor-widget-text-editor\" data-id=\"c5e0c19\" data-element_type=\"widget\" data-widget_type=\"text-editor.default\">\n\t\t\t\t<div class=\"elementor-widget-container\">\n\t\t\t\t\t\t\t\t\t<p>Bodegas Vega de Yuco strebt bei allen seinen Produkten und <a href=\"https:\/\/www.vegadeyuco.com\/de\/alle-weine\/\"><strong>Weinlinien<\/strong> <\/a>nach Exzellenz, und die <a href=\"https:\/\/www.vegadeyuco.com\/Tienda\/da-ch-frizante\/\">Weine +Dach (Masdache) <\/a>bilden da keine Ausnahme. Es handelt sich um <strong>junge, frische und unterhaltsame Weine<\/strong>, die zu jeder Jahreszeit genossen werden k\u00f6nnen. <\/p><p>Die Produktion ist begrenzt und die Herstellung erfolgt vollst\u00e4ndig in Handarbeit, Flasche f\u00fcr Flasche, mit dem Wert, den nur einzigartige und besondere Dinge wie dieser Wein haben k\u00f6nnen.<\/p><p>Es handelt sich um Perlweine im Stil der portugiesischen Vinho Verde, mit hundertprozentig kanarischem Charakter, hergestellt aus den besten Trauben der Herkunftsbezeichnung Lanzarote.<\/p><p>Feine Perlage, spritzig und intensiv, s\u00fc\u00df, aber ausgewogen und sehr angenehm im Geschmack. \u00dcberrascht fast jeden, der ihn probiert. <\/p>\t\t\t\t\t\t\t\t<\/div>\n\t\t\t\t<\/div>\n\t\t\t\t<\/div>\n\t\t<div class=\"elementor-element elementor-element-50c6808 e-con-full e-flex e-con e-child\" data-id=\"50c6808\" data-element_type=\"container\">\n\t\t\t\t<div class=\"elementor-element elementor-element-9fbde91 elementor-widget elementor-widget-image\" data-id=\"9fbde91\" data-element_type=\"widget\" data-widget_type=\"image.default\">\n\t\t\t\t<div class=\"elementor-widget-container\">\n\t\t\t\t\t\t\t\t\t\t\t\t\t\t\t<img fetchpriority=\"high\" decoding=\"async\" width=\"1000\" height=\"1000\" src=\"https:\/\/www.vegadeyuco.com\/wp-content\/uploads\/2020\/11\/Dach-divertido-frizante.png\" class=\"attachment-full size-full wp-image-27372\" alt=\"\" srcset=\"https:\/\/www.vegadeyuco.com\/wp-content\/uploads\/2020\/11\/Dach-divertido-frizante.png 1000w, https:\/\/www.vegadeyuco.com\/wp-content\/uploads\/2020\/11\/Dach-divertido-frizante-300x300.png 300w, https:\/\/www.vegadeyuco.com\/wp-content\/uploads\/2020\/11\/Dach-divertido-frizante-150x150.png 150w, https:\/\/www.vegadeyuco.com\/wp-content\/uploads\/2020\/11\/Dach-divertido-frizante-768x768.png 768w, https:\/\/www.vegadeyuco.com\/wp-content\/uploads\/2020\/11\/Dach-divertido-frizante-100x100.png 100w\" sizes=\"(max-width: 1000px) 100vw, 1000px\" \/>\t\t\t\t\t\t\t\t\t\t\t\t\t\t\t<\/div>\n\t\t\t\t<\/div>\n\t\t\t\t<\/div>\n\t\t\t\t\t<\/div>\n\t\t\t\t<\/div>\n\t\t<div class=\"elementor-element elementor-element-6c4e769 e-flex e-con-boxed e-con e-parent\" data-id=\"6c4e769\" data-element_type=\"container\">\n\t\t\t\t\t<div class=\"e-con-inner\">\n\t\t<div class=\"elementor-element elementor-element-d619a8d e-con-full e-flex e-con e-child\" data-id=\"d619a8d\" data-element_type=\"container\">\n\t\t\t\t<\/div>\n\t\t\t\t\t<\/div>\n\t\t\t\t<\/div>\n\t\t\t\t<\/div>\n\t\t","protected":false},"excerpt":{"rendered":"<p>Unterhaltsame Weine Bodegas Vega de Yuco strebt bei allen seinen Produkten und Weinlinien nach Exzellenz, und die Weine +Dach (Masdache) bilden da keine Ausnahme. Es handelt sich um junge, frische und unterhaltsame Weine, die zu jeder Jahreszeit genossen werden k\u00f6nnen. Die Produktion ist begrenzt und die Herstellung erfolgt vollst\u00e4ndig in Handarbeit, Flasche f\u00fcr Flasche, mit [&hellip;]<\/p>\n","protected":false},"author":1,"featured_media":0,"parent":0,"menu_order":0,"comment_status":"closed","ping_status":"closed","template":"","meta":{"footnotes":""},"class_list":["post-27373","page","type-page","status-publish","hentry"],"yoast_head":"<!-- This site is optimized with the Yoast SEO plugin v26.8 - https:\/\/yoast.com\/product\/yoast-seo-wordpress\/ -->\n<title>Unterhaltsame Weine &#8226; Vega de Yuco<\/title>\n<meta name=\"description\" content=\"Ein junger, frischer und unterhaltsamer Wein aus Lanzarote, der zu jeder Jahreszeit genossen werden kann und handwerklich hergestellt wird.\" \/>\n<meta name=\"robots\" content=\"index, follow, max-snippet:-1, max-image-preview:large, max-video-preview:-1\" \/>\n<link rel=\"canonical\" href=\"https:\/\/www.vegadeyuco.com\/de\/unterhaltsame-weine\/\" \/>\n<meta property=\"og:locale\" content=\"de_DE\" \/>\n<meta property=\"og:type\" content=\"article\" \/>\n<meta property=\"og:title\" content=\"Unterhaltsame Weine &#8226; Vega de Yuco\" \/>\n<meta property=\"og:description\" content=\"Ein junger, frischer und unterhaltsamer Wein aus Lanzarote, der zu jeder Jahreszeit genossen werden kann und handwerklich hergestellt wird.\" \/>\n<meta property=\"og:url\" content=\"https:\/\/www.vegadeyuco.com\/de\/unterhaltsame-weine\/\" \/>\n<meta property=\"og:site_name\" content=\"Vega de Yuco\" \/>\n<meta property=\"article:publisher\" content=\"https:\/\/www.facebook.com\/vegadeyuco\" \/>\n<meta property=\"article:modified_time\" content=\"2026-01-08T15:02:30+00:00\" \/>\n<meta property=\"og:image\" content=\"https:\/\/www.vegadeyuco.com\/wp-content\/uploads\/2020\/11\/Dach-divertido-frizante.png\" \/>\n<meta name=\"twitter:card\" content=\"summary_large_image\" \/>\n<meta name=\"twitter:label1\" content=\"Gesch\u00e4tzte Lesezeit\" \/>\n\t<meta name=\"twitter:data1\" content=\"1\u00a0Minute\" \/>\n<script type=\"application\/ld+json\" class=\"yoast-schema-graph\">{\"@context\":\"https:\/\/schema.org\",\"@graph\":[{\"@type\":\"WebPage\",\"@id\":\"https:\/\/www.vegadeyuco.com\/de\/unterhaltsame-weine\/\",\"url\":\"https:\/\/www.vegadeyuco.com\/de\/unterhaltsame-weine\/\",\"name\":\"Unterhaltsame Weine &#8226; Vega de Yuco\",\"isPartOf\":{\"@id\":\"https:\/\/www.vegadeyuco.com\/de\/#website\"},\"primaryImageOfPage\":{\"@id\":\"https:\/\/www.vegadeyuco.com\/de\/unterhaltsame-weine\/#primaryimage\"},\"image\":{\"@id\":\"https:\/\/www.vegadeyuco.com\/de\/unterhaltsame-weine\/#primaryimage\"},\"thumbnailUrl\":\"https:\/\/www.vegadeyuco.com\/wp-content\/uploads\/2020\/11\/Dach-divertido-frizante.png\",\"datePublished\":\"2019-11-30T12:26:01+00:00\",\"dateModified\":\"2026-01-08T15:02:30+00:00\",\"description\":\"Ein junger, frischer und unterhaltsamer Wein aus Lanzarote, der zu jeder Jahreszeit genossen werden kann und handwerklich hergestellt wird.\",\"breadcrumb\":{\"@id\":\"https:\/\/www.vegadeyuco.com\/de\/unterhaltsame-weine\/#breadcrumb\"},\"inLanguage\":\"de\",\"potentialAction\":[{\"@type\":\"ReadAction\",\"target\":[\"https:\/\/www.vegadeyuco.com\/de\/unterhaltsame-weine\/\"]}]},{\"@type\":\"ImageObject\",\"inLanguage\":\"de\",\"@id\":\"https:\/\/www.vegadeyuco.com\/de\/unterhaltsame-weine\/#primaryimage\",\"url\":\"https:\/\/www.vegadeyuco.com\/wp-content\/uploads\/2020\/11\/Dach-divertido-frizante.png\",\"contentUrl\":\"https:\/\/www.vegadeyuco.com\/wp-content\/uploads\/2020\/11\/Dach-divertido-frizante.png\"},{\"@type\":\"BreadcrumbList\",\"@id\":\"https:\/\/www.vegadeyuco.com\/de\/unterhaltsame-weine\/#breadcrumb\",\"itemListElement\":[{\"@type\":\"ListItem\",\"position\":1,\"name\":\"Portada\",\"item\":\"https:\/\/www.vegadeyuco.com\/de\/vega-de-yuco-weinkellerei-auf-lanzarote\/\"},{\"@type\":\"ListItem\",\"position\":2,\"name\":\"Unterhaltsame Weine\"}]},{\"@type\":\"WebSite\",\"@id\":\"https:\/\/www.vegadeyuco.com\/de\/#website\",\"url\":\"https:\/\/www.vegadeyuco.com\/de\/\",\"name\":\"Vega de Yuco\",\"description\":\"Bodegas y Vi\u00f1edos Vega de Yuco en Lanzarote, una bodega tradicional Canaria que destila autenticidad e innovaci\u00f3n. \",\"publisher\":{\"@id\":\"https:\/\/www.vegadeyuco.com\/de\/#organization\"},\"potentialAction\":[{\"@type\":\"SearchAction\",\"target\":{\"@type\":\"EntryPoint\",\"urlTemplate\":\"https:\/\/www.vegadeyuco.com\/de\/?s={search_term_string}\"},\"query-input\":{\"@type\":\"PropertyValueSpecification\",\"valueRequired\":true,\"valueName\":\"search_term_string\"}}],\"inLanguage\":\"de\"},{\"@type\":\"Organization\",\"@id\":\"https:\/\/www.vegadeyuco.com\/de\/#organization\",\"name\":\"Bodegas Vega de Yuco\",\"url\":\"https:\/\/www.vegadeyuco.com\/de\/\",\"logo\":{\"@type\":\"ImageObject\",\"inLanguage\":\"de\",\"@id\":\"https:\/\/www.vegadeyuco.com\/de\/#\/schema\/logo\/image\/\",\"url\":\"https:\/\/www.vegadeyuco.com\/wp-content\/uploads\/2020\/01\/LOGO_VEGADEYUCO_cabecera_pedidos.png\",\"contentUrl\":\"https:\/\/www.vegadeyuco.com\/wp-content\/uploads\/2020\/01\/LOGO_VEGADEYUCO_cabecera_pedidos.png\",\"width\":250,\"height\":150,\"caption\":\"Bodegas Vega de Yuco\"},\"image\":{\"@id\":\"https:\/\/www.vegadeyuco.com\/de\/#\/schema\/logo\/image\/\"},\"sameAs\":[\"https:\/\/www.facebook.com\/vegadeyuco\",\"https:\/\/www.instagram.com\/vegadeyuco\/\",\"https:\/\/www.youtube.com\/channel\/UCmDMkmxMCvbSXTLTAs3DM7A\"]}]}<\/script>\n<!-- \/ Yoast SEO plugin. -->","yoast_head_json":{"title":"Unterhaltsame Weine &#8226; Vega de Yuco","description":"Ein junger, frischer und unterhaltsamer Wein aus Lanzarote, der zu jeder Jahreszeit genossen werden kann und handwerklich hergestellt wird.","robots":{"index":"index","follow":"follow","max-snippet":"max-snippet:-1","max-image-preview":"max-image-preview:large","max-video-preview":"max-video-preview:-1"},"canonical":"https:\/\/www.vegadeyuco.com\/de\/unterhaltsame-weine\/","og_locale":"de_DE","og_type":"article","og_title":"Unterhaltsame Weine &#8226; Vega de Yuco","og_description":"Ein junger, frischer und unterhaltsamer Wein aus Lanzarote, der zu jeder Jahreszeit genossen werden kann und handwerklich hergestellt wird.","og_url":"https:\/\/www.vegadeyuco.com\/de\/unterhaltsame-weine\/","og_site_name":"Vega de Yuco","article_publisher":"https:\/\/www.facebook.com\/vegadeyuco","article_modified_time":"2026-01-08T15:02:30+00:00","og_image":[{"url":"https:\/\/www.vegadeyuco.com\/wp-content\/uploads\/2020\/11\/Dach-divertido-frizante.png","type":"","width":"","height":""}],"twitter_card":"summary_large_image","twitter_misc":{"Gesch\u00e4tzte Lesezeit":"1\u00a0Minute"},"schema":{"@context":"https:\/\/schema.org","@graph":[{"@type":"WebPage","@id":"https:\/\/www.vegadeyuco.com\/de\/unterhaltsame-weine\/","url":"https:\/\/www.vegadeyuco.com\/de\/unterhaltsame-weine\/","name":"Unterhaltsame Weine &#8226; Vega de Yuco","isPartOf":{"@id":"https:\/\/www.vegadeyuco.com\/de\/#website"},"primaryImageOfPage":{"@id":"https:\/\/www.vegadeyuco.com\/de\/unterhaltsame-weine\/#primaryimage"},"image":{"@id":"https:\/\/www.vegadeyuco.com\/de\/unterhaltsame-weine\/#primaryimage"},"thumbnailUrl":"https:\/\/www.vegadeyuco.com\/wp-content\/uploads\/2020\/11\/Dach-divertido-frizante.png","datePublished":"2019-11-30T12:26:01+00:00","dateModified":"2026-01-08T15:02:30+00:00","description":"Ein junger, frischer und unterhaltsamer Wein aus Lanzarote, der zu jeder Jahreszeit genossen werden kann und handwerklich hergestellt wird.","breadcrumb":{"@id":"https:\/\/www.vegadeyuco.com\/de\/unterhaltsame-weine\/#breadcrumb"},"inLanguage":"de","potentialAction":[{"@type":"ReadAction","target":["https:\/\/www.vegadeyuco.com\/de\/unterhaltsame-weine\/"]}]},{"@type":"ImageObject","inLanguage":"de","@id":"https:\/\/www.vegadeyuco.com\/de\/unterhaltsame-weine\/#primaryimage","url":"https:\/\/www.vegadeyuco.com\/wp-content\/uploads\/2020\/11\/Dach-divertido-frizante.png","contentUrl":"https:\/\/www.vegadeyuco.com\/wp-content\/uploads\/2020\/11\/Dach-divertido-frizante.png"},{"@type":"BreadcrumbList","@id":"https:\/\/www.vegadeyuco.com\/de\/unterhaltsame-weine\/#breadcrumb","itemListElement":[{"@type":"ListItem","position":1,"name":"Portada","item":"https:\/\/www.vegadeyuco.com\/de\/vega-de-yuco-weinkellerei-auf-lanzarote\/"},{"@type":"ListItem","position":2,"name":"Unterhaltsame Weine"}]},{"@type":"WebSite","@id":"https:\/\/www.vegadeyuco.com\/de\/#website","url":"https:\/\/www.vegadeyuco.com\/de\/","name":"Vega de Yuco","description":"Bodegas y Vi\u00f1edos Vega de Yuco en Lanzarote, una bodega tradicional Canaria que destila autenticidad e innovaci\u00f3n. ","publisher":{"@id":"https:\/\/www.vegadeyuco.com\/de\/#organization"},"potentialAction":[{"@type":"SearchAction","target":{"@type":"EntryPoint","urlTemplate":"https:\/\/www.vegadeyuco.com\/de\/?s={search_term_string}"},"query-input":{"@type":"PropertyValueSpecification","valueRequired":true,"valueName":"search_term_string"}}],"inLanguage":"de"},{"@type":"Organization","@id":"https:\/\/www.vegadeyuco.com\/de\/#organization","name":"Bodegas Vega de Yuco","url":"https:\/\/www.vegadeyuco.com\/de\/","logo":{"@type":"ImageObject","inLanguage":"de","@id":"https:\/\/www.vegadeyuco.com\/de\/#\/schema\/logo\/image\/","url":"https:\/\/www.vegadeyuco.com\/wp-content\/uploads\/2020\/01\/LOGO_VEGADEYUCO_cabecera_pedidos.png","contentUrl":"https:\/\/www.vegadeyuco.com\/wp-content\/uploads\/2020\/01\/LOGO_VEGADEYUCO_cabecera_pedidos.png","width":250,"height":150,"caption":"Bodegas Vega de Yuco"},"image":{"@id":"https:\/\/www.vegadeyuco.com\/de\/#\/schema\/logo\/image\/"},"sameAs":["https:\/\/www.facebook.com\/vegadeyuco","https:\/\/www.instagram.com\/vegadeyuco\/","https:\/\/www.youtube.com\/channel\/UCmDMkmxMCvbSXTLTAs3DM7A"]}]}},"post_mailing_queue_ids":[],"_links":{"self":[{"href":"https:\/\/www.vegadeyuco.com\/de\/wp-json\/wp\/v2\/pages\/27373","targetHints":{"allow":["GET"]}}],"collection":[{"href":"https:\/\/www.vegadeyuco.com\/de\/wp-json\/wp\/v2\/pages"}],"about":[{"href":"https:\/\/www.vegadeyuco.com\/de\/wp-json\/wp\/v2\/types\/page"}],"author":[{"embeddable":true,"href":"https:\/\/www.vegadeyuco.com\/de\/wp-json\/wp\/v2\/users\/1"}],"replies":[{"embeddable":true,"href":"https:\/\/www.vegadeyuco.com\/de\/wp-json\/wp\/v2\/comments?post=27373"}],"version-history":[{"count":2,"href":"https:\/\/www.vegadeyuco.com\/de\/wp-json\/wp\/v2\/pages\/27373\/revisions"}],"predecessor-version":[{"id":27375,"href":"https:\/\/www.vegadeyuco.com\/de\/wp-json\/wp\/v2\/pages\/27373\/revisions\/27375"}],"wp:attachment":[{"href":"https:\/\/www.vegadeyuco.com\/de\/wp-json\/wp\/v2\/media?parent=27373"}],"curies":[{"name":"wp","href":"https:\/\/api.w.org\/{rel}","templated":true}]}}