{"id":27378,"date":"2019-11-30T12:36:52","date_gmt":"2019-11-30T12:36:52","guid":{"rendered":"https:\/\/www.vegadeyuco.com\/suessweine\/"},"modified":"2026-01-08T15:03:59","modified_gmt":"2026-01-08T15:03:59","slug":"suessweine","status":"publish","type":"page","link":"https:\/\/www.vegadeyuco.com\/de\/suessweine\/","title":{"rendered":"S\u00fc\u00dfweine"},"content":{"rendered":"\t\t<div data-elementor-type=\"wp-page\" data-elementor-id=\"27378\" class=\"elementor elementor-27378 elementor-2999\" data-elementor-post-type=\"page\">\n\t\t\t\t<div class=\"elementor-element elementor-element-35a1c39 e-flex e-con-boxed e-con e-parent\" data-id=\"35a1c39\" data-element_type=\"container\">\n\t\t\t\t\t<div class=\"e-con-inner\">\n\t\t<div class=\"elementor-element elementor-element-155556d e-con-full e-flex e-con e-child\" data-id=\"155556d\" data-element_type=\"container\">\n\t\t\t\t<div class=\"elementor-element elementor-element-651d36c elementor-widget elementor-widget-heading\" data-id=\"651d36c\" data-element_type=\"widget\" data-widget_type=\"heading.default\">\n\t\t\t\t<div class=\"elementor-widget-container\">\n\t\t\t\t\t<h1 class=\"elementor-heading-title elementor-size-default\">S\u00fc\u00dfweine<\/h1>\t\t\t\t<\/div>\n\t\t\t\t<\/div>\n\t\t\t\t<div class=\"elementor-element elementor-element-6036bcb elementor-widget elementor-widget-text-editor\" data-id=\"6036bcb\" data-element_type=\"widget\" data-widget_type=\"text-editor.default\">\n\t\t\t\t<div class=\"elementor-widget-container\">\n\t\t\t\t\t\t\t\t\t<p>Die s\u00fc\u00dfen Weine der Kanarischen Inseln wurden schon von Shakespeare und anderen ber\u00fchmten Pers\u00f6nlichkeiten unserer Geschichte gepriesen. Auf Lanzarote sind sie ein wichtiger Teil unserer Traditionen, unseres kulturellen Erbes und unserer kanarischen Identit\u00e4t, aber auch heute noch werden sie von Weinexperten als gro\u00dfartige Weine gesch\u00e4tzt und hoch bewertet. <\/p><p>In den Bodegas Vega de Yuco werden mehrere dieser S\u00fc\u00dfweine aus den beliebtesten Rebsorten Lanzarotes hergestellt. Aus <a href=\"https:\/\/www.vegadeyuco.com\/tinto\/\">List\u00e1n Negro<\/a>, einem au\u00dfergew\u00f6hnlichen S\u00fc\u00dfrotwein, dessen Trauben sp\u00e4t von \u00fcberreifen Parzellen geerntet werden, und aus der Rebsorte <a href=\"https:\/\/www.vegadeyuco.com\/Tienda\/famara-moscatel-dulce\/\">Moscatel <\/a>de Lanzarote, die ebenfalls \u00fcberreif von der Rebe geerntet wird. Ein Wein, der die Essenz einer fast handwerklichen Herstellung bewahrt und mit Wachs versiegelt ist.  <\/p><p>Das Kronjuwel des Weinguts pr\u00e4sentiert sich in einer eleganten Sonderausgabe dieses <a href=\"https:\/\/www.vegadeyuco.com\/libro-licores-tradicionales\/\">traditionellen <\/a><a href=\"https:\/\/www.vegadeyuco.com\/Tienda\/aurum-vino-de-licor-moscatel\/\">Lik\u00f6rweins<\/a>, der alle Liebhaber guter S\u00fc\u00dfweine begeistert. Seine oxidative Reifung in F\u00e4ssern aus bestem ungarischem Eichenholz mit einer Solera von mehr als einem Jahrzehnt macht ihn unwiderstehlich. <\/p>\t\t\t\t\t\t\t\t<\/div>\n\t\t\t\t<\/div>\n\t\t\t\t<\/div>\n\t\t<div class=\"elementor-element elementor-element-2298488 e-con-full e-flex e-con e-child\" data-id=\"2298488\" data-element_type=\"container\">\n\t\t\t\t<div class=\"elementor-element elementor-element-9eb7fa9 elementor-widget elementor-widget-image\" data-id=\"9eb7fa9\" data-element_type=\"widget\" data-widget_type=\"image.default\">\n\t\t\t\t<div class=\"elementor-widget-container\">\n\t\t\t\t\t\t\t\t\t\t\t\t\t\t\t<img fetchpriority=\"high\" decoding=\"async\" width=\"1000\" height=\"1000\" src=\"https:\/\/www.vegadeyuco.com\/wp-content\/uploads\/2021\/01\/Aurum-dulce-2.png\" class=\"attachment-full size-full wp-image-27377\" alt=\"\" srcset=\"https:\/\/www.vegadeyuco.com\/wp-content\/uploads\/2021\/01\/Aurum-dulce-2.png 1000w, https:\/\/www.vegadeyuco.com\/wp-content\/uploads\/2021\/01\/Aurum-dulce-2-300x300.png 300w, https:\/\/www.vegadeyuco.com\/wp-content\/uploads\/2021\/01\/Aurum-dulce-2-150x150.png 150w, https:\/\/www.vegadeyuco.com\/wp-content\/uploads\/2021\/01\/Aurum-dulce-2-768x768.png 768w, https:\/\/www.vegadeyuco.com\/wp-content\/uploads\/2021\/01\/Aurum-dulce-2-100x100.png 100w\" sizes=\"(max-width: 1000px) 100vw, 1000px\" \/>\t\t\t\t\t\t\t\t\t\t\t\t\t\t\t<\/div>\n\t\t\t\t<\/div>\n\t\t\t\t<\/div>\n\t\t\t\t\t<\/div>\n\t\t\t\t<\/div>\n\t\t<div class=\"elementor-element elementor-element-ec52317 e-flex e-con-boxed e-con e-parent\" data-id=\"ec52317\" data-element_type=\"container\">\n\t\t\t\t\t<div class=\"e-con-inner\">\n\t\t<div class=\"elementor-element elementor-element-b6092c5 e-con-full e-flex e-con e-child\" data-id=\"b6092c5\" data-element_type=\"container\">\n\t\t\t\t<\/div>\n\t\t\t\t\t<\/div>\n\t\t\t\t<\/div>\n\t\t\t\t<\/div>\n\t\t","protected":false},"excerpt":{"rendered":"<p>S\u00fc\u00dfweine Die s\u00fc\u00dfen Weine der Kanarischen Inseln wurden schon von Shakespeare und anderen ber\u00fchmten Pers\u00f6nlichkeiten unserer Geschichte gepriesen. Auf Lanzarote sind sie ein wichtiger Teil unserer Traditionen, unseres kulturellen Erbes und unserer kanarischen Identit\u00e4t, aber auch heute noch werden sie von Weinexperten als gro\u00dfartige Weine gesch\u00e4tzt und hoch bewertet. In den Bodegas Vega de Yuco [&hellip;]<\/p>\n","protected":false},"author":1,"featured_media":0,"parent":0,"menu_order":0,"comment_status":"closed","ping_status":"closed","template":"","meta":{"footnotes":""},"class_list":["post-27378","page","type-page","status-publish","hentry"],"yoast_head":"<!-- This site is optimized with the Yoast SEO plugin v26.8 - https:\/\/yoast.com\/product\/yoast-seo-wordpress\/ -->\n<title>S\u00fc\u00dfweine &#8226; Vega de Yuco<\/title>\n<meta name=\"description\" content=\"S\u00fc\u00dfweine aus Lanzarote, hergestellt aus bestem Muskateller. Eine elegante Sonderausgabe dieses traditionellen Lik\u00f6rweins.\" \/>\n<meta name=\"robots\" content=\"index, follow, max-snippet:-1, max-image-preview:large, max-video-preview:-1\" \/>\n<link rel=\"canonical\" href=\"https:\/\/www.vegadeyuco.com\/de\/suessweine\/\" \/>\n<meta property=\"og:locale\" content=\"de_DE\" \/>\n<meta property=\"og:type\" content=\"article\" \/>\n<meta property=\"og:title\" content=\"S\u00fc\u00dfweine &#8226; Vega de Yuco\" \/>\n<meta property=\"og:description\" content=\"S\u00fc\u00dfweine aus Lanzarote, hergestellt aus bestem Muskateller. Eine elegante Sonderausgabe dieses traditionellen Lik\u00f6rweins.\" \/>\n<meta property=\"og:url\" content=\"https:\/\/www.vegadeyuco.com\/de\/suessweine\/\" \/>\n<meta property=\"og:site_name\" content=\"Vega de Yuco\" \/>\n<meta property=\"article:publisher\" content=\"https:\/\/www.facebook.com\/vegadeyuco\" \/>\n<meta property=\"article:modified_time\" content=\"2026-01-08T15:03:59+00:00\" \/>\n<meta property=\"og:image\" content=\"https:\/\/www.vegadeyuco.com\/wp-content\/uploads\/2021\/01\/Aurum-dulce-2.png\" \/>\n\t<meta property=\"og:image:width\" content=\"1000\" \/>\n\t<meta property=\"og:image:height\" content=\"1000\" \/>\n\t<meta property=\"og:image:type\" content=\"image\/png\" \/>\n<meta name=\"twitter:card\" content=\"summary_large_image\" \/>\n<meta name=\"twitter:label1\" content=\"Gesch\u00e4tzte Lesezeit\" \/>\n\t<meta name=\"twitter:data1\" content=\"1\u00a0Minute\" \/>\n<script type=\"application\/ld+json\" class=\"yoast-schema-graph\">{\"@context\":\"https:\/\/schema.org\",\"@graph\":[{\"@type\":\"WebPage\",\"@id\":\"https:\/\/www.vegadeyuco.com\/de\/suessweine\/\",\"url\":\"https:\/\/www.vegadeyuco.com\/de\/suessweine\/\",\"name\":\"S\u00fc\u00dfweine &#8226; Vega de Yuco\",\"isPartOf\":{\"@id\":\"https:\/\/www.vegadeyuco.com\/de\/#website\"},\"primaryImageOfPage\":{\"@id\":\"https:\/\/www.vegadeyuco.com\/de\/suessweine\/#primaryimage\"},\"image\":{\"@id\":\"https:\/\/www.vegadeyuco.com\/de\/suessweine\/#primaryimage\"},\"thumbnailUrl\":\"https:\/\/www.vegadeyuco.com\/wp-content\/uploads\/2021\/01\/Aurum-dulce-2.png\",\"datePublished\":\"2019-11-30T12:36:52+00:00\",\"dateModified\":\"2026-01-08T15:03:59+00:00\",\"description\":\"S\u00fc\u00dfweine aus Lanzarote, hergestellt aus bestem Muskateller. Eine elegante Sonderausgabe dieses traditionellen Lik\u00f6rweins.\",\"breadcrumb\":{\"@id\":\"https:\/\/www.vegadeyuco.com\/de\/suessweine\/#breadcrumb\"},\"inLanguage\":\"de\",\"potentialAction\":[{\"@type\":\"ReadAction\",\"target\":[\"https:\/\/www.vegadeyuco.com\/de\/suessweine\/\"]}]},{\"@type\":\"ImageObject\",\"inLanguage\":\"de\",\"@id\":\"https:\/\/www.vegadeyuco.com\/de\/suessweine\/#primaryimage\",\"url\":\"https:\/\/www.vegadeyuco.com\/wp-content\/uploads\/2021\/01\/Aurum-dulce-2.png\",\"contentUrl\":\"https:\/\/www.vegadeyuco.com\/wp-content\/uploads\/2021\/01\/Aurum-dulce-2.png\"},{\"@type\":\"BreadcrumbList\",\"@id\":\"https:\/\/www.vegadeyuco.com\/de\/suessweine\/#breadcrumb\",\"itemListElement\":[{\"@type\":\"ListItem\",\"position\":1,\"name\":\"Portada\",\"item\":\"https:\/\/www.vegadeyuco.com\/de\/vega-de-yuco-weinkellerei-auf-lanzarote\/\"},{\"@type\":\"ListItem\",\"position\":2,\"name\":\"S\u00fc\u00dfweine\"}]},{\"@type\":\"WebSite\",\"@id\":\"https:\/\/www.vegadeyuco.com\/de\/#website\",\"url\":\"https:\/\/www.vegadeyuco.com\/de\/\",\"name\":\"Vega de Yuco\",\"description\":\"Bodegas y Vi\u00f1edos Vega de Yuco en Lanzarote, una bodega tradicional Canaria que destila autenticidad e innovaci\u00f3n. \",\"publisher\":{\"@id\":\"https:\/\/www.vegadeyuco.com\/de\/#organization\"},\"potentialAction\":[{\"@type\":\"SearchAction\",\"target\":{\"@type\":\"EntryPoint\",\"urlTemplate\":\"https:\/\/www.vegadeyuco.com\/de\/?s={search_term_string}\"},\"query-input\":{\"@type\":\"PropertyValueSpecification\",\"valueRequired\":true,\"valueName\":\"search_term_string\"}}],\"inLanguage\":\"de\"},{\"@type\":\"Organization\",\"@id\":\"https:\/\/www.vegadeyuco.com\/de\/#organization\",\"name\":\"Bodegas Vega de Yuco\",\"url\":\"https:\/\/www.vegadeyuco.com\/de\/\",\"logo\":{\"@type\":\"ImageObject\",\"inLanguage\":\"de\",\"@id\":\"https:\/\/www.vegadeyuco.com\/de\/#\/schema\/logo\/image\/\",\"url\":\"https:\/\/www.vegadeyuco.com\/wp-content\/uploads\/2020\/01\/LOGO_VEGADEYUCO_cabecera_pedidos.png\",\"contentUrl\":\"https:\/\/www.vegadeyuco.com\/wp-content\/uploads\/2020\/01\/LOGO_VEGADEYUCO_cabecera_pedidos.png\",\"width\":250,\"height\":150,\"caption\":\"Bodegas Vega de Yuco\"},\"image\":{\"@id\":\"https:\/\/www.vegadeyuco.com\/de\/#\/schema\/logo\/image\/\"},\"sameAs\":[\"https:\/\/www.facebook.com\/vegadeyuco\",\"https:\/\/www.instagram.com\/vegadeyuco\/\",\"https:\/\/www.youtube.com\/channel\/UCmDMkmxMCvbSXTLTAs3DM7A\"]}]}<\/script>\n<!-- \/ Yoast SEO plugin. -->","yoast_head_json":{"title":"S\u00fc\u00dfweine &#8226; Vega de Yuco","description":"S\u00fc\u00dfweine aus Lanzarote, hergestellt aus bestem Muskateller. Eine elegante Sonderausgabe dieses traditionellen Lik\u00f6rweins.","robots":{"index":"index","follow":"follow","max-snippet":"max-snippet:-1","max-image-preview":"max-image-preview:large","max-video-preview":"max-video-preview:-1"},"canonical":"https:\/\/www.vegadeyuco.com\/de\/suessweine\/","og_locale":"de_DE","og_type":"article","og_title":"S\u00fc\u00dfweine &#8226; Vega de Yuco","og_description":"S\u00fc\u00dfweine aus Lanzarote, hergestellt aus bestem Muskateller. Eine elegante Sonderausgabe dieses traditionellen Lik\u00f6rweins.","og_url":"https:\/\/www.vegadeyuco.com\/de\/suessweine\/","og_site_name":"Vega de Yuco","article_publisher":"https:\/\/www.facebook.com\/vegadeyuco","article_modified_time":"2026-01-08T15:03:59+00:00","og_image":[{"width":1000,"height":1000,"url":"https:\/\/www.vegadeyuco.com\/wp-content\/uploads\/2021\/01\/Aurum-dulce-2.png","type":"image\/png"}],"twitter_card":"summary_large_image","twitter_misc":{"Gesch\u00e4tzte Lesezeit":"1\u00a0Minute"},"schema":{"@context":"https:\/\/schema.org","@graph":[{"@type":"WebPage","@id":"https:\/\/www.vegadeyuco.com\/de\/suessweine\/","url":"https:\/\/www.vegadeyuco.com\/de\/suessweine\/","name":"S\u00fc\u00dfweine &#8226; Vega de Yuco","isPartOf":{"@id":"https:\/\/www.vegadeyuco.com\/de\/#website"},"primaryImageOfPage":{"@id":"https:\/\/www.vegadeyuco.com\/de\/suessweine\/#primaryimage"},"image":{"@id":"https:\/\/www.vegadeyuco.com\/de\/suessweine\/#primaryimage"},"thumbnailUrl":"https:\/\/www.vegadeyuco.com\/wp-content\/uploads\/2021\/01\/Aurum-dulce-2.png","datePublished":"2019-11-30T12:36:52+00:00","dateModified":"2026-01-08T15:03:59+00:00","description":"S\u00fc\u00dfweine aus Lanzarote, hergestellt aus bestem Muskateller. Eine elegante Sonderausgabe dieses traditionellen Lik\u00f6rweins.","breadcrumb":{"@id":"https:\/\/www.vegadeyuco.com\/de\/suessweine\/#breadcrumb"},"inLanguage":"de","potentialAction":[{"@type":"ReadAction","target":["https:\/\/www.vegadeyuco.com\/de\/suessweine\/"]}]},{"@type":"ImageObject","inLanguage":"de","@id":"https:\/\/www.vegadeyuco.com\/de\/suessweine\/#primaryimage","url":"https:\/\/www.vegadeyuco.com\/wp-content\/uploads\/2021\/01\/Aurum-dulce-2.png","contentUrl":"https:\/\/www.vegadeyuco.com\/wp-content\/uploads\/2021\/01\/Aurum-dulce-2.png"},{"@type":"BreadcrumbList","@id":"https:\/\/www.vegadeyuco.com\/de\/suessweine\/#breadcrumb","itemListElement":[{"@type":"ListItem","position":1,"name":"Portada","item":"https:\/\/www.vegadeyuco.com\/de\/vega-de-yuco-weinkellerei-auf-lanzarote\/"},{"@type":"ListItem","position":2,"name":"S\u00fc\u00dfweine"}]},{"@type":"WebSite","@id":"https:\/\/www.vegadeyuco.com\/de\/#website","url":"https:\/\/www.vegadeyuco.com\/de\/","name":"Vega de Yuco","description":"Bodegas y Vi\u00f1edos Vega de Yuco en Lanzarote, una bodega tradicional Canaria que destila autenticidad e innovaci\u00f3n. ","publisher":{"@id":"https:\/\/www.vegadeyuco.com\/de\/#organization"},"potentialAction":[{"@type":"SearchAction","target":{"@type":"EntryPoint","urlTemplate":"https:\/\/www.vegadeyuco.com\/de\/?s={search_term_string}"},"query-input":{"@type":"PropertyValueSpecification","valueRequired":true,"valueName":"search_term_string"}}],"inLanguage":"de"},{"@type":"Organization","@id":"https:\/\/www.vegadeyuco.com\/de\/#organization","name":"Bodegas Vega de Yuco","url":"https:\/\/www.vegadeyuco.com\/de\/","logo":{"@type":"ImageObject","inLanguage":"de","@id":"https:\/\/www.vegadeyuco.com\/de\/#\/schema\/logo\/image\/","url":"https:\/\/www.vegadeyuco.com\/wp-content\/uploads\/2020\/01\/LOGO_VEGADEYUCO_cabecera_pedidos.png","contentUrl":"https:\/\/www.vegadeyuco.com\/wp-content\/uploads\/2020\/01\/LOGO_VEGADEYUCO_cabecera_pedidos.png","width":250,"height":150,"caption":"Bodegas Vega de Yuco"},"image":{"@id":"https:\/\/www.vegadeyuco.com\/de\/#\/schema\/logo\/image\/"},"sameAs":["https:\/\/www.facebook.com\/vegadeyuco","https:\/\/www.instagram.com\/vegadeyuco\/","https:\/\/www.youtube.com\/channel\/UCmDMkmxMCvbSXTLTAs3DM7A"]}]}},"post_mailing_queue_ids":[],"_links":{"self":[{"href":"https:\/\/www.vegadeyuco.com\/de\/wp-json\/wp\/v2\/pages\/27378","targetHints":{"allow":["GET"]}}],"collection":[{"href":"https:\/\/www.vegadeyuco.com\/de\/wp-json\/wp\/v2\/pages"}],"about":[{"href":"https:\/\/www.vegadeyuco.com\/de\/wp-json\/wp\/v2\/types\/page"}],"author":[{"embeddable":true,"href":"https:\/\/www.vegadeyuco.com\/de\/wp-json\/wp\/v2\/users\/1"}],"replies":[{"embeddable":true,"href":"https:\/\/www.vegadeyuco.com\/de\/wp-json\/wp\/v2\/comments?post=27378"}],"version-history":[{"count":2,"href":"https:\/\/www.vegadeyuco.com\/de\/wp-json\/wp\/v2\/pages\/27378\/revisions"}],"predecessor-version":[{"id":27380,"href":"https:\/\/www.vegadeyuco.com\/de\/wp-json\/wp\/v2\/pages\/27378\/revisions\/27380"}],"wp:attachment":[{"href":"https:\/\/www.vegadeyuco.com\/de\/wp-json\/wp\/v2\/media?parent=27378"}],"curies":[{"name":"wp","href":"https:\/\/api.w.org\/{rel}","templated":true}]}}