{"id":27383,"date":"2024-06-06T15:33:17","date_gmt":"2024-06-06T14:33:17","guid":{"rendered":"https:\/\/www.vegadeyuco.com\/schaumweine\/"},"modified":"2026-01-08T15:05:27","modified_gmt":"2026-01-08T15:05:27","slug":"schaumweine","status":"publish","type":"page","link":"https:\/\/www.vegadeyuco.com\/de\/schaumweine\/","title":{"rendered":"Schaumweine"},"content":{"rendered":"\t\t<div data-elementor-type=\"wp-page\" data-elementor-id=\"27383\" class=\"elementor elementor-27383 elementor-21387\" data-elementor-post-type=\"page\">\n\t\t\t\t<div class=\"elementor-element elementor-element-734d53a e-flex e-con-boxed e-con e-parent\" data-id=\"734d53a\" data-element_type=\"container\">\n\t\t\t\t\t<div class=\"e-con-inner\">\n\t\t<div class=\"elementor-element elementor-element-4ceeeb9 e-con-full e-flex e-con e-child\" data-id=\"4ceeeb9\" data-element_type=\"container\">\n\t\t\t\t<div class=\"elementor-element elementor-element-ad4a986 elementor-widget elementor-widget-heading\" data-id=\"ad4a986\" data-element_type=\"widget\" data-widget_type=\"heading.default\">\n\t\t\t\t<div class=\"elementor-widget-container\">\n\t\t\t\t\t<h1 class=\"elementor-heading-title elementor-size-default\">Schaumweine<\/h1>\t\t\t\t<\/div>\n\t\t\t\t<\/div>\n\t\t\t\t<div class=\"elementor-element elementor-element-b28250a elementor-widget elementor-widget-text-editor\" data-id=\"b28250a\" data-element_type=\"widget\" data-widget_type=\"text-editor.default\">\n\t\t\t\t<div class=\"elementor-widget-container\">\n\t\t\t\t\t\t\t\t\t<p>Fr\u00fcher war die Rebe im S\u00fcden der Iberischen Halbinsel weit verbreitet, verschwand jedoch nach den Angriffen der Reblausplage Ende des 19. Jahrhunderts, von der fast alle europ\u00e4ischen Weinberge betroffen waren, fast vollst\u00e4ndig. Die Sorten Diego und List\u00e1n Blanca sind ebenso wie Malvas\u00eda Volc\u00e1nica und andere Sorten der Insel vor der Reblausplage entstanden und haben sich auf Lanzarote dank des Einfallsreichtums und der Anstrengungen der M\u00e4nner und Frauen dieser Insel erhalten, die es verstanden haben, dieses weltweit einzigartige und au\u00dferordentlich wertvolle nat\u00fcrliche Weinerbe zu bewahren. <\/p><p>Eleganz, Raffinesse und Originalit\u00e4t sind die herausragendsten Merkmale der Schaumweine von Bodegas Vega de Yuco. Sie werden aus Rebsorten gekeltert, die auf der Insel nur in geringen Mengen angebaut werden und, wie im Fall der Diego-Traube aus Lanzarote, vom Aussterben bedroht sind. <\/p><p>Aus dieser Rebsorte entsteht der gesch\u00e4tzte Brut Nature Princesa Fayna, der nach traditioneller Methode hergestellt wird, und aus List\u00e1n Blanco der neue Ancestral D&#8217;Yuco, der den Markt f\u00fcr Schaumweine auf Lanzarote im Sturm erobert. Wir laden Sie ein, sie zu entdecken, zu sch\u00e4tzen und zu genie\u00dfen.<\/p>\t\t\t\t\t\t\t\t<\/div>\n\t\t\t\t<\/div>\n\t\t\t\t<\/div>\n\t\t<div class=\"elementor-element elementor-element-2ccd69b e-con-full e-flex e-con e-child\" data-id=\"2ccd69b\" data-element_type=\"container\">\n\t\t\t\t<div class=\"elementor-element elementor-element-4f6b125 elementor-widget elementor-widget-image\" data-id=\"4f6b125\" data-element_type=\"widget\" data-widget_type=\"image.default\">\n\t\t\t\t<div class=\"elementor-widget-container\">\n\t\t\t\t\t\t\t\t\t\t\t\t\t\t\t<img fetchpriority=\"high\" decoding=\"async\" width=\"1000\" height=\"1000\" src=\"https:\/\/www.vegadeyuco.com\/wp-content\/uploads\/2021\/12\/Princesa-fayna.png\" class=\"attachment-full size-full wp-image-27382\" alt=\"\" srcset=\"https:\/\/www.vegadeyuco.com\/wp-content\/uploads\/2021\/12\/Princesa-fayna.png 1000w, https:\/\/www.vegadeyuco.com\/wp-content\/uploads\/2021\/12\/Princesa-fayna-300x300.png 300w, https:\/\/www.vegadeyuco.com\/wp-content\/uploads\/2021\/12\/Princesa-fayna-150x150.png 150w, https:\/\/www.vegadeyuco.com\/wp-content\/uploads\/2021\/12\/Princesa-fayna-768x768.png 768w, https:\/\/www.vegadeyuco.com\/wp-content\/uploads\/2021\/12\/Princesa-fayna-100x100.png 100w\" sizes=\"(max-width: 1000px) 100vw, 1000px\" \/>\t\t\t\t\t\t\t\t\t\t\t\t\t\t\t<\/div>\n\t\t\t\t<\/div>\n\t\t\t\t<\/div>\n\t\t\t\t\t<\/div>\n\t\t\t\t<\/div>\n\t\t<div class=\"elementor-element elementor-element-eaa02c0 e-flex e-con-boxed e-con e-parent\" data-id=\"eaa02c0\" data-element_type=\"container\">\n\t\t\t\t\t<div class=\"e-con-inner\">\n\t\t<div class=\"elementor-element elementor-element-76739aa e-con-full e-flex e-con e-child\" data-id=\"76739aa\" data-element_type=\"container\">\n\t\t\t\t<\/div>\n\t\t\t\t\t<\/div>\n\t\t\t\t<\/div>\n\t\t\t\t<\/div>\n\t\t","protected":false},"excerpt":{"rendered":"<p>Schaumweine Fr\u00fcher war die Rebe im S\u00fcden der Iberischen Halbinsel weit verbreitet, verschwand jedoch nach den Angriffen der Reblausplage Ende des 19. Jahrhunderts, von der fast alle europ\u00e4ischen Weinberge betroffen waren, fast vollst\u00e4ndig. Die Sorten Diego und List\u00e1n Blanca sind ebenso wie Malvas\u00eda Volc\u00e1nica und andere Sorten der Insel vor der Reblausplage entstanden und haben [&hellip;]<\/p>\n","protected":false},"author":222,"featured_media":0,"parent":0,"menu_order":0,"comment_status":"closed","ping_status":"closed","template":"","meta":{"footnotes":""},"class_list":["post-27383","page","type-page","status-publish","hentry"],"yoast_head":"<!-- This site is optimized with the Yoast SEO plugin v26.8 - https:\/\/yoast.com\/product\/yoast-seo-wordpress\/ -->\n<title>Schaumweine &#8226; Vega de Yuco<\/title>\n<meta name=\"description\" content=\"Eleganz ist das hervorstechendste Merkmal der Schaumweine von Vega de Yuco. Auf der Insel wenig verbreitete Rebsorten\" \/>\n<meta name=\"robots\" content=\"index, follow, max-snippet:-1, max-image-preview:large, max-video-preview:-1\" \/>\n<link rel=\"canonical\" href=\"https:\/\/www.vegadeyuco.com\/de\/schaumweine\/\" \/>\n<meta property=\"og:locale\" content=\"de_DE\" \/>\n<meta property=\"og:type\" content=\"article\" \/>\n<meta property=\"og:title\" content=\"Schaumweine &#8226; Vega de Yuco\" \/>\n<meta property=\"og:description\" content=\"Eleganz ist das hervorstechendste Merkmal der Schaumweine von Vega de Yuco. Auf der Insel wenig verbreitete Rebsorten\" \/>\n<meta property=\"og:url\" content=\"https:\/\/www.vegadeyuco.com\/de\/schaumweine\/\" \/>\n<meta property=\"og:site_name\" content=\"Vega de Yuco\" \/>\n<meta property=\"article:publisher\" content=\"https:\/\/www.facebook.com\/vegadeyuco\" \/>\n<meta property=\"article:modified_time\" content=\"2026-01-08T15:05:27+00:00\" \/>\n<meta property=\"og:image\" content=\"https:\/\/www.vegadeyuco.com\/wp-content\/uploads\/2021\/12\/Princesa-fayna.png\" \/>\n<meta name=\"twitter:card\" content=\"summary_large_image\" \/>\n<meta name=\"twitter:label1\" content=\"Gesch\u00e4tzte Lesezeit\" \/>\n\t<meta name=\"twitter:data1\" content=\"1\u00a0Minute\" \/>\n<script type=\"application\/ld+json\" class=\"yoast-schema-graph\">{\"@context\":\"https:\/\/schema.org\",\"@graph\":[{\"@type\":\"WebPage\",\"@id\":\"https:\/\/www.vegadeyuco.com\/de\/schaumweine\/\",\"url\":\"https:\/\/www.vegadeyuco.com\/de\/schaumweine\/\",\"name\":\"Schaumweine &#8226; Vega de Yuco\",\"isPartOf\":{\"@id\":\"https:\/\/www.vegadeyuco.com\/de\/#website\"},\"primaryImageOfPage\":{\"@id\":\"https:\/\/www.vegadeyuco.com\/de\/schaumweine\/#primaryimage\"},\"image\":{\"@id\":\"https:\/\/www.vegadeyuco.com\/de\/schaumweine\/#primaryimage\"},\"thumbnailUrl\":\"https:\/\/www.vegadeyuco.com\/wp-content\/uploads\/2021\/12\/Princesa-fayna.png\",\"datePublished\":\"2024-06-06T14:33:17+00:00\",\"dateModified\":\"2026-01-08T15:05:27+00:00\",\"description\":\"Eleganz ist das hervorstechendste Merkmal der Schaumweine von Vega de Yuco. Auf der Insel wenig verbreitete Rebsorten\",\"breadcrumb\":{\"@id\":\"https:\/\/www.vegadeyuco.com\/de\/schaumweine\/#breadcrumb\"},\"inLanguage\":\"de\",\"potentialAction\":[{\"@type\":\"ReadAction\",\"target\":[\"https:\/\/www.vegadeyuco.com\/de\/schaumweine\/\"]}]},{\"@type\":\"ImageObject\",\"inLanguage\":\"de\",\"@id\":\"https:\/\/www.vegadeyuco.com\/de\/schaumweine\/#primaryimage\",\"url\":\"https:\/\/www.vegadeyuco.com\/wp-content\/uploads\/2021\/12\/Princesa-fayna.png\",\"contentUrl\":\"https:\/\/www.vegadeyuco.com\/wp-content\/uploads\/2021\/12\/Princesa-fayna.png\"},{\"@type\":\"BreadcrumbList\",\"@id\":\"https:\/\/www.vegadeyuco.com\/de\/schaumweine\/#breadcrumb\",\"itemListElement\":[{\"@type\":\"ListItem\",\"position\":1,\"name\":\"Portada\",\"item\":\"https:\/\/www.vegadeyuco.com\/de\/vega-de-yuco-weinkellerei-auf-lanzarote\/\"},{\"@type\":\"ListItem\",\"position\":2,\"name\":\"Schaumweine\"}]},{\"@type\":\"WebSite\",\"@id\":\"https:\/\/www.vegadeyuco.com\/de\/#website\",\"url\":\"https:\/\/www.vegadeyuco.com\/de\/\",\"name\":\"Vega de Yuco\",\"description\":\"Bodegas y Vi\u00f1edos Vega de Yuco en Lanzarote, una bodega tradicional Canaria que destila autenticidad e innovaci\u00f3n. \",\"publisher\":{\"@id\":\"https:\/\/www.vegadeyuco.com\/de\/#organization\"},\"potentialAction\":[{\"@type\":\"SearchAction\",\"target\":{\"@type\":\"EntryPoint\",\"urlTemplate\":\"https:\/\/www.vegadeyuco.com\/de\/?s={search_term_string}\"},\"query-input\":{\"@type\":\"PropertyValueSpecification\",\"valueRequired\":true,\"valueName\":\"search_term_string\"}}],\"inLanguage\":\"de\"},{\"@type\":\"Organization\",\"@id\":\"https:\/\/www.vegadeyuco.com\/de\/#organization\",\"name\":\"Bodegas Vega de Yuco\",\"url\":\"https:\/\/www.vegadeyuco.com\/de\/\",\"logo\":{\"@type\":\"ImageObject\",\"inLanguage\":\"de\",\"@id\":\"https:\/\/www.vegadeyuco.com\/de\/#\/schema\/logo\/image\/\",\"url\":\"https:\/\/www.vegadeyuco.com\/wp-content\/uploads\/2020\/01\/LOGO_VEGADEYUCO_cabecera_pedidos.png\",\"contentUrl\":\"https:\/\/www.vegadeyuco.com\/wp-content\/uploads\/2020\/01\/LOGO_VEGADEYUCO_cabecera_pedidos.png\",\"width\":250,\"height\":150,\"caption\":\"Bodegas Vega de Yuco\"},\"image\":{\"@id\":\"https:\/\/www.vegadeyuco.com\/de\/#\/schema\/logo\/image\/\"},\"sameAs\":[\"https:\/\/www.facebook.com\/vegadeyuco\",\"https:\/\/www.instagram.com\/vegadeyuco\/\",\"https:\/\/www.youtube.com\/channel\/UCmDMkmxMCvbSXTLTAs3DM7A\"]}]}<\/script>\n<!-- \/ Yoast SEO plugin. -->","yoast_head_json":{"title":"Schaumweine &#8226; Vega de Yuco","description":"Eleganz ist das hervorstechendste Merkmal der Schaumweine von Vega de Yuco. Auf der Insel wenig verbreitete Rebsorten","robots":{"index":"index","follow":"follow","max-snippet":"max-snippet:-1","max-image-preview":"max-image-preview:large","max-video-preview":"max-video-preview:-1"},"canonical":"https:\/\/www.vegadeyuco.com\/de\/schaumweine\/","og_locale":"de_DE","og_type":"article","og_title":"Schaumweine &#8226; Vega de Yuco","og_description":"Eleganz ist das hervorstechendste Merkmal der Schaumweine von Vega de Yuco. Auf der Insel wenig verbreitete Rebsorten","og_url":"https:\/\/www.vegadeyuco.com\/de\/schaumweine\/","og_site_name":"Vega de Yuco","article_publisher":"https:\/\/www.facebook.com\/vegadeyuco","article_modified_time":"2026-01-08T15:05:27+00:00","og_image":[{"url":"https:\/\/www.vegadeyuco.com\/wp-content\/uploads\/2021\/12\/Princesa-fayna.png","type":"","width":"","height":""}],"twitter_card":"summary_large_image","twitter_misc":{"Gesch\u00e4tzte Lesezeit":"1\u00a0Minute"},"schema":{"@context":"https:\/\/schema.org","@graph":[{"@type":"WebPage","@id":"https:\/\/www.vegadeyuco.com\/de\/schaumweine\/","url":"https:\/\/www.vegadeyuco.com\/de\/schaumweine\/","name":"Schaumweine &#8226; Vega de Yuco","isPartOf":{"@id":"https:\/\/www.vegadeyuco.com\/de\/#website"},"primaryImageOfPage":{"@id":"https:\/\/www.vegadeyuco.com\/de\/schaumweine\/#primaryimage"},"image":{"@id":"https:\/\/www.vegadeyuco.com\/de\/schaumweine\/#primaryimage"},"thumbnailUrl":"https:\/\/www.vegadeyuco.com\/wp-content\/uploads\/2021\/12\/Princesa-fayna.png","datePublished":"2024-06-06T14:33:17+00:00","dateModified":"2026-01-08T15:05:27+00:00","description":"Eleganz ist das hervorstechendste Merkmal der Schaumweine von Vega de Yuco. Auf der Insel wenig verbreitete Rebsorten","breadcrumb":{"@id":"https:\/\/www.vegadeyuco.com\/de\/schaumweine\/#breadcrumb"},"inLanguage":"de","potentialAction":[{"@type":"ReadAction","target":["https:\/\/www.vegadeyuco.com\/de\/schaumweine\/"]}]},{"@type":"ImageObject","inLanguage":"de","@id":"https:\/\/www.vegadeyuco.com\/de\/schaumweine\/#primaryimage","url":"https:\/\/www.vegadeyuco.com\/wp-content\/uploads\/2021\/12\/Princesa-fayna.png","contentUrl":"https:\/\/www.vegadeyuco.com\/wp-content\/uploads\/2021\/12\/Princesa-fayna.png"},{"@type":"BreadcrumbList","@id":"https:\/\/www.vegadeyuco.com\/de\/schaumweine\/#breadcrumb","itemListElement":[{"@type":"ListItem","position":1,"name":"Portada","item":"https:\/\/www.vegadeyuco.com\/de\/vega-de-yuco-weinkellerei-auf-lanzarote\/"},{"@type":"ListItem","position":2,"name":"Schaumweine"}]},{"@type":"WebSite","@id":"https:\/\/www.vegadeyuco.com\/de\/#website","url":"https:\/\/www.vegadeyuco.com\/de\/","name":"Vega de Yuco","description":"Bodegas y Vi\u00f1edos Vega de Yuco en Lanzarote, una bodega tradicional Canaria que destila autenticidad e innovaci\u00f3n. ","publisher":{"@id":"https:\/\/www.vegadeyuco.com\/de\/#organization"},"potentialAction":[{"@type":"SearchAction","target":{"@type":"EntryPoint","urlTemplate":"https:\/\/www.vegadeyuco.com\/de\/?s={search_term_string}"},"query-input":{"@type":"PropertyValueSpecification","valueRequired":true,"valueName":"search_term_string"}}],"inLanguage":"de"},{"@type":"Organization","@id":"https:\/\/www.vegadeyuco.com\/de\/#organization","name":"Bodegas Vega de Yuco","url":"https:\/\/www.vegadeyuco.com\/de\/","logo":{"@type":"ImageObject","inLanguage":"de","@id":"https:\/\/www.vegadeyuco.com\/de\/#\/schema\/logo\/image\/","url":"https:\/\/www.vegadeyuco.com\/wp-content\/uploads\/2020\/01\/LOGO_VEGADEYUCO_cabecera_pedidos.png","contentUrl":"https:\/\/www.vegadeyuco.com\/wp-content\/uploads\/2020\/01\/LOGO_VEGADEYUCO_cabecera_pedidos.png","width":250,"height":150,"caption":"Bodegas Vega de Yuco"},"image":{"@id":"https:\/\/www.vegadeyuco.com\/de\/#\/schema\/logo\/image\/"},"sameAs":["https:\/\/www.facebook.com\/vegadeyuco","https:\/\/www.instagram.com\/vegadeyuco\/","https:\/\/www.youtube.com\/channel\/UCmDMkmxMCvbSXTLTAs3DM7A"]}]}},"post_mailing_queue_ids":[],"_links":{"self":[{"href":"https:\/\/www.vegadeyuco.com\/de\/wp-json\/wp\/v2\/pages\/27383","targetHints":{"allow":["GET"]}}],"collection":[{"href":"https:\/\/www.vegadeyuco.com\/de\/wp-json\/wp\/v2\/pages"}],"about":[{"href":"https:\/\/www.vegadeyuco.com\/de\/wp-json\/wp\/v2\/types\/page"}],"author":[{"embeddable":true,"href":"https:\/\/www.vegadeyuco.com\/de\/wp-json\/wp\/v2\/users\/222"}],"replies":[{"embeddable":true,"href":"https:\/\/www.vegadeyuco.com\/de\/wp-json\/wp\/v2\/comments?post=27383"}],"version-history":[{"count":2,"href":"https:\/\/www.vegadeyuco.com\/de\/wp-json\/wp\/v2\/pages\/27383\/revisions"}],"predecessor-version":[{"id":27386,"href":"https:\/\/www.vegadeyuco.com\/de\/wp-json\/wp\/v2\/pages\/27383\/revisions\/27386"}],"wp:attachment":[{"href":"https:\/\/www.vegadeyuco.com\/de\/wp-json\/wp\/v2\/media?parent=27383"}],"curies":[{"name":"wp","href":"https:\/\/api.w.org\/{rel}","templated":true}]}}