{"id":27394,"date":"2019-11-25T10:12:52","date_gmt":"2019-11-25T10:12:52","guid":{"rendered":"https:\/\/www.vegadeyuco.com\/weine-gara\/"},"modified":"2026-01-08T15:07:28","modified_gmt":"2026-01-08T15:07:28","slug":"weine-gara","status":"publish","type":"page","link":"https:\/\/www.vegadeyuco.com\/de\/weine-gara\/","title":{"rendered":"Weine Gara"},"content":{"rendered":"\t\t<div data-elementor-type=\"wp-page\" data-elementor-id=\"27394\" class=\"elementor elementor-27394 elementor-2783\" data-elementor-post-type=\"page\">\n\t\t\t\t<div class=\"elementor-element elementor-element-5133a01 e-flex e-con-boxed e-con e-parent\" data-id=\"5133a01\" data-element_type=\"container\">\n\t\t\t\t\t<div class=\"e-con-inner\">\n\t\t<div class=\"elementor-element elementor-element-088fb8f e-con-full e-flex e-con e-child\" data-id=\"088fb8f\" data-element_type=\"container\">\n\t\t\t\t<div class=\"elementor-element elementor-element-ba2e71b elementor-widget elementor-widget-heading\" data-id=\"ba2e71b\" data-element_type=\"widget\" data-widget_type=\"heading.default\">\n\t\t\t\t<div class=\"elementor-widget-container\">\n\t\t\t\t\t<h1 class=\"elementor-heading-title elementor-size-default\">Weine Gara<\/h1>\t\t\t\t<\/div>\n\t\t\t\t<\/div>\n\t\t\t\t<div class=\"elementor-element elementor-element-3f4009d elementor-widget elementor-widget-text-editor\" data-id=\"3f4009d\" data-element_type=\"widget\" data-widget_type=\"text-editor.default\">\n\t\t\t\t<div class=\"elementor-widget-container\">\n\t\t\t\t\t\t\t\t\t<p><span class=\"descripcion-texto-largo-laptop\">GARA war die Prinzessin des Landes des Wassers und verliebte sich in Jonay aus dem Land des Feuers. Gara und Jonay, Wasser und Feuer; eine unm\u00f6gliche Liebe, die Wirklichkeit wurde. <\/span><\/p><p>Die Gara-Weine sind das \u00f6nologische Highlight von Vega de Yuco. Weine, die die Essenz Lanzarotes widerspiegeln. Sie stammen aus den besten Weinbergen der Insel und werden vollst\u00e4ndig nach traditioneller Art hergestellt. Es sind tiefgr\u00fcndige, cremige Weine mit langem Abgang; komplexe, aber fein ausgewogene Weine, die selbst den anspruchsvollsten Gaumen begeistern werden.   <\/p>\t\t\t\t\t\t\t\t<\/div>\n\t\t\t\t<\/div>\n\t\t\t\t<div class=\"elementor-element elementor-element-b64f808 elementor-widget elementor-widget-button\" data-id=\"b64f808\" data-element_type=\"widget\" data-widget_type=\"button.default\">\n\t\t\t\t<div class=\"elementor-widget-container\">\n\t\t\t\t\t\t\t\t\t<div class=\"elementor-button-wrapper\">\n\t\t\t\t\t<a class=\"elementor-button elementor-button-link elementor-size-sm\" href=\"#elementor-action%3Aaction%3Dlightbox%26settings%3DeyJ0eXBlIjoidmlkZW8iLCJ2aWRlb1R5cGUiOiJ5b3V0dWJlIiwidXJsIjoiaHR0cHM6XC9cL3d3dy55b3V0dWJlLmNvbVwvZW1iZWRcLzIzNmt4djlkb3A4P2ZlYXR1cmU9b2VtYmVkIn0%3D\">\n\t\t\t\t\t\t<span class=\"elementor-button-content-wrapper\">\n\t\t\t\t\t\t\t\t\t<span class=\"elementor-button-text\">Pr\u00e4sentation des Weins Princesa Gara (Ros\u00e9 und Wei\u00df)<\/span>\n\t\t\t\t\t<\/span>\n\t\t\t\t\t<\/a>\n\t\t\t\t<\/div>\n\t\t\t\t\t\t\t\t<\/div>\n\t\t\t\t<\/div>\n\t\t\t\t<\/div>\n\t\t<div class=\"elementor-element elementor-element-a95bc80 e-con-full e-flex e-con e-child\" data-id=\"a95bc80\" data-element_type=\"container\">\n\t\t\t\t<div class=\"elementor-element elementor-element-4f8a00e elementor-widget elementor-widget-image\" data-id=\"4f8a00e\" data-element_type=\"widget\" data-widget_type=\"image.default\">\n\t\t\t\t<div class=\"elementor-widget-container\">\n\t\t\t\t\t\t\t\t\t\t\t\t\t\t\t<img fetchpriority=\"high\" decoding=\"async\" width=\"1000\" height=\"1000\" src=\"https:\/\/www.vegadeyuco.com\/wp-content\/uploads\/2016\/11\/Gara-seco.png\" class=\"attachment-full size-full wp-image-27393\" alt=\"\" srcset=\"https:\/\/www.vegadeyuco.com\/wp-content\/uploads\/2016\/11\/Gara-seco.png 1000w, https:\/\/www.vegadeyuco.com\/wp-content\/uploads\/2016\/11\/Gara-seco-300x300.png 300w, https:\/\/www.vegadeyuco.com\/wp-content\/uploads\/2016\/11\/Gara-seco-150x150.png 150w, https:\/\/www.vegadeyuco.com\/wp-content\/uploads\/2016\/11\/Gara-seco-768x768.png 768w, https:\/\/www.vegadeyuco.com\/wp-content\/uploads\/2016\/11\/Gara-seco-100x100.png 100w\" sizes=\"(max-width: 1000px) 100vw, 1000px\" \/>\t\t\t\t\t\t\t\t\t\t\t\t\t\t\t<\/div>\n\t\t\t\t<\/div>\n\t\t\t\t<\/div>\n\t\t\t\t\t<\/div>\n\t\t\t\t<\/div>\n\t\t<div class=\"elementor-element elementor-element-f5a7d59 e-flex e-con-boxed e-con e-parent\" data-id=\"f5a7d59\" data-element_type=\"container\">\n\t\t\t\t\t<div class=\"e-con-inner\">\n\t\t<div class=\"elementor-element elementor-element-bb453e6 e-con-full e-flex e-con e-child\" data-id=\"bb453e6\" data-element_type=\"container\">\n\t\t\t\t<\/div>\n\t\t\t\t\t<\/div>\n\t\t\t\t<\/div>\n\t\t\t\t<section class=\"elementor-section elementor-top-section elementor-element elementor-element-5722e95 elementor-section-boxed elementor-section-height-default elementor-section-height-default\" data-id=\"5722e95\" data-element_type=\"section\">\n\t\t\t\t\t\t<div class=\"elementor-container elementor-column-gap-default\">\n\t\t\t\t\t<div class=\"elementor-column elementor-col-100 elementor-top-column elementor-element elementor-element-9bf56c0\" data-id=\"9bf56c0\" data-element_type=\"column\">\n\t\t\t<div class=\"elementor-widget-wrap elementor-element-populated\">\n\t\t\t\t\t\t<div class=\"elementor-element elementor-element-c5458e3 elementor-grid-3 elementor-grid-mobile-1 elementor-grid-tablet-3 elementor-products-grid elementor-wc-products elementor-widget elementor-widget-woocommerce-products\" data-id=\"c5458e3\" data-element_type=\"widget\" data-widget_type=\"woocommerce-products.default\">\n\t\t\t\t<div class=\"elementor-widget-container\">\n\t\t\t\t\t<div class=\"woocommerce columns-3 \"><ul class=\"products elementor-grid columns-3\">\n<li class=\"product type-product post-27614 status-publish first instock product_cat-nicht-kategorisiert product_cat-can product_cat-rotwein has-post-thumbnail shipping-taxable purchasable product-type-simple\">\n\t<a href=\"https:\/\/www.vegadeyuco.com\/de\/producto\/gara-rotwein\/\" class=\"woocommerce-LoopProduct-link woocommerce-loop-product__link\"><img decoding=\"async\" width=\"1000\" height=\"1000\" src=\"https:\/\/www.vegadeyuco.com\/wp-content\/uploads\/2016\/11\/Gara-tinto.png\" class=\"attachment-woocommerce_thumbnail size-woocommerce_thumbnail\" alt=\"Gara Rotwein\" srcset=\"https:\/\/www.vegadeyuco.com\/wp-content\/uploads\/2016\/11\/Gara-tinto.png 1000w, https:\/\/www.vegadeyuco.com\/wp-content\/uploads\/2016\/11\/Gara-tinto-300x300.png 300w, https:\/\/www.vegadeyuco.com\/wp-content\/uploads\/2016\/11\/Gara-tinto-150x150.png 150w, https:\/\/www.vegadeyuco.com\/wp-content\/uploads\/2016\/11\/Gara-tinto-768x768.png 768w, https:\/\/www.vegadeyuco.com\/wp-content\/uploads\/2016\/11\/Gara-tinto-100x100.png 100w\" sizes=\"(max-width: 1000px) 100vw, 1000px\" \/><h2 class=\"woocommerce-loop-product__title\">Gara Rotwein<\/h2><div class='remaining'> 52 24 St\u00fcck auf Lager<\/div>\n\t<span class=\"price\"><span class=\"woocommerce-Price-amount amount\"><bdi>23,00<span class=\"woocommerce-Price-currencySymbol\">&euro;<\/span><\/bdi><\/span><\/span>\n<\/a><a href=\"?add-to-cart=27614\" aria-describedby=\"woocommerce_loop_add_to_cart_link_describedby_27614\" data-quantity=\"1\" class=\"button product_type_simple add_to_cart_button ajax_add_to_cart\" data-product_id=\"27614\" data-product_sku=\"\" aria-label=\"In den Warenkorb legen: \u201eGara Rotwein\u201c\" rel=\"nofollow\" data-success_message=\"\u201eGara Rotwein\u201c wurde deinem Warenkorb hinzugef\u00fcgt\">In den Warenkorb<\/a>\t<span id=\"woocommerce_loop_add_to_cart_link_describedby_27614\" class=\"screen-reader-text\">\n\t\t\t<\/span>\n\t\t\t<input type=\"hidden\" class=\"wpmProductId\" data-id=\"27614\">\n\t\t\t\t\t<script>\n\t\t\t(window.wpmDataLayer = window.wpmDataLayer || {}).products                = window.wpmDataLayer.products || {};\n\t\t\twindow.wpmDataLayer.products[27614] = {\"id\":\"27614\",\"sku\":\"\",\"price\":23,\"brand\":\"\",\"quantity\":1,\"dyn_r_ids\":{\"post_id\":\"27614\",\"sku\":27614,\"gpf\":\"woocommerce_gpf_27614\",\"gla\":\"gla_27614\"},\"is_variable\":false,\"type\":\"simple\",\"name\":\"Gara Rotwein\",\"category\":[\"Nicht kategorisiert\",\"Nur Kanarische Inseln\",\"Rotwein\"],\"is_variation\":false};\n\t\t\t\t\twindow.pmw_product_position = window.pmw_product_position || 1;\n\t\twindow.wpmDataLayer.products[27614]['position'] = window.pmw_product_position++;\n\t\t\t\t<\/script>\n\t\t<\/li>\n<li class=\"product type-product post-27612 status-publish instock product_cat-nicht-kategorisiert product_cat-can product_cat-weiswein-trocken has-post-thumbnail shipping-taxable purchasable product-type-simple\">\n\t<a href=\"https:\/\/www.vegadeyuco.com\/de\/producto\/gara-weisswein-trocken\/\" class=\"woocommerce-LoopProduct-link woocommerce-loop-product__link\"><img decoding=\"async\" width=\"1000\" height=\"1000\" src=\"https:\/\/www.vegadeyuco.com\/wp-content\/uploads\/2016\/11\/Gara-seco.png\" class=\"attachment-woocommerce_thumbnail size-woocommerce_thumbnail\" alt=\"Gara Wei\u00dfwein trocken\" srcset=\"https:\/\/www.vegadeyuco.com\/wp-content\/uploads\/2016\/11\/Gara-seco.png 1000w, https:\/\/www.vegadeyuco.com\/wp-content\/uploads\/2016\/11\/Gara-seco-300x300.png 300w, https:\/\/www.vegadeyuco.com\/wp-content\/uploads\/2016\/11\/Gara-seco-150x150.png 150w, https:\/\/www.vegadeyuco.com\/wp-content\/uploads\/2016\/11\/Gara-seco-768x768.png 768w, https:\/\/www.vegadeyuco.com\/wp-content\/uploads\/2016\/11\/Gara-seco-100x100.png 100w\" sizes=\"(max-width: 1000px) 100vw, 1000px\" \/><h2 class=\"woocommerce-loop-product__title\">Gara Wei\u00dfwein trocken<\/h2><div class='remaining'> 49 24 St\u00fcck auf Lager<\/div>\n\t<span class=\"price\"><span class=\"woocommerce-Price-amount amount\"><bdi>23,00<span class=\"woocommerce-Price-currencySymbol\">&euro;<\/span><\/bdi><\/span><\/span>\n<\/a><a href=\"?add-to-cart=27612\" aria-describedby=\"woocommerce_loop_add_to_cart_link_describedby_27612\" data-quantity=\"1\" class=\"button product_type_simple add_to_cart_button ajax_add_to_cart\" data-product_id=\"27612\" data-product_sku=\"\" aria-label=\"In den Warenkorb legen: \u201eGara Wei\u00dfwein trocken\u201c\" rel=\"nofollow\" data-success_message=\"\u201eGara Wei\u00dfwein trocken\u201c wurde deinem Warenkorb hinzugef\u00fcgt\">In den Warenkorb<\/a>\t<span id=\"woocommerce_loop_add_to_cart_link_describedby_27612\" class=\"screen-reader-text\">\n\t\t\t<\/span>\n\t\t\t<input type=\"hidden\" class=\"wpmProductId\" data-id=\"27612\">\n\t\t\t\t\t<script>\n\t\t\t(window.wpmDataLayer = window.wpmDataLayer || {}).products                = window.wpmDataLayer.products || {};\n\t\t\twindow.wpmDataLayer.products[27612] = {\"id\":\"27612\",\"sku\":\"\",\"price\":23,\"brand\":\"\",\"quantity\":1,\"dyn_r_ids\":{\"post_id\":\"27612\",\"sku\":27612,\"gpf\":\"woocommerce_gpf_27612\",\"gla\":\"gla_27612\"},\"is_variable\":false,\"type\":\"simple\",\"name\":\"Gara Wei\u00dfwein trocken\",\"category\":[\"Nicht kategorisiert\",\"Nur Kanarische Inseln\",\"Wei\u00dfwein trocken\"],\"is_variation\":false};\n\t\t\t\t\twindow.pmw_product_position = window.pmw_product_position || 1;\n\t\twindow.wpmDataLayer.products[27612]['position'] = window.pmw_product_position++;\n\t\t\t\t<\/script>\n\t\t<\/li>\n<li class=\"product type-product post-27610 status-publish last instock product_cat-nicht-kategorisiert product_cat-can product_cat-rosado has-post-thumbnail shipping-taxable purchasable product-type-simple\">\n\t<a href=\"https:\/\/www.vegadeyuco.com\/de\/producto\/gara-rose\/\" class=\"woocommerce-LoopProduct-link woocommerce-loop-product__link\"><img loading=\"lazy\" decoding=\"async\" width=\"1000\" height=\"1000\" src=\"https:\/\/www.vegadeyuco.com\/wp-content\/uploads\/2016\/11\/Gara-rosado-2.png\" class=\"attachment-woocommerce_thumbnail size-woocommerce_thumbnail\" alt=\"Gara Ros\u00e9\" srcset=\"https:\/\/www.vegadeyuco.com\/wp-content\/uploads\/2016\/11\/Gara-rosado-2.png 1000w, https:\/\/www.vegadeyuco.com\/wp-content\/uploads\/2016\/11\/Gara-rosado-2-300x300.png 300w, https:\/\/www.vegadeyuco.com\/wp-content\/uploads\/2016\/11\/Gara-rosado-2-150x150.png 150w, https:\/\/www.vegadeyuco.com\/wp-content\/uploads\/2016\/11\/Gara-rosado-2-768x768.png 768w, https:\/\/www.vegadeyuco.com\/wp-content\/uploads\/2016\/11\/Gara-rosado-2-100x100.png 100w\" sizes=\"(max-width: 1000px) 100vw, 1000px\" \/><h2 class=\"woocommerce-loop-product__title\">Gara Ros\u00e9<\/h2><div class='remaining'> 52 24 St\u00fcck auf Lager<\/div>\n\t<span class=\"price\"><span class=\"woocommerce-Price-amount amount\"><bdi>23,00<span class=\"woocommerce-Price-currencySymbol\">&euro;<\/span><\/bdi><\/span><\/span>\n<\/a><a href=\"?add-to-cart=27610\" aria-describedby=\"woocommerce_loop_add_to_cart_link_describedby_27610\" data-quantity=\"1\" class=\"button product_type_simple add_to_cart_button ajax_add_to_cart\" data-product_id=\"27610\" data-product_sku=\"\" aria-label=\"In den Warenkorb legen: \u201eGara Ros\u00e9\u201c\" rel=\"nofollow\" data-success_message=\"\u201eGara Ros\u00e9\u201c wurde deinem Warenkorb hinzugef\u00fcgt\">In den Warenkorb<\/a>\t<span id=\"woocommerce_loop_add_to_cart_link_describedby_27610\" class=\"screen-reader-text\">\n\t\t\t<\/span>\n\t\t\t<input type=\"hidden\" class=\"wpmProductId\" data-id=\"27610\">\n\t\t\t\t\t<script>\n\t\t\t(window.wpmDataLayer = window.wpmDataLayer || {}).products                = window.wpmDataLayer.products || {};\n\t\t\twindow.wpmDataLayer.products[27610] = {\"id\":\"27610\",\"sku\":\"\",\"price\":23,\"brand\":\"\",\"quantity\":1,\"dyn_r_ids\":{\"post_id\":\"27610\",\"sku\":27610,\"gpf\":\"woocommerce_gpf_27610\",\"gla\":\"gla_27610\"},\"is_variable\":false,\"type\":\"simple\",\"name\":\"Gara Ros\u00e9\",\"category\":[\"Nicht kategorisiert\",\"Nur Kanarische Inseln\",\"Rosado\"],\"is_variation\":false};\n\t\t\t\t\twindow.pmw_product_position = window.pmw_product_position || 1;\n\t\twindow.wpmDataLayer.products[27610]['position'] = window.pmw_product_position++;\n\t\t\t\t<\/script>\n\t\t<\/li>\n<\/ul>\n<\/div>\t\t\t\t<\/div>\n\t\t\t\t<\/div>\n\t\t\t\t\t<\/div>\n\t\t<\/div>\n\t\t\t\t\t<\/div>\n\t\t<\/section>\n\t\t\t\t<\/div>\n\t\t","protected":false},"excerpt":{"rendered":"<p>Weine Gara GARA war die Prinzessin des Landes des Wassers und verliebte sich in Jonay aus dem Land des Feuers. Gara und Jonay, Wasser und Feuer; eine unm\u00f6gliche Liebe, die Wirklichkeit wurde. Die Gara-Weine sind das \u00f6nologische Highlight von Vega de Yuco. Weine, die die Essenz Lanzarotes widerspiegeln. Sie stammen aus den besten Weinbergen der [&hellip;]<\/p>\n","protected":false},"author":1,"featured_media":0,"parent":0,"menu_order":0,"comment_status":"closed","ping_status":"closed","template":"","meta":{"footnotes":""},"class_list":["post-27394","page","type-page","status-publish","hentry"],"yoast_head":"<!-- This site is optimized with the Yoast SEO plugin v26.8 - https:\/\/yoast.com\/product\/yoast-seo-wordpress\/ -->\n<title>Weine Gara &#8226; Vega de Yuco<\/title>\n<meta name=\"description\" content=\"Die Weine von Gara verk\u00f6rpern die Essenz Lanzarotes. Komplexe, aber fein ausgewogene Weine, die jeden Gaumen begeistern werden.\" \/>\n<meta name=\"robots\" content=\"index, follow, max-snippet:-1, max-image-preview:large, max-video-preview:-1\" \/>\n<link rel=\"canonical\" href=\"https:\/\/www.vegadeyuco.com\/de\/weine-gara\/\" \/>\n<meta property=\"og:locale\" content=\"de_DE\" \/>\n<meta property=\"og:type\" content=\"article\" \/>\n<meta property=\"og:title\" content=\"Weine Gara &#8226; Vega de Yuco\" \/>\n<meta property=\"og:description\" content=\"Die Weine von Gara verk\u00f6rpern die Essenz Lanzarotes. Komplexe, aber fein ausgewogene Weine, die jeden Gaumen begeistern werden.\" \/>\n<meta property=\"og:url\" content=\"https:\/\/www.vegadeyuco.com\/de\/weine-gara\/\" \/>\n<meta property=\"og:site_name\" content=\"Vega de Yuco\" \/>\n<meta property=\"article:publisher\" content=\"https:\/\/www.facebook.com\/vegadeyuco\" \/>\n<meta property=\"article:modified_time\" content=\"2026-01-08T15:07:28+00:00\" \/>\n<meta property=\"og:image\" content=\"https:\/\/www.vegadeyuco.com\/wp-content\/uploads\/2016\/11\/Gara-seco.png\" \/>\n<meta name=\"twitter:card\" content=\"summary_large_image\" \/>\n<script type=\"application\/ld+json\" class=\"yoast-schema-graph\">{\"@context\":\"https:\/\/schema.org\",\"@graph\":[{\"@type\":\"WebPage\",\"@id\":\"https:\/\/www.vegadeyuco.com\/de\/weine-gara\/\",\"url\":\"https:\/\/www.vegadeyuco.com\/de\/weine-gara\/\",\"name\":\"Weine Gara &#8226; Vega de Yuco\",\"isPartOf\":{\"@id\":\"https:\/\/www.vegadeyuco.com\/de\/#website\"},\"primaryImageOfPage\":{\"@id\":\"https:\/\/www.vegadeyuco.com\/de\/weine-gara\/#primaryimage\"},\"image\":{\"@id\":\"https:\/\/www.vegadeyuco.com\/de\/weine-gara\/#primaryimage\"},\"thumbnailUrl\":\"https:\/\/www.vegadeyuco.com\/wp-content\/uploads\/2016\/11\/Gara-seco.png\",\"datePublished\":\"2019-11-25T10:12:52+00:00\",\"dateModified\":\"2026-01-08T15:07:28+00:00\",\"description\":\"Die Weine von Gara verk\u00f6rpern die Essenz Lanzarotes. Komplexe, aber fein ausgewogene Weine, die jeden Gaumen begeistern werden.\",\"breadcrumb\":{\"@id\":\"https:\/\/www.vegadeyuco.com\/de\/weine-gara\/#breadcrumb\"},\"inLanguage\":\"de\",\"potentialAction\":[{\"@type\":\"ReadAction\",\"target\":[\"https:\/\/www.vegadeyuco.com\/de\/weine-gara\/\"]}]},{\"@type\":\"ImageObject\",\"inLanguage\":\"de\",\"@id\":\"https:\/\/www.vegadeyuco.com\/de\/weine-gara\/#primaryimage\",\"url\":\"https:\/\/www.vegadeyuco.com\/wp-content\/uploads\/2016\/11\/Gara-seco.png\",\"contentUrl\":\"https:\/\/www.vegadeyuco.com\/wp-content\/uploads\/2016\/11\/Gara-seco.png\"},{\"@type\":\"BreadcrumbList\",\"@id\":\"https:\/\/www.vegadeyuco.com\/de\/weine-gara\/#breadcrumb\",\"itemListElement\":[{\"@type\":\"ListItem\",\"position\":1,\"name\":\"Portada\",\"item\":\"https:\/\/www.vegadeyuco.com\/de\/vega-de-yuco-weinkellerei-auf-lanzarote\/\"},{\"@type\":\"ListItem\",\"position\":2,\"name\":\"Weine Gara\"}]},{\"@type\":\"WebSite\",\"@id\":\"https:\/\/www.vegadeyuco.com\/de\/#website\",\"url\":\"https:\/\/www.vegadeyuco.com\/de\/\",\"name\":\"Vega de Yuco\",\"description\":\"Bodegas y Vi\u00f1edos Vega de Yuco en Lanzarote, una bodega tradicional Canaria que destila autenticidad e innovaci\u00f3n. \",\"publisher\":{\"@id\":\"https:\/\/www.vegadeyuco.com\/de\/#organization\"},\"potentialAction\":[{\"@type\":\"SearchAction\",\"target\":{\"@type\":\"EntryPoint\",\"urlTemplate\":\"https:\/\/www.vegadeyuco.com\/de\/?s={search_term_string}\"},\"query-input\":{\"@type\":\"PropertyValueSpecification\",\"valueRequired\":true,\"valueName\":\"search_term_string\"}}],\"inLanguage\":\"de\"},{\"@type\":\"Organization\",\"@id\":\"https:\/\/www.vegadeyuco.com\/de\/#organization\",\"name\":\"Bodegas Vega de Yuco\",\"url\":\"https:\/\/www.vegadeyuco.com\/de\/\",\"logo\":{\"@type\":\"ImageObject\",\"inLanguage\":\"de\",\"@id\":\"https:\/\/www.vegadeyuco.com\/de\/#\/schema\/logo\/image\/\",\"url\":\"https:\/\/www.vegadeyuco.com\/wp-content\/uploads\/2020\/01\/LOGO_VEGADEYUCO_cabecera_pedidos.png\",\"contentUrl\":\"https:\/\/www.vegadeyuco.com\/wp-content\/uploads\/2020\/01\/LOGO_VEGADEYUCO_cabecera_pedidos.png\",\"width\":250,\"height\":150,\"caption\":\"Bodegas Vega de Yuco\"},\"image\":{\"@id\":\"https:\/\/www.vegadeyuco.com\/de\/#\/schema\/logo\/image\/\"},\"sameAs\":[\"https:\/\/www.facebook.com\/vegadeyuco\",\"https:\/\/www.instagram.com\/vegadeyuco\/\",\"https:\/\/www.youtube.com\/channel\/UCmDMkmxMCvbSXTLTAs3DM7A\"]}]}<\/script>\n<!-- \/ Yoast SEO plugin. -->","yoast_head_json":{"title":"Weine Gara &#8226; Vega de Yuco","description":"Die Weine von Gara verk\u00f6rpern die Essenz Lanzarotes. Komplexe, aber fein ausgewogene Weine, die jeden Gaumen begeistern werden.","robots":{"index":"index","follow":"follow","max-snippet":"max-snippet:-1","max-image-preview":"max-image-preview:large","max-video-preview":"max-video-preview:-1"},"canonical":"https:\/\/www.vegadeyuco.com\/de\/weine-gara\/","og_locale":"de_DE","og_type":"article","og_title":"Weine Gara &#8226; Vega de Yuco","og_description":"Die Weine von Gara verk\u00f6rpern die Essenz Lanzarotes. Komplexe, aber fein ausgewogene Weine, die jeden Gaumen begeistern werden.","og_url":"https:\/\/www.vegadeyuco.com\/de\/weine-gara\/","og_site_name":"Vega de Yuco","article_publisher":"https:\/\/www.facebook.com\/vegadeyuco","article_modified_time":"2026-01-08T15:07:28+00:00","og_image":[{"url":"https:\/\/www.vegadeyuco.com\/wp-content\/uploads\/2016\/11\/Gara-seco.png","type":"","width":"","height":""}],"twitter_card":"summary_large_image","schema":{"@context":"https:\/\/schema.org","@graph":[{"@type":"WebPage","@id":"https:\/\/www.vegadeyuco.com\/de\/weine-gara\/","url":"https:\/\/www.vegadeyuco.com\/de\/weine-gara\/","name":"Weine Gara &#8226; Vega de Yuco","isPartOf":{"@id":"https:\/\/www.vegadeyuco.com\/de\/#website"},"primaryImageOfPage":{"@id":"https:\/\/www.vegadeyuco.com\/de\/weine-gara\/#primaryimage"},"image":{"@id":"https:\/\/www.vegadeyuco.com\/de\/weine-gara\/#primaryimage"},"thumbnailUrl":"https:\/\/www.vegadeyuco.com\/wp-content\/uploads\/2016\/11\/Gara-seco.png","datePublished":"2019-11-25T10:12:52+00:00","dateModified":"2026-01-08T15:07:28+00:00","description":"Die Weine von Gara verk\u00f6rpern die Essenz Lanzarotes. Komplexe, aber fein ausgewogene Weine, die jeden Gaumen begeistern werden.","breadcrumb":{"@id":"https:\/\/www.vegadeyuco.com\/de\/weine-gara\/#breadcrumb"},"inLanguage":"de","potentialAction":[{"@type":"ReadAction","target":["https:\/\/www.vegadeyuco.com\/de\/weine-gara\/"]}]},{"@type":"ImageObject","inLanguage":"de","@id":"https:\/\/www.vegadeyuco.com\/de\/weine-gara\/#primaryimage","url":"https:\/\/www.vegadeyuco.com\/wp-content\/uploads\/2016\/11\/Gara-seco.png","contentUrl":"https:\/\/www.vegadeyuco.com\/wp-content\/uploads\/2016\/11\/Gara-seco.png"},{"@type":"BreadcrumbList","@id":"https:\/\/www.vegadeyuco.com\/de\/weine-gara\/#breadcrumb","itemListElement":[{"@type":"ListItem","position":1,"name":"Portada","item":"https:\/\/www.vegadeyuco.com\/de\/vega-de-yuco-weinkellerei-auf-lanzarote\/"},{"@type":"ListItem","position":2,"name":"Weine Gara"}]},{"@type":"WebSite","@id":"https:\/\/www.vegadeyuco.com\/de\/#website","url":"https:\/\/www.vegadeyuco.com\/de\/","name":"Vega de Yuco","description":"Bodegas y Vi\u00f1edos Vega de Yuco en Lanzarote, una bodega tradicional Canaria que destila autenticidad e innovaci\u00f3n. ","publisher":{"@id":"https:\/\/www.vegadeyuco.com\/de\/#organization"},"potentialAction":[{"@type":"SearchAction","target":{"@type":"EntryPoint","urlTemplate":"https:\/\/www.vegadeyuco.com\/de\/?s={search_term_string}"},"query-input":{"@type":"PropertyValueSpecification","valueRequired":true,"valueName":"search_term_string"}}],"inLanguage":"de"},{"@type":"Organization","@id":"https:\/\/www.vegadeyuco.com\/de\/#organization","name":"Bodegas Vega de Yuco","url":"https:\/\/www.vegadeyuco.com\/de\/","logo":{"@type":"ImageObject","inLanguage":"de","@id":"https:\/\/www.vegadeyuco.com\/de\/#\/schema\/logo\/image\/","url":"https:\/\/www.vegadeyuco.com\/wp-content\/uploads\/2020\/01\/LOGO_VEGADEYUCO_cabecera_pedidos.png","contentUrl":"https:\/\/www.vegadeyuco.com\/wp-content\/uploads\/2020\/01\/LOGO_VEGADEYUCO_cabecera_pedidos.png","width":250,"height":150,"caption":"Bodegas Vega de Yuco"},"image":{"@id":"https:\/\/www.vegadeyuco.com\/de\/#\/schema\/logo\/image\/"},"sameAs":["https:\/\/www.facebook.com\/vegadeyuco","https:\/\/www.instagram.com\/vegadeyuco\/","https:\/\/www.youtube.com\/channel\/UCmDMkmxMCvbSXTLTAs3DM7A"]}]}},"post_mailing_queue_ids":[],"_links":{"self":[{"href":"https:\/\/www.vegadeyuco.com\/de\/wp-json\/wp\/v2\/pages\/27394","targetHints":{"allow":["GET"]}}],"collection":[{"href":"https:\/\/www.vegadeyuco.com\/de\/wp-json\/wp\/v2\/pages"}],"about":[{"href":"https:\/\/www.vegadeyuco.com\/de\/wp-json\/wp\/v2\/types\/page"}],"author":[{"embeddable":true,"href":"https:\/\/www.vegadeyuco.com\/de\/wp-json\/wp\/v2\/users\/1"}],"replies":[{"embeddable":true,"href":"https:\/\/www.vegadeyuco.com\/de\/wp-json\/wp\/v2\/comments?post=27394"}],"version-history":[{"count":2,"href":"https:\/\/www.vegadeyuco.com\/de\/wp-json\/wp\/v2\/pages\/27394\/revisions"}],"predecessor-version":[{"id":27396,"href":"https:\/\/www.vegadeyuco.com\/de\/wp-json\/wp\/v2\/pages\/27394\/revisions\/27396"}],"wp:attachment":[{"href":"https:\/\/www.vegadeyuco.com\/de\/wp-json\/wp\/v2\/media?parent=27394"}],"curies":[{"name":"wp","href":"https:\/\/api.w.org\/{rel}","templated":true}]}}