{"id":27402,"date":"2019-11-29T19:52:26","date_gmt":"2019-11-29T19:52:26","guid":{"rendered":"https:\/\/www.vegadeyuco.com\/rotweine\/"},"modified":"2026-01-08T15:13:13","modified_gmt":"2026-01-08T15:13:13","slug":"rotweine","status":"publish","type":"page","link":"https:\/\/www.vegadeyuco.com\/de\/rotweine\/","title":{"rendered":"Rotweine"},"content":{"rendered":"\t\t<div data-elementor-type=\"wp-page\" data-elementor-id=\"27402\" class=\"elementor elementor-27402 elementor-2962\" data-elementor-post-type=\"page\">\n\t\t\t\t<div class=\"elementor-element elementor-element-4745e2e e-flex e-con-boxed e-con e-parent\" data-id=\"4745e2e\" data-element_type=\"container\">\n\t\t\t\t\t<div class=\"e-con-inner\">\n\t\t<div class=\"elementor-element elementor-element-db86752 e-con-full e-flex e-con e-child\" data-id=\"db86752\" data-element_type=\"container\">\n\t\t\t\t<div class=\"elementor-element elementor-element-23eb46d elementor-widget elementor-widget-heading\" data-id=\"23eb46d\" data-element_type=\"widget\" data-widget_type=\"heading.default\">\n\t\t\t\t<div class=\"elementor-widget-container\">\n\t\t\t\t\t<h1 class=\"elementor-heading-title elementor-size-default\">Rotweine<\/h1>\t\t\t\t<\/div>\n\t\t\t\t<\/div>\n\t\t\t\t<div class=\"elementor-element elementor-element-f91939b elementor-widget elementor-widget-text-editor\" data-id=\"f91939b\" data-element_type=\"widget\" data-widget_type=\"text-editor.default\">\n\t\t\t\t<div class=\"elementor-widget-container\">\n\t\t\t\t\t\t\t\t\t<p>Die <strong>Rotweine <\/strong>von Bodegas Vega de Yuco werden aus den besten List\u00e1n Negro-Trauben Lanzarotes hergestellt. Eine vor der <a href=\"https:\/\/www.vegadeyuco.com\/de\/die-umgebung\/\">Reblausplage existierende Rebsorte der Kanarischen<\/a> Inseln, die ausschlie\u00dflich auf unserer Insel angebaut wird. Sie wird nach traditioneller Methode auf ungepfropften Rebst\u00f6cken angebaut, wobei aufgrund der Bedingungen und der Orografie der Insel keinerlei Mechanisierung m\u00f6glich ist. Die List\u00e1n Negro-Trauben gelangen aus jahrhundertealten Weinbergen, die von den Weinbauern und Weinb\u00e4uerinnen der Insel, die ihr Land und ihre Arbeit lieben, gepflegt werden, in unser Weingut.  <\/p><p>Weine, die \u2013 in fast allen F\u00e4llen \u2013 in den besten franz\u00f6sischen Eichenf\u00e4ssern reifen. Insgesamt handelt es sich um originelle, ausgewogene, sortenreine Weine voller Kontraste und Nuancen, die in einigen <a href=\"https:\/\/www.vegadeyuco.com\/Tienda\/gara-tinto\/\">Linien <\/a>typisch f\u00fcr ihre <a href=\"https:\/\/www.vegadeyuco.com\/Tienda\/yaiza-tinto\/\">Fasslagerung <\/a>sind. Gleichzeitig sind es seidige, strukturierte und angenehme Weine, die sich leicht trinken lassen. <a href=\"https:\/\/www.vegadeyuco.com\/Tienda\/vega-de-yuco-tinto\/\">Atlantische Weine<\/a>, durchdrungen von der vulkanischen Essenz der Kanarischen Inseln. Entdecken Sie <a href=\"https:\/\/www.vegadeyuco.com\/de\/die-umgebung\/\">Lanzarote <\/a>als Land der gro\u00dfen <strong>Rotweine<\/strong>, beg\u00fcnstigt durch die st\u00e4ndige Verbesserung der Anbaumethoden der List\u00e1n Negro und innovative Verfahren, die in den Herstellungs- und Lagerungsprozess einflie\u00dfen, um Rotweine von au\u00dfergew\u00f6hnlicher Qualit\u00e4t zu erzielen.   <\/p><p>* Unser <strong>Rotwein Esencia Yaiza<\/strong> war der einzige Wein aus Lanzarote, der unter den besten Weinen der Kanarischen Inseln mit einer <a href=\"https:\/\/www.vegadeyuco.com\/yaiza_tinto_medalla_agrocanarias2020\/\">Agrocanarias-Medaille 2020<\/a> ausgezeichnet wurde.<\/p>\t\t\t\t\t\t\t\t<\/div>\n\t\t\t\t<\/div>\n\t\t\t\t<\/div>\n\t\t<div class=\"elementor-element elementor-element-3bcc500 e-con-full e-flex e-con e-child\" data-id=\"3bcc500\" data-element_type=\"container\">\n\t\t\t\t<div class=\"elementor-element elementor-element-6c42994 elementor-widget elementor-widget-image\" data-id=\"6c42994\" data-element_type=\"widget\" data-widget_type=\"image.default\">\n\t\t\t\t<div class=\"elementor-widget-container\">\n\t\t\t\t\t\t\t\t\t\t\t\t\t\t\t<img fetchpriority=\"high\" decoding=\"async\" width=\"1000\" height=\"1000\" src=\"https:\/\/www.vegadeyuco.com\/wp-content\/uploads\/2016\/11\/Gara-tinto.png\" class=\"attachment-full size-full wp-image-27401\" alt=\"\" srcset=\"https:\/\/www.vegadeyuco.com\/wp-content\/uploads\/2016\/11\/Gara-tinto.png 1000w, https:\/\/www.vegadeyuco.com\/wp-content\/uploads\/2016\/11\/Gara-tinto-300x300.png 300w, https:\/\/www.vegadeyuco.com\/wp-content\/uploads\/2016\/11\/Gara-tinto-150x150.png 150w, https:\/\/www.vegadeyuco.com\/wp-content\/uploads\/2016\/11\/Gara-tinto-768x768.png 768w, https:\/\/www.vegadeyuco.com\/wp-content\/uploads\/2016\/11\/Gara-tinto-100x100.png 100w\" sizes=\"(max-width: 1000px) 100vw, 1000px\" \/>\t\t\t\t\t\t\t\t\t\t\t\t\t\t\t<\/div>\n\t\t\t\t<\/div>\n\t\t\t\t<\/div>\n\t\t\t\t\t<\/div>\n\t\t\t\t<\/div>\n\t\t<div class=\"elementor-element elementor-element-b9f66f3 e-flex e-con-boxed e-con e-parent\" data-id=\"b9f66f3\" data-element_type=\"container\">\n\t\t\t\t\t<div class=\"e-con-inner\">\n\t\t<div class=\"elementor-element elementor-element-09c3624 e-con-full e-flex e-con e-child\" data-id=\"09c3624\" data-element_type=\"container\">\n\t\t\t\t<\/div>\n\t\t\t\t\t<\/div>\n\t\t\t\t<\/div>\n\t\t\t\t<\/div>\n\t\t","protected":false},"excerpt":{"rendered":"<p>Rotweine Die Rotweine von Bodegas Vega de Yuco werden aus den besten List\u00e1n Negro-Trauben Lanzarotes hergestellt. Eine vor der Reblausplage existierende Rebsorte der Kanarischen Inseln, die ausschlie\u00dflich auf unserer Insel angebaut wird. Sie wird nach traditioneller Methode auf ungepfropften Rebst\u00f6cken angebaut, wobei aufgrund der Bedingungen und der Orografie der Insel keinerlei Mechanisierung m\u00f6glich ist. Die [&hellip;]<\/p>\n","protected":false},"author":1,"featured_media":0,"parent":0,"menu_order":0,"comment_status":"closed","ping_status":"closed","template":"","meta":{"footnotes":""},"class_list":["post-27402","page","type-page","status-publish","hentry"],"yoast_head":"<!-- This site is optimized with the Yoast SEO plugin v26.8 - https:\/\/yoast.com\/product\/yoast-seo-wordpress\/ -->\n<title>Rotweine &#8226; Vega de Yuco<\/title>\n<meta name=\"description\" content=\"Die Rotweine der Bodegas Vega de Yuco werden aus den besten List\u00e1n Negro-Trauben Lanzarotes hergestellt.\" \/>\n<meta name=\"robots\" content=\"index, follow, max-snippet:-1, max-image-preview:large, max-video-preview:-1\" \/>\n<link rel=\"canonical\" href=\"https:\/\/www.vegadeyuco.com\/de\/rotweine\/\" \/>\n<meta property=\"og:locale\" content=\"de_DE\" \/>\n<meta property=\"og:type\" content=\"article\" \/>\n<meta property=\"og:title\" content=\"Rotweine &#8226; Vega de Yuco\" \/>\n<meta property=\"og:description\" content=\"Die Rotweine der Bodegas Vega de Yuco werden aus den besten List\u00e1n Negro-Trauben Lanzarotes hergestellt.\" \/>\n<meta property=\"og:url\" content=\"https:\/\/www.vegadeyuco.com\/de\/rotweine\/\" \/>\n<meta property=\"og:site_name\" content=\"Vega de Yuco\" \/>\n<meta property=\"article:publisher\" content=\"https:\/\/www.facebook.com\/vegadeyuco\" \/>\n<meta property=\"article:modified_time\" content=\"2026-01-08T15:13:13+00:00\" \/>\n<meta property=\"og:image\" content=\"https:\/\/www.vegadeyuco.com\/wp-content\/uploads\/2016\/11\/Gara-tinto.png\" \/>\n<meta name=\"twitter:card\" content=\"summary_large_image\" \/>\n<meta name=\"twitter:label1\" content=\"Gesch\u00e4tzte Lesezeit\" \/>\n\t<meta name=\"twitter:data1\" content=\"1\u00a0Minute\" \/>\n<script type=\"application\/ld+json\" class=\"yoast-schema-graph\">{\"@context\":\"https:\/\/schema.org\",\"@graph\":[{\"@type\":\"WebPage\",\"@id\":\"https:\/\/www.vegadeyuco.com\/de\/rotweine\/\",\"url\":\"https:\/\/www.vegadeyuco.com\/de\/rotweine\/\",\"name\":\"Rotweine &#8226; Vega de Yuco\",\"isPartOf\":{\"@id\":\"https:\/\/www.vegadeyuco.com\/de\/#website\"},\"primaryImageOfPage\":{\"@id\":\"https:\/\/www.vegadeyuco.com\/de\/rotweine\/#primaryimage\"},\"image\":{\"@id\":\"https:\/\/www.vegadeyuco.com\/de\/rotweine\/#primaryimage\"},\"thumbnailUrl\":\"https:\/\/www.vegadeyuco.com\/wp-content\/uploads\/2016\/11\/Gara-tinto.png\",\"datePublished\":\"2019-11-29T19:52:26+00:00\",\"dateModified\":\"2026-01-08T15:13:13+00:00\",\"description\":\"Die Rotweine der Bodegas Vega de Yuco werden aus den besten List\u00e1n Negro-Trauben Lanzarotes hergestellt.\",\"breadcrumb\":{\"@id\":\"https:\/\/www.vegadeyuco.com\/de\/rotweine\/#breadcrumb\"},\"inLanguage\":\"de\",\"potentialAction\":[{\"@type\":\"ReadAction\",\"target\":[\"https:\/\/www.vegadeyuco.com\/de\/rotweine\/\"]}]},{\"@type\":\"ImageObject\",\"inLanguage\":\"de\",\"@id\":\"https:\/\/www.vegadeyuco.com\/de\/rotweine\/#primaryimage\",\"url\":\"https:\/\/www.vegadeyuco.com\/wp-content\/uploads\/2016\/11\/Gara-tinto.png\",\"contentUrl\":\"https:\/\/www.vegadeyuco.com\/wp-content\/uploads\/2016\/11\/Gara-tinto.png\"},{\"@type\":\"BreadcrumbList\",\"@id\":\"https:\/\/www.vegadeyuco.com\/de\/rotweine\/#breadcrumb\",\"itemListElement\":[{\"@type\":\"ListItem\",\"position\":1,\"name\":\"Portada\",\"item\":\"https:\/\/www.vegadeyuco.com\/de\/vega-de-yuco-weinkellerei-auf-lanzarote\/\"},{\"@type\":\"ListItem\",\"position\":2,\"name\":\"Rotweine\"}]},{\"@type\":\"WebSite\",\"@id\":\"https:\/\/www.vegadeyuco.com\/de\/#website\",\"url\":\"https:\/\/www.vegadeyuco.com\/de\/\",\"name\":\"Vega de Yuco\",\"description\":\"Bodegas y Vi\u00f1edos Vega de Yuco en Lanzarote, una bodega tradicional Canaria que destila autenticidad e innovaci\u00f3n. \",\"publisher\":{\"@id\":\"https:\/\/www.vegadeyuco.com\/de\/#organization\"},\"potentialAction\":[{\"@type\":\"SearchAction\",\"target\":{\"@type\":\"EntryPoint\",\"urlTemplate\":\"https:\/\/www.vegadeyuco.com\/de\/?s={search_term_string}\"},\"query-input\":{\"@type\":\"PropertyValueSpecification\",\"valueRequired\":true,\"valueName\":\"search_term_string\"}}],\"inLanguage\":\"de\"},{\"@type\":\"Organization\",\"@id\":\"https:\/\/www.vegadeyuco.com\/de\/#organization\",\"name\":\"Bodegas Vega de Yuco\",\"url\":\"https:\/\/www.vegadeyuco.com\/de\/\",\"logo\":{\"@type\":\"ImageObject\",\"inLanguage\":\"de\",\"@id\":\"https:\/\/www.vegadeyuco.com\/de\/#\/schema\/logo\/image\/\",\"url\":\"https:\/\/www.vegadeyuco.com\/wp-content\/uploads\/2020\/01\/LOGO_VEGADEYUCO_cabecera_pedidos.png\",\"contentUrl\":\"https:\/\/www.vegadeyuco.com\/wp-content\/uploads\/2020\/01\/LOGO_VEGADEYUCO_cabecera_pedidos.png\",\"width\":250,\"height\":150,\"caption\":\"Bodegas Vega de Yuco\"},\"image\":{\"@id\":\"https:\/\/www.vegadeyuco.com\/de\/#\/schema\/logo\/image\/\"},\"sameAs\":[\"https:\/\/www.facebook.com\/vegadeyuco\",\"https:\/\/www.instagram.com\/vegadeyuco\/\",\"https:\/\/www.youtube.com\/channel\/UCmDMkmxMCvbSXTLTAs3DM7A\"]}]}<\/script>\n<!-- \/ Yoast SEO plugin. -->","yoast_head_json":{"title":"Rotweine &#8226; Vega de Yuco","description":"Die Rotweine der Bodegas Vega de Yuco werden aus den besten List\u00e1n Negro-Trauben Lanzarotes hergestellt.","robots":{"index":"index","follow":"follow","max-snippet":"max-snippet:-1","max-image-preview":"max-image-preview:large","max-video-preview":"max-video-preview:-1"},"canonical":"https:\/\/www.vegadeyuco.com\/de\/rotweine\/","og_locale":"de_DE","og_type":"article","og_title":"Rotweine &#8226; Vega de Yuco","og_description":"Die Rotweine der Bodegas Vega de Yuco werden aus den besten List\u00e1n Negro-Trauben Lanzarotes hergestellt.","og_url":"https:\/\/www.vegadeyuco.com\/de\/rotweine\/","og_site_name":"Vega de Yuco","article_publisher":"https:\/\/www.facebook.com\/vegadeyuco","article_modified_time":"2026-01-08T15:13:13+00:00","og_image":[{"url":"https:\/\/www.vegadeyuco.com\/wp-content\/uploads\/2016\/11\/Gara-tinto.png","type":"","width":"","height":""}],"twitter_card":"summary_large_image","twitter_misc":{"Gesch\u00e4tzte Lesezeit":"1\u00a0Minute"},"schema":{"@context":"https:\/\/schema.org","@graph":[{"@type":"WebPage","@id":"https:\/\/www.vegadeyuco.com\/de\/rotweine\/","url":"https:\/\/www.vegadeyuco.com\/de\/rotweine\/","name":"Rotweine &#8226; Vega de Yuco","isPartOf":{"@id":"https:\/\/www.vegadeyuco.com\/de\/#website"},"primaryImageOfPage":{"@id":"https:\/\/www.vegadeyuco.com\/de\/rotweine\/#primaryimage"},"image":{"@id":"https:\/\/www.vegadeyuco.com\/de\/rotweine\/#primaryimage"},"thumbnailUrl":"https:\/\/www.vegadeyuco.com\/wp-content\/uploads\/2016\/11\/Gara-tinto.png","datePublished":"2019-11-29T19:52:26+00:00","dateModified":"2026-01-08T15:13:13+00:00","description":"Die Rotweine der Bodegas Vega de Yuco werden aus den besten List\u00e1n Negro-Trauben Lanzarotes hergestellt.","breadcrumb":{"@id":"https:\/\/www.vegadeyuco.com\/de\/rotweine\/#breadcrumb"},"inLanguage":"de","potentialAction":[{"@type":"ReadAction","target":["https:\/\/www.vegadeyuco.com\/de\/rotweine\/"]}]},{"@type":"ImageObject","inLanguage":"de","@id":"https:\/\/www.vegadeyuco.com\/de\/rotweine\/#primaryimage","url":"https:\/\/www.vegadeyuco.com\/wp-content\/uploads\/2016\/11\/Gara-tinto.png","contentUrl":"https:\/\/www.vegadeyuco.com\/wp-content\/uploads\/2016\/11\/Gara-tinto.png"},{"@type":"BreadcrumbList","@id":"https:\/\/www.vegadeyuco.com\/de\/rotweine\/#breadcrumb","itemListElement":[{"@type":"ListItem","position":1,"name":"Portada","item":"https:\/\/www.vegadeyuco.com\/de\/vega-de-yuco-weinkellerei-auf-lanzarote\/"},{"@type":"ListItem","position":2,"name":"Rotweine"}]},{"@type":"WebSite","@id":"https:\/\/www.vegadeyuco.com\/de\/#website","url":"https:\/\/www.vegadeyuco.com\/de\/","name":"Vega de Yuco","description":"Bodegas y Vi\u00f1edos Vega de Yuco en Lanzarote, una bodega tradicional Canaria que destila autenticidad e innovaci\u00f3n. ","publisher":{"@id":"https:\/\/www.vegadeyuco.com\/de\/#organization"},"potentialAction":[{"@type":"SearchAction","target":{"@type":"EntryPoint","urlTemplate":"https:\/\/www.vegadeyuco.com\/de\/?s={search_term_string}"},"query-input":{"@type":"PropertyValueSpecification","valueRequired":true,"valueName":"search_term_string"}}],"inLanguage":"de"},{"@type":"Organization","@id":"https:\/\/www.vegadeyuco.com\/de\/#organization","name":"Bodegas Vega de Yuco","url":"https:\/\/www.vegadeyuco.com\/de\/","logo":{"@type":"ImageObject","inLanguage":"de","@id":"https:\/\/www.vegadeyuco.com\/de\/#\/schema\/logo\/image\/","url":"https:\/\/www.vegadeyuco.com\/wp-content\/uploads\/2020\/01\/LOGO_VEGADEYUCO_cabecera_pedidos.png","contentUrl":"https:\/\/www.vegadeyuco.com\/wp-content\/uploads\/2020\/01\/LOGO_VEGADEYUCO_cabecera_pedidos.png","width":250,"height":150,"caption":"Bodegas Vega de Yuco"},"image":{"@id":"https:\/\/www.vegadeyuco.com\/de\/#\/schema\/logo\/image\/"},"sameAs":["https:\/\/www.facebook.com\/vegadeyuco","https:\/\/www.instagram.com\/vegadeyuco\/","https:\/\/www.youtube.com\/channel\/UCmDMkmxMCvbSXTLTAs3DM7A"]}]}},"post_mailing_queue_ids":[],"_links":{"self":[{"href":"https:\/\/www.vegadeyuco.com\/de\/wp-json\/wp\/v2\/pages\/27402","targetHints":{"allow":["GET"]}}],"collection":[{"href":"https:\/\/www.vegadeyuco.com\/de\/wp-json\/wp\/v2\/pages"}],"about":[{"href":"https:\/\/www.vegadeyuco.com\/de\/wp-json\/wp\/v2\/types\/page"}],"author":[{"embeddable":true,"href":"https:\/\/www.vegadeyuco.com\/de\/wp-json\/wp\/v2\/users\/1"}],"replies":[{"embeddable":true,"href":"https:\/\/www.vegadeyuco.com\/de\/wp-json\/wp\/v2\/comments?post=27402"}],"version-history":[{"count":1,"href":"https:\/\/www.vegadeyuco.com\/de\/wp-json\/wp\/v2\/pages\/27402\/revisions"}],"predecessor-version":[{"id":27403,"href":"https:\/\/www.vegadeyuco.com\/de\/wp-json\/wp\/v2\/pages\/27402\/revisions\/27403"}],"wp:attachment":[{"href":"https:\/\/www.vegadeyuco.com\/de\/wp-json\/wp\/v2\/media?parent=27402"}],"curies":[{"name":"wp","href":"https:\/\/api.w.org\/{rel}","templated":true}]}}