{"id":27405,"date":"2019-11-25T19:29:02","date_gmt":"2019-11-25T19:29:02","guid":{"rendered":"https:\/\/www.vegadeyuco.com\/weine-vega-de-yuco\/"},"modified":"2026-01-08T15:14:10","modified_gmt":"2026-01-08T15:14:10","slug":"weine-vega-de-yuco","status":"publish","type":"page","link":"https:\/\/www.vegadeyuco.com\/de\/weine-vega-de-yuco\/","title":{"rendered":"Weine Vega de Yuco"},"content":{"rendered":"\t\t<div data-elementor-type=\"wp-page\" data-elementor-id=\"27405\" class=\"elementor elementor-27405 elementor-2801\" data-elementor-post-type=\"page\">\n\t\t\t\t<div class=\"elementor-element elementor-element-0ed88a4 e-flex e-con-boxed e-con e-parent\" data-id=\"0ed88a4\" data-element_type=\"container\">\n\t\t\t\t\t<div class=\"e-con-inner\">\n\t\t<div class=\"elementor-element elementor-element-d4b98bc e-con-full e-flex e-con e-child\" data-id=\"d4b98bc\" data-element_type=\"container\">\n\t\t\t\t<div class=\"elementor-element elementor-element-e636460 elementor-widget elementor-widget-heading\" data-id=\"e636460\" data-element_type=\"widget\" data-widget_type=\"heading.default\">\n\t\t\t\t<div class=\"elementor-widget-container\">\n\t\t\t\t\t<h1 class=\"elementor-heading-title elementor-size-default\">Weine Vega de Yuco<\/h1>\t\t\t\t<\/div>\n\t\t\t\t<\/div>\n\t\t\t\t<div class=\"elementor-element elementor-element-ecaac62 elementor-widget elementor-widget-text-editor\" data-id=\"ecaac62\" data-element_type=\"widget\" data-widget_type=\"text-editor.default\">\n\t\t\t\t<div class=\"elementor-widget-container\">\n\t\t\t\t\t\t\t\t\t<p><span class=\"descripcion-texto-largo-laptop\">Kintsukuroi ist die japanische Kunst, zerbrochene Gegenst\u00e4nde wieder zusammenzuf\u00fcgen. Wenn ein Keramikst\u00fcck zerbricht, reparieren die Kintsukuroi-Meister es, indem sie die Risse mit Gold oder Silber f\u00fcllen und so die Rekonstruktion hervorheben. Denn ein wiederhergestelltes St\u00fcck ist ein Symbol f\u00fcr Zerbrechlichkeit, aber auch f\u00fcr St\u00e4rke und Sch\u00f6nheit.  <\/span><\/p><p>Die Weine von VEGA DE YUCO sind die Quintessenz unseres Weinguts: Weine mit gro\u00dfer Pers\u00f6nlichkeit, komplex und voller Nuancen, die ein unersch\u00f6pfliches Erlebnis f\u00fcr die Sinne bieten.<\/p>\t\t\t\t\t\t\t\t<\/div>\n\t\t\t\t<\/div>\n\t\t\t\t<div class=\"elementor-element elementor-element-0443daf elementor-widget elementor-widget-button\" data-id=\"0443daf\" data-element_type=\"widget\" data-widget_type=\"button.default\">\n\t\t\t\t<div class=\"elementor-widget-container\">\n\t\t\t\t\t\t\t\t\t<div class=\"elementor-button-wrapper\">\n\t\t\t\t\t<a class=\"elementor-button elementor-button-link elementor-size-sm\" href=\"#elementor-action%3Aaction%3Dlightbox%26settings%3DeyJ0eXBlIjoidmlkZW8iLCJ2aWRlb1R5cGUiOiJ5b3V0dWJlIiwidXJsIjoiaHR0cHM6XC9cL3d3dy55b3V0dWJlLmNvbVwvZW1iZWRcLzIzNmt4djlkb3A4P2ZlYXR1cmU9b2VtYmVkIn0%3D\">\n\t\t\t\t\t\t<span class=\"elementor-button-content-wrapper\">\n\t\t\t\t\t\t\t\t\t<span class=\"elementor-button-text\">Pr\u00e4sentation des Weins Princesa Gara (Ros\u00e9 und Wei\u00df)<\/span>\n\t\t\t\t\t<\/span>\n\t\t\t\t\t<\/a>\n\t\t\t\t<\/div>\n\t\t\t\t\t\t\t\t<\/div>\n\t\t\t\t<\/div>\n\t\t\t\t<\/div>\n\t\t<div class=\"elementor-element elementor-element-2a71446 e-con-full e-flex e-con e-child\" data-id=\"2a71446\" data-element_type=\"container\">\n\t\t\t\t<div class=\"elementor-element elementor-element-986cb7d elementor-widget elementor-widget-image\" data-id=\"986cb7d\" data-element_type=\"widget\" data-widget_type=\"image.default\">\n\t\t\t\t<div class=\"elementor-widget-container\">\n\t\t\t\t\t\t\t\t\t\t\t\t\t\t\t<img fetchpriority=\"high\" decoding=\"async\" width=\"1000\" height=\"1000\" src=\"https:\/\/www.vegadeyuco.com\/wp-content\/uploads\/2018\/11\/V-Yuco-seco.png\" class=\"attachment-full size-full wp-image-27404\" alt=\"\" srcset=\"https:\/\/www.vegadeyuco.com\/wp-content\/uploads\/2018\/11\/V-Yuco-seco.png 1000w, https:\/\/www.vegadeyuco.com\/wp-content\/uploads\/2018\/11\/V-Yuco-seco-300x300.png 300w, https:\/\/www.vegadeyuco.com\/wp-content\/uploads\/2018\/11\/V-Yuco-seco-150x150.png 150w, https:\/\/www.vegadeyuco.com\/wp-content\/uploads\/2018\/11\/V-Yuco-seco-768x768.png 768w, https:\/\/www.vegadeyuco.com\/wp-content\/uploads\/2018\/11\/V-Yuco-seco-100x100.png 100w\" sizes=\"(max-width: 1000px) 100vw, 1000px\" \/>\t\t\t\t\t\t\t\t\t\t\t\t\t\t\t<\/div>\n\t\t\t\t<\/div>\n\t\t\t\t<\/div>\n\t\t\t\t\t<\/div>\n\t\t\t\t<\/div>\n\t\t<div class=\"elementor-element elementor-element-e3aab01 e-flex e-con-boxed e-con e-parent\" data-id=\"e3aab01\" data-element_type=\"container\">\n\t\t\t\t\t<div class=\"e-con-inner\">\n\t\t<div class=\"elementor-element elementor-element-9b78b37 e-con-full e-flex e-con e-child\" data-id=\"9b78b37\" data-element_type=\"container\">\n\t\t\t\t<\/div>\n\t\t\t\t\t<\/div>\n\t\t\t\t<\/div>\n\t\t\t\t<\/div>\n\t\t","protected":false},"excerpt":{"rendered":"<p>Weine Vega de Yuco Kintsukuroi ist die japanische Kunst, zerbrochene Gegenst\u00e4nde wieder zusammenzuf\u00fcgen. Wenn ein Keramikst\u00fcck zerbricht, reparieren die Kintsukuroi-Meister es, indem sie die Risse mit Gold oder Silber f\u00fcllen und so die Rekonstruktion hervorheben. Denn ein wiederhergestelltes St\u00fcck ist ein Symbol f\u00fcr Zerbrechlichkeit, aber auch f\u00fcr St\u00e4rke und Sch\u00f6nheit. Die Weine von VEGA DE [&hellip;]<\/p>\n","protected":false},"author":1,"featured_media":0,"parent":0,"menu_order":0,"comment_status":"closed","ping_status":"closed","template":"","meta":{"footnotes":""},"class_list":["post-27405","page","type-page","status-publish","hentry"],"yoast_head":"<!-- This site is optimized with the Yoast SEO plugin v26.8 - https:\/\/yoast.com\/product\/yoast-seo-wordpress\/ -->\n<title>Weine Vega de Yuco &#8226; Vega de Yuco<\/title>\n<meta name=\"description\" content=\"Die Weine von Vega de Yuco haben eine gro\u00dfe Pers\u00f6nlichkeit, sind komplex und voller Nuancen und bieten ein unersch\u00f6pfliches Erlebnis f\u00fcr die Sinne.\" \/>\n<meta name=\"robots\" content=\"index, follow, max-snippet:-1, max-image-preview:large, max-video-preview:-1\" \/>\n<link rel=\"canonical\" href=\"https:\/\/www.vegadeyuco.com\/de\/weine-vega-de-yuco\/\" \/>\n<meta property=\"og:locale\" content=\"de_DE\" \/>\n<meta property=\"og:type\" content=\"article\" \/>\n<meta property=\"og:title\" content=\"Weine Vega de Yuco &#8226; Vega de Yuco\" \/>\n<meta property=\"og:description\" content=\"Die Weine von Vega de Yuco haben eine gro\u00dfe Pers\u00f6nlichkeit, sind komplex und voller Nuancen und bieten ein unersch\u00f6pfliches Erlebnis f\u00fcr die Sinne.\" \/>\n<meta property=\"og:url\" content=\"https:\/\/www.vegadeyuco.com\/de\/weine-vega-de-yuco\/\" \/>\n<meta property=\"og:site_name\" content=\"Vega de Yuco\" \/>\n<meta property=\"article:publisher\" content=\"https:\/\/www.facebook.com\/vegadeyuco\" \/>\n<meta property=\"article:modified_time\" content=\"2026-01-08T15:14:10+00:00\" \/>\n<meta property=\"og:image\" content=\"https:\/\/www.vegadeyuco.com\/wp-content\/uploads\/2018\/11\/V-Yuco-seco.png\" \/>\n<meta name=\"twitter:card\" content=\"summary_large_image\" \/>\n<script type=\"application\/ld+json\" class=\"yoast-schema-graph\">{\"@context\":\"https:\/\/schema.org\",\"@graph\":[{\"@type\":\"WebPage\",\"@id\":\"https:\/\/www.vegadeyuco.com\/de\/weine-vega-de-yuco\/\",\"url\":\"https:\/\/www.vegadeyuco.com\/de\/weine-vega-de-yuco\/\",\"name\":\"Weine Vega de Yuco &#8226; Vega de Yuco\",\"isPartOf\":{\"@id\":\"https:\/\/www.vegadeyuco.com\/de\/#website\"},\"primaryImageOfPage\":{\"@id\":\"https:\/\/www.vegadeyuco.com\/de\/weine-vega-de-yuco\/#primaryimage\"},\"image\":{\"@id\":\"https:\/\/www.vegadeyuco.com\/de\/weine-vega-de-yuco\/#primaryimage\"},\"thumbnailUrl\":\"https:\/\/www.vegadeyuco.com\/wp-content\/uploads\/2018\/11\/V-Yuco-seco.png\",\"datePublished\":\"2019-11-25T19:29:02+00:00\",\"dateModified\":\"2026-01-08T15:14:10+00:00\",\"description\":\"Die Weine von Vega de Yuco haben eine gro\u00dfe Pers\u00f6nlichkeit, sind komplex und voller Nuancen und bieten ein unersch\u00f6pfliches Erlebnis f\u00fcr die Sinne.\",\"breadcrumb\":{\"@id\":\"https:\/\/www.vegadeyuco.com\/de\/weine-vega-de-yuco\/#breadcrumb\"},\"inLanguage\":\"de\",\"potentialAction\":[{\"@type\":\"ReadAction\",\"target\":[\"https:\/\/www.vegadeyuco.com\/de\/weine-vega-de-yuco\/\"]}]},{\"@type\":\"ImageObject\",\"inLanguage\":\"de\",\"@id\":\"https:\/\/www.vegadeyuco.com\/de\/weine-vega-de-yuco\/#primaryimage\",\"url\":\"https:\/\/www.vegadeyuco.com\/wp-content\/uploads\/2018\/11\/V-Yuco-seco.png\",\"contentUrl\":\"https:\/\/www.vegadeyuco.com\/wp-content\/uploads\/2018\/11\/V-Yuco-seco.png\"},{\"@type\":\"BreadcrumbList\",\"@id\":\"https:\/\/www.vegadeyuco.com\/de\/weine-vega-de-yuco\/#breadcrumb\",\"itemListElement\":[{\"@type\":\"ListItem\",\"position\":1,\"name\":\"Portada\",\"item\":\"https:\/\/www.vegadeyuco.com\/de\/vega-de-yuco-weinkellerei-auf-lanzarote\/\"},{\"@type\":\"ListItem\",\"position\":2,\"name\":\"Weine Vega de Yuco\"}]},{\"@type\":\"WebSite\",\"@id\":\"https:\/\/www.vegadeyuco.com\/de\/#website\",\"url\":\"https:\/\/www.vegadeyuco.com\/de\/\",\"name\":\"Vega de Yuco\",\"description\":\"Bodegas y Vi\u00f1edos Vega de Yuco en Lanzarote, una bodega tradicional Canaria que destila autenticidad e innovaci\u00f3n. \",\"publisher\":{\"@id\":\"https:\/\/www.vegadeyuco.com\/de\/#organization\"},\"potentialAction\":[{\"@type\":\"SearchAction\",\"target\":{\"@type\":\"EntryPoint\",\"urlTemplate\":\"https:\/\/www.vegadeyuco.com\/de\/?s={search_term_string}\"},\"query-input\":{\"@type\":\"PropertyValueSpecification\",\"valueRequired\":true,\"valueName\":\"search_term_string\"}}],\"inLanguage\":\"de\"},{\"@type\":\"Organization\",\"@id\":\"https:\/\/www.vegadeyuco.com\/de\/#organization\",\"name\":\"Bodegas Vega de Yuco\",\"url\":\"https:\/\/www.vegadeyuco.com\/de\/\",\"logo\":{\"@type\":\"ImageObject\",\"inLanguage\":\"de\",\"@id\":\"https:\/\/www.vegadeyuco.com\/de\/#\/schema\/logo\/image\/\",\"url\":\"https:\/\/www.vegadeyuco.com\/wp-content\/uploads\/2020\/01\/LOGO_VEGADEYUCO_cabecera_pedidos.png\",\"contentUrl\":\"https:\/\/www.vegadeyuco.com\/wp-content\/uploads\/2020\/01\/LOGO_VEGADEYUCO_cabecera_pedidos.png\",\"width\":250,\"height\":150,\"caption\":\"Bodegas Vega de Yuco\"},\"image\":{\"@id\":\"https:\/\/www.vegadeyuco.com\/de\/#\/schema\/logo\/image\/\"},\"sameAs\":[\"https:\/\/www.facebook.com\/vegadeyuco\",\"https:\/\/www.instagram.com\/vegadeyuco\/\",\"https:\/\/www.youtube.com\/channel\/UCmDMkmxMCvbSXTLTAs3DM7A\"]}]}<\/script>\n<!-- \/ Yoast SEO plugin. -->","yoast_head_json":{"title":"Weine Vega de Yuco &#8226; Vega de Yuco","description":"Die Weine von Vega de Yuco haben eine gro\u00dfe Pers\u00f6nlichkeit, sind komplex und voller Nuancen und bieten ein unersch\u00f6pfliches Erlebnis f\u00fcr die Sinne.","robots":{"index":"index","follow":"follow","max-snippet":"max-snippet:-1","max-image-preview":"max-image-preview:large","max-video-preview":"max-video-preview:-1"},"canonical":"https:\/\/www.vegadeyuco.com\/de\/weine-vega-de-yuco\/","og_locale":"de_DE","og_type":"article","og_title":"Weine Vega de Yuco &#8226; Vega de Yuco","og_description":"Die Weine von Vega de Yuco haben eine gro\u00dfe Pers\u00f6nlichkeit, sind komplex und voller Nuancen und bieten ein unersch\u00f6pfliches Erlebnis f\u00fcr die Sinne.","og_url":"https:\/\/www.vegadeyuco.com\/de\/weine-vega-de-yuco\/","og_site_name":"Vega de Yuco","article_publisher":"https:\/\/www.facebook.com\/vegadeyuco","article_modified_time":"2026-01-08T15:14:10+00:00","og_image":[{"url":"https:\/\/www.vegadeyuco.com\/wp-content\/uploads\/2018\/11\/V-Yuco-seco.png","type":"","width":"","height":""}],"twitter_card":"summary_large_image","schema":{"@context":"https:\/\/schema.org","@graph":[{"@type":"WebPage","@id":"https:\/\/www.vegadeyuco.com\/de\/weine-vega-de-yuco\/","url":"https:\/\/www.vegadeyuco.com\/de\/weine-vega-de-yuco\/","name":"Weine Vega de Yuco &#8226; Vega de Yuco","isPartOf":{"@id":"https:\/\/www.vegadeyuco.com\/de\/#website"},"primaryImageOfPage":{"@id":"https:\/\/www.vegadeyuco.com\/de\/weine-vega-de-yuco\/#primaryimage"},"image":{"@id":"https:\/\/www.vegadeyuco.com\/de\/weine-vega-de-yuco\/#primaryimage"},"thumbnailUrl":"https:\/\/www.vegadeyuco.com\/wp-content\/uploads\/2018\/11\/V-Yuco-seco.png","datePublished":"2019-11-25T19:29:02+00:00","dateModified":"2026-01-08T15:14:10+00:00","description":"Die Weine von Vega de Yuco haben eine gro\u00dfe Pers\u00f6nlichkeit, sind komplex und voller Nuancen und bieten ein unersch\u00f6pfliches Erlebnis f\u00fcr die Sinne.","breadcrumb":{"@id":"https:\/\/www.vegadeyuco.com\/de\/weine-vega-de-yuco\/#breadcrumb"},"inLanguage":"de","potentialAction":[{"@type":"ReadAction","target":["https:\/\/www.vegadeyuco.com\/de\/weine-vega-de-yuco\/"]}]},{"@type":"ImageObject","inLanguage":"de","@id":"https:\/\/www.vegadeyuco.com\/de\/weine-vega-de-yuco\/#primaryimage","url":"https:\/\/www.vegadeyuco.com\/wp-content\/uploads\/2018\/11\/V-Yuco-seco.png","contentUrl":"https:\/\/www.vegadeyuco.com\/wp-content\/uploads\/2018\/11\/V-Yuco-seco.png"},{"@type":"BreadcrumbList","@id":"https:\/\/www.vegadeyuco.com\/de\/weine-vega-de-yuco\/#breadcrumb","itemListElement":[{"@type":"ListItem","position":1,"name":"Portada","item":"https:\/\/www.vegadeyuco.com\/de\/vega-de-yuco-weinkellerei-auf-lanzarote\/"},{"@type":"ListItem","position":2,"name":"Weine Vega de Yuco"}]},{"@type":"WebSite","@id":"https:\/\/www.vegadeyuco.com\/de\/#website","url":"https:\/\/www.vegadeyuco.com\/de\/","name":"Vega de Yuco","description":"Bodegas y Vi\u00f1edos Vega de Yuco en Lanzarote, una bodega tradicional Canaria que destila autenticidad e innovaci\u00f3n. ","publisher":{"@id":"https:\/\/www.vegadeyuco.com\/de\/#organization"},"potentialAction":[{"@type":"SearchAction","target":{"@type":"EntryPoint","urlTemplate":"https:\/\/www.vegadeyuco.com\/de\/?s={search_term_string}"},"query-input":{"@type":"PropertyValueSpecification","valueRequired":true,"valueName":"search_term_string"}}],"inLanguage":"de"},{"@type":"Organization","@id":"https:\/\/www.vegadeyuco.com\/de\/#organization","name":"Bodegas Vega de Yuco","url":"https:\/\/www.vegadeyuco.com\/de\/","logo":{"@type":"ImageObject","inLanguage":"de","@id":"https:\/\/www.vegadeyuco.com\/de\/#\/schema\/logo\/image\/","url":"https:\/\/www.vegadeyuco.com\/wp-content\/uploads\/2020\/01\/LOGO_VEGADEYUCO_cabecera_pedidos.png","contentUrl":"https:\/\/www.vegadeyuco.com\/wp-content\/uploads\/2020\/01\/LOGO_VEGADEYUCO_cabecera_pedidos.png","width":250,"height":150,"caption":"Bodegas Vega de Yuco"},"image":{"@id":"https:\/\/www.vegadeyuco.com\/de\/#\/schema\/logo\/image\/"},"sameAs":["https:\/\/www.facebook.com\/vegadeyuco","https:\/\/www.instagram.com\/vegadeyuco\/","https:\/\/www.youtube.com\/channel\/UCmDMkmxMCvbSXTLTAs3DM7A"]}]}},"post_mailing_queue_ids":[],"_links":{"self":[{"href":"https:\/\/www.vegadeyuco.com\/de\/wp-json\/wp\/v2\/pages\/27405","targetHints":{"allow":["GET"]}}],"collection":[{"href":"https:\/\/www.vegadeyuco.com\/de\/wp-json\/wp\/v2\/pages"}],"about":[{"href":"https:\/\/www.vegadeyuco.com\/de\/wp-json\/wp\/v2\/types\/page"}],"author":[{"embeddable":true,"href":"https:\/\/www.vegadeyuco.com\/de\/wp-json\/wp\/v2\/users\/1"}],"replies":[{"embeddable":true,"href":"https:\/\/www.vegadeyuco.com\/de\/wp-json\/wp\/v2\/comments?post=27405"}],"version-history":[{"count":2,"href":"https:\/\/www.vegadeyuco.com\/de\/wp-json\/wp\/v2\/pages\/27405\/revisions"}],"predecessor-version":[{"id":27408,"href":"https:\/\/www.vegadeyuco.com\/de\/wp-json\/wp\/v2\/pages\/27405\/revisions\/27408"}],"wp:attachment":[{"href":"https:\/\/www.vegadeyuco.com\/de\/wp-json\/wp\/v2\/media?parent=27405"}],"curies":[{"name":"wp","href":"https:\/\/api.w.org\/{rel}","templated":true}]}}