{"id":27612,"date":"2025-05-22T20:34:03","date_gmt":"2025-05-22T19:34:03","guid":{"rendered":"https:\/\/www.vegadeyuco.com\/producto\/gara-weisswein-trocken\/"},"modified":"2025-05-22T20:34:03","modified_gmt":"2025-05-22T19:34:03","slug":"gara-weisswein-trocken","status":"publish","type":"product","link":"https:\/\/www.vegadeyuco.com\/de\/producto\/gara-weisswein-trocken\/","title":{"rendered":"Gara Wei\u00dfwein trocken"},"content":{"rendered":"<div class=\"woocommerce-product-details__short-description\">\n<p>Princesa Gara repr\u00e4sentiert die \u00f6nologische Spitze der Wei\u00dfweine aus Lanzarote. Ein sortenreiner Wein aus vulkanischer Malvas\u00eda in seiner Quintessenz. <\/p>\n<p>Ausgehend von vollst\u00e4ndig handwerklichen Anbaumethoden beginnt die Magie von Gara mit den Trauben, die in den sp\u00e4testen Vulkangebieten der Insel von Hand gelesen werden. Nach einer strengen manuellen Auswahl werden nur die besten Trauben f\u00fcr die Herstellung verwendet. Nach mehreren Monaten der Reifung im Weinkeller erhalten wir ein Produkt, das wir zweifellos als einen Wein von hoher Ausdruckskraft bezeichnen k\u00f6nnen.  <\/p>\n<p><span style=\"color: #0100a3;\">Farbe<\/span><br \/>\nAnsprechende blassgoldene Farbe mit gr\u00fcnlichen Reflexen und einer klaren Optik.<\/p>\n<p><span style=\"color: #0100a3;\">Nase<\/span><br \/>\nDer erste Eindruck erinnert an tropische Fr\u00fcchte wie Litschi oder Mango. Je l\u00e4nger man sich damit besch\u00e4ftigt, desto mehr entwickelt sich ein duftender Zitrusgeschmack, der an Grapefruit erinnert. <\/p>\n<p><span style=\"color: #0100a3;\">Gaumen<\/span><br \/>\nAm Gaumen ist er cremig, lang und lang anhaltend. Diese Eigenschaften werden auf au\u00dfergew\u00f6hnliche Weise durch einen S\u00e4uregrad ausgeglichen, der ihm gro\u00dfe Frische und Lebendigkeit verleiht. <\/p>\n<p>Ein tiefgr\u00fcndiger Wein voller Nuancen und Empfindungen, den man mit allen Sinnen genie\u00dfen kann.<\/p>\n<p><em>* Allergene: Enth\u00e4lt Sulfite.<\/em><\/p>\n<p>&nbsp;<\/p>\n<hr>\n<p>&nbsp;<\/p>\n<p><strong>Weinbegleitung<\/strong><\/p>\n<p>Die trockenen und fruchtigen Noten eines Weins wie dem trockenen Gara sind die beste Wahl zu gegrilltem Gem\u00fcse, gebackenem Fisch und geschmorten Artischocken. Er passt auch hervorragend zu Gerichten wie Lachs-Pok\u00e9, Ceviche und mit Vinaigrette angemachten Speisen, da er die Intensit\u00e4t dieser Aromen unterstreicht. <\/p>\n<\/div>\n","protected":false},"excerpt":{"rendered":"<p>Princesa Gara repr\u00e4sentiert die \u00f6nologische Spitze der Wei\u00dfweine aus Lanzarote. Ein sortenreiner Wein aus vulkanischer Malvas\u00eda in seiner Quintessenz. <\/p>\n<p><strong>Siehe Verkostungsnotiz<\/strong><\/p>\n<p><a href=\"https:\/\/www.vegadeyuco.com\/wp-content\/uploads\/2022\/02\/Princesa_Gara_seco-min.pdf\" target=\"_blank\" rel=\"noopener\">Espa\u00f1ol<\/a> <a href=\"https:\/\/www.vegadeyuco.com\/wp-content\/uploads\/2025\/05\/Gara-dry-ENG.pdf\" target=\"_blank\" rel=\"noopener\">English<\/a><\/p>\n","protected":false},"featured_media":22164,"template":"","meta":[],"product_brand":[],"product_cat":[370,372,317],"product_tag":[],"class_list":{"0":"post-27612","1":"product","2":"type-product","3":"status-publish","4":"has-post-thumbnail","6":"product_cat-can","7":"product_cat-weiswein-trocken","8":"product_cat-nicht-kategorisiert","9":"product_shipping_class-nur-kanarische-inseln","11":"first","12":"instock","13":"shipping-taxable","14":"purchasable","15":"product-type-simple"},"yoast_head":"<!-- This site is optimized with the Yoast SEO plugin v26.8 - https:\/\/yoast.com\/product\/yoast-seo-wordpress\/ -->\n<title>Gara Wei\u00dfwein trocken &#8226; Vega de Yuco<\/title>\n<meta name=\"description\" content=\"Princesa Gara repr\u00e4sentiert die \u00f6nologische Spitze der Wei\u00dfweine aus Lanzarote. Ein tiefgr\u00fcndiger Wein voller Nuancen.\" \/>\n<meta name=\"robots\" content=\"index, follow, max-snippet:-1, max-image-preview:large, max-video-preview:-1\" \/>\n<link rel=\"canonical\" href=\"https:\/\/www.vegadeyuco.com\/de\/producto\/gara-weisswein-trocken\/\" \/>\n<meta property=\"og:locale\" content=\"de_DE\" \/>\n<meta property=\"og:type\" content=\"article\" \/>\n<meta property=\"og:title\" content=\"Gara Wei\u00dfwein trocken &#8226; Vega de Yuco\" \/>\n<meta property=\"og:description\" content=\"Princesa Gara repr\u00e4sentiert die \u00f6nologische Spitze der Wei\u00dfweine aus Lanzarote. Ein tiefgr\u00fcndiger Wein voller Nuancen.\" \/>\n<meta property=\"og:url\" content=\"https:\/\/www.vegadeyuco.com\/de\/producto\/gara-weisswein-trocken\/\" \/>\n<meta property=\"og:site_name\" content=\"Vega de Yuco\" \/>\n<meta property=\"article:publisher\" content=\"https:\/\/www.facebook.com\/vegadeyuco\" \/>\n<meta property=\"og:image\" content=\"https:\/\/www.vegadeyuco.com\/wp-content\/uploads\/2016\/11\/Gara-seco.png\" \/>\n\t<meta property=\"og:image:width\" content=\"1000\" \/>\n\t<meta property=\"og:image:height\" content=\"1000\" \/>\n\t<meta property=\"og:image:type\" content=\"image\/png\" \/>\n<meta name=\"twitter:card\" content=\"summary_large_image\" \/>\n<meta name=\"twitter:label1\" content=\"Gesch\u00e4tzte Lesezeit\" \/>\n\t<meta name=\"twitter:data1\" content=\"1\u00a0Minute\" \/>\n<script type=\"application\/ld+json\" class=\"yoast-schema-graph\">{\"@context\":\"https:\/\/schema.org\",\"@graph\":[{\"@type\":\"WebPage\",\"@id\":\"https:\/\/www.vegadeyuco.com\/de\/producto\/gara-weisswein-trocken\/\",\"url\":\"https:\/\/www.vegadeyuco.com\/de\/producto\/gara-weisswein-trocken\/\",\"name\":\"Gara Wei\u00dfwein trocken &#8226; Vega de Yuco\",\"isPartOf\":{\"@id\":\"https:\/\/www.vegadeyuco.com\/de\/#website\"},\"primaryImageOfPage\":{\"@id\":\"https:\/\/www.vegadeyuco.com\/de\/producto\/gara-weisswein-trocken\/#primaryimage\"},\"image\":{\"@id\":\"https:\/\/www.vegadeyuco.com\/de\/producto\/gara-weisswein-trocken\/#primaryimage\"},\"thumbnailUrl\":\"https:\/\/www.vegadeyuco.com\/wp-content\/uploads\/2016\/11\/Gara-seco.png\",\"datePublished\":\"2025-05-22T19:34:03+00:00\",\"description\":\"Princesa Gara repr\u00e4sentiert die \u00f6nologische Spitze der Wei\u00dfweine aus Lanzarote. Ein tiefgr\u00fcndiger Wein voller Nuancen.\",\"breadcrumb\":{\"@id\":\"https:\/\/www.vegadeyuco.com\/de\/producto\/gara-weisswein-trocken\/#breadcrumb\"},\"inLanguage\":\"de\",\"potentialAction\":[{\"@type\":\"ReadAction\",\"target\":[\"https:\/\/www.vegadeyuco.com\/de\/producto\/gara-weisswein-trocken\/\"]}]},{\"@type\":\"ImageObject\",\"inLanguage\":\"de\",\"@id\":\"https:\/\/www.vegadeyuco.com\/de\/producto\/gara-weisswein-trocken\/#primaryimage\",\"url\":\"https:\/\/www.vegadeyuco.com\/wp-content\/uploads\/2016\/11\/Gara-seco.png\",\"contentUrl\":\"https:\/\/www.vegadeyuco.com\/wp-content\/uploads\/2016\/11\/Gara-seco.png\",\"width\":1000,\"height\":1000},{\"@type\":\"BreadcrumbList\",\"@id\":\"https:\/\/www.vegadeyuco.com\/de\/producto\/gara-weisswein-trocken\/#breadcrumb\",\"itemListElement\":[{\"@type\":\"ListItem\",\"position\":1,\"name\":\"Portada\",\"item\":\"https:\/\/www.vegadeyuco.com\/de\/vega-de-yuco-weinkellerei-auf-lanzarote\/\"},{\"@type\":\"ListItem\",\"position\":2,\"name\":\"Shop\",\"item\":\"https:\/\/www.vegadeyuco.com\/de\/shop\/\"},{\"@type\":\"ListItem\",\"position\":3,\"name\":\"Gara Wei\u00dfwein trocken\"}]},{\"@type\":\"WebSite\",\"@id\":\"https:\/\/www.vegadeyuco.com\/de\/#website\",\"url\":\"https:\/\/www.vegadeyuco.com\/de\/\",\"name\":\"Vega de Yuco\",\"description\":\"Bodegas y Vi\u00f1edos Vega de Yuco en Lanzarote, una bodega tradicional Canaria que destila autenticidad e innovaci\u00f3n. \",\"publisher\":{\"@id\":\"https:\/\/www.vegadeyuco.com\/de\/#organization\"},\"potentialAction\":[{\"@type\":\"SearchAction\",\"target\":{\"@type\":\"EntryPoint\",\"urlTemplate\":\"https:\/\/www.vegadeyuco.com\/de\/?s={search_term_string}\"},\"query-input\":{\"@type\":\"PropertyValueSpecification\",\"valueRequired\":true,\"valueName\":\"search_term_string\"}}],\"inLanguage\":\"de\"},{\"@type\":\"Organization\",\"@id\":\"https:\/\/www.vegadeyuco.com\/de\/#organization\",\"name\":\"Bodegas Vega de Yuco\",\"url\":\"https:\/\/www.vegadeyuco.com\/de\/\",\"logo\":{\"@type\":\"ImageObject\",\"inLanguage\":\"de\",\"@id\":\"https:\/\/www.vegadeyuco.com\/de\/#\/schema\/logo\/image\/\",\"url\":\"https:\/\/www.vegadeyuco.com\/wp-content\/uploads\/2020\/01\/LOGO_VEGADEYUCO_cabecera_pedidos.png\",\"contentUrl\":\"https:\/\/www.vegadeyuco.com\/wp-content\/uploads\/2020\/01\/LOGO_VEGADEYUCO_cabecera_pedidos.png\",\"width\":250,\"height\":150,\"caption\":\"Bodegas Vega de Yuco\"},\"image\":{\"@id\":\"https:\/\/www.vegadeyuco.com\/de\/#\/schema\/logo\/image\/\"},\"sameAs\":[\"https:\/\/www.facebook.com\/vegadeyuco\",\"https:\/\/www.instagram.com\/vegadeyuco\/\",\"https:\/\/www.youtube.com\/channel\/UCmDMkmxMCvbSXTLTAs3DM7A\"]}]}<\/script>\n<!-- \/ Yoast SEO plugin. -->","yoast_head_json":{"title":"Gara Wei\u00dfwein trocken &#8226; Vega de Yuco","description":"Princesa Gara repr\u00e4sentiert die \u00f6nologische Spitze der Wei\u00dfweine aus Lanzarote. Ein tiefgr\u00fcndiger Wein voller Nuancen.","robots":{"index":"index","follow":"follow","max-snippet":"max-snippet:-1","max-image-preview":"max-image-preview:large","max-video-preview":"max-video-preview:-1"},"canonical":"https:\/\/www.vegadeyuco.com\/de\/producto\/gara-weisswein-trocken\/","og_locale":"de_DE","og_type":"article","og_title":"Gara Wei\u00dfwein trocken &#8226; Vega de Yuco","og_description":"Princesa Gara repr\u00e4sentiert die \u00f6nologische Spitze der Wei\u00dfweine aus Lanzarote. Ein tiefgr\u00fcndiger Wein voller Nuancen.","og_url":"https:\/\/www.vegadeyuco.com\/de\/producto\/gara-weisswein-trocken\/","og_site_name":"Vega de Yuco","article_publisher":"https:\/\/www.facebook.com\/vegadeyuco","og_image":[{"width":1000,"height":1000,"url":"https:\/\/www.vegadeyuco.com\/wp-content\/uploads\/2016\/11\/Gara-seco.png","type":"image\/png"}],"twitter_card":"summary_large_image","twitter_misc":{"Gesch\u00e4tzte Lesezeit":"1\u00a0Minute"},"schema":{"@context":"https:\/\/schema.org","@graph":[{"@type":"WebPage","@id":"https:\/\/www.vegadeyuco.com\/de\/producto\/gara-weisswein-trocken\/","url":"https:\/\/www.vegadeyuco.com\/de\/producto\/gara-weisswein-trocken\/","name":"Gara Wei\u00dfwein trocken &#8226; Vega de Yuco","isPartOf":{"@id":"https:\/\/www.vegadeyuco.com\/de\/#website"},"primaryImageOfPage":{"@id":"https:\/\/www.vegadeyuco.com\/de\/producto\/gara-weisswein-trocken\/#primaryimage"},"image":{"@id":"https:\/\/www.vegadeyuco.com\/de\/producto\/gara-weisswein-trocken\/#primaryimage"},"thumbnailUrl":"https:\/\/www.vegadeyuco.com\/wp-content\/uploads\/2016\/11\/Gara-seco.png","datePublished":"2025-05-22T19:34:03+00:00","description":"Princesa Gara repr\u00e4sentiert die \u00f6nologische Spitze der Wei\u00dfweine aus Lanzarote. Ein tiefgr\u00fcndiger Wein voller Nuancen.","breadcrumb":{"@id":"https:\/\/www.vegadeyuco.com\/de\/producto\/gara-weisswein-trocken\/#breadcrumb"},"inLanguage":"de","potentialAction":[{"@type":"ReadAction","target":["https:\/\/www.vegadeyuco.com\/de\/producto\/gara-weisswein-trocken\/"]}]},{"@type":"ImageObject","inLanguage":"de","@id":"https:\/\/www.vegadeyuco.com\/de\/producto\/gara-weisswein-trocken\/#primaryimage","url":"https:\/\/www.vegadeyuco.com\/wp-content\/uploads\/2016\/11\/Gara-seco.png","contentUrl":"https:\/\/www.vegadeyuco.com\/wp-content\/uploads\/2016\/11\/Gara-seco.png","width":1000,"height":1000},{"@type":"BreadcrumbList","@id":"https:\/\/www.vegadeyuco.com\/de\/producto\/gara-weisswein-trocken\/#breadcrumb","itemListElement":[{"@type":"ListItem","position":1,"name":"Portada","item":"https:\/\/www.vegadeyuco.com\/de\/vega-de-yuco-weinkellerei-auf-lanzarote\/"},{"@type":"ListItem","position":2,"name":"Shop","item":"https:\/\/www.vegadeyuco.com\/de\/shop\/"},{"@type":"ListItem","position":3,"name":"Gara Wei\u00dfwein trocken"}]},{"@type":"WebSite","@id":"https:\/\/www.vegadeyuco.com\/de\/#website","url":"https:\/\/www.vegadeyuco.com\/de\/","name":"Vega de Yuco","description":"Bodegas y Vi\u00f1edos Vega de Yuco en Lanzarote, una bodega tradicional Canaria que destila autenticidad e innovaci\u00f3n. ","publisher":{"@id":"https:\/\/www.vegadeyuco.com\/de\/#organization"},"potentialAction":[{"@type":"SearchAction","target":{"@type":"EntryPoint","urlTemplate":"https:\/\/www.vegadeyuco.com\/de\/?s={search_term_string}"},"query-input":{"@type":"PropertyValueSpecification","valueRequired":true,"valueName":"search_term_string"}}],"inLanguage":"de"},{"@type":"Organization","@id":"https:\/\/www.vegadeyuco.com\/de\/#organization","name":"Bodegas Vega de Yuco","url":"https:\/\/www.vegadeyuco.com\/de\/","logo":{"@type":"ImageObject","inLanguage":"de","@id":"https:\/\/www.vegadeyuco.com\/de\/#\/schema\/logo\/image\/","url":"https:\/\/www.vegadeyuco.com\/wp-content\/uploads\/2020\/01\/LOGO_VEGADEYUCO_cabecera_pedidos.png","contentUrl":"https:\/\/www.vegadeyuco.com\/wp-content\/uploads\/2020\/01\/LOGO_VEGADEYUCO_cabecera_pedidos.png","width":250,"height":150,"caption":"Bodegas Vega de Yuco"},"image":{"@id":"https:\/\/www.vegadeyuco.com\/de\/#\/schema\/logo\/image\/"},"sameAs":["https:\/\/www.facebook.com\/vegadeyuco","https:\/\/www.instagram.com\/vegadeyuco\/","https:\/\/www.youtube.com\/channel\/UCmDMkmxMCvbSXTLTAs3DM7A"]}]}},"post_mailing_queue_ids":[],"_links":{"self":[{"href":"https:\/\/www.vegadeyuco.com\/de\/wp-json\/wp\/v2\/product\/27612","targetHints":{"allow":["GET"]}}],"collection":[{"href":"https:\/\/www.vegadeyuco.com\/de\/wp-json\/wp\/v2\/product"}],"about":[{"href":"https:\/\/www.vegadeyuco.com\/de\/wp-json\/wp\/v2\/types\/product"}],"version-history":[{"count":0,"href":"https:\/\/www.vegadeyuco.com\/de\/wp-json\/wp\/v2\/product\/27612\/revisions"}],"wp:featuredmedia":[{"embeddable":true,"href":"https:\/\/www.vegadeyuco.com\/de\/wp-json\/wp\/v2\/media\/22164"}],"wp:attachment":[{"href":"https:\/\/www.vegadeyuco.com\/de\/wp-json\/wp\/v2\/media?parent=27612"}],"wp:term":[{"taxonomy":"product_brand","embeddable":true,"href":"https:\/\/www.vegadeyuco.com\/de\/wp-json\/wp\/v2\/product_brand?post=27612"},{"taxonomy":"product_cat","embeddable":true,"href":"https:\/\/www.vegadeyuco.com\/de\/wp-json\/wp\/v2\/product_cat?post=27612"},{"taxonomy":"product_tag","embeddable":true,"href":"https:\/\/www.vegadeyuco.com\/de\/wp-json\/wp\/v2\/product_tag?post=27612"}],"curies":[{"name":"wp","href":"https:\/\/api.w.org\/{rel}","templated":true}]}}