{"id":27614,"date":"2025-05-22T20:33:26","date_gmt":"2025-05-22T19:33:26","guid":{"rendered":"https:\/\/www.vegadeyuco.com\/producto\/gara-rotwein\/"},"modified":"2025-05-22T20:33:26","modified_gmt":"2025-05-22T19:33:26","slug":"gara-rotwein","status":"publish","type":"product","link":"https:\/\/www.vegadeyuco.com\/de\/producto\/gara-rotwein\/","title":{"rendered":"Gara Rotwein"},"content":{"rendered":"<div class=\"woocommerce-product-details__short-description\">\n<p>Princesa Gara tinto ist der Wein, mit dem wir die Insel Lanzarote als Land der gro\u00dfen Rotweine entdecken wollten.<\/p>\n<p>Er wird aus Trauben hergestellt, die aus den Parzellen rund um das Weingut stammen, einem der wenigen Weinberge, die es auf Lanzarote gibt. Die B\u00f6den sind steinig und wenig tief, die Ertr\u00e4ge sind sehr gering, aber von au\u00dfergew\u00f6hnlicher Qualit\u00e4t. <\/p>\n<p>Nach der G\u00e4rung reift er sechs Monate lang in Eichenf\u00e4ssern aus den besten franz\u00f6sischen K\u00fcfereien.<\/p>\n<p><span style=\"color: #0100a3;\">Farbe<\/span><br \/>\nDicht, mit hoher Schicht und violetten R\u00e4ndern.<\/p>\n<p><span style=\"color: #0100a3;\">Nase<\/span><br \/>\nWir haben es hier mit einem Wein von hoher aromatischer Intensit\u00e4t zu tun. Veilchen dominieren den Geruch, erg\u00e4nzt durch Noten von Toffee und Kaffee. <\/p>\n<p><span style=\"color: #0100a3;\">Gaumen<\/span><br \/>\nAm Gaumen zeigt er sich kraftvoll, mit s\u00fc\u00dfen Tanninen, die seinen Abgang verl\u00e4ngern, und mit R\u00f6stnoten, die typisch f\u00fcr seine Reifung in Holzf\u00e4ssern sind.<\/p>\n<p>Ein Rotwein, der zugleich seidig, strukturiert und voller Kontraste ist. Er kann sofort getrunken werden, wird aber nach einer gewissen Zeit in der Flasche noch besser und sorgt so f\u00fcr gro\u00dfe Gen\u00fcsse. <\/p>\n<\/div>\n<p><em>* Allergene: Enth\u00e4lt Sulfite.<\/em><\/p>\n<p>&nbsp;<\/p>\n<hr>\n<p>&nbsp;<\/p>\n<p><strong>Weinbegleitung<\/strong><\/p>\n<p>Dieser ausgewogene Rotwein passt hervorragend zu Eint\u00f6pfen mit rotem Fleisch und Wild oder zu mageren Fleischgerichten wie Pute oder Schwein. \u00dcberraschend gut harmoniert er auch mit w\u00fcrzigen Speisen, Aufschnitt und Blauschimmelk\u00e4se. <\/p>\n","protected":false},"excerpt":{"rendered":"<p>Princesa Gara tinto ist der Wein, mit dem wir die Insel Lanzarote als Land der gro\u00dfen Rotweine entdecken wollten.<\/p>\n<p>Er wird aus Trauben hergestellt, die aus den Parzellen rund um das Weingut stammen, einem der wenigen Weinberge, die es auf Lanzarote gibt. Die B\u00f6den sind steinig und wenig tief, die Ertr\u00e4ge sind sehr gering, aber von au\u00dfergew\u00f6hnlicher Qualit\u00e4t. <\/p>\n<p><strong>Siehe Verkostungsnotiz<\/strong><\/p>\n<p><a href=\"https:\/\/www.vegadeyuco.com\/wp-content\/uploads\/2022\/02\/Princesa_Gara_tinto-min.pdf\" target=\"_blank\" rel=\"noopener\">Espa\u00f1ol<\/a> <a href=\"https:\/\/www.vegadeyuco.com\/wp-content\/uploads\/2025\/05\/Gara-red-ENG.pdf\" target=\"_blank\" rel=\"noopener\">English<\/a><\/p>\n<p>&nbsp;<\/p>\n","protected":false},"featured_media":22097,"template":"","meta":[],"product_brand":[],"product_cat":[370,373,317],"product_tag":[],"class_list":{"0":"post-27614","1":"product","2":"type-product","3":"status-publish","4":"has-post-thumbnail","6":"product_cat-can","7":"product_cat-rotwein","8":"product_cat-nicht-kategorisiert","9":"product_shipping_class-nur-kanarische-inseln","11":"first","12":"instock","13":"shipping-taxable","14":"purchasable","15":"product-type-simple"},"yoast_head":"<!-- This site is optimized with the Yoast SEO plugin v26.8 - https:\/\/yoast.com\/product\/yoast-seo-wordpress\/ -->\n<title>Gara Rotwein &#8226; Vega de Yuco<\/title>\n<meta name=\"description\" content=\"Princesa Gara tinto ist der Wein, mit dem wir die Insel Lanzarote als Land der gro\u00dfen Rotweine entdecken wollten.\" \/>\n<meta name=\"robots\" content=\"index, follow, max-snippet:-1, max-image-preview:large, max-video-preview:-1\" \/>\n<link rel=\"canonical\" href=\"https:\/\/www.vegadeyuco.com\/de\/producto\/gara-rotwein\/\" \/>\n<meta property=\"og:locale\" content=\"de_DE\" \/>\n<meta property=\"og:type\" content=\"article\" \/>\n<meta property=\"og:title\" content=\"Gara Rotwein &#8226; Vega de Yuco\" \/>\n<meta property=\"og:description\" content=\"Princesa Gara tinto ist der Wein, mit dem wir die Insel Lanzarote als Land der gro\u00dfen Rotweine entdecken wollten.\" \/>\n<meta property=\"og:url\" content=\"https:\/\/www.vegadeyuco.com\/de\/producto\/gara-rotwein\/\" \/>\n<meta property=\"og:site_name\" content=\"Vega de Yuco\" \/>\n<meta property=\"article:publisher\" content=\"https:\/\/www.facebook.com\/vegadeyuco\" \/>\n<meta property=\"og:image\" content=\"https:\/\/www.vegadeyuco.com\/wp-content\/uploads\/2016\/11\/Gara-tinto.png\" \/>\n\t<meta property=\"og:image:width\" content=\"1000\" \/>\n\t<meta property=\"og:image:height\" content=\"1000\" \/>\n\t<meta property=\"og:image:type\" content=\"image\/png\" \/>\n<meta name=\"twitter:card\" content=\"summary_large_image\" \/>\n<meta name=\"twitter:label1\" content=\"Gesch\u00e4tzte Lesezeit\" \/>\n\t<meta name=\"twitter:data1\" content=\"1\u00a0Minute\" \/>\n<script type=\"application\/ld+json\" class=\"yoast-schema-graph\">{\"@context\":\"https:\/\/schema.org\",\"@graph\":[{\"@type\":\"WebPage\",\"@id\":\"https:\/\/www.vegadeyuco.com\/de\/producto\/gara-rotwein\/\",\"url\":\"https:\/\/www.vegadeyuco.com\/de\/producto\/gara-rotwein\/\",\"name\":\"Gara Rotwein &#8226; Vega de Yuco\",\"isPartOf\":{\"@id\":\"https:\/\/www.vegadeyuco.com\/de\/#website\"},\"primaryImageOfPage\":{\"@id\":\"https:\/\/www.vegadeyuco.com\/de\/producto\/gara-rotwein\/#primaryimage\"},\"image\":{\"@id\":\"https:\/\/www.vegadeyuco.com\/de\/producto\/gara-rotwein\/#primaryimage\"},\"thumbnailUrl\":\"https:\/\/www.vegadeyuco.com\/wp-content\/uploads\/2016\/11\/Gara-tinto.png\",\"datePublished\":\"2025-05-22T19:33:26+00:00\",\"description\":\"Princesa Gara tinto ist der Wein, mit dem wir die Insel Lanzarote als Land der gro\u00dfen Rotweine entdecken wollten.\",\"breadcrumb\":{\"@id\":\"https:\/\/www.vegadeyuco.com\/de\/producto\/gara-rotwein\/#breadcrumb\"},\"inLanguage\":\"de\",\"potentialAction\":[{\"@type\":\"ReadAction\",\"target\":[\"https:\/\/www.vegadeyuco.com\/de\/producto\/gara-rotwein\/\"]}]},{\"@type\":\"ImageObject\",\"inLanguage\":\"de\",\"@id\":\"https:\/\/www.vegadeyuco.com\/de\/producto\/gara-rotwein\/#primaryimage\",\"url\":\"https:\/\/www.vegadeyuco.com\/wp-content\/uploads\/2016\/11\/Gara-tinto.png\",\"contentUrl\":\"https:\/\/www.vegadeyuco.com\/wp-content\/uploads\/2016\/11\/Gara-tinto.png\",\"width\":1000,\"height\":1000},{\"@type\":\"BreadcrumbList\",\"@id\":\"https:\/\/www.vegadeyuco.com\/de\/producto\/gara-rotwein\/#breadcrumb\",\"itemListElement\":[{\"@type\":\"ListItem\",\"position\":1,\"name\":\"Portada\",\"item\":\"https:\/\/www.vegadeyuco.com\/de\/vega-de-yuco-weinkellerei-auf-lanzarote\/\"},{\"@type\":\"ListItem\",\"position\":2,\"name\":\"Shop\",\"item\":\"https:\/\/www.vegadeyuco.com\/de\/shop\/\"},{\"@type\":\"ListItem\",\"position\":3,\"name\":\"Gara Rotwein\"}]},{\"@type\":\"WebSite\",\"@id\":\"https:\/\/www.vegadeyuco.com\/de\/#website\",\"url\":\"https:\/\/www.vegadeyuco.com\/de\/\",\"name\":\"Vega de Yuco\",\"description\":\"Bodegas y Vi\u00f1edos Vega de Yuco en Lanzarote, una bodega tradicional Canaria que destila autenticidad e innovaci\u00f3n. \",\"publisher\":{\"@id\":\"https:\/\/www.vegadeyuco.com\/de\/#organization\"},\"potentialAction\":[{\"@type\":\"SearchAction\",\"target\":{\"@type\":\"EntryPoint\",\"urlTemplate\":\"https:\/\/www.vegadeyuco.com\/de\/?s={search_term_string}\"},\"query-input\":{\"@type\":\"PropertyValueSpecification\",\"valueRequired\":true,\"valueName\":\"search_term_string\"}}],\"inLanguage\":\"de\"},{\"@type\":\"Organization\",\"@id\":\"https:\/\/www.vegadeyuco.com\/de\/#organization\",\"name\":\"Bodegas Vega de Yuco\",\"url\":\"https:\/\/www.vegadeyuco.com\/de\/\",\"logo\":{\"@type\":\"ImageObject\",\"inLanguage\":\"de\",\"@id\":\"https:\/\/www.vegadeyuco.com\/de\/#\/schema\/logo\/image\/\",\"url\":\"https:\/\/www.vegadeyuco.com\/wp-content\/uploads\/2020\/01\/LOGO_VEGADEYUCO_cabecera_pedidos.png\",\"contentUrl\":\"https:\/\/www.vegadeyuco.com\/wp-content\/uploads\/2020\/01\/LOGO_VEGADEYUCO_cabecera_pedidos.png\",\"width\":250,\"height\":150,\"caption\":\"Bodegas Vega de Yuco\"},\"image\":{\"@id\":\"https:\/\/www.vegadeyuco.com\/de\/#\/schema\/logo\/image\/\"},\"sameAs\":[\"https:\/\/www.facebook.com\/vegadeyuco\",\"https:\/\/www.instagram.com\/vegadeyuco\/\",\"https:\/\/www.youtube.com\/channel\/UCmDMkmxMCvbSXTLTAs3DM7A\"]}]}<\/script>\n<!-- \/ Yoast SEO plugin. -->","yoast_head_json":{"title":"Gara Rotwein &#8226; Vega de Yuco","description":"Princesa Gara tinto ist der Wein, mit dem wir die Insel Lanzarote als Land der gro\u00dfen Rotweine entdecken wollten.","robots":{"index":"index","follow":"follow","max-snippet":"max-snippet:-1","max-image-preview":"max-image-preview:large","max-video-preview":"max-video-preview:-1"},"canonical":"https:\/\/www.vegadeyuco.com\/de\/producto\/gara-rotwein\/","og_locale":"de_DE","og_type":"article","og_title":"Gara Rotwein &#8226; Vega de Yuco","og_description":"Princesa Gara tinto ist der Wein, mit dem wir die Insel Lanzarote als Land der gro\u00dfen Rotweine entdecken wollten.","og_url":"https:\/\/www.vegadeyuco.com\/de\/producto\/gara-rotwein\/","og_site_name":"Vega de Yuco","article_publisher":"https:\/\/www.facebook.com\/vegadeyuco","og_image":[{"width":1000,"height":1000,"url":"https:\/\/www.vegadeyuco.com\/wp-content\/uploads\/2016\/11\/Gara-tinto.png","type":"image\/png"}],"twitter_card":"summary_large_image","twitter_misc":{"Gesch\u00e4tzte Lesezeit":"1\u00a0Minute"},"schema":{"@context":"https:\/\/schema.org","@graph":[{"@type":"WebPage","@id":"https:\/\/www.vegadeyuco.com\/de\/producto\/gara-rotwein\/","url":"https:\/\/www.vegadeyuco.com\/de\/producto\/gara-rotwein\/","name":"Gara Rotwein &#8226; Vega de Yuco","isPartOf":{"@id":"https:\/\/www.vegadeyuco.com\/de\/#website"},"primaryImageOfPage":{"@id":"https:\/\/www.vegadeyuco.com\/de\/producto\/gara-rotwein\/#primaryimage"},"image":{"@id":"https:\/\/www.vegadeyuco.com\/de\/producto\/gara-rotwein\/#primaryimage"},"thumbnailUrl":"https:\/\/www.vegadeyuco.com\/wp-content\/uploads\/2016\/11\/Gara-tinto.png","datePublished":"2025-05-22T19:33:26+00:00","description":"Princesa Gara tinto ist der Wein, mit dem wir die Insel Lanzarote als Land der gro\u00dfen Rotweine entdecken wollten.","breadcrumb":{"@id":"https:\/\/www.vegadeyuco.com\/de\/producto\/gara-rotwein\/#breadcrumb"},"inLanguage":"de","potentialAction":[{"@type":"ReadAction","target":["https:\/\/www.vegadeyuco.com\/de\/producto\/gara-rotwein\/"]}]},{"@type":"ImageObject","inLanguage":"de","@id":"https:\/\/www.vegadeyuco.com\/de\/producto\/gara-rotwein\/#primaryimage","url":"https:\/\/www.vegadeyuco.com\/wp-content\/uploads\/2016\/11\/Gara-tinto.png","contentUrl":"https:\/\/www.vegadeyuco.com\/wp-content\/uploads\/2016\/11\/Gara-tinto.png","width":1000,"height":1000},{"@type":"BreadcrumbList","@id":"https:\/\/www.vegadeyuco.com\/de\/producto\/gara-rotwein\/#breadcrumb","itemListElement":[{"@type":"ListItem","position":1,"name":"Portada","item":"https:\/\/www.vegadeyuco.com\/de\/vega-de-yuco-weinkellerei-auf-lanzarote\/"},{"@type":"ListItem","position":2,"name":"Shop","item":"https:\/\/www.vegadeyuco.com\/de\/shop\/"},{"@type":"ListItem","position":3,"name":"Gara Rotwein"}]},{"@type":"WebSite","@id":"https:\/\/www.vegadeyuco.com\/de\/#website","url":"https:\/\/www.vegadeyuco.com\/de\/","name":"Vega de Yuco","description":"Bodegas y Vi\u00f1edos Vega de Yuco en Lanzarote, una bodega tradicional Canaria que destila autenticidad e innovaci\u00f3n. ","publisher":{"@id":"https:\/\/www.vegadeyuco.com\/de\/#organization"},"potentialAction":[{"@type":"SearchAction","target":{"@type":"EntryPoint","urlTemplate":"https:\/\/www.vegadeyuco.com\/de\/?s={search_term_string}"},"query-input":{"@type":"PropertyValueSpecification","valueRequired":true,"valueName":"search_term_string"}}],"inLanguage":"de"},{"@type":"Organization","@id":"https:\/\/www.vegadeyuco.com\/de\/#organization","name":"Bodegas Vega de Yuco","url":"https:\/\/www.vegadeyuco.com\/de\/","logo":{"@type":"ImageObject","inLanguage":"de","@id":"https:\/\/www.vegadeyuco.com\/de\/#\/schema\/logo\/image\/","url":"https:\/\/www.vegadeyuco.com\/wp-content\/uploads\/2020\/01\/LOGO_VEGADEYUCO_cabecera_pedidos.png","contentUrl":"https:\/\/www.vegadeyuco.com\/wp-content\/uploads\/2020\/01\/LOGO_VEGADEYUCO_cabecera_pedidos.png","width":250,"height":150,"caption":"Bodegas Vega de Yuco"},"image":{"@id":"https:\/\/www.vegadeyuco.com\/de\/#\/schema\/logo\/image\/"},"sameAs":["https:\/\/www.facebook.com\/vegadeyuco","https:\/\/www.instagram.com\/vegadeyuco\/","https:\/\/www.youtube.com\/channel\/UCmDMkmxMCvbSXTLTAs3DM7A"]}]}},"post_mailing_queue_ids":[],"_links":{"self":[{"href":"https:\/\/www.vegadeyuco.com\/de\/wp-json\/wp\/v2\/product\/27614","targetHints":{"allow":["GET"]}}],"collection":[{"href":"https:\/\/www.vegadeyuco.com\/de\/wp-json\/wp\/v2\/product"}],"about":[{"href":"https:\/\/www.vegadeyuco.com\/de\/wp-json\/wp\/v2\/types\/product"}],"version-history":[{"count":0,"href":"https:\/\/www.vegadeyuco.com\/de\/wp-json\/wp\/v2\/product\/27614\/revisions"}],"wp:featuredmedia":[{"embeddable":true,"href":"https:\/\/www.vegadeyuco.com\/de\/wp-json\/wp\/v2\/media\/22097"}],"wp:attachment":[{"href":"https:\/\/www.vegadeyuco.com\/de\/wp-json\/wp\/v2\/media?parent=27614"}],"wp:term":[{"taxonomy":"product_brand","embeddable":true,"href":"https:\/\/www.vegadeyuco.com\/de\/wp-json\/wp\/v2\/product_brand?post=27614"},{"taxonomy":"product_cat","embeddable":true,"href":"https:\/\/www.vegadeyuco.com\/de\/wp-json\/wp\/v2\/product_cat?post=27614"},{"taxonomy":"product_tag","embeddable":true,"href":"https:\/\/www.vegadeyuco.com\/de\/wp-json\/wp\/v2\/product_tag?post=27614"}],"curies":[{"name":"wp","href":"https:\/\/api.w.org\/{rel}","templated":true}]}}