{"id":27621,"date":"2025-05-20T07:31:08","date_gmt":"2025-05-20T06:31:08","guid":{"rendered":"https:\/\/www.vegadeyuco.com\/producto\/yaiza-rotwein\/"},"modified":"2025-05-20T07:31:08","modified_gmt":"2025-05-20T06:31:08","slug":"yaiza-rotwein","status":"publish","type":"product","link":"https:\/\/www.vegadeyuco.com\/de\/producto\/yaiza-rotwein\/","title":{"rendered":"Yaiza Rotwein"},"content":{"rendered":"<div class=\"woocommerce-product-details__short-description\">\n<p>Der Rotwein Esencia de Yaiza wird aus den besten Trauben der Sorte List\u00e1n Negro gekeltert, die aus jahrhundertealten Weinbergen stammen, die von Weinbauern gepflegt werden, die ihr Land lieben und ihr Handwerk verstehen. Der Wein reift in Eichenf\u00e4ssern aus den besten K\u00fcfereien. Er ist der beste Vertreter des einzigartigen und \u00fcberraschenden Charakters einer Rebsorte, die ausschlie\u00dflich auf den Kanarischen Inseln angebaut wird.  <\/p>\n<p><span style=\"color: #0100a3;\">Farbe<\/span><br \/>\nMit violetten Reflexen hat er eine mittelhohe Farbtiefe, die sich mit der Zeit zu einem Rubinrot entwickeln wird.<\/p>\n<p><span style=\"color: #0100a3;\">Nase<\/span><br \/>\nIn der Nase elegant und sortentypisch. Die ausgepr\u00e4gte Pers\u00f6nlichkeit der List\u00e1n Negro-Traube verschmilzt mit Noten von ger\u00f6stetem Eichenholz, roten Fr\u00fcchten, Toffee und Kaffee. Ein Wein mit einem breiten und tiefen Abgang.  <\/p>\n<p><span style=\"color: #0100a3;\">Gaumen<\/span><br \/>\nAtlantisch, frisch und angenehm im Abgang, erinnert er an die R\u00f6stnoten der F\u00e4sser. Am Gaumen zeigt er sich deutlich cremig. <\/p>\n<\/div>\n<p><em>* Allergene: Enth\u00e4lt Sulfite.<\/em><\/p>\n<p>&nbsp;<\/p>\n<hr>\n<p>&nbsp;<\/p>\n<p><strong>Weinbegleitung<\/strong><\/p>\n<p>Der Rotwein Esencia de Yaiza ist der perfekte Begleiter zu Wildfleisch, Wurstwaren und Gem\u00fcsegerichten.<\/p>\n","protected":false},"excerpt":{"rendered":"<p>Der Rotwein Esencia de Yaiza wird aus den besten Trauben der Sorte List\u00e1n Negro gekeltert, die aus jahrhundertealten Weinbergen stammen, die von Weinbauern gepflegt werden, die ihr Land lieben und ihr Handwerk verstehen. Der Wein reift in Eichenf\u00e4ssern aus den besten K\u00fcfereien. Er ist der beste Vertreter des einzigartigen und \u00fcberraschenden Charakters einer Rebsorte, die ausschlie\u00dflich auf den Kanarischen Inseln angebaut wird.  <\/p>\n<p><strong>Siehe Verkostungsnotiz<\/strong><\/p>\n<p><a href=\"https:\/\/www.vegadeyuco.com\/wp-content\/uploads\/2022\/02\/Esencia_Yaiza_tinto-min.pdf\" target=\"_blank\" rel=\"noopener\">Espa\u00f1ol<\/a> <a href=\"https:\/\/www.vegadeyuco.com\/wp-content\/uploads\/2025\/05\/Yaiza-red-ENG.pdf\" target=\"_blank\" rel=\"noopener\">English<\/a><\/p>\n","protected":false},"featured_media":22100,"template":"","meta":[],"product_brand":[],"product_cat":[370,373,365],"product_tag":[],"class_list":{"0":"post-27621","1":"product","2":"type-product","3":"status-publish","4":"has-post-thumbnail","6":"product_cat-can","7":"product_cat-rotwein","8":"product_cat-yaiza","9":"product_shipping_class-nur-kanarische-inseln","11":"first","12":"instock","13":"shipping-taxable","14":"purchasable","15":"product-type-simple"},"yoast_head":"<!-- This site is optimized with the Yoast SEO plugin v26.8 - https:\/\/yoast.com\/product\/yoast-seo-wordpress\/ -->\n<title>Yaiza Rotwein &#8226; Vega de Yuco<\/title>\n<meta name=\"description\" content=\"Der Rotwein Esencia de Yaiza wird aus den besten Trauben der Rebsorte List\u00e1n Negro gekeltert. Dieser Wein ist in Eichenf\u00e4ssern gereift.\" \/>\n<meta name=\"robots\" content=\"index, follow, max-snippet:-1, max-image-preview:large, max-video-preview:-1\" \/>\n<link rel=\"canonical\" href=\"https:\/\/www.vegadeyuco.com\/de\/producto\/yaiza-rotwein\/\" \/>\n<meta property=\"og:locale\" content=\"de_DE\" \/>\n<meta property=\"og:type\" content=\"article\" \/>\n<meta property=\"og:title\" content=\"Yaiza Rotwein &#8226; Vega de Yuco\" \/>\n<meta property=\"og:description\" content=\"Der Rotwein Esencia de Yaiza wird aus den besten Trauben der Rebsorte List\u00e1n Negro gekeltert. Dieser Wein ist in Eichenf\u00e4ssern gereift.\" \/>\n<meta property=\"og:url\" content=\"https:\/\/www.vegadeyuco.com\/de\/producto\/yaiza-rotwein\/\" \/>\n<meta property=\"og:site_name\" content=\"Vega de Yuco\" \/>\n<meta property=\"article:publisher\" content=\"https:\/\/www.facebook.com\/vegadeyuco\" \/>\n<meta property=\"og:image\" content=\"https:\/\/www.vegadeyuco.com\/wp-content\/uploads\/2017\/01\/Yaiza-tinto.png\" \/>\n\t<meta property=\"og:image:width\" content=\"1000\" \/>\n\t<meta property=\"og:image:height\" content=\"1000\" \/>\n\t<meta property=\"og:image:type\" content=\"image\/png\" \/>\n<meta name=\"twitter:card\" content=\"summary_large_image\" \/>\n<meta name=\"twitter:label1\" content=\"Gesch\u00e4tzte Lesezeit\" \/>\n\t<meta name=\"twitter:data1\" content=\"1\u00a0Minute\" \/>\n<script type=\"application\/ld+json\" class=\"yoast-schema-graph\">{\"@context\":\"https:\/\/schema.org\",\"@graph\":[{\"@type\":\"WebPage\",\"@id\":\"https:\/\/www.vegadeyuco.com\/de\/producto\/yaiza-rotwein\/\",\"url\":\"https:\/\/www.vegadeyuco.com\/de\/producto\/yaiza-rotwein\/\",\"name\":\"Yaiza Rotwein &#8226; Vega de Yuco\",\"isPartOf\":{\"@id\":\"https:\/\/www.vegadeyuco.com\/de\/#website\"},\"primaryImageOfPage\":{\"@id\":\"https:\/\/www.vegadeyuco.com\/de\/producto\/yaiza-rotwein\/#primaryimage\"},\"image\":{\"@id\":\"https:\/\/www.vegadeyuco.com\/de\/producto\/yaiza-rotwein\/#primaryimage\"},\"thumbnailUrl\":\"https:\/\/www.vegadeyuco.com\/wp-content\/uploads\/2017\/01\/Yaiza-tinto.png\",\"datePublished\":\"2025-05-20T06:31:08+00:00\",\"description\":\"Der Rotwein Esencia de Yaiza wird aus den besten Trauben der Rebsorte List\u00e1n Negro gekeltert. Dieser Wein ist in Eichenf\u00e4ssern gereift.\",\"breadcrumb\":{\"@id\":\"https:\/\/www.vegadeyuco.com\/de\/producto\/yaiza-rotwein\/#breadcrumb\"},\"inLanguage\":\"de\",\"potentialAction\":[{\"@type\":\"ReadAction\",\"target\":[\"https:\/\/www.vegadeyuco.com\/de\/producto\/yaiza-rotwein\/\"]}]},{\"@type\":\"ImageObject\",\"inLanguage\":\"de\",\"@id\":\"https:\/\/www.vegadeyuco.com\/de\/producto\/yaiza-rotwein\/#primaryimage\",\"url\":\"https:\/\/www.vegadeyuco.com\/wp-content\/uploads\/2017\/01\/Yaiza-tinto.png\",\"contentUrl\":\"https:\/\/www.vegadeyuco.com\/wp-content\/uploads\/2017\/01\/Yaiza-tinto.png\",\"width\":1000,\"height\":1000},{\"@type\":\"BreadcrumbList\",\"@id\":\"https:\/\/www.vegadeyuco.com\/de\/producto\/yaiza-rotwein\/#breadcrumb\",\"itemListElement\":[{\"@type\":\"ListItem\",\"position\":1,\"name\":\"Portada\",\"item\":\"https:\/\/www.vegadeyuco.com\/de\/vega-de-yuco-weinkellerei-auf-lanzarote\/\"},{\"@type\":\"ListItem\",\"position\":2,\"name\":\"Shop\",\"item\":\"https:\/\/www.vegadeyuco.com\/de\/shop\/\"},{\"@type\":\"ListItem\",\"position\":3,\"name\":\"Yaiza Rotwein\"}]},{\"@type\":\"WebSite\",\"@id\":\"https:\/\/www.vegadeyuco.com\/de\/#website\",\"url\":\"https:\/\/www.vegadeyuco.com\/de\/\",\"name\":\"Vega de Yuco\",\"description\":\"Bodegas y Vi\u00f1edos Vega de Yuco en Lanzarote, una bodega tradicional Canaria que destila autenticidad e innovaci\u00f3n. \",\"publisher\":{\"@id\":\"https:\/\/www.vegadeyuco.com\/de\/#organization\"},\"potentialAction\":[{\"@type\":\"SearchAction\",\"target\":{\"@type\":\"EntryPoint\",\"urlTemplate\":\"https:\/\/www.vegadeyuco.com\/de\/?s={search_term_string}\"},\"query-input\":{\"@type\":\"PropertyValueSpecification\",\"valueRequired\":true,\"valueName\":\"search_term_string\"}}],\"inLanguage\":\"de\"},{\"@type\":\"Organization\",\"@id\":\"https:\/\/www.vegadeyuco.com\/de\/#organization\",\"name\":\"Bodegas Vega de Yuco\",\"url\":\"https:\/\/www.vegadeyuco.com\/de\/\",\"logo\":{\"@type\":\"ImageObject\",\"inLanguage\":\"de\",\"@id\":\"https:\/\/www.vegadeyuco.com\/de\/#\/schema\/logo\/image\/\",\"url\":\"https:\/\/www.vegadeyuco.com\/wp-content\/uploads\/2020\/01\/LOGO_VEGADEYUCO_cabecera_pedidos.png\",\"contentUrl\":\"https:\/\/www.vegadeyuco.com\/wp-content\/uploads\/2020\/01\/LOGO_VEGADEYUCO_cabecera_pedidos.png\",\"width\":250,\"height\":150,\"caption\":\"Bodegas Vega de Yuco\"},\"image\":{\"@id\":\"https:\/\/www.vegadeyuco.com\/de\/#\/schema\/logo\/image\/\"},\"sameAs\":[\"https:\/\/www.facebook.com\/vegadeyuco\",\"https:\/\/www.instagram.com\/vegadeyuco\/\",\"https:\/\/www.youtube.com\/channel\/UCmDMkmxMCvbSXTLTAs3DM7A\"]}]}<\/script>\n<!-- \/ Yoast SEO plugin. -->","yoast_head_json":{"title":"Yaiza Rotwein &#8226; Vega de Yuco","description":"Der Rotwein Esencia de Yaiza wird aus den besten Trauben der Rebsorte List\u00e1n Negro gekeltert. Dieser Wein ist in Eichenf\u00e4ssern gereift.","robots":{"index":"index","follow":"follow","max-snippet":"max-snippet:-1","max-image-preview":"max-image-preview:large","max-video-preview":"max-video-preview:-1"},"canonical":"https:\/\/www.vegadeyuco.com\/de\/producto\/yaiza-rotwein\/","og_locale":"de_DE","og_type":"article","og_title":"Yaiza Rotwein &#8226; Vega de Yuco","og_description":"Der Rotwein Esencia de Yaiza wird aus den besten Trauben der Rebsorte List\u00e1n Negro gekeltert. Dieser Wein ist in Eichenf\u00e4ssern gereift.","og_url":"https:\/\/www.vegadeyuco.com\/de\/producto\/yaiza-rotwein\/","og_site_name":"Vega de Yuco","article_publisher":"https:\/\/www.facebook.com\/vegadeyuco","og_image":[{"width":1000,"height":1000,"url":"https:\/\/www.vegadeyuco.com\/wp-content\/uploads\/2017\/01\/Yaiza-tinto.png","type":"image\/png"}],"twitter_card":"summary_large_image","twitter_misc":{"Gesch\u00e4tzte Lesezeit":"1\u00a0Minute"},"schema":{"@context":"https:\/\/schema.org","@graph":[{"@type":"WebPage","@id":"https:\/\/www.vegadeyuco.com\/de\/producto\/yaiza-rotwein\/","url":"https:\/\/www.vegadeyuco.com\/de\/producto\/yaiza-rotwein\/","name":"Yaiza Rotwein &#8226; Vega de Yuco","isPartOf":{"@id":"https:\/\/www.vegadeyuco.com\/de\/#website"},"primaryImageOfPage":{"@id":"https:\/\/www.vegadeyuco.com\/de\/producto\/yaiza-rotwein\/#primaryimage"},"image":{"@id":"https:\/\/www.vegadeyuco.com\/de\/producto\/yaiza-rotwein\/#primaryimage"},"thumbnailUrl":"https:\/\/www.vegadeyuco.com\/wp-content\/uploads\/2017\/01\/Yaiza-tinto.png","datePublished":"2025-05-20T06:31:08+00:00","description":"Der Rotwein Esencia de Yaiza wird aus den besten Trauben der Rebsorte List\u00e1n Negro gekeltert. Dieser Wein ist in Eichenf\u00e4ssern gereift.","breadcrumb":{"@id":"https:\/\/www.vegadeyuco.com\/de\/producto\/yaiza-rotwein\/#breadcrumb"},"inLanguage":"de","potentialAction":[{"@type":"ReadAction","target":["https:\/\/www.vegadeyuco.com\/de\/producto\/yaiza-rotwein\/"]}]},{"@type":"ImageObject","inLanguage":"de","@id":"https:\/\/www.vegadeyuco.com\/de\/producto\/yaiza-rotwein\/#primaryimage","url":"https:\/\/www.vegadeyuco.com\/wp-content\/uploads\/2017\/01\/Yaiza-tinto.png","contentUrl":"https:\/\/www.vegadeyuco.com\/wp-content\/uploads\/2017\/01\/Yaiza-tinto.png","width":1000,"height":1000},{"@type":"BreadcrumbList","@id":"https:\/\/www.vegadeyuco.com\/de\/producto\/yaiza-rotwein\/#breadcrumb","itemListElement":[{"@type":"ListItem","position":1,"name":"Portada","item":"https:\/\/www.vegadeyuco.com\/de\/vega-de-yuco-weinkellerei-auf-lanzarote\/"},{"@type":"ListItem","position":2,"name":"Shop","item":"https:\/\/www.vegadeyuco.com\/de\/shop\/"},{"@type":"ListItem","position":3,"name":"Yaiza Rotwein"}]},{"@type":"WebSite","@id":"https:\/\/www.vegadeyuco.com\/de\/#website","url":"https:\/\/www.vegadeyuco.com\/de\/","name":"Vega de Yuco","description":"Bodegas y Vi\u00f1edos Vega de Yuco en Lanzarote, una bodega tradicional Canaria que destila autenticidad e innovaci\u00f3n. ","publisher":{"@id":"https:\/\/www.vegadeyuco.com\/de\/#organization"},"potentialAction":[{"@type":"SearchAction","target":{"@type":"EntryPoint","urlTemplate":"https:\/\/www.vegadeyuco.com\/de\/?s={search_term_string}"},"query-input":{"@type":"PropertyValueSpecification","valueRequired":true,"valueName":"search_term_string"}}],"inLanguage":"de"},{"@type":"Organization","@id":"https:\/\/www.vegadeyuco.com\/de\/#organization","name":"Bodegas Vega de Yuco","url":"https:\/\/www.vegadeyuco.com\/de\/","logo":{"@type":"ImageObject","inLanguage":"de","@id":"https:\/\/www.vegadeyuco.com\/de\/#\/schema\/logo\/image\/","url":"https:\/\/www.vegadeyuco.com\/wp-content\/uploads\/2020\/01\/LOGO_VEGADEYUCO_cabecera_pedidos.png","contentUrl":"https:\/\/www.vegadeyuco.com\/wp-content\/uploads\/2020\/01\/LOGO_VEGADEYUCO_cabecera_pedidos.png","width":250,"height":150,"caption":"Bodegas Vega de Yuco"},"image":{"@id":"https:\/\/www.vegadeyuco.com\/de\/#\/schema\/logo\/image\/"},"sameAs":["https:\/\/www.facebook.com\/vegadeyuco","https:\/\/www.instagram.com\/vegadeyuco\/","https:\/\/www.youtube.com\/channel\/UCmDMkmxMCvbSXTLTAs3DM7A"]}]}},"post_mailing_queue_ids":[],"_links":{"self":[{"href":"https:\/\/www.vegadeyuco.com\/de\/wp-json\/wp\/v2\/product\/27621","targetHints":{"allow":["GET"]}}],"collection":[{"href":"https:\/\/www.vegadeyuco.com\/de\/wp-json\/wp\/v2\/product"}],"about":[{"href":"https:\/\/www.vegadeyuco.com\/de\/wp-json\/wp\/v2\/types\/product"}],"version-history":[{"count":0,"href":"https:\/\/www.vegadeyuco.com\/de\/wp-json\/wp\/v2\/product\/27621\/revisions"}],"wp:featuredmedia":[{"embeddable":true,"href":"https:\/\/www.vegadeyuco.com\/de\/wp-json\/wp\/v2\/media\/22100"}],"wp:attachment":[{"href":"https:\/\/www.vegadeyuco.com\/de\/wp-json\/wp\/v2\/media?parent=27621"}],"wp:term":[{"taxonomy":"product_brand","embeddable":true,"href":"https:\/\/www.vegadeyuco.com\/de\/wp-json\/wp\/v2\/product_brand?post=27621"},{"taxonomy":"product_cat","embeddable":true,"href":"https:\/\/www.vegadeyuco.com\/de\/wp-json\/wp\/v2\/product_cat?post=27621"},{"taxonomy":"product_tag","embeddable":true,"href":"https:\/\/www.vegadeyuco.com\/de\/wp-json\/wp\/v2\/product_tag?post=27621"}],"curies":[{"name":"wp","href":"https:\/\/api.w.org\/{rel}","templated":true}]}}