{"id":27627,"date":"2025-05-20T07:28:30","date_gmt":"2025-05-20T06:28:30","guid":{"rendered":"https:\/\/www.vegadeyuco.com\/producto\/yaiza-weisswein-fruchtig-2\/"},"modified":"2026-03-09T14:14:14","modified_gmt":"2026-03-09T14:14:14","slug":"yaiza-weisswein-fruchtig-2","status":"publish","type":"product","link":"https:\/\/www.vegadeyuco.com\/de\/producto\/yaiza-weisswein-fruchtig-2\/","title":{"rendered":"Yaiza Wei\u00dfwein, fruchtig"},"content":{"rendered":"<p>Esencia de Yaiza fruchtig ist eine Cuv\u00e9e aus seltenen Rebsorten Lanzarotes. Der Muskateller verleiht ihm eine gro\u00dfe aromatische Intensit\u00e4t, der Diego sorgt f\u00fcr Frische und Ausgewogenheit und der vulkanische Malvasia rundet seinen einzigartigen Charakter als halbs\u00fc\u00dfer, junger und unterhaltsamer Wein ab. <\/p>\n<p><span style=\"color: #0100a3;\">Farbe<\/span><br \/>\nEr hat eine blassgelbe Farbe mit gr\u00fcnlichen Reflexen, ist klar und transparent, Eigenschaften, die seine Jugendlichkeit und Frische widerspiegeln.<\/p>\n<p><span style=\"color: #0100a3;\">Nase<\/span><br \/>\nDie intensiven Zitrusnoten von Orangenbl\u00fcte, Jasmin und Bergamotte erinnern an die S\u00fc\u00dfe unseres Klimas. Ohne \u00fcberm\u00e4\u00dfig kompliziert zu sein, zeichnet sich dieser Wein durch das ausgepr\u00e4gte Aroma jeder einzelnen Rebsorte aus. <\/p>\n<p>Gaumen<br \/>\nAm Gaumen zeigt er die perfekte Balance zwischen seinem nat\u00fcrlichen Restzuckergehalt und der Frische, die die Rebsorten Diego und Malvasia Volc\u00e1nica verleihen. Leicht zu trinken und von lang anhaltender Frische, ist er ideal f\u00fcr Momente, die zum Teilen einladen. <\/p>\n<p>Dieser Wein wird aus Rebsorten hergestellt, die auf Lanzarote nur in geringen Mengen angebaut werden. Ihre Kombination verleiht ihm Vielfalt und Charakter. Er richtet sich an ein junges, experimentierfreudiges Publikum, das gerne neue Geschmackserlebnisse beim Genuss eines Glases Wein entdeckt. <\/p>\n<p><em>* Allergene: Enth\u00e4lt Sulfite.<\/em><\/p>\n<p>&nbsp;<\/p>\n<hr>\n<p>&nbsp;<\/p>\n<p><strong>Weinbegleitung<\/strong><\/p>\n<p>Er ist der beste Begleiter zu Blauschimmelk\u00e4se, Meeresfr\u00fcchte-Aufl\u00e4ufen, H\u00fchner- und Kaninchen-Eint\u00f6pfen mit Gew\u00fcrzen.<\/p>\n","protected":false},"excerpt":{"rendered":"<div class=\"woocommerce-product-details__short-description\">\n<p>Esencia de Yaiza fruchtig ist eine Cuv\u00e9e aus seltenen Rebsorten Lanzarotes. Der Muskateller verleiht ihm eine gro\u00dfe aromatische Intensit\u00e4t, der Diego sorgt f\u00fcr Frische und Ausgewogenheit und der vulkanische Malvasia rundet seinen einzigartigen Charakter als halbs\u00fc\u00dfer, junger und unterhaltsamer Wein ab. <\/p>\n<p><strong>Siehe Verkostungsnotiz<\/strong><\/p>\n<p><a href=\"https:\/\/www.vegadeyuco.com\/wp-content\/uploads\/2022\/02\/Esencia_Yaiza_afrutado-min.pdf\" target=\"_blank\" rel=\"noopener\">Espa\u00f1ol<\/a> <a href=\"https:\/\/www.vegadeyuco.com\/wp-content\/uploads\/2025\/05\/Yaiza-Fruity-ENG.pdf\" target=\"_blank\" rel=\"noopener\">English<\/a><\/p>\n<\/div>\n<p>&nbsp;<\/p>\n","protected":false},"featured_media":26860,"template":"","meta":[],"product_brand":[],"product_cat":[370,366,365],"product_tag":[],"class_list":{"0":"post-27627","1":"product","2":"type-product","3":"status-publish","4":"has-post-thumbnail","6":"product_cat-can","7":"product_cat-weis-halbtrocken","8":"product_cat-yaiza","9":"product_shipping_class-nur-kanarische-inseln","11":"first","12":"instock","13":"shipping-taxable","14":"purchasable","15":"product-type-simple"},"yoast_head":"<!-- This site is optimized with the Yoast SEO plugin v26.8 - https:\/\/yoast.com\/product\/yoast-seo-wordpress\/ -->\n<title>Yaiza Wei\u00dfwein, fruchtig &#8226; Vega de Yuco<\/title>\n<meta name=\"description\" content=\"Esencia de Yaiza afrutado ist eine Assemblage aus seltenen Rebsorten Lanzarotes. Die perfekte Mischung aus drei Rebsorten.\" \/>\n<meta name=\"robots\" content=\"index, follow, max-snippet:-1, max-image-preview:large, max-video-preview:-1\" \/>\n<link rel=\"canonical\" href=\"https:\/\/www.vegadeyuco.com\/de\/producto\/yaiza-weisswein-fruchtig-2\/\" \/>\n<meta property=\"og:locale\" content=\"de_DE\" \/>\n<meta property=\"og:type\" content=\"article\" \/>\n<meta property=\"og:title\" content=\"Yaiza Wei\u00dfwein, fruchtig &#8226; Vega de Yuco\" \/>\n<meta property=\"og:description\" content=\"Esencia de Yaiza afrutado ist eine Assemblage aus seltenen Rebsorten Lanzarotes. Die perfekte Mischung aus drei Rebsorten.\" \/>\n<meta property=\"og:url\" content=\"https:\/\/www.vegadeyuco.com\/de\/producto\/yaiza-weisswein-fruchtig-2\/\" \/>\n<meta property=\"og:site_name\" content=\"Vega de Yuco\" \/>\n<meta property=\"article:publisher\" content=\"https:\/\/www.facebook.com\/vegadeyuco\" \/>\n<meta property=\"article:modified_time\" content=\"2026-03-09T14:14:14+00:00\" \/>\n<meta property=\"og:image\" content=\"https:\/\/www.vegadeyuco.com\/wp-content\/uploads\/2017\/01\/Yaiza-afrutado.png\" \/>\n\t<meta property=\"og:image:width\" content=\"1000\" \/>\n\t<meta property=\"og:image:height\" content=\"1000\" \/>\n\t<meta property=\"og:image:type\" content=\"image\/png\" \/>\n<meta name=\"twitter:card\" content=\"summary_large_image\" \/>\n<meta name=\"twitter:label1\" content=\"Gesch\u00e4tzte Lesezeit\" \/>\n\t<meta name=\"twitter:data1\" content=\"1\u00a0Minute\" \/>\n<script type=\"application\/ld+json\" class=\"yoast-schema-graph\">{\"@context\":\"https:\/\/schema.org\",\"@graph\":[{\"@type\":\"WebPage\",\"@id\":\"https:\/\/www.vegadeyuco.com\/de\/producto\/yaiza-weisswein-fruchtig-2\/\",\"url\":\"https:\/\/www.vegadeyuco.com\/de\/producto\/yaiza-weisswein-fruchtig-2\/\",\"name\":\"Yaiza Wei\u00dfwein, fruchtig &#8226; Vega de Yuco\",\"isPartOf\":{\"@id\":\"https:\/\/www.vegadeyuco.com\/de\/#website\"},\"primaryImageOfPage\":{\"@id\":\"https:\/\/www.vegadeyuco.com\/de\/producto\/yaiza-weisswein-fruchtig-2\/#primaryimage\"},\"image\":{\"@id\":\"https:\/\/www.vegadeyuco.com\/de\/producto\/yaiza-weisswein-fruchtig-2\/#primaryimage\"},\"thumbnailUrl\":\"https:\/\/www.vegadeyuco.com\/wp-content\/uploads\/2017\/01\/Yaiza-afrutado.png\",\"datePublished\":\"2025-05-20T06:28:30+00:00\",\"dateModified\":\"2026-03-09T14:14:14+00:00\",\"description\":\"Esencia de Yaiza afrutado ist eine Assemblage aus seltenen Rebsorten Lanzarotes. Die perfekte Mischung aus drei Rebsorten.\",\"breadcrumb\":{\"@id\":\"https:\/\/www.vegadeyuco.com\/de\/producto\/yaiza-weisswein-fruchtig-2\/#breadcrumb\"},\"inLanguage\":\"de\",\"potentialAction\":[{\"@type\":\"ReadAction\",\"target\":[\"https:\/\/www.vegadeyuco.com\/de\/producto\/yaiza-weisswein-fruchtig-2\/\"]}]},{\"@type\":\"ImageObject\",\"inLanguage\":\"de\",\"@id\":\"https:\/\/www.vegadeyuco.com\/de\/producto\/yaiza-weisswein-fruchtig-2\/#primaryimage\",\"url\":\"https:\/\/www.vegadeyuco.com\/wp-content\/uploads\/2017\/01\/Yaiza-afrutado.png\",\"contentUrl\":\"https:\/\/www.vegadeyuco.com\/wp-content\/uploads\/2017\/01\/Yaiza-afrutado.png\",\"width\":1000,\"height\":1000},{\"@type\":\"BreadcrumbList\",\"@id\":\"https:\/\/www.vegadeyuco.com\/de\/producto\/yaiza-weisswein-fruchtig-2\/#breadcrumb\",\"itemListElement\":[{\"@type\":\"ListItem\",\"position\":1,\"name\":\"Portada\",\"item\":\"https:\/\/www.vegadeyuco.com\/de\/vega-de-yuco-weinkellerei-auf-lanzarote\/\"},{\"@type\":\"ListItem\",\"position\":2,\"name\":\"Shop\",\"item\":\"https:\/\/www.vegadeyuco.com\/de\/shop\/\"},{\"@type\":\"ListItem\",\"position\":3,\"name\":\"Yaiza Wei\u00dfwein, fruchtig\"}]},{\"@type\":\"WebSite\",\"@id\":\"https:\/\/www.vegadeyuco.com\/de\/#website\",\"url\":\"https:\/\/www.vegadeyuco.com\/de\/\",\"name\":\"Vega de Yuco\",\"description\":\"Bodegas y Vi\u00f1edos Vega de Yuco en Lanzarote, una bodega tradicional Canaria que destila autenticidad e innovaci\u00f3n. \",\"publisher\":{\"@id\":\"https:\/\/www.vegadeyuco.com\/de\/#organization\"},\"potentialAction\":[{\"@type\":\"SearchAction\",\"target\":{\"@type\":\"EntryPoint\",\"urlTemplate\":\"https:\/\/www.vegadeyuco.com\/de\/?s={search_term_string}\"},\"query-input\":{\"@type\":\"PropertyValueSpecification\",\"valueRequired\":true,\"valueName\":\"search_term_string\"}}],\"inLanguage\":\"de\"},{\"@type\":\"Organization\",\"@id\":\"https:\/\/www.vegadeyuco.com\/de\/#organization\",\"name\":\"Bodegas Vega de Yuco\",\"url\":\"https:\/\/www.vegadeyuco.com\/de\/\",\"logo\":{\"@type\":\"ImageObject\",\"inLanguage\":\"de\",\"@id\":\"https:\/\/www.vegadeyuco.com\/de\/#\/schema\/logo\/image\/\",\"url\":\"https:\/\/www.vegadeyuco.com\/wp-content\/uploads\/2020\/01\/LOGO_VEGADEYUCO_cabecera_pedidos.png\",\"contentUrl\":\"https:\/\/www.vegadeyuco.com\/wp-content\/uploads\/2020\/01\/LOGO_VEGADEYUCO_cabecera_pedidos.png\",\"width\":250,\"height\":150,\"caption\":\"Bodegas Vega de Yuco\"},\"image\":{\"@id\":\"https:\/\/www.vegadeyuco.com\/de\/#\/schema\/logo\/image\/\"},\"sameAs\":[\"https:\/\/www.facebook.com\/vegadeyuco\",\"https:\/\/www.instagram.com\/vegadeyuco\/\",\"https:\/\/www.youtube.com\/channel\/UCmDMkmxMCvbSXTLTAs3DM7A\"]}]}<\/script>\n<!-- \/ Yoast SEO plugin. -->","yoast_head_json":{"title":"Yaiza Wei\u00dfwein, fruchtig &#8226; Vega de Yuco","description":"Esencia de Yaiza afrutado ist eine Assemblage aus seltenen Rebsorten Lanzarotes. Die perfekte Mischung aus drei Rebsorten.","robots":{"index":"index","follow":"follow","max-snippet":"max-snippet:-1","max-image-preview":"max-image-preview:large","max-video-preview":"max-video-preview:-1"},"canonical":"https:\/\/www.vegadeyuco.com\/de\/producto\/yaiza-weisswein-fruchtig-2\/","og_locale":"de_DE","og_type":"article","og_title":"Yaiza Wei\u00dfwein, fruchtig &#8226; Vega de Yuco","og_description":"Esencia de Yaiza afrutado ist eine Assemblage aus seltenen Rebsorten Lanzarotes. Die perfekte Mischung aus drei Rebsorten.","og_url":"https:\/\/www.vegadeyuco.com\/de\/producto\/yaiza-weisswein-fruchtig-2\/","og_site_name":"Vega de Yuco","article_publisher":"https:\/\/www.facebook.com\/vegadeyuco","article_modified_time":"2026-03-09T14:14:14+00:00","og_image":[{"width":1000,"height":1000,"url":"https:\/\/www.vegadeyuco.com\/wp-content\/uploads\/2017\/01\/Yaiza-afrutado.png","type":"image\/png"}],"twitter_card":"summary_large_image","twitter_misc":{"Gesch\u00e4tzte Lesezeit":"1\u00a0Minute"},"schema":{"@context":"https:\/\/schema.org","@graph":[{"@type":"WebPage","@id":"https:\/\/www.vegadeyuco.com\/de\/producto\/yaiza-weisswein-fruchtig-2\/","url":"https:\/\/www.vegadeyuco.com\/de\/producto\/yaiza-weisswein-fruchtig-2\/","name":"Yaiza Wei\u00dfwein, fruchtig &#8226; Vega de Yuco","isPartOf":{"@id":"https:\/\/www.vegadeyuco.com\/de\/#website"},"primaryImageOfPage":{"@id":"https:\/\/www.vegadeyuco.com\/de\/producto\/yaiza-weisswein-fruchtig-2\/#primaryimage"},"image":{"@id":"https:\/\/www.vegadeyuco.com\/de\/producto\/yaiza-weisswein-fruchtig-2\/#primaryimage"},"thumbnailUrl":"https:\/\/www.vegadeyuco.com\/wp-content\/uploads\/2017\/01\/Yaiza-afrutado.png","datePublished":"2025-05-20T06:28:30+00:00","dateModified":"2026-03-09T14:14:14+00:00","description":"Esencia de Yaiza afrutado ist eine Assemblage aus seltenen Rebsorten Lanzarotes. Die perfekte Mischung aus drei Rebsorten.","breadcrumb":{"@id":"https:\/\/www.vegadeyuco.com\/de\/producto\/yaiza-weisswein-fruchtig-2\/#breadcrumb"},"inLanguage":"de","potentialAction":[{"@type":"ReadAction","target":["https:\/\/www.vegadeyuco.com\/de\/producto\/yaiza-weisswein-fruchtig-2\/"]}]},{"@type":"ImageObject","inLanguage":"de","@id":"https:\/\/www.vegadeyuco.com\/de\/producto\/yaiza-weisswein-fruchtig-2\/#primaryimage","url":"https:\/\/www.vegadeyuco.com\/wp-content\/uploads\/2017\/01\/Yaiza-afrutado.png","contentUrl":"https:\/\/www.vegadeyuco.com\/wp-content\/uploads\/2017\/01\/Yaiza-afrutado.png","width":1000,"height":1000},{"@type":"BreadcrumbList","@id":"https:\/\/www.vegadeyuco.com\/de\/producto\/yaiza-weisswein-fruchtig-2\/#breadcrumb","itemListElement":[{"@type":"ListItem","position":1,"name":"Portada","item":"https:\/\/www.vegadeyuco.com\/de\/vega-de-yuco-weinkellerei-auf-lanzarote\/"},{"@type":"ListItem","position":2,"name":"Shop","item":"https:\/\/www.vegadeyuco.com\/de\/shop\/"},{"@type":"ListItem","position":3,"name":"Yaiza Wei\u00dfwein, fruchtig"}]},{"@type":"WebSite","@id":"https:\/\/www.vegadeyuco.com\/de\/#website","url":"https:\/\/www.vegadeyuco.com\/de\/","name":"Vega de Yuco","description":"Bodegas y Vi\u00f1edos Vega de Yuco en Lanzarote, una bodega tradicional Canaria que destila autenticidad e innovaci\u00f3n. ","publisher":{"@id":"https:\/\/www.vegadeyuco.com\/de\/#organization"},"potentialAction":[{"@type":"SearchAction","target":{"@type":"EntryPoint","urlTemplate":"https:\/\/www.vegadeyuco.com\/de\/?s={search_term_string}"},"query-input":{"@type":"PropertyValueSpecification","valueRequired":true,"valueName":"search_term_string"}}],"inLanguage":"de"},{"@type":"Organization","@id":"https:\/\/www.vegadeyuco.com\/de\/#organization","name":"Bodegas Vega de Yuco","url":"https:\/\/www.vegadeyuco.com\/de\/","logo":{"@type":"ImageObject","inLanguage":"de","@id":"https:\/\/www.vegadeyuco.com\/de\/#\/schema\/logo\/image\/","url":"https:\/\/www.vegadeyuco.com\/wp-content\/uploads\/2020\/01\/LOGO_VEGADEYUCO_cabecera_pedidos.png","contentUrl":"https:\/\/www.vegadeyuco.com\/wp-content\/uploads\/2020\/01\/LOGO_VEGADEYUCO_cabecera_pedidos.png","width":250,"height":150,"caption":"Bodegas Vega de Yuco"},"image":{"@id":"https:\/\/www.vegadeyuco.com\/de\/#\/schema\/logo\/image\/"},"sameAs":["https:\/\/www.facebook.com\/vegadeyuco","https:\/\/www.instagram.com\/vegadeyuco\/","https:\/\/www.youtube.com\/channel\/UCmDMkmxMCvbSXTLTAs3DM7A"]}]}},"post_mailing_queue_ids":[],"_links":{"self":[{"href":"https:\/\/www.vegadeyuco.com\/de\/wp-json\/wp\/v2\/product\/27627","targetHints":{"allow":["GET"]}}],"collection":[{"href":"https:\/\/www.vegadeyuco.com\/de\/wp-json\/wp\/v2\/product"}],"about":[{"href":"https:\/\/www.vegadeyuco.com\/de\/wp-json\/wp\/v2\/types\/product"}],"version-history":[{"count":0,"href":"https:\/\/www.vegadeyuco.com\/de\/wp-json\/wp\/v2\/product\/27627\/revisions"}],"wp:featuredmedia":[{"embeddable":true,"href":"https:\/\/www.vegadeyuco.com\/de\/wp-json\/wp\/v2\/media\/26860"}],"wp:attachment":[{"href":"https:\/\/www.vegadeyuco.com\/de\/wp-json\/wp\/v2\/media?parent=27627"}],"wp:term":[{"taxonomy":"product_brand","embeddable":true,"href":"https:\/\/www.vegadeyuco.com\/de\/wp-json\/wp\/v2\/product_brand?post=27627"},{"taxonomy":"product_cat","embeddable":true,"href":"https:\/\/www.vegadeyuco.com\/de\/wp-json\/wp\/v2\/product_cat?post=27627"},{"taxonomy":"product_tag","embeddable":true,"href":"https:\/\/www.vegadeyuco.com\/de\/wp-json\/wp\/v2\/product_tag?post=27627"}],"curies":[{"name":"wp","href":"https:\/\/api.w.org\/{rel}","templated":true}]}}