{"id":27634,"date":"2025-05-20T07:25:44","date_gmt":"2025-05-20T06:25:44","guid":{"rendered":"https:\/\/www.vegadeyuco.com\/producto\/yaiza-weisswein-trocken-2\/"},"modified":"2025-05-20T07:25:44","modified_gmt":"2025-05-20T06:25:44","slug":"yaiza-weisswein-trocken-2","status":"publish","type":"product","link":"https:\/\/www.vegadeyuco.com\/de\/producto\/yaiza-weisswein-trocken-2\/","title":{"rendered":"Yaiza Wei\u00dfwein trocken"},"content":{"rendered":"<div class=\"woocommerce-product-details__short-description\">\n<p>Esencia de Yaiza ist der authentische Ausdruck des traditionellen Weinbaus auf Lanzarote. Bei der Ankunft im Weinkeller w\u00e4hlen wir die Malvas\u00eda-Trauben aus den besten Lagen der Insel von Hand aus. Anschlie\u00dfend werden die Trauben in Tanks unter Anwendung von Kaltmazerationstechniken vergoren, wodurch ein ausdrucksstarker Wein entsteht, der sich durch seine Frische und sein aromatisches Profil auszeichnet.  <\/p>\n<p><span style=\"color: #0100a3;\">Farbe<\/span><br \/>\nBlassgelb wie das Spiegelbild der Morgend\u00e4mmerung, mit klaren Farbt\u00f6nen, die seine Frische und Jugendlichkeit unterstreichen.<\/p>\n<p><span style=\"color: #0100a3;\">Nase<\/span><br \/>\nVom ersten Moment an \u00fcberrascht er mit Noten von Mango, Guave und Litschi, allesamt typische Aromen des Malvas\u00eda Volc\u00e1nico. Nach und nach entwickelt er sich zu wei\u00dfen Fr\u00fcchten mit Noten von Zitrusfr\u00fcchten und Orangenbl\u00fcten. Ein komplexer und duftender Wein mit hoher aromatischer Intensit\u00e4t.  <\/p>\n<p><span style=\"color: #0100a3;\">Gaumen<\/span><br \/>\nDer erste Eindruck im Mund ist weich und zeigt seine Frische und Lebendigkeit. Ein ausgewogener Wein, der dazu einl\u00e4dt, ihn erneut am Gaumen zu genie\u00dfen. <\/p>\n<\/div>\n<p><em>* Allergene: Enth\u00e4lt Sulfite.<\/em><\/p>\n<p>&nbsp;<\/p>\n<hr>\n<p>&nbsp;<\/p>\n<p><strong>Weinbegleitung<\/strong><\/p>\n<p>Yaiza Malvas\u00eda Seco ist die beste Wahl f\u00fcr einen Aperitif mit Freunden, passt aber auch hervorragend zu Salaten, wei\u00dfem Fisch, mild gew\u00fcrztem Gefl\u00fcgel, Weichk\u00e4se und Pasta mit wei\u00dfen So\u00dfen.<\/p>\n","protected":false},"excerpt":{"rendered":"<p>Esencia de Yaiza ist der authentische Ausdruck des traditionellen Weinbaus auf Lanzarote. Bei der Ankunft im Weinkeller w\u00e4hlen wir die Malvas\u00eda-Trauben aus den besten Lagen der Insel von Hand aus. Anschlie\u00dfend werden die Trauben in Tanks unter Anwendung von Kaltmazerationstechniken vergoren, wodurch ein ausdrucksstarker Wein entsteht, der sich durch seine Frische und sein aromatisches Profil auszeichnet.  <\/p>\n<p><strong>Siehe Verkostungsnotiz<\/strong><\/p>\n<p><a href=\"https:\/\/www.vegadeyuco.com\/wp-content\/uploads\/2022\/02\/Esencia_Yaiza_seco-min.pdf\" target=\"_blank\" rel=\"noopener\">Espa\u00f1ol<\/a> <a href=\"https:\/\/www.vegadeyuco.com\/wp-content\/uploads\/2025\/05\/Yaiza-Dry-ENG.pdf\" target=\"_blank\" rel=\"noopener\">English<\/a><\/p>\n","protected":false},"featured_media":22162,"template":"","meta":[],"product_brand":[],"product_cat":[370,374,372,365],"product_tag":[],"class_list":{"0":"post-27634","1":"product","2":"type-product","3":"status-publish","4":"has-post-thumbnail","6":"product_cat-can","7":"product_cat-weine","8":"product_cat-weiswein-trocken","9":"product_cat-yaiza","10":"product_shipping_class-nur-kanarische-inseln","12":"first","13":"instock","14":"shipping-taxable","15":"purchasable","16":"product-type-simple"},"yoast_head":"<!-- This site is optimized with the Yoast SEO plugin v26.8 - https:\/\/yoast.com\/product\/yoast-seo-wordpress\/ -->\n<title>Yaiza Wei\u00dfwein trocken &#8226; Vega de Yuco<\/title>\n<meta name=\"description\" content=\"Esencia de Yaiza ist der Inbegriff des traditionellen Weinbaus auf Lanzarote. Ein ausdrucksstarker, frischer Wein mit einer gro\u00dfartigen aromatischen Pers\u00f6nlichkeit.\" \/>\n<meta name=\"robots\" content=\"index, follow, max-snippet:-1, max-image-preview:large, max-video-preview:-1\" \/>\n<link rel=\"canonical\" href=\"https:\/\/www.vegadeyuco.com\/de\/producto\/yaiza-weisswein-trocken-2\/\" \/>\n<meta property=\"og:locale\" content=\"de_DE\" \/>\n<meta property=\"og:type\" content=\"article\" \/>\n<meta property=\"og:title\" content=\"Yaiza Wei\u00dfwein trocken &#8226; Vega de Yuco\" \/>\n<meta property=\"og:description\" content=\"Esencia de Yaiza ist der Inbegriff des traditionellen Weinbaus auf Lanzarote. Ein ausdrucksstarker, frischer Wein mit einer gro\u00dfartigen aromatischen Pers\u00f6nlichkeit.\" \/>\n<meta property=\"og:url\" content=\"https:\/\/www.vegadeyuco.com\/de\/producto\/yaiza-weisswein-trocken-2\/\" \/>\n<meta property=\"og:site_name\" content=\"Vega de Yuco\" \/>\n<meta property=\"article:publisher\" content=\"https:\/\/www.facebook.com\/vegadeyuco\" \/>\n<meta property=\"og:image\" content=\"https:\/\/www.vegadeyuco.com\/wp-content\/uploads\/2017\/01\/Yaiza-seco.png\" \/>\n\t<meta property=\"og:image:width\" content=\"1000\" \/>\n\t<meta property=\"og:image:height\" content=\"1000\" \/>\n\t<meta property=\"og:image:type\" content=\"image\/png\" \/>\n<meta name=\"twitter:card\" content=\"summary_large_image\" \/>\n<meta name=\"twitter:label1\" content=\"Gesch\u00e4tzte Lesezeit\" \/>\n\t<meta name=\"twitter:data1\" content=\"1\u00a0Minute\" \/>\n<script type=\"application\/ld+json\" class=\"yoast-schema-graph\">{\"@context\":\"https:\/\/schema.org\",\"@graph\":[{\"@type\":\"WebPage\",\"@id\":\"https:\/\/www.vegadeyuco.com\/de\/producto\/yaiza-weisswein-trocken-2\/\",\"url\":\"https:\/\/www.vegadeyuco.com\/de\/producto\/yaiza-weisswein-trocken-2\/\",\"name\":\"Yaiza Wei\u00dfwein trocken &#8226; Vega de Yuco\",\"isPartOf\":{\"@id\":\"https:\/\/www.vegadeyuco.com\/de\/#website\"},\"primaryImageOfPage\":{\"@id\":\"https:\/\/www.vegadeyuco.com\/de\/producto\/yaiza-weisswein-trocken-2\/#primaryimage\"},\"image\":{\"@id\":\"https:\/\/www.vegadeyuco.com\/de\/producto\/yaiza-weisswein-trocken-2\/#primaryimage\"},\"thumbnailUrl\":\"https:\/\/www.vegadeyuco.com\/wp-content\/uploads\/2017\/01\/Yaiza-seco.png\",\"datePublished\":\"2025-05-20T06:25:44+00:00\",\"description\":\"Esencia de Yaiza ist der Inbegriff des traditionellen Weinbaus auf Lanzarote. Ein ausdrucksstarker, frischer Wein mit einer gro\u00dfartigen aromatischen Pers\u00f6nlichkeit.\",\"breadcrumb\":{\"@id\":\"https:\/\/www.vegadeyuco.com\/de\/producto\/yaiza-weisswein-trocken-2\/#breadcrumb\"},\"inLanguage\":\"de\",\"potentialAction\":[{\"@type\":\"ReadAction\",\"target\":[\"https:\/\/www.vegadeyuco.com\/de\/producto\/yaiza-weisswein-trocken-2\/\"]}]},{\"@type\":\"ImageObject\",\"inLanguage\":\"de\",\"@id\":\"https:\/\/www.vegadeyuco.com\/de\/producto\/yaiza-weisswein-trocken-2\/#primaryimage\",\"url\":\"https:\/\/www.vegadeyuco.com\/wp-content\/uploads\/2017\/01\/Yaiza-seco.png\",\"contentUrl\":\"https:\/\/www.vegadeyuco.com\/wp-content\/uploads\/2017\/01\/Yaiza-seco.png\",\"width\":1000,\"height\":1000},{\"@type\":\"BreadcrumbList\",\"@id\":\"https:\/\/www.vegadeyuco.com\/de\/producto\/yaiza-weisswein-trocken-2\/#breadcrumb\",\"itemListElement\":[{\"@type\":\"ListItem\",\"position\":1,\"name\":\"Portada\",\"item\":\"https:\/\/www.vegadeyuco.com\/de\/vega-de-yuco-weinkellerei-auf-lanzarote\/\"},{\"@type\":\"ListItem\",\"position\":2,\"name\":\"Shop\",\"item\":\"https:\/\/www.vegadeyuco.com\/de\/shop\/\"},{\"@type\":\"ListItem\",\"position\":3,\"name\":\"Yaiza Wei\u00dfwein trocken\"}]},{\"@type\":\"WebSite\",\"@id\":\"https:\/\/www.vegadeyuco.com\/de\/#website\",\"url\":\"https:\/\/www.vegadeyuco.com\/de\/\",\"name\":\"Vega de Yuco\",\"description\":\"Bodegas y Vi\u00f1edos Vega de Yuco en Lanzarote, una bodega tradicional Canaria que destila autenticidad e innovaci\u00f3n. \",\"publisher\":{\"@id\":\"https:\/\/www.vegadeyuco.com\/de\/#organization\"},\"potentialAction\":[{\"@type\":\"SearchAction\",\"target\":{\"@type\":\"EntryPoint\",\"urlTemplate\":\"https:\/\/www.vegadeyuco.com\/de\/?s={search_term_string}\"},\"query-input\":{\"@type\":\"PropertyValueSpecification\",\"valueRequired\":true,\"valueName\":\"search_term_string\"}}],\"inLanguage\":\"de\"},{\"@type\":\"Organization\",\"@id\":\"https:\/\/www.vegadeyuco.com\/de\/#organization\",\"name\":\"Bodegas Vega de Yuco\",\"url\":\"https:\/\/www.vegadeyuco.com\/de\/\",\"logo\":{\"@type\":\"ImageObject\",\"inLanguage\":\"de\",\"@id\":\"https:\/\/www.vegadeyuco.com\/de\/#\/schema\/logo\/image\/\",\"url\":\"https:\/\/www.vegadeyuco.com\/wp-content\/uploads\/2020\/01\/LOGO_VEGADEYUCO_cabecera_pedidos.png\",\"contentUrl\":\"https:\/\/www.vegadeyuco.com\/wp-content\/uploads\/2020\/01\/LOGO_VEGADEYUCO_cabecera_pedidos.png\",\"width\":250,\"height\":150,\"caption\":\"Bodegas Vega de Yuco\"},\"image\":{\"@id\":\"https:\/\/www.vegadeyuco.com\/de\/#\/schema\/logo\/image\/\"},\"sameAs\":[\"https:\/\/www.facebook.com\/vegadeyuco\",\"https:\/\/www.instagram.com\/vegadeyuco\/\",\"https:\/\/www.youtube.com\/channel\/UCmDMkmxMCvbSXTLTAs3DM7A\"]}]}<\/script>\n<!-- \/ Yoast SEO plugin. -->","yoast_head_json":{"title":"Yaiza Wei\u00dfwein trocken &#8226; Vega de Yuco","description":"Esencia de Yaiza ist der Inbegriff des traditionellen Weinbaus auf Lanzarote. Ein ausdrucksstarker, frischer Wein mit einer gro\u00dfartigen aromatischen Pers\u00f6nlichkeit.","robots":{"index":"index","follow":"follow","max-snippet":"max-snippet:-1","max-image-preview":"max-image-preview:large","max-video-preview":"max-video-preview:-1"},"canonical":"https:\/\/www.vegadeyuco.com\/de\/producto\/yaiza-weisswein-trocken-2\/","og_locale":"de_DE","og_type":"article","og_title":"Yaiza Wei\u00dfwein trocken &#8226; Vega de Yuco","og_description":"Esencia de Yaiza ist der Inbegriff des traditionellen Weinbaus auf Lanzarote. Ein ausdrucksstarker, frischer Wein mit einer gro\u00dfartigen aromatischen Pers\u00f6nlichkeit.","og_url":"https:\/\/www.vegadeyuco.com\/de\/producto\/yaiza-weisswein-trocken-2\/","og_site_name":"Vega de Yuco","article_publisher":"https:\/\/www.facebook.com\/vegadeyuco","og_image":[{"width":1000,"height":1000,"url":"https:\/\/www.vegadeyuco.com\/wp-content\/uploads\/2017\/01\/Yaiza-seco.png","type":"image\/png"}],"twitter_card":"summary_large_image","twitter_misc":{"Gesch\u00e4tzte Lesezeit":"1\u00a0Minute"},"schema":{"@context":"https:\/\/schema.org","@graph":[{"@type":"WebPage","@id":"https:\/\/www.vegadeyuco.com\/de\/producto\/yaiza-weisswein-trocken-2\/","url":"https:\/\/www.vegadeyuco.com\/de\/producto\/yaiza-weisswein-trocken-2\/","name":"Yaiza Wei\u00dfwein trocken &#8226; Vega de Yuco","isPartOf":{"@id":"https:\/\/www.vegadeyuco.com\/de\/#website"},"primaryImageOfPage":{"@id":"https:\/\/www.vegadeyuco.com\/de\/producto\/yaiza-weisswein-trocken-2\/#primaryimage"},"image":{"@id":"https:\/\/www.vegadeyuco.com\/de\/producto\/yaiza-weisswein-trocken-2\/#primaryimage"},"thumbnailUrl":"https:\/\/www.vegadeyuco.com\/wp-content\/uploads\/2017\/01\/Yaiza-seco.png","datePublished":"2025-05-20T06:25:44+00:00","description":"Esencia de Yaiza ist der Inbegriff des traditionellen Weinbaus auf Lanzarote. Ein ausdrucksstarker, frischer Wein mit einer gro\u00dfartigen aromatischen Pers\u00f6nlichkeit.","breadcrumb":{"@id":"https:\/\/www.vegadeyuco.com\/de\/producto\/yaiza-weisswein-trocken-2\/#breadcrumb"},"inLanguage":"de","potentialAction":[{"@type":"ReadAction","target":["https:\/\/www.vegadeyuco.com\/de\/producto\/yaiza-weisswein-trocken-2\/"]}]},{"@type":"ImageObject","inLanguage":"de","@id":"https:\/\/www.vegadeyuco.com\/de\/producto\/yaiza-weisswein-trocken-2\/#primaryimage","url":"https:\/\/www.vegadeyuco.com\/wp-content\/uploads\/2017\/01\/Yaiza-seco.png","contentUrl":"https:\/\/www.vegadeyuco.com\/wp-content\/uploads\/2017\/01\/Yaiza-seco.png","width":1000,"height":1000},{"@type":"BreadcrumbList","@id":"https:\/\/www.vegadeyuco.com\/de\/producto\/yaiza-weisswein-trocken-2\/#breadcrumb","itemListElement":[{"@type":"ListItem","position":1,"name":"Portada","item":"https:\/\/www.vegadeyuco.com\/de\/vega-de-yuco-weinkellerei-auf-lanzarote\/"},{"@type":"ListItem","position":2,"name":"Shop","item":"https:\/\/www.vegadeyuco.com\/de\/shop\/"},{"@type":"ListItem","position":3,"name":"Yaiza Wei\u00dfwein trocken"}]},{"@type":"WebSite","@id":"https:\/\/www.vegadeyuco.com\/de\/#website","url":"https:\/\/www.vegadeyuco.com\/de\/","name":"Vega de Yuco","description":"Bodegas y Vi\u00f1edos Vega de Yuco en Lanzarote, una bodega tradicional Canaria que destila autenticidad e innovaci\u00f3n. ","publisher":{"@id":"https:\/\/www.vegadeyuco.com\/de\/#organization"},"potentialAction":[{"@type":"SearchAction","target":{"@type":"EntryPoint","urlTemplate":"https:\/\/www.vegadeyuco.com\/de\/?s={search_term_string}"},"query-input":{"@type":"PropertyValueSpecification","valueRequired":true,"valueName":"search_term_string"}}],"inLanguage":"de"},{"@type":"Organization","@id":"https:\/\/www.vegadeyuco.com\/de\/#organization","name":"Bodegas Vega de Yuco","url":"https:\/\/www.vegadeyuco.com\/de\/","logo":{"@type":"ImageObject","inLanguage":"de","@id":"https:\/\/www.vegadeyuco.com\/de\/#\/schema\/logo\/image\/","url":"https:\/\/www.vegadeyuco.com\/wp-content\/uploads\/2020\/01\/LOGO_VEGADEYUCO_cabecera_pedidos.png","contentUrl":"https:\/\/www.vegadeyuco.com\/wp-content\/uploads\/2020\/01\/LOGO_VEGADEYUCO_cabecera_pedidos.png","width":250,"height":150,"caption":"Bodegas Vega de Yuco"},"image":{"@id":"https:\/\/www.vegadeyuco.com\/de\/#\/schema\/logo\/image\/"},"sameAs":["https:\/\/www.facebook.com\/vegadeyuco","https:\/\/www.instagram.com\/vegadeyuco\/","https:\/\/www.youtube.com\/channel\/UCmDMkmxMCvbSXTLTAs3DM7A"]}]}},"post_mailing_queue_ids":[],"_links":{"self":[{"href":"https:\/\/www.vegadeyuco.com\/de\/wp-json\/wp\/v2\/product\/27634","targetHints":{"allow":["GET"]}}],"collection":[{"href":"https:\/\/www.vegadeyuco.com\/de\/wp-json\/wp\/v2\/product"}],"about":[{"href":"https:\/\/www.vegadeyuco.com\/de\/wp-json\/wp\/v2\/types\/product"}],"version-history":[{"count":0,"href":"https:\/\/www.vegadeyuco.com\/de\/wp-json\/wp\/v2\/product\/27634\/revisions"}],"wp:featuredmedia":[{"embeddable":true,"href":"https:\/\/www.vegadeyuco.com\/de\/wp-json\/wp\/v2\/media\/22162"}],"wp:attachment":[{"href":"https:\/\/www.vegadeyuco.com\/de\/wp-json\/wp\/v2\/media?parent=27634"}],"wp:term":[{"taxonomy":"product_brand","embeddable":true,"href":"https:\/\/www.vegadeyuco.com\/de\/wp-json\/wp\/v2\/product_brand?post=27634"},{"taxonomy":"product_cat","embeddable":true,"href":"https:\/\/www.vegadeyuco.com\/de\/wp-json\/wp\/v2\/product_cat?post=27634"},{"taxonomy":"product_tag","embeddable":true,"href":"https:\/\/www.vegadeyuco.com\/de\/wp-json\/wp\/v2\/product_tag?post=27634"}],"curies":[{"name":"wp","href":"https:\/\/api.w.org\/{rel}","templated":true}]}}