{"id":27647,"date":"2025-05-19T19:26:16","date_gmt":"2025-05-19T18:26:16","guid":{"rendered":"https:\/\/www.vegadeyuco.com\/producto\/vega-de-yuco-trocken\/"},"modified":"2025-05-19T19:26:16","modified_gmt":"2025-05-19T18:26:16","slug":"vega-de-yuco-trocken","status":"publish","type":"product","link":"https:\/\/www.vegadeyuco.com\/de\/producto\/vega-de-yuco-trocken\/","title":{"rendered":"Vega de Yuco Trocken"},"content":{"rendered":"<div class=\"woocommerce-product-details__short-description\">\n<p>Vega de Yuco stammt aus unserer klassischsten Malvas\u00eda-Traube, die aus ausgew\u00e4hlten Parzellen in den w\u00e4rmsten Gebieten stammt, wo der Reifegrad am h\u00f6chsten ist. Nach einer strengen Auswahl im Weinkeller erfolgt die langsame und sorgf\u00e4ltige G\u00e4rung unter Kontrolle einer moderaten Temperatur. <\/p>\n<p><span style=\"color: #0100a3;\">Farbe<\/span><br \/>\nBlassgelb wie das Spiegelbild der Morgend\u00e4mmerung, klar und strahlend, mit Farbt\u00f6nen, die Frische und Jugendlichkeit vermitteln.<\/p>\n<p><span style=\"color: #0100a3;\">Nase<\/span><br \/>\nIntensive und klare Aromen mit Noten von wei\u00dfen und aromatischen Bl\u00fcten, Orangenbl\u00fcten und Jasmin, gekr\u00f6nt von einem zitrusartigen Bergamotte-Duft.<\/p>\n<p><span style=\"color: #0100a3;\">Gaumen<\/span><br \/>\nAm Gaumen zeigt er sich dicht, fleischig und mit einem un\u00fcbertroffen langen Abgang. Ein Wein, der die Essenz unseres vulkanischen Bodens widerspiegelt und zum Genuss f\u00fcr jeden Weinliebhaber gekeltert wurde. <\/p>\n<\/div>\n<p><em>* Allergene: Enth\u00e4lt Sulfite.<\/em><\/p>\n<p>&nbsp;<\/p>\n<hr>\n<p>&nbsp;<\/p>\n<p><strong>Weinbegleitung<\/strong><\/p>\n<p>Der trockene Vega de Yuco passt perfekt zu Vorspeisen, Meeresfr\u00fcchten, gegrilltem Fisch, Reisgerichten und Pasta alla marinara. Ein Wein, der die Sinne weckt und Lust auf Geselligkeit macht, mit der Gewissheit, dass er allen schmeckt. <\/p>\n","protected":false},"excerpt":{"rendered":"<p>Vega de Yuco stammt aus unserer klassischsten Malvas\u00eda-Traube, die aus ausgew\u00e4hlten Parzellen in den w\u00e4rmsten Gebieten stammt, wo der Reifegrad am h\u00f6chsten ist. Nach einer strengen Auswahl im Weinkeller erfolgt die langsame und sorgf\u00e4ltige G\u00e4rung unter Kontrolle einer moderaten Temperatur. <\/p>\n<p><strong>Siehe Verkostungsnotiz<\/strong><\/p>\n<p><a href=\"https:\/\/www.vegadeyuco.com\/wp-content\/uploads\/2022\/02\/Vega_de_Yuco_seco-min.pdf\" target=\"_blank\" rel=\"noopener\">Espa\u00f1ol<\/a> <a href=\"https:\/\/www.vegadeyuco.com\/wp-content\/uploads\/2025\/05\/Vega-de-Yuco-Dry-ENG.pdf\" target=\"_blank\" rel=\"noopener\">English<\/a><\/p>\n","protected":false},"featured_media":22121,"template":"","meta":[],"product_brand":[],"product_cat":[370,375,372],"product_tag":[],"class_list":{"0":"post-27647","1":"product","2":"type-product","3":"status-publish","4":"has-post-thumbnail","6":"product_cat-can","7":"product_cat-vega-de-yuco","8":"product_cat-weiswein-trocken","9":"product_shipping_class-nur-kanarische-inseln","11":"first","12":"instock","13":"shipping-taxable","14":"purchasable","15":"product-type-simple"},"yoast_head":"<!-- This site is optimized with the Yoast SEO plugin v26.8 - https:\/\/yoast.com\/product\/yoast-seo-wordpress\/ -->\n<title>Vega de Yuco Trocken &#8226; Vega de Yuco<\/title>\n<meta name=\"description\" content=\"Vega de Yuco entsteht aus der klassischsten Malvas\u00eda-Traube, die aus ausgew\u00e4hlten Parzellen in den w\u00e4rmsten Gebieten stammt, wo der Reifegrad am h\u00f6chsten ist.\" \/>\n<meta name=\"robots\" content=\"index, follow, max-snippet:-1, max-image-preview:large, max-video-preview:-1\" \/>\n<link rel=\"canonical\" href=\"https:\/\/www.vegadeyuco.com\/de\/producto\/vega-de-yuco-trocken\/\" \/>\n<meta property=\"og:locale\" content=\"de_DE\" \/>\n<meta property=\"og:type\" content=\"article\" \/>\n<meta property=\"og:title\" content=\"Vega de Yuco Trocken &#8226; Vega de Yuco\" \/>\n<meta property=\"og:description\" content=\"Vega de Yuco entsteht aus der klassischsten Malvas\u00eda-Traube, die aus ausgew\u00e4hlten Parzellen in den w\u00e4rmsten Gebieten stammt, wo der Reifegrad am h\u00f6chsten ist.\" \/>\n<meta property=\"og:url\" content=\"https:\/\/www.vegadeyuco.com\/de\/producto\/vega-de-yuco-trocken\/\" \/>\n<meta property=\"og:site_name\" content=\"Vega de Yuco\" \/>\n<meta property=\"article:publisher\" content=\"https:\/\/www.facebook.com\/vegadeyuco\" \/>\n<meta property=\"og:image\" content=\"https:\/\/www.vegadeyuco.com\/wp-content\/uploads\/2018\/11\/V-Yuco-seco.png\" \/>\n\t<meta property=\"og:image:width\" content=\"1000\" \/>\n\t<meta property=\"og:image:height\" content=\"1000\" \/>\n\t<meta property=\"og:image:type\" content=\"image\/png\" \/>\n<meta name=\"twitter:card\" content=\"summary_large_image\" \/>\n<meta name=\"twitter:label1\" content=\"Gesch\u00e4tzte Lesezeit\" \/>\n\t<meta name=\"twitter:data1\" content=\"1\u00a0Minute\" \/>\n<script type=\"application\/ld+json\" class=\"yoast-schema-graph\">{\"@context\":\"https:\/\/schema.org\",\"@graph\":[{\"@type\":\"WebPage\",\"@id\":\"https:\/\/www.vegadeyuco.com\/de\/producto\/vega-de-yuco-trocken\/\",\"url\":\"https:\/\/www.vegadeyuco.com\/de\/producto\/vega-de-yuco-trocken\/\",\"name\":\"Vega de Yuco Trocken &#8226; Vega de Yuco\",\"isPartOf\":{\"@id\":\"https:\/\/www.vegadeyuco.com\/de\/#website\"},\"primaryImageOfPage\":{\"@id\":\"https:\/\/www.vegadeyuco.com\/de\/producto\/vega-de-yuco-trocken\/#primaryimage\"},\"image\":{\"@id\":\"https:\/\/www.vegadeyuco.com\/de\/producto\/vega-de-yuco-trocken\/#primaryimage\"},\"thumbnailUrl\":\"https:\/\/www.vegadeyuco.com\/wp-content\/uploads\/2018\/11\/V-Yuco-seco.png\",\"datePublished\":\"2025-05-19T18:26:16+00:00\",\"description\":\"Vega de Yuco entsteht aus der klassischsten Malvas\u00eda-Traube, die aus ausgew\u00e4hlten Parzellen in den w\u00e4rmsten Gebieten stammt, wo der Reifegrad am h\u00f6chsten ist.\",\"breadcrumb\":{\"@id\":\"https:\/\/www.vegadeyuco.com\/de\/producto\/vega-de-yuco-trocken\/#breadcrumb\"},\"inLanguage\":\"de\",\"potentialAction\":[{\"@type\":\"ReadAction\",\"target\":[\"https:\/\/www.vegadeyuco.com\/de\/producto\/vega-de-yuco-trocken\/\"]}]},{\"@type\":\"ImageObject\",\"inLanguage\":\"de\",\"@id\":\"https:\/\/www.vegadeyuco.com\/de\/producto\/vega-de-yuco-trocken\/#primaryimage\",\"url\":\"https:\/\/www.vegadeyuco.com\/wp-content\/uploads\/2018\/11\/V-Yuco-seco.png\",\"contentUrl\":\"https:\/\/www.vegadeyuco.com\/wp-content\/uploads\/2018\/11\/V-Yuco-seco.png\",\"width\":1000,\"height\":1000},{\"@type\":\"BreadcrumbList\",\"@id\":\"https:\/\/www.vegadeyuco.com\/de\/producto\/vega-de-yuco-trocken\/#breadcrumb\",\"itemListElement\":[{\"@type\":\"ListItem\",\"position\":1,\"name\":\"Portada\",\"item\":\"https:\/\/www.vegadeyuco.com\/de\/vega-de-yuco-weinkellerei-auf-lanzarote\/\"},{\"@type\":\"ListItem\",\"position\":2,\"name\":\"Shop\",\"item\":\"https:\/\/www.vegadeyuco.com\/de\/shop\/\"},{\"@type\":\"ListItem\",\"position\":3,\"name\":\"Vega de Yuco Trocken\"}]},{\"@type\":\"WebSite\",\"@id\":\"https:\/\/www.vegadeyuco.com\/de\/#website\",\"url\":\"https:\/\/www.vegadeyuco.com\/de\/\",\"name\":\"Vega de Yuco\",\"description\":\"Bodegas y Vi\u00f1edos Vega de Yuco en Lanzarote, una bodega tradicional Canaria que destila autenticidad e innovaci\u00f3n. \",\"publisher\":{\"@id\":\"https:\/\/www.vegadeyuco.com\/de\/#organization\"},\"potentialAction\":[{\"@type\":\"SearchAction\",\"target\":{\"@type\":\"EntryPoint\",\"urlTemplate\":\"https:\/\/www.vegadeyuco.com\/de\/?s={search_term_string}\"},\"query-input\":{\"@type\":\"PropertyValueSpecification\",\"valueRequired\":true,\"valueName\":\"search_term_string\"}}],\"inLanguage\":\"de\"},{\"@type\":\"Organization\",\"@id\":\"https:\/\/www.vegadeyuco.com\/de\/#organization\",\"name\":\"Bodegas Vega de Yuco\",\"url\":\"https:\/\/www.vegadeyuco.com\/de\/\",\"logo\":{\"@type\":\"ImageObject\",\"inLanguage\":\"de\",\"@id\":\"https:\/\/www.vegadeyuco.com\/de\/#\/schema\/logo\/image\/\",\"url\":\"https:\/\/www.vegadeyuco.com\/wp-content\/uploads\/2020\/01\/LOGO_VEGADEYUCO_cabecera_pedidos.png\",\"contentUrl\":\"https:\/\/www.vegadeyuco.com\/wp-content\/uploads\/2020\/01\/LOGO_VEGADEYUCO_cabecera_pedidos.png\",\"width\":250,\"height\":150,\"caption\":\"Bodegas Vega de Yuco\"},\"image\":{\"@id\":\"https:\/\/www.vegadeyuco.com\/de\/#\/schema\/logo\/image\/\"},\"sameAs\":[\"https:\/\/www.facebook.com\/vegadeyuco\",\"https:\/\/www.instagram.com\/vegadeyuco\/\",\"https:\/\/www.youtube.com\/channel\/UCmDMkmxMCvbSXTLTAs3DM7A\"]}]}<\/script>\n<!-- \/ Yoast SEO plugin. -->","yoast_head_json":{"title":"Vega de Yuco Trocken &#8226; Vega de Yuco","description":"Vega de Yuco entsteht aus der klassischsten Malvas\u00eda-Traube, die aus ausgew\u00e4hlten Parzellen in den w\u00e4rmsten Gebieten stammt, wo der Reifegrad am h\u00f6chsten ist.","robots":{"index":"index","follow":"follow","max-snippet":"max-snippet:-1","max-image-preview":"max-image-preview:large","max-video-preview":"max-video-preview:-1"},"canonical":"https:\/\/www.vegadeyuco.com\/de\/producto\/vega-de-yuco-trocken\/","og_locale":"de_DE","og_type":"article","og_title":"Vega de Yuco Trocken &#8226; Vega de Yuco","og_description":"Vega de Yuco entsteht aus der klassischsten Malvas\u00eda-Traube, die aus ausgew\u00e4hlten Parzellen in den w\u00e4rmsten Gebieten stammt, wo der Reifegrad am h\u00f6chsten ist.","og_url":"https:\/\/www.vegadeyuco.com\/de\/producto\/vega-de-yuco-trocken\/","og_site_name":"Vega de Yuco","article_publisher":"https:\/\/www.facebook.com\/vegadeyuco","og_image":[{"width":1000,"height":1000,"url":"https:\/\/www.vegadeyuco.com\/wp-content\/uploads\/2018\/11\/V-Yuco-seco.png","type":"image\/png"}],"twitter_card":"summary_large_image","twitter_misc":{"Gesch\u00e4tzte Lesezeit":"1\u00a0Minute"},"schema":{"@context":"https:\/\/schema.org","@graph":[{"@type":"WebPage","@id":"https:\/\/www.vegadeyuco.com\/de\/producto\/vega-de-yuco-trocken\/","url":"https:\/\/www.vegadeyuco.com\/de\/producto\/vega-de-yuco-trocken\/","name":"Vega de Yuco Trocken &#8226; Vega de Yuco","isPartOf":{"@id":"https:\/\/www.vegadeyuco.com\/de\/#website"},"primaryImageOfPage":{"@id":"https:\/\/www.vegadeyuco.com\/de\/producto\/vega-de-yuco-trocken\/#primaryimage"},"image":{"@id":"https:\/\/www.vegadeyuco.com\/de\/producto\/vega-de-yuco-trocken\/#primaryimage"},"thumbnailUrl":"https:\/\/www.vegadeyuco.com\/wp-content\/uploads\/2018\/11\/V-Yuco-seco.png","datePublished":"2025-05-19T18:26:16+00:00","description":"Vega de Yuco entsteht aus der klassischsten Malvas\u00eda-Traube, die aus ausgew\u00e4hlten Parzellen in den w\u00e4rmsten Gebieten stammt, wo der Reifegrad am h\u00f6chsten ist.","breadcrumb":{"@id":"https:\/\/www.vegadeyuco.com\/de\/producto\/vega-de-yuco-trocken\/#breadcrumb"},"inLanguage":"de","potentialAction":[{"@type":"ReadAction","target":["https:\/\/www.vegadeyuco.com\/de\/producto\/vega-de-yuco-trocken\/"]}]},{"@type":"ImageObject","inLanguage":"de","@id":"https:\/\/www.vegadeyuco.com\/de\/producto\/vega-de-yuco-trocken\/#primaryimage","url":"https:\/\/www.vegadeyuco.com\/wp-content\/uploads\/2018\/11\/V-Yuco-seco.png","contentUrl":"https:\/\/www.vegadeyuco.com\/wp-content\/uploads\/2018\/11\/V-Yuco-seco.png","width":1000,"height":1000},{"@type":"BreadcrumbList","@id":"https:\/\/www.vegadeyuco.com\/de\/producto\/vega-de-yuco-trocken\/#breadcrumb","itemListElement":[{"@type":"ListItem","position":1,"name":"Portada","item":"https:\/\/www.vegadeyuco.com\/de\/vega-de-yuco-weinkellerei-auf-lanzarote\/"},{"@type":"ListItem","position":2,"name":"Shop","item":"https:\/\/www.vegadeyuco.com\/de\/shop\/"},{"@type":"ListItem","position":3,"name":"Vega de Yuco Trocken"}]},{"@type":"WebSite","@id":"https:\/\/www.vegadeyuco.com\/de\/#website","url":"https:\/\/www.vegadeyuco.com\/de\/","name":"Vega de Yuco","description":"Bodegas y Vi\u00f1edos Vega de Yuco en Lanzarote, una bodega tradicional Canaria que destila autenticidad e innovaci\u00f3n. ","publisher":{"@id":"https:\/\/www.vegadeyuco.com\/de\/#organization"},"potentialAction":[{"@type":"SearchAction","target":{"@type":"EntryPoint","urlTemplate":"https:\/\/www.vegadeyuco.com\/de\/?s={search_term_string}"},"query-input":{"@type":"PropertyValueSpecification","valueRequired":true,"valueName":"search_term_string"}}],"inLanguage":"de"},{"@type":"Organization","@id":"https:\/\/www.vegadeyuco.com\/de\/#organization","name":"Bodegas Vega de Yuco","url":"https:\/\/www.vegadeyuco.com\/de\/","logo":{"@type":"ImageObject","inLanguage":"de","@id":"https:\/\/www.vegadeyuco.com\/de\/#\/schema\/logo\/image\/","url":"https:\/\/www.vegadeyuco.com\/wp-content\/uploads\/2020\/01\/LOGO_VEGADEYUCO_cabecera_pedidos.png","contentUrl":"https:\/\/www.vegadeyuco.com\/wp-content\/uploads\/2020\/01\/LOGO_VEGADEYUCO_cabecera_pedidos.png","width":250,"height":150,"caption":"Bodegas Vega de Yuco"},"image":{"@id":"https:\/\/www.vegadeyuco.com\/de\/#\/schema\/logo\/image\/"},"sameAs":["https:\/\/www.facebook.com\/vegadeyuco","https:\/\/www.instagram.com\/vegadeyuco\/","https:\/\/www.youtube.com\/channel\/UCmDMkmxMCvbSXTLTAs3DM7A"]}]}},"post_mailing_queue_ids":[],"_links":{"self":[{"href":"https:\/\/www.vegadeyuco.com\/de\/wp-json\/wp\/v2\/product\/27647","targetHints":{"allow":["GET"]}}],"collection":[{"href":"https:\/\/www.vegadeyuco.com\/de\/wp-json\/wp\/v2\/product"}],"about":[{"href":"https:\/\/www.vegadeyuco.com\/de\/wp-json\/wp\/v2\/types\/product"}],"version-history":[{"count":0,"href":"https:\/\/www.vegadeyuco.com\/de\/wp-json\/wp\/v2\/product\/27647\/revisions"}],"wp:featuredmedia":[{"embeddable":true,"href":"https:\/\/www.vegadeyuco.com\/de\/wp-json\/wp\/v2\/media\/22121"}],"wp:attachment":[{"href":"https:\/\/www.vegadeyuco.com\/de\/wp-json\/wp\/v2\/media?parent=27647"}],"wp:term":[{"taxonomy":"product_brand","embeddable":true,"href":"https:\/\/www.vegadeyuco.com\/de\/wp-json\/wp\/v2\/product_brand?post=27647"},{"taxonomy":"product_cat","embeddable":true,"href":"https:\/\/www.vegadeyuco.com\/de\/wp-json\/wp\/v2\/product_cat?post=27647"},{"taxonomy":"product_tag","embeddable":true,"href":"https:\/\/www.vegadeyuco.com\/de\/wp-json\/wp\/v2\/product_tag?post=27647"}],"curies":[{"name":"wp","href":"https:\/\/api.w.org\/{rel}","templated":true}]}}