{"id":27653,"date":"2025-05-19T11:27:05","date_gmt":"2025-05-19T10:27:05","guid":{"rendered":"https:\/\/www.vegadeyuco.com\/producto\/princesa-ico-halb-suess-2\/"},"modified":"2025-05-19T11:27:05","modified_gmt":"2025-05-19T10:27:05","slug":"princesa-ico-halb-suess-2","status":"publish","type":"product","link":"https:\/\/www.vegadeyuco.com\/de\/producto\/princesa-ico-halb-suess-2\/","title":{"rendered":"Princesa Ico Halb-s\u00fc\u00df"},"content":{"rendered":"<div class=\"woocommerce-product-details__short-description\">\n<p>Entstanden aus einer Mischung unserer besten Rebsorten, hergestellt mit einer traditionellen Presse.<\/p>\n<p><strong>Rebsorten<\/strong>: 85 % Malvas\u00eda volc\u00e1nica, 10 % Moscatel, 5 % Diego.<\/p>\n<p>Typologie: Halbs\u00fc\u00dfer Wei\u00dfwein.<\/p>\n<p>Alkoholgehalt: 12 % vol.<\/p>\n<p><strong>Herstellung<\/strong>: Die Trauben werden sorgf\u00e4ltig ausgew\u00e4hlt, wobei nur solche gepresst werden, die einen einwandfreien Gesundheitszustand und einen perfekten Reifegrad aufweisen. Durch schonendes Abtropfen und Pressen wird der Most gewonnen, der nach der Reinigung langsam bei etwa 15 \u00b0C g\u00e4rt. Wenn noch etwa 20 g Zucker \u00fcbrig sind, wird die G\u00e4rung durch Abk\u00fchlen auf eine Temperatur von 0 \u00b0C unterbrochen und anschlie\u00dfend eine Mikrofiltration durchgef\u00fchrt, um die Stabilisierung zu gew\u00e4hrleisten. <\/p>\n<p><strong>Organoleptische Eigenschaften<\/strong>: Blasse strohgelbe Farbe, transparent und gl\u00e4nzend. Intensives, offenes und reines Aroma mit Noten von Blumen, tropischen Fr\u00fcchten und Vanille. Intensiv am Gaumen mit einem Gleichgewicht zwischen S\u00e4ure und S\u00fc\u00dfe und einem ausgepr\u00e4gten Nachgeschmack.  <\/p>\n<p><strong>Auszeichnungen<\/strong>: 2015 \u2013 Alh\u00f3ndiga de Plata beim XXIX. Regionalen Wettbewerb f\u00fcr Flaschenweine der Kanarischen Inseln Alh\u00f3ndiga, in der Kategorie halbs\u00fc\u00dfe Wei\u00dfweine<\/p>\n<p><em>* Allergene: Enth\u00e4lt Sulfite.<\/em><\/p>\n<p>&nbsp;<\/p>\n<p>&nbsp;<\/p>\n<hr>\n<p>&nbsp;<\/p>\n<p><strong>Weinbegleitung<\/strong><\/p>\n<p>Er verf\u00fcgt \u00fcber eine ausgezeichnete Balance zwischen S\u00fc\u00dfe und S\u00e4ure und passt ideal zu Foie gras, Gerichten mit s\u00fc\u00df-sauren So\u00dfen und Currys, Fisch und einigen Desserts mit s\u00fc\u00dfem Geschmack.<\/p>\n<\/div>\n","protected":false},"excerpt":{"rendered":"<p>Entstanden aus einer Mischung unserer besten Rebsorten, hergestellt mit einer traditionellen Presse. <\/p>\n<p>Siehe Verkostungsnotiz<\/p>\n<p><a href=\"https:\/\/www.vegadeyuco.com\/wp-content\/uploads\/2022\/02\/Princesa_Ico-min.pdf\" target=\"_blank\" rel=\"noopener\">Espa\u00f1ol<\/a> <a href=\"https:\/\/www.vegadeyuco.com\/wp-content\/uploads\/2025\/05\/Princesa-ICO-semisweet-ENG.pdf\" target=\"_blank\" rel=\"noopener\">English<\/a><\/p>\n<p>&nbsp;<\/p>\n","protected":false},"featured_media":22120,"template":"","meta":[],"product_brand":[],"product_cat":[370,375,366],"product_tag":[],"class_list":{"0":"post-27653","1":"product","2":"type-product","3":"status-publish","4":"has-post-thumbnail","6":"product_cat-can","7":"product_cat-vega-de-yuco","8":"product_cat-weis-halbtrocken","9":"product_shipping_class-nur-kanarische-inseln","11":"first","12":"instock","13":"shipping-taxable","14":"purchasable","15":"product-type-simple"},"yoast_head":"<!-- This site is optimized with the Yoast SEO plugin v26.8 - https:\/\/yoast.com\/product\/yoast-seo-wordpress\/ -->\n<title>Princesa Ico Halb-s\u00fc\u00df &#8226; Vega de Yuco<\/title>\n<meta name=\"description\" content=\"Princesa Ico Semidulce ist ein Wein aus Lanzarote, der aus einer Mischung unserer besten Rebsorten unter Verwendung traditioneller Pressverfahren hergestellt wird.\" \/>\n<meta name=\"robots\" content=\"index, follow, max-snippet:-1, max-image-preview:large, max-video-preview:-1\" \/>\n<link rel=\"canonical\" href=\"https:\/\/www.vegadeyuco.com\/de\/producto\/princesa-ico-halb-suess-2\/\" \/>\n<meta property=\"og:locale\" content=\"de_DE\" \/>\n<meta property=\"og:type\" content=\"article\" \/>\n<meta property=\"og:title\" content=\"Princesa Ico Halb-s\u00fc\u00df &#8226; Vega de Yuco\" \/>\n<meta property=\"og:description\" content=\"Princesa Ico Semidulce ist ein Wein aus Lanzarote, der aus einer Mischung unserer besten Rebsorten unter Verwendung traditioneller Pressverfahren hergestellt wird.\" \/>\n<meta property=\"og:url\" content=\"https:\/\/www.vegadeyuco.com\/de\/producto\/princesa-ico-halb-suess-2\/\" \/>\n<meta property=\"og:site_name\" content=\"Vega de Yuco\" \/>\n<meta property=\"article:publisher\" content=\"https:\/\/www.facebook.com\/vegadeyuco\" \/>\n<meta property=\"og:image\" content=\"https:\/\/www.vegadeyuco.com\/wp-content\/uploads\/2018\/11\/Ico-semidulce-2.png\" \/>\n\t<meta property=\"og:image:width\" content=\"1000\" \/>\n\t<meta property=\"og:image:height\" content=\"1000\" \/>\n\t<meta property=\"og:image:type\" content=\"image\/png\" \/>\n<meta name=\"twitter:card\" content=\"summary_large_image\" \/>\n<meta name=\"twitter:label1\" content=\"Gesch\u00e4tzte Lesezeit\" \/>\n\t<meta name=\"twitter:data1\" content=\"1\u00a0Minute\" \/>\n<script type=\"application\/ld+json\" class=\"yoast-schema-graph\">{\"@context\":\"https:\/\/schema.org\",\"@graph\":[{\"@type\":\"WebPage\",\"@id\":\"https:\/\/www.vegadeyuco.com\/de\/producto\/princesa-ico-halb-suess-2\/\",\"url\":\"https:\/\/www.vegadeyuco.com\/de\/producto\/princesa-ico-halb-suess-2\/\",\"name\":\"Princesa Ico Halb-s\u00fc\u00df &#8226; Vega de Yuco\",\"isPartOf\":{\"@id\":\"https:\/\/www.vegadeyuco.com\/de\/#website\"},\"primaryImageOfPage\":{\"@id\":\"https:\/\/www.vegadeyuco.com\/de\/producto\/princesa-ico-halb-suess-2\/#primaryimage\"},\"image\":{\"@id\":\"https:\/\/www.vegadeyuco.com\/de\/producto\/princesa-ico-halb-suess-2\/#primaryimage\"},\"thumbnailUrl\":\"https:\/\/www.vegadeyuco.com\/wp-content\/uploads\/2018\/11\/Ico-semidulce-2.png\",\"datePublished\":\"2025-05-19T10:27:05+00:00\",\"description\":\"Princesa Ico Semidulce ist ein Wein aus Lanzarote, der aus einer Mischung unserer besten Rebsorten unter Verwendung traditioneller Pressverfahren hergestellt wird.\",\"breadcrumb\":{\"@id\":\"https:\/\/www.vegadeyuco.com\/de\/producto\/princesa-ico-halb-suess-2\/#breadcrumb\"},\"inLanguage\":\"de\",\"potentialAction\":[{\"@type\":\"ReadAction\",\"target\":[\"https:\/\/www.vegadeyuco.com\/de\/producto\/princesa-ico-halb-suess-2\/\"]}]},{\"@type\":\"ImageObject\",\"inLanguage\":\"de\",\"@id\":\"https:\/\/www.vegadeyuco.com\/de\/producto\/princesa-ico-halb-suess-2\/#primaryimage\",\"url\":\"https:\/\/www.vegadeyuco.com\/wp-content\/uploads\/2018\/11\/Ico-semidulce-2.png\",\"contentUrl\":\"https:\/\/www.vegadeyuco.com\/wp-content\/uploads\/2018\/11\/Ico-semidulce-2.png\",\"width\":1000,\"height\":1000},{\"@type\":\"BreadcrumbList\",\"@id\":\"https:\/\/www.vegadeyuco.com\/de\/producto\/princesa-ico-halb-suess-2\/#breadcrumb\",\"itemListElement\":[{\"@type\":\"ListItem\",\"position\":1,\"name\":\"Portada\",\"item\":\"https:\/\/www.vegadeyuco.com\/de\/vega-de-yuco-weinkellerei-auf-lanzarote\/\"},{\"@type\":\"ListItem\",\"position\":2,\"name\":\"Shop\",\"item\":\"https:\/\/www.vegadeyuco.com\/de\/shop\/\"},{\"@type\":\"ListItem\",\"position\":3,\"name\":\"Princesa Ico Halb-s\u00fc\u00df\"}]},{\"@type\":\"WebSite\",\"@id\":\"https:\/\/www.vegadeyuco.com\/de\/#website\",\"url\":\"https:\/\/www.vegadeyuco.com\/de\/\",\"name\":\"Vega de Yuco\",\"description\":\"Bodegas y Vi\u00f1edos Vega de Yuco en Lanzarote, una bodega tradicional Canaria que destila autenticidad e innovaci\u00f3n. \",\"publisher\":{\"@id\":\"https:\/\/www.vegadeyuco.com\/de\/#organization\"},\"potentialAction\":[{\"@type\":\"SearchAction\",\"target\":{\"@type\":\"EntryPoint\",\"urlTemplate\":\"https:\/\/www.vegadeyuco.com\/de\/?s={search_term_string}\"},\"query-input\":{\"@type\":\"PropertyValueSpecification\",\"valueRequired\":true,\"valueName\":\"search_term_string\"}}],\"inLanguage\":\"de\"},{\"@type\":\"Organization\",\"@id\":\"https:\/\/www.vegadeyuco.com\/de\/#organization\",\"name\":\"Bodegas Vega de Yuco\",\"url\":\"https:\/\/www.vegadeyuco.com\/de\/\",\"logo\":{\"@type\":\"ImageObject\",\"inLanguage\":\"de\",\"@id\":\"https:\/\/www.vegadeyuco.com\/de\/#\/schema\/logo\/image\/\",\"url\":\"https:\/\/www.vegadeyuco.com\/wp-content\/uploads\/2020\/01\/LOGO_VEGADEYUCO_cabecera_pedidos.png\",\"contentUrl\":\"https:\/\/www.vegadeyuco.com\/wp-content\/uploads\/2020\/01\/LOGO_VEGADEYUCO_cabecera_pedidos.png\",\"width\":250,\"height\":150,\"caption\":\"Bodegas Vega de Yuco\"},\"image\":{\"@id\":\"https:\/\/www.vegadeyuco.com\/de\/#\/schema\/logo\/image\/\"},\"sameAs\":[\"https:\/\/www.facebook.com\/vegadeyuco\",\"https:\/\/www.instagram.com\/vegadeyuco\/\",\"https:\/\/www.youtube.com\/channel\/UCmDMkmxMCvbSXTLTAs3DM7A\"]}]}<\/script>\n<!-- \/ Yoast SEO plugin. -->","yoast_head_json":{"title":"Princesa Ico Halb-s\u00fc\u00df &#8226; Vega de Yuco","description":"Princesa Ico Semidulce ist ein Wein aus Lanzarote, der aus einer Mischung unserer besten Rebsorten unter Verwendung traditioneller Pressverfahren hergestellt wird.","robots":{"index":"index","follow":"follow","max-snippet":"max-snippet:-1","max-image-preview":"max-image-preview:large","max-video-preview":"max-video-preview:-1"},"canonical":"https:\/\/www.vegadeyuco.com\/de\/producto\/princesa-ico-halb-suess-2\/","og_locale":"de_DE","og_type":"article","og_title":"Princesa Ico Halb-s\u00fc\u00df &#8226; Vega de Yuco","og_description":"Princesa Ico Semidulce ist ein Wein aus Lanzarote, der aus einer Mischung unserer besten Rebsorten unter Verwendung traditioneller Pressverfahren hergestellt wird.","og_url":"https:\/\/www.vegadeyuco.com\/de\/producto\/princesa-ico-halb-suess-2\/","og_site_name":"Vega de Yuco","article_publisher":"https:\/\/www.facebook.com\/vegadeyuco","og_image":[{"width":1000,"height":1000,"url":"https:\/\/www.vegadeyuco.com\/wp-content\/uploads\/2018\/11\/Ico-semidulce-2.png","type":"image\/png"}],"twitter_card":"summary_large_image","twitter_misc":{"Gesch\u00e4tzte Lesezeit":"1\u00a0Minute"},"schema":{"@context":"https:\/\/schema.org","@graph":[{"@type":"WebPage","@id":"https:\/\/www.vegadeyuco.com\/de\/producto\/princesa-ico-halb-suess-2\/","url":"https:\/\/www.vegadeyuco.com\/de\/producto\/princesa-ico-halb-suess-2\/","name":"Princesa Ico Halb-s\u00fc\u00df &#8226; Vega de Yuco","isPartOf":{"@id":"https:\/\/www.vegadeyuco.com\/de\/#website"},"primaryImageOfPage":{"@id":"https:\/\/www.vegadeyuco.com\/de\/producto\/princesa-ico-halb-suess-2\/#primaryimage"},"image":{"@id":"https:\/\/www.vegadeyuco.com\/de\/producto\/princesa-ico-halb-suess-2\/#primaryimage"},"thumbnailUrl":"https:\/\/www.vegadeyuco.com\/wp-content\/uploads\/2018\/11\/Ico-semidulce-2.png","datePublished":"2025-05-19T10:27:05+00:00","description":"Princesa Ico Semidulce ist ein Wein aus Lanzarote, der aus einer Mischung unserer besten Rebsorten unter Verwendung traditioneller Pressverfahren hergestellt wird.","breadcrumb":{"@id":"https:\/\/www.vegadeyuco.com\/de\/producto\/princesa-ico-halb-suess-2\/#breadcrumb"},"inLanguage":"de","potentialAction":[{"@type":"ReadAction","target":["https:\/\/www.vegadeyuco.com\/de\/producto\/princesa-ico-halb-suess-2\/"]}]},{"@type":"ImageObject","inLanguage":"de","@id":"https:\/\/www.vegadeyuco.com\/de\/producto\/princesa-ico-halb-suess-2\/#primaryimage","url":"https:\/\/www.vegadeyuco.com\/wp-content\/uploads\/2018\/11\/Ico-semidulce-2.png","contentUrl":"https:\/\/www.vegadeyuco.com\/wp-content\/uploads\/2018\/11\/Ico-semidulce-2.png","width":1000,"height":1000},{"@type":"BreadcrumbList","@id":"https:\/\/www.vegadeyuco.com\/de\/producto\/princesa-ico-halb-suess-2\/#breadcrumb","itemListElement":[{"@type":"ListItem","position":1,"name":"Portada","item":"https:\/\/www.vegadeyuco.com\/de\/vega-de-yuco-weinkellerei-auf-lanzarote\/"},{"@type":"ListItem","position":2,"name":"Shop","item":"https:\/\/www.vegadeyuco.com\/de\/shop\/"},{"@type":"ListItem","position":3,"name":"Princesa Ico Halb-s\u00fc\u00df"}]},{"@type":"WebSite","@id":"https:\/\/www.vegadeyuco.com\/de\/#website","url":"https:\/\/www.vegadeyuco.com\/de\/","name":"Vega de Yuco","description":"Bodegas y Vi\u00f1edos Vega de Yuco en Lanzarote, una bodega tradicional Canaria que destila autenticidad e innovaci\u00f3n. ","publisher":{"@id":"https:\/\/www.vegadeyuco.com\/de\/#organization"},"potentialAction":[{"@type":"SearchAction","target":{"@type":"EntryPoint","urlTemplate":"https:\/\/www.vegadeyuco.com\/de\/?s={search_term_string}"},"query-input":{"@type":"PropertyValueSpecification","valueRequired":true,"valueName":"search_term_string"}}],"inLanguage":"de"},{"@type":"Organization","@id":"https:\/\/www.vegadeyuco.com\/de\/#organization","name":"Bodegas Vega de Yuco","url":"https:\/\/www.vegadeyuco.com\/de\/","logo":{"@type":"ImageObject","inLanguage":"de","@id":"https:\/\/www.vegadeyuco.com\/de\/#\/schema\/logo\/image\/","url":"https:\/\/www.vegadeyuco.com\/wp-content\/uploads\/2020\/01\/LOGO_VEGADEYUCO_cabecera_pedidos.png","contentUrl":"https:\/\/www.vegadeyuco.com\/wp-content\/uploads\/2020\/01\/LOGO_VEGADEYUCO_cabecera_pedidos.png","width":250,"height":150,"caption":"Bodegas Vega de Yuco"},"image":{"@id":"https:\/\/www.vegadeyuco.com\/de\/#\/schema\/logo\/image\/"},"sameAs":["https:\/\/www.facebook.com\/vegadeyuco","https:\/\/www.instagram.com\/vegadeyuco\/","https:\/\/www.youtube.com\/channel\/UCmDMkmxMCvbSXTLTAs3DM7A"]}]}},"post_mailing_queue_ids":[],"_links":{"self":[{"href":"https:\/\/www.vegadeyuco.com\/de\/wp-json\/wp\/v2\/product\/27653","targetHints":{"allow":["GET"]}}],"collection":[{"href":"https:\/\/www.vegadeyuco.com\/de\/wp-json\/wp\/v2\/product"}],"about":[{"href":"https:\/\/www.vegadeyuco.com\/de\/wp-json\/wp\/v2\/types\/product"}],"version-history":[{"count":0,"href":"https:\/\/www.vegadeyuco.com\/de\/wp-json\/wp\/v2\/product\/27653\/revisions"}],"wp:featuredmedia":[{"embeddable":true,"href":"https:\/\/www.vegadeyuco.com\/de\/wp-json\/wp\/v2\/media\/22120"}],"wp:attachment":[{"href":"https:\/\/www.vegadeyuco.com\/de\/wp-json\/wp\/v2\/media?parent=27653"}],"wp:term":[{"taxonomy":"product_brand","embeddable":true,"href":"https:\/\/www.vegadeyuco.com\/de\/wp-json\/wp\/v2\/product_brand?post=27653"},{"taxonomy":"product_cat","embeddable":true,"href":"https:\/\/www.vegadeyuco.com\/de\/wp-json\/wp\/v2\/product_cat?post=27653"},{"taxonomy":"product_tag","embeddable":true,"href":"https:\/\/www.vegadeyuco.com\/de\/wp-json\/wp\/v2\/product_tag?post=27653"}],"curies":[{"name":"wp","href":"https:\/\/api.w.org\/{rel}","templated":true}]}}