{"id":27657,"date":"2025-05-18T20:00:53","date_gmt":"2025-05-18T19:00:53","guid":{"rendered":"https:\/\/www.vegadeyuco.com\/producto\/riscos-de-famara-rotwein\/"},"modified":"2025-05-18T20:00:53","modified_gmt":"2025-05-18T19:00:53","slug":"riscos-de-famara-rotwein","status":"publish","type":"product","link":"https:\/\/www.vegadeyuco.com\/de\/producto\/riscos-de-famara-rotwein\/","title":{"rendered":"Riscos de Famara Rotwein"},"content":{"rendered":"<div class=\"woocommerce-product-details__short-description\">\n<p>Famara tinto ist der klassischste Ausdruck unseres List\u00e1n Negro, der so lange im Weinkeller reift, bis ein lieblicher und authentischer Wein entsteht. Er wird auf traditionelle Weise hergestellt, indem die Trauben 6-7 Tage lang mit ihren Schalen mazeriert werden. So erhalten wir eine intensive Farbe und einen klassischen Wein aus Lanzarote. <\/p>\n<p><span style=\"color: #0252a2;\">Farbe<\/span><br \/>\nEs handelt sich um einen Wein von mittlerer bis hoher Farbtiefe mit granatroten Nuancen.<\/p>\n<p><span style=\"color: #0252a2;\">Nase<\/span><br \/>\nReife Aromen, Kompottfr\u00fcchte, leichte R\u00f6stnoten, der sortentypische Charakter des List\u00e1n Negro dominiert.<\/p>\n<p><span style=\"color: #0252a2;\">Gaumen<\/span><br \/>\nAm Gaumen zeigt er sich dicht, fleischig und mit angenehmen Reifet\u00f6nen.<\/p>\n<p>Famara tinto passt perfekt zu Nudelgerichten mit traditionellen So\u00dfen, wei\u00dfem Fleisch und gereiftem K\u00e4se.<\/p>\n<\/div>\n<p><em>* Allergene: Enth\u00e4lt Sulfite.<\/em><\/p>\n<p>&nbsp;<\/p>\n<hr>\n<p>&nbsp;<\/p>\n<p><strong>Weinbegleitung<\/strong><\/p>\n<p>Nudelgerichte mit traditionellen So\u00dfen, wei\u00dfem Fleisch und gereiftem K\u00e4se.<\/p>\n","protected":false},"excerpt":{"rendered":"<p>Famara tinto ist der klassischste Ausdruck unseres List\u00e1n Negro, der so lange im Weinkeller reift, bis ein lieblicher und authentischer Wein entsteht. Er wird auf traditionelle Weise hergestellt, indem die Trauben 6-7 Tage lang mit ihren Schalen mazeriert werden. So erhalten wir eine intensive Farbe und einen klassischen Wein aus Lanzarote. <\/p>\n<p><em><strong>Nur f\u00fcr die Kanarischen Inseln verf\u00fcgbar<\/strong><\/em><\/p>\n<p><a href=\"https:\/\/www.vegadeyuco.com\/wp-content\/uploads\/2022\/02\/Riscos_de_Famara_tinto-min.pdf\" target=\"_blank\" rel=\"noopener\">Siehe Verkostungsnotiz<\/a><\/p>\n","protected":false},"featured_media":27656,"template":"","meta":[],"product_brand":[],"product_cat":[376,370,373],"product_tag":[],"class_list":{"0":"post-27657","1":"product","2":"type-product","3":"status-publish","4":"has-post-thumbnail","6":"product_cat-famara","7":"product_cat-can","8":"product_cat-rotwein","9":"product_shipping_class-nur-kanarische-inseln","11":"first","12":"outofstock","13":"shipping-taxable","14":"purchasable","15":"product-type-simple"},"yoast_head":"<!-- This site is optimized with the Yoast SEO plugin v26.8 - https:\/\/yoast.com\/product\/yoast-seo-wordpress\/ -->\n<title>Riscos de Famara Rotwein &#8226; Vega de Yuco<\/title>\n<meta name=\"description\" content=\"Famara tinto ist der klassischste Ausdruck der Rebsorte List\u00e1n Negro, der so lange reift, bis ein lieblicher und authentischer Wein entsteht.\" \/>\n<meta name=\"robots\" content=\"index, follow, max-snippet:-1, max-image-preview:large, max-video-preview:-1\" \/>\n<link rel=\"canonical\" href=\"https:\/\/www.vegadeyuco.com\/de\/producto\/riscos-de-famara-rotwein\/\" \/>\n<meta property=\"og:locale\" content=\"de_DE\" \/>\n<meta property=\"og:type\" content=\"article\" \/>\n<meta property=\"og:title\" content=\"Riscos de Famara Rotwein &#8226; Vega de Yuco\" \/>\n<meta property=\"og:description\" content=\"Famara tinto ist der klassischste Ausdruck der Rebsorte List\u00e1n Negro, der so lange reift, bis ein lieblicher und authentischer Wein entsteht.\" \/>\n<meta property=\"og:url\" content=\"https:\/\/www.vegadeyuco.com\/de\/producto\/riscos-de-famara-rotwein\/\" \/>\n<meta property=\"og:site_name\" content=\"Vega de Yuco\" \/>\n<meta property=\"article:publisher\" content=\"https:\/\/www.facebook.com\/vegadeyuco\" \/>\n<meta property=\"og:image\" content=\"https:\/\/www.vegadeyuco.com\/wp-content\/uploads\/2019\/11\/Famara-tinto.png\" \/>\n\t<meta property=\"og:image:width\" content=\"1000\" \/>\n\t<meta property=\"og:image:height\" content=\"1000\" \/>\n\t<meta property=\"og:image:type\" content=\"image\/png\" \/>\n<meta name=\"twitter:card\" content=\"summary_large_image\" \/>\n<meta name=\"twitter:label1\" content=\"Gesch\u00e4tzte Lesezeit\" \/>\n\t<meta name=\"twitter:data1\" content=\"1\u00a0Minute\" \/>\n<script type=\"application\/ld+json\" class=\"yoast-schema-graph\">{\"@context\":\"https:\/\/schema.org\",\"@graph\":[{\"@type\":\"WebPage\",\"@id\":\"https:\/\/www.vegadeyuco.com\/de\/producto\/riscos-de-famara-rotwein\/\",\"url\":\"https:\/\/www.vegadeyuco.com\/de\/producto\/riscos-de-famara-rotwein\/\",\"name\":\"Riscos de Famara Rotwein &#8226; Vega de Yuco\",\"isPartOf\":{\"@id\":\"https:\/\/www.vegadeyuco.com\/de\/#website\"},\"primaryImageOfPage\":{\"@id\":\"https:\/\/www.vegadeyuco.com\/de\/producto\/riscos-de-famara-rotwein\/#primaryimage\"},\"image\":{\"@id\":\"https:\/\/www.vegadeyuco.com\/de\/producto\/riscos-de-famara-rotwein\/#primaryimage\"},\"thumbnailUrl\":\"https:\/\/www.vegadeyuco.com\/wp-content\/uploads\/2019\/11\/Famara-tinto.png\",\"datePublished\":\"2025-05-18T19:00:53+00:00\",\"description\":\"Famara tinto ist der klassischste Ausdruck der Rebsorte List\u00e1n Negro, der so lange reift, bis ein lieblicher und authentischer Wein entsteht.\",\"breadcrumb\":{\"@id\":\"https:\/\/www.vegadeyuco.com\/de\/producto\/riscos-de-famara-rotwein\/#breadcrumb\"},\"inLanguage\":\"de\",\"potentialAction\":[{\"@type\":\"ReadAction\",\"target\":[\"https:\/\/www.vegadeyuco.com\/de\/producto\/riscos-de-famara-rotwein\/\"]}]},{\"@type\":\"ImageObject\",\"inLanguage\":\"de\",\"@id\":\"https:\/\/www.vegadeyuco.com\/de\/producto\/riscos-de-famara-rotwein\/#primaryimage\",\"url\":\"https:\/\/www.vegadeyuco.com\/wp-content\/uploads\/2019\/11\/Famara-tinto.png\",\"contentUrl\":\"https:\/\/www.vegadeyuco.com\/wp-content\/uploads\/2019\/11\/Famara-tinto.png\",\"width\":1000,\"height\":1000},{\"@type\":\"BreadcrumbList\",\"@id\":\"https:\/\/www.vegadeyuco.com\/de\/producto\/riscos-de-famara-rotwein\/#breadcrumb\",\"itemListElement\":[{\"@type\":\"ListItem\",\"position\":1,\"name\":\"Portada\",\"item\":\"https:\/\/www.vegadeyuco.com\/de\/vega-de-yuco-weinkellerei-auf-lanzarote\/\"},{\"@type\":\"ListItem\",\"position\":2,\"name\":\"Shop\",\"item\":\"https:\/\/www.vegadeyuco.com\/de\/shop\/\"},{\"@type\":\"ListItem\",\"position\":3,\"name\":\"Riscos de Famara Rotwein\"}]},{\"@type\":\"WebSite\",\"@id\":\"https:\/\/www.vegadeyuco.com\/de\/#website\",\"url\":\"https:\/\/www.vegadeyuco.com\/de\/\",\"name\":\"Vega de Yuco\",\"description\":\"Bodegas y Vi\u00f1edos Vega de Yuco en Lanzarote, una bodega tradicional Canaria que destila autenticidad e innovaci\u00f3n. \",\"publisher\":{\"@id\":\"https:\/\/www.vegadeyuco.com\/de\/#organization\"},\"potentialAction\":[{\"@type\":\"SearchAction\",\"target\":{\"@type\":\"EntryPoint\",\"urlTemplate\":\"https:\/\/www.vegadeyuco.com\/de\/?s={search_term_string}\"},\"query-input\":{\"@type\":\"PropertyValueSpecification\",\"valueRequired\":true,\"valueName\":\"search_term_string\"}}],\"inLanguage\":\"de\"},{\"@type\":\"Organization\",\"@id\":\"https:\/\/www.vegadeyuco.com\/de\/#organization\",\"name\":\"Bodegas Vega de Yuco\",\"url\":\"https:\/\/www.vegadeyuco.com\/de\/\",\"logo\":{\"@type\":\"ImageObject\",\"inLanguage\":\"de\",\"@id\":\"https:\/\/www.vegadeyuco.com\/de\/#\/schema\/logo\/image\/\",\"url\":\"https:\/\/www.vegadeyuco.com\/wp-content\/uploads\/2020\/01\/LOGO_VEGADEYUCO_cabecera_pedidos.png\",\"contentUrl\":\"https:\/\/www.vegadeyuco.com\/wp-content\/uploads\/2020\/01\/LOGO_VEGADEYUCO_cabecera_pedidos.png\",\"width\":250,\"height\":150,\"caption\":\"Bodegas Vega de Yuco\"},\"image\":{\"@id\":\"https:\/\/www.vegadeyuco.com\/de\/#\/schema\/logo\/image\/\"},\"sameAs\":[\"https:\/\/www.facebook.com\/vegadeyuco\",\"https:\/\/www.instagram.com\/vegadeyuco\/\",\"https:\/\/www.youtube.com\/channel\/UCmDMkmxMCvbSXTLTAs3DM7A\"]}]}<\/script>\n<!-- \/ Yoast SEO plugin. -->","yoast_head_json":{"title":"Riscos de Famara Rotwein &#8226; Vega de Yuco","description":"Famara tinto ist der klassischste Ausdruck der Rebsorte List\u00e1n Negro, der so lange reift, bis ein lieblicher und authentischer Wein entsteht.","robots":{"index":"index","follow":"follow","max-snippet":"max-snippet:-1","max-image-preview":"max-image-preview:large","max-video-preview":"max-video-preview:-1"},"canonical":"https:\/\/www.vegadeyuco.com\/de\/producto\/riscos-de-famara-rotwein\/","og_locale":"de_DE","og_type":"article","og_title":"Riscos de Famara Rotwein &#8226; Vega de Yuco","og_description":"Famara tinto ist der klassischste Ausdruck der Rebsorte List\u00e1n Negro, der so lange reift, bis ein lieblicher und authentischer Wein entsteht.","og_url":"https:\/\/www.vegadeyuco.com\/de\/producto\/riscos-de-famara-rotwein\/","og_site_name":"Vega de Yuco","article_publisher":"https:\/\/www.facebook.com\/vegadeyuco","og_image":[{"width":1000,"height":1000,"url":"https:\/\/www.vegadeyuco.com\/wp-content\/uploads\/2019\/11\/Famara-tinto.png","type":"image\/png"}],"twitter_card":"summary_large_image","twitter_misc":{"Gesch\u00e4tzte Lesezeit":"1\u00a0Minute"},"schema":{"@context":"https:\/\/schema.org","@graph":[{"@type":"WebPage","@id":"https:\/\/www.vegadeyuco.com\/de\/producto\/riscos-de-famara-rotwein\/","url":"https:\/\/www.vegadeyuco.com\/de\/producto\/riscos-de-famara-rotwein\/","name":"Riscos de Famara Rotwein &#8226; Vega de Yuco","isPartOf":{"@id":"https:\/\/www.vegadeyuco.com\/de\/#website"},"primaryImageOfPage":{"@id":"https:\/\/www.vegadeyuco.com\/de\/producto\/riscos-de-famara-rotwein\/#primaryimage"},"image":{"@id":"https:\/\/www.vegadeyuco.com\/de\/producto\/riscos-de-famara-rotwein\/#primaryimage"},"thumbnailUrl":"https:\/\/www.vegadeyuco.com\/wp-content\/uploads\/2019\/11\/Famara-tinto.png","datePublished":"2025-05-18T19:00:53+00:00","description":"Famara tinto ist der klassischste Ausdruck der Rebsorte List\u00e1n Negro, der so lange reift, bis ein lieblicher und authentischer Wein entsteht.","breadcrumb":{"@id":"https:\/\/www.vegadeyuco.com\/de\/producto\/riscos-de-famara-rotwein\/#breadcrumb"},"inLanguage":"de","potentialAction":[{"@type":"ReadAction","target":["https:\/\/www.vegadeyuco.com\/de\/producto\/riscos-de-famara-rotwein\/"]}]},{"@type":"ImageObject","inLanguage":"de","@id":"https:\/\/www.vegadeyuco.com\/de\/producto\/riscos-de-famara-rotwein\/#primaryimage","url":"https:\/\/www.vegadeyuco.com\/wp-content\/uploads\/2019\/11\/Famara-tinto.png","contentUrl":"https:\/\/www.vegadeyuco.com\/wp-content\/uploads\/2019\/11\/Famara-tinto.png","width":1000,"height":1000},{"@type":"BreadcrumbList","@id":"https:\/\/www.vegadeyuco.com\/de\/producto\/riscos-de-famara-rotwein\/#breadcrumb","itemListElement":[{"@type":"ListItem","position":1,"name":"Portada","item":"https:\/\/www.vegadeyuco.com\/de\/vega-de-yuco-weinkellerei-auf-lanzarote\/"},{"@type":"ListItem","position":2,"name":"Shop","item":"https:\/\/www.vegadeyuco.com\/de\/shop\/"},{"@type":"ListItem","position":3,"name":"Riscos de Famara Rotwein"}]},{"@type":"WebSite","@id":"https:\/\/www.vegadeyuco.com\/de\/#website","url":"https:\/\/www.vegadeyuco.com\/de\/","name":"Vega de Yuco","description":"Bodegas y Vi\u00f1edos Vega de Yuco en Lanzarote, una bodega tradicional Canaria que destila autenticidad e innovaci\u00f3n. ","publisher":{"@id":"https:\/\/www.vegadeyuco.com\/de\/#organization"},"potentialAction":[{"@type":"SearchAction","target":{"@type":"EntryPoint","urlTemplate":"https:\/\/www.vegadeyuco.com\/de\/?s={search_term_string}"},"query-input":{"@type":"PropertyValueSpecification","valueRequired":true,"valueName":"search_term_string"}}],"inLanguage":"de"},{"@type":"Organization","@id":"https:\/\/www.vegadeyuco.com\/de\/#organization","name":"Bodegas Vega de Yuco","url":"https:\/\/www.vegadeyuco.com\/de\/","logo":{"@type":"ImageObject","inLanguage":"de","@id":"https:\/\/www.vegadeyuco.com\/de\/#\/schema\/logo\/image\/","url":"https:\/\/www.vegadeyuco.com\/wp-content\/uploads\/2020\/01\/LOGO_VEGADEYUCO_cabecera_pedidos.png","contentUrl":"https:\/\/www.vegadeyuco.com\/wp-content\/uploads\/2020\/01\/LOGO_VEGADEYUCO_cabecera_pedidos.png","width":250,"height":150,"caption":"Bodegas Vega de Yuco"},"image":{"@id":"https:\/\/www.vegadeyuco.com\/de\/#\/schema\/logo\/image\/"},"sameAs":["https:\/\/www.facebook.com\/vegadeyuco","https:\/\/www.instagram.com\/vegadeyuco\/","https:\/\/www.youtube.com\/channel\/UCmDMkmxMCvbSXTLTAs3DM7A"]}]}},"post_mailing_queue_ids":[],"_links":{"self":[{"href":"https:\/\/www.vegadeyuco.com\/de\/wp-json\/wp\/v2\/product\/27657","targetHints":{"allow":["GET"]}}],"collection":[{"href":"https:\/\/www.vegadeyuco.com\/de\/wp-json\/wp\/v2\/product"}],"about":[{"href":"https:\/\/www.vegadeyuco.com\/de\/wp-json\/wp\/v2\/types\/product"}],"version-history":[{"count":0,"href":"https:\/\/www.vegadeyuco.com\/de\/wp-json\/wp\/v2\/product\/27657\/revisions"}],"wp:featuredmedia":[{"embeddable":true,"href":"https:\/\/www.vegadeyuco.com\/de\/wp-json\/wp\/v2\/media\/27656"}],"wp:attachment":[{"href":"https:\/\/www.vegadeyuco.com\/de\/wp-json\/wp\/v2\/media?parent=27657"}],"wp:term":[{"taxonomy":"product_brand","embeddable":true,"href":"https:\/\/www.vegadeyuco.com\/de\/wp-json\/wp\/v2\/product_brand?post=27657"},{"taxonomy":"product_cat","embeddable":true,"href":"https:\/\/www.vegadeyuco.com\/de\/wp-json\/wp\/v2\/product_cat?post=27657"},{"taxonomy":"product_tag","embeddable":true,"href":"https:\/\/www.vegadeyuco.com\/de\/wp-json\/wp\/v2\/product_tag?post=27657"}],"curies":[{"name":"wp","href":"https:\/\/api.w.org\/{rel}","templated":true}]}}