{"id":27660,"date":"2025-05-18T19:59:34","date_gmt":"2025-05-18T18:59:34","guid":{"rendered":"https:\/\/www.vegadeyuco.com\/producto\/riscos-de-famara-rose\/"},"modified":"2025-05-18T19:59:34","modified_gmt":"2025-05-18T18:59:34","slug":"riscos-de-famara-rose","status":"publish","type":"product","link":"https:\/\/www.vegadeyuco.com\/de\/producto\/riscos-de-famara-rose\/","title":{"rendered":"Riscos de Famara Ros\u00e9"},"content":{"rendered":"<p>Famara Rosado ist der klassischste Ausdruck unserer Ros\u00e9weine, ein Wein, der durch Abzapfen unseres List\u00e1n Negro und temperaturkontrollierte G\u00e4rung in Edelstahltanks gewonnen wird. Ein idealer Wein, um das Klima der Inseln zu genie\u00dfen. <\/p>\n<p><span style=\"color: #0252a2\">Farbe<\/span><br \/>\nEs handelt sich um einen lachsrosa Wein von mittlerer Farbtiefe, klar und gl\u00e4nzend.<\/p>\n<p><span style=\"color: #0252a2\">Nase<\/span><br \/>\nAromen von roten Fr\u00fcchten wie Erdbeere oder Kirsche, frisch und durchdringend<\/p>\n<p><span style=\"color: #0252a2\">Gaumen<\/span><br \/>\nAm Gaumen zeigt er sich leicht, angenehm und spritzig.<\/p>\n<p>Famara Ros\u00e9 passt perfekt zu Pasta- oder Reisgerichten und zu einem gem\u00fctlichen Beisammensein mit Freunden.<\/p>\n<p>Die Vielseitigkeit dieses Weins passt zu einer Vielzahl von Speisen, von Salaten bis hin zu kr\u00e4ftigen oder w\u00fcrzigen Gerichten wie Pasta mit scharfen Gew\u00fcrzen, blauem Fisch oder Sushi.<\/p>\n<p><em>* Allergene: Enth\u00e4lt Sulfite.<\/em><\/p>\n<p>&nbsp;<\/p>\n<hr>\n<p>&nbsp;<\/p>\n<p><strong>Weinbegleitung<\/strong><\/p>\n<p>Die Vielseitigkeit dieses Weins passt zu einer Vielzahl von Speisen, von Salaten bis hin zu kr\u00e4ftigen oder w\u00fcrzigen Gerichten wie Pasta mit scharfen Gew\u00fcrzen, blauem Fisch oder Sushi.<\/p>\n","protected":false},"excerpt":{"rendered":"<p>Famara Rosado ist der klassischste Ausdruck unserer Ros\u00e9weine, ein Wein, der durch Abzapfen unseres List\u00e1n Negro und temperaturkontrollierte G\u00e4rung in Edelstahltanks gewonnen wird. <\/p>\n<p>Ein idealer Wein, um das Klima der Inseln zu genie\u00dfen. <\/p>\n<p><em><strong>Nur auf den Kanarischen Inseln erh\u00e4ltlich. <\/strong><\/em><\/p>\n<p><a href=\"https:\/\/www.vegadeyuco.com\/wp-content\/uploads\/2022\/02\/Riscos_de_Famara_rosado-min.pdf\" target=\"_blank\" rel=\"noopener\">Siehe Verkostungsnotiz<\/a><\/p>\n","protected":false},"featured_media":22116,"template":"","meta":[],"product_brand":[],"product_cat":[376,370,369],"product_tag":[],"class_list":{"0":"post-27660","1":"product","2":"type-product","3":"status-publish","4":"has-post-thumbnail","6":"product_cat-famara","7":"product_cat-can","8":"product_cat-rosado","9":"product_shipping_class-nur-kanarische-inseln","11":"first","12":"instock","13":"shipping-taxable","14":"purchasable","15":"product-type-simple"},"yoast_head":"<!-- This site is optimized with the Yoast SEO plugin v26.8 - https:\/\/yoast.com\/product\/yoast-seo-wordpress\/ -->\n<title>Riscos de Famara Ros\u00e9 &#8226; Vega de Yuco<\/title>\n<meta name=\"description\" content=\"Famara Rosado ist der klassischste Ausdruck unserer Ros\u00e9weine, ein Wein aus Lanzarote, der durch Abzapfen unseres List\u00e1n Negro gewonnen wird.\" \/>\n<meta name=\"robots\" content=\"index, follow, max-snippet:-1, max-image-preview:large, max-video-preview:-1\" \/>\n<link rel=\"canonical\" href=\"https:\/\/www.vegadeyuco.com\/de\/producto\/riscos-de-famara-rose\/\" \/>\n<meta property=\"og:locale\" content=\"de_DE\" \/>\n<meta property=\"og:type\" content=\"article\" \/>\n<meta property=\"og:title\" content=\"Riscos de Famara Ros\u00e9 &#8226; Vega de Yuco\" \/>\n<meta property=\"og:description\" content=\"Famara Rosado ist der klassischste Ausdruck unserer Ros\u00e9weine, ein Wein aus Lanzarote, der durch Abzapfen unseres List\u00e1n Negro gewonnen wird.\" \/>\n<meta property=\"og:url\" content=\"https:\/\/www.vegadeyuco.com\/de\/producto\/riscos-de-famara-rose\/\" \/>\n<meta property=\"og:site_name\" content=\"Vega de Yuco\" \/>\n<meta property=\"article:publisher\" content=\"https:\/\/www.facebook.com\/vegadeyuco\" \/>\n<meta property=\"og:image\" content=\"https:\/\/www.vegadeyuco.com\/wp-content\/uploads\/2019\/11\/Famara-rosado.png\" \/>\n\t<meta property=\"og:image:width\" content=\"1000\" \/>\n\t<meta property=\"og:image:height\" content=\"1000\" \/>\n\t<meta property=\"og:image:type\" content=\"image\/png\" \/>\n<meta name=\"twitter:card\" content=\"summary_large_image\" \/>\n<meta name=\"twitter:label1\" content=\"Gesch\u00e4tzte Lesezeit\" \/>\n\t<meta name=\"twitter:data1\" content=\"1\u00a0Minute\" \/>\n<script type=\"application\/ld+json\" class=\"yoast-schema-graph\">{\"@context\":\"https:\/\/schema.org\",\"@graph\":[{\"@type\":\"WebPage\",\"@id\":\"https:\/\/www.vegadeyuco.com\/de\/producto\/riscos-de-famara-rose\/\",\"url\":\"https:\/\/www.vegadeyuco.com\/de\/producto\/riscos-de-famara-rose\/\",\"name\":\"Riscos de Famara Ros\u00e9 &#8226; Vega de Yuco\",\"isPartOf\":{\"@id\":\"https:\/\/www.vegadeyuco.com\/de\/#website\"},\"primaryImageOfPage\":{\"@id\":\"https:\/\/www.vegadeyuco.com\/de\/producto\/riscos-de-famara-rose\/#primaryimage\"},\"image\":{\"@id\":\"https:\/\/www.vegadeyuco.com\/de\/producto\/riscos-de-famara-rose\/#primaryimage\"},\"thumbnailUrl\":\"https:\/\/www.vegadeyuco.com\/wp-content\/uploads\/2019\/11\/Famara-rosado.png\",\"datePublished\":\"2025-05-18T18:59:34+00:00\",\"description\":\"Famara Rosado ist der klassischste Ausdruck unserer Ros\u00e9weine, ein Wein aus Lanzarote, der durch Abzapfen unseres List\u00e1n Negro gewonnen wird.\",\"breadcrumb\":{\"@id\":\"https:\/\/www.vegadeyuco.com\/de\/producto\/riscos-de-famara-rose\/#breadcrumb\"},\"inLanguage\":\"de\",\"potentialAction\":[{\"@type\":\"ReadAction\",\"target\":[\"https:\/\/www.vegadeyuco.com\/de\/producto\/riscos-de-famara-rose\/\"]}]},{\"@type\":\"ImageObject\",\"inLanguage\":\"de\",\"@id\":\"https:\/\/www.vegadeyuco.com\/de\/producto\/riscos-de-famara-rose\/#primaryimage\",\"url\":\"https:\/\/www.vegadeyuco.com\/wp-content\/uploads\/2019\/11\/Famara-rosado.png\",\"contentUrl\":\"https:\/\/www.vegadeyuco.com\/wp-content\/uploads\/2019\/11\/Famara-rosado.png\",\"width\":1000,\"height\":1000},{\"@type\":\"BreadcrumbList\",\"@id\":\"https:\/\/www.vegadeyuco.com\/de\/producto\/riscos-de-famara-rose\/#breadcrumb\",\"itemListElement\":[{\"@type\":\"ListItem\",\"position\":1,\"name\":\"Portada\",\"item\":\"https:\/\/www.vegadeyuco.com\/de\/vega-de-yuco-weinkellerei-auf-lanzarote\/\"},{\"@type\":\"ListItem\",\"position\":2,\"name\":\"Shop\",\"item\":\"https:\/\/www.vegadeyuco.com\/de\/shop\/\"},{\"@type\":\"ListItem\",\"position\":3,\"name\":\"Riscos de Famara Ros\u00e9\"}]},{\"@type\":\"WebSite\",\"@id\":\"https:\/\/www.vegadeyuco.com\/de\/#website\",\"url\":\"https:\/\/www.vegadeyuco.com\/de\/\",\"name\":\"Vega de Yuco\",\"description\":\"Bodegas y Vi\u00f1edos Vega de Yuco en Lanzarote, una bodega tradicional Canaria que destila autenticidad e innovaci\u00f3n. \",\"publisher\":{\"@id\":\"https:\/\/www.vegadeyuco.com\/de\/#organization\"},\"potentialAction\":[{\"@type\":\"SearchAction\",\"target\":{\"@type\":\"EntryPoint\",\"urlTemplate\":\"https:\/\/www.vegadeyuco.com\/de\/?s={search_term_string}\"},\"query-input\":{\"@type\":\"PropertyValueSpecification\",\"valueRequired\":true,\"valueName\":\"search_term_string\"}}],\"inLanguage\":\"de\"},{\"@type\":\"Organization\",\"@id\":\"https:\/\/www.vegadeyuco.com\/de\/#organization\",\"name\":\"Bodegas Vega de Yuco\",\"url\":\"https:\/\/www.vegadeyuco.com\/de\/\",\"logo\":{\"@type\":\"ImageObject\",\"inLanguage\":\"de\",\"@id\":\"https:\/\/www.vegadeyuco.com\/de\/#\/schema\/logo\/image\/\",\"url\":\"https:\/\/www.vegadeyuco.com\/wp-content\/uploads\/2020\/01\/LOGO_VEGADEYUCO_cabecera_pedidos.png\",\"contentUrl\":\"https:\/\/www.vegadeyuco.com\/wp-content\/uploads\/2020\/01\/LOGO_VEGADEYUCO_cabecera_pedidos.png\",\"width\":250,\"height\":150,\"caption\":\"Bodegas Vega de Yuco\"},\"image\":{\"@id\":\"https:\/\/www.vegadeyuco.com\/de\/#\/schema\/logo\/image\/\"},\"sameAs\":[\"https:\/\/www.facebook.com\/vegadeyuco\",\"https:\/\/www.instagram.com\/vegadeyuco\/\",\"https:\/\/www.youtube.com\/channel\/UCmDMkmxMCvbSXTLTAs3DM7A\"]}]}<\/script>\n<!-- \/ Yoast SEO plugin. -->","yoast_head_json":{"title":"Riscos de Famara Ros\u00e9 &#8226; Vega de Yuco","description":"Famara Rosado ist der klassischste Ausdruck unserer Ros\u00e9weine, ein Wein aus Lanzarote, der durch Abzapfen unseres List\u00e1n Negro gewonnen wird.","robots":{"index":"index","follow":"follow","max-snippet":"max-snippet:-1","max-image-preview":"max-image-preview:large","max-video-preview":"max-video-preview:-1"},"canonical":"https:\/\/www.vegadeyuco.com\/de\/producto\/riscos-de-famara-rose\/","og_locale":"de_DE","og_type":"article","og_title":"Riscos de Famara Ros\u00e9 &#8226; Vega de Yuco","og_description":"Famara Rosado ist der klassischste Ausdruck unserer Ros\u00e9weine, ein Wein aus Lanzarote, der durch Abzapfen unseres List\u00e1n Negro gewonnen wird.","og_url":"https:\/\/www.vegadeyuco.com\/de\/producto\/riscos-de-famara-rose\/","og_site_name":"Vega de Yuco","article_publisher":"https:\/\/www.facebook.com\/vegadeyuco","og_image":[{"width":1000,"height":1000,"url":"https:\/\/www.vegadeyuco.com\/wp-content\/uploads\/2019\/11\/Famara-rosado.png","type":"image\/png"}],"twitter_card":"summary_large_image","twitter_misc":{"Gesch\u00e4tzte Lesezeit":"1\u00a0Minute"},"schema":{"@context":"https:\/\/schema.org","@graph":[{"@type":"WebPage","@id":"https:\/\/www.vegadeyuco.com\/de\/producto\/riscos-de-famara-rose\/","url":"https:\/\/www.vegadeyuco.com\/de\/producto\/riscos-de-famara-rose\/","name":"Riscos de Famara Ros\u00e9 &#8226; Vega de Yuco","isPartOf":{"@id":"https:\/\/www.vegadeyuco.com\/de\/#website"},"primaryImageOfPage":{"@id":"https:\/\/www.vegadeyuco.com\/de\/producto\/riscos-de-famara-rose\/#primaryimage"},"image":{"@id":"https:\/\/www.vegadeyuco.com\/de\/producto\/riscos-de-famara-rose\/#primaryimage"},"thumbnailUrl":"https:\/\/www.vegadeyuco.com\/wp-content\/uploads\/2019\/11\/Famara-rosado.png","datePublished":"2025-05-18T18:59:34+00:00","description":"Famara Rosado ist der klassischste Ausdruck unserer Ros\u00e9weine, ein Wein aus Lanzarote, der durch Abzapfen unseres List\u00e1n Negro gewonnen wird.","breadcrumb":{"@id":"https:\/\/www.vegadeyuco.com\/de\/producto\/riscos-de-famara-rose\/#breadcrumb"},"inLanguage":"de","potentialAction":[{"@type":"ReadAction","target":["https:\/\/www.vegadeyuco.com\/de\/producto\/riscos-de-famara-rose\/"]}]},{"@type":"ImageObject","inLanguage":"de","@id":"https:\/\/www.vegadeyuco.com\/de\/producto\/riscos-de-famara-rose\/#primaryimage","url":"https:\/\/www.vegadeyuco.com\/wp-content\/uploads\/2019\/11\/Famara-rosado.png","contentUrl":"https:\/\/www.vegadeyuco.com\/wp-content\/uploads\/2019\/11\/Famara-rosado.png","width":1000,"height":1000},{"@type":"BreadcrumbList","@id":"https:\/\/www.vegadeyuco.com\/de\/producto\/riscos-de-famara-rose\/#breadcrumb","itemListElement":[{"@type":"ListItem","position":1,"name":"Portada","item":"https:\/\/www.vegadeyuco.com\/de\/vega-de-yuco-weinkellerei-auf-lanzarote\/"},{"@type":"ListItem","position":2,"name":"Shop","item":"https:\/\/www.vegadeyuco.com\/de\/shop\/"},{"@type":"ListItem","position":3,"name":"Riscos de Famara Ros\u00e9"}]},{"@type":"WebSite","@id":"https:\/\/www.vegadeyuco.com\/de\/#website","url":"https:\/\/www.vegadeyuco.com\/de\/","name":"Vega de Yuco","description":"Bodegas y Vi\u00f1edos Vega de Yuco en Lanzarote, una bodega tradicional Canaria que destila autenticidad e innovaci\u00f3n. ","publisher":{"@id":"https:\/\/www.vegadeyuco.com\/de\/#organization"},"potentialAction":[{"@type":"SearchAction","target":{"@type":"EntryPoint","urlTemplate":"https:\/\/www.vegadeyuco.com\/de\/?s={search_term_string}"},"query-input":{"@type":"PropertyValueSpecification","valueRequired":true,"valueName":"search_term_string"}}],"inLanguage":"de"},{"@type":"Organization","@id":"https:\/\/www.vegadeyuco.com\/de\/#organization","name":"Bodegas Vega de Yuco","url":"https:\/\/www.vegadeyuco.com\/de\/","logo":{"@type":"ImageObject","inLanguage":"de","@id":"https:\/\/www.vegadeyuco.com\/de\/#\/schema\/logo\/image\/","url":"https:\/\/www.vegadeyuco.com\/wp-content\/uploads\/2020\/01\/LOGO_VEGADEYUCO_cabecera_pedidos.png","contentUrl":"https:\/\/www.vegadeyuco.com\/wp-content\/uploads\/2020\/01\/LOGO_VEGADEYUCO_cabecera_pedidos.png","width":250,"height":150,"caption":"Bodegas Vega de Yuco"},"image":{"@id":"https:\/\/www.vegadeyuco.com\/de\/#\/schema\/logo\/image\/"},"sameAs":["https:\/\/www.facebook.com\/vegadeyuco","https:\/\/www.instagram.com\/vegadeyuco\/","https:\/\/www.youtube.com\/channel\/UCmDMkmxMCvbSXTLTAs3DM7A"]}]}},"post_mailing_queue_ids":[],"_links":{"self":[{"href":"https:\/\/www.vegadeyuco.com\/de\/wp-json\/wp\/v2\/product\/27660","targetHints":{"allow":["GET"]}}],"collection":[{"href":"https:\/\/www.vegadeyuco.com\/de\/wp-json\/wp\/v2\/product"}],"about":[{"href":"https:\/\/www.vegadeyuco.com\/de\/wp-json\/wp\/v2\/types\/product"}],"version-history":[{"count":0,"href":"https:\/\/www.vegadeyuco.com\/de\/wp-json\/wp\/v2\/product\/27660\/revisions"}],"wp:featuredmedia":[{"embeddable":true,"href":"https:\/\/www.vegadeyuco.com\/de\/wp-json\/wp\/v2\/media\/22116"}],"wp:attachment":[{"href":"https:\/\/www.vegadeyuco.com\/de\/wp-json\/wp\/v2\/media?parent=27660"}],"wp:term":[{"taxonomy":"product_brand","embeddable":true,"href":"https:\/\/www.vegadeyuco.com\/de\/wp-json\/wp\/v2\/product_brand?post=27660"},{"taxonomy":"product_cat","embeddable":true,"href":"https:\/\/www.vegadeyuco.com\/de\/wp-json\/wp\/v2\/product_cat?post=27660"},{"taxonomy":"product_tag","embeddable":true,"href":"https:\/\/www.vegadeyuco.com\/de\/wp-json\/wp\/v2\/product_tag?post=27660"}],"curies":[{"name":"wp","href":"https:\/\/api.w.org\/{rel}","templated":true}]}}