{"id":27668,"date":"2025-05-18T19:57:13","date_gmt":"2025-05-18T18:57:13","guid":{"rendered":"https:\/\/www.vegadeyuco.com\/producto\/riscos-de-famara-weisswein-trocken\/"},"modified":"2025-05-18T19:57:13","modified_gmt":"2025-05-18T18:57:13","slug":"riscos-de-famara-weisswein-trocken","status":"publish","type":"product","link":"https:\/\/www.vegadeyuco.com\/de\/producto\/riscos-de-famara-weisswein-trocken\/","title":{"rendered":"Riscos de Famara Wei\u00dfwein, trocken"},"content":{"rendered":"<div class=\"woocommerce-product-details__short-description\">\n<p>Famara Wei\u00dfwein trocken ist ein Wein, der Rebsorten aus Minderanbaugebieten Lanzarotes vereint. Ein Wein, der von unserer reichen Vielfalt erz\u00e4hlt und aus einer Mischung von List\u00e1n Blanco, Diego und Malvas\u00eda Volc\u00e1nica hergestellt wird. <\/p>\n<p><span style=\"color: #0100a3;\">Farbe<\/span><br \/>\nSeine klare, leuchtende, hellgelbe Farbe und seine Farbt\u00f6ne zeugen von seiner ausgepr\u00e4gten Frische und Jugendlichkeit.<\/p>\n<p><span style=\"color: #0100a3;\">Nase<\/span><br \/>\nIn der Nase zeigen sich deutliche Noten von aromatischen Kr\u00e4utern, Fenchel und Meeresbrise, vermischt mit Zitrusfr\u00fcchten, die der Mischung eine einzigartige Frische und Pers\u00f6nlichkeit verleihen.<\/p>\n<p><span style=\"color: #0100a3;\">Gaumen<\/span><br \/>\nAm Gaumen pr\u00e4sentiert er sich leicht, komplex aufgrund der Mischung verschiedener Rebsorten und mit salzigen Noten, die an die N\u00e4he zum Meer erinnern.<\/p>\n<p>Ein Wein, der dank der guten Arbeit des Lanzarote-Winzers hergestellt wurde, der es verstanden hat, ein au\u00dfergew\u00f6hnliches Rebsorten-Erbe zu bewahren.<\/p>\n<\/div>\n<p><em>* Allergene: Enth\u00e4lt Sulfite.<\/em><\/p>\n<p>&nbsp;<\/p>\n<hr>\n<p>&nbsp;<\/p>\n<p><strong>Weinbegleitung<\/strong><\/p>\n<p>Famara trocken passt perfekt zu Gem\u00fcsesuppen, Salaten mit H\u00fclsenfr\u00fcchten und Gem\u00fcse oder zu kaltem Fleisch wie <em>Roastbeef <\/em>und Carpaccio.<\/p>\n","protected":false},"excerpt":{"rendered":"<p>Famara Wei\u00dfwein trocken ist ein Wein, der Rebsorten aus Minderanbaugebieten Lanzarotes vereint. Er wird aus einer Mischung von List\u00e1n blanco, Diego und Malvasia volc\u00e1nica hergestellt und zeugt von unserer reichen Vielfalt. <\/p>\n<p><em><strong>Nur auf den Kanarischen Inseln erh\u00e4ltlich. <\/strong><\/em><\/p>\n<p><a href=\"https:\/\/www.vegadeyuco.com\/wp-content\/uploads\/2022\/02\/Riscos_de_Famara_seco-min.pdf\" target=\"_blank\" rel=\"noopener\">Siehe Verkostungsnotiz<\/a><\/p>\n","protected":false},"featured_media":22105,"template":"","meta":[],"product_brand":[],"product_cat":[376,370,372],"product_tag":[],"class_list":{"0":"post-27668","1":"product","2":"type-product","3":"status-publish","4":"has-post-thumbnail","6":"product_cat-famara","7":"product_cat-can","8":"product_cat-weiswein-trocken","9":"product_shipping_class-nur-kanarische-inseln","11":"first","12":"instock","13":"shipping-taxable","14":"purchasable","15":"product-type-simple"},"yoast_head":"<!-- This site is optimized with the Yoast SEO plugin v26.8 - https:\/\/yoast.com\/product\/yoast-seo-wordpress\/ -->\n<title>Riscos de Famara Wei\u00dfwein, trocken &#8226; Vega de Yuco<\/title>\n<meta name=\"description\" content=\"Famara Wei\u00dfwein trocken ist ein Wein, der von unserer reichen Vielfalt erz\u00e4hlt und aus einer Mischung von List\u00e1n Blanco, Diego und Malvas\u00eda Volc\u00e1nica hergestellt wird.\" \/>\n<meta name=\"robots\" content=\"index, follow, max-snippet:-1, max-image-preview:large, max-video-preview:-1\" \/>\n<link rel=\"canonical\" href=\"https:\/\/www.vegadeyuco.com\/de\/producto\/riscos-de-famara-weisswein-trocken\/\" \/>\n<meta property=\"og:locale\" content=\"de_DE\" \/>\n<meta property=\"og:type\" content=\"article\" \/>\n<meta property=\"og:title\" content=\"Riscos de Famara Wei\u00dfwein, trocken &#8226; Vega de Yuco\" \/>\n<meta property=\"og:description\" content=\"Famara Wei\u00dfwein trocken ist ein Wein, der von unserer reichen Vielfalt erz\u00e4hlt und aus einer Mischung von List\u00e1n Blanco, Diego und Malvas\u00eda Volc\u00e1nica hergestellt wird.\" \/>\n<meta property=\"og:url\" content=\"https:\/\/www.vegadeyuco.com\/de\/producto\/riscos-de-famara-weisswein-trocken\/\" \/>\n<meta property=\"og:site_name\" content=\"Vega de Yuco\" \/>\n<meta property=\"article:publisher\" content=\"https:\/\/www.facebook.com\/vegadeyuco\" \/>\n<meta property=\"og:image\" content=\"https:\/\/www.vegadeyuco.com\/wp-content\/uploads\/2019\/11\/Famara-Blanco-seco.png\" \/>\n\t<meta property=\"og:image:width\" content=\"1000\" \/>\n\t<meta property=\"og:image:height\" content=\"1000\" \/>\n\t<meta property=\"og:image:type\" content=\"image\/png\" \/>\n<meta name=\"twitter:card\" content=\"summary_large_image\" \/>\n<meta name=\"twitter:label1\" content=\"Gesch\u00e4tzte Lesezeit\" \/>\n\t<meta name=\"twitter:data1\" content=\"1\u00a0Minute\" \/>\n<script type=\"application\/ld+json\" class=\"yoast-schema-graph\">{\"@context\":\"https:\/\/schema.org\",\"@graph\":[{\"@type\":\"WebPage\",\"@id\":\"https:\/\/www.vegadeyuco.com\/de\/producto\/riscos-de-famara-weisswein-trocken\/\",\"url\":\"https:\/\/www.vegadeyuco.com\/de\/producto\/riscos-de-famara-weisswein-trocken\/\",\"name\":\"Riscos de Famara Wei\u00dfwein, trocken &#8226; Vega de Yuco\",\"isPartOf\":{\"@id\":\"https:\/\/www.vegadeyuco.com\/de\/#website\"},\"primaryImageOfPage\":{\"@id\":\"https:\/\/www.vegadeyuco.com\/de\/producto\/riscos-de-famara-weisswein-trocken\/#primaryimage\"},\"image\":{\"@id\":\"https:\/\/www.vegadeyuco.com\/de\/producto\/riscos-de-famara-weisswein-trocken\/#primaryimage\"},\"thumbnailUrl\":\"https:\/\/www.vegadeyuco.com\/wp-content\/uploads\/2019\/11\/Famara-Blanco-seco.png\",\"datePublished\":\"2025-05-18T18:57:13+00:00\",\"description\":\"Famara Wei\u00dfwein trocken ist ein Wein, der von unserer reichen Vielfalt erz\u00e4hlt und aus einer Mischung von List\u00e1n Blanco, Diego und Malvas\u00eda Volc\u00e1nica hergestellt wird.\",\"breadcrumb\":{\"@id\":\"https:\/\/www.vegadeyuco.com\/de\/producto\/riscos-de-famara-weisswein-trocken\/#breadcrumb\"},\"inLanguage\":\"de\",\"potentialAction\":[{\"@type\":\"ReadAction\",\"target\":[\"https:\/\/www.vegadeyuco.com\/de\/producto\/riscos-de-famara-weisswein-trocken\/\"]}]},{\"@type\":\"ImageObject\",\"inLanguage\":\"de\",\"@id\":\"https:\/\/www.vegadeyuco.com\/de\/producto\/riscos-de-famara-weisswein-trocken\/#primaryimage\",\"url\":\"https:\/\/www.vegadeyuco.com\/wp-content\/uploads\/2019\/11\/Famara-Blanco-seco.png\",\"contentUrl\":\"https:\/\/www.vegadeyuco.com\/wp-content\/uploads\/2019\/11\/Famara-Blanco-seco.png\",\"width\":1000,\"height\":1000},{\"@type\":\"BreadcrumbList\",\"@id\":\"https:\/\/www.vegadeyuco.com\/de\/producto\/riscos-de-famara-weisswein-trocken\/#breadcrumb\",\"itemListElement\":[{\"@type\":\"ListItem\",\"position\":1,\"name\":\"Portada\",\"item\":\"https:\/\/www.vegadeyuco.com\/de\/vega-de-yuco-weinkellerei-auf-lanzarote\/\"},{\"@type\":\"ListItem\",\"position\":2,\"name\":\"Shop\",\"item\":\"https:\/\/www.vegadeyuco.com\/de\/shop\/\"},{\"@type\":\"ListItem\",\"position\":3,\"name\":\"Riscos de Famara Wei\u00dfwein, trocken\"}]},{\"@type\":\"WebSite\",\"@id\":\"https:\/\/www.vegadeyuco.com\/de\/#website\",\"url\":\"https:\/\/www.vegadeyuco.com\/de\/\",\"name\":\"Vega de Yuco\",\"description\":\"Bodegas y Vi\u00f1edos Vega de Yuco en Lanzarote, una bodega tradicional Canaria que destila autenticidad e innovaci\u00f3n. \",\"publisher\":{\"@id\":\"https:\/\/www.vegadeyuco.com\/de\/#organization\"},\"potentialAction\":[{\"@type\":\"SearchAction\",\"target\":{\"@type\":\"EntryPoint\",\"urlTemplate\":\"https:\/\/www.vegadeyuco.com\/de\/?s={search_term_string}\"},\"query-input\":{\"@type\":\"PropertyValueSpecification\",\"valueRequired\":true,\"valueName\":\"search_term_string\"}}],\"inLanguage\":\"de\"},{\"@type\":\"Organization\",\"@id\":\"https:\/\/www.vegadeyuco.com\/de\/#organization\",\"name\":\"Bodegas Vega de Yuco\",\"url\":\"https:\/\/www.vegadeyuco.com\/de\/\",\"logo\":{\"@type\":\"ImageObject\",\"inLanguage\":\"de\",\"@id\":\"https:\/\/www.vegadeyuco.com\/de\/#\/schema\/logo\/image\/\",\"url\":\"https:\/\/www.vegadeyuco.com\/wp-content\/uploads\/2020\/01\/LOGO_VEGADEYUCO_cabecera_pedidos.png\",\"contentUrl\":\"https:\/\/www.vegadeyuco.com\/wp-content\/uploads\/2020\/01\/LOGO_VEGADEYUCO_cabecera_pedidos.png\",\"width\":250,\"height\":150,\"caption\":\"Bodegas Vega de Yuco\"},\"image\":{\"@id\":\"https:\/\/www.vegadeyuco.com\/de\/#\/schema\/logo\/image\/\"},\"sameAs\":[\"https:\/\/www.facebook.com\/vegadeyuco\",\"https:\/\/www.instagram.com\/vegadeyuco\/\",\"https:\/\/www.youtube.com\/channel\/UCmDMkmxMCvbSXTLTAs3DM7A\"]}]}<\/script>\n<!-- \/ Yoast SEO plugin. -->","yoast_head_json":{"title":"Riscos de Famara Wei\u00dfwein, trocken &#8226; Vega de Yuco","description":"Famara Wei\u00dfwein trocken ist ein Wein, der von unserer reichen Vielfalt erz\u00e4hlt und aus einer Mischung von List\u00e1n Blanco, Diego und Malvas\u00eda Volc\u00e1nica hergestellt wird.","robots":{"index":"index","follow":"follow","max-snippet":"max-snippet:-1","max-image-preview":"max-image-preview:large","max-video-preview":"max-video-preview:-1"},"canonical":"https:\/\/www.vegadeyuco.com\/de\/producto\/riscos-de-famara-weisswein-trocken\/","og_locale":"de_DE","og_type":"article","og_title":"Riscos de Famara Wei\u00dfwein, trocken &#8226; Vega de Yuco","og_description":"Famara Wei\u00dfwein trocken ist ein Wein, der von unserer reichen Vielfalt erz\u00e4hlt und aus einer Mischung von List\u00e1n Blanco, Diego und Malvas\u00eda Volc\u00e1nica hergestellt wird.","og_url":"https:\/\/www.vegadeyuco.com\/de\/producto\/riscos-de-famara-weisswein-trocken\/","og_site_name":"Vega de Yuco","article_publisher":"https:\/\/www.facebook.com\/vegadeyuco","og_image":[{"width":1000,"height":1000,"url":"https:\/\/www.vegadeyuco.com\/wp-content\/uploads\/2019\/11\/Famara-Blanco-seco.png","type":"image\/png"}],"twitter_card":"summary_large_image","twitter_misc":{"Gesch\u00e4tzte Lesezeit":"1\u00a0Minute"},"schema":{"@context":"https:\/\/schema.org","@graph":[{"@type":"WebPage","@id":"https:\/\/www.vegadeyuco.com\/de\/producto\/riscos-de-famara-weisswein-trocken\/","url":"https:\/\/www.vegadeyuco.com\/de\/producto\/riscos-de-famara-weisswein-trocken\/","name":"Riscos de Famara Wei\u00dfwein, trocken &#8226; Vega de Yuco","isPartOf":{"@id":"https:\/\/www.vegadeyuco.com\/de\/#website"},"primaryImageOfPage":{"@id":"https:\/\/www.vegadeyuco.com\/de\/producto\/riscos-de-famara-weisswein-trocken\/#primaryimage"},"image":{"@id":"https:\/\/www.vegadeyuco.com\/de\/producto\/riscos-de-famara-weisswein-trocken\/#primaryimage"},"thumbnailUrl":"https:\/\/www.vegadeyuco.com\/wp-content\/uploads\/2019\/11\/Famara-Blanco-seco.png","datePublished":"2025-05-18T18:57:13+00:00","description":"Famara Wei\u00dfwein trocken ist ein Wein, der von unserer reichen Vielfalt erz\u00e4hlt und aus einer Mischung von List\u00e1n Blanco, Diego und Malvas\u00eda Volc\u00e1nica hergestellt wird.","breadcrumb":{"@id":"https:\/\/www.vegadeyuco.com\/de\/producto\/riscos-de-famara-weisswein-trocken\/#breadcrumb"},"inLanguage":"de","potentialAction":[{"@type":"ReadAction","target":["https:\/\/www.vegadeyuco.com\/de\/producto\/riscos-de-famara-weisswein-trocken\/"]}]},{"@type":"ImageObject","inLanguage":"de","@id":"https:\/\/www.vegadeyuco.com\/de\/producto\/riscos-de-famara-weisswein-trocken\/#primaryimage","url":"https:\/\/www.vegadeyuco.com\/wp-content\/uploads\/2019\/11\/Famara-Blanco-seco.png","contentUrl":"https:\/\/www.vegadeyuco.com\/wp-content\/uploads\/2019\/11\/Famara-Blanco-seco.png","width":1000,"height":1000},{"@type":"BreadcrumbList","@id":"https:\/\/www.vegadeyuco.com\/de\/producto\/riscos-de-famara-weisswein-trocken\/#breadcrumb","itemListElement":[{"@type":"ListItem","position":1,"name":"Portada","item":"https:\/\/www.vegadeyuco.com\/de\/vega-de-yuco-weinkellerei-auf-lanzarote\/"},{"@type":"ListItem","position":2,"name":"Shop","item":"https:\/\/www.vegadeyuco.com\/de\/shop\/"},{"@type":"ListItem","position":3,"name":"Riscos de Famara Wei\u00dfwein, trocken"}]},{"@type":"WebSite","@id":"https:\/\/www.vegadeyuco.com\/de\/#website","url":"https:\/\/www.vegadeyuco.com\/de\/","name":"Vega de Yuco","description":"Bodegas y Vi\u00f1edos Vega de Yuco en Lanzarote, una bodega tradicional Canaria que destila autenticidad e innovaci\u00f3n. ","publisher":{"@id":"https:\/\/www.vegadeyuco.com\/de\/#organization"},"potentialAction":[{"@type":"SearchAction","target":{"@type":"EntryPoint","urlTemplate":"https:\/\/www.vegadeyuco.com\/de\/?s={search_term_string}"},"query-input":{"@type":"PropertyValueSpecification","valueRequired":true,"valueName":"search_term_string"}}],"inLanguage":"de"},{"@type":"Organization","@id":"https:\/\/www.vegadeyuco.com\/de\/#organization","name":"Bodegas Vega de Yuco","url":"https:\/\/www.vegadeyuco.com\/de\/","logo":{"@type":"ImageObject","inLanguage":"de","@id":"https:\/\/www.vegadeyuco.com\/de\/#\/schema\/logo\/image\/","url":"https:\/\/www.vegadeyuco.com\/wp-content\/uploads\/2020\/01\/LOGO_VEGADEYUCO_cabecera_pedidos.png","contentUrl":"https:\/\/www.vegadeyuco.com\/wp-content\/uploads\/2020\/01\/LOGO_VEGADEYUCO_cabecera_pedidos.png","width":250,"height":150,"caption":"Bodegas Vega de Yuco"},"image":{"@id":"https:\/\/www.vegadeyuco.com\/de\/#\/schema\/logo\/image\/"},"sameAs":["https:\/\/www.facebook.com\/vegadeyuco","https:\/\/www.instagram.com\/vegadeyuco\/","https:\/\/www.youtube.com\/channel\/UCmDMkmxMCvbSXTLTAs3DM7A"]}]}},"post_mailing_queue_ids":[],"_links":{"self":[{"href":"https:\/\/www.vegadeyuco.com\/de\/wp-json\/wp\/v2\/product\/27668","targetHints":{"allow":["GET"]}}],"collection":[{"href":"https:\/\/www.vegadeyuco.com\/de\/wp-json\/wp\/v2\/product"}],"about":[{"href":"https:\/\/www.vegadeyuco.com\/de\/wp-json\/wp\/v2\/types\/product"}],"version-history":[{"count":0,"href":"https:\/\/www.vegadeyuco.com\/de\/wp-json\/wp\/v2\/product\/27668\/revisions"}],"wp:featuredmedia":[{"embeddable":true,"href":"https:\/\/www.vegadeyuco.com\/de\/wp-json\/wp\/v2\/media\/22105"}],"wp:attachment":[{"href":"https:\/\/www.vegadeyuco.com\/de\/wp-json\/wp\/v2\/media?parent=27668"}],"wp:term":[{"taxonomy":"product_brand","embeddable":true,"href":"https:\/\/www.vegadeyuco.com\/de\/wp-json\/wp\/v2\/product_brand?post=27668"},{"taxonomy":"product_cat","embeddable":true,"href":"https:\/\/www.vegadeyuco.com\/de\/wp-json\/wp\/v2\/product_cat?post=27668"},{"taxonomy":"product_tag","embeddable":true,"href":"https:\/\/www.vegadeyuco.com\/de\/wp-json\/wp\/v2\/product_tag?post=27668"}],"curies":[{"name":"wp","href":"https:\/\/api.w.org\/{rel}","templated":true}]}}