{"id":27672,"date":"2025-05-18T09:11:53","date_gmt":"2025-05-18T08:11:53","guid":{"rendered":"https:\/\/www.vegadeyuco.com\/producto\/riscos-famara-fruchtig\/"},"modified":"2025-05-18T09:11:53","modified_gmt":"2025-05-18T08:11:53","slug":"riscos-famara-fruchtig","status":"publish","type":"product","link":"https:\/\/www.vegadeyuco.com\/de\/producto\/riscos-famara-fruchtig\/","title":{"rendered":"Riscos Famara Fruchtig"},"content":{"rendered":"<p>Weich und ausdrucksstark, zeichnet er sich durch seine Ausgewogenheit zwischen nat\u00fcrlicher S\u00fc\u00dfe und einer Frische aus, die ihn lebendig, s\u00fc\u00df und leicht zu genie\u00dfen macht. Ideal f\u00fcr diejenigen, die einen etwas anderen Wei\u00dfwein mit vulkanischer Seele und Inselgeschmack suchen. <\/p>\n<p><span style=\"color: #0100a3;\">Farbe<\/span><br \/>\nHellgelb, klar und gl\u00e4nzend<\/p>\n<p><span style=\"color: #0100a3;\">Nase<\/span><br \/>\nBlumige und zitrusartige Aromen. Blassgelb, klar und gl\u00e4nzend.<\/p>\n<p><span style=\"color: #0100a3;\">Gaumen<\/span><br \/>\nAusgewogenes Verh\u00e4ltnis zwischen S\u00fc\u00dfe und Frische Hellgelb, klar und gl\u00e4nzend<\/p>\n<p>Famara Halb-s\u00fc\u00df passt perfekt zu Nudel- oder Reisgerichten und zu einem gem\u00fctlichen Beisammensein mit Freunden.<\/p>\n<p><em>* Allergene: Enth\u00e4lt Sulfite.<\/em><\/p>\n<p>&nbsp;<\/p>\n<hr>\n<p>&nbsp;<\/p>\n<p><strong>Weinbegleitung<\/strong><\/p>\n<p>Perfekt zu asiatischen Gerichten, Speisen mit Zitrusnoten, mildem K\u00e4se und Salaten mit Fr\u00fcchten oder s\u00fc\u00dfen Vinaigrettes. Er passt auch zu leichten Desserts wie Obstkuchen oder Zitronenmousse, deren Aromen er unterstreicht, ohne aufdringlich zu wirken. Ein vielseitiger Wein, der zum Spiel mit Kontrasten und Nuancen einl\u00e4dt. Blassgelb, klar und gl\u00e4nzend.  <\/p>\n","protected":false},"excerpt":{"rendered":"<p>Riscos de Famara Afrutado ist ein halbs\u00fc\u00dfer Wei\u00dfwein, der aus seltenen Rebsorten Lanzarotes hergestellt wird, die leicht \u00fcberreif geerntet werden, um ihre S\u00fc\u00dfe zu betonen. <\/p>\n<p><a href=\"https:\/\/www.vegadeyuco.com\/wp-content\/uploads\/2025\/05\/Ficha-Cata-_Riscos-Famara-Afrutado_2025.pdf\" target=\"_blank\" rel=\"noopener\">Siehe Verkostungsnotiz Hellgelb, klar und gl\u00e4nzend<\/a><\/p>\n","protected":false},"featured_media":22910,"template":"","meta":[],"product_brand":[],"product_cat":[376,370,366],"product_tag":[],"class_list":{"0":"post-27672","1":"product","2":"type-product","3":"status-publish","4":"has-post-thumbnail","6":"product_cat-famara","7":"product_cat-can","8":"product_cat-weis-halbtrocken","9":"product_shipping_class-nur-kanarische-inseln","11":"first","12":"outofstock","13":"shipping-taxable","14":"purchasable","15":"product-type-simple"},"yoast_head":"<!-- This site is optimized with the Yoast SEO plugin v26.8 - https:\/\/yoast.com\/product\/yoast-seo-wordpress\/ -->\n<title>Riscos Famara Fruchtig &#8226; Vega de Yuco<\/title>\n<meta name=\"description\" content=\"Ein Wein aus Lanzarote, der aus den auf der Insel selten vorkommenden Rebsorten hergestellt wird. Eine gute Balance zwischen S\u00fc\u00dfe und Frische.\" \/>\n<meta name=\"robots\" content=\"index, follow, max-snippet:-1, max-image-preview:large, max-video-preview:-1\" \/>\n<link rel=\"canonical\" href=\"https:\/\/www.vegadeyuco.com\/de\/producto\/riscos-famara-fruchtig\/\" \/>\n<meta property=\"og:locale\" content=\"de_DE\" \/>\n<meta property=\"og:type\" content=\"article\" \/>\n<meta property=\"og:title\" content=\"Riscos Famara Fruchtig &#8226; Vega de Yuco\" \/>\n<meta property=\"og:description\" content=\"Ein Wein aus Lanzarote, der aus den auf der Insel selten vorkommenden Rebsorten hergestellt wird. Eine gute Balance zwischen S\u00fc\u00dfe und Frische.\" \/>\n<meta property=\"og:url\" content=\"https:\/\/www.vegadeyuco.com\/de\/producto\/riscos-famara-fruchtig\/\" \/>\n<meta property=\"og:site_name\" content=\"Vega de Yuco\" \/>\n<meta property=\"article:publisher\" content=\"https:\/\/www.facebook.com\/vegadeyuco\" \/>\n<meta property=\"og:image\" content=\"https:\/\/www.vegadeyuco.com\/wp-content\/uploads\/2025\/05\/Famara-4-min.png\" \/>\n\t<meta property=\"og:image:width\" content=\"1001\" \/>\n\t<meta property=\"og:image:height\" content=\"1022\" \/>\n\t<meta property=\"og:image:type\" content=\"image\/png\" \/>\n<meta name=\"twitter:card\" content=\"summary_large_image\" \/>\n<meta name=\"twitter:label1\" content=\"Gesch\u00e4tzte Lesezeit\" \/>\n\t<meta name=\"twitter:data1\" content=\"1\u00a0Minute\" \/>\n<script type=\"application\/ld+json\" class=\"yoast-schema-graph\">{\"@context\":\"https:\/\/schema.org\",\"@graph\":[{\"@type\":\"WebPage\",\"@id\":\"https:\/\/www.vegadeyuco.com\/de\/producto\/riscos-famara-fruchtig\/\",\"url\":\"https:\/\/www.vegadeyuco.com\/de\/producto\/riscos-famara-fruchtig\/\",\"name\":\"Riscos Famara Fruchtig &#8226; Vega de Yuco\",\"isPartOf\":{\"@id\":\"https:\/\/www.vegadeyuco.com\/de\/#website\"},\"primaryImageOfPage\":{\"@id\":\"https:\/\/www.vegadeyuco.com\/de\/producto\/riscos-famara-fruchtig\/#primaryimage\"},\"image\":{\"@id\":\"https:\/\/www.vegadeyuco.com\/de\/producto\/riscos-famara-fruchtig\/#primaryimage\"},\"thumbnailUrl\":\"https:\/\/www.vegadeyuco.com\/wp-content\/uploads\/2025\/05\/Famara-4-min.png\",\"datePublished\":\"2025-05-18T08:11:53+00:00\",\"description\":\"Ein Wein aus Lanzarote, der aus den auf der Insel selten vorkommenden Rebsorten hergestellt wird. Eine gute Balance zwischen S\u00fc\u00dfe und Frische.\",\"breadcrumb\":{\"@id\":\"https:\/\/www.vegadeyuco.com\/de\/producto\/riscos-famara-fruchtig\/#breadcrumb\"},\"inLanguage\":\"de\",\"potentialAction\":[{\"@type\":\"ReadAction\",\"target\":[\"https:\/\/www.vegadeyuco.com\/de\/producto\/riscos-famara-fruchtig\/\"]}]},{\"@type\":\"ImageObject\",\"inLanguage\":\"de\",\"@id\":\"https:\/\/www.vegadeyuco.com\/de\/producto\/riscos-famara-fruchtig\/#primaryimage\",\"url\":\"https:\/\/www.vegadeyuco.com\/wp-content\/uploads\/2025\/05\/Famara-4-min.png\",\"contentUrl\":\"https:\/\/www.vegadeyuco.com\/wp-content\/uploads\/2025\/05\/Famara-4-min.png\",\"width\":1001,\"height\":1022},{\"@type\":\"BreadcrumbList\",\"@id\":\"https:\/\/www.vegadeyuco.com\/de\/producto\/riscos-famara-fruchtig\/#breadcrumb\",\"itemListElement\":[{\"@type\":\"ListItem\",\"position\":1,\"name\":\"Portada\",\"item\":\"https:\/\/www.vegadeyuco.com\/de\/vega-de-yuco-weinkellerei-auf-lanzarote\/\"},{\"@type\":\"ListItem\",\"position\":2,\"name\":\"Shop\",\"item\":\"https:\/\/www.vegadeyuco.com\/de\/shop\/\"},{\"@type\":\"ListItem\",\"position\":3,\"name\":\"Riscos Famara Fruchtig\"}]},{\"@type\":\"WebSite\",\"@id\":\"https:\/\/www.vegadeyuco.com\/de\/#website\",\"url\":\"https:\/\/www.vegadeyuco.com\/de\/\",\"name\":\"Vega de Yuco\",\"description\":\"Bodegas y Vi\u00f1edos Vega de Yuco en Lanzarote, una bodega tradicional Canaria que destila autenticidad e innovaci\u00f3n. \",\"publisher\":{\"@id\":\"https:\/\/www.vegadeyuco.com\/de\/#organization\"},\"potentialAction\":[{\"@type\":\"SearchAction\",\"target\":{\"@type\":\"EntryPoint\",\"urlTemplate\":\"https:\/\/www.vegadeyuco.com\/de\/?s={search_term_string}\"},\"query-input\":{\"@type\":\"PropertyValueSpecification\",\"valueRequired\":true,\"valueName\":\"search_term_string\"}}],\"inLanguage\":\"de\"},{\"@type\":\"Organization\",\"@id\":\"https:\/\/www.vegadeyuco.com\/de\/#organization\",\"name\":\"Bodegas Vega de Yuco\",\"url\":\"https:\/\/www.vegadeyuco.com\/de\/\",\"logo\":{\"@type\":\"ImageObject\",\"inLanguage\":\"de\",\"@id\":\"https:\/\/www.vegadeyuco.com\/de\/#\/schema\/logo\/image\/\",\"url\":\"https:\/\/www.vegadeyuco.com\/wp-content\/uploads\/2020\/01\/LOGO_VEGADEYUCO_cabecera_pedidos.png\",\"contentUrl\":\"https:\/\/www.vegadeyuco.com\/wp-content\/uploads\/2020\/01\/LOGO_VEGADEYUCO_cabecera_pedidos.png\",\"width\":250,\"height\":150,\"caption\":\"Bodegas Vega de Yuco\"},\"image\":{\"@id\":\"https:\/\/www.vegadeyuco.com\/de\/#\/schema\/logo\/image\/\"},\"sameAs\":[\"https:\/\/www.facebook.com\/vegadeyuco\",\"https:\/\/www.instagram.com\/vegadeyuco\/\",\"https:\/\/www.youtube.com\/channel\/UCmDMkmxMCvbSXTLTAs3DM7A\"]}]}<\/script>\n<!-- \/ Yoast SEO plugin. -->","yoast_head_json":{"title":"Riscos Famara Fruchtig &#8226; Vega de Yuco","description":"Ein Wein aus Lanzarote, der aus den auf der Insel selten vorkommenden Rebsorten hergestellt wird. Eine gute Balance zwischen S\u00fc\u00dfe und Frische.","robots":{"index":"index","follow":"follow","max-snippet":"max-snippet:-1","max-image-preview":"max-image-preview:large","max-video-preview":"max-video-preview:-1"},"canonical":"https:\/\/www.vegadeyuco.com\/de\/producto\/riscos-famara-fruchtig\/","og_locale":"de_DE","og_type":"article","og_title":"Riscos Famara Fruchtig &#8226; Vega de Yuco","og_description":"Ein Wein aus Lanzarote, der aus den auf der Insel selten vorkommenden Rebsorten hergestellt wird. Eine gute Balance zwischen S\u00fc\u00dfe und Frische.","og_url":"https:\/\/www.vegadeyuco.com\/de\/producto\/riscos-famara-fruchtig\/","og_site_name":"Vega de Yuco","article_publisher":"https:\/\/www.facebook.com\/vegadeyuco","og_image":[{"width":1001,"height":1022,"url":"https:\/\/www.vegadeyuco.com\/wp-content\/uploads\/2025\/05\/Famara-4-min.png","type":"image\/png"}],"twitter_card":"summary_large_image","twitter_misc":{"Gesch\u00e4tzte Lesezeit":"1\u00a0Minute"},"schema":{"@context":"https:\/\/schema.org","@graph":[{"@type":"WebPage","@id":"https:\/\/www.vegadeyuco.com\/de\/producto\/riscos-famara-fruchtig\/","url":"https:\/\/www.vegadeyuco.com\/de\/producto\/riscos-famara-fruchtig\/","name":"Riscos Famara Fruchtig &#8226; Vega de Yuco","isPartOf":{"@id":"https:\/\/www.vegadeyuco.com\/de\/#website"},"primaryImageOfPage":{"@id":"https:\/\/www.vegadeyuco.com\/de\/producto\/riscos-famara-fruchtig\/#primaryimage"},"image":{"@id":"https:\/\/www.vegadeyuco.com\/de\/producto\/riscos-famara-fruchtig\/#primaryimage"},"thumbnailUrl":"https:\/\/www.vegadeyuco.com\/wp-content\/uploads\/2025\/05\/Famara-4-min.png","datePublished":"2025-05-18T08:11:53+00:00","description":"Ein Wein aus Lanzarote, der aus den auf der Insel selten vorkommenden Rebsorten hergestellt wird. Eine gute Balance zwischen S\u00fc\u00dfe und Frische.","breadcrumb":{"@id":"https:\/\/www.vegadeyuco.com\/de\/producto\/riscos-famara-fruchtig\/#breadcrumb"},"inLanguage":"de","potentialAction":[{"@type":"ReadAction","target":["https:\/\/www.vegadeyuco.com\/de\/producto\/riscos-famara-fruchtig\/"]}]},{"@type":"ImageObject","inLanguage":"de","@id":"https:\/\/www.vegadeyuco.com\/de\/producto\/riscos-famara-fruchtig\/#primaryimage","url":"https:\/\/www.vegadeyuco.com\/wp-content\/uploads\/2025\/05\/Famara-4-min.png","contentUrl":"https:\/\/www.vegadeyuco.com\/wp-content\/uploads\/2025\/05\/Famara-4-min.png","width":1001,"height":1022},{"@type":"BreadcrumbList","@id":"https:\/\/www.vegadeyuco.com\/de\/producto\/riscos-famara-fruchtig\/#breadcrumb","itemListElement":[{"@type":"ListItem","position":1,"name":"Portada","item":"https:\/\/www.vegadeyuco.com\/de\/vega-de-yuco-weinkellerei-auf-lanzarote\/"},{"@type":"ListItem","position":2,"name":"Shop","item":"https:\/\/www.vegadeyuco.com\/de\/shop\/"},{"@type":"ListItem","position":3,"name":"Riscos Famara Fruchtig"}]},{"@type":"WebSite","@id":"https:\/\/www.vegadeyuco.com\/de\/#website","url":"https:\/\/www.vegadeyuco.com\/de\/","name":"Vega de Yuco","description":"Bodegas y Vi\u00f1edos Vega de Yuco en Lanzarote, una bodega tradicional Canaria que destila autenticidad e innovaci\u00f3n. ","publisher":{"@id":"https:\/\/www.vegadeyuco.com\/de\/#organization"},"potentialAction":[{"@type":"SearchAction","target":{"@type":"EntryPoint","urlTemplate":"https:\/\/www.vegadeyuco.com\/de\/?s={search_term_string}"},"query-input":{"@type":"PropertyValueSpecification","valueRequired":true,"valueName":"search_term_string"}}],"inLanguage":"de"},{"@type":"Organization","@id":"https:\/\/www.vegadeyuco.com\/de\/#organization","name":"Bodegas Vega de Yuco","url":"https:\/\/www.vegadeyuco.com\/de\/","logo":{"@type":"ImageObject","inLanguage":"de","@id":"https:\/\/www.vegadeyuco.com\/de\/#\/schema\/logo\/image\/","url":"https:\/\/www.vegadeyuco.com\/wp-content\/uploads\/2020\/01\/LOGO_VEGADEYUCO_cabecera_pedidos.png","contentUrl":"https:\/\/www.vegadeyuco.com\/wp-content\/uploads\/2020\/01\/LOGO_VEGADEYUCO_cabecera_pedidos.png","width":250,"height":150,"caption":"Bodegas Vega de Yuco"},"image":{"@id":"https:\/\/www.vegadeyuco.com\/de\/#\/schema\/logo\/image\/"},"sameAs":["https:\/\/www.facebook.com\/vegadeyuco","https:\/\/www.instagram.com\/vegadeyuco\/","https:\/\/www.youtube.com\/channel\/UCmDMkmxMCvbSXTLTAs3DM7A"]}]}},"post_mailing_queue_ids":[],"_links":{"self":[{"href":"https:\/\/www.vegadeyuco.com\/de\/wp-json\/wp\/v2\/product\/27672","targetHints":{"allow":["GET"]}}],"collection":[{"href":"https:\/\/www.vegadeyuco.com\/de\/wp-json\/wp\/v2\/product"}],"about":[{"href":"https:\/\/www.vegadeyuco.com\/de\/wp-json\/wp\/v2\/types\/product"}],"version-history":[{"count":0,"href":"https:\/\/www.vegadeyuco.com\/de\/wp-json\/wp\/v2\/product\/27672\/revisions"}],"wp:featuredmedia":[{"embeddable":true,"href":"https:\/\/www.vegadeyuco.com\/de\/wp-json\/wp\/v2\/media\/22910"}],"wp:attachment":[{"href":"https:\/\/www.vegadeyuco.com\/de\/wp-json\/wp\/v2\/media?parent=27672"}],"wp:term":[{"taxonomy":"product_brand","embeddable":true,"href":"https:\/\/www.vegadeyuco.com\/de\/wp-json\/wp\/v2\/product_brand?post=27672"},{"taxonomy":"product_cat","embeddable":true,"href":"https:\/\/www.vegadeyuco.com\/de\/wp-json\/wp\/v2\/product_cat?post=27672"},{"taxonomy":"product_tag","embeddable":true,"href":"https:\/\/www.vegadeyuco.com\/de\/wp-json\/wp\/v2\/product_tag?post=27672"}],"curies":[{"name":"wp","href":"https:\/\/api.w.org\/{rel}","templated":true}]}}