{"id":27686,"date":"2025-05-16T14:10:54","date_gmt":"2025-05-16T13:10:54","guid":{"rendered":"https:\/\/www.vegadeyuco.com\/producto\/princesa-fayna\/"},"modified":"2025-05-16T14:10:54","modified_gmt":"2025-05-16T13:10:54","slug":"princesa-fayna","status":"publish","type":"product","link":"https:\/\/www.vegadeyuco.com\/de\/producto\/princesa-fayna\/","title":{"rendered":"Princesa Fayna"},"content":{"rendered":"<p>Der erste Schaumwein \u2013 Brut Nature \u2013 von Bodegas Vega de Yuco strahlt Modernit\u00e4t und Eleganz aus und zeugt gleichzeitig von Respekt f\u00fcr das Terroir und den traditionellen Weinbau Lanzarotes.<\/p>\n<p>Princesa Fayna, die Ureinwohnerk\u00f6nigin von Lanzarote, ist das neue Projekt von Vega de Yuco, um das \u00e4lteste Weinbauerbe der Insel zu bewahren und aufzuwerten. Eine Minderheitskultur, die vor allem auf Lanzarote durch die Rebsorte Diego vertreten ist. Fr\u00fcher war diese Rebsorte im S\u00fcden der Iberischen Halbinsel weit verbreitet, verschwand jedoch nach den Angriffen der Reblausplage Ende des 19. Jahrhunderts, von der fast alle europ\u00e4ischen Weinberge betroffen waren, fast vollst\u00e4ndig. Die Diego-Traube ist, wie andere Sorten der Insel auch, vorphylloxerisch und hat sich auf Lanzarote dank des Einfallsreichtums und der Anstrengungen der M\u00e4nner und Frauen dieses Landes erhalten, die es verstanden haben, dieses weltweit einzigartige und au\u00dferordentlich wertvolle nat\u00fcrliche Weinerbe zu bewahren.   <\/p>\n<p>Die Trauben, die f\u00fcr die Herstellung dieses Brut Nature-Schaumweins verwendet werden, stammen aus dem Naturgebiet rund um den Berg Juan Bello, genauer gesagt von Parzellen in einer k\u00fchlen Zone der Insel. Aus jahrhundertealten Weinbergen, in denen diese Rebsorte auf Lanzarote par excellence vorherrscht. Der Anbau erfolgt traditionell, handwerklich und in Gruben. Die Lese erfolgt auch sp\u00e4ter als bei anderen Sorten.   <\/p>\n<p><span style=\"color: #0100a3;\">Farbe<\/span><br \/>\nEs handelt sich um einen blassgelben Wein mit goldenen Reflexen, klar und gl\u00e4nzend.<\/p>\n<p><span style=\"color: #0100a3;\">Nase<\/span><br \/>\nEr bietet blumige Aromen, vermischt mit Noten von Trockenfr\u00fcchten aufgrund seiner langen Reifung auf Hefe, mit Noten von Kr\u00e4utern und Gew\u00fcrzen. Er zeichnet sich durch Frische und Eleganz aus. <\/p>\n<p><span style=\"color: #0100a3;\">Gaumen<\/span><br \/>\nAm Gaumen pr\u00e4sentiert er sich frisch, ausgewogen, spritzig, cremig, lang und langlebig, mit einer guten Kohlens\u00e4ure.<\/p>\n<p><em>* Allergene: Enth\u00e4lt Sulfite.<\/em><\/p>\n","protected":false},"excerpt":{"rendered":"<p>Der erste Schaumwein \u2013 Brut Nature \u2013 von Bodegas Vega de Yuco strahlt Modernit\u00e4t und Eleganz aus und zeugt gleichzeitig von Respekt f\u00fcr das Terroir und den traditionellen Weinbau Lanzarotes. <\/p>\n<p><em><strong>Nur auf den Kanarischen Inseln erh\u00e4ltlich. <\/strong><\/em><\/p>\n<p><strong>Siehe Verkostungsnotiz<\/strong><\/p>\n<p><a href=\"https:\/\/www.vegadeyuco.com\/wp-content\/uploads\/2022\/02\/Princesa_Fayna_brut_nature-min.pdf\" target=\"_blank\" rel=\"noopener\">Espa\u00f1ol<\/a> <a href=\"https:\/\/www.vegadeyuco.com\/wp-content\/uploads\/2025\/05\/Princesa-Fayna-ENG.pdf\" target=\"_blank\" rel=\"noopener\">English<\/a><\/p>\n","protected":false},"featured_media":22109,"template":"","meta":[],"product_brand":[],"product_cat":[379,370,380,372],"product_tag":[],"class_list":{"0":"post-27686","1":"product","2":"type-product","3":"status-publish","4":"has-post-thumbnail","6":"product_cat-fayna","7":"product_cat-can","8":"product_cat-schaumweine","9":"product_cat-weiswein-trocken","10":"product_shipping_class-nur-kanarische-inseln","12":"first","13":"instock","14":"shipping-taxable","15":"purchasable","16":"product-type-simple"},"yoast_head":"<!-- This site is optimized with the Yoast SEO plugin v26.8 - https:\/\/yoast.com\/product\/yoast-seo-wordpress\/ -->\n<title>Princesa Fayna &#8226; Vega de Yuco<\/title>\n<meta name=\"description\" content=\"Der Schaumwein Brut Nature von Vega de Yuco strahlt Modernit\u00e4t und Eleganz aus und zollt gleichzeitig dem traditionellen Weinbau auf Lanzarote Respekt.\" \/>\n<meta name=\"robots\" content=\"index, follow, max-snippet:-1, max-image-preview:large, max-video-preview:-1\" \/>\n<link rel=\"canonical\" href=\"https:\/\/www.vegadeyuco.com\/de\/producto\/princesa-fayna\/\" \/>\n<meta property=\"og:locale\" content=\"de_DE\" \/>\n<meta property=\"og:type\" content=\"article\" \/>\n<meta property=\"og:title\" content=\"Princesa Fayna &#8226; Vega de Yuco\" \/>\n<meta property=\"og:description\" content=\"Der Schaumwein Brut Nature von Vega de Yuco strahlt Modernit\u00e4t und Eleganz aus und zollt gleichzeitig dem traditionellen Weinbau auf Lanzarote Respekt.\" \/>\n<meta property=\"og:url\" content=\"https:\/\/www.vegadeyuco.com\/de\/producto\/princesa-fayna\/\" \/>\n<meta property=\"og:site_name\" content=\"Vega de Yuco\" \/>\n<meta property=\"article:publisher\" content=\"https:\/\/www.facebook.com\/vegadeyuco\" \/>\n<meta property=\"og:image\" content=\"https:\/\/www.vegadeyuco.com\/wp-content\/uploads\/2021\/12\/Princesa-fayna.png\" \/>\n\t<meta property=\"og:image:width\" content=\"1000\" \/>\n\t<meta property=\"og:image:height\" content=\"1000\" \/>\n\t<meta property=\"og:image:type\" content=\"image\/png\" \/>\n<meta name=\"twitter:card\" content=\"summary_large_image\" \/>\n<meta name=\"twitter:label1\" content=\"Gesch\u00e4tzte Lesezeit\" \/>\n\t<meta name=\"twitter:data1\" content=\"1\u00a0Minute\" \/>\n<script type=\"application\/ld+json\" class=\"yoast-schema-graph\">{\"@context\":\"https:\/\/schema.org\",\"@graph\":[{\"@type\":\"WebPage\",\"@id\":\"https:\/\/www.vegadeyuco.com\/de\/producto\/princesa-fayna\/\",\"url\":\"https:\/\/www.vegadeyuco.com\/de\/producto\/princesa-fayna\/\",\"name\":\"Princesa Fayna &#8226; Vega de Yuco\",\"isPartOf\":{\"@id\":\"https:\/\/www.vegadeyuco.com\/de\/#website\"},\"primaryImageOfPage\":{\"@id\":\"https:\/\/www.vegadeyuco.com\/de\/producto\/princesa-fayna\/#primaryimage\"},\"image\":{\"@id\":\"https:\/\/www.vegadeyuco.com\/de\/producto\/princesa-fayna\/#primaryimage\"},\"thumbnailUrl\":\"https:\/\/www.vegadeyuco.com\/wp-content\/uploads\/2021\/12\/Princesa-fayna.png\",\"datePublished\":\"2025-05-16T13:10:54+00:00\",\"description\":\"Der Schaumwein Brut Nature von Vega de Yuco strahlt Modernit\u00e4t und Eleganz aus und zollt gleichzeitig dem traditionellen Weinbau auf Lanzarote Respekt.\",\"breadcrumb\":{\"@id\":\"https:\/\/www.vegadeyuco.com\/de\/producto\/princesa-fayna\/#breadcrumb\"},\"inLanguage\":\"de\",\"potentialAction\":[{\"@type\":\"ReadAction\",\"target\":[\"https:\/\/www.vegadeyuco.com\/de\/producto\/princesa-fayna\/\"]}]},{\"@type\":\"ImageObject\",\"inLanguage\":\"de\",\"@id\":\"https:\/\/www.vegadeyuco.com\/de\/producto\/princesa-fayna\/#primaryimage\",\"url\":\"https:\/\/www.vegadeyuco.com\/wp-content\/uploads\/2021\/12\/Princesa-fayna.png\",\"contentUrl\":\"https:\/\/www.vegadeyuco.com\/wp-content\/uploads\/2021\/12\/Princesa-fayna.png\",\"width\":1000,\"height\":1000},{\"@type\":\"BreadcrumbList\",\"@id\":\"https:\/\/www.vegadeyuco.com\/de\/producto\/princesa-fayna\/#breadcrumb\",\"itemListElement\":[{\"@type\":\"ListItem\",\"position\":1,\"name\":\"Portada\",\"item\":\"https:\/\/www.vegadeyuco.com\/de\/vega-de-yuco-weinkellerei-auf-lanzarote\/\"},{\"@type\":\"ListItem\",\"position\":2,\"name\":\"Shop\",\"item\":\"https:\/\/www.vegadeyuco.com\/de\/shop\/\"},{\"@type\":\"ListItem\",\"position\":3,\"name\":\"Princesa Fayna\"}]},{\"@type\":\"WebSite\",\"@id\":\"https:\/\/www.vegadeyuco.com\/de\/#website\",\"url\":\"https:\/\/www.vegadeyuco.com\/de\/\",\"name\":\"Vega de Yuco\",\"description\":\"Bodegas y Vi\u00f1edos Vega de Yuco en Lanzarote, una bodega tradicional Canaria que destila autenticidad e innovaci\u00f3n. \",\"publisher\":{\"@id\":\"https:\/\/www.vegadeyuco.com\/de\/#organization\"},\"potentialAction\":[{\"@type\":\"SearchAction\",\"target\":{\"@type\":\"EntryPoint\",\"urlTemplate\":\"https:\/\/www.vegadeyuco.com\/de\/?s={search_term_string}\"},\"query-input\":{\"@type\":\"PropertyValueSpecification\",\"valueRequired\":true,\"valueName\":\"search_term_string\"}}],\"inLanguage\":\"de\"},{\"@type\":\"Organization\",\"@id\":\"https:\/\/www.vegadeyuco.com\/de\/#organization\",\"name\":\"Bodegas Vega de Yuco\",\"url\":\"https:\/\/www.vegadeyuco.com\/de\/\",\"logo\":{\"@type\":\"ImageObject\",\"inLanguage\":\"de\",\"@id\":\"https:\/\/www.vegadeyuco.com\/de\/#\/schema\/logo\/image\/\",\"url\":\"https:\/\/www.vegadeyuco.com\/wp-content\/uploads\/2020\/01\/LOGO_VEGADEYUCO_cabecera_pedidos.png\",\"contentUrl\":\"https:\/\/www.vegadeyuco.com\/wp-content\/uploads\/2020\/01\/LOGO_VEGADEYUCO_cabecera_pedidos.png\",\"width\":250,\"height\":150,\"caption\":\"Bodegas Vega de Yuco\"},\"image\":{\"@id\":\"https:\/\/www.vegadeyuco.com\/de\/#\/schema\/logo\/image\/\"},\"sameAs\":[\"https:\/\/www.facebook.com\/vegadeyuco\",\"https:\/\/www.instagram.com\/vegadeyuco\/\",\"https:\/\/www.youtube.com\/channel\/UCmDMkmxMCvbSXTLTAs3DM7A\"]}]}<\/script>\n<!-- \/ Yoast SEO plugin. -->","yoast_head_json":{"title":"Princesa Fayna &#8226; Vega de Yuco","description":"Der Schaumwein Brut Nature von Vega de Yuco strahlt Modernit\u00e4t und Eleganz aus und zollt gleichzeitig dem traditionellen Weinbau auf Lanzarote Respekt.","robots":{"index":"index","follow":"follow","max-snippet":"max-snippet:-1","max-image-preview":"max-image-preview:large","max-video-preview":"max-video-preview:-1"},"canonical":"https:\/\/www.vegadeyuco.com\/de\/producto\/princesa-fayna\/","og_locale":"de_DE","og_type":"article","og_title":"Princesa Fayna &#8226; Vega de Yuco","og_description":"Der Schaumwein Brut Nature von Vega de Yuco strahlt Modernit\u00e4t und Eleganz aus und zollt gleichzeitig dem traditionellen Weinbau auf Lanzarote Respekt.","og_url":"https:\/\/www.vegadeyuco.com\/de\/producto\/princesa-fayna\/","og_site_name":"Vega de Yuco","article_publisher":"https:\/\/www.facebook.com\/vegadeyuco","og_image":[{"width":1000,"height":1000,"url":"https:\/\/www.vegadeyuco.com\/wp-content\/uploads\/2021\/12\/Princesa-fayna.png","type":"image\/png"}],"twitter_card":"summary_large_image","twitter_misc":{"Gesch\u00e4tzte Lesezeit":"1\u00a0Minute"},"schema":{"@context":"https:\/\/schema.org","@graph":[{"@type":"WebPage","@id":"https:\/\/www.vegadeyuco.com\/de\/producto\/princesa-fayna\/","url":"https:\/\/www.vegadeyuco.com\/de\/producto\/princesa-fayna\/","name":"Princesa Fayna &#8226; Vega de Yuco","isPartOf":{"@id":"https:\/\/www.vegadeyuco.com\/de\/#website"},"primaryImageOfPage":{"@id":"https:\/\/www.vegadeyuco.com\/de\/producto\/princesa-fayna\/#primaryimage"},"image":{"@id":"https:\/\/www.vegadeyuco.com\/de\/producto\/princesa-fayna\/#primaryimage"},"thumbnailUrl":"https:\/\/www.vegadeyuco.com\/wp-content\/uploads\/2021\/12\/Princesa-fayna.png","datePublished":"2025-05-16T13:10:54+00:00","description":"Der Schaumwein Brut Nature von Vega de Yuco strahlt Modernit\u00e4t und Eleganz aus und zollt gleichzeitig dem traditionellen Weinbau auf Lanzarote Respekt.","breadcrumb":{"@id":"https:\/\/www.vegadeyuco.com\/de\/producto\/princesa-fayna\/#breadcrumb"},"inLanguage":"de","potentialAction":[{"@type":"ReadAction","target":["https:\/\/www.vegadeyuco.com\/de\/producto\/princesa-fayna\/"]}]},{"@type":"ImageObject","inLanguage":"de","@id":"https:\/\/www.vegadeyuco.com\/de\/producto\/princesa-fayna\/#primaryimage","url":"https:\/\/www.vegadeyuco.com\/wp-content\/uploads\/2021\/12\/Princesa-fayna.png","contentUrl":"https:\/\/www.vegadeyuco.com\/wp-content\/uploads\/2021\/12\/Princesa-fayna.png","width":1000,"height":1000},{"@type":"BreadcrumbList","@id":"https:\/\/www.vegadeyuco.com\/de\/producto\/princesa-fayna\/#breadcrumb","itemListElement":[{"@type":"ListItem","position":1,"name":"Portada","item":"https:\/\/www.vegadeyuco.com\/de\/vega-de-yuco-weinkellerei-auf-lanzarote\/"},{"@type":"ListItem","position":2,"name":"Shop","item":"https:\/\/www.vegadeyuco.com\/de\/shop\/"},{"@type":"ListItem","position":3,"name":"Princesa Fayna"}]},{"@type":"WebSite","@id":"https:\/\/www.vegadeyuco.com\/de\/#website","url":"https:\/\/www.vegadeyuco.com\/de\/","name":"Vega de Yuco","description":"Bodegas y Vi\u00f1edos Vega de Yuco en Lanzarote, una bodega tradicional Canaria que destila autenticidad e innovaci\u00f3n. ","publisher":{"@id":"https:\/\/www.vegadeyuco.com\/de\/#organization"},"potentialAction":[{"@type":"SearchAction","target":{"@type":"EntryPoint","urlTemplate":"https:\/\/www.vegadeyuco.com\/de\/?s={search_term_string}"},"query-input":{"@type":"PropertyValueSpecification","valueRequired":true,"valueName":"search_term_string"}}],"inLanguage":"de"},{"@type":"Organization","@id":"https:\/\/www.vegadeyuco.com\/de\/#organization","name":"Bodegas Vega de Yuco","url":"https:\/\/www.vegadeyuco.com\/de\/","logo":{"@type":"ImageObject","inLanguage":"de","@id":"https:\/\/www.vegadeyuco.com\/de\/#\/schema\/logo\/image\/","url":"https:\/\/www.vegadeyuco.com\/wp-content\/uploads\/2020\/01\/LOGO_VEGADEYUCO_cabecera_pedidos.png","contentUrl":"https:\/\/www.vegadeyuco.com\/wp-content\/uploads\/2020\/01\/LOGO_VEGADEYUCO_cabecera_pedidos.png","width":250,"height":150,"caption":"Bodegas Vega de Yuco"},"image":{"@id":"https:\/\/www.vegadeyuco.com\/de\/#\/schema\/logo\/image\/"},"sameAs":["https:\/\/www.facebook.com\/vegadeyuco","https:\/\/www.instagram.com\/vegadeyuco\/","https:\/\/www.youtube.com\/channel\/UCmDMkmxMCvbSXTLTAs3DM7A"]}]}},"post_mailing_queue_ids":[],"_links":{"self":[{"href":"https:\/\/www.vegadeyuco.com\/de\/wp-json\/wp\/v2\/product\/27686","targetHints":{"allow":["GET"]}}],"collection":[{"href":"https:\/\/www.vegadeyuco.com\/de\/wp-json\/wp\/v2\/product"}],"about":[{"href":"https:\/\/www.vegadeyuco.com\/de\/wp-json\/wp\/v2\/types\/product"}],"version-history":[{"count":0,"href":"https:\/\/www.vegadeyuco.com\/de\/wp-json\/wp\/v2\/product\/27686\/revisions"}],"wp:featuredmedia":[{"embeddable":true,"href":"https:\/\/www.vegadeyuco.com\/de\/wp-json\/wp\/v2\/media\/22109"}],"wp:attachment":[{"href":"https:\/\/www.vegadeyuco.com\/de\/wp-json\/wp\/v2\/media?parent=27686"}],"wp:term":[{"taxonomy":"product_brand","embeddable":true,"href":"https:\/\/www.vegadeyuco.com\/de\/wp-json\/wp\/v2\/product_brand?post=27686"},{"taxonomy":"product_cat","embeddable":true,"href":"https:\/\/www.vegadeyuco.com\/de\/wp-json\/wp\/v2\/product_cat?post=27686"},{"taxonomy":"product_tag","embeddable":true,"href":"https:\/\/www.vegadeyuco.com\/de\/wp-json\/wp\/v2\/product_tag?post=27686"}],"curies":[{"name":"wp","href":"https:\/\/api.w.org\/{rel}","templated":true}]}}