{"id":27689,"date":"2025-05-16T13:23:32","date_gmt":"2025-05-16T12:23:32","guid":{"rendered":"https:\/\/www.vegadeyuco.com\/producto\/dyuco-ancestral\/"},"modified":"2025-05-16T13:23:32","modified_gmt":"2025-05-16T12:23:32","slug":"dyuco-ancestral","status":"publish","type":"product","link":"https:\/\/www.vegadeyuco.com\/de\/producto\/dyuco-ancestral\/","title":{"rendered":"D&#8217;Yuco Ancestral"},"content":{"rendered":"<p><span style=\"color: #0100a3;\">Farbe<\/span><br \/>\nSchaumwein mit tr\u00fcbem, ungefiltertem Aussehen. Blassgelbe Farbe. <\/p>\n<p><span style=\"color: #0100a3;\">Nase<\/span><br \/>\nGute aromatische Intensit\u00e4t, stets gepr\u00e4gt von Noten frischer wei\u00dfer Fr\u00fcchte wie Apfel oder Birne, vor einem breiten Hintergrund aus Litschi und reifer Mispel. Sehr reine und frische Nase. <\/p>\n<p><span style=\"color: #0100a3;\">Gaumen<\/span><br \/>\nWir genie\u00dfen einen s\u00fc\u00dfen Einstieg mit einer gut integrierten, sanften und angenehmen S\u00e4ure sowie einer feinen, sehr angenehmen Perlage, die f\u00fcr ein dezentes Volumen sorgt.<\/p>\n<p><em>* Allergene: Enth\u00e4lt Sulfite.<\/em><\/p>\n<p>&nbsp;<\/p>\n<hr>\n<p>&nbsp;<\/p>\n<p><strong>Weinbegleitung<\/strong><\/p>\n<p>Dieser Wein passt perfekt zu allen Arten von kalten Vorspeisen und Tapas. Er harmoniert sehr gut mit Gerichten wie Garnelencocktails, Carpaccios, Pasteten, Salaten oder Sushi. Ideal auch zu Fisch und Meeresfr\u00fcchten wie Tatakis, gegrilltem Tintenfisch, Austern und sogar zu allen Arten von Gem\u00fcse, R\u00e4ucherwaren und K\u00e4se, bis hin zu Desserts.  <\/p>\n","protected":false},"excerpt":{"rendered":"<div><span style=\"color: #000080;\"><em>Neu! <\/em><\/span><\/div>\n<div><\/div>\n<div class=\"elementor-element-overlay\"><span class=\"OYPEnA text-decoration-none text-strikethrough-none\">Dieser Ancestral-Schaumwein wird aus autochthonen, vulkanischen und jahrhundertealten List\u00e1n Blanco-Reben aus Lanzarote hergestellt. Ein nat\u00fcrlicher, ungefilterter Wein. Fr\u00f6hlich, frisch, elegant und mit feiner Perlage, der die authentischste Seite des traditionellen Weinbaus unserer Insel repr\u00e4sentiert.  <\/span><\/div>\n<div class=\"elementor-column-wrap elementor-element-populated\">\n<div class=\"elementor-widget-wrap ui-sortable\">\n<div class=\"elementor-element elementor-element-edit-mode elementor-element-4bd66e4f elementor-element--toggle-edit-tools elementor-widget elementor-widget-text-editor\" data-id=\"4bd66e4f\" data-element_type=\"widget\" data-model-cid=\"c34\" data-widget_type=\"text-editor.default\">\n<div class=\"elementor-widget-container\">\n<div class=\"elementor-text-editor elementor-clearfix elementor-inline-editing\" data-elementor-setting-key=\"editor\" data-elementor-inline-editing-toolbar=\"advanced\">\n<p class=\"cvGsUA direction-ltr align-justify para-style-body\"><span class=\"OYPEnA text-decoration-none text-strikethrough-none\">Die Weinbereitung erfolgt nach der traditionellen Methode, die sich durch eine einzige G\u00e4rung auszeichnet, mit einer Flaschenreifung auf der Feinhefe von mindestens 9 Monaten.<\/span><\/p>\n<p class=\"cvGsUA direction-ltr align-justify para-style-body\"><span class=\"OYPEnA text-decoration-none text-strikethrough-none\">Aus dem \u00e4ltesten Erbe der Kanarischen Inseln stammt diese Rebsorte, die bereits vor der Reblausplage existierte. Ihre Trauben werden auf ungepfropften Rebst\u00f6cken angebaut, die an verschiedene Anbaugebiete und H\u00f6henlagen der Insel angepasst sind. <\/span><\/p>\n<p class=\"cvGsUA direction-ltr align-justify para-style-body\">Es ist das neue Projekt der Bodegas Vega de Yuco, um das reiche Weinerbe Lanzarotes zu innovieren, zu bewahren und aufzuwerten.<\/p>\n<p class=\"cvGsUA direction-ltr align-end para-style-body\"><strong><span class=\"OYPEnA text-decoration-none text-strikethrough-none\">*Limitierte Auflage:<\/span> <span class=\"OYPEnA text-decoration-none text-strikethrough-none\">2.000 Flaschen<\/span><\/strong><\/p>\n<\/div>\n<\/div>\n<\/div>\n<\/div>\n<\/div>\n<p><span class=\"OYPEnA text-decoration-none text-strikethrough-none\"> <\/span><em><strong>Nur f\u00fcr die Kanarischen Inseln verf\u00fcgbar<\/strong><\/em><\/p>\n<p><a href=\"https:\/\/www.vegadeyuco.com\/wp-content\/uploads\/2024\/06\/Ficha-de-Cata-DYuco-Ancestral-2.pdf\" target=\"_blank\" rel=\"noopener\">Siehe Verkostungsnotiz<\/a><\/p>\n","protected":false},"featured_media":22108,"template":"","meta":[],"product_brand":[],"product_cat":[370,380,372],"product_tag":[],"class_list":{"0":"post-27689","1":"product","2":"type-product","3":"status-publish","4":"has-post-thumbnail","6":"product_cat-can","7":"product_cat-schaumweine","8":"product_cat-weiswein-trocken","9":"product_shipping_class-nur-kanarische-inseln","11":"first","12":"instock","13":"shipping-taxable","14":"purchasable","15":"product-type-simple"},"yoast_head":"<!-- This site is optimized with the Yoast SEO plugin v26.8 - https:\/\/yoast.com\/product\/yoast-seo-wordpress\/ -->\n<title>D&#039;Yuco Ancestral &#8226; Vega de Yuco<\/title>\n<meta name=\"description\" content=\"Ein nat\u00fcrlicher Wein aus List\u00e1n Blanco-Trauben von Lanzarote, ungefiltert. Fr\u00f6hlich, frisch, elegant und mit feiner Perlage.\" \/>\n<meta name=\"robots\" content=\"index, follow, max-snippet:-1, max-image-preview:large, max-video-preview:-1\" \/>\n<link rel=\"canonical\" href=\"https:\/\/www.vegadeyuco.com\/de\/producto\/dyuco-ancestral\/\" \/>\n<meta property=\"og:locale\" content=\"de_DE\" \/>\n<meta property=\"og:type\" content=\"article\" \/>\n<meta property=\"og:title\" content=\"D&#039;Yuco Ancestral &#8226; Vega de Yuco\" \/>\n<meta property=\"og:description\" content=\"Ein nat\u00fcrlicher Wein aus List\u00e1n Blanco-Trauben von Lanzarote, ungefiltert. Fr\u00f6hlich, frisch, elegant und mit feiner Perlage.\" \/>\n<meta property=\"og:url\" content=\"https:\/\/www.vegadeyuco.com\/de\/producto\/dyuco-ancestral\/\" \/>\n<meta property=\"og:site_name\" content=\"Vega de Yuco\" \/>\n<meta property=\"article:publisher\" content=\"https:\/\/www.facebook.com\/vegadeyuco\" \/>\n<meta property=\"og:image\" content=\"https:\/\/www.vegadeyuco.com\/wp-content\/uploads\/2024\/06\/Yuco-Ancestral.png\" \/>\n\t<meta property=\"og:image:width\" content=\"1000\" \/>\n\t<meta property=\"og:image:height\" content=\"1000\" \/>\n\t<meta property=\"og:image:type\" content=\"image\/png\" \/>\n<meta name=\"twitter:card\" content=\"summary_large_image\" \/>\n<meta name=\"twitter:label1\" content=\"Gesch\u00e4tzte Lesezeit\" \/>\n\t<meta name=\"twitter:data1\" content=\"1\u00a0Minute\" \/>\n<script type=\"application\/ld+json\" class=\"yoast-schema-graph\">{\"@context\":\"https:\/\/schema.org\",\"@graph\":[{\"@type\":\"WebPage\",\"@id\":\"https:\/\/www.vegadeyuco.com\/de\/producto\/dyuco-ancestral\/\",\"url\":\"https:\/\/www.vegadeyuco.com\/de\/producto\/dyuco-ancestral\/\",\"name\":\"D'Yuco Ancestral &#8226; Vega de Yuco\",\"isPartOf\":{\"@id\":\"https:\/\/www.vegadeyuco.com\/de\/#website\"},\"primaryImageOfPage\":{\"@id\":\"https:\/\/www.vegadeyuco.com\/de\/producto\/dyuco-ancestral\/#primaryimage\"},\"image\":{\"@id\":\"https:\/\/www.vegadeyuco.com\/de\/producto\/dyuco-ancestral\/#primaryimage\"},\"thumbnailUrl\":\"https:\/\/www.vegadeyuco.com\/wp-content\/uploads\/2024\/06\/Yuco-Ancestral.png\",\"datePublished\":\"2025-05-16T12:23:32+00:00\",\"description\":\"Ein nat\u00fcrlicher Wein aus List\u00e1n Blanco-Trauben von Lanzarote, ungefiltert. Fr\u00f6hlich, frisch, elegant und mit feiner Perlage.\",\"breadcrumb\":{\"@id\":\"https:\/\/www.vegadeyuco.com\/de\/producto\/dyuco-ancestral\/#breadcrumb\"},\"inLanguage\":\"de\",\"potentialAction\":[{\"@type\":\"ReadAction\",\"target\":[\"https:\/\/www.vegadeyuco.com\/de\/producto\/dyuco-ancestral\/\"]}]},{\"@type\":\"ImageObject\",\"inLanguage\":\"de\",\"@id\":\"https:\/\/www.vegadeyuco.com\/de\/producto\/dyuco-ancestral\/#primaryimage\",\"url\":\"https:\/\/www.vegadeyuco.com\/wp-content\/uploads\/2024\/06\/Yuco-Ancestral.png\",\"contentUrl\":\"https:\/\/www.vegadeyuco.com\/wp-content\/uploads\/2024\/06\/Yuco-Ancestral.png\",\"width\":1000,\"height\":1000},{\"@type\":\"BreadcrumbList\",\"@id\":\"https:\/\/www.vegadeyuco.com\/de\/producto\/dyuco-ancestral\/#breadcrumb\",\"itemListElement\":[{\"@type\":\"ListItem\",\"position\":1,\"name\":\"Portada\",\"item\":\"https:\/\/www.vegadeyuco.com\/de\/vega-de-yuco-weinkellerei-auf-lanzarote\/\"},{\"@type\":\"ListItem\",\"position\":2,\"name\":\"Shop\",\"item\":\"https:\/\/www.vegadeyuco.com\/de\/shop\/\"},{\"@type\":\"ListItem\",\"position\":3,\"name\":\"D&#8217;Yuco Ancestral\"}]},{\"@type\":\"WebSite\",\"@id\":\"https:\/\/www.vegadeyuco.com\/de\/#website\",\"url\":\"https:\/\/www.vegadeyuco.com\/de\/\",\"name\":\"Vega de Yuco\",\"description\":\"Bodegas y Vi\u00f1edos Vega de Yuco en Lanzarote, una bodega tradicional Canaria que destila autenticidad e innovaci\u00f3n. \",\"publisher\":{\"@id\":\"https:\/\/www.vegadeyuco.com\/de\/#organization\"},\"potentialAction\":[{\"@type\":\"SearchAction\",\"target\":{\"@type\":\"EntryPoint\",\"urlTemplate\":\"https:\/\/www.vegadeyuco.com\/de\/?s={search_term_string}\"},\"query-input\":{\"@type\":\"PropertyValueSpecification\",\"valueRequired\":true,\"valueName\":\"search_term_string\"}}],\"inLanguage\":\"de\"},{\"@type\":\"Organization\",\"@id\":\"https:\/\/www.vegadeyuco.com\/de\/#organization\",\"name\":\"Bodegas Vega de Yuco\",\"url\":\"https:\/\/www.vegadeyuco.com\/de\/\",\"logo\":{\"@type\":\"ImageObject\",\"inLanguage\":\"de\",\"@id\":\"https:\/\/www.vegadeyuco.com\/de\/#\/schema\/logo\/image\/\",\"url\":\"https:\/\/www.vegadeyuco.com\/wp-content\/uploads\/2020\/01\/LOGO_VEGADEYUCO_cabecera_pedidos.png\",\"contentUrl\":\"https:\/\/www.vegadeyuco.com\/wp-content\/uploads\/2020\/01\/LOGO_VEGADEYUCO_cabecera_pedidos.png\",\"width\":250,\"height\":150,\"caption\":\"Bodegas Vega de Yuco\"},\"image\":{\"@id\":\"https:\/\/www.vegadeyuco.com\/de\/#\/schema\/logo\/image\/\"},\"sameAs\":[\"https:\/\/www.facebook.com\/vegadeyuco\",\"https:\/\/www.instagram.com\/vegadeyuco\/\",\"https:\/\/www.youtube.com\/channel\/UCmDMkmxMCvbSXTLTAs3DM7A\"]}]}<\/script>\n<!-- \/ Yoast SEO plugin. -->","yoast_head_json":{"title":"D'Yuco Ancestral &#8226; Vega de Yuco","description":"Ein nat\u00fcrlicher Wein aus List\u00e1n Blanco-Trauben von Lanzarote, ungefiltert. Fr\u00f6hlich, frisch, elegant und mit feiner Perlage.","robots":{"index":"index","follow":"follow","max-snippet":"max-snippet:-1","max-image-preview":"max-image-preview:large","max-video-preview":"max-video-preview:-1"},"canonical":"https:\/\/www.vegadeyuco.com\/de\/producto\/dyuco-ancestral\/","og_locale":"de_DE","og_type":"article","og_title":"D'Yuco Ancestral &#8226; Vega de Yuco","og_description":"Ein nat\u00fcrlicher Wein aus List\u00e1n Blanco-Trauben von Lanzarote, ungefiltert. Fr\u00f6hlich, frisch, elegant und mit feiner Perlage.","og_url":"https:\/\/www.vegadeyuco.com\/de\/producto\/dyuco-ancestral\/","og_site_name":"Vega de Yuco","article_publisher":"https:\/\/www.facebook.com\/vegadeyuco","og_image":[{"width":1000,"height":1000,"url":"https:\/\/www.vegadeyuco.com\/wp-content\/uploads\/2024\/06\/Yuco-Ancestral.png","type":"image\/png"}],"twitter_card":"summary_large_image","twitter_misc":{"Gesch\u00e4tzte Lesezeit":"1\u00a0Minute"},"schema":{"@context":"https:\/\/schema.org","@graph":[{"@type":"WebPage","@id":"https:\/\/www.vegadeyuco.com\/de\/producto\/dyuco-ancestral\/","url":"https:\/\/www.vegadeyuco.com\/de\/producto\/dyuco-ancestral\/","name":"D'Yuco Ancestral &#8226; Vega de Yuco","isPartOf":{"@id":"https:\/\/www.vegadeyuco.com\/de\/#website"},"primaryImageOfPage":{"@id":"https:\/\/www.vegadeyuco.com\/de\/producto\/dyuco-ancestral\/#primaryimage"},"image":{"@id":"https:\/\/www.vegadeyuco.com\/de\/producto\/dyuco-ancestral\/#primaryimage"},"thumbnailUrl":"https:\/\/www.vegadeyuco.com\/wp-content\/uploads\/2024\/06\/Yuco-Ancestral.png","datePublished":"2025-05-16T12:23:32+00:00","description":"Ein nat\u00fcrlicher Wein aus List\u00e1n Blanco-Trauben von Lanzarote, ungefiltert. Fr\u00f6hlich, frisch, elegant und mit feiner Perlage.","breadcrumb":{"@id":"https:\/\/www.vegadeyuco.com\/de\/producto\/dyuco-ancestral\/#breadcrumb"},"inLanguage":"de","potentialAction":[{"@type":"ReadAction","target":["https:\/\/www.vegadeyuco.com\/de\/producto\/dyuco-ancestral\/"]}]},{"@type":"ImageObject","inLanguage":"de","@id":"https:\/\/www.vegadeyuco.com\/de\/producto\/dyuco-ancestral\/#primaryimage","url":"https:\/\/www.vegadeyuco.com\/wp-content\/uploads\/2024\/06\/Yuco-Ancestral.png","contentUrl":"https:\/\/www.vegadeyuco.com\/wp-content\/uploads\/2024\/06\/Yuco-Ancestral.png","width":1000,"height":1000},{"@type":"BreadcrumbList","@id":"https:\/\/www.vegadeyuco.com\/de\/producto\/dyuco-ancestral\/#breadcrumb","itemListElement":[{"@type":"ListItem","position":1,"name":"Portada","item":"https:\/\/www.vegadeyuco.com\/de\/vega-de-yuco-weinkellerei-auf-lanzarote\/"},{"@type":"ListItem","position":2,"name":"Shop","item":"https:\/\/www.vegadeyuco.com\/de\/shop\/"},{"@type":"ListItem","position":3,"name":"D&#8217;Yuco Ancestral"}]},{"@type":"WebSite","@id":"https:\/\/www.vegadeyuco.com\/de\/#website","url":"https:\/\/www.vegadeyuco.com\/de\/","name":"Vega de Yuco","description":"Bodegas y Vi\u00f1edos Vega de Yuco en Lanzarote, una bodega tradicional Canaria que destila autenticidad e innovaci\u00f3n. ","publisher":{"@id":"https:\/\/www.vegadeyuco.com\/de\/#organization"},"potentialAction":[{"@type":"SearchAction","target":{"@type":"EntryPoint","urlTemplate":"https:\/\/www.vegadeyuco.com\/de\/?s={search_term_string}"},"query-input":{"@type":"PropertyValueSpecification","valueRequired":true,"valueName":"search_term_string"}}],"inLanguage":"de"},{"@type":"Organization","@id":"https:\/\/www.vegadeyuco.com\/de\/#organization","name":"Bodegas Vega de Yuco","url":"https:\/\/www.vegadeyuco.com\/de\/","logo":{"@type":"ImageObject","inLanguage":"de","@id":"https:\/\/www.vegadeyuco.com\/de\/#\/schema\/logo\/image\/","url":"https:\/\/www.vegadeyuco.com\/wp-content\/uploads\/2020\/01\/LOGO_VEGADEYUCO_cabecera_pedidos.png","contentUrl":"https:\/\/www.vegadeyuco.com\/wp-content\/uploads\/2020\/01\/LOGO_VEGADEYUCO_cabecera_pedidos.png","width":250,"height":150,"caption":"Bodegas Vega de Yuco"},"image":{"@id":"https:\/\/www.vegadeyuco.com\/de\/#\/schema\/logo\/image\/"},"sameAs":["https:\/\/www.facebook.com\/vegadeyuco","https:\/\/www.instagram.com\/vegadeyuco\/","https:\/\/www.youtube.com\/channel\/UCmDMkmxMCvbSXTLTAs3DM7A"]}]}},"post_mailing_queue_ids":[],"_links":{"self":[{"href":"https:\/\/www.vegadeyuco.com\/de\/wp-json\/wp\/v2\/product\/27689","targetHints":{"allow":["GET"]}}],"collection":[{"href":"https:\/\/www.vegadeyuco.com\/de\/wp-json\/wp\/v2\/product"}],"about":[{"href":"https:\/\/www.vegadeyuco.com\/de\/wp-json\/wp\/v2\/types\/product"}],"version-history":[{"count":0,"href":"https:\/\/www.vegadeyuco.com\/de\/wp-json\/wp\/v2\/product\/27689\/revisions"}],"wp:featuredmedia":[{"embeddable":true,"href":"https:\/\/www.vegadeyuco.com\/de\/wp-json\/wp\/v2\/media\/22108"}],"wp:attachment":[{"href":"https:\/\/www.vegadeyuco.com\/de\/wp-json\/wp\/v2\/media?parent=27689"}],"wp:term":[{"taxonomy":"product_brand","embeddable":true,"href":"https:\/\/www.vegadeyuco.com\/de\/wp-json\/wp\/v2\/product_brand?post=27689"},{"taxonomy":"product_cat","embeddable":true,"href":"https:\/\/www.vegadeyuco.com\/de\/wp-json\/wp\/v2\/product_cat?post=27689"},{"taxonomy":"product_tag","embeddable":true,"href":"https:\/\/www.vegadeyuco.com\/de\/wp-json\/wp\/v2\/product_tag?post=27689"}],"curies":[{"name":"wp","href":"https:\/\/api.w.org\/{rel}","templated":true}]}}