{"id":27695,"date":"2025-05-15T12:19:00","date_gmt":"2025-05-15T11:19:00","guid":{"rendered":"https:\/\/www.vegadeyuco.com\/producto\/famara-suesswein\/"},"modified":"2025-05-15T12:19:00","modified_gmt":"2025-05-15T11:19:00","slug":"famara-suesswein","status":"publish","type":"product","link":"https:\/\/www.vegadeyuco.com\/de\/producto\/famara-suesswein\/","title":{"rendered":"Famara S\u00fc\u00dfwein"},"content":{"rendered":"<p><span style=\"color: #0100a3;\">Farbe<\/span><br \/>\nGranatrot, dicht und tief<\/p>\n<p><span style=\"color: #0100a3;\">Nase<\/span><br \/>\nKlares Aroma von roten und schwarzen Fr\u00fcchten, wobei \u00fcberreife und kompottartige Noten vorherrschen.<\/p>\n<p><span style=\"color: #0100a3;\">Gaumen<\/span><br \/>\nElegant, komplex und vollmundig, mit einem ausgewogenen Abgang.<\/p>\n<p><em>* Allergene: Enth\u00e4lt Sulfite.<\/em><\/p>\n","protected":false},"excerpt":{"rendered":"<p class=\"cvGsUA direction-ltr align-justify para-style-body\"><span class=\"OYPEnA text-decoration-none text-strikethrough-none\">Aus List\u00e1n Negro, der bevorzugten Rebsorte f\u00fcr die Herstellung unserer Rotweine, entsteht der elegante, s\u00fc\u00dfe und traditionelle Famara-Rotwein. Aus vor der Reblausplage angebauten Trauben, gepr\u00e4gt von der Mineralit\u00e4t des vulkanischen Bodens, der Salzigkeit des Atlantiks und den Passatwinden. <\/span><\/p>\n<p class=\"cvGsUA direction-ltr align-justify para-style-body\"><span class=\"OYPEnA text-decoration-none text-strikethrough-none\">Die Trauben stammen aus kleinen Parzellen in den w\u00e4rmsten Gebieten der Insel. Die Lese erfolgt sp\u00e4t, und die Trauben werden \u00fcberreif von den Reben gepfl\u00fcckt. Anschlie\u00dfend werden sie im Weinkeller leicht gepresst und einer spontanen G\u00e4rung unterzogen. Der Ausbau erfolgt in franz\u00f6sischen Eichenf\u00e4ssern, was diesem langsam hergestellten Wein eine gro\u00dfe Finesse verleiht.   <\/span><\/p>\n<p><em><strong>Nur f\u00fcr die Kanarischen Inseln verf\u00fcgbar<\/strong><\/em><\/p>\n<p><a href=\"https:\/\/www.vegadeyuco.com\/wp-content\/uploads\/2024\/04\/Ficha-Cata-_-Famara-Tinto-dulce_17.pdf\" target=\"_blank\" rel=\"noopener\">Siehe Verkostungsnotiz<\/a><\/p>\n","protected":false},"featured_media":22104,"template":"","meta":[],"product_brand":[],"product_cat":[370,373,381],"product_tag":[],"class_list":{"0":"post-27695","1":"product","2":"type-product","3":"status-publish","4":"has-post-thumbnail","6":"product_cat-can","7":"product_cat-rotwein","8":"product_cat-sus","9":"product_shipping_class-nur-kanarische-inseln","11":"first","12":"instock","13":"featured","14":"shipping-taxable","15":"purchasable","16":"product-type-simple"},"yoast_head":"<!-- This site is optimized with the Yoast SEO plugin v26.8 - https:\/\/yoast.com\/product\/yoast-seo-wordpress\/ -->\n<title>Famara S\u00fc\u00dfwein &#8226; Vega de Yuco<\/title>\n<meta name=\"description\" content=\"Dieser S\u00fc\u00dfwein ist einer der sp\u00e4t gelesenen Weine Lanzarotes aus unserer bevorzugten Rebsorte List\u00e1n Negro, die auf \u00fcberreifen Parzellen angebaut wird. Tinto Dulce ist einer der sp\u00e4t gelesenen Weine Lanzarotes aus unserer bevorzugten Rebsorte List\u00e1n Negro, die auf \u00fcberreifen Parzellen angebaut wird.\" \/>\n<meta name=\"robots\" content=\"index, follow, max-snippet:-1, max-image-preview:large, max-video-preview:-1\" \/>\n<link rel=\"canonical\" href=\"https:\/\/www.vegadeyuco.com\/de\/producto\/famara-suesswein\/\" \/>\n<meta property=\"og:locale\" content=\"de_DE\" \/>\n<meta property=\"og:type\" content=\"article\" \/>\n<meta property=\"og:title\" content=\"Famara S\u00fc\u00dfwein &#8226; Vega de Yuco\" \/>\n<meta property=\"og:description\" content=\"Dieser S\u00fc\u00dfwein ist einer der sp\u00e4t gelesenen Weine Lanzarotes aus unserer bevorzugten Rebsorte List\u00e1n Negro, die auf \u00fcberreifen Parzellen angebaut wird. Tinto Dulce ist einer der sp\u00e4t gelesenen Weine Lanzarotes aus unserer bevorzugten Rebsorte List\u00e1n Negro, die auf \u00fcberreifen Parzellen angebaut wird.\" \/>\n<meta property=\"og:url\" content=\"https:\/\/www.vegadeyuco.com\/de\/producto\/famara-suesswein\/\" \/>\n<meta property=\"og:site_name\" content=\"Vega de Yuco\" \/>\n<meta property=\"article:publisher\" content=\"https:\/\/www.facebook.com\/vegadeyuco\" \/>\n<meta property=\"og:image\" content=\"https:\/\/www.vegadeyuco.com\/wp-content\/uploads\/2021\/01\/Famara-tinto-dulce.png\" \/>\n\t<meta property=\"og:image:width\" content=\"1000\" \/>\n\t<meta property=\"og:image:height\" content=\"1000\" \/>\n\t<meta property=\"og:image:type\" content=\"image\/png\" \/>\n<meta name=\"twitter:card\" content=\"summary_large_image\" \/>\n<script type=\"application\/ld+json\" class=\"yoast-schema-graph\">{\"@context\":\"https:\/\/schema.org\",\"@graph\":[{\"@type\":\"WebPage\",\"@id\":\"https:\/\/www.vegadeyuco.com\/de\/producto\/famara-suesswein\/\",\"url\":\"https:\/\/www.vegadeyuco.com\/de\/producto\/famara-suesswein\/\",\"name\":\"Famara S\u00fc\u00dfwein &#8226; Vega de Yuco\",\"isPartOf\":{\"@id\":\"https:\/\/www.vegadeyuco.com\/de\/#website\"},\"primaryImageOfPage\":{\"@id\":\"https:\/\/www.vegadeyuco.com\/de\/producto\/famara-suesswein\/#primaryimage\"},\"image\":{\"@id\":\"https:\/\/www.vegadeyuco.com\/de\/producto\/famara-suesswein\/#primaryimage\"},\"thumbnailUrl\":\"https:\/\/www.vegadeyuco.com\/wp-content\/uploads\/2021\/01\/Famara-tinto-dulce.png\",\"datePublished\":\"2025-05-15T11:19:00+00:00\",\"description\":\"Dieser S\u00fc\u00dfwein ist einer der sp\u00e4t gelesenen Weine Lanzarotes aus unserer bevorzugten Rebsorte List\u00e1n Negro, die auf \u00fcberreifen Parzellen angebaut wird. Tinto Dulce ist einer der sp\u00e4t gelesenen Weine Lanzarotes aus unserer bevorzugten Rebsorte List\u00e1n Negro, die auf \u00fcberreifen Parzellen angebaut wird.\",\"breadcrumb\":{\"@id\":\"https:\/\/www.vegadeyuco.com\/de\/producto\/famara-suesswein\/#breadcrumb\"},\"inLanguage\":\"de\",\"potentialAction\":[{\"@type\":\"ReadAction\",\"target\":[\"https:\/\/www.vegadeyuco.com\/de\/producto\/famara-suesswein\/\"]}]},{\"@type\":\"ImageObject\",\"inLanguage\":\"de\",\"@id\":\"https:\/\/www.vegadeyuco.com\/de\/producto\/famara-suesswein\/#primaryimage\",\"url\":\"https:\/\/www.vegadeyuco.com\/wp-content\/uploads\/2021\/01\/Famara-tinto-dulce.png\",\"contentUrl\":\"https:\/\/www.vegadeyuco.com\/wp-content\/uploads\/2021\/01\/Famara-tinto-dulce.png\",\"width\":1000,\"height\":1000},{\"@type\":\"BreadcrumbList\",\"@id\":\"https:\/\/www.vegadeyuco.com\/de\/producto\/famara-suesswein\/#breadcrumb\",\"itemListElement\":[{\"@type\":\"ListItem\",\"position\":1,\"name\":\"Portada\",\"item\":\"https:\/\/www.vegadeyuco.com\/de\/vega-de-yuco-weinkellerei-auf-lanzarote\/\"},{\"@type\":\"ListItem\",\"position\":2,\"name\":\"Shop\",\"item\":\"https:\/\/www.vegadeyuco.com\/de\/shop\/\"},{\"@type\":\"ListItem\",\"position\":3,\"name\":\"Famara S\u00fc\u00dfwein\"}]},{\"@type\":\"WebSite\",\"@id\":\"https:\/\/www.vegadeyuco.com\/de\/#website\",\"url\":\"https:\/\/www.vegadeyuco.com\/de\/\",\"name\":\"Vega de Yuco\",\"description\":\"Bodegas y Vi\u00f1edos Vega de Yuco en Lanzarote, una bodega tradicional Canaria que destila autenticidad e innovaci\u00f3n. \",\"publisher\":{\"@id\":\"https:\/\/www.vegadeyuco.com\/de\/#organization\"},\"potentialAction\":[{\"@type\":\"SearchAction\",\"target\":{\"@type\":\"EntryPoint\",\"urlTemplate\":\"https:\/\/www.vegadeyuco.com\/de\/?s={search_term_string}\"},\"query-input\":{\"@type\":\"PropertyValueSpecification\",\"valueRequired\":true,\"valueName\":\"search_term_string\"}}],\"inLanguage\":\"de\"},{\"@type\":\"Organization\",\"@id\":\"https:\/\/www.vegadeyuco.com\/de\/#organization\",\"name\":\"Bodegas Vega de Yuco\",\"url\":\"https:\/\/www.vegadeyuco.com\/de\/\",\"logo\":{\"@type\":\"ImageObject\",\"inLanguage\":\"de\",\"@id\":\"https:\/\/www.vegadeyuco.com\/de\/#\/schema\/logo\/image\/\",\"url\":\"https:\/\/www.vegadeyuco.com\/wp-content\/uploads\/2020\/01\/LOGO_VEGADEYUCO_cabecera_pedidos.png\",\"contentUrl\":\"https:\/\/www.vegadeyuco.com\/wp-content\/uploads\/2020\/01\/LOGO_VEGADEYUCO_cabecera_pedidos.png\",\"width\":250,\"height\":150,\"caption\":\"Bodegas Vega de Yuco\"},\"image\":{\"@id\":\"https:\/\/www.vegadeyuco.com\/de\/#\/schema\/logo\/image\/\"},\"sameAs\":[\"https:\/\/www.facebook.com\/vegadeyuco\",\"https:\/\/www.instagram.com\/vegadeyuco\/\",\"https:\/\/www.youtube.com\/channel\/UCmDMkmxMCvbSXTLTAs3DM7A\"]}]}<\/script>\n<!-- \/ Yoast SEO plugin. -->","yoast_head_json":{"title":"Famara S\u00fc\u00dfwein &#8226; Vega de Yuco","description":"Dieser S\u00fc\u00dfwein ist einer der sp\u00e4t gelesenen Weine Lanzarotes aus unserer bevorzugten Rebsorte List\u00e1n Negro, die auf \u00fcberreifen Parzellen angebaut wird. Tinto Dulce ist einer der sp\u00e4t gelesenen Weine Lanzarotes aus unserer bevorzugten Rebsorte List\u00e1n Negro, die auf \u00fcberreifen Parzellen angebaut wird.","robots":{"index":"index","follow":"follow","max-snippet":"max-snippet:-1","max-image-preview":"max-image-preview:large","max-video-preview":"max-video-preview:-1"},"canonical":"https:\/\/www.vegadeyuco.com\/de\/producto\/famara-suesswein\/","og_locale":"de_DE","og_type":"article","og_title":"Famara S\u00fc\u00dfwein &#8226; Vega de Yuco","og_description":"Dieser S\u00fc\u00dfwein ist einer der sp\u00e4t gelesenen Weine Lanzarotes aus unserer bevorzugten Rebsorte List\u00e1n Negro, die auf \u00fcberreifen Parzellen angebaut wird. Tinto Dulce ist einer der sp\u00e4t gelesenen Weine Lanzarotes aus unserer bevorzugten Rebsorte List\u00e1n Negro, die auf \u00fcberreifen Parzellen angebaut wird.","og_url":"https:\/\/www.vegadeyuco.com\/de\/producto\/famara-suesswein\/","og_site_name":"Vega de Yuco","article_publisher":"https:\/\/www.facebook.com\/vegadeyuco","og_image":[{"width":1000,"height":1000,"url":"https:\/\/www.vegadeyuco.com\/wp-content\/uploads\/2021\/01\/Famara-tinto-dulce.png","type":"image\/png"}],"twitter_card":"summary_large_image","schema":{"@context":"https:\/\/schema.org","@graph":[{"@type":"WebPage","@id":"https:\/\/www.vegadeyuco.com\/de\/producto\/famara-suesswein\/","url":"https:\/\/www.vegadeyuco.com\/de\/producto\/famara-suesswein\/","name":"Famara S\u00fc\u00dfwein &#8226; Vega de Yuco","isPartOf":{"@id":"https:\/\/www.vegadeyuco.com\/de\/#website"},"primaryImageOfPage":{"@id":"https:\/\/www.vegadeyuco.com\/de\/producto\/famara-suesswein\/#primaryimage"},"image":{"@id":"https:\/\/www.vegadeyuco.com\/de\/producto\/famara-suesswein\/#primaryimage"},"thumbnailUrl":"https:\/\/www.vegadeyuco.com\/wp-content\/uploads\/2021\/01\/Famara-tinto-dulce.png","datePublished":"2025-05-15T11:19:00+00:00","description":"Dieser S\u00fc\u00dfwein ist einer der sp\u00e4t gelesenen Weine Lanzarotes aus unserer bevorzugten Rebsorte List\u00e1n Negro, die auf \u00fcberreifen Parzellen angebaut wird. Tinto Dulce ist einer der sp\u00e4t gelesenen Weine Lanzarotes aus unserer bevorzugten Rebsorte List\u00e1n Negro, die auf \u00fcberreifen Parzellen angebaut wird.","breadcrumb":{"@id":"https:\/\/www.vegadeyuco.com\/de\/producto\/famara-suesswein\/#breadcrumb"},"inLanguage":"de","potentialAction":[{"@type":"ReadAction","target":["https:\/\/www.vegadeyuco.com\/de\/producto\/famara-suesswein\/"]}]},{"@type":"ImageObject","inLanguage":"de","@id":"https:\/\/www.vegadeyuco.com\/de\/producto\/famara-suesswein\/#primaryimage","url":"https:\/\/www.vegadeyuco.com\/wp-content\/uploads\/2021\/01\/Famara-tinto-dulce.png","contentUrl":"https:\/\/www.vegadeyuco.com\/wp-content\/uploads\/2021\/01\/Famara-tinto-dulce.png","width":1000,"height":1000},{"@type":"BreadcrumbList","@id":"https:\/\/www.vegadeyuco.com\/de\/producto\/famara-suesswein\/#breadcrumb","itemListElement":[{"@type":"ListItem","position":1,"name":"Portada","item":"https:\/\/www.vegadeyuco.com\/de\/vega-de-yuco-weinkellerei-auf-lanzarote\/"},{"@type":"ListItem","position":2,"name":"Shop","item":"https:\/\/www.vegadeyuco.com\/de\/shop\/"},{"@type":"ListItem","position":3,"name":"Famara S\u00fc\u00dfwein"}]},{"@type":"WebSite","@id":"https:\/\/www.vegadeyuco.com\/de\/#website","url":"https:\/\/www.vegadeyuco.com\/de\/","name":"Vega de Yuco","description":"Bodegas y Vi\u00f1edos Vega de Yuco en Lanzarote, una bodega tradicional Canaria que destila autenticidad e innovaci\u00f3n. ","publisher":{"@id":"https:\/\/www.vegadeyuco.com\/de\/#organization"},"potentialAction":[{"@type":"SearchAction","target":{"@type":"EntryPoint","urlTemplate":"https:\/\/www.vegadeyuco.com\/de\/?s={search_term_string}"},"query-input":{"@type":"PropertyValueSpecification","valueRequired":true,"valueName":"search_term_string"}}],"inLanguage":"de"},{"@type":"Organization","@id":"https:\/\/www.vegadeyuco.com\/de\/#organization","name":"Bodegas Vega de Yuco","url":"https:\/\/www.vegadeyuco.com\/de\/","logo":{"@type":"ImageObject","inLanguage":"de","@id":"https:\/\/www.vegadeyuco.com\/de\/#\/schema\/logo\/image\/","url":"https:\/\/www.vegadeyuco.com\/wp-content\/uploads\/2020\/01\/LOGO_VEGADEYUCO_cabecera_pedidos.png","contentUrl":"https:\/\/www.vegadeyuco.com\/wp-content\/uploads\/2020\/01\/LOGO_VEGADEYUCO_cabecera_pedidos.png","width":250,"height":150,"caption":"Bodegas Vega de Yuco"},"image":{"@id":"https:\/\/www.vegadeyuco.com\/de\/#\/schema\/logo\/image\/"},"sameAs":["https:\/\/www.facebook.com\/vegadeyuco","https:\/\/www.instagram.com\/vegadeyuco\/","https:\/\/www.youtube.com\/channel\/UCmDMkmxMCvbSXTLTAs3DM7A"]}]}},"post_mailing_queue_ids":[],"_links":{"self":[{"href":"https:\/\/www.vegadeyuco.com\/de\/wp-json\/wp\/v2\/product\/27695","targetHints":{"allow":["GET"]}}],"collection":[{"href":"https:\/\/www.vegadeyuco.com\/de\/wp-json\/wp\/v2\/product"}],"about":[{"href":"https:\/\/www.vegadeyuco.com\/de\/wp-json\/wp\/v2\/types\/product"}],"version-history":[{"count":0,"href":"https:\/\/www.vegadeyuco.com\/de\/wp-json\/wp\/v2\/product\/27695\/revisions"}],"wp:featuredmedia":[{"embeddable":true,"href":"https:\/\/www.vegadeyuco.com\/de\/wp-json\/wp\/v2\/media\/22104"}],"wp:attachment":[{"href":"https:\/\/www.vegadeyuco.com\/de\/wp-json\/wp\/v2\/media?parent=27695"}],"wp:term":[{"taxonomy":"product_brand","embeddable":true,"href":"https:\/\/www.vegadeyuco.com\/de\/wp-json\/wp\/v2\/product_brand?post=27695"},{"taxonomy":"product_cat","embeddable":true,"href":"https:\/\/www.vegadeyuco.com\/de\/wp-json\/wp\/v2\/product_cat?post=27695"},{"taxonomy":"product_tag","embeddable":true,"href":"https:\/\/www.vegadeyuco.com\/de\/wp-json\/wp\/v2\/product_tag?post=27695"}],"curies":[{"name":"wp","href":"https:\/\/api.w.org\/{rel}","templated":true}]}}