{"id":27699,"date":"2025-05-15T12:18:47","date_gmt":"2025-05-15T11:18:47","guid":{"rendered":"https:\/\/www.vegadeyuco.com\/producto\/famara-suesser-muskateller\/"},"modified":"2025-05-15T12:18:47","modified_gmt":"2025-05-15T11:18:47","slug":"famara-suesser-muskateller","status":"publish","type":"product","link":"https:\/\/www.vegadeyuco.com\/de\/producto\/famara-suesser-muskateller\/","title":{"rendered":"Famara S\u00fc\u00dfer Muskateller"},"content":{"rendered":"<p><span style=\"color: #0100a3;\">Farbe<\/span><br \/>\nGoldgelb mit goldenen Reflexen<\/p>\n<p><span style=\"color: #0100a3;\">Nase<\/span><br \/>\nMuskatellerartiger Duft mit Ankl\u00e4ngen von Orangenbl\u00fctenhonig, Noten von Orangenschale und Mandarine.<\/p>\n<p><span style=\"color: #0100a3;\">Gaumen<\/span><br \/>\nAngenehm, kraftvoll, w\u00fcrzig und warm im Auftakt. Lik\u00f6rartig und cremig mit einer lebendigen, ausgewogenen S\u00e4ure. Kraftvoll, w\u00fcrzig und vollmundig. Sehr langer, eleganter Abgang.   <\/p>\n<p><em>* Allergene: Enth\u00e4lt Sulfite.<\/em><\/p>\n","protected":false},"excerpt":{"rendered":"<p>Der vulkanische Boden und das subdesertische Klima Lanzarotes, das vom Atlantik und den Passatwinden gepr\u00e4gt ist, verleihen unserem Muskateller aus Alexandria besondere Eigenschaften. Es handelt sich um eine gro\u00dfe Traube, die sp\u00e4t und von Hand geerntet wird. Sie ist sehr aromatisch und hat muskatartige Noten. F\u00fcr den s\u00fc\u00dfen Famara Moscatel werden die Trauben ebenfalls \u00fcberreif vom Rebstock gepfl\u00fcckt . Anschlie\u00dfend erfolgt eine sanfte Pressung und eine spontane G\u00e4rung. Bis zur Abf\u00fcllung reift er in Eichenholzf\u00e4ssern. Ein eleganter Muskateller, langsam und sorgf\u00e4ltig hergestellt.      <\/p>\n<p><em><strong>Nur f\u00fcr die Kanarischen Inseln verf\u00fcgbar<\/strong><\/em><\/p>\n<p><a href=\"https:\/\/www.vegadeyuco.com\/wp-content\/uploads\/2024\/05\/Ficha-Cata-_Famara-Moscatel-Dulce-14-3.pdf\" target=\"_blank\" rel=\"noopener\">Siehe Verkostungsnotiz<\/a><\/p>\n","protected":false},"featured_media":22111,"template":"","meta":[],"product_brand":[],"product_cat":[376,370,381],"product_tag":[],"class_list":{"0":"post-27699","1":"product","2":"type-product","3":"status-publish","4":"has-post-thumbnail","6":"product_cat-famara","7":"product_cat-can","8":"product_cat-sus","9":"product_shipping_class-nur-kanarische-inseln","11":"first","12":"instock","13":"featured","14":"shipping-taxable","15":"purchasable","16":"product-type-simple"},"yoast_head":"<!-- This site is optimized with the Yoast SEO plugin v26.8 - https:\/\/yoast.com\/product\/yoast-seo-wordpress\/ -->\n<title>Famara S\u00fc\u00dfer Muskateller &#8226; Vega de Yuco<\/title>\n<meta name=\"description\" content=\"F\u00fcr diesen s\u00fc\u00dfen Muskateller werden die Trauben \u00fcberreif geerntet, schonend gepresst und in F\u00e4ssern gereift. Ein eleganter Muskateller, der langsam und sorgf\u00e4ltig hergestellt wird.\" \/>\n<meta name=\"robots\" content=\"index, follow, max-snippet:-1, max-image-preview:large, max-video-preview:-1\" \/>\n<link rel=\"canonical\" href=\"https:\/\/www.vegadeyuco.com\/de\/producto\/famara-suesser-muskateller\/\" \/>\n<meta property=\"og:locale\" content=\"de_DE\" \/>\n<meta property=\"og:type\" content=\"article\" \/>\n<meta property=\"og:title\" content=\"Famara S\u00fc\u00dfer Muskateller &#8226; Vega de Yuco\" \/>\n<meta property=\"og:description\" content=\"F\u00fcr diesen s\u00fc\u00dfen Muskateller werden die Trauben \u00fcberreif geerntet, schonend gepresst und in F\u00e4ssern gereift. Ein eleganter Muskateller, der langsam und sorgf\u00e4ltig hergestellt wird.\" \/>\n<meta property=\"og:url\" content=\"https:\/\/www.vegadeyuco.com\/de\/producto\/famara-suesser-muskateller\/\" \/>\n<meta property=\"og:site_name\" content=\"Vega de Yuco\" \/>\n<meta property=\"article:publisher\" content=\"https:\/\/www.facebook.com\/vegadeyuco\" \/>\n<meta property=\"og:image\" content=\"https:\/\/www.vegadeyuco.com\/wp-content\/uploads\/2021\/01\/Famara-dulce.png\" \/>\n\t<meta property=\"og:image:width\" content=\"1000\" \/>\n\t<meta property=\"og:image:height\" content=\"1000\" \/>\n\t<meta property=\"og:image:type\" content=\"image\/png\" \/>\n<meta name=\"twitter:card\" content=\"summary_large_image\" \/>\n<script type=\"application\/ld+json\" class=\"yoast-schema-graph\">{\"@context\":\"https:\/\/schema.org\",\"@graph\":[{\"@type\":\"WebPage\",\"@id\":\"https:\/\/www.vegadeyuco.com\/de\/producto\/famara-suesser-muskateller\/\",\"url\":\"https:\/\/www.vegadeyuco.com\/de\/producto\/famara-suesser-muskateller\/\",\"name\":\"Famara S\u00fc\u00dfer Muskateller &#8226; Vega de Yuco\",\"isPartOf\":{\"@id\":\"https:\/\/www.vegadeyuco.com\/de\/#website\"},\"primaryImageOfPage\":{\"@id\":\"https:\/\/www.vegadeyuco.com\/de\/producto\/famara-suesser-muskateller\/#primaryimage\"},\"image\":{\"@id\":\"https:\/\/www.vegadeyuco.com\/de\/producto\/famara-suesser-muskateller\/#primaryimage\"},\"thumbnailUrl\":\"https:\/\/www.vegadeyuco.com\/wp-content\/uploads\/2021\/01\/Famara-dulce.png\",\"datePublished\":\"2025-05-15T11:18:47+00:00\",\"description\":\"F\u00fcr diesen s\u00fc\u00dfen Muskateller werden die Trauben \u00fcberreif geerntet, schonend gepresst und in F\u00e4ssern gereift. Ein eleganter Muskateller, der langsam und sorgf\u00e4ltig hergestellt wird.\",\"breadcrumb\":{\"@id\":\"https:\/\/www.vegadeyuco.com\/de\/producto\/famara-suesser-muskateller\/#breadcrumb\"},\"inLanguage\":\"de\",\"potentialAction\":[{\"@type\":\"ReadAction\",\"target\":[\"https:\/\/www.vegadeyuco.com\/de\/producto\/famara-suesser-muskateller\/\"]}]},{\"@type\":\"ImageObject\",\"inLanguage\":\"de\",\"@id\":\"https:\/\/www.vegadeyuco.com\/de\/producto\/famara-suesser-muskateller\/#primaryimage\",\"url\":\"https:\/\/www.vegadeyuco.com\/wp-content\/uploads\/2021\/01\/Famara-dulce.png\",\"contentUrl\":\"https:\/\/www.vegadeyuco.com\/wp-content\/uploads\/2021\/01\/Famara-dulce.png\",\"width\":1000,\"height\":1000},{\"@type\":\"BreadcrumbList\",\"@id\":\"https:\/\/www.vegadeyuco.com\/de\/producto\/famara-suesser-muskateller\/#breadcrumb\",\"itemListElement\":[{\"@type\":\"ListItem\",\"position\":1,\"name\":\"Portada\",\"item\":\"https:\/\/www.vegadeyuco.com\/de\/vega-de-yuco-weinkellerei-auf-lanzarote\/\"},{\"@type\":\"ListItem\",\"position\":2,\"name\":\"Shop\",\"item\":\"https:\/\/www.vegadeyuco.com\/de\/shop\/\"},{\"@type\":\"ListItem\",\"position\":3,\"name\":\"Famara S\u00fc\u00dfer Muskateller\"}]},{\"@type\":\"WebSite\",\"@id\":\"https:\/\/www.vegadeyuco.com\/de\/#website\",\"url\":\"https:\/\/www.vegadeyuco.com\/de\/\",\"name\":\"Vega de Yuco\",\"description\":\"Bodegas y Vi\u00f1edos Vega de Yuco en Lanzarote, una bodega tradicional Canaria que destila autenticidad e innovaci\u00f3n. \",\"publisher\":{\"@id\":\"https:\/\/www.vegadeyuco.com\/de\/#organization\"},\"potentialAction\":[{\"@type\":\"SearchAction\",\"target\":{\"@type\":\"EntryPoint\",\"urlTemplate\":\"https:\/\/www.vegadeyuco.com\/de\/?s={search_term_string}\"},\"query-input\":{\"@type\":\"PropertyValueSpecification\",\"valueRequired\":true,\"valueName\":\"search_term_string\"}}],\"inLanguage\":\"de\"},{\"@type\":\"Organization\",\"@id\":\"https:\/\/www.vegadeyuco.com\/de\/#organization\",\"name\":\"Bodegas Vega de Yuco\",\"url\":\"https:\/\/www.vegadeyuco.com\/de\/\",\"logo\":{\"@type\":\"ImageObject\",\"inLanguage\":\"de\",\"@id\":\"https:\/\/www.vegadeyuco.com\/de\/#\/schema\/logo\/image\/\",\"url\":\"https:\/\/www.vegadeyuco.com\/wp-content\/uploads\/2020\/01\/LOGO_VEGADEYUCO_cabecera_pedidos.png\",\"contentUrl\":\"https:\/\/www.vegadeyuco.com\/wp-content\/uploads\/2020\/01\/LOGO_VEGADEYUCO_cabecera_pedidos.png\",\"width\":250,\"height\":150,\"caption\":\"Bodegas Vega de Yuco\"},\"image\":{\"@id\":\"https:\/\/www.vegadeyuco.com\/de\/#\/schema\/logo\/image\/\"},\"sameAs\":[\"https:\/\/www.facebook.com\/vegadeyuco\",\"https:\/\/www.instagram.com\/vegadeyuco\/\",\"https:\/\/www.youtube.com\/channel\/UCmDMkmxMCvbSXTLTAs3DM7A\"]}]}<\/script>\n<!-- \/ Yoast SEO plugin. -->","yoast_head_json":{"title":"Famara S\u00fc\u00dfer Muskateller &#8226; Vega de Yuco","description":"F\u00fcr diesen s\u00fc\u00dfen Muskateller werden die Trauben \u00fcberreif geerntet, schonend gepresst und in F\u00e4ssern gereift. Ein eleganter Muskateller, der langsam und sorgf\u00e4ltig hergestellt wird.","robots":{"index":"index","follow":"follow","max-snippet":"max-snippet:-1","max-image-preview":"max-image-preview:large","max-video-preview":"max-video-preview:-1"},"canonical":"https:\/\/www.vegadeyuco.com\/de\/producto\/famara-suesser-muskateller\/","og_locale":"de_DE","og_type":"article","og_title":"Famara S\u00fc\u00dfer Muskateller &#8226; Vega de Yuco","og_description":"F\u00fcr diesen s\u00fc\u00dfen Muskateller werden die Trauben \u00fcberreif geerntet, schonend gepresst und in F\u00e4ssern gereift. Ein eleganter Muskateller, der langsam und sorgf\u00e4ltig hergestellt wird.","og_url":"https:\/\/www.vegadeyuco.com\/de\/producto\/famara-suesser-muskateller\/","og_site_name":"Vega de Yuco","article_publisher":"https:\/\/www.facebook.com\/vegadeyuco","og_image":[{"width":1000,"height":1000,"url":"https:\/\/www.vegadeyuco.com\/wp-content\/uploads\/2021\/01\/Famara-dulce.png","type":"image\/png"}],"twitter_card":"summary_large_image","schema":{"@context":"https:\/\/schema.org","@graph":[{"@type":"WebPage","@id":"https:\/\/www.vegadeyuco.com\/de\/producto\/famara-suesser-muskateller\/","url":"https:\/\/www.vegadeyuco.com\/de\/producto\/famara-suesser-muskateller\/","name":"Famara S\u00fc\u00dfer Muskateller &#8226; Vega de Yuco","isPartOf":{"@id":"https:\/\/www.vegadeyuco.com\/de\/#website"},"primaryImageOfPage":{"@id":"https:\/\/www.vegadeyuco.com\/de\/producto\/famara-suesser-muskateller\/#primaryimage"},"image":{"@id":"https:\/\/www.vegadeyuco.com\/de\/producto\/famara-suesser-muskateller\/#primaryimage"},"thumbnailUrl":"https:\/\/www.vegadeyuco.com\/wp-content\/uploads\/2021\/01\/Famara-dulce.png","datePublished":"2025-05-15T11:18:47+00:00","description":"F\u00fcr diesen s\u00fc\u00dfen Muskateller werden die Trauben \u00fcberreif geerntet, schonend gepresst und in F\u00e4ssern gereift. Ein eleganter Muskateller, der langsam und sorgf\u00e4ltig hergestellt wird.","breadcrumb":{"@id":"https:\/\/www.vegadeyuco.com\/de\/producto\/famara-suesser-muskateller\/#breadcrumb"},"inLanguage":"de","potentialAction":[{"@type":"ReadAction","target":["https:\/\/www.vegadeyuco.com\/de\/producto\/famara-suesser-muskateller\/"]}]},{"@type":"ImageObject","inLanguage":"de","@id":"https:\/\/www.vegadeyuco.com\/de\/producto\/famara-suesser-muskateller\/#primaryimage","url":"https:\/\/www.vegadeyuco.com\/wp-content\/uploads\/2021\/01\/Famara-dulce.png","contentUrl":"https:\/\/www.vegadeyuco.com\/wp-content\/uploads\/2021\/01\/Famara-dulce.png","width":1000,"height":1000},{"@type":"BreadcrumbList","@id":"https:\/\/www.vegadeyuco.com\/de\/producto\/famara-suesser-muskateller\/#breadcrumb","itemListElement":[{"@type":"ListItem","position":1,"name":"Portada","item":"https:\/\/www.vegadeyuco.com\/de\/vega-de-yuco-weinkellerei-auf-lanzarote\/"},{"@type":"ListItem","position":2,"name":"Shop","item":"https:\/\/www.vegadeyuco.com\/de\/shop\/"},{"@type":"ListItem","position":3,"name":"Famara S\u00fc\u00dfer Muskateller"}]},{"@type":"WebSite","@id":"https:\/\/www.vegadeyuco.com\/de\/#website","url":"https:\/\/www.vegadeyuco.com\/de\/","name":"Vega de Yuco","description":"Bodegas y Vi\u00f1edos Vega de Yuco en Lanzarote, una bodega tradicional Canaria que destila autenticidad e innovaci\u00f3n. ","publisher":{"@id":"https:\/\/www.vegadeyuco.com\/de\/#organization"},"potentialAction":[{"@type":"SearchAction","target":{"@type":"EntryPoint","urlTemplate":"https:\/\/www.vegadeyuco.com\/de\/?s={search_term_string}"},"query-input":{"@type":"PropertyValueSpecification","valueRequired":true,"valueName":"search_term_string"}}],"inLanguage":"de"},{"@type":"Organization","@id":"https:\/\/www.vegadeyuco.com\/de\/#organization","name":"Bodegas Vega de Yuco","url":"https:\/\/www.vegadeyuco.com\/de\/","logo":{"@type":"ImageObject","inLanguage":"de","@id":"https:\/\/www.vegadeyuco.com\/de\/#\/schema\/logo\/image\/","url":"https:\/\/www.vegadeyuco.com\/wp-content\/uploads\/2020\/01\/LOGO_VEGADEYUCO_cabecera_pedidos.png","contentUrl":"https:\/\/www.vegadeyuco.com\/wp-content\/uploads\/2020\/01\/LOGO_VEGADEYUCO_cabecera_pedidos.png","width":250,"height":150,"caption":"Bodegas Vega de Yuco"},"image":{"@id":"https:\/\/www.vegadeyuco.com\/de\/#\/schema\/logo\/image\/"},"sameAs":["https:\/\/www.facebook.com\/vegadeyuco","https:\/\/www.instagram.com\/vegadeyuco\/","https:\/\/www.youtube.com\/channel\/UCmDMkmxMCvbSXTLTAs3DM7A"]}]}},"post_mailing_queue_ids":[],"_links":{"self":[{"href":"https:\/\/www.vegadeyuco.com\/de\/wp-json\/wp\/v2\/product\/27699","targetHints":{"allow":["GET"]}}],"collection":[{"href":"https:\/\/www.vegadeyuco.com\/de\/wp-json\/wp\/v2\/product"}],"about":[{"href":"https:\/\/www.vegadeyuco.com\/de\/wp-json\/wp\/v2\/types\/product"}],"version-history":[{"count":0,"href":"https:\/\/www.vegadeyuco.com\/de\/wp-json\/wp\/v2\/product\/27699\/revisions"}],"wp:featuredmedia":[{"embeddable":true,"href":"https:\/\/www.vegadeyuco.com\/de\/wp-json\/wp\/v2\/media\/22111"}],"wp:attachment":[{"href":"https:\/\/www.vegadeyuco.com\/de\/wp-json\/wp\/v2\/media?parent=27699"}],"wp:term":[{"taxonomy":"product_brand","embeddable":true,"href":"https:\/\/www.vegadeyuco.com\/de\/wp-json\/wp\/v2\/product_brand?post=27699"},{"taxonomy":"product_cat","embeddable":true,"href":"https:\/\/www.vegadeyuco.com\/de\/wp-json\/wp\/v2\/product_cat?post=27699"},{"taxonomy":"product_tag","embeddable":true,"href":"https:\/\/www.vegadeyuco.com\/de\/wp-json\/wp\/v2\/product_tag?post=27699"}],"curies":[{"name":"wp","href":"https:\/\/api.w.org\/{rel}","templated":true}]}}