{"id":27702,"date":"2021-01-30T12:17:14","date_gmt":"2021-01-30T12:17:14","guid":{"rendered":"https:\/\/www.vegadeyuco.com\/producto\/aurum-likoerwein-moscatel\/"},"modified":"2026-03-09T14:14:18","modified_gmt":"2026-03-09T14:14:18","slug":"aurum-likoerwein-moscatel","status":"publish","type":"product","link":"https:\/\/www.vegadeyuco.com\/de\/producto\/aurum-likoerwein-moscatel\/","title":{"rendered":"Aurum Lik\u00f6rwein Moscatel"},"content":{"rendered":"<p>Wir lassen Muskateller und Malvasia in der Sonne trocknen, um eine l\u00e4ngere \u00dcberreife zu erreichen. Jahrgang 1996. <\/p>\n<p>Verschnitt verschiedener Jahrg\u00e4nge und 7 Monate Reifung in 225-Liter-F\u00e4ssern aus ungarischer Eiche.<\/p>\n<p><span style=\"color: #0100a3;\">Farbe<\/span><br \/>\nMahagonifarben, altgold mit jodfarbenen Reflexen, klar und gl\u00e4nzend<\/p>\n<p><span style=\"color: #0100a3;\">Nase<\/span><br \/>\nGro\u00dfe Intensit\u00e4t und aromatische Komplexit\u00e4t, wobei Aromen von Rosinen, getrockneten Aprikosen, Trockenfr\u00fcchten und Orangenschalen hervorstechen.<\/p>\n<p><span style=\"color: #0100a3;\">Gaumen<\/span><br \/>\nAm Gaumen ist der Lik\u00f6rwein zun\u00e4chst cremig, schmackhaft und frisch aufgrund seiner guten Balance zwischen Zucker und S\u00e4ure. Langer und anhaltender Abgang. <\/p>\n<p>Auszeichnungen: 2011 \u2013 Bestes Image der Kanarischen Inseln beim offiziellen Weinwettbewerb der Kanarischen Inseln Agrocanarias 2011. Silbermedaille beim XXIV. Regionalen Wettbewerb f\u00fcr Flaschenweine der Kanarischen Inseln Alh\u00f3ndiga 2011. <\/p>\n<p>Serviertemperatur: 14-16 \u00b0C<\/p>\n<p><em>* Allergene: Enth\u00e4lt Sulfite.<\/em><\/p>\n","protected":false},"excerpt":{"rendered":"<p>Wir lassen Muskateller und Malvasia in der Sonne trocknen, um eine l\u00e4ngere \u00dcberreife zu erreichen. Jahrgang 1996. Mischung verschiedener Jahrg\u00e4nge und 7 Monate Reifung in 225-Liter-F\u00e4ssern aus ungarischer Eiche. <\/p>\n<p><em><strong>Nur f\u00fcr die Kanarischen Inseln verf\u00fcgbar<\/strong><\/em><\/p>\n<p><a href=\"https:\/\/www.vegadeyuco.com\/wp-content\/uploads\/2022\/02\/Aurum-min.pdf\" target=\"_blank\" rel=\"noopener\">Siehe Verkostungsnotiz<\/a><\/p>\n","protected":false},"featured_media":27377,"template":"","meta":[],"product_brand":[],"product_cat":[370,381,374],"product_tag":[],"class_list":{"0":"post-27702","1":"product","2":"type-product","3":"status-publish","4":"has-post-thumbnail","6":"product_cat-can","7":"product_cat-sus","8":"product_cat-weine","9":"product_shipping_class-nur-kanarische-inseln","11":"first","12":"instock","13":"shipping-taxable","14":"purchasable","15":"product-type-simple"},"yoast_head":"<!-- This site is optimized with the Yoast SEO plugin v26.8 - https:\/\/yoast.com\/product\/yoast-seo-wordpress\/ -->\n<title>Aurum Lik\u00f6rwein Moscatel &#8226; Vega de Yuco<\/title>\n<meta name=\"description\" content=\"Entdecken Sie diesen Wein aus Lanzarote, der aus einer Mischung verschiedener Jahrg\u00e4nge hergestellt und 7 Monate lang in 225-Liter-F\u00e4ssern aus ungarischer Eiche gereift ist.\" \/>\n<meta name=\"robots\" content=\"index, follow, max-snippet:-1, max-image-preview:large, max-video-preview:-1\" \/>\n<link rel=\"canonical\" href=\"https:\/\/www.vegadeyuco.com\/de\/producto\/aurum-likoerwein-moscatel\/\" \/>\n<meta property=\"og:locale\" content=\"de_DE\" \/>\n<meta property=\"og:type\" content=\"article\" \/>\n<meta property=\"og:title\" content=\"Aurum Lik\u00f6rwein Moscatel &#8226; Vega de Yuco\" \/>\n<meta property=\"og:description\" content=\"Entdecken Sie diesen Wein aus Lanzarote, der aus einer Mischung verschiedener Jahrg\u00e4nge hergestellt und 7 Monate lang in 225-Liter-F\u00e4ssern aus ungarischer Eiche gereift ist.\" \/>\n<meta property=\"og:url\" content=\"https:\/\/www.vegadeyuco.com\/de\/producto\/aurum-likoerwein-moscatel\/\" \/>\n<meta property=\"og:site_name\" content=\"Vega de Yuco\" \/>\n<meta property=\"article:publisher\" content=\"https:\/\/www.facebook.com\/vegadeyuco\" \/>\n<meta property=\"article:modified_time\" content=\"2026-03-09T14:14:18+00:00\" \/>\n<meta property=\"og:image\" content=\"https:\/\/www.vegadeyuco.com\/wp-content\/uploads\/2021\/01\/Aurum-dulce-2.png\" \/>\n\t<meta property=\"og:image:width\" content=\"1000\" \/>\n\t<meta property=\"og:image:height\" content=\"1000\" \/>\n\t<meta property=\"og:image:type\" content=\"image\/png\" \/>\n<meta name=\"twitter:card\" content=\"summary_large_image\" \/>\n<meta name=\"twitter:label1\" content=\"Gesch\u00e4tzte Lesezeit\" \/>\n\t<meta name=\"twitter:data1\" content=\"1\u00a0Minute\" \/>\n<script type=\"application\/ld+json\" class=\"yoast-schema-graph\">{\"@context\":\"https:\/\/schema.org\",\"@graph\":[{\"@type\":\"WebPage\",\"@id\":\"https:\/\/www.vegadeyuco.com\/de\/producto\/aurum-likoerwein-moscatel\/\",\"url\":\"https:\/\/www.vegadeyuco.com\/de\/producto\/aurum-likoerwein-moscatel\/\",\"name\":\"Aurum Lik\u00f6rwein Moscatel &#8226; Vega de Yuco\",\"isPartOf\":{\"@id\":\"https:\/\/www.vegadeyuco.com\/de\/#website\"},\"primaryImageOfPage\":{\"@id\":\"https:\/\/www.vegadeyuco.com\/de\/producto\/aurum-likoerwein-moscatel\/#primaryimage\"},\"image\":{\"@id\":\"https:\/\/www.vegadeyuco.com\/de\/producto\/aurum-likoerwein-moscatel\/#primaryimage\"},\"thumbnailUrl\":\"https:\/\/www.vegadeyuco.com\/wp-content\/uploads\/2021\/01\/Aurum-dulce-2.png\",\"datePublished\":\"2021-01-30T12:17:14+00:00\",\"dateModified\":\"2026-03-09T14:14:18+00:00\",\"description\":\"Entdecken Sie diesen Wein aus Lanzarote, der aus einer Mischung verschiedener Jahrg\u00e4nge hergestellt und 7 Monate lang in 225-Liter-F\u00e4ssern aus ungarischer Eiche gereift ist.\",\"breadcrumb\":{\"@id\":\"https:\/\/www.vegadeyuco.com\/de\/producto\/aurum-likoerwein-moscatel\/#breadcrumb\"},\"inLanguage\":\"de\",\"potentialAction\":[{\"@type\":\"ReadAction\",\"target\":[\"https:\/\/www.vegadeyuco.com\/de\/producto\/aurum-likoerwein-moscatel\/\"]}]},{\"@type\":\"ImageObject\",\"inLanguage\":\"de\",\"@id\":\"https:\/\/www.vegadeyuco.com\/de\/producto\/aurum-likoerwein-moscatel\/#primaryimage\",\"url\":\"https:\/\/www.vegadeyuco.com\/wp-content\/uploads\/2021\/01\/Aurum-dulce-2.png\",\"contentUrl\":\"https:\/\/www.vegadeyuco.com\/wp-content\/uploads\/2021\/01\/Aurum-dulce-2.png\",\"width\":1000,\"height\":1000},{\"@type\":\"BreadcrumbList\",\"@id\":\"https:\/\/www.vegadeyuco.com\/de\/producto\/aurum-likoerwein-moscatel\/#breadcrumb\",\"itemListElement\":[{\"@type\":\"ListItem\",\"position\":1,\"name\":\"Portada\",\"item\":\"https:\/\/www.vegadeyuco.com\/de\/vega-de-yuco-weinkellerei-auf-lanzarote\/\"},{\"@type\":\"ListItem\",\"position\":2,\"name\":\"Shop\",\"item\":\"https:\/\/www.vegadeyuco.com\/de\/shop\/\"},{\"@type\":\"ListItem\",\"position\":3,\"name\":\"Aurum Lik\u00f6rwein Moscatel\"}]},{\"@type\":\"WebSite\",\"@id\":\"https:\/\/www.vegadeyuco.com\/de\/#website\",\"url\":\"https:\/\/www.vegadeyuco.com\/de\/\",\"name\":\"Vega de Yuco\",\"description\":\"Bodegas y Vi\u00f1edos Vega de Yuco en Lanzarote, una bodega tradicional Canaria que destila autenticidad e innovaci\u00f3n. \",\"publisher\":{\"@id\":\"https:\/\/www.vegadeyuco.com\/de\/#organization\"},\"potentialAction\":[{\"@type\":\"SearchAction\",\"target\":{\"@type\":\"EntryPoint\",\"urlTemplate\":\"https:\/\/www.vegadeyuco.com\/de\/?s={search_term_string}\"},\"query-input\":{\"@type\":\"PropertyValueSpecification\",\"valueRequired\":true,\"valueName\":\"search_term_string\"}}],\"inLanguage\":\"de\"},{\"@type\":\"Organization\",\"@id\":\"https:\/\/www.vegadeyuco.com\/de\/#organization\",\"name\":\"Bodegas Vega de Yuco\",\"url\":\"https:\/\/www.vegadeyuco.com\/de\/\",\"logo\":{\"@type\":\"ImageObject\",\"inLanguage\":\"de\",\"@id\":\"https:\/\/www.vegadeyuco.com\/de\/#\/schema\/logo\/image\/\",\"url\":\"https:\/\/www.vegadeyuco.com\/wp-content\/uploads\/2020\/01\/LOGO_VEGADEYUCO_cabecera_pedidos.png\",\"contentUrl\":\"https:\/\/www.vegadeyuco.com\/wp-content\/uploads\/2020\/01\/LOGO_VEGADEYUCO_cabecera_pedidos.png\",\"width\":250,\"height\":150,\"caption\":\"Bodegas Vega de Yuco\"},\"image\":{\"@id\":\"https:\/\/www.vegadeyuco.com\/de\/#\/schema\/logo\/image\/\"},\"sameAs\":[\"https:\/\/www.facebook.com\/vegadeyuco\",\"https:\/\/www.instagram.com\/vegadeyuco\/\",\"https:\/\/www.youtube.com\/channel\/UCmDMkmxMCvbSXTLTAs3DM7A\"]}]}<\/script>\n<!-- \/ Yoast SEO plugin. -->","yoast_head_json":{"title":"Aurum Lik\u00f6rwein Moscatel &#8226; Vega de Yuco","description":"Entdecken Sie diesen Wein aus Lanzarote, der aus einer Mischung verschiedener Jahrg\u00e4nge hergestellt und 7 Monate lang in 225-Liter-F\u00e4ssern aus ungarischer Eiche gereift ist.","robots":{"index":"index","follow":"follow","max-snippet":"max-snippet:-1","max-image-preview":"max-image-preview:large","max-video-preview":"max-video-preview:-1"},"canonical":"https:\/\/www.vegadeyuco.com\/de\/producto\/aurum-likoerwein-moscatel\/","og_locale":"de_DE","og_type":"article","og_title":"Aurum Lik\u00f6rwein Moscatel &#8226; Vega de Yuco","og_description":"Entdecken Sie diesen Wein aus Lanzarote, der aus einer Mischung verschiedener Jahrg\u00e4nge hergestellt und 7 Monate lang in 225-Liter-F\u00e4ssern aus ungarischer Eiche gereift ist.","og_url":"https:\/\/www.vegadeyuco.com\/de\/producto\/aurum-likoerwein-moscatel\/","og_site_name":"Vega de Yuco","article_publisher":"https:\/\/www.facebook.com\/vegadeyuco","article_modified_time":"2026-03-09T14:14:18+00:00","og_image":[{"width":1000,"height":1000,"url":"https:\/\/www.vegadeyuco.com\/wp-content\/uploads\/2021\/01\/Aurum-dulce-2.png","type":"image\/png"}],"twitter_card":"summary_large_image","twitter_misc":{"Gesch\u00e4tzte Lesezeit":"1\u00a0Minute"},"schema":{"@context":"https:\/\/schema.org","@graph":[{"@type":"WebPage","@id":"https:\/\/www.vegadeyuco.com\/de\/producto\/aurum-likoerwein-moscatel\/","url":"https:\/\/www.vegadeyuco.com\/de\/producto\/aurum-likoerwein-moscatel\/","name":"Aurum Lik\u00f6rwein Moscatel &#8226; Vega de Yuco","isPartOf":{"@id":"https:\/\/www.vegadeyuco.com\/de\/#website"},"primaryImageOfPage":{"@id":"https:\/\/www.vegadeyuco.com\/de\/producto\/aurum-likoerwein-moscatel\/#primaryimage"},"image":{"@id":"https:\/\/www.vegadeyuco.com\/de\/producto\/aurum-likoerwein-moscatel\/#primaryimage"},"thumbnailUrl":"https:\/\/www.vegadeyuco.com\/wp-content\/uploads\/2021\/01\/Aurum-dulce-2.png","datePublished":"2021-01-30T12:17:14+00:00","dateModified":"2026-03-09T14:14:18+00:00","description":"Entdecken Sie diesen Wein aus Lanzarote, der aus einer Mischung verschiedener Jahrg\u00e4nge hergestellt und 7 Monate lang in 225-Liter-F\u00e4ssern aus ungarischer Eiche gereift ist.","breadcrumb":{"@id":"https:\/\/www.vegadeyuco.com\/de\/producto\/aurum-likoerwein-moscatel\/#breadcrumb"},"inLanguage":"de","potentialAction":[{"@type":"ReadAction","target":["https:\/\/www.vegadeyuco.com\/de\/producto\/aurum-likoerwein-moscatel\/"]}]},{"@type":"ImageObject","inLanguage":"de","@id":"https:\/\/www.vegadeyuco.com\/de\/producto\/aurum-likoerwein-moscatel\/#primaryimage","url":"https:\/\/www.vegadeyuco.com\/wp-content\/uploads\/2021\/01\/Aurum-dulce-2.png","contentUrl":"https:\/\/www.vegadeyuco.com\/wp-content\/uploads\/2021\/01\/Aurum-dulce-2.png","width":1000,"height":1000},{"@type":"BreadcrumbList","@id":"https:\/\/www.vegadeyuco.com\/de\/producto\/aurum-likoerwein-moscatel\/#breadcrumb","itemListElement":[{"@type":"ListItem","position":1,"name":"Portada","item":"https:\/\/www.vegadeyuco.com\/de\/vega-de-yuco-weinkellerei-auf-lanzarote\/"},{"@type":"ListItem","position":2,"name":"Shop","item":"https:\/\/www.vegadeyuco.com\/de\/shop\/"},{"@type":"ListItem","position":3,"name":"Aurum Lik\u00f6rwein Moscatel"}]},{"@type":"WebSite","@id":"https:\/\/www.vegadeyuco.com\/de\/#website","url":"https:\/\/www.vegadeyuco.com\/de\/","name":"Vega de Yuco","description":"Bodegas y Vi\u00f1edos Vega de Yuco en Lanzarote, una bodega tradicional Canaria que destila autenticidad e innovaci\u00f3n. ","publisher":{"@id":"https:\/\/www.vegadeyuco.com\/de\/#organization"},"potentialAction":[{"@type":"SearchAction","target":{"@type":"EntryPoint","urlTemplate":"https:\/\/www.vegadeyuco.com\/de\/?s={search_term_string}"},"query-input":{"@type":"PropertyValueSpecification","valueRequired":true,"valueName":"search_term_string"}}],"inLanguage":"de"},{"@type":"Organization","@id":"https:\/\/www.vegadeyuco.com\/de\/#organization","name":"Bodegas Vega de Yuco","url":"https:\/\/www.vegadeyuco.com\/de\/","logo":{"@type":"ImageObject","inLanguage":"de","@id":"https:\/\/www.vegadeyuco.com\/de\/#\/schema\/logo\/image\/","url":"https:\/\/www.vegadeyuco.com\/wp-content\/uploads\/2020\/01\/LOGO_VEGADEYUCO_cabecera_pedidos.png","contentUrl":"https:\/\/www.vegadeyuco.com\/wp-content\/uploads\/2020\/01\/LOGO_VEGADEYUCO_cabecera_pedidos.png","width":250,"height":150,"caption":"Bodegas Vega de Yuco"},"image":{"@id":"https:\/\/www.vegadeyuco.com\/de\/#\/schema\/logo\/image\/"},"sameAs":["https:\/\/www.facebook.com\/vegadeyuco","https:\/\/www.instagram.com\/vegadeyuco\/","https:\/\/www.youtube.com\/channel\/UCmDMkmxMCvbSXTLTAs3DM7A"]}]}},"post_mailing_queue_ids":[],"_links":{"self":[{"href":"https:\/\/www.vegadeyuco.com\/de\/wp-json\/wp\/v2\/product\/27702","targetHints":{"allow":["GET"]}}],"collection":[{"href":"https:\/\/www.vegadeyuco.com\/de\/wp-json\/wp\/v2\/product"}],"about":[{"href":"https:\/\/www.vegadeyuco.com\/de\/wp-json\/wp\/v2\/types\/product"}],"version-history":[{"count":1,"href":"https:\/\/www.vegadeyuco.com\/de\/wp-json\/wp\/v2\/product\/27702\/revisions"}],"predecessor-version":[{"id":28045,"href":"https:\/\/www.vegadeyuco.com\/de\/wp-json\/wp\/v2\/product\/27702\/revisions\/28045"}],"wp:featuredmedia":[{"embeddable":true,"href":"https:\/\/www.vegadeyuco.com\/de\/wp-json\/wp\/v2\/media\/27377"}],"wp:attachment":[{"href":"https:\/\/www.vegadeyuco.com\/de\/wp-json\/wp\/v2\/media?parent=27702"}],"wp:term":[{"taxonomy":"product_brand","embeddable":true,"href":"https:\/\/www.vegadeyuco.com\/de\/wp-json\/wp\/v2\/product_brand?post=27702"},{"taxonomy":"product_cat","embeddable":true,"href":"https:\/\/www.vegadeyuco.com\/de\/wp-json\/wp\/v2\/product_cat?post=27702"},{"taxonomy":"product_tag","embeddable":true,"href":"https:\/\/www.vegadeyuco.com\/de\/wp-json\/wp\/v2\/product_tag?post=27702"}],"curies":[{"name":"wp","href":"https:\/\/api.w.org\/{rel}","templated":true}]}}