{"id":26800,"date":"2021-01-27T12:36:14","date_gmt":"2021-01-27T12:36:14","guid":{"rendered":"https:\/\/www.vegadeyuco.com\/vega-de-yuco-wine-cellar\/"},"modified":"2025-12-11T13:02:00","modified_gmt":"2025-12-11T13:02:00","slug":"vega-de-yuco-wine-cellar","status":"publish","type":"page","link":"https:\/\/www.vegadeyuco.com\/en\/vega-de-yuco-wine-cellar\/","title":{"rendered":"Vega de Yuco Wine Cellar"},"content":{"rendered":"\t\t<div data-elementor-type=\"wp-page\" data-elementor-id=\"26800\" class=\"elementor elementor-26800 elementor-13336\" data-elementor-post-type=\"page\">\n\t\t\t\t<div class=\"elementor-element elementor-element-78132d5 e-flex e-con-boxed e-con e-parent\" data-id=\"78132d5\" data-element_type=\"container\">\n\t\t\t\t\t<div class=\"e-con-inner\">\n\t\t\t\t<div class=\"elementor-element elementor-element-e501534 elementor-widget elementor-widget-heading\" data-id=\"e501534\" data-element_type=\"widget\" data-widget_type=\"heading.default\">\n\t\t\t\t<div class=\"elementor-widget-container\">\n\t\t\t\t\t<h1 class=\"elementor-heading-title elementor-size-default\">The Winery<\/h1>\t\t\t\t<\/div>\n\t\t\t\t<\/div>\n\t\t\t\t<div class=\"elementor-element elementor-element-57b3001 elementor-widget-divider--view-line elementor-widget elementor-widget-divider\" data-id=\"57b3001\" data-element_type=\"widget\" data-widget_type=\"divider.default\">\n\t\t\t\t<div class=\"elementor-widget-container\">\n\t\t\t\t\t\t\t<div class=\"elementor-divider\">\n\t\t\t<span class=\"elementor-divider-separator\">\n\t\t\t\t\t\t<\/span>\n\t\t<\/div>\n\t\t\t\t\t\t<\/div>\n\t\t\t\t<\/div>\n\t\t\t\t\t<\/div>\n\t\t\t\t<\/div>\n\t\t<div class=\"elementor-element elementor-element-25cf1e7 e-flex e-con-boxed e-con e-parent\" data-id=\"25cf1e7\" data-element_type=\"container\">\n\t\t\t\t\t<div class=\"e-con-inner\">\n\t\t<div class=\"elementor-element elementor-element-c117c1e e-con-full e-flex e-con e-child\" data-id=\"c117c1e\" data-element_type=\"container\">\n\t\t\t\t<div class=\"elementor-element elementor-element-19bf812 elementor-widget elementor-widget-image\" data-id=\"19bf812\" data-element_type=\"widget\" data-widget_type=\"image.default\">\n\t\t\t\t<div class=\"elementor-widget-container\">\n\t\t\t\t\t\t\t\t\t\t\t\t\t\t\t<img fetchpriority=\"high\" decoding=\"async\" width=\"603\" height=\"934\" src=\"https:\/\/www.vegadeyuco.com\/wp-content\/uploads\/2025\/01\/Viticultor_Lanzarote-min.jpg\" class=\"attachment-full size-full wp-image-26794\" alt=\"\" srcset=\"https:\/\/www.vegadeyuco.com\/wp-content\/uploads\/2025\/01\/Viticultor_Lanzarote-min.jpg 603w, https:\/\/www.vegadeyuco.com\/wp-content\/uploads\/2025\/01\/Viticultor_Lanzarote-min-194x300.jpg 194w\" sizes=\"(max-width: 603px) 100vw, 603px\" \/>\t\t\t\t\t\t\t\t\t\t\t\t\t\t\t<\/div>\n\t\t\t\t<\/div>\n\t\t\t\t<\/div>\n\t\t<div class=\"elementor-element elementor-element-d68a1e2 e-con-full e-flex e-con e-child\" data-id=\"d68a1e2\" data-element_type=\"container\">\n\t\t\t\t<div class=\"elementor-element elementor-element-a1f1833 elementor-widget elementor-widget-text-editor\" data-id=\"a1f1833\" data-element_type=\"widget\" data-widget_type=\"text-editor.default\">\n\t\t\t\t<div class=\"elementor-widget-container\">\n\t\t\t\t\t\t\t\t\t<p>ABOUT US<\/p>\t\t\t\t\t\t\t\t<\/div>\n\t\t\t\t<\/div>\n\t\t\t\t<div class=\"elementor-element elementor-element-65b53dc elementor-widget elementor-widget-heading\" data-id=\"65b53dc\" data-element_type=\"widget\" data-widget_type=\"heading.default\">\n\t\t\t\t<div class=\"elementor-widget-container\">\n\t\t\t\t\t<h2 class=\"elementor-heading-title elementor-size-default\">Our history<\/h2>\t\t\t\t<\/div>\n\t\t\t\t<\/div>\n\t\t\t\t<div class=\"elementor-element elementor-element-5218042 elementor-widget elementor-widget-text-editor\" data-id=\"5218042\" data-element_type=\"widget\" data-widget_type=\"text-editor.default\">\n\t\t\t\t<div class=\"elementor-widget-container\">\n\t\t\t\t\t\t\t\t\t<p>Vega de Yuco is a traditional Canarian winery that exudes authenticity and innovation. The winery offers us genuine wines that are highly expressive and have a unique personality. <\/p><p>Our winery, which is part of the Regulatory Council of the Lanzarote Wine Designation of Origin, has been combining great artisan tradition, technology and innovation for more than two decades to create wines of extraordinary quality across its different ranges.<\/p><p><span style=\"color: #d07046; font-family: Lora; font-weight: 600;\">Where?<\/span><br>In a privileged location on the island of Lanzarote. The winery, surrounded by volcanoes, is located in the middle of Lomo de Tese, 1 kilometre from the village of Masdache and in the direction of the municipality of T\u00edas, next to the Volcanoes Natural Park and the Protected Landscape of La Geria. In a paradise such as the island of Lanzarote, which the Canarian artist and sculptor C\u00e9sar Manrique described as follows: \u2018For me, it was the most beautiful place on earth&#8230; and I realised that if they were able to see it through my eyes, then they would think the same as me\u2019.  <\/p><p><span style=\"color: #d07046; font-family: Lora; font-weight: 600;\">When?<\/span><br>When the volcanic eruptions of Timanfaya devastated the fertile land between 1730 and 1736, farmers covered the cultivated land with fragmented lava, or lapilli, in order to preserve moisture and protect the plants from such extreme weather conditions. In this way, the island was reborn from volcanic ash, and vine cultivation began with unique and exclusive varieties such as Malvas\u00eda Volc\u00e1nica.  <\/p><p><span style=\"color: #d07046; font-family: Lora; font-weight: 600;\">Who?<\/span><br>The winegrowers, heroes who not only sought excellence but found it. Investigating fearlessly, with courage and with the effort and passion possessed by those who know and respect their environment. Encountering the gateway that distinguishes and differentiates the extraordinary from the ordinary. Digging deep holes to reach the fertile soil where they could plant the vines. Thus developing the art of winemaking. The thread that connects heaven and earth. The abyss and the summit.      <\/p>\t\t\t\t\t\t\t\t<\/div>\n\t\t\t\t<\/div>\n\t\t\t\t<\/div>\n\t\t\t\t\t<\/div>\n\t\t\t\t<\/div>\n\t\t<div class=\"elementor-element elementor-element-ee3e705 e-con-full e-flex e-con e-parent\" data-id=\"ee3e705\" data-element_type=\"container\">\n\t\t\t\t<div class=\"elementor-element elementor-element-6a0a72c elementor-widget elementor-widget-image\" data-id=\"6a0a72c\" data-element_type=\"widget\" data-widget_type=\"image.default\">\n\t\t\t\t<div class=\"elementor-widget-container\">\n\t\t\t\t\t\t\t\t\t\t\t\t\t\t\t<img decoding=\"async\" width=\"1920\" height=\"856\" src=\"https:\/\/www.vegadeyuco.com\/wp-content\/uploads\/2025\/01\/Finca_Testeina_7-min.jpg\" class=\"attachment-full size-full wp-image-26795\" alt=\"\" srcset=\"https:\/\/www.vegadeyuco.com\/wp-content\/uploads\/2025\/01\/Finca_Testeina_7-min.jpg 1920w, https:\/\/www.vegadeyuco.com\/wp-content\/uploads\/2025\/01\/Finca_Testeina_7-min-300x134.jpg 300w, https:\/\/www.vegadeyuco.com\/wp-content\/uploads\/2025\/01\/Finca_Testeina_7-min-1024x457.jpg 1024w, https:\/\/www.vegadeyuco.com\/wp-content\/uploads\/2025\/01\/Finca_Testeina_7-min-768x342.jpg 768w, https:\/\/www.vegadeyuco.com\/wp-content\/uploads\/2025\/01\/Finca_Testeina_7-min-1536x685.jpg 1536w, https:\/\/www.vegadeyuco.com\/wp-content\/uploads\/2025\/01\/Finca_Testeina_7-min-1000x446.jpg 1000w\" sizes=\"(max-width: 1920px) 100vw, 1920px\" \/>\t\t\t\t\t\t\t\t\t\t\t\t\t\t\t<\/div>\n\t\t\t\t<\/div>\n\t\t\t\t<\/div>\n\t\t<div class=\"elementor-element elementor-element-941a9c1 e-flex e-con-boxed e-con e-parent\" data-id=\"941a9c1\" data-element_type=\"container\">\n\t\t\t\t\t<div class=\"e-con-inner\">\n\t\t<div class=\"elementor-element elementor-element-8e7dcdd e-con-full e-flex e-con e-child\" data-id=\"8e7dcdd\" data-element_type=\"container\">\n\t\t\t\t<div class=\"elementor-element elementor-element-f8ec817 elementor-widget elementor-widget-image\" data-id=\"f8ec817\" data-element_type=\"widget\" data-widget_type=\"image.default\">\n\t\t\t\t<div class=\"elementor-widget-container\">\n\t\t\t\t\t\t\t\t\t\t\t\t\t\t\t<img decoding=\"async\" width=\"476\" height=\"310\" src=\"https:\/\/www.vegadeyuco.com\/wp-content\/uploads\/2025\/01\/Finca_Testeina_6-min.jpg\" class=\"attachment-full size-full wp-image-26796\" alt=\"\" srcset=\"https:\/\/www.vegadeyuco.com\/wp-content\/uploads\/2025\/01\/Finca_Testeina_6-min.jpg 476w, https:\/\/www.vegadeyuco.com\/wp-content\/uploads\/2025\/01\/Finca_Testeina_6-min-300x195.jpg 300w\" sizes=\"(max-width: 476px) 100vw, 476px\" \/>\t\t\t\t\t\t\t\t\t\t\t\t\t\t\t<\/div>\n\t\t\t\t<\/div>\n\t\t\t\t<\/div>\n\t\t<div class=\"elementor-element elementor-element-0950a98 e-con-full e-flex e-con e-child\" data-id=\"0950a98\" data-element_type=\"container\">\n\t\t\t\t<div class=\"elementor-element elementor-element-14fd93a elementor-widget elementor-widget-image\" data-id=\"14fd93a\" data-element_type=\"widget\" data-widget_type=\"image.default\">\n\t\t\t\t<div class=\"elementor-widget-container\">\n\t\t\t\t\t\t\t\t\t\t\t\t\t\t\t<img loading=\"lazy\" decoding=\"async\" width=\"984\" height=\"536\" src=\"https:\/\/www.vegadeyuco.com\/wp-content\/uploads\/2025\/01\/Vinedos_Finca_Testeina_1-min-1.jpg\" class=\"attachment-full size-full wp-image-26797\" alt=\"\" srcset=\"https:\/\/www.vegadeyuco.com\/wp-content\/uploads\/2025\/01\/Vinedos_Finca_Testeina_1-min-1.jpg 984w, https:\/\/www.vegadeyuco.com\/wp-content\/uploads\/2025\/01\/Vinedos_Finca_Testeina_1-min-1-300x163.jpg 300w, https:\/\/www.vegadeyuco.com\/wp-content\/uploads\/2025\/01\/Vinedos_Finca_Testeina_1-min-1-768x418.jpg 768w\" sizes=\"(max-width: 984px) 100vw, 984px\" \/>\t\t\t\t\t\t\t\t\t\t\t\t\t\t\t<\/div>\n\t\t\t\t<\/div>\n\t\t\t\t<div class=\"elementor-element elementor-element-9c4a4fa elementor-widget-divider--view-line elementor-widget elementor-widget-divider\" data-id=\"9c4a4fa\" data-element_type=\"widget\" data-widget_type=\"divider.default\">\n\t\t\t\t<div class=\"elementor-widget-container\">\n\t\t\t\t\t\t\t<div class=\"elementor-divider\">\n\t\t\t<span class=\"elementor-divider-separator\">\n\t\t\t\t\t\t<\/span>\n\t\t<\/div>\n\t\t\t\t\t\t<\/div>\n\t\t\t\t<\/div>\n\t\t\t\t<div class=\"elementor-element elementor-element-f9eb807 elementor-widget elementor-widget-text-editor\" data-id=\"f9eb807\" data-element_type=\"widget\" data-widget_type=\"text-editor.default\">\n\t\t\t\t<div class=\"elementor-widget-container\">\n\t\t\t\t\t\t\t\t\t<p><span style=\"color: #d07046; font-family: Lora; font-weight: 600;\">How?<\/span><br>Lanzarote grapes with designation of origin (D.O.). The secret of a fruit with a name and surname; pre-phylloxera varieties native to the island. Grape varieties that give our wines their excellence, such as Malvas\u00eda Volc\u00e1nica and List\u00e1n Negro, which predominate in our production, as well as others such as Diego and Moscatel. An artisanal raw material transformed into an extraordinary wine.   <\/p>\t\t\t\t\t\t\t\t<\/div>\n\t\t\t\t<\/div>\n\t\t\t\t<\/div>\n\t\t\t\t\t<\/div>\n\t\t\t\t<\/div>\n\t\t<div class=\"elementor-element elementor-element-6b18c89 e-flex e-con-boxed e-con e-parent\" data-id=\"6b18c89\" data-element_type=\"container\">\n\t\t\t\t\t<div class=\"e-con-inner\">\n\t\t<div class=\"elementor-element elementor-element-2ce438a e-con-full e-flex e-con e-child\" data-id=\"2ce438a\" data-element_type=\"container\">\n\t\t\t\t<div class=\"elementor-element elementor-element-3a12093 elementor-widget elementor-widget-image\" data-id=\"3a12093\" data-element_type=\"widget\" data-widget_type=\"image.default\">\n\t\t\t\t<div class=\"elementor-widget-container\">\n\t\t\t\t\t\t\t\t\t\t\t\t\t\t\t<img loading=\"lazy\" decoding=\"async\" width=\"730\" height=\"422\" src=\"https:\/\/www.vegadeyuco.com\/wp-content\/uploads\/2025\/01\/DSCN9699-min.jpg\" class=\"attachment-full size-full wp-image-26798\" alt=\"\" srcset=\"https:\/\/www.vegadeyuco.com\/wp-content\/uploads\/2025\/01\/DSCN9699-min.jpg 730w, https:\/\/www.vegadeyuco.com\/wp-content\/uploads\/2025\/01\/DSCN9699-min-300x173.jpg 300w\" sizes=\"(max-width: 730px) 100vw, 730px\" \/>\t\t\t\t\t\t\t\t\t\t\t\t\t\t\t<\/div>\n\t\t\t\t<\/div>\n\t\t\t\t<\/div>\n\t\t<div class=\"elementor-element elementor-element-0b50a14 e-con-full e-flex e-con e-child\" data-id=\"0b50a14\" data-element_type=\"container\">\n\t\t\t\t<div class=\"elementor-element elementor-element-fcf4cf2 elementor-widget elementor-widget-text-editor\" data-id=\"fcf4cf2\" data-element_type=\"widget\" data-widget_type=\"text-editor.default\">\n\t\t\t\t<div class=\"elementor-widget-container\">\n\t\t\t\t\t\t\t\t\t<p><span style=\"color: #d07046; font-family: Lora; font-weight: 600;\">What?<\/span><br>Lanzarote grapes with designation of origin (D.O.). The secret of a fruit with a name and surname; pre-phylloxera varieties native to the island. Grape varieties that give our wines their excellence, such as Malvas\u00eda Volc\u00e1nica and List\u00e1n Negro, which predominate in our production, as well as others such as Diego and Moscatel. An artisanal raw material transformed into an extraordinary wine.   <\/p>\t\t\t\t\t\t\t\t<\/div>\n\t\t\t\t<\/div>\n\t\t\t\t<\/div>\n\t\t\t\t\t<\/div>\n\t\t\t\t<\/div>\n\t\t<div class=\"elementor-element elementor-element-855d80a e-flex e-con-boxed e-con e-parent\" data-id=\"855d80a\" data-element_type=\"container\" data-settings=\"{&quot;background_background&quot;:&quot;classic&quot;}\">\n\t\t\t\t\t<div class=\"e-con-inner\">\n\t\t<div class=\"elementor-element elementor-element-e77bea2 e-con-full e-flex e-con e-child\" data-id=\"e77bea2\" data-element_type=\"container\">\n\t\t\t\t<div class=\"elementor-element elementor-element-cf7de16 elementor-widget elementor-widget-text-editor\" data-id=\"cf7de16\" data-element_type=\"widget\" data-widget_type=\"text-editor.default\">\n\t\t\t\t<div class=\"elementor-widget-container\">\n\t\t\t\t\t\t\t\t\t<p><span style=\"color: #d07046; font-family: Lora; font-weight: 600;\">Why? <\/span><br>So that the experience would remain still, fixed, immovable in the retina of those who see beyond what they look at. A moment in which \u2018wine, landscape and winery\u2019 blend on the palate, becoming tradition, culture and art. <\/p><p><span style=\"color: #d07046; font-family: Lora; font-weight: 600;\">For whom?<\/span><br>Only suitable for those who expect the unexpected. For those who find themselves in such an overwhelming and sublime space. From Robert Louis Stevenson, \u2018[&#8230;] elegance on the palate\u2019, to Herman Melville, who referred to its \u201cquality\u201d, to William Shakespeare, \u2018[&#8230;] a wonderfully penetrating wine\u2019.  <\/p><p>But you have to come here and let yourself be won over, so that it is not always us who choose, but rather the wine from Bodegas Vega de Yuco that chooses us.<\/p>\t\t\t\t\t\t\t\t<\/div>\n\t\t\t\t<\/div>\n\t\t\t\t<\/div>\n\t\t<div class=\"elementor-element elementor-element-997a1ee e-con-full e-flex e-con e-child\" data-id=\"997a1ee\" data-element_type=\"container\">\n\t\t\t\t<div class=\"elementor-element elementor-element-1720d97 elementor-widget elementor-widget-image\" data-id=\"1720d97\" data-element_type=\"widget\" data-widget_type=\"image.default\">\n\t\t\t\t<div class=\"elementor-widget-container\">\n\t\t\t\t\t\t\t\t\t\t\t\t\t\t\t<img loading=\"lazy\" decoding=\"async\" width=\"857\" height=\"615\" src=\"https:\/\/www.vegadeyuco.com\/wp-content\/uploads\/2025\/01\/Cata-Sinestesica-7-min.jpg\" class=\"attachment-full size-full wp-image-26799\" alt=\"\" srcset=\"https:\/\/www.vegadeyuco.com\/wp-content\/uploads\/2025\/01\/Cata-Sinestesica-7-min.jpg 857w, https:\/\/www.vegadeyuco.com\/wp-content\/uploads\/2025\/01\/Cata-Sinestesica-7-min-300x215.jpg 300w, https:\/\/www.vegadeyuco.com\/wp-content\/uploads\/2025\/01\/Cata-Sinestesica-7-min-768x551.jpg 768w\" sizes=\"(max-width: 857px) 100vw, 857px\" \/>\t\t\t\t\t\t\t\t\t\t\t\t\t\t\t<\/div>\n\t\t\t\t<\/div>\n\t\t\t\t<\/div>\n\t\t\t\t\t<\/div>\n\t\t\t\t<\/div>\n\t\t\t\t<\/div>\n\t\t","protected":false},"excerpt":{"rendered":"<p>The Winery ABOUT US Our history Vega de Yuco is a traditional Canarian winery that exudes authenticity and innovation. The winery offers us genuine wines that are highly expressive and have a unique personality. Our winery, which is part of the Regulatory Council of the Lanzarote Wine Designation of Origin, has been combining great artisan [&hellip;]<\/p>\n","protected":false},"author":1,"featured_media":0,"parent":0,"menu_order":0,"comment_status":"closed","ping_status":"closed","template":"","meta":{"footnotes":""},"class_list":["post-26800","page","type-page","status-publish","hentry"],"yoast_head":"<!-- This site is optimized with the Yoast SEO plugin v26.8 - https:\/\/yoast.com\/product\/yoast-seo-wordpress\/ -->\n<title>Vega de Yuco Wine Cellar &#8226; Vega de Yuco<\/title>\n<meta name=\"description\" content=\"Vega de Yuco es una bodega tradicional Canaria que destila autenticidad e innovaci\u00f3n. La bodega nos descubre unos vinos genuinos, muy expresivos y con personalidad \u00fanica.\" \/>\n<meta name=\"robots\" content=\"index, follow, max-snippet:-1, max-image-preview:large, max-video-preview:-1\" \/>\n<link rel=\"canonical\" href=\"https:\/\/www.vegadeyuco.com\/en\/vega-de-yuco-wine-cellar\/\" \/>\n<meta property=\"og:locale\" content=\"en_US\" \/>\n<meta property=\"og:type\" content=\"article\" \/>\n<meta property=\"og:title\" content=\"Vega de Yuco Wine Cellar &#8226; Vega de Yuco\" \/>\n<meta property=\"og:description\" content=\"Vega de Yuco es una bodega tradicional Canaria que destila autenticidad e innovaci\u00f3n. La bodega nos descubre unos vinos genuinos, muy expresivos y con personalidad \u00fanica.\" \/>\n<meta property=\"og:url\" content=\"https:\/\/www.vegadeyuco.com\/en\/vega-de-yuco-wine-cellar\/\" \/>\n<meta property=\"og:site_name\" content=\"Vega de Yuco\" \/>\n<meta property=\"article:publisher\" content=\"https:\/\/www.facebook.com\/vegadeyuco\" \/>\n<meta property=\"article:modified_time\" content=\"2025-12-11T13:02:00+00:00\" \/>\n<meta property=\"og:image\" content=\"https:\/\/www.vegadeyuco.com\/wp-content\/uploads\/2025\/01\/Viticultor_Lanzarote-min.jpg\" \/>\n\t<meta property=\"og:image:width\" content=\"603\" \/>\n\t<meta property=\"og:image:height\" content=\"934\" \/>\n\t<meta property=\"og:image:type\" content=\"image\/jpeg\" \/>\n<meta name=\"twitter:card\" content=\"summary_large_image\" \/>\n<meta name=\"twitter:label1\" content=\"Est. reading time\" \/>\n\t<meta name=\"twitter:data1\" content=\"3 minutes\" \/>\n<script type=\"application\/ld+json\" class=\"yoast-schema-graph\">{\"@context\":\"https:\/\/schema.org\",\"@graph\":[{\"@type\":\"WebPage\",\"@id\":\"https:\/\/www.vegadeyuco.com\/en\/vega-de-yuco-wine-cellar\/\",\"url\":\"https:\/\/www.vegadeyuco.com\/en\/vega-de-yuco-wine-cellar\/\",\"name\":\"Vega de Yuco Wine Cellar &#8226; Vega de Yuco\",\"isPartOf\":{\"@id\":\"https:\/\/www.vegadeyuco.com\/en\/#website\"},\"primaryImageOfPage\":{\"@id\":\"https:\/\/www.vegadeyuco.com\/en\/vega-de-yuco-wine-cellar\/#primaryimage\"},\"image\":{\"@id\":\"https:\/\/www.vegadeyuco.com\/en\/vega-de-yuco-wine-cellar\/#primaryimage\"},\"thumbnailUrl\":\"https:\/\/www.vegadeyuco.com\/wp-content\/uploads\/2025\/01\/Viticultor_Lanzarote-min.jpg\",\"datePublished\":\"2021-01-27T12:36:14+00:00\",\"dateModified\":\"2025-12-11T13:02:00+00:00\",\"description\":\"Vega de Yuco es una bodega tradicional Canaria que destila autenticidad e innovaci\u00f3n. La bodega nos descubre unos vinos genuinos, muy expresivos y con personalidad \u00fanica.\",\"breadcrumb\":{\"@id\":\"https:\/\/www.vegadeyuco.com\/en\/vega-de-yuco-wine-cellar\/#breadcrumb\"},\"inLanguage\":\"en-US\",\"potentialAction\":[{\"@type\":\"ReadAction\",\"target\":[\"https:\/\/www.vegadeyuco.com\/en\/vega-de-yuco-wine-cellar\/\"]}]},{\"@type\":\"ImageObject\",\"inLanguage\":\"en-US\",\"@id\":\"https:\/\/www.vegadeyuco.com\/en\/vega-de-yuco-wine-cellar\/#primaryimage\",\"url\":\"https:\/\/www.vegadeyuco.com\/wp-content\/uploads\/2025\/01\/Viticultor_Lanzarote-min.jpg\",\"contentUrl\":\"https:\/\/www.vegadeyuco.com\/wp-content\/uploads\/2025\/01\/Viticultor_Lanzarote-min.jpg\"},{\"@type\":\"BreadcrumbList\",\"@id\":\"https:\/\/www.vegadeyuco.com\/en\/vega-de-yuco-wine-cellar\/#breadcrumb\",\"itemListElement\":[{\"@type\":\"ListItem\",\"position\":1,\"name\":\"Portada\",\"item\":\"https:\/\/www.vegadeyuco.com\/en\/vega-de-yuco-wine-cellar-in-lanzarote\/\"},{\"@type\":\"ListItem\",\"position\":2,\"name\":\"Vega de Yuco Wine Cellar\"}]},{\"@type\":\"WebSite\",\"@id\":\"https:\/\/www.vegadeyuco.com\/en\/#website\",\"url\":\"https:\/\/www.vegadeyuco.com\/en\/\",\"name\":\"Vega de Yuco\",\"description\":\"Bodegas y Vi\u00f1edos Vega de Yuco en Lanzarote, una bodega tradicional Canaria que destila autenticidad e innovaci\u00f3n. \",\"publisher\":{\"@id\":\"https:\/\/www.vegadeyuco.com\/en\/#organization\"},\"potentialAction\":[{\"@type\":\"SearchAction\",\"target\":{\"@type\":\"EntryPoint\",\"urlTemplate\":\"https:\/\/www.vegadeyuco.com\/en\/?s={search_term_string}\"},\"query-input\":{\"@type\":\"PropertyValueSpecification\",\"valueRequired\":true,\"valueName\":\"search_term_string\"}}],\"inLanguage\":\"en-US\"},{\"@type\":\"Organization\",\"@id\":\"https:\/\/www.vegadeyuco.com\/en\/#organization\",\"name\":\"Bodegas Vega de Yuco\",\"url\":\"https:\/\/www.vegadeyuco.com\/en\/\",\"logo\":{\"@type\":\"ImageObject\",\"inLanguage\":\"en-US\",\"@id\":\"https:\/\/www.vegadeyuco.com\/en\/#\/schema\/logo\/image\/\",\"url\":\"https:\/\/www.vegadeyuco.com\/wp-content\/uploads\/2020\/01\/LOGO_VEGADEYUCO_cabecera_pedidos.png\",\"contentUrl\":\"https:\/\/www.vegadeyuco.com\/wp-content\/uploads\/2020\/01\/LOGO_VEGADEYUCO_cabecera_pedidos.png\",\"width\":250,\"height\":150,\"caption\":\"Bodegas Vega de Yuco\"},\"image\":{\"@id\":\"https:\/\/www.vegadeyuco.com\/en\/#\/schema\/logo\/image\/\"},\"sameAs\":[\"https:\/\/www.facebook.com\/vegadeyuco\",\"https:\/\/www.instagram.com\/vegadeyuco\/\",\"https:\/\/www.youtube.com\/channel\/UCmDMkmxMCvbSXTLTAs3DM7A\"]}]}<\/script>\n<!-- \/ Yoast SEO plugin. -->","yoast_head_json":{"title":"Vega de Yuco Wine Cellar &#8226; Vega de Yuco","description":"Vega de Yuco es una bodega tradicional Canaria que destila autenticidad e innovaci\u00f3n. La bodega nos descubre unos vinos genuinos, muy expresivos y con personalidad \u00fanica.","robots":{"index":"index","follow":"follow","max-snippet":"max-snippet:-1","max-image-preview":"max-image-preview:large","max-video-preview":"max-video-preview:-1"},"canonical":"https:\/\/www.vegadeyuco.com\/en\/vega-de-yuco-wine-cellar\/","og_locale":"en_US","og_type":"article","og_title":"Vega de Yuco Wine Cellar &#8226; Vega de Yuco","og_description":"Vega de Yuco es una bodega tradicional Canaria que destila autenticidad e innovaci\u00f3n. La bodega nos descubre unos vinos genuinos, muy expresivos y con personalidad \u00fanica.","og_url":"https:\/\/www.vegadeyuco.com\/en\/vega-de-yuco-wine-cellar\/","og_site_name":"Vega de Yuco","article_publisher":"https:\/\/www.facebook.com\/vegadeyuco","article_modified_time":"2025-12-11T13:02:00+00:00","og_image":[{"width":603,"height":934,"url":"https:\/\/www.vegadeyuco.com\/wp-content\/uploads\/2025\/01\/Viticultor_Lanzarote-min.jpg","type":"image\/jpeg"}],"twitter_card":"summary_large_image","twitter_misc":{"Est. reading time":"3 minutes"},"schema":{"@context":"https:\/\/schema.org","@graph":[{"@type":"WebPage","@id":"https:\/\/www.vegadeyuco.com\/en\/vega-de-yuco-wine-cellar\/","url":"https:\/\/www.vegadeyuco.com\/en\/vega-de-yuco-wine-cellar\/","name":"Vega de Yuco Wine Cellar &#8226; Vega de Yuco","isPartOf":{"@id":"https:\/\/www.vegadeyuco.com\/en\/#website"},"primaryImageOfPage":{"@id":"https:\/\/www.vegadeyuco.com\/en\/vega-de-yuco-wine-cellar\/#primaryimage"},"image":{"@id":"https:\/\/www.vegadeyuco.com\/en\/vega-de-yuco-wine-cellar\/#primaryimage"},"thumbnailUrl":"https:\/\/www.vegadeyuco.com\/wp-content\/uploads\/2025\/01\/Viticultor_Lanzarote-min.jpg","datePublished":"2021-01-27T12:36:14+00:00","dateModified":"2025-12-11T13:02:00+00:00","description":"Vega de Yuco es una bodega tradicional Canaria que destila autenticidad e innovaci\u00f3n. La bodega nos descubre unos vinos genuinos, muy expresivos y con personalidad \u00fanica.","breadcrumb":{"@id":"https:\/\/www.vegadeyuco.com\/en\/vega-de-yuco-wine-cellar\/#breadcrumb"},"inLanguage":"en-US","potentialAction":[{"@type":"ReadAction","target":["https:\/\/www.vegadeyuco.com\/en\/vega-de-yuco-wine-cellar\/"]}]},{"@type":"ImageObject","inLanguage":"en-US","@id":"https:\/\/www.vegadeyuco.com\/en\/vega-de-yuco-wine-cellar\/#primaryimage","url":"https:\/\/www.vegadeyuco.com\/wp-content\/uploads\/2025\/01\/Viticultor_Lanzarote-min.jpg","contentUrl":"https:\/\/www.vegadeyuco.com\/wp-content\/uploads\/2025\/01\/Viticultor_Lanzarote-min.jpg"},{"@type":"BreadcrumbList","@id":"https:\/\/www.vegadeyuco.com\/en\/vega-de-yuco-wine-cellar\/#breadcrumb","itemListElement":[{"@type":"ListItem","position":1,"name":"Portada","item":"https:\/\/www.vegadeyuco.com\/en\/vega-de-yuco-wine-cellar-in-lanzarote\/"},{"@type":"ListItem","position":2,"name":"Vega de Yuco Wine Cellar"}]},{"@type":"WebSite","@id":"https:\/\/www.vegadeyuco.com\/en\/#website","url":"https:\/\/www.vegadeyuco.com\/en\/","name":"Vega de Yuco","description":"Bodegas y Vi\u00f1edos Vega de Yuco en Lanzarote, una bodega tradicional Canaria que destila autenticidad e innovaci\u00f3n. ","publisher":{"@id":"https:\/\/www.vegadeyuco.com\/en\/#organization"},"potentialAction":[{"@type":"SearchAction","target":{"@type":"EntryPoint","urlTemplate":"https:\/\/www.vegadeyuco.com\/en\/?s={search_term_string}"},"query-input":{"@type":"PropertyValueSpecification","valueRequired":true,"valueName":"search_term_string"}}],"inLanguage":"en-US"},{"@type":"Organization","@id":"https:\/\/www.vegadeyuco.com\/en\/#organization","name":"Bodegas Vega de Yuco","url":"https:\/\/www.vegadeyuco.com\/en\/","logo":{"@type":"ImageObject","inLanguage":"en-US","@id":"https:\/\/www.vegadeyuco.com\/en\/#\/schema\/logo\/image\/","url":"https:\/\/www.vegadeyuco.com\/wp-content\/uploads\/2020\/01\/LOGO_VEGADEYUCO_cabecera_pedidos.png","contentUrl":"https:\/\/www.vegadeyuco.com\/wp-content\/uploads\/2020\/01\/LOGO_VEGADEYUCO_cabecera_pedidos.png","width":250,"height":150,"caption":"Bodegas Vega de Yuco"},"image":{"@id":"https:\/\/www.vegadeyuco.com\/en\/#\/schema\/logo\/image\/"},"sameAs":["https:\/\/www.facebook.com\/vegadeyuco","https:\/\/www.instagram.com\/vegadeyuco\/","https:\/\/www.youtube.com\/channel\/UCmDMkmxMCvbSXTLTAs3DM7A"]}]}},"post_mailing_queue_ids":[],"_links":{"self":[{"href":"https:\/\/www.vegadeyuco.com\/en\/wp-json\/wp\/v2\/pages\/26800","targetHints":{"allow":["GET"]}}],"collection":[{"href":"https:\/\/www.vegadeyuco.com\/en\/wp-json\/wp\/v2\/pages"}],"about":[{"href":"https:\/\/www.vegadeyuco.com\/en\/wp-json\/wp\/v2\/types\/page"}],"author":[{"embeddable":true,"href":"https:\/\/www.vegadeyuco.com\/en\/wp-json\/wp\/v2\/users\/1"}],"replies":[{"embeddable":true,"href":"https:\/\/www.vegadeyuco.com\/en\/wp-json\/wp\/v2\/comments?post=26800"}],"version-history":[{"count":1,"href":"https:\/\/www.vegadeyuco.com\/en\/wp-json\/wp\/v2\/pages\/26800\/revisions"}],"predecessor-version":[{"id":26813,"href":"https:\/\/www.vegadeyuco.com\/en\/wp-json\/wp\/v2\/pages\/26800\/revisions\/26813"}],"wp:attachment":[{"href":"https:\/\/www.vegadeyuco.com\/en\/wp-json\/wp\/v2\/media?parent=26800"}],"curies":[{"name":"wp","href":"https:\/\/api.w.org\/{rel}","templated":true}]}}