{"id":26915,"date":"2024-06-06T15:33:17","date_gmt":"2024-06-06T14:33:17","guid":{"rendered":"https:\/\/www.vegadeyuco.com\/sparkling-wines\/"},"modified":"2025-12-12T12:43:36","modified_gmt":"2025-12-12T12:43:36","slug":"sparkling-wines","status":"publish","type":"page","link":"https:\/\/www.vegadeyuco.com\/en\/sparkling-wines\/","title":{"rendered":"Sparkling Wines"},"content":{"rendered":"\t\t<div data-elementor-type=\"wp-page\" data-elementor-id=\"26915\" class=\"elementor elementor-26915 elementor-21387\" data-elementor-post-type=\"page\">\n\t\t\t\t<div class=\"elementor-element elementor-element-734d53a e-flex e-con-boxed e-con e-parent\" data-id=\"734d53a\" data-element_type=\"container\">\n\t\t\t\t\t<div class=\"e-con-inner\">\n\t\t<div class=\"elementor-element elementor-element-4ceeeb9 e-con-full e-flex e-con e-child\" data-id=\"4ceeeb9\" data-element_type=\"container\">\n\t\t\t\t<div class=\"elementor-element elementor-element-ad4a986 elementor-widget elementor-widget-heading\" data-id=\"ad4a986\" data-element_type=\"widget\" data-widget_type=\"heading.default\">\n\t\t\t\t<div class=\"elementor-widget-container\">\n\t\t\t\t\t<h1 class=\"elementor-heading-title elementor-size-default\">Sparkling Wines<\/h1>\t\t\t\t<\/div>\n\t\t\t\t<\/div>\n\t\t\t\t<div class=\"elementor-element elementor-element-b28250a elementor-widget elementor-widget-text-editor\" data-id=\"b28250a\" data-element_type=\"widget\" data-widget_type=\"text-editor.default\">\n\t\t\t\t<div class=\"elementor-widget-container\">\n\t\t\t\t\t\t\t\t\t<p>Vines once covered the south of the Iberian Peninsula, but they practically disappeared after the phylloxera plague of the late 19th century, which affected almost all European vineyards. Diego and List\u00e1n Blanca, like Malvas\u00eda Volc\u00e1nica and other varieties on the island, are pre-phylloxera and continue to thrive in Lanzarote thanks to the ingenuity and hard work of the men and women of this land, who have managed to preserve this unique and extraordinarily valuable natural wine-growing heritage.<\/p><p>Elegance, subtlety and originality are the most predominant characteristics in the sparkling wines produced by Bodegas Vega de Yuco. These are minority varieties on the island and, as in the case of the Diego grape from Lanzarote, are in danger of disappearing.<\/p><p>This variety gives rise to the highly regarded Brut Nature Princesa Fayna, produced using traditional methods, and List\u00e1n Blanco, the new Ancestral D&#8217;Yuco, which is making a strong entry into the Lanzarote sparkling wine market. We invite you to discover, appreciate and enjoy them.<\/p>\t\t\t\t\t\t\t\t<\/div>\n\t\t\t\t<\/div>\n\t\t\t\t<\/div>\n\t\t<div class=\"elementor-element elementor-element-2ccd69b e-con-full e-flex e-con e-child\" data-id=\"2ccd69b\" data-element_type=\"container\">\n\t\t\t\t<div class=\"elementor-element elementor-element-4f6b125 elementor-widget elementor-widget-image\" data-id=\"4f6b125\" data-element_type=\"widget\" data-widget_type=\"image.default\">\n\t\t\t\t<div class=\"elementor-widget-container\">\n\t\t\t\t\t\t\t\t\t\t\t\t\t\t\t<img fetchpriority=\"high\" decoding=\"async\" width=\"1000\" height=\"1000\" src=\"https:\/\/www.vegadeyuco.com\/wp-content\/uploads\/2021\/12\/Princesa-fayna.png\" class=\"attachment-full size-full wp-image-26914\" alt=\"\" srcset=\"https:\/\/www.vegadeyuco.com\/wp-content\/uploads\/2021\/12\/Princesa-fayna.png 1000w, https:\/\/www.vegadeyuco.com\/wp-content\/uploads\/2021\/12\/Princesa-fayna-300x300.png 300w, https:\/\/www.vegadeyuco.com\/wp-content\/uploads\/2021\/12\/Princesa-fayna-150x150.png 150w, https:\/\/www.vegadeyuco.com\/wp-content\/uploads\/2021\/12\/Princesa-fayna-768x768.png 768w, https:\/\/www.vegadeyuco.com\/wp-content\/uploads\/2021\/12\/Princesa-fayna-100x100.png 100w\" sizes=\"(max-width: 1000px) 100vw, 1000px\" \/>\t\t\t\t\t\t\t\t\t\t\t\t\t\t\t<\/div>\n\t\t\t\t<\/div>\n\t\t\t\t<\/div>\n\t\t\t\t\t<\/div>\n\t\t\t\t<\/div>\n\t\t<div class=\"elementor-element elementor-element-eaa02c0 e-flex e-con-boxed e-con e-parent\" data-id=\"eaa02c0\" data-element_type=\"container\">\n\t\t\t\t\t<div class=\"e-con-inner\">\n\t\t<div class=\"elementor-element elementor-element-76739aa e-con-full e-flex e-con e-child\" data-id=\"76739aa\" data-element_type=\"container\">\n\t\t\t\t<\/div>\n\t\t\t\t\t<\/div>\n\t\t\t\t<\/div>\n\t\t\t\t<\/div>\n\t\t","protected":false},"excerpt":{"rendered":"<p>Sparkling Wines Vines once covered the south of the Iberian Peninsula, but they practically disappeared after the phylloxera plague of the late 19th century, which affected almost all European vineyards. Diego and List\u00e1n Blanca, like Malvas\u00eda Volc\u00e1nica and other varieties on the island, are pre-phylloxera and continue to thrive in Lanzarote thanks to the ingenuity [&hellip;]<\/p>\n","protected":false},"author":222,"featured_media":0,"parent":0,"menu_order":0,"comment_status":"closed","ping_status":"closed","template":"","meta":{"footnotes":""},"class_list":["post-26915","page","type-page","status-publish","hentry"],"yoast_head":"<!-- This site is optimized with the Yoast SEO plugin v26.8 - https:\/\/yoast.com\/product\/yoast-seo-wordpress\/ -->\n<title>Sparkling Wines &#8226; Vega de Yuco<\/title>\n<meta name=\"description\" content=\"Elegance is the most predominant characteristic in Vega de Yuco&#039;s sparkling wines. Minority varieties on the island\" \/>\n<meta name=\"robots\" content=\"index, follow, max-snippet:-1, max-image-preview:large, max-video-preview:-1\" \/>\n<link rel=\"canonical\" href=\"https:\/\/www.vegadeyuco.com\/en\/sparkling-wines\/\" \/>\n<meta property=\"og:locale\" content=\"en_US\" \/>\n<meta property=\"og:type\" content=\"article\" \/>\n<meta property=\"og:title\" content=\"Sparkling Wines &#8226; Vega de Yuco\" \/>\n<meta property=\"og:description\" content=\"Elegance is the most predominant characteristic in Vega de Yuco&#039;s sparkling wines. Minority varieties on the island\" \/>\n<meta property=\"og:url\" content=\"https:\/\/www.vegadeyuco.com\/en\/sparkling-wines\/\" \/>\n<meta property=\"og:site_name\" content=\"Vega de Yuco\" \/>\n<meta property=\"article:publisher\" content=\"https:\/\/www.facebook.com\/vegadeyuco\" \/>\n<meta property=\"article:modified_time\" content=\"2025-12-12T12:43:36+00:00\" \/>\n<meta property=\"og:image\" content=\"https:\/\/www.vegadeyuco.com\/wp-content\/uploads\/2021\/12\/Princesa-fayna.png\" \/>\n<meta name=\"twitter:card\" content=\"summary_large_image\" \/>\n<meta name=\"twitter:label1\" content=\"Est. reading time\" \/>\n\t<meta name=\"twitter:data1\" content=\"1 minute\" \/>\n<script type=\"application\/ld+json\" class=\"yoast-schema-graph\">{\"@context\":\"https:\/\/schema.org\",\"@graph\":[{\"@type\":\"WebPage\",\"@id\":\"https:\/\/www.vegadeyuco.com\/en\/sparkling-wines\/\",\"url\":\"https:\/\/www.vegadeyuco.com\/en\/sparkling-wines\/\",\"name\":\"Sparkling Wines &#8226; Vega de Yuco\",\"isPartOf\":{\"@id\":\"https:\/\/www.vegadeyuco.com\/en\/#website\"},\"primaryImageOfPage\":{\"@id\":\"https:\/\/www.vegadeyuco.com\/en\/sparkling-wines\/#primaryimage\"},\"image\":{\"@id\":\"https:\/\/www.vegadeyuco.com\/en\/sparkling-wines\/#primaryimage\"},\"thumbnailUrl\":\"https:\/\/www.vegadeyuco.com\/wp-content\/uploads\/2021\/12\/Princesa-fayna.png\",\"datePublished\":\"2024-06-06T14:33:17+00:00\",\"dateModified\":\"2025-12-12T12:43:36+00:00\",\"description\":\"Elegance is the most predominant characteristic in Vega de Yuco's sparkling wines. Minority varieties on the island\",\"breadcrumb\":{\"@id\":\"https:\/\/www.vegadeyuco.com\/en\/sparkling-wines\/#breadcrumb\"},\"inLanguage\":\"en-US\",\"potentialAction\":[{\"@type\":\"ReadAction\",\"target\":[\"https:\/\/www.vegadeyuco.com\/en\/sparkling-wines\/\"]}]},{\"@type\":\"ImageObject\",\"inLanguage\":\"en-US\",\"@id\":\"https:\/\/www.vegadeyuco.com\/en\/sparkling-wines\/#primaryimage\",\"url\":\"https:\/\/www.vegadeyuco.com\/wp-content\/uploads\/2021\/12\/Princesa-fayna.png\",\"contentUrl\":\"https:\/\/www.vegadeyuco.com\/wp-content\/uploads\/2021\/12\/Princesa-fayna.png\"},{\"@type\":\"BreadcrumbList\",\"@id\":\"https:\/\/www.vegadeyuco.com\/en\/sparkling-wines\/#breadcrumb\",\"itemListElement\":[{\"@type\":\"ListItem\",\"position\":1,\"name\":\"Portada\",\"item\":\"https:\/\/www.vegadeyuco.com\/en\/vega-de-yuco-wine-cellar-in-lanzarote\/\"},{\"@type\":\"ListItem\",\"position\":2,\"name\":\"Sparkling Wines\"}]},{\"@type\":\"WebSite\",\"@id\":\"https:\/\/www.vegadeyuco.com\/en\/#website\",\"url\":\"https:\/\/www.vegadeyuco.com\/en\/\",\"name\":\"Vega de Yuco\",\"description\":\"Bodegas y Vi\u00f1edos Vega de Yuco en Lanzarote, una bodega tradicional Canaria que destila autenticidad e innovaci\u00f3n. \",\"publisher\":{\"@id\":\"https:\/\/www.vegadeyuco.com\/en\/#organization\"},\"potentialAction\":[{\"@type\":\"SearchAction\",\"target\":{\"@type\":\"EntryPoint\",\"urlTemplate\":\"https:\/\/www.vegadeyuco.com\/en\/?s={search_term_string}\"},\"query-input\":{\"@type\":\"PropertyValueSpecification\",\"valueRequired\":true,\"valueName\":\"search_term_string\"}}],\"inLanguage\":\"en-US\"},{\"@type\":\"Organization\",\"@id\":\"https:\/\/www.vegadeyuco.com\/en\/#organization\",\"name\":\"Bodegas Vega de Yuco\",\"url\":\"https:\/\/www.vegadeyuco.com\/en\/\",\"logo\":{\"@type\":\"ImageObject\",\"inLanguage\":\"en-US\",\"@id\":\"https:\/\/www.vegadeyuco.com\/en\/#\/schema\/logo\/image\/\",\"url\":\"https:\/\/www.vegadeyuco.com\/wp-content\/uploads\/2020\/01\/LOGO_VEGADEYUCO_cabecera_pedidos.png\",\"contentUrl\":\"https:\/\/www.vegadeyuco.com\/wp-content\/uploads\/2020\/01\/LOGO_VEGADEYUCO_cabecera_pedidos.png\",\"width\":250,\"height\":150,\"caption\":\"Bodegas Vega de Yuco\"},\"image\":{\"@id\":\"https:\/\/www.vegadeyuco.com\/en\/#\/schema\/logo\/image\/\"},\"sameAs\":[\"https:\/\/www.facebook.com\/vegadeyuco\",\"https:\/\/www.instagram.com\/vegadeyuco\/\",\"https:\/\/www.youtube.com\/channel\/UCmDMkmxMCvbSXTLTAs3DM7A\"]}]}<\/script>\n<!-- \/ Yoast SEO plugin. -->","yoast_head_json":{"title":"Sparkling Wines &#8226; Vega de Yuco","description":"Elegance is the most predominant characteristic in Vega de Yuco's sparkling wines. Minority varieties on the island","robots":{"index":"index","follow":"follow","max-snippet":"max-snippet:-1","max-image-preview":"max-image-preview:large","max-video-preview":"max-video-preview:-1"},"canonical":"https:\/\/www.vegadeyuco.com\/en\/sparkling-wines\/","og_locale":"en_US","og_type":"article","og_title":"Sparkling Wines &#8226; Vega de Yuco","og_description":"Elegance is the most predominant characteristic in Vega de Yuco's sparkling wines. Minority varieties on the island","og_url":"https:\/\/www.vegadeyuco.com\/en\/sparkling-wines\/","og_site_name":"Vega de Yuco","article_publisher":"https:\/\/www.facebook.com\/vegadeyuco","article_modified_time":"2025-12-12T12:43:36+00:00","og_image":[{"url":"https:\/\/www.vegadeyuco.com\/wp-content\/uploads\/2021\/12\/Princesa-fayna.png","type":"","width":"","height":""}],"twitter_card":"summary_large_image","twitter_misc":{"Est. reading time":"1 minute"},"schema":{"@context":"https:\/\/schema.org","@graph":[{"@type":"WebPage","@id":"https:\/\/www.vegadeyuco.com\/en\/sparkling-wines\/","url":"https:\/\/www.vegadeyuco.com\/en\/sparkling-wines\/","name":"Sparkling Wines &#8226; Vega de Yuco","isPartOf":{"@id":"https:\/\/www.vegadeyuco.com\/en\/#website"},"primaryImageOfPage":{"@id":"https:\/\/www.vegadeyuco.com\/en\/sparkling-wines\/#primaryimage"},"image":{"@id":"https:\/\/www.vegadeyuco.com\/en\/sparkling-wines\/#primaryimage"},"thumbnailUrl":"https:\/\/www.vegadeyuco.com\/wp-content\/uploads\/2021\/12\/Princesa-fayna.png","datePublished":"2024-06-06T14:33:17+00:00","dateModified":"2025-12-12T12:43:36+00:00","description":"Elegance is the most predominant characteristic in Vega de Yuco's sparkling wines. Minority varieties on the island","breadcrumb":{"@id":"https:\/\/www.vegadeyuco.com\/en\/sparkling-wines\/#breadcrumb"},"inLanguage":"en-US","potentialAction":[{"@type":"ReadAction","target":["https:\/\/www.vegadeyuco.com\/en\/sparkling-wines\/"]}]},{"@type":"ImageObject","inLanguage":"en-US","@id":"https:\/\/www.vegadeyuco.com\/en\/sparkling-wines\/#primaryimage","url":"https:\/\/www.vegadeyuco.com\/wp-content\/uploads\/2021\/12\/Princesa-fayna.png","contentUrl":"https:\/\/www.vegadeyuco.com\/wp-content\/uploads\/2021\/12\/Princesa-fayna.png"},{"@type":"BreadcrumbList","@id":"https:\/\/www.vegadeyuco.com\/en\/sparkling-wines\/#breadcrumb","itemListElement":[{"@type":"ListItem","position":1,"name":"Portada","item":"https:\/\/www.vegadeyuco.com\/en\/vega-de-yuco-wine-cellar-in-lanzarote\/"},{"@type":"ListItem","position":2,"name":"Sparkling Wines"}]},{"@type":"WebSite","@id":"https:\/\/www.vegadeyuco.com\/en\/#website","url":"https:\/\/www.vegadeyuco.com\/en\/","name":"Vega de Yuco","description":"Bodegas y Vi\u00f1edos Vega de Yuco en Lanzarote, una bodega tradicional Canaria que destila autenticidad e innovaci\u00f3n. ","publisher":{"@id":"https:\/\/www.vegadeyuco.com\/en\/#organization"},"potentialAction":[{"@type":"SearchAction","target":{"@type":"EntryPoint","urlTemplate":"https:\/\/www.vegadeyuco.com\/en\/?s={search_term_string}"},"query-input":{"@type":"PropertyValueSpecification","valueRequired":true,"valueName":"search_term_string"}}],"inLanguage":"en-US"},{"@type":"Organization","@id":"https:\/\/www.vegadeyuco.com\/en\/#organization","name":"Bodegas Vega de Yuco","url":"https:\/\/www.vegadeyuco.com\/en\/","logo":{"@type":"ImageObject","inLanguage":"en-US","@id":"https:\/\/www.vegadeyuco.com\/en\/#\/schema\/logo\/image\/","url":"https:\/\/www.vegadeyuco.com\/wp-content\/uploads\/2020\/01\/LOGO_VEGADEYUCO_cabecera_pedidos.png","contentUrl":"https:\/\/www.vegadeyuco.com\/wp-content\/uploads\/2020\/01\/LOGO_VEGADEYUCO_cabecera_pedidos.png","width":250,"height":150,"caption":"Bodegas Vega de Yuco"},"image":{"@id":"https:\/\/www.vegadeyuco.com\/en\/#\/schema\/logo\/image\/"},"sameAs":["https:\/\/www.facebook.com\/vegadeyuco","https:\/\/www.instagram.com\/vegadeyuco\/","https:\/\/www.youtube.com\/channel\/UCmDMkmxMCvbSXTLTAs3DM7A"]}]}},"post_mailing_queue_ids":[],"_links":{"self":[{"href":"https:\/\/www.vegadeyuco.com\/en\/wp-json\/wp\/v2\/pages\/26915","targetHints":{"allow":["GET"]}}],"collection":[{"href":"https:\/\/www.vegadeyuco.com\/en\/wp-json\/wp\/v2\/pages"}],"about":[{"href":"https:\/\/www.vegadeyuco.com\/en\/wp-json\/wp\/v2\/types\/page"}],"author":[{"embeddable":true,"href":"https:\/\/www.vegadeyuco.com\/en\/wp-json\/wp\/v2\/users\/222"}],"replies":[{"embeddable":true,"href":"https:\/\/www.vegadeyuco.com\/en\/wp-json\/wp\/v2\/comments?post=26915"}],"version-history":[{"count":1,"href":"https:\/\/www.vegadeyuco.com\/en\/wp-json\/wp\/v2\/pages\/26915\/revisions"}],"predecessor-version":[{"id":26917,"href":"https:\/\/www.vegadeyuco.com\/en\/wp-json\/wp\/v2\/pages\/26915\/revisions\/26917"}],"wp:attachment":[{"href":"https:\/\/www.vegadeyuco.com\/en\/wp-json\/wp\/v2\/media?parent=26915"}],"curies":[{"name":"wp","href":"https:\/\/api.w.org\/{rel}","templated":true}]}}