{"id":27525,"date":"2025-05-20T13:48:31","date_gmt":"2025-05-20T12:48:31","guid":{"rendered":"https:\/\/www.vegadeyuco.com\/producto\/yaiza-dry-white-wine\/"},"modified":"2026-02-25T04:57:06","modified_gmt":"2026-02-25T04:57:06","slug":"yaiza-dry-white-wine","status":"publish","type":"product","link":"https:\/\/www.vegadeyuco.com\/en\/producto\/yaiza-dry-white-wine\/","title":{"rendered":"Yaiza Dry White Wine"},"content":{"rendered":"<div class=\"woocommerce-product-details__short-description\">\n<p>Esencia de Yaiza is the genuine expression of Lanzarote&#8217;s traditional winemaking. Upon arrival at the winery, we hand-select volcanic Malvasia grapes from the best vineyards on the island. The grapes are then fermented in tanks using cold maceration techniques, producing a highly expressive wine characterised by its freshness and aromatic personality.  <\/p>\n<p><span style=\"color: #0100a3\">Colour<\/span><br \/>\nPale yellow like the reflection of dawn, with clean tones that denote its freshness and youthfulness.<\/p>\n<p><span style=\"color: #0100a3\">Nose<\/span><br \/>\nFrom the very first moment, it surprises with hints of mango, guava and lychee, all aromas typical of volcanic Malvasia. It gradually evolves towards white-fleshed fruits, with notes of citrus and orange blossom. A complex and fragrant wine with high aromatic intensity.  <\/p>\n<p><span style=\"color: #0100a3\">Palate<\/span><br \/>\nThe attack is smooth, revealing its freshness and liveliness. A balanced wine that invites you to enjoy it again on the palate. <\/p>\n<\/div>\n<p><em>* Allergens: Contains sulphites.<\/em><\/p>\n<p>&nbsp;<\/p>\n<hr>\n<p>&nbsp;<\/p>\n<p><strong>Pairing<\/strong><\/p>\n<p>Yaiza Malvas\u00eda Seco is the best choice for an aperitif with friends, but also for pairing with salads, white fish, lightly seasoned poultry, soft cheeses and pasta with white sauces.<\/p>\n","protected":false},"excerpt":{"rendered":"<p>Esencia de Yaiza es la expresi\u00f3n genuina de la viticultura artesanal de Lanzarote. Al llegar a bodega seleccionamos a mano la malvas\u00eda volc\u00e1nica procedente de las mejores fincas de la isla. Despu\u00e9s, la uva es fermentada en dep\u00f3sitos mediante t\u00e9cnicas de maceraci\u00f3n en fr\u00edo, produciendo un vino altamente expresivo que se caracteriza por su frescura y personalidad arom\u00e1tica.  <\/p>\n<p><strong>See tasting notes<\/strong><\/p>\n<p><a href=\"https:\/\/www.vegadeyuco.com\/wp-content\/uploads\/2022\/02\/Esencia_Yaiza_seco-min.pdf\" target=\"_blank\" rel=\"noopener\">Espa\u00f1ol<\/a> <a href=\"https:\/\/www.vegadeyuco.com\/wp-content\/uploads\/2025\/05\/Yaiza-Dry-ENG.pdf\" target=\"_blank\" rel=\"noopener\">English<\/a><\/p>\n","protected":false},"featured_media":26888,"template":"","meta":[],"product_brand":[],"product_cat":[336,330,357,328],"product_tag":[],"class_list":{"0":"post-27525","1":"product","2":"type-product","3":"status-publish","4":"has-post-thumbnail","6":"product_cat-blanco-seco","7":"product_cat-eur","8":"product_cat-wines","9":"product_cat-yaiza","10":"product_shipping_class-rest-of-the-world","12":"first","13":"instock","14":"shipping-taxable","15":"purchasable","16":"product-type-simple"},"yoast_head":"<!-- This site is optimized with the Yoast SEO plugin v26.8 - https:\/\/yoast.com\/product\/yoast-seo-wordpress\/ -->\n<title>Yaiza Dry White Wine &#8226; Vega de Yuco<\/title>\n<meta name=\"description\" content=\"Esencia de Yaiza is the embodiment of traditional winemaking in Lanzarote. An expressive, fresh wine with great aromatic personality.\" \/>\n<meta name=\"robots\" content=\"index, follow, max-snippet:-1, max-image-preview:large, max-video-preview:-1\" \/>\n<link rel=\"canonical\" href=\"https:\/\/www.vegadeyuco.com\/en\/producto\/yaiza-dry-white-wine\/\" \/>\n<meta property=\"og:locale\" content=\"en_US\" \/>\n<meta property=\"og:type\" content=\"article\" \/>\n<meta property=\"og:title\" content=\"Yaiza Dry White Wine &#8226; Vega de Yuco\" \/>\n<meta property=\"og:description\" content=\"Esencia de Yaiza is the embodiment of traditional winemaking in Lanzarote. An expressive, fresh wine with great aromatic personality.\" \/>\n<meta property=\"og:url\" content=\"https:\/\/www.vegadeyuco.com\/en\/producto\/yaiza-dry-white-wine\/\" \/>\n<meta property=\"og:site_name\" content=\"Vega de Yuco\" \/>\n<meta property=\"article:publisher\" content=\"https:\/\/www.facebook.com\/vegadeyuco\" \/>\n<meta property=\"article:modified_time\" content=\"2026-02-25T04:57:06+00:00\" \/>\n<meta property=\"og:image\" content=\"https:\/\/www.vegadeyuco.com\/wp-content\/uploads\/2017\/01\/Yaiza-seco.png\" \/>\n\t<meta property=\"og:image:width\" content=\"1000\" \/>\n\t<meta property=\"og:image:height\" content=\"1000\" \/>\n\t<meta property=\"og:image:type\" content=\"image\/png\" \/>\n<meta name=\"twitter:card\" content=\"summary_large_image\" \/>\n<meta name=\"twitter:label1\" content=\"Est. reading time\" \/>\n\t<meta name=\"twitter:data1\" content=\"1 minute\" \/>\n<script type=\"application\/ld+json\" class=\"yoast-schema-graph\">{\"@context\":\"https:\/\/schema.org\",\"@graph\":[{\"@type\":\"WebPage\",\"@id\":\"https:\/\/www.vegadeyuco.com\/en\/producto\/yaiza-dry-white-wine\/\",\"url\":\"https:\/\/www.vegadeyuco.com\/en\/producto\/yaiza-dry-white-wine\/\",\"name\":\"Yaiza Dry White Wine &#8226; Vega de Yuco\",\"isPartOf\":{\"@id\":\"https:\/\/www.vegadeyuco.com\/en\/#website\"},\"primaryImageOfPage\":{\"@id\":\"https:\/\/www.vegadeyuco.com\/en\/producto\/yaiza-dry-white-wine\/#primaryimage\"},\"image\":{\"@id\":\"https:\/\/www.vegadeyuco.com\/en\/producto\/yaiza-dry-white-wine\/#primaryimage\"},\"thumbnailUrl\":\"https:\/\/www.vegadeyuco.com\/wp-content\/uploads\/2017\/01\/Yaiza-seco.png\",\"datePublished\":\"2025-05-20T12:48:31+00:00\",\"dateModified\":\"2026-02-25T04:57:06+00:00\",\"description\":\"Esencia de Yaiza is the embodiment of traditional winemaking in Lanzarote. An expressive, fresh wine with great aromatic personality.\",\"breadcrumb\":{\"@id\":\"https:\/\/www.vegadeyuco.com\/en\/producto\/yaiza-dry-white-wine\/#breadcrumb\"},\"inLanguage\":\"en-US\",\"potentialAction\":[{\"@type\":\"ReadAction\",\"target\":[\"https:\/\/www.vegadeyuco.com\/en\/producto\/yaiza-dry-white-wine\/\"]}]},{\"@type\":\"ImageObject\",\"inLanguage\":\"en-US\",\"@id\":\"https:\/\/www.vegadeyuco.com\/en\/producto\/yaiza-dry-white-wine\/#primaryimage\",\"url\":\"https:\/\/www.vegadeyuco.com\/wp-content\/uploads\/2017\/01\/Yaiza-seco.png\",\"contentUrl\":\"https:\/\/www.vegadeyuco.com\/wp-content\/uploads\/2017\/01\/Yaiza-seco.png\",\"width\":1000,\"height\":1000},{\"@type\":\"BreadcrumbList\",\"@id\":\"https:\/\/www.vegadeyuco.com\/en\/producto\/yaiza-dry-white-wine\/#breadcrumb\",\"itemListElement\":[{\"@type\":\"ListItem\",\"position\":1,\"name\":\"Portada\",\"item\":\"https:\/\/www.vegadeyuco.com\/en\/vega-de-yuco-wine-cellar-in-lanzarote\/\"},{\"@type\":\"ListItem\",\"position\":2,\"name\":\"Shop\",\"item\":\"https:\/\/www.vegadeyuco.com\/en\/shop\/\"},{\"@type\":\"ListItem\",\"position\":3,\"name\":\"Yaiza Dry White Wine\"}]},{\"@type\":\"WebSite\",\"@id\":\"https:\/\/www.vegadeyuco.com\/en\/#website\",\"url\":\"https:\/\/www.vegadeyuco.com\/en\/\",\"name\":\"Vega de Yuco\",\"description\":\"Bodegas y Vi\u00f1edos Vega de Yuco en Lanzarote, una bodega tradicional Canaria que destila autenticidad e innovaci\u00f3n. \",\"publisher\":{\"@id\":\"https:\/\/www.vegadeyuco.com\/en\/#organization\"},\"potentialAction\":[{\"@type\":\"SearchAction\",\"target\":{\"@type\":\"EntryPoint\",\"urlTemplate\":\"https:\/\/www.vegadeyuco.com\/en\/?s={search_term_string}\"},\"query-input\":{\"@type\":\"PropertyValueSpecification\",\"valueRequired\":true,\"valueName\":\"search_term_string\"}}],\"inLanguage\":\"en-US\"},{\"@type\":\"Organization\",\"@id\":\"https:\/\/www.vegadeyuco.com\/en\/#organization\",\"name\":\"Bodegas Vega de Yuco\",\"url\":\"https:\/\/www.vegadeyuco.com\/en\/\",\"logo\":{\"@type\":\"ImageObject\",\"inLanguage\":\"en-US\",\"@id\":\"https:\/\/www.vegadeyuco.com\/en\/#\/schema\/logo\/image\/\",\"url\":\"https:\/\/www.vegadeyuco.com\/wp-content\/uploads\/2020\/01\/LOGO_VEGADEYUCO_cabecera_pedidos.png\",\"contentUrl\":\"https:\/\/www.vegadeyuco.com\/wp-content\/uploads\/2020\/01\/LOGO_VEGADEYUCO_cabecera_pedidos.png\",\"width\":250,\"height\":150,\"caption\":\"Bodegas Vega de Yuco\"},\"image\":{\"@id\":\"https:\/\/www.vegadeyuco.com\/en\/#\/schema\/logo\/image\/\"},\"sameAs\":[\"https:\/\/www.facebook.com\/vegadeyuco\",\"https:\/\/www.instagram.com\/vegadeyuco\/\",\"https:\/\/www.youtube.com\/channel\/UCmDMkmxMCvbSXTLTAs3DM7A\"]}]}<\/script>\n<!-- \/ Yoast SEO plugin. -->","yoast_head_json":{"title":"Yaiza Dry White Wine &#8226; Vega de Yuco","description":"Esencia de Yaiza is the embodiment of traditional winemaking in Lanzarote. An expressive, fresh wine with great aromatic personality.","robots":{"index":"index","follow":"follow","max-snippet":"max-snippet:-1","max-image-preview":"max-image-preview:large","max-video-preview":"max-video-preview:-1"},"canonical":"https:\/\/www.vegadeyuco.com\/en\/producto\/yaiza-dry-white-wine\/","og_locale":"en_US","og_type":"article","og_title":"Yaiza Dry White Wine &#8226; Vega de Yuco","og_description":"Esencia de Yaiza is the embodiment of traditional winemaking in Lanzarote. An expressive, fresh wine with great aromatic personality.","og_url":"https:\/\/www.vegadeyuco.com\/en\/producto\/yaiza-dry-white-wine\/","og_site_name":"Vega de Yuco","article_publisher":"https:\/\/www.facebook.com\/vegadeyuco","article_modified_time":"2026-02-25T04:57:06+00:00","og_image":[{"width":1000,"height":1000,"url":"https:\/\/www.vegadeyuco.com\/wp-content\/uploads\/2017\/01\/Yaiza-seco.png","type":"image\/png"}],"twitter_card":"summary_large_image","twitter_misc":{"Est. reading time":"1 minute"},"schema":{"@context":"https:\/\/schema.org","@graph":[{"@type":"WebPage","@id":"https:\/\/www.vegadeyuco.com\/en\/producto\/yaiza-dry-white-wine\/","url":"https:\/\/www.vegadeyuco.com\/en\/producto\/yaiza-dry-white-wine\/","name":"Yaiza Dry White Wine &#8226; Vega de Yuco","isPartOf":{"@id":"https:\/\/www.vegadeyuco.com\/en\/#website"},"primaryImageOfPage":{"@id":"https:\/\/www.vegadeyuco.com\/en\/producto\/yaiza-dry-white-wine\/#primaryimage"},"image":{"@id":"https:\/\/www.vegadeyuco.com\/en\/producto\/yaiza-dry-white-wine\/#primaryimage"},"thumbnailUrl":"https:\/\/www.vegadeyuco.com\/wp-content\/uploads\/2017\/01\/Yaiza-seco.png","datePublished":"2025-05-20T12:48:31+00:00","dateModified":"2026-02-25T04:57:06+00:00","description":"Esencia de Yaiza is the embodiment of traditional winemaking in Lanzarote. An expressive, fresh wine with great aromatic personality.","breadcrumb":{"@id":"https:\/\/www.vegadeyuco.com\/en\/producto\/yaiza-dry-white-wine\/#breadcrumb"},"inLanguage":"en-US","potentialAction":[{"@type":"ReadAction","target":["https:\/\/www.vegadeyuco.com\/en\/producto\/yaiza-dry-white-wine\/"]}]},{"@type":"ImageObject","inLanguage":"en-US","@id":"https:\/\/www.vegadeyuco.com\/en\/producto\/yaiza-dry-white-wine\/#primaryimage","url":"https:\/\/www.vegadeyuco.com\/wp-content\/uploads\/2017\/01\/Yaiza-seco.png","contentUrl":"https:\/\/www.vegadeyuco.com\/wp-content\/uploads\/2017\/01\/Yaiza-seco.png","width":1000,"height":1000},{"@type":"BreadcrumbList","@id":"https:\/\/www.vegadeyuco.com\/en\/producto\/yaiza-dry-white-wine\/#breadcrumb","itemListElement":[{"@type":"ListItem","position":1,"name":"Portada","item":"https:\/\/www.vegadeyuco.com\/en\/vega-de-yuco-wine-cellar-in-lanzarote\/"},{"@type":"ListItem","position":2,"name":"Shop","item":"https:\/\/www.vegadeyuco.com\/en\/shop\/"},{"@type":"ListItem","position":3,"name":"Yaiza Dry White Wine"}]},{"@type":"WebSite","@id":"https:\/\/www.vegadeyuco.com\/en\/#website","url":"https:\/\/www.vegadeyuco.com\/en\/","name":"Vega de Yuco","description":"Bodegas y Vi\u00f1edos Vega de Yuco en Lanzarote, una bodega tradicional Canaria que destila autenticidad e innovaci\u00f3n. ","publisher":{"@id":"https:\/\/www.vegadeyuco.com\/en\/#organization"},"potentialAction":[{"@type":"SearchAction","target":{"@type":"EntryPoint","urlTemplate":"https:\/\/www.vegadeyuco.com\/en\/?s={search_term_string}"},"query-input":{"@type":"PropertyValueSpecification","valueRequired":true,"valueName":"search_term_string"}}],"inLanguage":"en-US"},{"@type":"Organization","@id":"https:\/\/www.vegadeyuco.com\/en\/#organization","name":"Bodegas Vega de Yuco","url":"https:\/\/www.vegadeyuco.com\/en\/","logo":{"@type":"ImageObject","inLanguage":"en-US","@id":"https:\/\/www.vegadeyuco.com\/en\/#\/schema\/logo\/image\/","url":"https:\/\/www.vegadeyuco.com\/wp-content\/uploads\/2020\/01\/LOGO_VEGADEYUCO_cabecera_pedidos.png","contentUrl":"https:\/\/www.vegadeyuco.com\/wp-content\/uploads\/2020\/01\/LOGO_VEGADEYUCO_cabecera_pedidos.png","width":250,"height":150,"caption":"Bodegas Vega de Yuco"},"image":{"@id":"https:\/\/www.vegadeyuco.com\/en\/#\/schema\/logo\/image\/"},"sameAs":["https:\/\/www.facebook.com\/vegadeyuco","https:\/\/www.instagram.com\/vegadeyuco\/","https:\/\/www.youtube.com\/channel\/UCmDMkmxMCvbSXTLTAs3DM7A"]}]}},"post_mailing_queue_ids":[],"_links":{"self":[{"href":"https:\/\/www.vegadeyuco.com\/en\/wp-json\/wp\/v2\/product\/27525","targetHints":{"allow":["GET"]}}],"collection":[{"href":"https:\/\/www.vegadeyuco.com\/en\/wp-json\/wp\/v2\/product"}],"about":[{"href":"https:\/\/www.vegadeyuco.com\/en\/wp-json\/wp\/v2\/types\/product"}],"version-history":[{"count":0,"href":"https:\/\/www.vegadeyuco.com\/en\/wp-json\/wp\/v2\/product\/27525\/revisions"}],"wp:featuredmedia":[{"embeddable":true,"href":"https:\/\/www.vegadeyuco.com\/en\/wp-json\/wp\/v2\/media\/26888"}],"wp:attachment":[{"href":"https:\/\/www.vegadeyuco.com\/en\/wp-json\/wp\/v2\/media?parent=27525"}],"wp:term":[{"taxonomy":"product_brand","embeddable":true,"href":"https:\/\/www.vegadeyuco.com\/en\/wp-json\/wp\/v2\/product_brand?post=27525"},{"taxonomy":"product_cat","embeddable":true,"href":"https:\/\/www.vegadeyuco.com\/en\/wp-json\/wp\/v2\/product_cat?post=27525"},{"taxonomy":"product_tag","embeddable":true,"href":"https:\/\/www.vegadeyuco.com\/en\/wp-json\/wp\/v2\/product_tag?post=27525"}],"curies":[{"name":"wp","href":"https:\/\/api.w.org\/{rel}","templated":true}]}}