{"id":27563,"date":"2025-05-18T19:59:34","date_gmt":"2025-05-18T18:59:34","guid":{"rendered":"https:\/\/www.vegadeyuco.com\/producto\/riscos-de-famara-rose\/"},"modified":"2025-05-18T19:59:34","modified_gmt":"2025-05-18T18:59:34","slug":"riscos-de-famara-rose","status":"publish","type":"product","link":"https:\/\/www.vegadeyuco.com\/en\/producto\/riscos-de-famara-rose\/","title":{"rendered":"Riscos de Famara Ros\u00e9"},"content":{"rendered":"<p>Famara Ros\u00e9 is the most classic expression of our ros\u00e9 wines, obtained by bleeding our List\u00e1n Negro grapes and fermenting them at a controlled temperature in stainless steel tanks. An ideal wine for enjoying the climate of the islands. <\/p>\n<p><span style=\"color: #0252a2\">Colour<\/span><br \/>\nIt is a salmon pink wine with medium depth, clean and bright.<\/p>\n<p><span style=\"color: #0252a2\">Nose<\/span><br \/>\nAromas of red fruits such as strawberry or cherry, fresh and penetrating.<\/p>\n<p><span style=\"color: #0252a2\">Palate<\/span><br \/>\nOn the palate, it is light, pleasant and lively.<\/p>\n<p>Famara ros\u00e9 pairs perfectly with pasta or rice dishes and a good chat among friends.<\/p>\n<p>The versatility of this wine allows for culinary options ranging from salads to more substantial or spicy dishes such as pasta with hot sauces, oily fish or sushi.<\/p>\n<p><em>* Allergens: Contains sulphites.<\/em><\/p>\n<p>&nbsp;<\/p>\n<hr>\n<p>&nbsp;<\/p>\n<p><strong>Pairing<\/strong><\/p>\n<p>The versatility of this wine allows for culinary options ranging from salads to more substantial or spicy dishes such as pasta with hot sauces, oily fish or sushi.<\/p>\n","protected":false},"excerpt":{"rendered":"<p>Famara Rosado is the most classic expression of our ros\u00e9 wines, obtained by bleeding our List\u00e1n Negro grapes and fermenting them at a controlled temperature in stainless steel tanks.<\/p>\n<p>An ideal wine for enjoying the climate of the islands. <\/p>\n<p><strong><em>Only available in the Canary Islands.<\/em><\/strong><\/p>\n<p><a href=\"https:\/\/www.vegadeyuco.com\/wp-content\/uploads\/2022\/02\/Riscos_de_Famara_rosado-min.pdf\" target=\"_blank\" rel=\"noopener\">See tasting notes<\/a><\/p>\n","protected":false},"featured_media":22116,"template":"","meta":[],"product_brand":[],"product_cat":[359,334,333],"product_tag":[],"class_list":{"0":"post-27563","1":"product","2":"type-product","3":"status-publish","4":"has-post-thumbnail","6":"product_cat-famara","7":"product_cat-can","8":"product_cat-rose-wine","9":"product_shipping_class-only-the-canary-islands","11":"first","12":"instock","13":"shipping-taxable","14":"purchasable","15":"product-type-simple"},"yoast_head":"<!-- This site is optimized with the Yoast SEO plugin v26.8 - https:\/\/yoast.com\/product\/yoast-seo-wordpress\/ -->\n<title>Riscos de Famara Ros\u00e9 &#8226; Vega de Yuco<\/title>\n<meta name=\"description\" content=\"Famara Ros\u00e9 is the most classic expression of our ros\u00e9 wines, a Lanzarote wine obtained by bleeding our List\u00e1n Negro grapes.\" \/>\n<meta name=\"robots\" content=\"index, follow, max-snippet:-1, max-image-preview:large, max-video-preview:-1\" \/>\n<link rel=\"canonical\" href=\"https:\/\/www.vegadeyuco.com\/en\/producto\/riscos-de-famara-rose\/\" \/>\n<meta property=\"og:locale\" content=\"en_US\" \/>\n<meta property=\"og:type\" content=\"article\" \/>\n<meta property=\"og:title\" content=\"Riscos de Famara Ros\u00e9 &#8226; Vega de Yuco\" \/>\n<meta property=\"og:description\" content=\"Famara Ros\u00e9 is the most classic expression of our ros\u00e9 wines, a Lanzarote wine obtained by bleeding our List\u00e1n Negro grapes.\" \/>\n<meta property=\"og:url\" content=\"https:\/\/www.vegadeyuco.com\/en\/producto\/riscos-de-famara-rose\/\" \/>\n<meta property=\"og:site_name\" content=\"Vega de Yuco\" \/>\n<meta property=\"article:publisher\" content=\"https:\/\/www.facebook.com\/vegadeyuco\" \/>\n<meta property=\"og:image\" content=\"https:\/\/www.vegadeyuco.com\/wp-content\/uploads\/2019\/11\/Famara-rosado.png\" \/>\n\t<meta property=\"og:image:width\" content=\"1000\" \/>\n\t<meta property=\"og:image:height\" content=\"1000\" \/>\n\t<meta property=\"og:image:type\" content=\"image\/png\" \/>\n<meta name=\"twitter:card\" content=\"summary_large_image\" \/>\n<meta name=\"twitter:label1\" content=\"Est. reading time\" \/>\n\t<meta name=\"twitter:data1\" content=\"1 minute\" \/>\n<script type=\"application\/ld+json\" class=\"yoast-schema-graph\">{\"@context\":\"https:\/\/schema.org\",\"@graph\":[{\"@type\":\"WebPage\",\"@id\":\"https:\/\/www.vegadeyuco.com\/en\/producto\/riscos-de-famara-rose\/\",\"url\":\"https:\/\/www.vegadeyuco.com\/en\/producto\/riscos-de-famara-rose\/\",\"name\":\"Riscos de Famara Ros\u00e9 &#8226; Vega de Yuco\",\"isPartOf\":{\"@id\":\"https:\/\/www.vegadeyuco.com\/en\/#website\"},\"primaryImageOfPage\":{\"@id\":\"https:\/\/www.vegadeyuco.com\/en\/producto\/riscos-de-famara-rose\/#primaryimage\"},\"image\":{\"@id\":\"https:\/\/www.vegadeyuco.com\/en\/producto\/riscos-de-famara-rose\/#primaryimage\"},\"thumbnailUrl\":\"https:\/\/www.vegadeyuco.com\/wp-content\/uploads\/2019\/11\/Famara-rosado.png\",\"datePublished\":\"2025-05-18T18:59:34+00:00\",\"description\":\"Famara Ros\u00e9 is the most classic expression of our ros\u00e9 wines, a Lanzarote wine obtained by bleeding our List\u00e1n Negro grapes.\",\"breadcrumb\":{\"@id\":\"https:\/\/www.vegadeyuco.com\/en\/producto\/riscos-de-famara-rose\/#breadcrumb\"},\"inLanguage\":\"en-US\",\"potentialAction\":[{\"@type\":\"ReadAction\",\"target\":[\"https:\/\/www.vegadeyuco.com\/en\/producto\/riscos-de-famara-rose\/\"]}]},{\"@type\":\"ImageObject\",\"inLanguage\":\"en-US\",\"@id\":\"https:\/\/www.vegadeyuco.com\/en\/producto\/riscos-de-famara-rose\/#primaryimage\",\"url\":\"https:\/\/www.vegadeyuco.com\/wp-content\/uploads\/2019\/11\/Famara-rosado.png\",\"contentUrl\":\"https:\/\/www.vegadeyuco.com\/wp-content\/uploads\/2019\/11\/Famara-rosado.png\",\"width\":1000,\"height\":1000},{\"@type\":\"BreadcrumbList\",\"@id\":\"https:\/\/www.vegadeyuco.com\/en\/producto\/riscos-de-famara-rose\/#breadcrumb\",\"itemListElement\":[{\"@type\":\"ListItem\",\"position\":1,\"name\":\"Portada\",\"item\":\"https:\/\/www.vegadeyuco.com\/en\/vega-de-yuco-wine-cellar-in-lanzarote\/\"},{\"@type\":\"ListItem\",\"position\":2,\"name\":\"Shop\",\"item\":\"https:\/\/www.vegadeyuco.com\/en\/shop\/\"},{\"@type\":\"ListItem\",\"position\":3,\"name\":\"Riscos de Famara Ros\u00e9\"}]},{\"@type\":\"WebSite\",\"@id\":\"https:\/\/www.vegadeyuco.com\/en\/#website\",\"url\":\"https:\/\/www.vegadeyuco.com\/en\/\",\"name\":\"Vega de Yuco\",\"description\":\"Bodegas y Vi\u00f1edos Vega de Yuco en Lanzarote, una bodega tradicional Canaria que destila autenticidad e innovaci\u00f3n. \",\"publisher\":{\"@id\":\"https:\/\/www.vegadeyuco.com\/en\/#organization\"},\"potentialAction\":[{\"@type\":\"SearchAction\",\"target\":{\"@type\":\"EntryPoint\",\"urlTemplate\":\"https:\/\/www.vegadeyuco.com\/en\/?s={search_term_string}\"},\"query-input\":{\"@type\":\"PropertyValueSpecification\",\"valueRequired\":true,\"valueName\":\"search_term_string\"}}],\"inLanguage\":\"en-US\"},{\"@type\":\"Organization\",\"@id\":\"https:\/\/www.vegadeyuco.com\/en\/#organization\",\"name\":\"Bodegas Vega de Yuco\",\"url\":\"https:\/\/www.vegadeyuco.com\/en\/\",\"logo\":{\"@type\":\"ImageObject\",\"inLanguage\":\"en-US\",\"@id\":\"https:\/\/www.vegadeyuco.com\/en\/#\/schema\/logo\/image\/\",\"url\":\"https:\/\/www.vegadeyuco.com\/wp-content\/uploads\/2020\/01\/LOGO_VEGADEYUCO_cabecera_pedidos.png\",\"contentUrl\":\"https:\/\/www.vegadeyuco.com\/wp-content\/uploads\/2020\/01\/LOGO_VEGADEYUCO_cabecera_pedidos.png\",\"width\":250,\"height\":150,\"caption\":\"Bodegas Vega de Yuco\"},\"image\":{\"@id\":\"https:\/\/www.vegadeyuco.com\/en\/#\/schema\/logo\/image\/\"},\"sameAs\":[\"https:\/\/www.facebook.com\/vegadeyuco\",\"https:\/\/www.instagram.com\/vegadeyuco\/\",\"https:\/\/www.youtube.com\/channel\/UCmDMkmxMCvbSXTLTAs3DM7A\"]}]}<\/script>\n<!-- \/ Yoast SEO plugin. -->","yoast_head_json":{"title":"Riscos de Famara Ros\u00e9 &#8226; Vega de Yuco","description":"Famara Ros\u00e9 is the most classic expression of our ros\u00e9 wines, a Lanzarote wine obtained by bleeding our List\u00e1n Negro grapes.","robots":{"index":"index","follow":"follow","max-snippet":"max-snippet:-1","max-image-preview":"max-image-preview:large","max-video-preview":"max-video-preview:-1"},"canonical":"https:\/\/www.vegadeyuco.com\/en\/producto\/riscos-de-famara-rose\/","og_locale":"en_US","og_type":"article","og_title":"Riscos de Famara Ros\u00e9 &#8226; Vega de Yuco","og_description":"Famara Ros\u00e9 is the most classic expression of our ros\u00e9 wines, a Lanzarote wine obtained by bleeding our List\u00e1n Negro grapes.","og_url":"https:\/\/www.vegadeyuco.com\/en\/producto\/riscos-de-famara-rose\/","og_site_name":"Vega de Yuco","article_publisher":"https:\/\/www.facebook.com\/vegadeyuco","og_image":[{"width":1000,"height":1000,"url":"https:\/\/www.vegadeyuco.com\/wp-content\/uploads\/2019\/11\/Famara-rosado.png","type":"image\/png"}],"twitter_card":"summary_large_image","twitter_misc":{"Est. reading time":"1 minute"},"schema":{"@context":"https:\/\/schema.org","@graph":[{"@type":"WebPage","@id":"https:\/\/www.vegadeyuco.com\/en\/producto\/riscos-de-famara-rose\/","url":"https:\/\/www.vegadeyuco.com\/en\/producto\/riscos-de-famara-rose\/","name":"Riscos de Famara Ros\u00e9 &#8226; Vega de Yuco","isPartOf":{"@id":"https:\/\/www.vegadeyuco.com\/en\/#website"},"primaryImageOfPage":{"@id":"https:\/\/www.vegadeyuco.com\/en\/producto\/riscos-de-famara-rose\/#primaryimage"},"image":{"@id":"https:\/\/www.vegadeyuco.com\/en\/producto\/riscos-de-famara-rose\/#primaryimage"},"thumbnailUrl":"https:\/\/www.vegadeyuco.com\/wp-content\/uploads\/2019\/11\/Famara-rosado.png","datePublished":"2025-05-18T18:59:34+00:00","description":"Famara Ros\u00e9 is the most classic expression of our ros\u00e9 wines, a Lanzarote wine obtained by bleeding our List\u00e1n Negro grapes.","breadcrumb":{"@id":"https:\/\/www.vegadeyuco.com\/en\/producto\/riscos-de-famara-rose\/#breadcrumb"},"inLanguage":"en-US","potentialAction":[{"@type":"ReadAction","target":["https:\/\/www.vegadeyuco.com\/en\/producto\/riscos-de-famara-rose\/"]}]},{"@type":"ImageObject","inLanguage":"en-US","@id":"https:\/\/www.vegadeyuco.com\/en\/producto\/riscos-de-famara-rose\/#primaryimage","url":"https:\/\/www.vegadeyuco.com\/wp-content\/uploads\/2019\/11\/Famara-rosado.png","contentUrl":"https:\/\/www.vegadeyuco.com\/wp-content\/uploads\/2019\/11\/Famara-rosado.png","width":1000,"height":1000},{"@type":"BreadcrumbList","@id":"https:\/\/www.vegadeyuco.com\/en\/producto\/riscos-de-famara-rose\/#breadcrumb","itemListElement":[{"@type":"ListItem","position":1,"name":"Portada","item":"https:\/\/www.vegadeyuco.com\/en\/vega-de-yuco-wine-cellar-in-lanzarote\/"},{"@type":"ListItem","position":2,"name":"Shop","item":"https:\/\/www.vegadeyuco.com\/en\/shop\/"},{"@type":"ListItem","position":3,"name":"Riscos de Famara Ros\u00e9"}]},{"@type":"WebSite","@id":"https:\/\/www.vegadeyuco.com\/en\/#website","url":"https:\/\/www.vegadeyuco.com\/en\/","name":"Vega de Yuco","description":"Bodegas y Vi\u00f1edos Vega de Yuco en Lanzarote, una bodega tradicional Canaria que destila autenticidad e innovaci\u00f3n. ","publisher":{"@id":"https:\/\/www.vegadeyuco.com\/en\/#organization"},"potentialAction":[{"@type":"SearchAction","target":{"@type":"EntryPoint","urlTemplate":"https:\/\/www.vegadeyuco.com\/en\/?s={search_term_string}"},"query-input":{"@type":"PropertyValueSpecification","valueRequired":true,"valueName":"search_term_string"}}],"inLanguage":"en-US"},{"@type":"Organization","@id":"https:\/\/www.vegadeyuco.com\/en\/#organization","name":"Bodegas Vega de Yuco","url":"https:\/\/www.vegadeyuco.com\/en\/","logo":{"@type":"ImageObject","inLanguage":"en-US","@id":"https:\/\/www.vegadeyuco.com\/en\/#\/schema\/logo\/image\/","url":"https:\/\/www.vegadeyuco.com\/wp-content\/uploads\/2020\/01\/LOGO_VEGADEYUCO_cabecera_pedidos.png","contentUrl":"https:\/\/www.vegadeyuco.com\/wp-content\/uploads\/2020\/01\/LOGO_VEGADEYUCO_cabecera_pedidos.png","width":250,"height":150,"caption":"Bodegas Vega de Yuco"},"image":{"@id":"https:\/\/www.vegadeyuco.com\/en\/#\/schema\/logo\/image\/"},"sameAs":["https:\/\/www.facebook.com\/vegadeyuco","https:\/\/www.instagram.com\/vegadeyuco\/","https:\/\/www.youtube.com\/channel\/UCmDMkmxMCvbSXTLTAs3DM7A"]}]}},"post_mailing_queue_ids":[],"_links":{"self":[{"href":"https:\/\/www.vegadeyuco.com\/en\/wp-json\/wp\/v2\/product\/27563","targetHints":{"allow":["GET"]}}],"collection":[{"href":"https:\/\/www.vegadeyuco.com\/en\/wp-json\/wp\/v2\/product"}],"about":[{"href":"https:\/\/www.vegadeyuco.com\/en\/wp-json\/wp\/v2\/types\/product"}],"version-history":[{"count":0,"href":"https:\/\/www.vegadeyuco.com\/en\/wp-json\/wp\/v2\/product\/27563\/revisions"}],"wp:featuredmedia":[{"embeddable":true,"href":"https:\/\/www.vegadeyuco.com\/en\/wp-json\/wp\/v2\/media\/22116"}],"wp:attachment":[{"href":"https:\/\/www.vegadeyuco.com\/en\/wp-json\/wp\/v2\/media?parent=27563"}],"wp:term":[{"taxonomy":"product_brand","embeddable":true,"href":"https:\/\/www.vegadeyuco.com\/en\/wp-json\/wp\/v2\/product_brand?post=27563"},{"taxonomy":"product_cat","embeddable":true,"href":"https:\/\/www.vegadeyuco.com\/en\/wp-json\/wp\/v2\/product_cat?post=27563"},{"taxonomy":"product_tag","embeddable":true,"href":"https:\/\/www.vegadeyuco.com\/en\/wp-json\/wp\/v2\/product_tag?post=27563"}],"curies":[{"name":"wp","href":"https:\/\/api.w.org\/{rel}","templated":true}]}}