{"id":26790,"date":"2019-12-16T18:03:26","date_gmt":"2019-12-16T18:03:26","guid":{"rendered":"https:\/\/www.vegadeyuco.com\/mentions-legales\/"},"modified":"2025-12-10T15:55:36","modified_gmt":"2025-12-10T15:55:36","slug":"mentions-legales","status":"publish","type":"page","link":"https:\/\/www.vegadeyuco.com\/fr\/mentions-legales\/","title":{"rendered":"Mentions l\u00e9gales"},"content":{"rendered":"\t\t<div data-elementor-type=\"wp-page\" data-elementor-id=\"26790\" class=\"elementor elementor-26790 elementor-3979\" data-elementor-post-type=\"page\">\n\t\t\t\t<div class=\"elementor-element elementor-element-3d37011 e-flex e-con-boxed e-con e-parent\" data-id=\"3d37011\" data-element_type=\"container\">\n\t\t\t\t\t<div class=\"e-con-inner\">\n\t\t\t\t<div class=\"elementor-element elementor-element-d6b998f elementor-widget elementor-widget-heading\" data-id=\"d6b998f\" data-element_type=\"widget\" data-widget_type=\"heading.default\">\n\t\t\t\t<div class=\"elementor-widget-container\">\n\t\t\t\t\t<h1 class=\"elementor-heading-title elementor-size-default\">Mentions l\u00e9gales<\/h1>\t\t\t\t<\/div>\n\t\t\t\t<\/div>\n\t\t\t\t<div class=\"elementor-element elementor-element-4e14f4d elementor-widget-divider--view-line elementor-widget elementor-widget-divider\" data-id=\"4e14f4d\" data-element_type=\"widget\" data-widget_type=\"divider.default\">\n\t\t\t\t<div class=\"elementor-widget-container\">\n\t\t\t\t\t\t\t<div class=\"elementor-divider\">\n\t\t\t<span class=\"elementor-divider-separator\">\n\t\t\t\t\t\t<\/span>\n\t\t<\/div>\n\t\t\t\t\t\t<\/div>\n\t\t\t\t<\/div>\n\t\t\t\t\t<\/div>\n\t\t\t\t<\/div>\n\t\t\t\t<section class=\"elementor-section elementor-top-section elementor-element elementor-element-abcd5c7 elementor-section-boxed elementor-section-height-default elementor-section-height-default\" data-id=\"abcd5c7\" data-element_type=\"section\">\n\t\t\t\t\t\t<div class=\"elementor-container elementor-column-gap-default\">\n\t\t\t\t\t<div class=\"elementor-column elementor-col-100 elementor-top-column elementor-element elementor-element-a981d28\" data-id=\"a981d28\" data-element_type=\"column\">\n\t\t\t<div class=\"elementor-widget-wrap elementor-element-populated\">\n\t\t\t\t\t\t<div class=\"elementor-element elementor-element-d7567bb elementor-widget elementor-widget-text-editor\" data-id=\"d7567bb\" data-element_type=\"widget\" data-widget_type=\"text-editor.default\">\n\t\t\t\t<div class=\"elementor-widget-container\">\n\t\t\t\t\t\t\t\t\t<h2><strong>MENTIONS L\u00c9GALES<\/strong><\/h2><p> <\/p><h3>1. Objet et acceptation<\/h3><p>Les pr\u00e9sentes mentions l\u00e9gales r\u00e9gissent l&rsquo;utilisation du site Web.: <a href=\"https:\/\/vegadeyuco.com\">www.vegadeyuco.com<\/a><\/p><p>Le site web www.vegadeyuco.com fournit des services dont l&rsquo;objectif principal est de permettre le contact entre les utilisateurs et l&rsquo;entit\u00e9, que ce soit pour nous contacter, traiter votre achat, vous inscrire sur le site web, exercer vos droits en mati\u00e8re de protection des donn\u00e9es ou demander des devis.<\/p><p>La navigation sur le site www.vegadeyuco.com conf\u00e8re la condition d&rsquo;utilisateur dudit site et implique l&rsquo;acceptation pleine et sans r\u00e9serve de toutes les dispositions incluses dans les pr\u00e9sentes mentions l\u00e9gales, qui peuvent faire l&rsquo;objet de modifications.<\/p><p>L&rsquo;utilisateur s&rsquo;engage \u00e0 faire un usage correct du site Web conform\u00e9ment aux lois, \u00e0 la bonne foi, \u00e0 l&rsquo;ordre public, aux usages du trafic et au pr\u00e9sent avis l\u00e9gal. L&rsquo;utilisateur sera responsable envers BODEGAS VEGA DE YUCO, S.L. et envers des tiers des dommages et pr\u00e9judices qui pourraient \u00eatre caus\u00e9s \u00e0 la suite du non-respect de cette obligation. <\/p><h3>2. Propri\u00e9t\u00e9 du site web et identification du prestataire de services de la soci\u00e9t\u00e9 de l&rsquo;information<\/h3><p>Afin de respecter le principe d&rsquo;information g\u00e9n\u00e9rale exig\u00e9 par l&rsquo;article 10 de la loi 34\/2002 du 11 juillet relative aux services de la soci\u00e9t\u00e9 de l&rsquo;information et au commerce \u00e9lectronique, nous informons nos utilisateurs que le pr\u00e9sent site web appartient \u00e0 BODEGAS VEGA DE YUCO, S.L. avec le num\u00e9ro d&rsquo;identification fiscale B35474881, constitu\u00e9e par contrat priv\u00e9\/acte public en date du 23 avril 1997.<\/p><table><tbody><tr><td colspan=\"3\" width=\"183\">Adresse <\/td>: <td colspan=\"3\" width=\"332\">Camino Del Cabezo, Sn &#8211; Masdache, 35572 &#8211; Tias, Lanzarote (Las Palmas)<\/td><\/tr><tr><td colspan=\"3\" width=\"183\">Correo-e:<\/td><td colspan=\"3\" width=\"332\">bodega@ovegadeyuco.com<\/td><\/tr><tr><td colspan=\"3\" width=\"183\">T\u00e9l\u00e9phone<\/td>:<td colspan=\"3\" width=\"332\">928524316<\/td><\/tr><tr><td colspan=\"3\" width=\"183\">Site h\u00e9berg\u00e9 par:<\/td><td colspan=\"3\" width=\"332\">IONOS SE<\/td><\/tr><\/tbody><\/table><h3> <\/h3><h3>3. Conditions g\u00e9n\u00e9rales d&rsquo;acc\u00e8s et d&rsquo;utilisation<\/h3><p>Le site Web et ses services sont librement accessibles et gratuits, bien que l&rsquo;utilisation de certaines zones ou certains services soit soumise au remplissage de formulaires de collecte de donn\u00e9es. Seules les personnes \u00e2g\u00e9es de plus de 18 ans peuvent fournir des donn\u00e9es via notre site Web, et les mineurs de moins de 14 ans ne peuvent le faire sans le consentement de leurs parents ou tuteurs. <\/p><p>L&rsquo;utilisateur garantit l&rsquo;authenticit\u00e9 et l&rsquo;actualit\u00e9 de toutes les donn\u00e9es qu&rsquo;il communique \u00e0 BODEGAS VEGA DE YUCO, S.L. et sera seul responsable des d\u00e9clarations fausses ou inexactes qu&rsquo;il pourrait faire.<\/p><p>www.vegadeyuco.com compte les types d&rsquo;utilisateurs suivants :<\/p><ul><li>Utilisateurs qui fournissent des donn\u00e9es dans l&rsquo;un des formulaires disponibles : les donn\u00e9es personnelles demand\u00e9es par BODEGAS VEGA DE YUCO, S.L comprennent le nom et l&rsquo;adresse \u00e9lectronique, ainsi que les donn\u00e9es fournies par l&rsquo;utilisateur lui-m\u00eame lorsqu&rsquo;il remplit les formulaires.<\/li><li>Utilisateurs qui fournissent des donn\u00e9es lors de leur inscription sur notre site web : les donn\u00e9es personnelles demand\u00e9es par BODEGAS VEGA DE YUCO, S.L. comprennent le nom et l&rsquo;adresse \u00e9lectronique, ainsi que les donn\u00e9es fournies par l&rsquo;utilisateur lui-m\u00eame lorsqu&rsquo;il remplit les formulaires.<\/li><li>Utilisateurs qui n&rsquo;ont pas contact\u00e9 BODEGAS VEGA DE YUCO, S.L. mais dont les donn\u00e9es sont collect\u00e9es : donn\u00e9es fournies par les cookies.<\/li><li>Utilisateurs qui effectuent des achats via notre boutique en ligne : les donn\u00e9es fournies par l&rsquo;utilisateur lors du processus d&rsquo;achat et les donn\u00e9es relatives \u00e0 l&rsquo;achat effectu\u00e9 sont collect\u00e9es.<\/li><\/ul><p> <\/p><p>3.1 R\u00e8gles et interdictions d&rsquo;utilisation pour les utilisateurs de nos services<\/p><p>L&rsquo;utilisateur s&rsquo;engage express\u00e9ment \u00e0 faire un usage appropri\u00e9 des contenus et services propos\u00e9s et \u00e0 ne pas les utiliser pour :<\/p><ul><li>Diffuser des contenus criminels, violents, pornographiques, racistes, x\u00e9nophobes, offensants, faisant l&rsquo;apologie du terrorisme ou, de mani\u00e8re g\u00e9n\u00e9rale, contraires \u00e0 la loi ou \u00e0 l&rsquo;ordre public.<\/li><li>Introduire des virus informatiques dans le r\u00e9seau ou r\u00e9aliser des actions susceptibles d&rsquo;alt\u00e9rer, d&rsquo;endommager, d&rsquo;interrompre ou de g\u00e9n\u00e9rer des erreurs ou des dommages dans les documents \u00e9lectroniques, les donn\u00e9es ou les syst\u00e8mes physiques et logiques de BODEGAS VEGA DE YUCO, S.L. ou de tiers ; ainsi qu&rsquo;entraver l&rsquo;acc\u00e8s d&rsquo;autres utilisateurs au site web et \u00e0 ses services.<\/li><li>Tenter d&rsquo;acc\u00e9der \u00e0 des zones restreintes des syst\u00e8mes informatiques de BODEGAS VEGA DE YUCO, S.L. ou de tiers et, le cas \u00e9ch\u00e9ant, d&rsquo;en extraire des informations.<\/li><li>Violer les droits de propri\u00e9t\u00e9 intellectuelle ou industrielle, ainsi que la confidentialit\u00e9 des informations de BODEGAS VEGA DE YUCO, S.L. ou de tiers.<\/li><li>Usurper l&rsquo;identit\u00e9 d&rsquo;un autre utilisateur, des administrations publiques ou d&rsquo;un tiers.<\/li><li>Reproduire, copier, distribuer, mettre \u00e0 disposition ou communiquer publiquement de quelque mani\u00e8re que ce soit, transformer ou modifier les Contenus, sauf autorisation du titulaire des droits correspondants ou si cela est l\u00e9galement autoris\u00e9.<\/li><li>Collecter des donn\u00e9es \u00e0 des fins publicitaires et envoyer des publicit\u00e9s de toute nature et des communications \u00e0 des fins commerciales ou autres sans demande pr\u00e9alable ou consentement.<\/li><\/ul><p> <\/p><p><strong>3.2. Proc\u00e9dure en cas d&rsquo;activit\u00e9s illicites<\/strong><\/p><p>Si un utilisateur ou un tiers estime qu&rsquo;il existe des faits ou des circonstances r\u00e9v\u00e9lant le caract\u00e8re illicite de l&rsquo;utilisation de tout contenu et\/ou de la r\u00e9alisation de toute activit\u00e9 sur les pages Web incluses ou accessibles via le site Web, il doit envoyer une notification \u00e0 BODEGAS VEGA DE YUCO, S.L. en s&rsquo;identifiant d\u00fbment, en pr\u00e9cisant les infractions pr\u00e9sum\u00e9es et en d\u00e9clarant express\u00e9ment et sous sa responsabilit\u00e9 que les informations fournies dans la notification sont exactes.<\/p><h3>4. Politique de confidentialit\u00e9<\/h3><p>L&rsquo;utilisateur peut consulter la mani\u00e8re dont BODEGAS VEGA DE YUCO, S.L. utilise ses donn\u00e9es et les mesures de s\u00e9curit\u00e9 mises en place en cliquant sur le lien suivant: \u00ab\u00a0<a href=\"https:\/\/www.vegadeyuco.com\/politica-privacidad\/\">Politique de confidentialit\u00e9<\/a>\u201d<\/p><h3>5. Politique en mati\u00e8re de cookies<\/h3><p>BODEGAS VEGA DE YUCO, S.L. installe des cookies sur l&rsquo;ordinateur de l&rsquo;utilisateur. Pour en savoir plus sur les cookies de notre site web, veuillez consulter le lien suivant: \u00ab\u00a0<a href=\"https:\/\/www.vegadeyuco.com\/politica-de-cookies-ue\/\">Politique en mati\u00e8re de cookies<\/a>\u00a0\u00bb <\/p><h3>6. Notifications<\/h3><p>Toutes les notifications et communications entre les utilisateurs et BODEGAS VEGA DE YUCO, S.L. seront consid\u00e9r\u00e9es comme efficaces, \u00e0 toutes fins utiles, lorsqu&rsquo;elles seront effectu\u00e9es par courrier postal, courrier \u00e9lectronique ou communication t\u00e9l\u00e9phonique. Les utilisateurs doivent contacter BODEGAS VEGA DE YUCO, S.L. par : <\/p><ul><li>Envoi par courrier postal \u00e0 l&rsquo;adresse suivante : BODEGAS VEGA DE YUCO, S.L. \u2013 Camino Del Cabezo, Sn &#8211; Masdache, 35572 &#8211; Tias, Lanzarote (Las Palmas).<\/li><li>Envoi par courrier \u00e9lectronique \u00e0 l&rsquo;adresse suivante: bodega@vegadeyuco.es<\/li><\/ul><h3>7. Propri\u00e9t\u00e9 industrielle et propri\u00e9t\u00e9 intellectuelle<\/h3><p>Tous les contenus du site Web, tels que les textes, photographies, graphiques, images, ic\u00f4nes, technologie, logiciels, ainsi que leur conception graphique et leurs codes sources, constituent une \u0153uvre dont la propri\u00e9t\u00e9 appartient \u00e0 BODEGAS VEGA DE YUCO, S.L., sans que l&rsquo;on puisse consid\u00e9rer que l&rsquo;utilisateur se voit c\u00e9der aucun des droits d&rsquo;exploitation sur ceux-ci au-del\u00e0 de ce qui est strictement n\u00e9cessaire pour l&rsquo;utilisation correcte du site Web.<\/p><p>En d\u00e9finitive, les utilisateurs qui acc\u00e8dent \u00e0 ce site Web peuvent visualiser les contenus et, le cas \u00e9ch\u00e9ant, effectuer des copies priv\u00e9es autoris\u00e9es, \u00e0 condition que les \u00e9l\u00e9ments reproduits ne soient pas c\u00e9d\u00e9s ult\u00e9rieurement \u00e0 des tiers, ni install\u00e9s sur des serveurs connect\u00e9s \u00e0 des r\u00e9seaux, ni faire l&rsquo;objet d&rsquo;aucune exploitation, et uniquement et exclusivement pendant la dur\u00e9e de validit\u00e9 du service.<\/p><p>De m\u00eame, toutes les marques, noms commerciaux ou signes distinctifs de toute nature apparaissant sur le site Web sont la propri\u00e9t\u00e9 de BODEGAS VEGA DE YUCO, S.L., sans que l&rsquo;utilisation ou l&rsquo;acc\u00e8s \u00e0 celui-ci ne puisse \u00eatre interpr\u00e9t\u00e9 comme conf\u00e9rant \u00e0 l&rsquo;utilisateur un quelconque droit sur ceux-ci.<\/p><p>La distribution, la modification, la cession ou la communication publique des contenus, ainsi que tout autre acte qui n&rsquo;aurait pas \u00e9t\u00e9 express\u00e9ment autoris\u00e9 par BODEGAS VEGA DE YUCO, S.L., sont interdits. En cas de non-respect, BODEGAS VEGA DE YUCO, S.L. prendra les mesures l\u00e9gales appropri\u00e9es.<\/p><h3>8. Exon\u00e9ration de responsabilit\u00e9 et modification du pr\u00e9sent avis l\u00e9gal<\/h3><p>Le site web www.vegadeyuco.com utilise des techniques de s\u00e9curit\u00e9 de l&rsquo;information telles que des pare-feu, des proc\u00e9dures de contr\u00f4le d&rsquo;acc\u00e8s et des m\u00e9canismes cryptographiques, le tout dans le but d&#8217;emp\u00eacher tout acc\u00e8s non autoris\u00e9 aux donn\u00e9es et d&rsquo;en garantir la confidentialit\u00e9.<\/p><p>Les informations diffus\u00e9es sur ce site web sont fournies \u00e0 titre informatif uniquement. BODEGAS VEGA DE YUCO, S.L. se r\u00e9serve le droit de supprimer ou de suspendre leur diffusion, en tout ou en partie, et de modifier la structure et le contenu de ce site web sans pr\u00e9avis, pouvant m\u00eame limiter ou interdire l&rsquo;acc\u00e8s \u00e0 ces informations. BODEGAS VEGA DE YUCO, S.L. s&rsquo;efforce de maintenir la qualit\u00e9 et l&rsquo;actualit\u00e9 de ces informations et d&rsquo;\u00e9viter et de minimiser les erreurs \u00e9ventuelles, mais BODEGAS VEGA DE YUCO, S.L. ne sera pas responsable des dommages ou pr\u00e9judices caus\u00e9s par des d\u00e9cisions prises sur la base des informations diffus\u00e9es ; ni des inexactitudes, omissions ou erreurs qu&rsquo;elles contiennent, ni des probl\u00e8mes d\u00e9coulant de l&rsquo;utilisation de ce site Web ou d&rsquo;un autre site externe, ni des dommages et\/ou pr\u00e9judices caus\u00e9s au logiciel ou au mat\u00e9riel informatique de l&rsquo;utilisateur r\u00e9sultant de l&rsquo;acc\u00e8s \u00e0 ce site Web. <\/p><p>Les utilisateurs acceptent express\u00e9ment que BODEGAS VEGA DE YUCO, S.L. ne soit pas responsable de l&rsquo;acc\u00e8s non autoris\u00e9 ou de l&rsquo;alt\u00e9ration de leurs transmissions ou donn\u00e9es, de tout mat\u00e9riel ou donn\u00e9es envoy\u00e9s ou re\u00e7us ou non envoy\u00e9s ou re\u00e7us, ni d&rsquo;aucune transaction effectu\u00e9e via son site web.<\/p><p>BODEGAS VEGA DE YUCO, S.L. se r\u00e9serve le droit de modifier unilat\u00e9ralement et sans pr\u00e9avis le pr\u00e9sent avis l\u00e9gal selon les termes et conditions qu&rsquo;elle jugera opportuns, avec pour seule obligation d&rsquo;informer l&rsquo;utilisateur des modifications effectu\u00e9es via <a href=\"http:\/\/www.aixacorpore.es\/\">www.vegadeyuco.com<\/a>.<\/p><p>En ce qui concerne les informations diffus\u00e9es dans la boutique en ligne, les dispositions du document \u00ab Conditions g\u00e9n\u00e9rales d&rsquo;achat \u00bb pr\u00e9vaudront sur celles du pr\u00e9sent avis l\u00e9gal.<\/p><h3>9. Nullit\u00e9 partielle<\/h3><p>Si l&rsquo;une des pr\u00e9sentes clauses \u00e9tait d\u00e9clar\u00e9e nulle et sans effet par une d\u00e9cision d\u00e9finitive rendue par l&rsquo;autorit\u00e9 comp\u00e9tente, les autres conditions g\u00e9n\u00e9rales resteraient en vigueur, sans \u00eatre affect\u00e9es par ladite d\u00e9claration de nullit\u00e9.<\/p><h3>10. Droit applicable et tribunaux comp\u00e9tents<\/h3><p>Le pr\u00e9sent site web est soumis aux dispositions de la l\u00e9gislation espagnole et de la r\u00e9glementation europ\u00e9enne applicable.<\/p><p>Tout litige d\u00e9coulant de ou li\u00e9 \u00e0 l&rsquo;utilisation du site web ou desdits produits sera soumis \u00e0 la juridiction non exclusive des cours et tribunaux espagnols de la province de Las Palmas.<\/p><p>S&rsquo;il s&rsquo;agit d&rsquo;un consommateur final, rien dans la pr\u00e9sente clause n&rsquo;affectera les droits qui lui sont reconnus en tant que tel par la l\u00e9gislation en vigueur, et il pourra choisir de pr\u00e9senter une r\u00e9clamation pour faire valoir ses droits en relation avec les pr\u00e9sentes Conditions devant le juge ou les tribunaux correspondant \u00e0 son domicile.<\/p><p><strong> <\/strong><\/p><p><strong>Date : 8 avril 2025<\/strong><\/p><p><strong>Version: V.2.0<\/strong><\/p>\t\t\t\t\t\t\t\t<\/div>\n\t\t\t\t<\/div>\n\t\t\t\t\t<\/div>\n\t\t<\/div>\n\t\t\t\t\t<\/div>\n\t\t<\/section>\n\t\t\t\t<\/div>\n\t\t","protected":false},"excerpt":{"rendered":"<p>Mentions l\u00e9gales MENTIONS L\u00c9GALES 1. Objet et acceptation Les pr\u00e9sentes mentions l\u00e9gales r\u00e9gissent l&rsquo;utilisation du site Web.: www.vegadeyuco.com Le site web www.vegadeyuco.com fournit des services dont l&rsquo;objectif principal est de permettre le contact entre les utilisateurs et l&rsquo;entit\u00e9, que ce soit pour nous contacter, traiter votre achat, vous inscrire sur le site web, exercer vos [&hellip;]<\/p>\n","protected":false},"author":1,"featured_media":0,"parent":0,"menu_order":0,"comment_status":"closed","ping_status":"closed","template":"","meta":{"footnotes":""},"class_list":["post-26790","page","type-page","status-publish","hentry"],"yoast_head":"<!-- This site is optimized with the Yoast SEO plugin v26.8 - https:\/\/yoast.com\/product\/yoast-seo-wordpress\/ -->\n<title>Mentions l\u00e9gales &#8226; Vega de Yuco<\/title>\n<meta name=\"description\" content=\"Le site web www.vegadeyuco.com fournit des services dont l&#039;objectif principal est de permettre le contact entre les utilisateurs et l&#039;entit\u00e9, que ce soit pour nous contacter, traiter votre achat, vous inscrire sur le site web, exercer vos droits en mati\u00e8re de protection des donn\u00e9es ou demander des devis.\" \/>\n<meta name=\"robots\" content=\"noindex, nofollow\" \/>\n<meta property=\"og:locale\" content=\"fr_FR\" \/>\n<meta property=\"og:type\" content=\"article\" \/>\n<meta property=\"og:title\" content=\"Mentions l\u00e9gales &#8226; Vega de Yuco\" \/>\n<meta property=\"og:description\" content=\"Le site web www.vegadeyuco.com fournit des services dont l&#039;objectif principal est de permettre le contact entre les utilisateurs et l&#039;entit\u00e9, que ce soit pour nous contacter, traiter votre achat, vous inscrire sur le site web, exercer vos droits en mati\u00e8re de protection des donn\u00e9es ou demander des devis.\" \/>\n<meta property=\"og:url\" content=\"https:\/\/www.vegadeyuco.com\/fr\/mentions-legales\/\" \/>\n<meta property=\"og:site_name\" content=\"Vega de Yuco\" \/>\n<meta property=\"article:publisher\" content=\"https:\/\/www.facebook.com\/vegadeyuco\" \/>\n<meta property=\"article:modified_time\" content=\"2025-12-10T15:55:36+00:00\" \/>\n<meta property=\"og:image\" content=\"https:\/\/www.vegadeyuco.com\/wp-content\/uploads\/2019\/11\/lOGO_VEGADEYUCO_500X300.png\" \/>\n\t<meta property=\"og:image:width\" content=\"500\" \/>\n\t<meta property=\"og:image:height\" content=\"300\" \/>\n\t<meta property=\"og:image:type\" content=\"image\/png\" \/>\n<meta name=\"twitter:card\" content=\"summary_large_image\" \/>\n<meta name=\"twitter:label1\" content=\"Dur\u00e9e de lecture estim\u00e9e\" \/>\n\t<meta name=\"twitter:data1\" content=\"9 minutes\" \/>\n<script type=\"application\/ld+json\" class=\"yoast-schema-graph\">{\"@context\":\"https:\/\/schema.org\",\"@graph\":[{\"@type\":\"WebPage\",\"@id\":\"https:\/\/www.vegadeyuco.com\/fr\/mentions-legales\/\",\"url\":\"https:\/\/www.vegadeyuco.com\/fr\/mentions-legales\/\",\"name\":\"Mentions l\u00e9gales &#8226; Vega de Yuco\",\"isPartOf\":{\"@id\":\"https:\/\/www.vegadeyuco.com\/fr\/#website\"},\"datePublished\":\"2019-12-16T18:03:26+00:00\",\"dateModified\":\"2025-12-10T15:55:36+00:00\",\"description\":\"Le site web www.vegadeyuco.com fournit des services dont l'objectif principal est de permettre le contact entre les utilisateurs et l'entit\u00e9, que ce soit pour nous contacter, traiter votre achat, vous inscrire sur le site web, exercer vos droits en mati\u00e8re de protection des donn\u00e9es ou demander des devis.\",\"breadcrumb\":{\"@id\":\"https:\/\/www.vegadeyuco.com\/fr\/mentions-legales\/#breadcrumb\"},\"inLanguage\":\"fr-FR\",\"potentialAction\":[{\"@type\":\"ReadAction\",\"target\":[\"https:\/\/www.vegadeyuco.com\/fr\/mentions-legales\/\"]}]},{\"@type\":\"BreadcrumbList\",\"@id\":\"https:\/\/www.vegadeyuco.com\/fr\/mentions-legales\/#breadcrumb\",\"itemListElement\":[{\"@type\":\"ListItem\",\"position\":1,\"name\":\"Portada\",\"item\":\"https:\/\/www.vegadeyuco.com\/fr\/vega-de-yuco-cave-a-vin-a-lanzarote\/\"},{\"@type\":\"ListItem\",\"position\":2,\"name\":\"Mentions l\u00e9gales\"}]},{\"@type\":\"WebSite\",\"@id\":\"https:\/\/www.vegadeyuco.com\/fr\/#website\",\"url\":\"https:\/\/www.vegadeyuco.com\/fr\/\",\"name\":\"Vega de Yuco\",\"description\":\"Bodegas y Vi\u00f1edos Vega de Yuco en Lanzarote, una bodega tradicional Canaria que destila autenticidad e innovaci\u00f3n. \",\"publisher\":{\"@id\":\"https:\/\/www.vegadeyuco.com\/fr\/#organization\"},\"potentialAction\":[{\"@type\":\"SearchAction\",\"target\":{\"@type\":\"EntryPoint\",\"urlTemplate\":\"https:\/\/www.vegadeyuco.com\/fr\/?s={search_term_string}\"},\"query-input\":{\"@type\":\"PropertyValueSpecification\",\"valueRequired\":true,\"valueName\":\"search_term_string\"}}],\"inLanguage\":\"fr-FR\"},{\"@type\":\"Organization\",\"@id\":\"https:\/\/www.vegadeyuco.com\/fr\/#organization\",\"name\":\"Bodegas Vega de Yuco\",\"url\":\"https:\/\/www.vegadeyuco.com\/fr\/\",\"logo\":{\"@type\":\"ImageObject\",\"inLanguage\":\"fr-FR\",\"@id\":\"https:\/\/www.vegadeyuco.com\/fr\/#\/schema\/logo\/image\/\",\"url\":\"https:\/\/www.vegadeyuco.com\/wp-content\/uploads\/2020\/01\/LOGO_VEGADEYUCO_cabecera_pedidos.png\",\"contentUrl\":\"https:\/\/www.vegadeyuco.com\/wp-content\/uploads\/2020\/01\/LOGO_VEGADEYUCO_cabecera_pedidos.png\",\"width\":250,\"height\":150,\"caption\":\"Bodegas Vega de Yuco\"},\"image\":{\"@id\":\"https:\/\/www.vegadeyuco.com\/fr\/#\/schema\/logo\/image\/\"},\"sameAs\":[\"https:\/\/www.facebook.com\/vegadeyuco\",\"https:\/\/www.instagram.com\/vegadeyuco\/\",\"https:\/\/www.youtube.com\/channel\/UCmDMkmxMCvbSXTLTAs3DM7A\"]}]}<\/script>\n<!-- \/ Yoast SEO plugin. -->","yoast_head_json":{"title":"Mentions l\u00e9gales &#8226; Vega de Yuco","description":"Le site web www.vegadeyuco.com fournit des services dont l'objectif principal est de permettre le contact entre les utilisateurs et l'entit\u00e9, que ce soit pour nous contacter, traiter votre achat, vous inscrire sur le site web, exercer vos droits en mati\u00e8re de protection des donn\u00e9es ou demander des devis.","robots":{"index":"noindex","follow":"nofollow"},"og_locale":"fr_FR","og_type":"article","og_title":"Mentions l\u00e9gales &#8226; Vega de Yuco","og_description":"Le site web www.vegadeyuco.com fournit des services dont l'objectif principal est de permettre le contact entre les utilisateurs et l'entit\u00e9, que ce soit pour nous contacter, traiter votre achat, vous inscrire sur le site web, exercer vos droits en mati\u00e8re de protection des donn\u00e9es ou demander des devis.","og_url":"https:\/\/www.vegadeyuco.com\/fr\/mentions-legales\/","og_site_name":"Vega de Yuco","article_publisher":"https:\/\/www.facebook.com\/vegadeyuco","article_modified_time":"2025-12-10T15:55:36+00:00","og_image":[{"width":500,"height":300,"url":"https:\/\/www.vegadeyuco.com\/wp-content\/uploads\/2019\/11\/lOGO_VEGADEYUCO_500X300.png","type":"image\/png"}],"twitter_card":"summary_large_image","twitter_misc":{"Dur\u00e9e de lecture estim\u00e9e":"9 minutes"},"schema":{"@context":"https:\/\/schema.org","@graph":[{"@type":"WebPage","@id":"https:\/\/www.vegadeyuco.com\/fr\/mentions-legales\/","url":"https:\/\/www.vegadeyuco.com\/fr\/mentions-legales\/","name":"Mentions l\u00e9gales &#8226; Vega de Yuco","isPartOf":{"@id":"https:\/\/www.vegadeyuco.com\/fr\/#website"},"datePublished":"2019-12-16T18:03:26+00:00","dateModified":"2025-12-10T15:55:36+00:00","description":"Le site web www.vegadeyuco.com fournit des services dont l'objectif principal est de permettre le contact entre les utilisateurs et l'entit\u00e9, que ce soit pour nous contacter, traiter votre achat, vous inscrire sur le site web, exercer vos droits en mati\u00e8re de protection des donn\u00e9es ou demander des devis.","breadcrumb":{"@id":"https:\/\/www.vegadeyuco.com\/fr\/mentions-legales\/#breadcrumb"},"inLanguage":"fr-FR","potentialAction":[{"@type":"ReadAction","target":["https:\/\/www.vegadeyuco.com\/fr\/mentions-legales\/"]}]},{"@type":"BreadcrumbList","@id":"https:\/\/www.vegadeyuco.com\/fr\/mentions-legales\/#breadcrumb","itemListElement":[{"@type":"ListItem","position":1,"name":"Portada","item":"https:\/\/www.vegadeyuco.com\/fr\/vega-de-yuco-cave-a-vin-a-lanzarote\/"},{"@type":"ListItem","position":2,"name":"Mentions l\u00e9gales"}]},{"@type":"WebSite","@id":"https:\/\/www.vegadeyuco.com\/fr\/#website","url":"https:\/\/www.vegadeyuco.com\/fr\/","name":"Vega de Yuco","description":"Bodegas y Vi\u00f1edos Vega de Yuco en Lanzarote, una bodega tradicional Canaria que destila autenticidad e innovaci\u00f3n. ","publisher":{"@id":"https:\/\/www.vegadeyuco.com\/fr\/#organization"},"potentialAction":[{"@type":"SearchAction","target":{"@type":"EntryPoint","urlTemplate":"https:\/\/www.vegadeyuco.com\/fr\/?s={search_term_string}"},"query-input":{"@type":"PropertyValueSpecification","valueRequired":true,"valueName":"search_term_string"}}],"inLanguage":"fr-FR"},{"@type":"Organization","@id":"https:\/\/www.vegadeyuco.com\/fr\/#organization","name":"Bodegas Vega de Yuco","url":"https:\/\/www.vegadeyuco.com\/fr\/","logo":{"@type":"ImageObject","inLanguage":"fr-FR","@id":"https:\/\/www.vegadeyuco.com\/fr\/#\/schema\/logo\/image\/","url":"https:\/\/www.vegadeyuco.com\/wp-content\/uploads\/2020\/01\/LOGO_VEGADEYUCO_cabecera_pedidos.png","contentUrl":"https:\/\/www.vegadeyuco.com\/wp-content\/uploads\/2020\/01\/LOGO_VEGADEYUCO_cabecera_pedidos.png","width":250,"height":150,"caption":"Bodegas Vega de Yuco"},"image":{"@id":"https:\/\/www.vegadeyuco.com\/fr\/#\/schema\/logo\/image\/"},"sameAs":["https:\/\/www.facebook.com\/vegadeyuco","https:\/\/www.instagram.com\/vegadeyuco\/","https:\/\/www.youtube.com\/channel\/UCmDMkmxMCvbSXTLTAs3DM7A"]}]}},"post_mailing_queue_ids":[],"_links":{"self":[{"href":"https:\/\/www.vegadeyuco.com\/fr\/wp-json\/wp\/v2\/pages\/26790","targetHints":{"allow":["GET"]}}],"collection":[{"href":"https:\/\/www.vegadeyuco.com\/fr\/wp-json\/wp\/v2\/pages"}],"about":[{"href":"https:\/\/www.vegadeyuco.com\/fr\/wp-json\/wp\/v2\/types\/page"}],"author":[{"embeddable":true,"href":"https:\/\/www.vegadeyuco.com\/fr\/wp-json\/wp\/v2\/users\/1"}],"replies":[{"embeddable":true,"href":"https:\/\/www.vegadeyuco.com\/fr\/wp-json\/wp\/v2\/comments?post=26790"}],"version-history":[{"count":1,"href":"https:\/\/www.vegadeyuco.com\/fr\/wp-json\/wp\/v2\/pages\/26790\/revisions"}],"predecessor-version":[{"id":26791,"href":"https:\/\/www.vegadeyuco.com\/fr\/wp-json\/wp\/v2\/pages\/26790\/revisions\/26791"}],"wp:attachment":[{"href":"https:\/\/www.vegadeyuco.com\/fr\/wp-json\/wp\/v2\/media?parent=26790"}],"curies":[{"name":"wp","href":"https:\/\/api.w.org\/{rel}","templated":true}]}}