{"id":27041,"date":"2019-11-30T12:17:38","date_gmt":"2019-11-30T12:17:38","guid":{"rendered":"https:\/\/www.vegadeyuco.com\/vins-roses\/"},"modified":"2025-12-16T13:55:58","modified_gmt":"2025-12-16T13:55:58","slug":"vins-roses","status":"publish","type":"page","link":"https:\/\/www.vegadeyuco.com\/fr\/vins-roses\/","title":{"rendered":"Vins ros\u00e9s"},"content":{"rendered":"\t\t<div data-elementor-type=\"wp-page\" data-elementor-id=\"27041\" class=\"elementor elementor-27041 elementor-2990\" data-elementor-post-type=\"page\">\n\t\t\t\t<div class=\"elementor-element elementor-element-3b17c85 e-flex e-con-boxed e-con e-parent\" data-id=\"3b17c85\" data-element_type=\"container\">\n\t\t\t\t\t<div class=\"e-con-inner\">\n\t\t<div class=\"elementor-element elementor-element-ee512c7 e-con-full e-flex e-con e-child\" data-id=\"ee512c7\" data-element_type=\"container\">\n\t\t\t\t<div class=\"elementor-element elementor-element-caff114 elementor-widget elementor-widget-heading\" data-id=\"caff114\" data-element_type=\"widget\" data-widget_type=\"heading.default\">\n\t\t\t\t<div class=\"elementor-widget-container\">\n\t\t\t\t\t<h1 class=\"elementor-heading-title elementor-size-default\">Vins ros\u00e9s<\/h1>\t\t\t\t<\/div>\n\t\t\t\t<\/div>\n\t\t\t\t<div class=\"elementor-element elementor-element-c4e646b elementor-widget elementor-widget-text-editor\" data-id=\"c4e646b\" data-element_type=\"widget\" data-widget_type=\"text-editor.default\">\n\t\t\t\t<div class=\"elementor-widget-container\">\n\t\t\t\t\t\t\t\t\t<p>Les <strong>vins ros\u00e9s<\/strong> de Bodegas Vega de Yuco se sont r\u00e9v\u00e9l\u00e9s \u00eatre d&rsquo;excellents<a href=\"https:\/\/www.vegadeyuco.com\/el-entorno-lanzarote\/\"> vins de Lanzarote<\/a> \u00e0 d\u00e9guster tout au long de l&rsquo;ann\u00e9e. Ces vins canariens issus du c\u00e9page List\u00e1n Negro, exclusif \u00e0 Lanzarote, se distinguent par leur caract\u00e8re atlantique et leur saveur insulaire qui refl\u00e8te la puissance et l&rsquo;influence des volcans. Des <a href=\"https:\/\/www.vegadeyuco.com\/Tienda\/gara-rosado\/\">vins ros\u00e9s sophistiqu\u00e9s<\/a> ou p\u00e2les aux gammes plus <a href=\"https:\/\/www.vegadeyuco.com\/Tienda\/vega-de-yuco-rosado\/\">traditionnelles<\/a> et intenses, voici les diff\u00e9rentes gammes de<strong> vins ros\u00e9s <\/strong>propos\u00e9es par notre cave. Ils brillent non seulement en accompagnement d&rsquo;entr\u00e9es, mais aussi de plats principaux. Les d\u00e9couvrir et les d\u00e9guster sera un v\u00e9ritable succ\u00e8s.    <\/p>\t\t\t\t\t\t\t\t<\/div>\n\t\t\t\t<\/div>\n\t\t\t\t<\/div>\n\t\t<div class=\"elementor-element elementor-element-575fb70 e-con-full e-flex e-con e-child\" data-id=\"575fb70\" data-element_type=\"container\">\n\t\t\t\t<div class=\"elementor-element elementor-element-684b218 elementor-widget elementor-widget-image\" data-id=\"684b218\" data-element_type=\"widget\" data-widget_type=\"image.default\">\n\t\t\t\t<div class=\"elementor-widget-container\">\n\t\t\t\t\t\t\t\t\t\t\t\t\t\t\t<img fetchpriority=\"high\" decoding=\"async\" width=\"1000\" height=\"1000\" src=\"https:\/\/www.vegadeyuco.com\/wp-content\/uploads\/2017\/01\/Yaiza-rosado.png\" class=\"attachment-full size-full wp-image-27034\" alt=\"\" srcset=\"https:\/\/www.vegadeyuco.com\/wp-content\/uploads\/2017\/01\/Yaiza-rosado.png 1000w, https:\/\/www.vegadeyuco.com\/wp-content\/uploads\/2017\/01\/Yaiza-rosado-300x300.png 300w, https:\/\/www.vegadeyuco.com\/wp-content\/uploads\/2017\/01\/Yaiza-rosado-150x150.png 150w, https:\/\/www.vegadeyuco.com\/wp-content\/uploads\/2017\/01\/Yaiza-rosado-768x768.png 768w, https:\/\/www.vegadeyuco.com\/wp-content\/uploads\/2017\/01\/Yaiza-rosado-100x100.png 100w\" sizes=\"(max-width: 1000px) 100vw, 1000px\" \/>\t\t\t\t\t\t\t\t\t\t\t\t\t\t\t<\/div>\n\t\t\t\t<\/div>\n\t\t\t\t<\/div>\n\t\t\t\t\t<\/div>\n\t\t\t\t<\/div>\n\t\t<div class=\"elementor-element elementor-element-5623550 e-flex e-con-boxed e-con e-parent\" data-id=\"5623550\" data-element_type=\"container\">\n\t\t\t\t\t<div class=\"e-con-inner\">\n\t\t<div class=\"elementor-element elementor-element-905f1eb e-con-full e-flex e-con e-child\" data-id=\"905f1eb\" data-element_type=\"container\">\n\t\t\t\t<\/div>\n\t\t\t\t\t<\/div>\n\t\t\t\t<\/div>\n\t\t\t\t<\/div>\n\t\t","protected":false},"excerpt":{"rendered":"<p>Vins ros\u00e9s Les vins ros\u00e9s de Bodegas Vega de Yuco se sont r\u00e9v\u00e9l\u00e9s \u00eatre d&rsquo;excellents vins de Lanzarote \u00e0 d\u00e9guster tout au long de l&rsquo;ann\u00e9e. Ces vins canariens issus du c\u00e9page List\u00e1n Negro, exclusif \u00e0 Lanzarote, se distinguent par leur caract\u00e8re atlantique et leur saveur insulaire qui refl\u00e8te la puissance et l&rsquo;influence des volcans. Des [&hellip;]<\/p>\n","protected":false},"author":1,"featured_media":0,"parent":0,"menu_order":0,"comment_status":"closed","ping_status":"closed","template":"","meta":{"footnotes":""},"class_list":["post-27041","page","type-page","status-publish","hentry"],"yoast_head":"<!-- This site is optimized with the Yoast SEO plugin v26.8 - https:\/\/yoast.com\/product\/yoast-seo-wordpress\/ -->\n<title>Vins ros\u00e9s &#8226; Vega de Yuco<\/title>\n<meta name=\"description\" content=\"Les vins ros\u00e9s de Bodegas Vega de Yuco se sont r\u00e9v\u00e9l\u00e9s \u00eatre d&#039;excellents vins de Lanzarote \u00e0 d\u00e9guster tout au long de l&#039;ann\u00e9e.\" \/>\n<meta name=\"robots\" content=\"index, follow, max-snippet:-1, max-image-preview:large, max-video-preview:-1\" \/>\n<link rel=\"canonical\" href=\"https:\/\/www.vegadeyuco.com\/fr\/vins-roses\/\" \/>\n<meta property=\"og:locale\" content=\"fr_FR\" \/>\n<meta property=\"og:type\" content=\"article\" \/>\n<meta property=\"og:title\" content=\"Vins ros\u00e9s &#8226; Vega de Yuco\" \/>\n<meta property=\"og:description\" content=\"Les vins ros\u00e9s de Bodegas Vega de Yuco se sont r\u00e9v\u00e9l\u00e9s \u00eatre d&#039;excellents vins de Lanzarote \u00e0 d\u00e9guster tout au long de l&#039;ann\u00e9e.\" \/>\n<meta property=\"og:url\" content=\"https:\/\/www.vegadeyuco.com\/fr\/vins-roses\/\" \/>\n<meta property=\"og:site_name\" content=\"Vega de Yuco\" \/>\n<meta property=\"article:publisher\" content=\"https:\/\/www.facebook.com\/vegadeyuco\" \/>\n<meta property=\"article:modified_time\" content=\"2025-12-16T13:55:58+00:00\" \/>\n<meta property=\"og:image\" content=\"https:\/\/www.vegadeyuco.com\/wp-content\/uploads\/2017\/01\/Yaiza-rosado.png\" \/>\n<meta name=\"twitter:card\" content=\"summary_large_image\" \/>\n<meta name=\"twitter:label1\" content=\"Dur\u00e9e de lecture estim\u00e9e\" \/>\n\t<meta name=\"twitter:data1\" content=\"1 minute\" \/>\n<script type=\"application\/ld+json\" class=\"yoast-schema-graph\">{\"@context\":\"https:\/\/schema.org\",\"@graph\":[{\"@type\":\"WebPage\",\"@id\":\"https:\/\/www.vegadeyuco.com\/fr\/vins-roses\/\",\"url\":\"https:\/\/www.vegadeyuco.com\/fr\/vins-roses\/\",\"name\":\"Vins ros\u00e9s &#8226; Vega de Yuco\",\"isPartOf\":{\"@id\":\"https:\/\/www.vegadeyuco.com\/fr\/#website\"},\"primaryImageOfPage\":{\"@id\":\"https:\/\/www.vegadeyuco.com\/fr\/vins-roses\/#primaryimage\"},\"image\":{\"@id\":\"https:\/\/www.vegadeyuco.com\/fr\/vins-roses\/#primaryimage\"},\"thumbnailUrl\":\"https:\/\/www.vegadeyuco.com\/wp-content\/uploads\/2017\/01\/Yaiza-rosado.png\",\"datePublished\":\"2019-11-30T12:17:38+00:00\",\"dateModified\":\"2025-12-16T13:55:58+00:00\",\"description\":\"Les vins ros\u00e9s de Bodegas Vega de Yuco se sont r\u00e9v\u00e9l\u00e9s \u00eatre d'excellents vins de Lanzarote \u00e0 d\u00e9guster tout au long de l'ann\u00e9e.\",\"breadcrumb\":{\"@id\":\"https:\/\/www.vegadeyuco.com\/fr\/vins-roses\/#breadcrumb\"},\"inLanguage\":\"fr-FR\",\"potentialAction\":[{\"@type\":\"ReadAction\",\"target\":[\"https:\/\/www.vegadeyuco.com\/fr\/vins-roses\/\"]}]},{\"@type\":\"ImageObject\",\"inLanguage\":\"fr-FR\",\"@id\":\"https:\/\/www.vegadeyuco.com\/fr\/vins-roses\/#primaryimage\",\"url\":\"https:\/\/www.vegadeyuco.com\/wp-content\/uploads\/2017\/01\/Yaiza-rosado.png\",\"contentUrl\":\"https:\/\/www.vegadeyuco.com\/wp-content\/uploads\/2017\/01\/Yaiza-rosado.png\"},{\"@type\":\"BreadcrumbList\",\"@id\":\"https:\/\/www.vegadeyuco.com\/fr\/vins-roses\/#breadcrumb\",\"itemListElement\":[{\"@type\":\"ListItem\",\"position\":1,\"name\":\"Portada\",\"item\":\"https:\/\/www.vegadeyuco.com\/fr\/vega-de-yuco-cave-a-vin-a-lanzarote\/\"},{\"@type\":\"ListItem\",\"position\":2,\"name\":\"Vins ros\u00e9s\"}]},{\"@type\":\"WebSite\",\"@id\":\"https:\/\/www.vegadeyuco.com\/fr\/#website\",\"url\":\"https:\/\/www.vegadeyuco.com\/fr\/\",\"name\":\"Vega de Yuco\",\"description\":\"Bodegas y Vi\u00f1edos Vega de Yuco en Lanzarote, una bodega tradicional Canaria que destila autenticidad e innovaci\u00f3n. \",\"publisher\":{\"@id\":\"https:\/\/www.vegadeyuco.com\/fr\/#organization\"},\"potentialAction\":[{\"@type\":\"SearchAction\",\"target\":{\"@type\":\"EntryPoint\",\"urlTemplate\":\"https:\/\/www.vegadeyuco.com\/fr\/?s={search_term_string}\"},\"query-input\":{\"@type\":\"PropertyValueSpecification\",\"valueRequired\":true,\"valueName\":\"search_term_string\"}}],\"inLanguage\":\"fr-FR\"},{\"@type\":\"Organization\",\"@id\":\"https:\/\/www.vegadeyuco.com\/fr\/#organization\",\"name\":\"Bodegas Vega de Yuco\",\"url\":\"https:\/\/www.vegadeyuco.com\/fr\/\",\"logo\":{\"@type\":\"ImageObject\",\"inLanguage\":\"fr-FR\",\"@id\":\"https:\/\/www.vegadeyuco.com\/fr\/#\/schema\/logo\/image\/\",\"url\":\"https:\/\/www.vegadeyuco.com\/wp-content\/uploads\/2020\/01\/LOGO_VEGADEYUCO_cabecera_pedidos.png\",\"contentUrl\":\"https:\/\/www.vegadeyuco.com\/wp-content\/uploads\/2020\/01\/LOGO_VEGADEYUCO_cabecera_pedidos.png\",\"width\":250,\"height\":150,\"caption\":\"Bodegas Vega de Yuco\"},\"image\":{\"@id\":\"https:\/\/www.vegadeyuco.com\/fr\/#\/schema\/logo\/image\/\"},\"sameAs\":[\"https:\/\/www.facebook.com\/vegadeyuco\",\"https:\/\/www.instagram.com\/vegadeyuco\/\",\"https:\/\/www.youtube.com\/channel\/UCmDMkmxMCvbSXTLTAs3DM7A\"]}]}<\/script>\n<!-- \/ Yoast SEO plugin. -->","yoast_head_json":{"title":"Vins ros\u00e9s &#8226; Vega de Yuco","description":"Les vins ros\u00e9s de Bodegas Vega de Yuco se sont r\u00e9v\u00e9l\u00e9s \u00eatre d'excellents vins de Lanzarote \u00e0 d\u00e9guster tout au long de l'ann\u00e9e.","robots":{"index":"index","follow":"follow","max-snippet":"max-snippet:-1","max-image-preview":"max-image-preview:large","max-video-preview":"max-video-preview:-1"},"canonical":"https:\/\/www.vegadeyuco.com\/fr\/vins-roses\/","og_locale":"fr_FR","og_type":"article","og_title":"Vins ros\u00e9s &#8226; Vega de Yuco","og_description":"Les vins ros\u00e9s de Bodegas Vega de Yuco se sont r\u00e9v\u00e9l\u00e9s \u00eatre d'excellents vins de Lanzarote \u00e0 d\u00e9guster tout au long de l'ann\u00e9e.","og_url":"https:\/\/www.vegadeyuco.com\/fr\/vins-roses\/","og_site_name":"Vega de Yuco","article_publisher":"https:\/\/www.facebook.com\/vegadeyuco","article_modified_time":"2025-12-16T13:55:58+00:00","og_image":[{"url":"https:\/\/www.vegadeyuco.com\/wp-content\/uploads\/2017\/01\/Yaiza-rosado.png","type":"","width":"","height":""}],"twitter_card":"summary_large_image","twitter_misc":{"Dur\u00e9e de lecture estim\u00e9e":"1 minute"},"schema":{"@context":"https:\/\/schema.org","@graph":[{"@type":"WebPage","@id":"https:\/\/www.vegadeyuco.com\/fr\/vins-roses\/","url":"https:\/\/www.vegadeyuco.com\/fr\/vins-roses\/","name":"Vins ros\u00e9s &#8226; Vega de Yuco","isPartOf":{"@id":"https:\/\/www.vegadeyuco.com\/fr\/#website"},"primaryImageOfPage":{"@id":"https:\/\/www.vegadeyuco.com\/fr\/vins-roses\/#primaryimage"},"image":{"@id":"https:\/\/www.vegadeyuco.com\/fr\/vins-roses\/#primaryimage"},"thumbnailUrl":"https:\/\/www.vegadeyuco.com\/wp-content\/uploads\/2017\/01\/Yaiza-rosado.png","datePublished":"2019-11-30T12:17:38+00:00","dateModified":"2025-12-16T13:55:58+00:00","description":"Les vins ros\u00e9s de Bodegas Vega de Yuco se sont r\u00e9v\u00e9l\u00e9s \u00eatre d'excellents vins de Lanzarote \u00e0 d\u00e9guster tout au long de l'ann\u00e9e.","breadcrumb":{"@id":"https:\/\/www.vegadeyuco.com\/fr\/vins-roses\/#breadcrumb"},"inLanguage":"fr-FR","potentialAction":[{"@type":"ReadAction","target":["https:\/\/www.vegadeyuco.com\/fr\/vins-roses\/"]}]},{"@type":"ImageObject","inLanguage":"fr-FR","@id":"https:\/\/www.vegadeyuco.com\/fr\/vins-roses\/#primaryimage","url":"https:\/\/www.vegadeyuco.com\/wp-content\/uploads\/2017\/01\/Yaiza-rosado.png","contentUrl":"https:\/\/www.vegadeyuco.com\/wp-content\/uploads\/2017\/01\/Yaiza-rosado.png"},{"@type":"BreadcrumbList","@id":"https:\/\/www.vegadeyuco.com\/fr\/vins-roses\/#breadcrumb","itemListElement":[{"@type":"ListItem","position":1,"name":"Portada","item":"https:\/\/www.vegadeyuco.com\/fr\/vega-de-yuco-cave-a-vin-a-lanzarote\/"},{"@type":"ListItem","position":2,"name":"Vins ros\u00e9s"}]},{"@type":"WebSite","@id":"https:\/\/www.vegadeyuco.com\/fr\/#website","url":"https:\/\/www.vegadeyuco.com\/fr\/","name":"Vega de Yuco","description":"Bodegas y Vi\u00f1edos Vega de Yuco en Lanzarote, una bodega tradicional Canaria que destila autenticidad e innovaci\u00f3n. ","publisher":{"@id":"https:\/\/www.vegadeyuco.com\/fr\/#organization"},"potentialAction":[{"@type":"SearchAction","target":{"@type":"EntryPoint","urlTemplate":"https:\/\/www.vegadeyuco.com\/fr\/?s={search_term_string}"},"query-input":{"@type":"PropertyValueSpecification","valueRequired":true,"valueName":"search_term_string"}}],"inLanguage":"fr-FR"},{"@type":"Organization","@id":"https:\/\/www.vegadeyuco.com\/fr\/#organization","name":"Bodegas Vega de Yuco","url":"https:\/\/www.vegadeyuco.com\/fr\/","logo":{"@type":"ImageObject","inLanguage":"fr-FR","@id":"https:\/\/www.vegadeyuco.com\/fr\/#\/schema\/logo\/image\/","url":"https:\/\/www.vegadeyuco.com\/wp-content\/uploads\/2020\/01\/LOGO_VEGADEYUCO_cabecera_pedidos.png","contentUrl":"https:\/\/www.vegadeyuco.com\/wp-content\/uploads\/2020\/01\/LOGO_VEGADEYUCO_cabecera_pedidos.png","width":250,"height":150,"caption":"Bodegas Vega de Yuco"},"image":{"@id":"https:\/\/www.vegadeyuco.com\/fr\/#\/schema\/logo\/image\/"},"sameAs":["https:\/\/www.facebook.com\/vegadeyuco","https:\/\/www.instagram.com\/vegadeyuco\/","https:\/\/www.youtube.com\/channel\/UCmDMkmxMCvbSXTLTAs3DM7A"]}]}},"post_mailing_queue_ids":[],"_links":{"self":[{"href":"https:\/\/www.vegadeyuco.com\/fr\/wp-json\/wp\/v2\/pages\/27041","targetHints":{"allow":["GET"]}}],"collection":[{"href":"https:\/\/www.vegadeyuco.com\/fr\/wp-json\/wp\/v2\/pages"}],"about":[{"href":"https:\/\/www.vegadeyuco.com\/fr\/wp-json\/wp\/v2\/types\/page"}],"author":[{"embeddable":true,"href":"https:\/\/www.vegadeyuco.com\/fr\/wp-json\/wp\/v2\/users\/1"}],"replies":[{"embeddable":true,"href":"https:\/\/www.vegadeyuco.com\/fr\/wp-json\/wp\/v2\/comments?post=27041"}],"version-history":[{"count":1,"href":"https:\/\/www.vegadeyuco.com\/fr\/wp-json\/wp\/v2\/pages\/27041\/revisions"}],"predecessor-version":[{"id":27042,"href":"https:\/\/www.vegadeyuco.com\/fr\/wp-json\/wp\/v2\/pages\/27041\/revisions\/27042"}],"wp:attachment":[{"href":"https:\/\/www.vegadeyuco.com\/fr\/wp-json\/wp\/v2\/media?parent=27041"}],"curies":[{"name":"wp","href":"https:\/\/api.w.org\/{rel}","templated":true}]}}