{"id":27044,"date":"2019-11-25T10:12:52","date_gmt":"2019-11-25T10:12:52","guid":{"rendered":"https:\/\/www.vegadeyuco.com\/vins-gara\/"},"modified":"2025-12-16T14:03:11","modified_gmt":"2025-12-16T14:03:11","slug":"vins-gara","status":"publish","type":"page","link":"https:\/\/www.vegadeyuco.com\/fr\/vins-gara\/","title":{"rendered":"Vins Gara"},"content":{"rendered":"\t\t<div data-elementor-type=\"wp-page\" data-elementor-id=\"27044\" class=\"elementor elementor-27044 elementor-2783\" data-elementor-post-type=\"page\">\n\t\t\t\t<div class=\"elementor-element elementor-element-5133a01 e-flex e-con-boxed e-con e-parent\" data-id=\"5133a01\" data-element_type=\"container\">\n\t\t\t\t\t<div class=\"e-con-inner\">\n\t\t<div class=\"elementor-element elementor-element-088fb8f e-con-full e-flex e-con e-child\" data-id=\"088fb8f\" data-element_type=\"container\">\n\t\t\t\t<div class=\"elementor-element elementor-element-ba2e71b elementor-widget elementor-widget-heading\" data-id=\"ba2e71b\" data-element_type=\"widget\" data-widget_type=\"heading.default\">\n\t\t\t\t<div class=\"elementor-widget-container\">\n\t\t\t\t\t<h1 class=\"elementor-heading-title elementor-size-default\">Vins Gara<\/h1>\t\t\t\t<\/div>\n\t\t\t\t<\/div>\n\t\t\t\t<div class=\"elementor-element elementor-element-3f4009d elementor-widget elementor-widget-text-editor\" data-id=\"3f4009d\" data-element_type=\"widget\" data-widget_type=\"text-editor.default\">\n\t\t\t\t<div class=\"elementor-widget-container\">\n\t\t\t\t\t\t\t\t\t<p><span class=\"descripcion-texto-largo-laptop\">GARA \u00e9tait la princesse du royaume de l&rsquo;eau et tomba amoureuse de Jonay, du royaume du feu. Gara et Jonay, l&rsquo;eau et le feu ; un amour impossible devenu r\u00e9alit\u00e9. <\/span><\/p><p>Les vins Gara sont le summum \u0153nologique de Vega de Yuco. Des vins qui distillent l&rsquo;essence m\u00eame de Lanzarote. Issus des meilleurs vignobles de l&rsquo;\u00eele et \u00e9labor\u00e9s de mani\u00e8re enti\u00e8rement artisanale. Ce sont des vins profonds, onctueux et longs en bouche ; des vins complexes mais d\u00e9licatement \u00e9quilibr\u00e9s qui raviront les palais les plus exigeants.   <\/p>\t\t\t\t\t\t\t\t<\/div>\n\t\t\t\t<\/div>\n\t\t\t\t<div class=\"elementor-element elementor-element-b64f808 elementor-widget elementor-widget-button\" data-id=\"b64f808\" data-element_type=\"widget\" data-widget_type=\"button.default\">\n\t\t\t\t<div class=\"elementor-widget-container\">\n\t\t\t\t\t\t\t\t\t<div class=\"elementor-button-wrapper\">\n\t\t\t\t\t<a class=\"elementor-button elementor-button-link elementor-size-sm\" href=\"#elementor-action%3Aaction%3Dlightbox%26settings%3DeyJ0eXBlIjoidmlkZW8iLCJ2aWRlb1R5cGUiOiJ5b3V0dWJlIiwidXJsIjoiaHR0cHM6XC9cL3d3dy55b3V0dWJlLmNvbVwvZW1iZWRcLzIzNmt4djlkb3A4P2ZlYXR1cmU9b2VtYmVkIn0%3D\">\n\t\t\t\t\t\t<span class=\"elementor-button-content-wrapper\">\n\t\t\t\t\t\t\t\t\t<span class=\"elementor-button-text\">Pr\u00e9sentation du vin Princesa Gara (ros\u00e9 et blanc)<\/span>\n\t\t\t\t\t<\/span>\n\t\t\t\t\t<\/a>\n\t\t\t\t<\/div>\n\t\t\t\t\t\t\t\t<\/div>\n\t\t\t\t<\/div>\n\t\t\t\t<\/div>\n\t\t<div class=\"elementor-element elementor-element-a95bc80 e-con-full e-flex e-con e-child\" data-id=\"a95bc80\" data-element_type=\"container\">\n\t\t\t\t<div class=\"elementor-element elementor-element-4f8a00e elementor-widget elementor-widget-image\" data-id=\"4f8a00e\" data-element_type=\"widget\" data-widget_type=\"image.default\">\n\t\t\t\t<div class=\"elementor-widget-container\">\n\t\t\t\t\t\t\t\t\t\t\t\t\t\t\t<img fetchpriority=\"high\" decoding=\"async\" width=\"1000\" height=\"1000\" src=\"https:\/\/www.vegadeyuco.com\/wp-content\/uploads\/2016\/11\/Gara-seco.png\" class=\"attachment-full size-full wp-image-27043\" alt=\"\" srcset=\"https:\/\/www.vegadeyuco.com\/wp-content\/uploads\/2016\/11\/Gara-seco.png 1000w, https:\/\/www.vegadeyuco.com\/wp-content\/uploads\/2016\/11\/Gara-seco-300x300.png 300w, https:\/\/www.vegadeyuco.com\/wp-content\/uploads\/2016\/11\/Gara-seco-150x150.png 150w, https:\/\/www.vegadeyuco.com\/wp-content\/uploads\/2016\/11\/Gara-seco-768x768.png 768w, https:\/\/www.vegadeyuco.com\/wp-content\/uploads\/2016\/11\/Gara-seco-100x100.png 100w\" sizes=\"(max-width: 1000px) 100vw, 1000px\" \/>\t\t\t\t\t\t\t\t\t\t\t\t\t\t\t<\/div>\n\t\t\t\t<\/div>\n\t\t\t\t<\/div>\n\t\t\t\t\t<\/div>\n\t\t\t\t<\/div>\n\t\t<div class=\"elementor-element elementor-element-f5a7d59 e-flex e-con-boxed e-con e-parent\" data-id=\"f5a7d59\" data-element_type=\"container\">\n\t\t\t\t\t<div class=\"e-con-inner\">\n\t\t<div class=\"elementor-element elementor-element-bb453e6 e-con-full e-flex e-con e-child\" data-id=\"bb453e6\" data-element_type=\"container\">\n\t\t\t\t<\/div>\n\t\t\t\t\t<\/div>\n\t\t\t\t<\/div>\n\t\t\t\t<section class=\"elementor-section elementor-top-section elementor-element elementor-element-5722e95 elementor-section-boxed elementor-section-height-default elementor-section-height-default\" data-id=\"5722e95\" data-element_type=\"section\">\n\t\t\t\t\t\t<div class=\"elementor-container elementor-column-gap-default\">\n\t\t\t\t\t<div class=\"elementor-column elementor-col-100 elementor-top-column elementor-element elementor-element-9bf56c0\" data-id=\"9bf56c0\" data-element_type=\"column\">\n\t\t\t<div class=\"elementor-widget-wrap elementor-element-populated\">\n\t\t\t\t\t\t<div class=\"elementor-element elementor-element-c5458e3 elementor-grid-3 elementor-grid-mobile-1 elementor-grid-tablet-3 elementor-products-grid elementor-wc-products elementor-widget elementor-widget-woocommerce-products\" data-id=\"c5458e3\" data-element_type=\"widget\" data-widget_type=\"woocommerce-products.default\">\n\t\t\t\t<div class=\"elementor-widget-container\">\n\t\t\t\t\t<div class=\"woocommerce columns-3 \"><ul class=\"products elementor-grid columns-3\">\n<li class=\"product type-product post-27426 status-publish first instock product_cat-non-categorise product_cat-rouge product_cat-can has-post-thumbnail shipping-taxable purchasable product-type-simple\">\n\t<a href=\"https:\/\/www.vegadeyuco.com\/fr\/producto\/gara-rouge\/\" class=\"woocommerce-LoopProduct-link woocommerce-loop-product__link\"><img decoding=\"async\" width=\"1000\" height=\"1000\" src=\"https:\/\/www.vegadeyuco.com\/wp-content\/uploads\/2016\/11\/Gara-tinto.png\" class=\"attachment-woocommerce_thumbnail size-woocommerce_thumbnail\" alt=\"Gara Rouge\" srcset=\"https:\/\/www.vegadeyuco.com\/wp-content\/uploads\/2016\/11\/Gara-tinto.png 1000w, https:\/\/www.vegadeyuco.com\/wp-content\/uploads\/2016\/11\/Gara-tinto-300x300.png 300w, https:\/\/www.vegadeyuco.com\/wp-content\/uploads\/2016\/11\/Gara-tinto-150x150.png 150w, https:\/\/www.vegadeyuco.com\/wp-content\/uploads\/2016\/11\/Gara-tinto-768x768.png 768w, https:\/\/www.vegadeyuco.com\/wp-content\/uploads\/2016\/11\/Gara-tinto-100x100.png 100w\" sizes=\"(max-width: 1000px) 100vw, 1000px\" \/><h2 class=\"woocommerce-loop-product__title\">Gara Rouge<\/h2><div class='remaining'> 52 pi\u00e8ces en stock<\/div>\n\t<span class=\"price\"><span class=\"woocommerce-Price-amount amount\"><bdi>23,00<span class=\"woocommerce-Price-currencySymbol\">&euro;<\/span><\/bdi><\/span><\/span>\n<\/a><a href=\"?add-to-cart=27426\" aria-describedby=\"woocommerce_loop_add_to_cart_link_describedby_27426\" data-quantity=\"1\" class=\"button product_type_simple add_to_cart_button ajax_add_to_cart\" data-product_id=\"27426\" data-product_sku=\"\" aria-label=\"Ajouter au panier\u00a0: &ldquo;Gara Rouge&rdquo;\" rel=\"nofollow\" data-success_message=\"\u00ab\u00a0Gara Rouge\u00a0\u00bb a \u00e9t\u00e9 ajout\u00e9 \u00e0 votre panier\">Ajouter au panier<\/a>\t<span id=\"woocommerce_loop_add_to_cart_link_describedby_27426\" class=\"screen-reader-text\">\n\t\t\t<\/span>\n\t\t\t<input type=\"hidden\" class=\"wpmProductId\" data-id=\"27426\">\n\t\t\t\t\t<script>\n\t\t\t(window.wpmDataLayer = window.wpmDataLayer || {}).products                = window.wpmDataLayer.products || {};\n\t\t\twindow.wpmDataLayer.products[27426] = {\"id\":\"27426\",\"sku\":\"\",\"price\":23,\"brand\":\"\",\"quantity\":1,\"dyn_r_ids\":{\"post_id\":\"27426\",\"sku\":27426,\"gpf\":\"woocommerce_gpf_27426\",\"gla\":\"gla_27426\"},\"is_variable\":false,\"type\":\"simple\",\"name\":\"Gara Rouge\",\"category\":[\"Non cat\u00e9goris\u00e9\",\"Rouge\",\"Seulement les Canaries\"],\"is_variation\":false};\n\t\t\t\t\twindow.pmw_product_position = window.pmw_product_position || 1;\n\t\twindow.wpmDataLayer.products[27426]['position'] = window.pmw_product_position++;\n\t\t\t\t<\/script>\n\t\t<\/li>\n<li class=\"product type-product post-27424 status-publish instock product_cat-blanc-sec product_cat-non-categorise product_cat-can has-post-thumbnail shipping-taxable purchasable product-type-simple\">\n\t<a href=\"https:\/\/www.vegadeyuco.com\/fr\/producto\/gara-blanc-sec\/\" class=\"woocommerce-LoopProduct-link woocommerce-loop-product__link\"><img decoding=\"async\" width=\"1000\" height=\"1000\" src=\"https:\/\/www.vegadeyuco.com\/wp-content\/uploads\/2016\/11\/Gara-seco.png\" class=\"attachment-woocommerce_thumbnail size-woocommerce_thumbnail\" alt=\"Gara Blanc Sec\" srcset=\"https:\/\/www.vegadeyuco.com\/wp-content\/uploads\/2016\/11\/Gara-seco.png 1000w, https:\/\/www.vegadeyuco.com\/wp-content\/uploads\/2016\/11\/Gara-seco-300x300.png 300w, https:\/\/www.vegadeyuco.com\/wp-content\/uploads\/2016\/11\/Gara-seco-150x150.png 150w, https:\/\/www.vegadeyuco.com\/wp-content\/uploads\/2016\/11\/Gara-seco-768x768.png 768w, https:\/\/www.vegadeyuco.com\/wp-content\/uploads\/2016\/11\/Gara-seco-100x100.png 100w\" sizes=\"(max-width: 1000px) 100vw, 1000px\" \/><h2 class=\"woocommerce-loop-product__title\">Gara Blanc Sec<\/h2><div class='remaining'> 49 pi\u00e8ces en stock<\/div>\n\t<span class=\"price\"><span class=\"woocommerce-Price-amount amount\"><bdi>23,00<span class=\"woocommerce-Price-currencySymbol\">&euro;<\/span><\/bdi><\/span><\/span>\n<\/a><a href=\"?add-to-cart=27424\" aria-describedby=\"woocommerce_loop_add_to_cart_link_describedby_27424\" data-quantity=\"1\" class=\"button product_type_simple add_to_cart_button ajax_add_to_cart\" data-product_id=\"27424\" data-product_sku=\"\" aria-label=\"Ajouter au panier\u00a0: &ldquo;Gara Blanc Sec&rdquo;\" rel=\"nofollow\" data-success_message=\"\u00ab\u00a0Gara Blanc Sec\u00a0\u00bb a \u00e9t\u00e9 ajout\u00e9 \u00e0 votre panier\">Ajouter au panier<\/a>\t<span id=\"woocommerce_loop_add_to_cart_link_describedby_27424\" class=\"screen-reader-text\">\n\t\t\t<\/span>\n\t\t\t<input type=\"hidden\" class=\"wpmProductId\" data-id=\"27424\">\n\t\t\t\t\t<script>\n\t\t\t(window.wpmDataLayer = window.wpmDataLayer || {}).products                = window.wpmDataLayer.products || {};\n\t\t\twindow.wpmDataLayer.products[27424] = {\"id\":\"27424\",\"sku\":\"\",\"price\":23,\"brand\":\"\",\"quantity\":1,\"dyn_r_ids\":{\"post_id\":\"27424\",\"sku\":27424,\"gpf\":\"woocommerce_gpf_27424\",\"gla\":\"gla_27424\"},\"is_variable\":false,\"type\":\"simple\",\"name\":\"Gara Blanc Sec\",\"category\":[\"Blanc Sec\",\"Non cat\u00e9goris\u00e9\",\"Seulement les Canaries\"],\"is_variation\":false};\n\t\t\t\t\twindow.pmw_product_position = window.pmw_product_position || 1;\n\t\twindow.wpmDataLayer.products[27424]['position'] = window.pmw_product_position++;\n\t\t\t\t<\/script>\n\t\t<\/li>\n<li class=\"product type-product post-27422 status-publish last instock product_cat-non-categorise product_cat-rose product_cat-can has-post-thumbnail shipping-taxable purchasable product-type-simple\">\n\t<a href=\"https:\/\/www.vegadeyuco.com\/fr\/producto\/gara-rose\/\" class=\"woocommerce-LoopProduct-link woocommerce-loop-product__link\"><img loading=\"lazy\" decoding=\"async\" width=\"1000\" height=\"1000\" src=\"https:\/\/www.vegadeyuco.com\/wp-content\/uploads\/2016\/11\/Gara-rosado-2.png\" class=\"attachment-woocommerce_thumbnail size-woocommerce_thumbnail\" alt=\"Gara Ros\u00e9\" srcset=\"https:\/\/www.vegadeyuco.com\/wp-content\/uploads\/2016\/11\/Gara-rosado-2.png 1000w, https:\/\/www.vegadeyuco.com\/wp-content\/uploads\/2016\/11\/Gara-rosado-2-300x300.png 300w, https:\/\/www.vegadeyuco.com\/wp-content\/uploads\/2016\/11\/Gara-rosado-2-150x150.png 150w, https:\/\/www.vegadeyuco.com\/wp-content\/uploads\/2016\/11\/Gara-rosado-2-768x768.png 768w, https:\/\/www.vegadeyuco.com\/wp-content\/uploads\/2016\/11\/Gara-rosado-2-100x100.png 100w\" sizes=\"(max-width: 1000px) 100vw, 1000px\" \/><h2 class=\"woocommerce-loop-product__title\">Gara Ros\u00e9<\/h2><div class='remaining'> 52 pi\u00e8ces en stock<\/div>\n\t<span class=\"price\"><span class=\"woocommerce-Price-amount amount\"><bdi>23,00<span class=\"woocommerce-Price-currencySymbol\">&euro;<\/span><\/bdi><\/span><\/span>\n<\/a><a href=\"?add-to-cart=27422\" aria-describedby=\"woocommerce_loop_add_to_cart_link_describedby_27422\" data-quantity=\"1\" class=\"button product_type_simple add_to_cart_button ajax_add_to_cart\" data-product_id=\"27422\" data-product_sku=\"\" aria-label=\"Ajouter au panier\u00a0: &ldquo;Gara Ros\u00e9&rdquo;\" rel=\"nofollow\" data-success_message=\"\u00ab\u00a0Gara Ros\u00e9\u00a0\u00bb a \u00e9t\u00e9 ajout\u00e9 \u00e0 votre panier\">Ajouter au panier<\/a>\t<span id=\"woocommerce_loop_add_to_cart_link_describedby_27422\" class=\"screen-reader-text\">\n\t\t\t<\/span>\n\t\t\t<input type=\"hidden\" class=\"wpmProductId\" data-id=\"27422\">\n\t\t\t\t\t<script>\n\t\t\t(window.wpmDataLayer = window.wpmDataLayer || {}).products                = window.wpmDataLayer.products || {};\n\t\t\twindow.wpmDataLayer.products[27422] = {\"id\":\"27422\",\"sku\":\"\",\"price\":23,\"brand\":\"\",\"quantity\":1,\"dyn_r_ids\":{\"post_id\":\"27422\",\"sku\":27422,\"gpf\":\"woocommerce_gpf_27422\",\"gla\":\"gla_27422\"},\"is_variable\":false,\"type\":\"simple\",\"name\":\"Gara Ros\u00e9\",\"category\":[\"Non cat\u00e9goris\u00e9\",\"Ros\u00e9\",\"Seulement les Canaries\"],\"is_variation\":false};\n\t\t\t\t\twindow.pmw_product_position = window.pmw_product_position || 1;\n\t\twindow.wpmDataLayer.products[27422]['position'] = window.pmw_product_position++;\n\t\t\t\t<\/script>\n\t\t<\/li>\n<\/ul>\n<\/div>\t\t\t\t<\/div>\n\t\t\t\t<\/div>\n\t\t\t\t\t<\/div>\n\t\t<\/div>\n\t\t\t\t\t<\/div>\n\t\t<\/section>\n\t\t\t\t<\/div>\n\t\t","protected":false},"excerpt":{"rendered":"<p>Vins Gara GARA \u00e9tait la princesse du royaume de l&rsquo;eau et tomba amoureuse de Jonay, du royaume du feu. Gara et Jonay, l&rsquo;eau et le feu ; un amour impossible devenu r\u00e9alit\u00e9. Les vins Gara sont le summum \u0153nologique de Vega de Yuco. Des vins qui distillent l&rsquo;essence m\u00eame de Lanzarote. Issus des meilleurs vignobles [&hellip;]<\/p>\n","protected":false},"author":1,"featured_media":0,"parent":0,"menu_order":0,"comment_status":"closed","ping_status":"closed","template":"","meta":{"footnotes":""},"class_list":["post-27044","page","type-page","status-publish","hentry"],"yoast_head":"<!-- This site is optimized with the Yoast SEO plugin v26.8 - https:\/\/yoast.com\/product\/yoast-seo-wordpress\/ -->\n<title>Vins Gara &#8226; Vega de Yuco<\/title>\n<meta name=\"description\" content=\"Les vins Gara distillent l&#039;essence m\u00eame de Lanzarote. Des vins complexes mais d\u00e9licatement \u00e9quilibr\u00e9s qui raviront tous les palais.\" \/>\n<meta name=\"robots\" content=\"index, follow, max-snippet:-1, max-image-preview:large, max-video-preview:-1\" \/>\n<link rel=\"canonical\" href=\"https:\/\/www.vegadeyuco.com\/fr\/vins-gara\/\" \/>\n<meta property=\"og:locale\" content=\"fr_FR\" \/>\n<meta property=\"og:type\" content=\"article\" \/>\n<meta property=\"og:title\" content=\"Vins Gara &#8226; Vega de Yuco\" \/>\n<meta property=\"og:description\" content=\"Les vins Gara distillent l&#039;essence m\u00eame de Lanzarote. Des vins complexes mais d\u00e9licatement \u00e9quilibr\u00e9s qui raviront tous les palais.\" \/>\n<meta property=\"og:url\" content=\"https:\/\/www.vegadeyuco.com\/fr\/vins-gara\/\" \/>\n<meta property=\"og:site_name\" content=\"Vega de Yuco\" \/>\n<meta property=\"article:publisher\" content=\"https:\/\/www.facebook.com\/vegadeyuco\" \/>\n<meta property=\"article:modified_time\" content=\"2025-12-16T14:03:11+00:00\" \/>\n<meta property=\"og:image\" content=\"https:\/\/www.vegadeyuco.com\/wp-content\/uploads\/2016\/11\/Gara-seco.png\" \/>\n<meta name=\"twitter:card\" content=\"summary_large_image\" \/>\n<meta name=\"twitter:label1\" content=\"Dur\u00e9e de lecture estim\u00e9e\" \/>\n\t<meta name=\"twitter:data1\" content=\"1 minute\" \/>\n<script type=\"application\/ld+json\" class=\"yoast-schema-graph\">{\"@context\":\"https:\/\/schema.org\",\"@graph\":[{\"@type\":\"WebPage\",\"@id\":\"https:\/\/www.vegadeyuco.com\/fr\/vins-gara\/\",\"url\":\"https:\/\/www.vegadeyuco.com\/fr\/vins-gara\/\",\"name\":\"Vins Gara &#8226; Vega de Yuco\",\"isPartOf\":{\"@id\":\"https:\/\/www.vegadeyuco.com\/fr\/#website\"},\"primaryImageOfPage\":{\"@id\":\"https:\/\/www.vegadeyuco.com\/fr\/vins-gara\/#primaryimage\"},\"image\":{\"@id\":\"https:\/\/www.vegadeyuco.com\/fr\/vins-gara\/#primaryimage\"},\"thumbnailUrl\":\"https:\/\/www.vegadeyuco.com\/wp-content\/uploads\/2016\/11\/Gara-seco.png\",\"datePublished\":\"2019-11-25T10:12:52+00:00\",\"dateModified\":\"2025-12-16T14:03:11+00:00\",\"description\":\"Les vins Gara distillent l'essence m\u00eame de Lanzarote. Des vins complexes mais d\u00e9licatement \u00e9quilibr\u00e9s qui raviront tous les palais.\",\"breadcrumb\":{\"@id\":\"https:\/\/www.vegadeyuco.com\/fr\/vins-gara\/#breadcrumb\"},\"inLanguage\":\"fr-FR\",\"potentialAction\":[{\"@type\":\"ReadAction\",\"target\":[\"https:\/\/www.vegadeyuco.com\/fr\/vins-gara\/\"]}]},{\"@type\":\"ImageObject\",\"inLanguage\":\"fr-FR\",\"@id\":\"https:\/\/www.vegadeyuco.com\/fr\/vins-gara\/#primaryimage\",\"url\":\"https:\/\/www.vegadeyuco.com\/wp-content\/uploads\/2016\/11\/Gara-seco.png\",\"contentUrl\":\"https:\/\/www.vegadeyuco.com\/wp-content\/uploads\/2016\/11\/Gara-seco.png\"},{\"@type\":\"BreadcrumbList\",\"@id\":\"https:\/\/www.vegadeyuco.com\/fr\/vins-gara\/#breadcrumb\",\"itemListElement\":[{\"@type\":\"ListItem\",\"position\":1,\"name\":\"Portada\",\"item\":\"https:\/\/www.vegadeyuco.com\/fr\/vega-de-yuco-cave-a-vin-a-lanzarote\/\"},{\"@type\":\"ListItem\",\"position\":2,\"name\":\"Vins Gara\"}]},{\"@type\":\"WebSite\",\"@id\":\"https:\/\/www.vegadeyuco.com\/fr\/#website\",\"url\":\"https:\/\/www.vegadeyuco.com\/fr\/\",\"name\":\"Vega de Yuco\",\"description\":\"Bodegas y Vi\u00f1edos Vega de Yuco en Lanzarote, una bodega tradicional Canaria que destila autenticidad e innovaci\u00f3n. \",\"publisher\":{\"@id\":\"https:\/\/www.vegadeyuco.com\/fr\/#organization\"},\"potentialAction\":[{\"@type\":\"SearchAction\",\"target\":{\"@type\":\"EntryPoint\",\"urlTemplate\":\"https:\/\/www.vegadeyuco.com\/fr\/?s={search_term_string}\"},\"query-input\":{\"@type\":\"PropertyValueSpecification\",\"valueRequired\":true,\"valueName\":\"search_term_string\"}}],\"inLanguage\":\"fr-FR\"},{\"@type\":\"Organization\",\"@id\":\"https:\/\/www.vegadeyuco.com\/fr\/#organization\",\"name\":\"Bodegas Vega de Yuco\",\"url\":\"https:\/\/www.vegadeyuco.com\/fr\/\",\"logo\":{\"@type\":\"ImageObject\",\"inLanguage\":\"fr-FR\",\"@id\":\"https:\/\/www.vegadeyuco.com\/fr\/#\/schema\/logo\/image\/\",\"url\":\"https:\/\/www.vegadeyuco.com\/wp-content\/uploads\/2020\/01\/LOGO_VEGADEYUCO_cabecera_pedidos.png\",\"contentUrl\":\"https:\/\/www.vegadeyuco.com\/wp-content\/uploads\/2020\/01\/LOGO_VEGADEYUCO_cabecera_pedidos.png\",\"width\":250,\"height\":150,\"caption\":\"Bodegas Vega de Yuco\"},\"image\":{\"@id\":\"https:\/\/www.vegadeyuco.com\/fr\/#\/schema\/logo\/image\/\"},\"sameAs\":[\"https:\/\/www.facebook.com\/vegadeyuco\",\"https:\/\/www.instagram.com\/vegadeyuco\/\",\"https:\/\/www.youtube.com\/channel\/UCmDMkmxMCvbSXTLTAs3DM7A\"]}]}<\/script>\n<!-- \/ Yoast SEO plugin. -->","yoast_head_json":{"title":"Vins Gara &#8226; Vega de Yuco","description":"Les vins Gara distillent l'essence m\u00eame de Lanzarote. Des vins complexes mais d\u00e9licatement \u00e9quilibr\u00e9s qui raviront tous les palais.","robots":{"index":"index","follow":"follow","max-snippet":"max-snippet:-1","max-image-preview":"max-image-preview:large","max-video-preview":"max-video-preview:-1"},"canonical":"https:\/\/www.vegadeyuco.com\/fr\/vins-gara\/","og_locale":"fr_FR","og_type":"article","og_title":"Vins Gara &#8226; Vega de Yuco","og_description":"Les vins Gara distillent l'essence m\u00eame de Lanzarote. Des vins complexes mais d\u00e9licatement \u00e9quilibr\u00e9s qui raviront tous les palais.","og_url":"https:\/\/www.vegadeyuco.com\/fr\/vins-gara\/","og_site_name":"Vega de Yuco","article_publisher":"https:\/\/www.facebook.com\/vegadeyuco","article_modified_time":"2025-12-16T14:03:11+00:00","og_image":[{"url":"https:\/\/www.vegadeyuco.com\/wp-content\/uploads\/2016\/11\/Gara-seco.png","type":"","width":"","height":""}],"twitter_card":"summary_large_image","twitter_misc":{"Dur\u00e9e de lecture estim\u00e9e":"1 minute"},"schema":{"@context":"https:\/\/schema.org","@graph":[{"@type":"WebPage","@id":"https:\/\/www.vegadeyuco.com\/fr\/vins-gara\/","url":"https:\/\/www.vegadeyuco.com\/fr\/vins-gara\/","name":"Vins Gara &#8226; Vega de Yuco","isPartOf":{"@id":"https:\/\/www.vegadeyuco.com\/fr\/#website"},"primaryImageOfPage":{"@id":"https:\/\/www.vegadeyuco.com\/fr\/vins-gara\/#primaryimage"},"image":{"@id":"https:\/\/www.vegadeyuco.com\/fr\/vins-gara\/#primaryimage"},"thumbnailUrl":"https:\/\/www.vegadeyuco.com\/wp-content\/uploads\/2016\/11\/Gara-seco.png","datePublished":"2019-11-25T10:12:52+00:00","dateModified":"2025-12-16T14:03:11+00:00","description":"Les vins Gara distillent l'essence m\u00eame de Lanzarote. Des vins complexes mais d\u00e9licatement \u00e9quilibr\u00e9s qui raviront tous les palais.","breadcrumb":{"@id":"https:\/\/www.vegadeyuco.com\/fr\/vins-gara\/#breadcrumb"},"inLanguage":"fr-FR","potentialAction":[{"@type":"ReadAction","target":["https:\/\/www.vegadeyuco.com\/fr\/vins-gara\/"]}]},{"@type":"ImageObject","inLanguage":"fr-FR","@id":"https:\/\/www.vegadeyuco.com\/fr\/vins-gara\/#primaryimage","url":"https:\/\/www.vegadeyuco.com\/wp-content\/uploads\/2016\/11\/Gara-seco.png","contentUrl":"https:\/\/www.vegadeyuco.com\/wp-content\/uploads\/2016\/11\/Gara-seco.png"},{"@type":"BreadcrumbList","@id":"https:\/\/www.vegadeyuco.com\/fr\/vins-gara\/#breadcrumb","itemListElement":[{"@type":"ListItem","position":1,"name":"Portada","item":"https:\/\/www.vegadeyuco.com\/fr\/vega-de-yuco-cave-a-vin-a-lanzarote\/"},{"@type":"ListItem","position":2,"name":"Vins Gara"}]},{"@type":"WebSite","@id":"https:\/\/www.vegadeyuco.com\/fr\/#website","url":"https:\/\/www.vegadeyuco.com\/fr\/","name":"Vega de Yuco","description":"Bodegas y Vi\u00f1edos Vega de Yuco en Lanzarote, una bodega tradicional Canaria que destila autenticidad e innovaci\u00f3n. ","publisher":{"@id":"https:\/\/www.vegadeyuco.com\/fr\/#organization"},"potentialAction":[{"@type":"SearchAction","target":{"@type":"EntryPoint","urlTemplate":"https:\/\/www.vegadeyuco.com\/fr\/?s={search_term_string}"},"query-input":{"@type":"PropertyValueSpecification","valueRequired":true,"valueName":"search_term_string"}}],"inLanguage":"fr-FR"},{"@type":"Organization","@id":"https:\/\/www.vegadeyuco.com\/fr\/#organization","name":"Bodegas Vega de Yuco","url":"https:\/\/www.vegadeyuco.com\/fr\/","logo":{"@type":"ImageObject","inLanguage":"fr-FR","@id":"https:\/\/www.vegadeyuco.com\/fr\/#\/schema\/logo\/image\/","url":"https:\/\/www.vegadeyuco.com\/wp-content\/uploads\/2020\/01\/LOGO_VEGADEYUCO_cabecera_pedidos.png","contentUrl":"https:\/\/www.vegadeyuco.com\/wp-content\/uploads\/2020\/01\/LOGO_VEGADEYUCO_cabecera_pedidos.png","width":250,"height":150,"caption":"Bodegas Vega de Yuco"},"image":{"@id":"https:\/\/www.vegadeyuco.com\/fr\/#\/schema\/logo\/image\/"},"sameAs":["https:\/\/www.facebook.com\/vegadeyuco","https:\/\/www.instagram.com\/vegadeyuco\/","https:\/\/www.youtube.com\/channel\/UCmDMkmxMCvbSXTLTAs3DM7A"]}]}},"post_mailing_queue_ids":[],"_links":{"self":[{"href":"https:\/\/www.vegadeyuco.com\/fr\/wp-json\/wp\/v2\/pages\/27044","targetHints":{"allow":["GET"]}}],"collection":[{"href":"https:\/\/www.vegadeyuco.com\/fr\/wp-json\/wp\/v2\/pages"}],"about":[{"href":"https:\/\/www.vegadeyuco.com\/fr\/wp-json\/wp\/v2\/types\/page"}],"author":[{"embeddable":true,"href":"https:\/\/www.vegadeyuco.com\/fr\/wp-json\/wp\/v2\/users\/1"}],"replies":[{"embeddable":true,"href":"https:\/\/www.vegadeyuco.com\/fr\/wp-json\/wp\/v2\/comments?post=27044"}],"version-history":[{"count":1,"href":"https:\/\/www.vegadeyuco.com\/fr\/wp-json\/wp\/v2\/pages\/27044\/revisions"}],"predecessor-version":[{"id":27045,"href":"https:\/\/www.vegadeyuco.com\/fr\/wp-json\/wp\/v2\/pages\/27044\/revisions\/27045"}],"wp:attachment":[{"href":"https:\/\/www.vegadeyuco.com\/fr\/wp-json\/wp\/v2\/media?parent=27044"}],"curies":[{"name":"wp","href":"https:\/\/api.w.org\/{rel}","templated":true}]}}