{"id":27047,"date":"2019-11-25T19:49:33","date_gmt":"2019-11-25T19:49:33","guid":{"rendered":"https:\/\/www.vegadeyuco.com\/vins-famara\/"},"modified":"2025-12-16T14:04:33","modified_gmt":"2025-12-16T14:04:33","slug":"vins-famara","status":"publish","type":"page","link":"https:\/\/www.vegadeyuco.com\/fr\/vins-famara\/","title":{"rendered":"Vins Famara"},"content":{"rendered":"\t\t<div data-elementor-type=\"wp-page\" data-elementor-id=\"27047\" class=\"elementor elementor-27047 elementor-2815\" data-elementor-post-type=\"page\">\n\t\t\t\t<div class=\"elementor-element elementor-element-7364931 e-flex e-con-boxed e-con e-parent\" data-id=\"7364931\" data-element_type=\"container\">\n\t\t\t\t\t<div class=\"e-con-inner\">\n\t\t<div class=\"elementor-element elementor-element-bed3937 e-con-full e-flex e-con e-child\" data-id=\"bed3937\" data-element_type=\"container\">\n\t\t\t\t<div class=\"elementor-element elementor-element-c2b6e95 elementor-widget elementor-widget-heading\" data-id=\"c2b6e95\" data-element_type=\"widget\" data-widget_type=\"heading.default\">\n\t\t\t\t<div class=\"elementor-widget-container\">\n\t\t\t\t\t<h1 class=\"elementor-heading-title elementor-size-default\">Vins Famara<\/h1>\t\t\t\t<\/div>\n\t\t\t\t<\/div>\n\t\t\t\t<div class=\"elementor-element elementor-element-c4c6405 elementor-widget elementor-widget-text-editor\" data-id=\"c4c6405\" data-element_type=\"widget\" data-widget_type=\"text-editor.default\">\n\t\t\t\t<div class=\"elementor-widget-container\">\n\t\t\t\t\t\t\t\t\t<p>FAMARA est la localit\u00e9 c\u00f4ti\u00e8re de Lanzarote o\u00f9, \u00e0 c\u00f4t\u00e9 de ses plages, s&rsquo;\u00e9l\u00e8vent de puissantes falaises qui d\u00e9fient le vent. Le vin qui porte son nom fait r\u00e9f\u00e9rence \u00e0 cette union de contrastes. Le vin Famara est un vin jeune et frais, id\u00e9al pour toutes les occasions, parfait \u00e0 partager, m\u00eame pour le d\u00e9guster en pleine nature.  <\/p>\t\t\t\t\t\t\t\t<\/div>\n\t\t\t\t<\/div>\n\t\t\t\t<\/div>\n\t\t<div class=\"elementor-element elementor-element-cffdce1 e-con-full e-flex e-con e-child\" data-id=\"cffdce1\" data-element_type=\"container\">\n\t\t\t\t<div class=\"elementor-element elementor-element-244d7b2 elementor-widget elementor-widget-image\" data-id=\"244d7b2\" data-element_type=\"widget\" data-widget_type=\"image.default\">\n\t\t\t\t<div class=\"elementor-widget-container\">\n\t\t\t\t\t\t\t\t\t\t\t\t\t\t\t<img fetchpriority=\"high\" decoding=\"async\" width=\"1000\" height=\"1000\" src=\"https:\/\/www.vegadeyuco.com\/wp-content\/uploads\/2019\/11\/Famara-rosado.png\" class=\"attachment-full size-full wp-image-27046\" alt=\"\" srcset=\"https:\/\/www.vegadeyuco.com\/wp-content\/uploads\/2019\/11\/Famara-rosado.png 1000w, https:\/\/www.vegadeyuco.com\/wp-content\/uploads\/2019\/11\/Famara-rosado-300x300.png 300w, https:\/\/www.vegadeyuco.com\/wp-content\/uploads\/2019\/11\/Famara-rosado-150x150.png 150w, https:\/\/www.vegadeyuco.com\/wp-content\/uploads\/2019\/11\/Famara-rosado-768x768.png 768w, https:\/\/www.vegadeyuco.com\/wp-content\/uploads\/2019\/11\/Famara-rosado-100x100.png 100w\" sizes=\"(max-width: 1000px) 100vw, 1000px\" \/>\t\t\t\t\t\t\t\t\t\t\t\t\t\t\t<\/div>\n\t\t\t\t<\/div>\n\t\t\t\t<\/div>\n\t\t\t\t\t<\/div>\n\t\t\t\t<\/div>\n\t\t<div class=\"elementor-element elementor-element-24de1b3 e-flex e-con-boxed e-con e-parent\" data-id=\"24de1b3\" data-element_type=\"container\">\n\t\t\t\t\t<div class=\"e-con-inner\">\n\t\t<div class=\"elementor-element elementor-element-8b89dfe e-con-full e-flex e-con e-child\" data-id=\"8b89dfe\" data-element_type=\"container\">\n\t\t\t\t<\/div>\n\t\t\t\t\t<\/div>\n\t\t\t\t<\/div>\n\t\t\t\t<\/div>\n\t\t","protected":false},"excerpt":{"rendered":"<p>Vins Famara FAMARA est la localit\u00e9 c\u00f4ti\u00e8re de Lanzarote o\u00f9, \u00e0 c\u00f4t\u00e9 de ses plages, s&rsquo;\u00e9l\u00e8vent de puissantes falaises qui d\u00e9fient le vent. Le vin qui porte son nom fait r\u00e9f\u00e9rence \u00e0 cette union de contrastes. Le vin Famara est un vin jeune et frais, id\u00e9al pour toutes les occasions, parfait \u00e0 partager, m\u00eame pour [&hellip;]<\/p>\n","protected":false},"author":1,"featured_media":0,"parent":0,"menu_order":0,"comment_status":"closed","ping_status":"closed","template":"","meta":{"footnotes":""},"class_list":["post-27047","page","type-page","status-publish","hentry"],"yoast_head":"<!-- This site is optimized with the Yoast SEO plugin v26.8 - https:\/\/yoast.com\/product\/yoast-seo-wordpress\/ -->\n<title>Vins Famara &#8226; Vega de Yuco<\/title>\n<meta name=\"description\" content=\"Famara est un vin jeune et frais, id\u00e9al pour toutes les occasions, parfait \u00e0 partager, m\u00eame pour le d\u00e9guster en pleine nature.\" \/>\n<meta name=\"robots\" content=\"index, follow, max-snippet:-1, max-image-preview:large, max-video-preview:-1\" \/>\n<link rel=\"canonical\" href=\"https:\/\/www.vegadeyuco.com\/fr\/vins-famara\/\" \/>\n<meta property=\"og:locale\" content=\"fr_FR\" \/>\n<meta property=\"og:type\" content=\"article\" \/>\n<meta property=\"og:title\" content=\"Vins Famara &#8226; Vega de Yuco\" \/>\n<meta property=\"og:description\" content=\"Famara est un vin jeune et frais, id\u00e9al pour toutes les occasions, parfait \u00e0 partager, m\u00eame pour le d\u00e9guster en pleine nature.\" \/>\n<meta property=\"og:url\" content=\"https:\/\/www.vegadeyuco.com\/fr\/vins-famara\/\" \/>\n<meta property=\"og:site_name\" content=\"Vega de Yuco\" \/>\n<meta property=\"article:publisher\" content=\"https:\/\/www.facebook.com\/vegadeyuco\" \/>\n<meta property=\"article:modified_time\" content=\"2025-12-16T14:04:33+00:00\" \/>\n<meta property=\"og:image\" content=\"https:\/\/www.vegadeyuco.com\/wp-content\/uploads\/2019\/11\/Famara-rosado.png\" \/>\n<meta name=\"twitter:card\" content=\"summary_large_image\" \/>\n<script type=\"application\/ld+json\" class=\"yoast-schema-graph\">{\"@context\":\"https:\/\/schema.org\",\"@graph\":[{\"@type\":\"WebPage\",\"@id\":\"https:\/\/www.vegadeyuco.com\/fr\/vins-famara\/\",\"url\":\"https:\/\/www.vegadeyuco.com\/fr\/vins-famara\/\",\"name\":\"Vins Famara &#8226; Vega de Yuco\",\"isPartOf\":{\"@id\":\"https:\/\/www.vegadeyuco.com\/fr\/#website\"},\"primaryImageOfPage\":{\"@id\":\"https:\/\/www.vegadeyuco.com\/fr\/vins-famara\/#primaryimage\"},\"image\":{\"@id\":\"https:\/\/www.vegadeyuco.com\/fr\/vins-famara\/#primaryimage\"},\"thumbnailUrl\":\"https:\/\/www.vegadeyuco.com\/wp-content\/uploads\/2019\/11\/Famara-rosado.png\",\"datePublished\":\"2019-11-25T19:49:33+00:00\",\"dateModified\":\"2025-12-16T14:04:33+00:00\",\"description\":\"Famara est un vin jeune et frais, id\u00e9al pour toutes les occasions, parfait \u00e0 partager, m\u00eame pour le d\u00e9guster en pleine nature.\",\"breadcrumb\":{\"@id\":\"https:\/\/www.vegadeyuco.com\/fr\/vins-famara\/#breadcrumb\"},\"inLanguage\":\"fr-FR\",\"potentialAction\":[{\"@type\":\"ReadAction\",\"target\":[\"https:\/\/www.vegadeyuco.com\/fr\/vins-famara\/\"]}]},{\"@type\":\"ImageObject\",\"inLanguage\":\"fr-FR\",\"@id\":\"https:\/\/www.vegadeyuco.com\/fr\/vins-famara\/#primaryimage\",\"url\":\"https:\/\/www.vegadeyuco.com\/wp-content\/uploads\/2019\/11\/Famara-rosado.png\",\"contentUrl\":\"https:\/\/www.vegadeyuco.com\/wp-content\/uploads\/2019\/11\/Famara-rosado.png\"},{\"@type\":\"BreadcrumbList\",\"@id\":\"https:\/\/www.vegadeyuco.com\/fr\/vins-famara\/#breadcrumb\",\"itemListElement\":[{\"@type\":\"ListItem\",\"position\":1,\"name\":\"Portada\",\"item\":\"https:\/\/www.vegadeyuco.com\/fr\/vega-de-yuco-cave-a-vin-a-lanzarote\/\"},{\"@type\":\"ListItem\",\"position\":2,\"name\":\"Vins Famara\"}]},{\"@type\":\"WebSite\",\"@id\":\"https:\/\/www.vegadeyuco.com\/fr\/#website\",\"url\":\"https:\/\/www.vegadeyuco.com\/fr\/\",\"name\":\"Vega de Yuco\",\"description\":\"Bodegas y Vi\u00f1edos Vega de Yuco en Lanzarote, una bodega tradicional Canaria que destila autenticidad e innovaci\u00f3n. \",\"publisher\":{\"@id\":\"https:\/\/www.vegadeyuco.com\/fr\/#organization\"},\"potentialAction\":[{\"@type\":\"SearchAction\",\"target\":{\"@type\":\"EntryPoint\",\"urlTemplate\":\"https:\/\/www.vegadeyuco.com\/fr\/?s={search_term_string}\"},\"query-input\":{\"@type\":\"PropertyValueSpecification\",\"valueRequired\":true,\"valueName\":\"search_term_string\"}}],\"inLanguage\":\"fr-FR\"},{\"@type\":\"Organization\",\"@id\":\"https:\/\/www.vegadeyuco.com\/fr\/#organization\",\"name\":\"Bodegas Vega de Yuco\",\"url\":\"https:\/\/www.vegadeyuco.com\/fr\/\",\"logo\":{\"@type\":\"ImageObject\",\"inLanguage\":\"fr-FR\",\"@id\":\"https:\/\/www.vegadeyuco.com\/fr\/#\/schema\/logo\/image\/\",\"url\":\"https:\/\/www.vegadeyuco.com\/wp-content\/uploads\/2020\/01\/LOGO_VEGADEYUCO_cabecera_pedidos.png\",\"contentUrl\":\"https:\/\/www.vegadeyuco.com\/wp-content\/uploads\/2020\/01\/LOGO_VEGADEYUCO_cabecera_pedidos.png\",\"width\":250,\"height\":150,\"caption\":\"Bodegas Vega de Yuco\"},\"image\":{\"@id\":\"https:\/\/www.vegadeyuco.com\/fr\/#\/schema\/logo\/image\/\"},\"sameAs\":[\"https:\/\/www.facebook.com\/vegadeyuco\",\"https:\/\/www.instagram.com\/vegadeyuco\/\",\"https:\/\/www.youtube.com\/channel\/UCmDMkmxMCvbSXTLTAs3DM7A\"]}]}<\/script>\n<!-- \/ Yoast SEO plugin. -->","yoast_head_json":{"title":"Vins Famara &#8226; Vega de Yuco","description":"Famara est un vin jeune et frais, id\u00e9al pour toutes les occasions, parfait \u00e0 partager, m\u00eame pour le d\u00e9guster en pleine nature.","robots":{"index":"index","follow":"follow","max-snippet":"max-snippet:-1","max-image-preview":"max-image-preview:large","max-video-preview":"max-video-preview:-1"},"canonical":"https:\/\/www.vegadeyuco.com\/fr\/vins-famara\/","og_locale":"fr_FR","og_type":"article","og_title":"Vins Famara &#8226; Vega de Yuco","og_description":"Famara est un vin jeune et frais, id\u00e9al pour toutes les occasions, parfait \u00e0 partager, m\u00eame pour le d\u00e9guster en pleine nature.","og_url":"https:\/\/www.vegadeyuco.com\/fr\/vins-famara\/","og_site_name":"Vega de Yuco","article_publisher":"https:\/\/www.facebook.com\/vegadeyuco","article_modified_time":"2025-12-16T14:04:33+00:00","og_image":[{"url":"https:\/\/www.vegadeyuco.com\/wp-content\/uploads\/2019\/11\/Famara-rosado.png","type":"","width":"","height":""}],"twitter_card":"summary_large_image","schema":{"@context":"https:\/\/schema.org","@graph":[{"@type":"WebPage","@id":"https:\/\/www.vegadeyuco.com\/fr\/vins-famara\/","url":"https:\/\/www.vegadeyuco.com\/fr\/vins-famara\/","name":"Vins Famara &#8226; Vega de Yuco","isPartOf":{"@id":"https:\/\/www.vegadeyuco.com\/fr\/#website"},"primaryImageOfPage":{"@id":"https:\/\/www.vegadeyuco.com\/fr\/vins-famara\/#primaryimage"},"image":{"@id":"https:\/\/www.vegadeyuco.com\/fr\/vins-famara\/#primaryimage"},"thumbnailUrl":"https:\/\/www.vegadeyuco.com\/wp-content\/uploads\/2019\/11\/Famara-rosado.png","datePublished":"2019-11-25T19:49:33+00:00","dateModified":"2025-12-16T14:04:33+00:00","description":"Famara est un vin jeune et frais, id\u00e9al pour toutes les occasions, parfait \u00e0 partager, m\u00eame pour le d\u00e9guster en pleine nature.","breadcrumb":{"@id":"https:\/\/www.vegadeyuco.com\/fr\/vins-famara\/#breadcrumb"},"inLanguage":"fr-FR","potentialAction":[{"@type":"ReadAction","target":["https:\/\/www.vegadeyuco.com\/fr\/vins-famara\/"]}]},{"@type":"ImageObject","inLanguage":"fr-FR","@id":"https:\/\/www.vegadeyuco.com\/fr\/vins-famara\/#primaryimage","url":"https:\/\/www.vegadeyuco.com\/wp-content\/uploads\/2019\/11\/Famara-rosado.png","contentUrl":"https:\/\/www.vegadeyuco.com\/wp-content\/uploads\/2019\/11\/Famara-rosado.png"},{"@type":"BreadcrumbList","@id":"https:\/\/www.vegadeyuco.com\/fr\/vins-famara\/#breadcrumb","itemListElement":[{"@type":"ListItem","position":1,"name":"Portada","item":"https:\/\/www.vegadeyuco.com\/fr\/vega-de-yuco-cave-a-vin-a-lanzarote\/"},{"@type":"ListItem","position":2,"name":"Vins Famara"}]},{"@type":"WebSite","@id":"https:\/\/www.vegadeyuco.com\/fr\/#website","url":"https:\/\/www.vegadeyuco.com\/fr\/","name":"Vega de Yuco","description":"Bodegas y Vi\u00f1edos Vega de Yuco en Lanzarote, una bodega tradicional Canaria que destila autenticidad e innovaci\u00f3n. ","publisher":{"@id":"https:\/\/www.vegadeyuco.com\/fr\/#organization"},"potentialAction":[{"@type":"SearchAction","target":{"@type":"EntryPoint","urlTemplate":"https:\/\/www.vegadeyuco.com\/fr\/?s={search_term_string}"},"query-input":{"@type":"PropertyValueSpecification","valueRequired":true,"valueName":"search_term_string"}}],"inLanguage":"fr-FR"},{"@type":"Organization","@id":"https:\/\/www.vegadeyuco.com\/fr\/#organization","name":"Bodegas Vega de Yuco","url":"https:\/\/www.vegadeyuco.com\/fr\/","logo":{"@type":"ImageObject","inLanguage":"fr-FR","@id":"https:\/\/www.vegadeyuco.com\/fr\/#\/schema\/logo\/image\/","url":"https:\/\/www.vegadeyuco.com\/wp-content\/uploads\/2020\/01\/LOGO_VEGADEYUCO_cabecera_pedidos.png","contentUrl":"https:\/\/www.vegadeyuco.com\/wp-content\/uploads\/2020\/01\/LOGO_VEGADEYUCO_cabecera_pedidos.png","width":250,"height":150,"caption":"Bodegas Vega de Yuco"},"image":{"@id":"https:\/\/www.vegadeyuco.com\/fr\/#\/schema\/logo\/image\/"},"sameAs":["https:\/\/www.facebook.com\/vegadeyuco","https:\/\/www.instagram.com\/vegadeyuco\/","https:\/\/www.youtube.com\/channel\/UCmDMkmxMCvbSXTLTAs3DM7A"]}]}},"post_mailing_queue_ids":[],"_links":{"self":[{"href":"https:\/\/www.vegadeyuco.com\/fr\/wp-json\/wp\/v2\/pages\/27047","targetHints":{"allow":["GET"]}}],"collection":[{"href":"https:\/\/www.vegadeyuco.com\/fr\/wp-json\/wp\/v2\/pages"}],"about":[{"href":"https:\/\/www.vegadeyuco.com\/fr\/wp-json\/wp\/v2\/types\/page"}],"author":[{"embeddable":true,"href":"https:\/\/www.vegadeyuco.com\/fr\/wp-json\/wp\/v2\/users\/1"}],"replies":[{"embeddable":true,"href":"https:\/\/www.vegadeyuco.com\/fr\/wp-json\/wp\/v2\/comments?post=27047"}],"version-history":[{"count":1,"href":"https:\/\/www.vegadeyuco.com\/fr\/wp-json\/wp\/v2\/pages\/27047\/revisions"}],"predecessor-version":[{"id":27048,"href":"https:\/\/www.vegadeyuco.com\/fr\/wp-json\/wp\/v2\/pages\/27047\/revisions\/27048"}],"wp:attachment":[{"href":"https:\/\/www.vegadeyuco.com\/fr\/wp-json\/wp\/v2\/media?parent=27047"}],"curies":[{"name":"wp","href":"https:\/\/api.w.org\/{rel}","templated":true}]}}