{"id":27050,"date":"2024-06-06T15:33:17","date_gmt":"2024-06-06T14:33:17","guid":{"rendered":"https:\/\/www.vegadeyuco.com\/vins-mousseux\/"},"modified":"2025-12-16T14:09:05","modified_gmt":"2025-12-16T14:09:05","slug":"vins-mousseux","status":"publish","type":"page","link":"https:\/\/www.vegadeyuco.com\/fr\/vins-mousseux\/","title":{"rendered":"Vins mousseux"},"content":{"rendered":"\t\t<div data-elementor-type=\"wp-page\" data-elementor-id=\"27050\" class=\"elementor elementor-27050 elementor-21387\" data-elementor-post-type=\"page\">\n\t\t\t\t<div class=\"elementor-element elementor-element-734d53a e-flex e-con-boxed e-con e-parent\" data-id=\"734d53a\" data-element_type=\"container\">\n\t\t\t\t\t<div class=\"e-con-inner\">\n\t\t<div class=\"elementor-element elementor-element-4ceeeb9 e-con-full e-flex e-con e-child\" data-id=\"4ceeeb9\" data-element_type=\"container\">\n\t\t\t\t<div class=\"elementor-element elementor-element-ad4a986 elementor-widget elementor-widget-heading\" data-id=\"ad4a986\" data-element_type=\"widget\" data-widget_type=\"heading.default\">\n\t\t\t\t<div class=\"elementor-widget-container\">\n\t\t\t\t\t<h1 class=\"elementor-heading-title elementor-size-default\">Vins mousseux<\/h1>\t\t\t\t<\/div>\n\t\t\t\t<\/div>\n\t\t\t\t<div class=\"elementor-element elementor-element-b28250a elementor-widget elementor-widget-text-editor\" data-id=\"b28250a\" data-element_type=\"widget\" data-widget_type=\"text-editor.default\">\n\t\t\t\t<div class=\"elementor-widget-container\">\n\t\t\t\t\t\t\t\t\t<p>La vigne s&rsquo;\u00e9tendait autrefois dans le sud de la p\u00e9ninsule ib\u00e9rique, mais elle a pratiquement disparu apr\u00e8s les attaques du phyllox\u00e9ra \u00e0 la fin du XIXe si\u00e8cle, qui ont touch\u00e9 la quasi-totalit\u00e9 des vignobles europ\u00e9ens. Le Diego et le List\u00e1n Blanca, tout comme le Malvas\u00eda Volc\u00e1nica et d&rsquo;autres c\u00e9pages de l&rsquo;\u00eele, sont pr\u00e9phyllox\u00e9riques et perdurent \u00e0 Lanzarote gr\u00e2ce \u00e0 l&rsquo;ing\u00e9niosit\u00e9 et aux efforts des hommes et des femmes de cette terre qui ont su pr\u00e9server ce patrimoine viticole naturel unique au monde et d&rsquo;une valeur extraordinaire. <\/p><p>L&rsquo;\u00e9l\u00e9gance, la subtilit\u00e9 et l&rsquo;originalit\u00e9 sont les caract\u00e9ristiques les plus marquantes des vins mousseux \u00e9labor\u00e9s par Bodegas Vega de Yuco. Issus de c\u00e9pages minoritaires sur l&rsquo;\u00eele et, comme dans le cas du c\u00e9page Diego de Lanzarote, menac\u00e9s de disparition. <\/p><p>De ce c\u00e9page est n\u00e9 le tr\u00e8s appr\u00e9ci\u00e9 Brut Nature Princesa Fayna, \u00e9labor\u00e9 selon la m\u00e9thode traditionnelle, et du List\u00e1n Blanco, le nouveau Ancestral D&rsquo;Yuco qui fait une entr\u00e9e remarqu\u00e9e sur le march\u00e9 des vins mousseux de Lanzarote. Nous vous invitons \u00e0 les d\u00e9couvrir, les appr\u00e9cier et les d\u00e9guster.<\/p>\t\t\t\t\t\t\t\t<\/div>\n\t\t\t\t<\/div>\n\t\t\t\t<\/div>\n\t\t<div class=\"elementor-element elementor-element-2ccd69b e-con-full e-flex e-con e-child\" data-id=\"2ccd69b\" data-element_type=\"container\">\n\t\t\t\t<div class=\"elementor-element elementor-element-4f6b125 elementor-widget elementor-widget-image\" data-id=\"4f6b125\" data-element_type=\"widget\" data-widget_type=\"image.default\">\n\t\t\t\t<div class=\"elementor-widget-container\">\n\t\t\t\t\t\t\t\t\t\t\t\t\t\t\t<img fetchpriority=\"high\" decoding=\"async\" width=\"1000\" height=\"1000\" src=\"https:\/\/www.vegadeyuco.com\/wp-content\/uploads\/2021\/12\/Princesa-fayna.png\" class=\"attachment-full size-full wp-image-27049\" alt=\"\" srcset=\"https:\/\/www.vegadeyuco.com\/wp-content\/uploads\/2021\/12\/Princesa-fayna.png 1000w, https:\/\/www.vegadeyuco.com\/wp-content\/uploads\/2021\/12\/Princesa-fayna-300x300.png 300w, https:\/\/www.vegadeyuco.com\/wp-content\/uploads\/2021\/12\/Princesa-fayna-150x150.png 150w, https:\/\/www.vegadeyuco.com\/wp-content\/uploads\/2021\/12\/Princesa-fayna-768x768.png 768w, https:\/\/www.vegadeyuco.com\/wp-content\/uploads\/2021\/12\/Princesa-fayna-100x100.png 100w\" sizes=\"(max-width: 1000px) 100vw, 1000px\" \/>\t\t\t\t\t\t\t\t\t\t\t\t\t\t\t<\/div>\n\t\t\t\t<\/div>\n\t\t\t\t<\/div>\n\t\t\t\t\t<\/div>\n\t\t\t\t<\/div>\n\t\t<div class=\"elementor-element elementor-element-eaa02c0 e-flex e-con-boxed e-con e-parent\" data-id=\"eaa02c0\" data-element_type=\"container\">\n\t\t\t\t\t<div class=\"e-con-inner\">\n\t\t<div class=\"elementor-element elementor-element-76739aa e-con-full e-flex e-con e-child\" data-id=\"76739aa\" data-element_type=\"container\">\n\t\t\t\t<\/div>\n\t\t\t\t\t<\/div>\n\t\t\t\t<\/div>\n\t\t\t\t<\/div>\n\t\t","protected":false},"excerpt":{"rendered":"<p>Vins mousseux La vigne s&rsquo;\u00e9tendait autrefois dans le sud de la p\u00e9ninsule ib\u00e9rique, mais elle a pratiquement disparu apr\u00e8s les attaques du phyllox\u00e9ra \u00e0 la fin du XIXe si\u00e8cle, qui ont touch\u00e9 la quasi-totalit\u00e9 des vignobles europ\u00e9ens. Le Diego et le List\u00e1n Blanca, tout comme le Malvas\u00eda Volc\u00e1nica et d&rsquo;autres c\u00e9pages de l&rsquo;\u00eele, sont pr\u00e9phyllox\u00e9riques [&hellip;]<\/p>\n","protected":false},"author":222,"featured_media":0,"parent":0,"menu_order":0,"comment_status":"closed","ping_status":"closed","template":"","meta":{"footnotes":""},"class_list":["post-27050","page","type-page","status-publish","hentry"],"yoast_head":"<!-- This site is optimized with the Yoast SEO plugin v26.8 - https:\/\/yoast.com\/product\/yoast-seo-wordpress\/ -->\n<title>Vins mousseux &#8226; Vega de Yuco<\/title>\n<meta name=\"description\" content=\"L&#039;\u00e9l\u00e9gance est la caract\u00e9ristique la plus pr\u00e9dominante dans les \u00e9laborations de vins mousseux de Vega de Yuco. Vari\u00e9t\u00e9s minoritaires sur l&#039;\u00eele\" \/>\n<meta name=\"robots\" content=\"index, follow, max-snippet:-1, max-image-preview:large, max-video-preview:-1\" \/>\n<link rel=\"canonical\" href=\"https:\/\/www.vegadeyuco.com\/fr\/vins-mousseux\/\" \/>\n<meta property=\"og:locale\" content=\"fr_FR\" \/>\n<meta property=\"og:type\" content=\"article\" \/>\n<meta property=\"og:title\" content=\"Vins mousseux &#8226; Vega de Yuco\" \/>\n<meta property=\"og:description\" content=\"L&#039;\u00e9l\u00e9gance est la caract\u00e9ristique la plus pr\u00e9dominante dans les \u00e9laborations de vins mousseux de Vega de Yuco. Vari\u00e9t\u00e9s minoritaires sur l&#039;\u00eele\" \/>\n<meta property=\"og:url\" content=\"https:\/\/www.vegadeyuco.com\/fr\/vins-mousseux\/\" \/>\n<meta property=\"og:site_name\" content=\"Vega de Yuco\" \/>\n<meta property=\"article:publisher\" content=\"https:\/\/www.facebook.com\/vegadeyuco\" \/>\n<meta property=\"article:modified_time\" content=\"2025-12-16T14:09:05+00:00\" \/>\n<meta property=\"og:image\" content=\"https:\/\/www.vegadeyuco.com\/wp-content\/uploads\/2021\/12\/Princesa-fayna.png\" \/>\n<meta name=\"twitter:card\" content=\"summary_large_image\" \/>\n<meta name=\"twitter:label1\" content=\"Dur\u00e9e de lecture estim\u00e9e\" \/>\n\t<meta name=\"twitter:data1\" content=\"1 minute\" \/>\n<script type=\"application\/ld+json\" class=\"yoast-schema-graph\">{\"@context\":\"https:\/\/schema.org\",\"@graph\":[{\"@type\":\"WebPage\",\"@id\":\"https:\/\/www.vegadeyuco.com\/fr\/vins-mousseux\/\",\"url\":\"https:\/\/www.vegadeyuco.com\/fr\/vins-mousseux\/\",\"name\":\"Vins mousseux &#8226; Vega de Yuco\",\"isPartOf\":{\"@id\":\"https:\/\/www.vegadeyuco.com\/fr\/#website\"},\"primaryImageOfPage\":{\"@id\":\"https:\/\/www.vegadeyuco.com\/fr\/vins-mousseux\/#primaryimage\"},\"image\":{\"@id\":\"https:\/\/www.vegadeyuco.com\/fr\/vins-mousseux\/#primaryimage\"},\"thumbnailUrl\":\"https:\/\/www.vegadeyuco.com\/wp-content\/uploads\/2021\/12\/Princesa-fayna.png\",\"datePublished\":\"2024-06-06T14:33:17+00:00\",\"dateModified\":\"2025-12-16T14:09:05+00:00\",\"description\":\"L'\u00e9l\u00e9gance est la caract\u00e9ristique la plus pr\u00e9dominante dans les \u00e9laborations de vins mousseux de Vega de Yuco. Vari\u00e9t\u00e9s minoritaires sur l'\u00eele\",\"breadcrumb\":{\"@id\":\"https:\/\/www.vegadeyuco.com\/fr\/vins-mousseux\/#breadcrumb\"},\"inLanguage\":\"fr-FR\",\"potentialAction\":[{\"@type\":\"ReadAction\",\"target\":[\"https:\/\/www.vegadeyuco.com\/fr\/vins-mousseux\/\"]}]},{\"@type\":\"ImageObject\",\"inLanguage\":\"fr-FR\",\"@id\":\"https:\/\/www.vegadeyuco.com\/fr\/vins-mousseux\/#primaryimage\",\"url\":\"https:\/\/www.vegadeyuco.com\/wp-content\/uploads\/2021\/12\/Princesa-fayna.png\",\"contentUrl\":\"https:\/\/www.vegadeyuco.com\/wp-content\/uploads\/2021\/12\/Princesa-fayna.png\"},{\"@type\":\"BreadcrumbList\",\"@id\":\"https:\/\/www.vegadeyuco.com\/fr\/vins-mousseux\/#breadcrumb\",\"itemListElement\":[{\"@type\":\"ListItem\",\"position\":1,\"name\":\"Portada\",\"item\":\"https:\/\/www.vegadeyuco.com\/fr\/vega-de-yuco-cave-a-vin-a-lanzarote\/\"},{\"@type\":\"ListItem\",\"position\":2,\"name\":\"Vins mousseux\"}]},{\"@type\":\"WebSite\",\"@id\":\"https:\/\/www.vegadeyuco.com\/fr\/#website\",\"url\":\"https:\/\/www.vegadeyuco.com\/fr\/\",\"name\":\"Vega de Yuco\",\"description\":\"Bodegas y Vi\u00f1edos Vega de Yuco en Lanzarote, una bodega tradicional Canaria que destila autenticidad e innovaci\u00f3n. \",\"publisher\":{\"@id\":\"https:\/\/www.vegadeyuco.com\/fr\/#organization\"},\"potentialAction\":[{\"@type\":\"SearchAction\",\"target\":{\"@type\":\"EntryPoint\",\"urlTemplate\":\"https:\/\/www.vegadeyuco.com\/fr\/?s={search_term_string}\"},\"query-input\":{\"@type\":\"PropertyValueSpecification\",\"valueRequired\":true,\"valueName\":\"search_term_string\"}}],\"inLanguage\":\"fr-FR\"},{\"@type\":\"Organization\",\"@id\":\"https:\/\/www.vegadeyuco.com\/fr\/#organization\",\"name\":\"Bodegas Vega de Yuco\",\"url\":\"https:\/\/www.vegadeyuco.com\/fr\/\",\"logo\":{\"@type\":\"ImageObject\",\"inLanguage\":\"fr-FR\",\"@id\":\"https:\/\/www.vegadeyuco.com\/fr\/#\/schema\/logo\/image\/\",\"url\":\"https:\/\/www.vegadeyuco.com\/wp-content\/uploads\/2020\/01\/LOGO_VEGADEYUCO_cabecera_pedidos.png\",\"contentUrl\":\"https:\/\/www.vegadeyuco.com\/wp-content\/uploads\/2020\/01\/LOGO_VEGADEYUCO_cabecera_pedidos.png\",\"width\":250,\"height\":150,\"caption\":\"Bodegas Vega de Yuco\"},\"image\":{\"@id\":\"https:\/\/www.vegadeyuco.com\/fr\/#\/schema\/logo\/image\/\"},\"sameAs\":[\"https:\/\/www.facebook.com\/vegadeyuco\",\"https:\/\/www.instagram.com\/vegadeyuco\/\",\"https:\/\/www.youtube.com\/channel\/UCmDMkmxMCvbSXTLTAs3DM7A\"]}]}<\/script>\n<!-- \/ Yoast SEO plugin. -->","yoast_head_json":{"title":"Vins mousseux &#8226; Vega de Yuco","description":"L'\u00e9l\u00e9gance est la caract\u00e9ristique la plus pr\u00e9dominante dans les \u00e9laborations de vins mousseux de Vega de Yuco. Vari\u00e9t\u00e9s minoritaires sur l'\u00eele","robots":{"index":"index","follow":"follow","max-snippet":"max-snippet:-1","max-image-preview":"max-image-preview:large","max-video-preview":"max-video-preview:-1"},"canonical":"https:\/\/www.vegadeyuco.com\/fr\/vins-mousseux\/","og_locale":"fr_FR","og_type":"article","og_title":"Vins mousseux &#8226; Vega de Yuco","og_description":"L'\u00e9l\u00e9gance est la caract\u00e9ristique la plus pr\u00e9dominante dans les \u00e9laborations de vins mousseux de Vega de Yuco. Vari\u00e9t\u00e9s minoritaires sur l'\u00eele","og_url":"https:\/\/www.vegadeyuco.com\/fr\/vins-mousseux\/","og_site_name":"Vega de Yuco","article_publisher":"https:\/\/www.facebook.com\/vegadeyuco","article_modified_time":"2025-12-16T14:09:05+00:00","og_image":[{"url":"https:\/\/www.vegadeyuco.com\/wp-content\/uploads\/2021\/12\/Princesa-fayna.png","type":"","width":"","height":""}],"twitter_card":"summary_large_image","twitter_misc":{"Dur\u00e9e de lecture estim\u00e9e":"1 minute"},"schema":{"@context":"https:\/\/schema.org","@graph":[{"@type":"WebPage","@id":"https:\/\/www.vegadeyuco.com\/fr\/vins-mousseux\/","url":"https:\/\/www.vegadeyuco.com\/fr\/vins-mousseux\/","name":"Vins mousseux &#8226; Vega de Yuco","isPartOf":{"@id":"https:\/\/www.vegadeyuco.com\/fr\/#website"},"primaryImageOfPage":{"@id":"https:\/\/www.vegadeyuco.com\/fr\/vins-mousseux\/#primaryimage"},"image":{"@id":"https:\/\/www.vegadeyuco.com\/fr\/vins-mousseux\/#primaryimage"},"thumbnailUrl":"https:\/\/www.vegadeyuco.com\/wp-content\/uploads\/2021\/12\/Princesa-fayna.png","datePublished":"2024-06-06T14:33:17+00:00","dateModified":"2025-12-16T14:09:05+00:00","description":"L'\u00e9l\u00e9gance est la caract\u00e9ristique la plus pr\u00e9dominante dans les \u00e9laborations de vins mousseux de Vega de Yuco. Vari\u00e9t\u00e9s minoritaires sur l'\u00eele","breadcrumb":{"@id":"https:\/\/www.vegadeyuco.com\/fr\/vins-mousseux\/#breadcrumb"},"inLanguage":"fr-FR","potentialAction":[{"@type":"ReadAction","target":["https:\/\/www.vegadeyuco.com\/fr\/vins-mousseux\/"]}]},{"@type":"ImageObject","inLanguage":"fr-FR","@id":"https:\/\/www.vegadeyuco.com\/fr\/vins-mousseux\/#primaryimage","url":"https:\/\/www.vegadeyuco.com\/wp-content\/uploads\/2021\/12\/Princesa-fayna.png","contentUrl":"https:\/\/www.vegadeyuco.com\/wp-content\/uploads\/2021\/12\/Princesa-fayna.png"},{"@type":"BreadcrumbList","@id":"https:\/\/www.vegadeyuco.com\/fr\/vins-mousseux\/#breadcrumb","itemListElement":[{"@type":"ListItem","position":1,"name":"Portada","item":"https:\/\/www.vegadeyuco.com\/fr\/vega-de-yuco-cave-a-vin-a-lanzarote\/"},{"@type":"ListItem","position":2,"name":"Vins mousseux"}]},{"@type":"WebSite","@id":"https:\/\/www.vegadeyuco.com\/fr\/#website","url":"https:\/\/www.vegadeyuco.com\/fr\/","name":"Vega de Yuco","description":"Bodegas y Vi\u00f1edos Vega de Yuco en Lanzarote, una bodega tradicional Canaria que destila autenticidad e innovaci\u00f3n. ","publisher":{"@id":"https:\/\/www.vegadeyuco.com\/fr\/#organization"},"potentialAction":[{"@type":"SearchAction","target":{"@type":"EntryPoint","urlTemplate":"https:\/\/www.vegadeyuco.com\/fr\/?s={search_term_string}"},"query-input":{"@type":"PropertyValueSpecification","valueRequired":true,"valueName":"search_term_string"}}],"inLanguage":"fr-FR"},{"@type":"Organization","@id":"https:\/\/www.vegadeyuco.com\/fr\/#organization","name":"Bodegas Vega de Yuco","url":"https:\/\/www.vegadeyuco.com\/fr\/","logo":{"@type":"ImageObject","inLanguage":"fr-FR","@id":"https:\/\/www.vegadeyuco.com\/fr\/#\/schema\/logo\/image\/","url":"https:\/\/www.vegadeyuco.com\/wp-content\/uploads\/2020\/01\/LOGO_VEGADEYUCO_cabecera_pedidos.png","contentUrl":"https:\/\/www.vegadeyuco.com\/wp-content\/uploads\/2020\/01\/LOGO_VEGADEYUCO_cabecera_pedidos.png","width":250,"height":150,"caption":"Bodegas Vega de Yuco"},"image":{"@id":"https:\/\/www.vegadeyuco.com\/fr\/#\/schema\/logo\/image\/"},"sameAs":["https:\/\/www.facebook.com\/vegadeyuco","https:\/\/www.instagram.com\/vegadeyuco\/","https:\/\/www.youtube.com\/channel\/UCmDMkmxMCvbSXTLTAs3DM7A"]}]}},"post_mailing_queue_ids":[],"_links":{"self":[{"href":"https:\/\/www.vegadeyuco.com\/fr\/wp-json\/wp\/v2\/pages\/27050","targetHints":{"allow":["GET"]}}],"collection":[{"href":"https:\/\/www.vegadeyuco.com\/fr\/wp-json\/wp\/v2\/pages"}],"about":[{"href":"https:\/\/www.vegadeyuco.com\/fr\/wp-json\/wp\/v2\/types\/page"}],"author":[{"embeddable":true,"href":"https:\/\/www.vegadeyuco.com\/fr\/wp-json\/wp\/v2\/users\/222"}],"replies":[{"embeddable":true,"href":"https:\/\/www.vegadeyuco.com\/fr\/wp-json\/wp\/v2\/comments?post=27050"}],"version-history":[{"count":1,"href":"https:\/\/www.vegadeyuco.com\/fr\/wp-json\/wp\/v2\/pages\/27050\/revisions"}],"predecessor-version":[{"id":27052,"href":"https:\/\/www.vegadeyuco.com\/fr\/wp-json\/wp\/v2\/pages\/27050\/revisions\/27052"}],"wp:attachment":[{"href":"https:\/\/www.vegadeyuco.com\/fr\/wp-json\/wp\/v2\/media?parent=27050"}],"curies":[{"name":"wp","href":"https:\/\/api.w.org\/{rel}","templated":true}]}}