{"id":27059,"date":"2019-11-30T12:36:52","date_gmt":"2019-11-30T12:36:52","guid":{"rendered":"https:\/\/www.vegadeyuco.com\/vins-doux\/"},"modified":"2025-12-19T11:52:28","modified_gmt":"2025-12-19T11:52:28","slug":"vins-doux","status":"publish","type":"page","link":"https:\/\/www.vegadeyuco.com\/fr\/vins-doux\/","title":{"rendered":"Vins doux"},"content":{"rendered":"\t\t<div data-elementor-type=\"wp-page\" data-elementor-id=\"27059\" class=\"elementor elementor-27059 elementor-2999\" data-elementor-post-type=\"page\">\n\t\t\t\t<div class=\"elementor-element elementor-element-35a1c39 e-flex e-con-boxed e-con e-parent\" data-id=\"35a1c39\" data-element_type=\"container\">\n\t\t\t\t\t<div class=\"e-con-inner\">\n\t\t<div class=\"elementor-element elementor-element-155556d e-con-full e-flex e-con e-child\" data-id=\"155556d\" data-element_type=\"container\">\n\t\t\t\t<div class=\"elementor-element elementor-element-651d36c elementor-widget elementor-widget-heading\" data-id=\"651d36c\" data-element_type=\"widget\" data-widget_type=\"heading.default\">\n\t\t\t\t<div class=\"elementor-widget-container\">\n\t\t\t\t\t<h1 class=\"elementor-heading-title elementor-size-default\">Vins doux<\/h1>\t\t\t\t<\/div>\n\t\t\t\t<\/div>\n\t\t\t\t<div class=\"elementor-element elementor-element-6036bcb elementor-widget elementor-widget-text-editor\" data-id=\"6036bcb\" data-element_type=\"widget\" data-widget_type=\"text-editor.default\">\n\t\t\t\t<div class=\"elementor-widget-container\">\n\t\t\t\t\t\t\t\t\t<p>Les vins doux des Canaries ont \u00e9t\u00e9 lou\u00e9s par Shakespeare et d&rsquo;autres personnages illustres de notre histoire. \u00c0 Lanzarote, ils ont jou\u00e9 un r\u00f4le important dans nos traditions, notre patrimoine culturel et notre identit\u00e9 canarienne, mais ils restent aujourd&rsquo;hui encore tr\u00e8s appr\u00e9ci\u00e9s et valoris\u00e9s par les experts en d\u00e9gustation comme de grands vins. <\/p><p>Les caves Vega de Yuco \u00e9laborent plusieurs de ces vins doux \u00e0 partir des c\u00e9pages pr\u00e9f\u00e9r\u00e9s de Lanzarote. Le <g id=\"gid_0\">List\u00e1n Negro,<\/g> un vin rouge doux exceptionnel dont les raisins sont r\u00e9colt\u00e9s tardivement sur des parcelles surm\u00fbries, et le <g id=\"gid_1\">Moscatel <\/g>de Lanzarote, \u00e9galement r\u00e9colt\u00e9 surm\u00fbri. Un vin qui conserve l&rsquo;essence d&rsquo;une production pratiquement artisanale et scell\u00e9 \u00e0 la cire.  <\/p><p>Le joyau de la couronne de la cave se pr\u00e9sente dans une \u00e9dition sp\u00e9ciale et \u00e9l\u00e9gante pour ce <a href=\"https:\/\/www.vegadeyuco.com\/Tienda\/aurum-vino-de-licor-moscatel\/\">vin liquoreux <\/a><a href=\"https:\/\/www.vegadeyuco.com\/libro-licores-tradicionales\/\">traditionnel <\/a>qui s\u00e9duit tous les amateurs de bons vins doux. Son vieillissement oxydatif en f\u00fbts de ch\u00eane hongrois de la meilleure qualit\u00e9, avec une solera de plus d&rsquo;une d\u00e9cennie, le rend irr\u00e9sistible. <\/p>\t\t\t\t\t\t\t\t<\/div>\n\t\t\t\t<\/div>\n\t\t\t\t<\/div>\n\t\t<div class=\"elementor-element elementor-element-2298488 e-con-full e-flex e-con e-child\" data-id=\"2298488\" data-element_type=\"container\">\n\t\t\t\t<div class=\"elementor-element elementor-element-9eb7fa9 elementor-widget elementor-widget-image\" data-id=\"9eb7fa9\" data-element_type=\"widget\" data-widget_type=\"image.default\">\n\t\t\t\t<div class=\"elementor-widget-container\">\n\t\t\t\t\t\t\t\t\t\t\t\t\t\t\t<img fetchpriority=\"high\" decoding=\"async\" width=\"1000\" height=\"1000\" src=\"https:\/\/www.vegadeyuco.com\/wp-content\/uploads\/2021\/01\/Aurum-dulce-2.png\" class=\"attachment-full size-full wp-image-27058\" alt=\"\" srcset=\"https:\/\/www.vegadeyuco.com\/wp-content\/uploads\/2021\/01\/Aurum-dulce-2.png 1000w, https:\/\/www.vegadeyuco.com\/wp-content\/uploads\/2021\/01\/Aurum-dulce-2-300x300.png 300w, https:\/\/www.vegadeyuco.com\/wp-content\/uploads\/2021\/01\/Aurum-dulce-2-150x150.png 150w, https:\/\/www.vegadeyuco.com\/wp-content\/uploads\/2021\/01\/Aurum-dulce-2-768x768.png 768w, https:\/\/www.vegadeyuco.com\/wp-content\/uploads\/2021\/01\/Aurum-dulce-2-100x100.png 100w\" sizes=\"(max-width: 1000px) 100vw, 1000px\" \/>\t\t\t\t\t\t\t\t\t\t\t\t\t\t\t<\/div>\n\t\t\t\t<\/div>\n\t\t\t\t<\/div>\n\t\t\t\t\t<\/div>\n\t\t\t\t<\/div>\n\t\t<div class=\"elementor-element elementor-element-ec52317 e-flex e-con-boxed e-con e-parent\" data-id=\"ec52317\" data-element_type=\"container\">\n\t\t\t\t\t<div class=\"e-con-inner\">\n\t\t<div class=\"elementor-element elementor-element-b6092c5 e-con-full e-flex e-con e-child\" data-id=\"b6092c5\" data-element_type=\"container\">\n\t\t\t\t<\/div>\n\t\t\t\t\t<\/div>\n\t\t\t\t<\/div>\n\t\t\t\t<\/div>\n\t\t","protected":false},"excerpt":{"rendered":"<p>Vins doux Les vins doux des Canaries ont \u00e9t\u00e9 lou\u00e9s par Shakespeare et d&rsquo;autres personnages illustres de notre histoire. \u00c0 Lanzarote, ils ont jou\u00e9 un r\u00f4le important dans nos traditions, notre patrimoine culturel et notre identit\u00e9 canarienne, mais ils restent aujourd&rsquo;hui encore tr\u00e8s appr\u00e9ci\u00e9s et valoris\u00e9s par les experts en d\u00e9gustation comme de grands vins. [&hellip;]<\/p>\n","protected":false},"author":1,"featured_media":0,"parent":0,"menu_order":0,"comment_status":"closed","ping_status":"closed","template":"","meta":{"footnotes":""},"class_list":["post-27059","page","type-page","status-publish","hentry"],"yoast_head":"<!-- This site is optimized with the Yoast SEO plugin v26.8 - https:\/\/yoast.com\/product\/yoast-seo-wordpress\/ -->\n<title>Vins doux &#8226; Vega de Yuco<\/title>\n<meta name=\"description\" content=\"Vins doux de Lanzarote, \u00e9labor\u00e9s \u00e0 partir du meilleur muscat. Une \u00e9dition sp\u00e9ciale et \u00e9l\u00e9gante pour ce vin liquoreux traditionnel.\" \/>\n<meta name=\"robots\" content=\"index, follow, max-snippet:-1, max-image-preview:large, max-video-preview:-1\" \/>\n<link rel=\"canonical\" href=\"https:\/\/www.vegadeyuco.com\/fr\/vins-doux\/\" \/>\n<meta property=\"og:locale\" content=\"fr_FR\" \/>\n<meta property=\"og:type\" content=\"article\" \/>\n<meta property=\"og:title\" content=\"Vins doux &#8226; Vega de Yuco\" \/>\n<meta property=\"og:description\" content=\"Vins doux de Lanzarote, \u00e9labor\u00e9s \u00e0 partir du meilleur muscat. Une \u00e9dition sp\u00e9ciale et \u00e9l\u00e9gante pour ce vin liquoreux traditionnel.\" \/>\n<meta property=\"og:url\" content=\"https:\/\/www.vegadeyuco.com\/fr\/vins-doux\/\" \/>\n<meta property=\"og:site_name\" content=\"Vega de Yuco\" \/>\n<meta property=\"article:publisher\" content=\"https:\/\/www.facebook.com\/vegadeyuco\" \/>\n<meta property=\"article:modified_time\" content=\"2025-12-19T11:52:28+00:00\" \/>\n<meta property=\"og:image\" content=\"https:\/\/www.vegadeyuco.com\/wp-content\/uploads\/2021\/01\/Aurum-dulce-2.png\" \/>\n\t<meta property=\"og:image:width\" content=\"1000\" \/>\n\t<meta property=\"og:image:height\" content=\"1000\" \/>\n\t<meta property=\"og:image:type\" content=\"image\/png\" \/>\n<meta name=\"twitter:card\" content=\"summary_large_image\" \/>\n<meta name=\"twitter:label1\" content=\"Dur\u00e9e de lecture estim\u00e9e\" \/>\n\t<meta name=\"twitter:data1\" content=\"1 minute\" \/>\n<script type=\"application\/ld+json\" class=\"yoast-schema-graph\">{\"@context\":\"https:\/\/schema.org\",\"@graph\":[{\"@type\":\"WebPage\",\"@id\":\"https:\/\/www.vegadeyuco.com\/fr\/vins-doux\/\",\"url\":\"https:\/\/www.vegadeyuco.com\/fr\/vins-doux\/\",\"name\":\"Vins doux &#8226; Vega de Yuco\",\"isPartOf\":{\"@id\":\"https:\/\/www.vegadeyuco.com\/fr\/#website\"},\"primaryImageOfPage\":{\"@id\":\"https:\/\/www.vegadeyuco.com\/fr\/vins-doux\/#primaryimage\"},\"image\":{\"@id\":\"https:\/\/www.vegadeyuco.com\/fr\/vins-doux\/#primaryimage\"},\"thumbnailUrl\":\"https:\/\/www.vegadeyuco.com\/wp-content\/uploads\/2021\/01\/Aurum-dulce-2.png\",\"datePublished\":\"2019-11-30T12:36:52+00:00\",\"dateModified\":\"2025-12-19T11:52:28+00:00\",\"description\":\"Vins doux de Lanzarote, \u00e9labor\u00e9s \u00e0 partir du meilleur muscat. Une \u00e9dition sp\u00e9ciale et \u00e9l\u00e9gante pour ce vin liquoreux traditionnel.\",\"breadcrumb\":{\"@id\":\"https:\/\/www.vegadeyuco.com\/fr\/vins-doux\/#breadcrumb\"},\"inLanguage\":\"fr-FR\",\"potentialAction\":[{\"@type\":\"ReadAction\",\"target\":[\"https:\/\/www.vegadeyuco.com\/fr\/vins-doux\/\"]}]},{\"@type\":\"ImageObject\",\"inLanguage\":\"fr-FR\",\"@id\":\"https:\/\/www.vegadeyuco.com\/fr\/vins-doux\/#primaryimage\",\"url\":\"https:\/\/www.vegadeyuco.com\/wp-content\/uploads\/2021\/01\/Aurum-dulce-2.png\",\"contentUrl\":\"https:\/\/www.vegadeyuco.com\/wp-content\/uploads\/2021\/01\/Aurum-dulce-2.png\"},{\"@type\":\"BreadcrumbList\",\"@id\":\"https:\/\/www.vegadeyuco.com\/fr\/vins-doux\/#breadcrumb\",\"itemListElement\":[{\"@type\":\"ListItem\",\"position\":1,\"name\":\"Portada\",\"item\":\"https:\/\/www.vegadeyuco.com\/fr\/vega-de-yuco-cave-a-vin-a-lanzarote\/\"},{\"@type\":\"ListItem\",\"position\":2,\"name\":\"Vins doux\"}]},{\"@type\":\"WebSite\",\"@id\":\"https:\/\/www.vegadeyuco.com\/fr\/#website\",\"url\":\"https:\/\/www.vegadeyuco.com\/fr\/\",\"name\":\"Vega de Yuco\",\"description\":\"Bodegas y Vi\u00f1edos Vega de Yuco en Lanzarote, una bodega tradicional Canaria que destila autenticidad e innovaci\u00f3n. \",\"publisher\":{\"@id\":\"https:\/\/www.vegadeyuco.com\/fr\/#organization\"},\"potentialAction\":[{\"@type\":\"SearchAction\",\"target\":{\"@type\":\"EntryPoint\",\"urlTemplate\":\"https:\/\/www.vegadeyuco.com\/fr\/?s={search_term_string}\"},\"query-input\":{\"@type\":\"PropertyValueSpecification\",\"valueRequired\":true,\"valueName\":\"search_term_string\"}}],\"inLanguage\":\"fr-FR\"},{\"@type\":\"Organization\",\"@id\":\"https:\/\/www.vegadeyuco.com\/fr\/#organization\",\"name\":\"Bodegas Vega de Yuco\",\"url\":\"https:\/\/www.vegadeyuco.com\/fr\/\",\"logo\":{\"@type\":\"ImageObject\",\"inLanguage\":\"fr-FR\",\"@id\":\"https:\/\/www.vegadeyuco.com\/fr\/#\/schema\/logo\/image\/\",\"url\":\"https:\/\/www.vegadeyuco.com\/wp-content\/uploads\/2020\/01\/LOGO_VEGADEYUCO_cabecera_pedidos.png\",\"contentUrl\":\"https:\/\/www.vegadeyuco.com\/wp-content\/uploads\/2020\/01\/LOGO_VEGADEYUCO_cabecera_pedidos.png\",\"width\":250,\"height\":150,\"caption\":\"Bodegas Vega de Yuco\"},\"image\":{\"@id\":\"https:\/\/www.vegadeyuco.com\/fr\/#\/schema\/logo\/image\/\"},\"sameAs\":[\"https:\/\/www.facebook.com\/vegadeyuco\",\"https:\/\/www.instagram.com\/vegadeyuco\/\",\"https:\/\/www.youtube.com\/channel\/UCmDMkmxMCvbSXTLTAs3DM7A\"]}]}<\/script>\n<!-- \/ Yoast SEO plugin. -->","yoast_head_json":{"title":"Vins doux &#8226; Vega de Yuco","description":"Vins doux de Lanzarote, \u00e9labor\u00e9s \u00e0 partir du meilleur muscat. Une \u00e9dition sp\u00e9ciale et \u00e9l\u00e9gante pour ce vin liquoreux traditionnel.","robots":{"index":"index","follow":"follow","max-snippet":"max-snippet:-1","max-image-preview":"max-image-preview:large","max-video-preview":"max-video-preview:-1"},"canonical":"https:\/\/www.vegadeyuco.com\/fr\/vins-doux\/","og_locale":"fr_FR","og_type":"article","og_title":"Vins doux &#8226; Vega de Yuco","og_description":"Vins doux de Lanzarote, \u00e9labor\u00e9s \u00e0 partir du meilleur muscat. Une \u00e9dition sp\u00e9ciale et \u00e9l\u00e9gante pour ce vin liquoreux traditionnel.","og_url":"https:\/\/www.vegadeyuco.com\/fr\/vins-doux\/","og_site_name":"Vega de Yuco","article_publisher":"https:\/\/www.facebook.com\/vegadeyuco","article_modified_time":"2025-12-19T11:52:28+00:00","og_image":[{"width":1000,"height":1000,"url":"https:\/\/www.vegadeyuco.com\/wp-content\/uploads\/2021\/01\/Aurum-dulce-2.png","type":"image\/png"}],"twitter_card":"summary_large_image","twitter_misc":{"Dur\u00e9e de lecture estim\u00e9e":"1 minute"},"schema":{"@context":"https:\/\/schema.org","@graph":[{"@type":"WebPage","@id":"https:\/\/www.vegadeyuco.com\/fr\/vins-doux\/","url":"https:\/\/www.vegadeyuco.com\/fr\/vins-doux\/","name":"Vins doux &#8226; Vega de Yuco","isPartOf":{"@id":"https:\/\/www.vegadeyuco.com\/fr\/#website"},"primaryImageOfPage":{"@id":"https:\/\/www.vegadeyuco.com\/fr\/vins-doux\/#primaryimage"},"image":{"@id":"https:\/\/www.vegadeyuco.com\/fr\/vins-doux\/#primaryimage"},"thumbnailUrl":"https:\/\/www.vegadeyuco.com\/wp-content\/uploads\/2021\/01\/Aurum-dulce-2.png","datePublished":"2019-11-30T12:36:52+00:00","dateModified":"2025-12-19T11:52:28+00:00","description":"Vins doux de Lanzarote, \u00e9labor\u00e9s \u00e0 partir du meilleur muscat. Une \u00e9dition sp\u00e9ciale et \u00e9l\u00e9gante pour ce vin liquoreux traditionnel.","breadcrumb":{"@id":"https:\/\/www.vegadeyuco.com\/fr\/vins-doux\/#breadcrumb"},"inLanguage":"fr-FR","potentialAction":[{"@type":"ReadAction","target":["https:\/\/www.vegadeyuco.com\/fr\/vins-doux\/"]}]},{"@type":"ImageObject","inLanguage":"fr-FR","@id":"https:\/\/www.vegadeyuco.com\/fr\/vins-doux\/#primaryimage","url":"https:\/\/www.vegadeyuco.com\/wp-content\/uploads\/2021\/01\/Aurum-dulce-2.png","contentUrl":"https:\/\/www.vegadeyuco.com\/wp-content\/uploads\/2021\/01\/Aurum-dulce-2.png"},{"@type":"BreadcrumbList","@id":"https:\/\/www.vegadeyuco.com\/fr\/vins-doux\/#breadcrumb","itemListElement":[{"@type":"ListItem","position":1,"name":"Portada","item":"https:\/\/www.vegadeyuco.com\/fr\/vega-de-yuco-cave-a-vin-a-lanzarote\/"},{"@type":"ListItem","position":2,"name":"Vins doux"}]},{"@type":"WebSite","@id":"https:\/\/www.vegadeyuco.com\/fr\/#website","url":"https:\/\/www.vegadeyuco.com\/fr\/","name":"Vega de Yuco","description":"Bodegas y Vi\u00f1edos Vega de Yuco en Lanzarote, una bodega tradicional Canaria que destila autenticidad e innovaci\u00f3n. ","publisher":{"@id":"https:\/\/www.vegadeyuco.com\/fr\/#organization"},"potentialAction":[{"@type":"SearchAction","target":{"@type":"EntryPoint","urlTemplate":"https:\/\/www.vegadeyuco.com\/fr\/?s={search_term_string}"},"query-input":{"@type":"PropertyValueSpecification","valueRequired":true,"valueName":"search_term_string"}}],"inLanguage":"fr-FR"},{"@type":"Organization","@id":"https:\/\/www.vegadeyuco.com\/fr\/#organization","name":"Bodegas Vega de Yuco","url":"https:\/\/www.vegadeyuco.com\/fr\/","logo":{"@type":"ImageObject","inLanguage":"fr-FR","@id":"https:\/\/www.vegadeyuco.com\/fr\/#\/schema\/logo\/image\/","url":"https:\/\/www.vegadeyuco.com\/wp-content\/uploads\/2020\/01\/LOGO_VEGADEYUCO_cabecera_pedidos.png","contentUrl":"https:\/\/www.vegadeyuco.com\/wp-content\/uploads\/2020\/01\/LOGO_VEGADEYUCO_cabecera_pedidos.png","width":250,"height":150,"caption":"Bodegas Vega de Yuco"},"image":{"@id":"https:\/\/www.vegadeyuco.com\/fr\/#\/schema\/logo\/image\/"},"sameAs":["https:\/\/www.facebook.com\/vegadeyuco","https:\/\/www.instagram.com\/vegadeyuco\/","https:\/\/www.youtube.com\/channel\/UCmDMkmxMCvbSXTLTAs3DM7A"]}]}},"post_mailing_queue_ids":[],"_links":{"self":[{"href":"https:\/\/www.vegadeyuco.com\/fr\/wp-json\/wp\/v2\/pages\/27059","targetHints":{"allow":["GET"]}}],"collection":[{"href":"https:\/\/www.vegadeyuco.com\/fr\/wp-json\/wp\/v2\/pages"}],"about":[{"href":"https:\/\/www.vegadeyuco.com\/fr\/wp-json\/wp\/v2\/types\/page"}],"author":[{"embeddable":true,"href":"https:\/\/www.vegadeyuco.com\/fr\/wp-json\/wp\/v2\/users\/1"}],"replies":[{"embeddable":true,"href":"https:\/\/www.vegadeyuco.com\/fr\/wp-json\/wp\/v2\/comments?post=27059"}],"version-history":[{"count":1,"href":"https:\/\/www.vegadeyuco.com\/fr\/wp-json\/wp\/v2\/pages\/27059\/revisions"}],"predecessor-version":[{"id":27060,"href":"https:\/\/www.vegadeyuco.com\/fr\/wp-json\/wp\/v2\/pages\/27059\/revisions\/27060"}],"wp:attachment":[{"href":"https:\/\/www.vegadeyuco.com\/fr\/wp-json\/wp\/v2\/media?parent=27059"}],"curies":[{"name":"wp","href":"https:\/\/api.w.org\/{rel}","templated":true}]}}