{"id":27064,"date":"2019-11-30T12:26:01","date_gmt":"2019-11-30T12:26:01","guid":{"rendered":"https:\/\/www.vegadeyuco.com\/vins-amusants\/"},"modified":"2025-12-19T11:55:44","modified_gmt":"2025-12-19T11:55:44","slug":"vins-amusants","status":"publish","type":"page","link":"https:\/\/www.vegadeyuco.com\/fr\/vins-amusants\/","title":{"rendered":"Vins amusants"},"content":{"rendered":"\t\t<div data-elementor-type=\"wp-page\" data-elementor-id=\"27064\" class=\"elementor elementor-27064 elementor-2994\" data-elementor-post-type=\"page\">\n\t\t\t\t<div class=\"elementor-element elementor-element-d64f537 e-flex e-con-boxed e-con e-parent\" data-id=\"d64f537\" data-element_type=\"container\">\n\t\t\t\t\t<div class=\"e-con-inner\">\n\t\t<div class=\"elementor-element elementor-element-5358914 e-con-full e-flex e-con e-child\" data-id=\"5358914\" data-element_type=\"container\">\n\t\t\t\t<div class=\"elementor-element elementor-element-b990328 elementor-widget elementor-widget-heading\" data-id=\"b990328\" data-element_type=\"widget\" data-widget_type=\"heading.default\">\n\t\t\t\t<div class=\"elementor-widget-container\">\n\t\t\t\t\t<h1 class=\"elementor-heading-title elementor-size-default\">Vins amusants<\/h1>\t\t\t\t<\/div>\n\t\t\t\t<\/div>\n\t\t\t\t<div class=\"elementor-element elementor-element-c5e0c19 elementor-widget elementor-widget-text-editor\" data-id=\"c5e0c19\" data-element_type=\"widget\" data-widget_type=\"text-editor.default\">\n\t\t\t\t<div class=\"elementor-widget-container\">\n\t\t\t\t\t\t\t\t\t<p>Bodegas Vega de Yuco recherche l&rsquo;excellence dans chacune de ses productions et <a href=\"https:\/\/www.vegadeyuco.com\/todos-los-vinos\/\">gammes de vins<\/a>, et l<a href=\"https:\/\/www.vegadeyuco.com\/Tienda\/da-ch-frizante\/\">es vins <strong>+Dach (Masdache)<\/strong><\/a> ne font pas exception. Ce sont des <strong>vins jeunes, frais et agr\u00e9ables<\/strong>, \u00e0 d\u00e9guster \u00e0 tout moment de l&rsquo;ann\u00e9e. <\/p><p>Sa production est limit\u00e9e et son \u00e9laboration est enti\u00e8rement artisanale, bouteille par bouteille, avec la valeur que seules les choses uniques et diff\u00e9rentes comme ce vin peuvent avoir.<\/p><p>Ce sont <strong>des vins p\u00e9tillants<\/strong>, dans le style des vins verts portugais, avec un caract\u00e8re 100 % canarien, \u00e9labor\u00e9s \u00e0 partir des meilleurs raisins de l&rsquo;appellation d&rsquo;origine Lanzarote.<\/p><p>Bulles fines, vives et tr\u00e8s intenses, gourmandes mais \u00e9quilibr\u00e9es et tr\u00e8s agr\u00e9ables en bouche. Elles surprennent presque tous ceux qui les go\u00fbtent. <\/p>\t\t\t\t\t\t\t\t<\/div>\n\t\t\t\t<\/div>\n\t\t\t\t<\/div>\n\t\t<div class=\"elementor-element elementor-element-50c6808 e-con-full e-flex e-con e-child\" data-id=\"50c6808\" data-element_type=\"container\">\n\t\t\t\t<div class=\"elementor-element elementor-element-9fbde91 elementor-widget elementor-widget-image\" data-id=\"9fbde91\" data-element_type=\"widget\" data-widget_type=\"image.default\">\n\t\t\t\t<div class=\"elementor-widget-container\">\n\t\t\t\t\t\t\t\t\t\t\t\t\t\t\t<img fetchpriority=\"high\" decoding=\"async\" width=\"1000\" height=\"1000\" src=\"https:\/\/www.vegadeyuco.com\/wp-content\/uploads\/2020\/11\/Dach-divertido-frizante.png\" class=\"attachment-full size-full wp-image-27062\" alt=\"\" srcset=\"https:\/\/www.vegadeyuco.com\/wp-content\/uploads\/2020\/11\/Dach-divertido-frizante.png 1000w, https:\/\/www.vegadeyuco.com\/wp-content\/uploads\/2020\/11\/Dach-divertido-frizante-300x300.png 300w, https:\/\/www.vegadeyuco.com\/wp-content\/uploads\/2020\/11\/Dach-divertido-frizante-150x150.png 150w, https:\/\/www.vegadeyuco.com\/wp-content\/uploads\/2020\/11\/Dach-divertido-frizante-768x768.png 768w, https:\/\/www.vegadeyuco.com\/wp-content\/uploads\/2020\/11\/Dach-divertido-frizante-100x100.png 100w\" sizes=\"(max-width: 1000px) 100vw, 1000px\" \/>\t\t\t\t\t\t\t\t\t\t\t\t\t\t\t<\/div>\n\t\t\t\t<\/div>\n\t\t\t\t<\/div>\n\t\t\t\t\t<\/div>\n\t\t\t\t<\/div>\n\t\t<div class=\"elementor-element elementor-element-6c4e769 e-flex e-con-boxed e-con e-parent\" data-id=\"6c4e769\" data-element_type=\"container\">\n\t\t\t\t\t<div class=\"e-con-inner\">\n\t\t<div class=\"elementor-element elementor-element-d619a8d e-con-full e-flex e-con e-child\" data-id=\"d619a8d\" data-element_type=\"container\">\n\t\t\t\t<\/div>\n\t\t\t\t\t<\/div>\n\t\t\t\t<\/div>\n\t\t\t\t<\/div>\n\t\t","protected":false},"excerpt":{"rendered":"<p>Vins amusants Bodegas Vega de Yuco recherche l&rsquo;excellence dans chacune de ses productions et gammes de vins, et les vins +Dach (Masdache) ne font pas exception. Ce sont des vins jeunes, frais et agr\u00e9ables, \u00e0 d\u00e9guster \u00e0 tout moment de l&rsquo;ann\u00e9e. Sa production est limit\u00e9e et son \u00e9laboration est enti\u00e8rement artisanale, bouteille par bouteille, avec [&hellip;]<\/p>\n","protected":false},"author":1,"featured_media":0,"parent":0,"menu_order":0,"comment_status":"closed","ping_status":"closed","template":"","meta":{"footnotes":""},"class_list":["post-27064","page","type-page","status-publish","hentry"],"yoast_head":"<!-- This site is optimized with the Yoast SEO plugin v26.8 - https:\/\/yoast.com\/product\/yoast-seo-wordpress\/ -->\n<title>Vins amusants &#8226; Vega de Yuco<\/title>\n<meta name=\"description\" content=\"Vin de Lanzarote jeune, frais et agr\u00e9able, \u00e0 d\u00e9guster \u00e0 tout moment de l&#039;ann\u00e9e, \u00e9labor\u00e9 de mani\u00e8re artisanale.\" \/>\n<meta name=\"robots\" content=\"index, follow, max-snippet:-1, max-image-preview:large, max-video-preview:-1\" \/>\n<link rel=\"canonical\" href=\"https:\/\/www.vegadeyuco.com\/fr\/vins-amusants\/\" \/>\n<meta property=\"og:locale\" content=\"fr_FR\" \/>\n<meta property=\"og:type\" content=\"article\" \/>\n<meta property=\"og:title\" content=\"Vins amusants &#8226; Vega de Yuco\" \/>\n<meta property=\"og:description\" content=\"Vin de Lanzarote jeune, frais et agr\u00e9able, \u00e0 d\u00e9guster \u00e0 tout moment de l&#039;ann\u00e9e, \u00e9labor\u00e9 de mani\u00e8re artisanale.\" \/>\n<meta property=\"og:url\" content=\"https:\/\/www.vegadeyuco.com\/fr\/vins-amusants\/\" \/>\n<meta property=\"og:site_name\" content=\"Vega de Yuco\" \/>\n<meta property=\"article:publisher\" content=\"https:\/\/www.facebook.com\/vegadeyuco\" \/>\n<meta property=\"article:modified_time\" content=\"2025-12-19T11:55:44+00:00\" \/>\n<meta property=\"og:image\" content=\"https:\/\/www.vegadeyuco.com\/wp-content\/uploads\/2020\/11\/Dach-divertido-frizante.png\" \/>\n<meta name=\"twitter:card\" content=\"summary_large_image\" \/>\n<meta name=\"twitter:label1\" content=\"Dur\u00e9e de lecture estim\u00e9e\" \/>\n\t<meta name=\"twitter:data1\" content=\"1 minute\" \/>\n<script type=\"application\/ld+json\" class=\"yoast-schema-graph\">{\"@context\":\"https:\/\/schema.org\",\"@graph\":[{\"@type\":\"WebPage\",\"@id\":\"https:\/\/www.vegadeyuco.com\/fr\/vins-amusants\/\",\"url\":\"https:\/\/www.vegadeyuco.com\/fr\/vins-amusants\/\",\"name\":\"Vins amusants &#8226; Vega de Yuco\",\"isPartOf\":{\"@id\":\"https:\/\/www.vegadeyuco.com\/fr\/#website\"},\"primaryImageOfPage\":{\"@id\":\"https:\/\/www.vegadeyuco.com\/fr\/vins-amusants\/#primaryimage\"},\"image\":{\"@id\":\"https:\/\/www.vegadeyuco.com\/fr\/vins-amusants\/#primaryimage\"},\"thumbnailUrl\":\"https:\/\/www.vegadeyuco.com\/wp-content\/uploads\/2020\/11\/Dach-divertido-frizante.png\",\"datePublished\":\"2019-11-30T12:26:01+00:00\",\"dateModified\":\"2025-12-19T11:55:44+00:00\",\"description\":\"Vin de Lanzarote jeune, frais et agr\u00e9able, \u00e0 d\u00e9guster \u00e0 tout moment de l'ann\u00e9e, \u00e9labor\u00e9 de mani\u00e8re artisanale.\",\"breadcrumb\":{\"@id\":\"https:\/\/www.vegadeyuco.com\/fr\/vins-amusants\/#breadcrumb\"},\"inLanguage\":\"fr-FR\",\"potentialAction\":[{\"@type\":\"ReadAction\",\"target\":[\"https:\/\/www.vegadeyuco.com\/fr\/vins-amusants\/\"]}]},{\"@type\":\"ImageObject\",\"inLanguage\":\"fr-FR\",\"@id\":\"https:\/\/www.vegadeyuco.com\/fr\/vins-amusants\/#primaryimage\",\"url\":\"https:\/\/www.vegadeyuco.com\/wp-content\/uploads\/2020\/11\/Dach-divertido-frizante.png\",\"contentUrl\":\"https:\/\/www.vegadeyuco.com\/wp-content\/uploads\/2020\/11\/Dach-divertido-frizante.png\"},{\"@type\":\"BreadcrumbList\",\"@id\":\"https:\/\/www.vegadeyuco.com\/fr\/vins-amusants\/#breadcrumb\",\"itemListElement\":[{\"@type\":\"ListItem\",\"position\":1,\"name\":\"Portada\",\"item\":\"https:\/\/www.vegadeyuco.com\/fr\/vega-de-yuco-cave-a-vin-a-lanzarote\/\"},{\"@type\":\"ListItem\",\"position\":2,\"name\":\"Vins amusants\"}]},{\"@type\":\"WebSite\",\"@id\":\"https:\/\/www.vegadeyuco.com\/fr\/#website\",\"url\":\"https:\/\/www.vegadeyuco.com\/fr\/\",\"name\":\"Vega de Yuco\",\"description\":\"Bodegas y Vi\u00f1edos Vega de Yuco en Lanzarote, una bodega tradicional Canaria que destila autenticidad e innovaci\u00f3n. \",\"publisher\":{\"@id\":\"https:\/\/www.vegadeyuco.com\/fr\/#organization\"},\"potentialAction\":[{\"@type\":\"SearchAction\",\"target\":{\"@type\":\"EntryPoint\",\"urlTemplate\":\"https:\/\/www.vegadeyuco.com\/fr\/?s={search_term_string}\"},\"query-input\":{\"@type\":\"PropertyValueSpecification\",\"valueRequired\":true,\"valueName\":\"search_term_string\"}}],\"inLanguage\":\"fr-FR\"},{\"@type\":\"Organization\",\"@id\":\"https:\/\/www.vegadeyuco.com\/fr\/#organization\",\"name\":\"Bodegas Vega de Yuco\",\"url\":\"https:\/\/www.vegadeyuco.com\/fr\/\",\"logo\":{\"@type\":\"ImageObject\",\"inLanguage\":\"fr-FR\",\"@id\":\"https:\/\/www.vegadeyuco.com\/fr\/#\/schema\/logo\/image\/\",\"url\":\"https:\/\/www.vegadeyuco.com\/wp-content\/uploads\/2020\/01\/LOGO_VEGADEYUCO_cabecera_pedidos.png\",\"contentUrl\":\"https:\/\/www.vegadeyuco.com\/wp-content\/uploads\/2020\/01\/LOGO_VEGADEYUCO_cabecera_pedidos.png\",\"width\":250,\"height\":150,\"caption\":\"Bodegas Vega de Yuco\"},\"image\":{\"@id\":\"https:\/\/www.vegadeyuco.com\/fr\/#\/schema\/logo\/image\/\"},\"sameAs\":[\"https:\/\/www.facebook.com\/vegadeyuco\",\"https:\/\/www.instagram.com\/vegadeyuco\/\",\"https:\/\/www.youtube.com\/channel\/UCmDMkmxMCvbSXTLTAs3DM7A\"]}]}<\/script>\n<!-- \/ Yoast SEO plugin. -->","yoast_head_json":{"title":"Vins amusants &#8226; Vega de Yuco","description":"Vin de Lanzarote jeune, frais et agr\u00e9able, \u00e0 d\u00e9guster \u00e0 tout moment de l'ann\u00e9e, \u00e9labor\u00e9 de mani\u00e8re artisanale.","robots":{"index":"index","follow":"follow","max-snippet":"max-snippet:-1","max-image-preview":"max-image-preview:large","max-video-preview":"max-video-preview:-1"},"canonical":"https:\/\/www.vegadeyuco.com\/fr\/vins-amusants\/","og_locale":"fr_FR","og_type":"article","og_title":"Vins amusants &#8226; Vega de Yuco","og_description":"Vin de Lanzarote jeune, frais et agr\u00e9able, \u00e0 d\u00e9guster \u00e0 tout moment de l'ann\u00e9e, \u00e9labor\u00e9 de mani\u00e8re artisanale.","og_url":"https:\/\/www.vegadeyuco.com\/fr\/vins-amusants\/","og_site_name":"Vega de Yuco","article_publisher":"https:\/\/www.facebook.com\/vegadeyuco","article_modified_time":"2025-12-19T11:55:44+00:00","og_image":[{"url":"https:\/\/www.vegadeyuco.com\/wp-content\/uploads\/2020\/11\/Dach-divertido-frizante.png","type":"","width":"","height":""}],"twitter_card":"summary_large_image","twitter_misc":{"Dur\u00e9e de lecture estim\u00e9e":"1 minute"},"schema":{"@context":"https:\/\/schema.org","@graph":[{"@type":"WebPage","@id":"https:\/\/www.vegadeyuco.com\/fr\/vins-amusants\/","url":"https:\/\/www.vegadeyuco.com\/fr\/vins-amusants\/","name":"Vins amusants &#8226; Vega de Yuco","isPartOf":{"@id":"https:\/\/www.vegadeyuco.com\/fr\/#website"},"primaryImageOfPage":{"@id":"https:\/\/www.vegadeyuco.com\/fr\/vins-amusants\/#primaryimage"},"image":{"@id":"https:\/\/www.vegadeyuco.com\/fr\/vins-amusants\/#primaryimage"},"thumbnailUrl":"https:\/\/www.vegadeyuco.com\/wp-content\/uploads\/2020\/11\/Dach-divertido-frizante.png","datePublished":"2019-11-30T12:26:01+00:00","dateModified":"2025-12-19T11:55:44+00:00","description":"Vin de Lanzarote jeune, frais et agr\u00e9able, \u00e0 d\u00e9guster \u00e0 tout moment de l'ann\u00e9e, \u00e9labor\u00e9 de mani\u00e8re artisanale.","breadcrumb":{"@id":"https:\/\/www.vegadeyuco.com\/fr\/vins-amusants\/#breadcrumb"},"inLanguage":"fr-FR","potentialAction":[{"@type":"ReadAction","target":["https:\/\/www.vegadeyuco.com\/fr\/vins-amusants\/"]}]},{"@type":"ImageObject","inLanguage":"fr-FR","@id":"https:\/\/www.vegadeyuco.com\/fr\/vins-amusants\/#primaryimage","url":"https:\/\/www.vegadeyuco.com\/wp-content\/uploads\/2020\/11\/Dach-divertido-frizante.png","contentUrl":"https:\/\/www.vegadeyuco.com\/wp-content\/uploads\/2020\/11\/Dach-divertido-frizante.png"},{"@type":"BreadcrumbList","@id":"https:\/\/www.vegadeyuco.com\/fr\/vins-amusants\/#breadcrumb","itemListElement":[{"@type":"ListItem","position":1,"name":"Portada","item":"https:\/\/www.vegadeyuco.com\/fr\/vega-de-yuco-cave-a-vin-a-lanzarote\/"},{"@type":"ListItem","position":2,"name":"Vins amusants"}]},{"@type":"WebSite","@id":"https:\/\/www.vegadeyuco.com\/fr\/#website","url":"https:\/\/www.vegadeyuco.com\/fr\/","name":"Vega de Yuco","description":"Bodegas y Vi\u00f1edos Vega de Yuco en Lanzarote, una bodega tradicional Canaria que destila autenticidad e innovaci\u00f3n. ","publisher":{"@id":"https:\/\/www.vegadeyuco.com\/fr\/#organization"},"potentialAction":[{"@type":"SearchAction","target":{"@type":"EntryPoint","urlTemplate":"https:\/\/www.vegadeyuco.com\/fr\/?s={search_term_string}"},"query-input":{"@type":"PropertyValueSpecification","valueRequired":true,"valueName":"search_term_string"}}],"inLanguage":"fr-FR"},{"@type":"Organization","@id":"https:\/\/www.vegadeyuco.com\/fr\/#organization","name":"Bodegas Vega de Yuco","url":"https:\/\/www.vegadeyuco.com\/fr\/","logo":{"@type":"ImageObject","inLanguage":"fr-FR","@id":"https:\/\/www.vegadeyuco.com\/fr\/#\/schema\/logo\/image\/","url":"https:\/\/www.vegadeyuco.com\/wp-content\/uploads\/2020\/01\/LOGO_VEGADEYUCO_cabecera_pedidos.png","contentUrl":"https:\/\/www.vegadeyuco.com\/wp-content\/uploads\/2020\/01\/LOGO_VEGADEYUCO_cabecera_pedidos.png","width":250,"height":150,"caption":"Bodegas Vega de Yuco"},"image":{"@id":"https:\/\/www.vegadeyuco.com\/fr\/#\/schema\/logo\/image\/"},"sameAs":["https:\/\/www.facebook.com\/vegadeyuco","https:\/\/www.instagram.com\/vegadeyuco\/","https:\/\/www.youtube.com\/channel\/UCmDMkmxMCvbSXTLTAs3DM7A"]}]}},"post_mailing_queue_ids":[],"_links":{"self":[{"href":"https:\/\/www.vegadeyuco.com\/fr\/wp-json\/wp\/v2\/pages\/27064","targetHints":{"allow":["GET"]}}],"collection":[{"href":"https:\/\/www.vegadeyuco.com\/fr\/wp-json\/wp\/v2\/pages"}],"about":[{"href":"https:\/\/www.vegadeyuco.com\/fr\/wp-json\/wp\/v2\/types\/page"}],"author":[{"embeddable":true,"href":"https:\/\/www.vegadeyuco.com\/fr\/wp-json\/wp\/v2\/users\/1"}],"replies":[{"embeddable":true,"href":"https:\/\/www.vegadeyuco.com\/fr\/wp-json\/wp\/v2\/comments?post=27064"}],"version-history":[{"count":1,"href":"https:\/\/www.vegadeyuco.com\/fr\/wp-json\/wp\/v2\/pages\/27064\/revisions"}],"predecessor-version":[{"id":27065,"href":"https:\/\/www.vegadeyuco.com\/fr\/wp-json\/wp\/v2\/pages\/27064\/revisions\/27065"}],"wp:attachment":[{"href":"https:\/\/www.vegadeyuco.com\/fr\/wp-json\/wp\/v2\/media?parent=27064"}],"curies":[{"name":"wp","href":"https:\/\/api.w.org\/{rel}","templated":true}]}}