{"id":27208,"date":"2019-12-21T13:56:58","date_gmt":"2019-12-21T13:56:58","guid":{"rendered":"https:\/\/www.vegadeyuco.com\/tous-les-vins\/"},"modified":"2026-01-08T13:16:20","modified_gmt":"2026-01-08T13:16:20","slug":"tous-les-vins","status":"publish","type":"page","link":"https:\/\/www.vegadeyuco.com\/fr\/tous-les-vins\/","title":{"rendered":"Tous les vins"},"content":{"rendered":"\t\t<div data-elementor-type=\"wp-page\" data-elementor-id=\"27208\" class=\"elementor elementor-27208 elementor-4701\" data-elementor-post-type=\"page\">\n\t\t\t\t<div class=\"elementor-element elementor-element-35eb6b9 e-flex e-con-boxed e-con e-parent\" data-id=\"35eb6b9\" data-element_type=\"container\">\n\t\t\t\t\t<div class=\"e-con-inner\">\n\t\t<div class=\"elementor-element elementor-element-90a5a55 e-con-full e-flex e-con e-child\" data-id=\"90a5a55\" data-element_type=\"container\">\n\t\t\t\t<div class=\"elementor-element elementor-element-b263ea6 elementor-widget elementor-widget-heading\" data-id=\"b263ea6\" data-element_type=\"widget\" data-widget_type=\"heading.default\">\n\t\t\t\t<div class=\"elementor-widget-container\">\n\t\t\t\t\t<h1 class=\"elementor-heading-title elementor-size-default\">Vins Bodegas Vega de Yuco <\/h1>\t\t\t\t<\/div>\n\t\t\t\t<\/div>\n\t\t\t\t<div class=\"elementor-element elementor-element-d144e95 elementor-widget elementor-widget-text-editor\" data-id=\"d144e95\" data-element_type=\"widget\" data-widget_type=\"text-editor.default\">\n\t\t\t\t<div class=\"elementor-widget-container\">\n\t\t\t\t\t\t\t\t\t<p>D\u00e9couvrir les<strong><a href=\"https:\/\/www.vegadeyuco.com\/fr\/\"> vins de Lanzarote<\/a><\/strong> avec Bodegas Vega de Yuco est synonyme de qualit\u00e9, de durabilit\u00e9 et de passion pour la viticulture h\u00e9ro\u00efque et le paysage, avec La Geria et sa culture en fosses comme r\u00e9f\u00e9rences. Ce sont les signes distinctifs de notre cave, dont les valeurs impr\u00e8gnent chacun de nos vins, \u00e9labor\u00e9s principalement \u00e0 partir de <a href=\"https:\/\/www.vegadeyuco.com\/blanco-seco\/\">Malvas\u00eda Volc\u00e1nica<\/a> et de<a href=\"http:\/\/Lanzarote:%20https:\/\/www.vegadeyuco.com\/el-entorno-lanzarote\/\" data-wplink-url-error=\"true\"> List\u00e1n Negro de Lanzarote.<\/a> <\/p><p>Nos vins ne parlent pas seulement de nous, ils portent \u00e9galement la marque distinctive et l&rsquo;essence de la terre volcanique qui les a vus na\u00eetre. Des vins atlantiques et volcaniques au go\u00fbt de Lanzarote que nous vous invitons \u00e0 d\u00e9couvrir.<\/p>\t\t\t\t\t\t\t\t<\/div>\n\t\t\t\t<\/div>\n\t\t\t\t<\/div>\n\t\t<div class=\"elementor-element elementor-element-676c16e e-con-full e-flex e-con e-child\" data-id=\"676c16e\" data-element_type=\"container\">\n\t\t\t\t<div class=\"elementor-element elementor-element-65bdb4a elementor-widget elementor-widget-image\" data-id=\"65bdb4a\" data-element_type=\"widget\" data-widget_type=\"image.default\">\n\t\t\t\t<div class=\"elementor-widget-container\">\n\t\t\t\t\t\t\t\t\t\t\t\t\t\t\t<img fetchpriority=\"high\" decoding=\"async\" width=\"477\" height=\"804\" src=\"https:\/\/www.vegadeyuco.com\/wp-content\/uploads\/2025\/02\/vega.jpg\" class=\"attachment-full size-full wp-image-27080\" alt=\"\" srcset=\"https:\/\/www.vegadeyuco.com\/wp-content\/uploads\/2025\/02\/vega.jpg 477w, https:\/\/www.vegadeyuco.com\/wp-content\/uploads\/2025\/02\/vega-178x300.jpg 178w\" sizes=\"(max-width: 477px) 100vw, 477px\" \/>\t\t\t\t\t\t\t\t\t\t\t\t\t\t\t<\/div>\n\t\t\t\t<\/div>\n\t\t\t\t<\/div>\n\t\t\t\t\t<\/div>\n\t\t\t\t<\/div>\n\t\t<div class=\"elementor-element elementor-element-8af33db e-flex e-con-boxed e-con e-parent\" data-id=\"8af33db\" data-element_type=\"container\">\n\t\t\t\t\t<div class=\"e-con-inner\">\n\t\t<div class=\"elementor-element elementor-element-867a426 e-con-full e-flex e-con e-child\" data-id=\"867a426\" data-element_type=\"container\">\n\t\t\t\t<div class=\"elementor-element elementor-element-7fcad74 elementor-grid-3 elementor-grid-mobile-1 elementor-product-loop-item--align-center elementor-grid-tablet-3 elementor-products-grid elementor-wc-products elementor-widget elementor-widget-wc-categories\" data-id=\"7fcad74\" data-element_type=\"widget\" data-widget_type=\"wc-categories.default\">\n\t\t\t\t<div class=\"elementor-widget-container\">\n\t\t\t\t\t<div class=\"woocommerce columns-3\"><ul class=\"products elementor-grid columns-3\">\n<li class=\"product-category product first\">\n\t<a aria-label=\"Acc\u00e9der \u00e0 la cat\u00e9gorie de produits Blanc Sec\" href=\"https:\/\/www.vegadeyuco.com\/fr\/categoria-producto\/blanc-sec\/\"><img decoding=\"async\" src=\"https:\/\/www.vegadeyuco.com\/wp-content\/uploads\/2017\/01\/Yaiza-seco.png\" alt=\"Blanc Sec\" width=\"1000\" height=\"1000\" srcset=\"https:\/\/www.vegadeyuco.com\/wp-content\/uploads\/2017\/01\/Yaiza-seco.png 1000w, https:\/\/www.vegadeyuco.com\/wp-content\/uploads\/2017\/01\/Yaiza-seco-300x300.png 300w, https:\/\/www.vegadeyuco.com\/wp-content\/uploads\/2017\/01\/Yaiza-seco-150x150.png 150w, https:\/\/www.vegadeyuco.com\/wp-content\/uploads\/2017\/01\/Yaiza-seco-768x768.png 768w, https:\/\/www.vegadeyuco.com\/wp-content\/uploads\/2017\/01\/Yaiza-seco-100x100.png 100w\" sizes=\"(max-width: 1000px) 100vw, 1000px\" \/>\t\t<h2 class=\"woocommerce-loop-category__title\">\n\t\t\tBlanc Sec <mark class=\"count\">(10)<\/mark>\t\t<\/h2>\n\t\t<\/a><\/li>\n<li class=\"product-category product\">\n\t<a aria-label=\"Acc\u00e9der \u00e0 la cat\u00e9gorie de produits Blanc demi-doux\" href=\"https:\/\/www.vegadeyuco.com\/fr\/categoria-producto\/blanc-demi-doux\/\"><img decoding=\"async\" src=\"https:\/\/www.vegadeyuco.com\/wp-content\/uploads\/2018\/11\/Ico-semidulce-2.png\" alt=\"Blanc demi-doux\" width=\"1000\" height=\"1000\" srcset=\"https:\/\/www.vegadeyuco.com\/wp-content\/uploads\/2018\/11\/Ico-semidulce-2.png 1000w, https:\/\/www.vegadeyuco.com\/wp-content\/uploads\/2018\/11\/Ico-semidulce-2-300x300.png 300w, https:\/\/www.vegadeyuco.com\/wp-content\/uploads\/2018\/11\/Ico-semidulce-2-150x150.png 150w, https:\/\/www.vegadeyuco.com\/wp-content\/uploads\/2018\/11\/Ico-semidulce-2-768x768.png 768w, https:\/\/www.vegadeyuco.com\/wp-content\/uploads\/2018\/11\/Ico-semidulce-2-100x100.png 100w\" sizes=\"(max-width: 1000px) 100vw, 1000px\" \/>\t\t<h2 class=\"woocommerce-loop-category__title\">\n\t\t\tBlanc demi-doux <mark class=\"count\">(8)<\/mark>\t\t<\/h2>\n\t\t<\/a><\/li>\n<li class=\"product-category product last\">\n\t<a aria-label=\"Acc\u00e9der \u00e0 la cat\u00e9gorie de produits Mousseux\" href=\"https:\/\/www.vegadeyuco.com\/fr\/categoria-producto\/mousseux\/\"><img loading=\"lazy\" decoding=\"async\" src=\"https:\/\/www.vegadeyuco.com\/wp-content\/uploads\/2021\/12\/Princesa-fayna.png\" alt=\"Mousseux\" width=\"1000\" height=\"1000\" srcset=\"https:\/\/www.vegadeyuco.com\/wp-content\/uploads\/2021\/12\/Princesa-fayna.png 1000w, https:\/\/www.vegadeyuco.com\/wp-content\/uploads\/2021\/12\/Princesa-fayna-300x300.png 300w, https:\/\/www.vegadeyuco.com\/wp-content\/uploads\/2021\/12\/Princesa-fayna-150x150.png 150w, https:\/\/www.vegadeyuco.com\/wp-content\/uploads\/2021\/12\/Princesa-fayna-768x768.png 768w, https:\/\/www.vegadeyuco.com\/wp-content\/uploads\/2021\/12\/Princesa-fayna-100x100.png 100w\" sizes=\"(max-width: 1000px) 100vw, 1000px\" \/>\t\t<h2 class=\"woocommerce-loop-category__title\">\n\t\t\tMousseux <mark class=\"count\">(2)<\/mark>\t\t<\/h2>\n\t\t<\/a><\/li>\n<li class=\"product-category product first\">\n\t<a aria-label=\"Acc\u00e9der \u00e0 la cat\u00e9gorie de produits Rouge\" href=\"https:\/\/www.vegadeyuco.com\/fr\/categoria-producto\/rouge\/\"><img loading=\"lazy\" decoding=\"async\" src=\"https:\/\/www.vegadeyuco.com\/wp-content\/uploads\/2017\/01\/Gara-tinto.png\" alt=\"Rouge\" width=\"1000\" height=\"1000\" srcset=\"https:\/\/www.vegadeyuco.com\/wp-content\/uploads\/2017\/01\/Gara-tinto.png 1000w, https:\/\/www.vegadeyuco.com\/wp-content\/uploads\/2017\/01\/Gara-tinto-300x300.png 300w, https:\/\/www.vegadeyuco.com\/wp-content\/uploads\/2017\/01\/Gara-tinto-150x150.png 150w, https:\/\/www.vegadeyuco.com\/wp-content\/uploads\/2017\/01\/Gara-tinto-768x768.png 768w, https:\/\/www.vegadeyuco.com\/wp-content\/uploads\/2017\/01\/Gara-tinto-100x100.png 100w\" sizes=\"(max-width: 1000px) 100vw, 1000px\" \/>\t\t<h2 class=\"woocommerce-loop-category__title\">\n\t\t\tRouge <mark class=\"count\">(6)<\/mark>\t\t<\/h2>\n\t\t<\/a><\/li>\n<li class=\"product-category product\">\n\t<a aria-label=\"Acc\u00e9der \u00e0 la cat\u00e9gorie de produits Ros\u00e9\" href=\"https:\/\/www.vegadeyuco.com\/fr\/categoria-producto\/rose\/\"><img loading=\"lazy\" decoding=\"async\" src=\"https:\/\/www.vegadeyuco.com\/wp-content\/uploads\/2017\/01\/Yaiza-rosado.png\" alt=\"Ros\u00e9\" width=\"1000\" height=\"1000\" srcset=\"https:\/\/www.vegadeyuco.com\/wp-content\/uploads\/2017\/01\/Yaiza-rosado.png 1000w, https:\/\/www.vegadeyuco.com\/wp-content\/uploads\/2017\/01\/Yaiza-rosado-300x300.png 300w, https:\/\/www.vegadeyuco.com\/wp-content\/uploads\/2017\/01\/Yaiza-rosado-150x150.png 150w, https:\/\/www.vegadeyuco.com\/wp-content\/uploads\/2017\/01\/Yaiza-rosado-768x768.png 768w, https:\/\/www.vegadeyuco.com\/wp-content\/uploads\/2017\/01\/Yaiza-rosado-100x100.png 100w\" sizes=\"(max-width: 1000px) 100vw, 1000px\" \/>\t\t<h2 class=\"woocommerce-loop-category__title\">\n\t\t\tRos\u00e9 <mark class=\"count\">(6)<\/mark>\t\t<\/h2>\n\t\t<\/a><\/li>\n<li class=\"product-category product last\">\n\t<a aria-label=\"Acc\u00e9der \u00e0 la cat\u00e9gorie de produits Amusant\" href=\"https:\/\/www.vegadeyuco.com\/fr\/categoria-producto\/amusant\/\"><img loading=\"lazy\" decoding=\"async\" src=\"https:\/\/www.vegadeyuco.com\/wp-content\/uploads\/2020\/11\/Dach-divertido-frizante.png\" alt=\"Amusant\" width=\"1000\" height=\"1000\" srcset=\"https:\/\/www.vegadeyuco.com\/wp-content\/uploads\/2020\/11\/Dach-divertido-frizante.png 1000w, https:\/\/www.vegadeyuco.com\/wp-content\/uploads\/2020\/11\/Dach-divertido-frizante-300x300.png 300w, https:\/\/www.vegadeyuco.com\/wp-content\/uploads\/2020\/11\/Dach-divertido-frizante-150x150.png 150w, https:\/\/www.vegadeyuco.com\/wp-content\/uploads\/2020\/11\/Dach-divertido-frizante-768x768.png 768w, https:\/\/www.vegadeyuco.com\/wp-content\/uploads\/2020\/11\/Dach-divertido-frizante-100x100.png 100w\" sizes=\"(max-width: 1000px) 100vw, 1000px\" \/>\t\t<h2 class=\"woocommerce-loop-category__title\">\n\t\t\tAmusant <mark class=\"count\">(2)<\/mark>\t\t<\/h2>\n\t\t<\/a><\/li>\n<li class=\"product-category product first\">\n\t<a aria-label=\"Acc\u00e9der \u00e0 la cat\u00e9gorie de produits Doux\" href=\"https:\/\/www.vegadeyuco.com\/fr\/categoria-producto\/doux\/\"><img loading=\"lazy\" decoding=\"async\" src=\"https:\/\/www.vegadeyuco.com\/wp-content\/uploads\/2021\/01\/Aurum-dulce-2.png\" alt=\"Doux\" width=\"1000\" height=\"1000\" srcset=\"https:\/\/www.vegadeyuco.com\/wp-content\/uploads\/2021\/01\/Aurum-dulce-2.png 1000w, https:\/\/www.vegadeyuco.com\/wp-content\/uploads\/2021\/01\/Aurum-dulce-2-300x300.png 300w, https:\/\/www.vegadeyuco.com\/wp-content\/uploads\/2021\/01\/Aurum-dulce-2-150x150.png 150w, https:\/\/www.vegadeyuco.com\/wp-content\/uploads\/2021\/01\/Aurum-dulce-2-768x768.png 768w, https:\/\/www.vegadeyuco.com\/wp-content\/uploads\/2021\/01\/Aurum-dulce-2-100x100.png 100w\" sizes=\"(max-width: 1000px) 100vw, 1000px\" \/>\t\t<h2 class=\"woocommerce-loop-category__title\">\n\t\t\tDoux <mark class=\"count\">(3)<\/mark>\t\t<\/h2>\n\t\t<\/a><\/li>\n<\/ul>\n<\/div>\t\t\t\t<\/div>\n\t\t\t\t<\/div>\n\t\t\t\t<\/div>\n\t\t\t\t\t<\/div>\n\t\t\t\t<\/div>\n\t\t\t\t<\/div>\n\t\t","protected":false},"excerpt":{"rendered":"<p>Vins Bodegas Vega de Yuco D\u00e9couvrir les vins de Lanzarote avec Bodegas Vega de Yuco est synonyme de qualit\u00e9, de durabilit\u00e9 et de passion pour la viticulture h\u00e9ro\u00efque et le paysage, avec La Geria et sa culture en fosses comme r\u00e9f\u00e9rences. Ce sont les signes distinctifs de notre cave, dont les valeurs impr\u00e8gnent chacun de [&hellip;]<\/p>\n","protected":false},"author":1,"featured_media":0,"parent":0,"menu_order":0,"comment_status":"closed","ping_status":"closed","template":"","meta":{"footnotes":""},"class_list":["post-27208","page","type-page","status-publish","hentry"],"yoast_head":"<!-- This site is optimized with the Yoast SEO plugin v26.8 - https:\/\/yoast.com\/product\/yoast-seo-wordpress\/ -->\n<title>Tous les vins &#8226; Vega de Yuco<\/title>\n<meta name=\"description\" content=\"Vega de Yuco es una bodega tradicional Canaria que destila autenticidad e innovaci\u00f3n. La bodega nos descubre unos vinos genuinos, muy expresivos y con personalidad \u00fanica.\" \/>\n<meta name=\"robots\" content=\"index, follow, max-snippet:-1, max-image-preview:large, max-video-preview:-1\" \/>\n<link rel=\"canonical\" href=\"https:\/\/www.vegadeyuco.com\/fr\/tous-les-vins\/\" \/>\n<meta property=\"og:locale\" content=\"fr_FR\" \/>\n<meta property=\"og:type\" content=\"article\" \/>\n<meta property=\"og:title\" content=\"Tous les vins &#8226; Vega de Yuco\" \/>\n<meta property=\"og:description\" content=\"Vega de Yuco es una bodega tradicional Canaria que destila autenticidad e innovaci\u00f3n. La bodega nos descubre unos vinos genuinos, muy expresivos y con personalidad \u00fanica.\" \/>\n<meta property=\"og:url\" content=\"https:\/\/www.vegadeyuco.com\/fr\/tous-les-vins\/\" \/>\n<meta property=\"og:site_name\" content=\"Vega de Yuco\" \/>\n<meta property=\"article:publisher\" content=\"https:\/\/www.facebook.com\/vegadeyuco\" \/>\n<meta property=\"article:modified_time\" content=\"2026-01-08T13:16:20+00:00\" \/>\n<meta property=\"og:image\" content=\"https:\/\/www.vegadeyuco.com\/wp-content\/uploads\/2025\/02\/vega.jpg\" \/>\n\t<meta property=\"og:image:width\" content=\"477\" \/>\n\t<meta property=\"og:image:height\" content=\"804\" \/>\n\t<meta property=\"og:image:type\" content=\"image\/jpeg\" \/>\n<meta name=\"twitter:card\" content=\"summary_large_image\" \/>\n<meta name=\"twitter:label1\" content=\"Dur\u00e9e de lecture estim\u00e9e\" \/>\n\t<meta name=\"twitter:data1\" content=\"1 minute\" \/>\n<script type=\"application\/ld+json\" class=\"yoast-schema-graph\">{\"@context\":\"https:\/\/schema.org\",\"@graph\":[{\"@type\":\"WebPage\",\"@id\":\"https:\/\/www.vegadeyuco.com\/fr\/tous-les-vins\/\",\"url\":\"https:\/\/www.vegadeyuco.com\/fr\/tous-les-vins\/\",\"name\":\"Tous les vins &#8226; Vega de Yuco\",\"isPartOf\":{\"@id\":\"https:\/\/www.vegadeyuco.com\/fr\/#website\"},\"primaryImageOfPage\":{\"@id\":\"https:\/\/www.vegadeyuco.com\/fr\/tous-les-vins\/#primaryimage\"},\"image\":{\"@id\":\"https:\/\/www.vegadeyuco.com\/fr\/tous-les-vins\/#primaryimage\"},\"thumbnailUrl\":\"https:\/\/www.vegadeyuco.com\/wp-content\/uploads\/2025\/02\/vega.jpg\",\"datePublished\":\"2019-12-21T13:56:58+00:00\",\"dateModified\":\"2026-01-08T13:16:20+00:00\",\"description\":\"Vega de Yuco es una bodega tradicional Canaria que destila autenticidad e innovaci\u00f3n. La bodega nos descubre unos vinos genuinos, muy expresivos y con personalidad \u00fanica.\",\"breadcrumb\":{\"@id\":\"https:\/\/www.vegadeyuco.com\/fr\/tous-les-vins\/#breadcrumb\"},\"inLanguage\":\"fr-FR\",\"potentialAction\":[{\"@type\":\"ReadAction\",\"target\":[\"https:\/\/www.vegadeyuco.com\/fr\/tous-les-vins\/\"]}]},{\"@type\":\"ImageObject\",\"inLanguage\":\"fr-FR\",\"@id\":\"https:\/\/www.vegadeyuco.com\/fr\/tous-les-vins\/#primaryimage\",\"url\":\"https:\/\/www.vegadeyuco.com\/wp-content\/uploads\/2025\/02\/vega.jpg\",\"contentUrl\":\"https:\/\/www.vegadeyuco.com\/wp-content\/uploads\/2025\/02\/vega.jpg\"},{\"@type\":\"BreadcrumbList\",\"@id\":\"https:\/\/www.vegadeyuco.com\/fr\/tous-les-vins\/#breadcrumb\",\"itemListElement\":[{\"@type\":\"ListItem\",\"position\":1,\"name\":\"Portada\",\"item\":\"https:\/\/www.vegadeyuco.com\/fr\/vega-de-yuco-cave-a-vin-a-lanzarote\/\"},{\"@type\":\"ListItem\",\"position\":2,\"name\":\"Tous les vins\"}]},{\"@type\":\"WebSite\",\"@id\":\"https:\/\/www.vegadeyuco.com\/fr\/#website\",\"url\":\"https:\/\/www.vegadeyuco.com\/fr\/\",\"name\":\"Vega de Yuco\",\"description\":\"Bodegas y Vi\u00f1edos Vega de Yuco en Lanzarote, una bodega tradicional Canaria que destila autenticidad e innovaci\u00f3n. \",\"publisher\":{\"@id\":\"https:\/\/www.vegadeyuco.com\/fr\/#organization\"},\"potentialAction\":[{\"@type\":\"SearchAction\",\"target\":{\"@type\":\"EntryPoint\",\"urlTemplate\":\"https:\/\/www.vegadeyuco.com\/fr\/?s={search_term_string}\"},\"query-input\":{\"@type\":\"PropertyValueSpecification\",\"valueRequired\":true,\"valueName\":\"search_term_string\"}}],\"inLanguage\":\"fr-FR\"},{\"@type\":\"Organization\",\"@id\":\"https:\/\/www.vegadeyuco.com\/fr\/#organization\",\"name\":\"Bodegas Vega de Yuco\",\"url\":\"https:\/\/www.vegadeyuco.com\/fr\/\",\"logo\":{\"@type\":\"ImageObject\",\"inLanguage\":\"fr-FR\",\"@id\":\"https:\/\/www.vegadeyuco.com\/fr\/#\/schema\/logo\/image\/\",\"url\":\"https:\/\/www.vegadeyuco.com\/wp-content\/uploads\/2020\/01\/LOGO_VEGADEYUCO_cabecera_pedidos.png\",\"contentUrl\":\"https:\/\/www.vegadeyuco.com\/wp-content\/uploads\/2020\/01\/LOGO_VEGADEYUCO_cabecera_pedidos.png\",\"width\":250,\"height\":150,\"caption\":\"Bodegas Vega de Yuco\"},\"image\":{\"@id\":\"https:\/\/www.vegadeyuco.com\/fr\/#\/schema\/logo\/image\/\"},\"sameAs\":[\"https:\/\/www.facebook.com\/vegadeyuco\",\"https:\/\/www.instagram.com\/vegadeyuco\/\",\"https:\/\/www.youtube.com\/channel\/UCmDMkmxMCvbSXTLTAs3DM7A\"]}]}<\/script>\n<!-- \/ Yoast SEO plugin. -->","yoast_head_json":{"title":"Tous les vins &#8226; Vega de Yuco","description":"Vega de Yuco es una bodega tradicional Canaria que destila autenticidad e innovaci\u00f3n. La bodega nos descubre unos vinos genuinos, muy expresivos y con personalidad \u00fanica.","robots":{"index":"index","follow":"follow","max-snippet":"max-snippet:-1","max-image-preview":"max-image-preview:large","max-video-preview":"max-video-preview:-1"},"canonical":"https:\/\/www.vegadeyuco.com\/fr\/tous-les-vins\/","og_locale":"fr_FR","og_type":"article","og_title":"Tous les vins &#8226; Vega de Yuco","og_description":"Vega de Yuco es una bodega tradicional Canaria que destila autenticidad e innovaci\u00f3n. La bodega nos descubre unos vinos genuinos, muy expresivos y con personalidad \u00fanica.","og_url":"https:\/\/www.vegadeyuco.com\/fr\/tous-les-vins\/","og_site_name":"Vega de Yuco","article_publisher":"https:\/\/www.facebook.com\/vegadeyuco","article_modified_time":"2026-01-08T13:16:20+00:00","og_image":[{"width":477,"height":804,"url":"https:\/\/www.vegadeyuco.com\/wp-content\/uploads\/2025\/02\/vega.jpg","type":"image\/jpeg"}],"twitter_card":"summary_large_image","twitter_misc":{"Dur\u00e9e de lecture estim\u00e9e":"1 minute"},"schema":{"@context":"https:\/\/schema.org","@graph":[{"@type":"WebPage","@id":"https:\/\/www.vegadeyuco.com\/fr\/tous-les-vins\/","url":"https:\/\/www.vegadeyuco.com\/fr\/tous-les-vins\/","name":"Tous les vins &#8226; Vega de Yuco","isPartOf":{"@id":"https:\/\/www.vegadeyuco.com\/fr\/#website"},"primaryImageOfPage":{"@id":"https:\/\/www.vegadeyuco.com\/fr\/tous-les-vins\/#primaryimage"},"image":{"@id":"https:\/\/www.vegadeyuco.com\/fr\/tous-les-vins\/#primaryimage"},"thumbnailUrl":"https:\/\/www.vegadeyuco.com\/wp-content\/uploads\/2025\/02\/vega.jpg","datePublished":"2019-12-21T13:56:58+00:00","dateModified":"2026-01-08T13:16:20+00:00","description":"Vega de Yuco es una bodega tradicional Canaria que destila autenticidad e innovaci\u00f3n. La bodega nos descubre unos vinos genuinos, muy expresivos y con personalidad \u00fanica.","breadcrumb":{"@id":"https:\/\/www.vegadeyuco.com\/fr\/tous-les-vins\/#breadcrumb"},"inLanguage":"fr-FR","potentialAction":[{"@type":"ReadAction","target":["https:\/\/www.vegadeyuco.com\/fr\/tous-les-vins\/"]}]},{"@type":"ImageObject","inLanguage":"fr-FR","@id":"https:\/\/www.vegadeyuco.com\/fr\/tous-les-vins\/#primaryimage","url":"https:\/\/www.vegadeyuco.com\/wp-content\/uploads\/2025\/02\/vega.jpg","contentUrl":"https:\/\/www.vegadeyuco.com\/wp-content\/uploads\/2025\/02\/vega.jpg"},{"@type":"BreadcrumbList","@id":"https:\/\/www.vegadeyuco.com\/fr\/tous-les-vins\/#breadcrumb","itemListElement":[{"@type":"ListItem","position":1,"name":"Portada","item":"https:\/\/www.vegadeyuco.com\/fr\/vega-de-yuco-cave-a-vin-a-lanzarote\/"},{"@type":"ListItem","position":2,"name":"Tous les vins"}]},{"@type":"WebSite","@id":"https:\/\/www.vegadeyuco.com\/fr\/#website","url":"https:\/\/www.vegadeyuco.com\/fr\/","name":"Vega de Yuco","description":"Bodegas y Vi\u00f1edos Vega de Yuco en Lanzarote, una bodega tradicional Canaria que destila autenticidad e innovaci\u00f3n. ","publisher":{"@id":"https:\/\/www.vegadeyuco.com\/fr\/#organization"},"potentialAction":[{"@type":"SearchAction","target":{"@type":"EntryPoint","urlTemplate":"https:\/\/www.vegadeyuco.com\/fr\/?s={search_term_string}"},"query-input":{"@type":"PropertyValueSpecification","valueRequired":true,"valueName":"search_term_string"}}],"inLanguage":"fr-FR"},{"@type":"Organization","@id":"https:\/\/www.vegadeyuco.com\/fr\/#organization","name":"Bodegas Vega de Yuco","url":"https:\/\/www.vegadeyuco.com\/fr\/","logo":{"@type":"ImageObject","inLanguage":"fr-FR","@id":"https:\/\/www.vegadeyuco.com\/fr\/#\/schema\/logo\/image\/","url":"https:\/\/www.vegadeyuco.com\/wp-content\/uploads\/2020\/01\/LOGO_VEGADEYUCO_cabecera_pedidos.png","contentUrl":"https:\/\/www.vegadeyuco.com\/wp-content\/uploads\/2020\/01\/LOGO_VEGADEYUCO_cabecera_pedidos.png","width":250,"height":150,"caption":"Bodegas Vega de Yuco"},"image":{"@id":"https:\/\/www.vegadeyuco.com\/fr\/#\/schema\/logo\/image\/"},"sameAs":["https:\/\/www.facebook.com\/vegadeyuco","https:\/\/www.instagram.com\/vegadeyuco\/","https:\/\/www.youtube.com\/channel\/UCmDMkmxMCvbSXTLTAs3DM7A"]}]}},"post_mailing_queue_ids":[],"_links":{"self":[{"href":"https:\/\/www.vegadeyuco.com\/fr\/wp-json\/wp\/v2\/pages\/27208","targetHints":{"allow":["GET"]}}],"collection":[{"href":"https:\/\/www.vegadeyuco.com\/fr\/wp-json\/wp\/v2\/pages"}],"about":[{"href":"https:\/\/www.vegadeyuco.com\/fr\/wp-json\/wp\/v2\/types\/page"}],"author":[{"embeddable":true,"href":"https:\/\/www.vegadeyuco.com\/fr\/wp-json\/wp\/v2\/users\/1"}],"replies":[{"embeddable":true,"href":"https:\/\/www.vegadeyuco.com\/fr\/wp-json\/wp\/v2\/comments?post=27208"}],"version-history":[{"count":2,"href":"https:\/\/www.vegadeyuco.com\/fr\/wp-json\/wp\/v2\/pages\/27208\/revisions"}],"predecessor-version":[{"id":27210,"href":"https:\/\/www.vegadeyuco.com\/fr\/wp-json\/wp\/v2\/pages\/27208\/revisions\/27210"}],"wp:attachment":[{"href":"https:\/\/www.vegadeyuco.com\/fr\/wp-json\/wp\/v2\/media?parent=27208"}],"curies":[{"name":"wp","href":"https:\/\/api.w.org\/{rel}","templated":true}]}}