{"id":27266,"date":"2023-11-30T15:25:48","date_gmt":"2023-11-30T15:25:48","guid":{"rendered":"https:\/\/www.vegadeyuco.com\/informations-nutritionnelles-rose-sec\/"},"modified":"2026-01-08T13:54:22","modified_gmt":"2026-01-08T13:54:22","slug":"informations-nutritionnelles-rose-sec","status":"publish","type":"page","link":"https:\/\/www.vegadeyuco.com\/fr\/informations-nutritionnelles-rose-sec\/","title":{"rendered":"Informations nutritionnelles &#8211; Ros\u00e9 sec"},"content":{"rendered":"\t\t<div data-elementor-type=\"wp-page\" data-elementor-id=\"27266\" class=\"elementor elementor-27266 elementor-20412\" data-elementor-post-type=\"page\">\n\t\t\t\t<div class=\"elementor-element elementor-element-6bc4746 e-flex e-con-boxed e-con e-parent\" data-id=\"6bc4746\" data-element_type=\"container\">\n\t\t\t\t\t<div class=\"e-con-inner\">\n\t\t\t\t<div class=\"elementor-element elementor-element-f8eeef3 elementor-widget elementor-widget-heading\" data-id=\"f8eeef3\" data-element_type=\"widget\" data-widget_type=\"heading.default\">\n\t\t\t\t<div class=\"elementor-widget-container\">\n\t\t\t\t\t<h1 class=\"elementor-heading-title elementor-size-default\">Informations nutritionnelles<\/h1>\t\t\t\t<\/div>\n\t\t\t\t<\/div>\n\t\t\t\t<div class=\"elementor-element elementor-element-5e7dccf elementor-widget-divider--view-line elementor-widget elementor-widget-divider\" data-id=\"5e7dccf\" data-element_type=\"widget\" data-widget_type=\"divider.default\">\n\t\t\t\t<div class=\"elementor-widget-container\">\n\t\t\t\t\t\t\t<div class=\"elementor-divider\">\n\t\t\t<span class=\"elementor-divider-separator\">\n\t\t\t\t\t\t<\/span>\n\t\t<\/div>\n\t\t\t\t\t\t<\/div>\n\t\t\t\t<\/div>\n\t\t\t\t\t<\/div>\n\t\t\t\t<\/div>\n\t\t\t\t<section class=\"elementor-section elementor-top-section elementor-element elementor-element-de2f5d4 elementor-section-boxed elementor-section-height-default elementor-section-height-default\" data-id=\"de2f5d4\" data-element_type=\"section\">\n\t\t\t\t\t\t<div class=\"elementor-container elementor-column-gap-default\">\n\t\t\t\t\t<div class=\"elementor-column elementor-col-100 elementor-top-column elementor-element elementor-element-18324d2\" data-id=\"18324d2\" data-element_type=\"column\">\n\t\t\t<div class=\"elementor-widget-wrap elementor-element-populated\">\n\t\t\t\t\t\t<div class=\"elementor-element elementor-element-0d158fa elementor-widget elementor-widget-image\" data-id=\"0d158fa\" data-element_type=\"widget\" data-widget_type=\"image.default\">\n\t\t\t\t<div class=\"elementor-widget-container\">\n\t\t\t\t\t\t\t\t\t\t\t\t\t\t\t<img fetchpriority=\"high\" decoding=\"async\" width=\"4608\" height=\"2304\" src=\"https:\/\/www.vegadeyuco.com\/wp-content\/uploads\/2023\/11\/Rosado-Seco-.png\" class=\"attachment-full size-full wp-image-27264\" alt=\"\" srcset=\"https:\/\/www.vegadeyuco.com\/wp-content\/uploads\/2023\/11\/Rosado-Seco-.png 4608w, https:\/\/www.vegadeyuco.com\/wp-content\/uploads\/2023\/11\/Rosado-Seco--300x150.png 300w, https:\/\/www.vegadeyuco.com\/wp-content\/uploads\/2023\/11\/Rosado-Seco--1024x512.png 1024w, https:\/\/www.vegadeyuco.com\/wp-content\/uploads\/2023\/11\/Rosado-Seco--768x384.png 768w, https:\/\/www.vegadeyuco.com\/wp-content\/uploads\/2023\/11\/Rosado-Seco--1536x768.png 1536w, https:\/\/www.vegadeyuco.com\/wp-content\/uploads\/2023\/11\/Rosado-Seco--2048x1024.png 2048w, https:\/\/www.vegadeyuco.com\/wp-content\/uploads\/2023\/11\/Rosado-Seco--1000x500.png 1000w\" sizes=\"(max-width: 4608px) 100vw, 4608px\" \/>\t\t\t\t\t\t\t\t\t\t\t\t\t\t\t<\/div>\n\t\t\t\t<\/div>\n\t\t\t\t\t<\/div>\n\t\t<\/div>\n\t\t\t\t\t<\/div>\n\t\t<\/section>\n\t\t\t\t<section class=\"elementor-section elementor-top-section elementor-element elementor-element-dc7e69d elementor-section-boxed elementor-section-height-default elementor-section-height-default\" data-id=\"dc7e69d\" data-element_type=\"section\">\n\t\t\t\t\t\t<div class=\"elementor-container elementor-column-gap-default\">\n\t\t\t\t\t<div class=\"elementor-column elementor-col-100 elementor-top-column elementor-element elementor-element-60b11b5\" data-id=\"60b11b5\" data-element_type=\"column\">\n\t\t\t<div class=\"elementor-widget-wrap elementor-element-populated\">\n\t\t\t\t\t\t<div class=\"elementor-element elementor-element-c9ff31d elementor-widget elementor-widget-text-editor\" data-id=\"c9ff31d\" data-element_type=\"widget\" data-widget_type=\"text-editor.default\">\n\t\t\t\t<div class=\"elementor-widget-container\">\n\t\t\t\t\t\t\t\t\t<table style=\"width: 100%; border-collapse: collapse;\">\n  <tbody>\n    <tr>\n      <td style=\"text-align: right; width: 50%;\"><h4><strong>Pour 100 g<\/strong><\/h4><p>Pour 100 g<\/p><\/td>\n      <td style=\"text-align: left; width: 50%;\"><h4><strong>Ros\u00e9 sec<\/strong><\/h4><p>Ros\u00e9 sec<\/p><\/td>\n    <\/tr>\n    <tr>\n      <td style=\"text-align: right;\"><h5><strong><em>Valeur E (Kj\/Kcal)<\/em><\/strong><\/h5><p>Valeur \u00e9nerg\u00e9tique<\/p><\/td>\n      <td><h5><strong>298 \/ 72<\/strong><\/h5><\/td>\n    <\/tr>\n    <tr>\n      <td style=\"text-align: right;\"><strong><em>lipides : (g)<\/em><\/strong><p>Lipides<\/p><\/td>\n      <td>0<\/td>\n    <\/tr>\n    <tr>\n      <td style=\"text-align: right;\"><strong><em>dont<\/em><\/strong><p>Dont<\/p><\/td>\n      <td><\/td>\n    <\/tr>\n    <tr>\n      <td style=\"text-align: right;\"><strong><em>satur\u00e9es : (g)<\/em><\/strong><p>Graisses satur\u00e9es<\/p><\/td>\n      <td>0<\/td>\n    <\/tr>\n    <tr>\n      <em><td style=\"text-align: right;\">monoinsatur\u00e9s : (g)<\/td> <\/em>\n<td>0<\/td>\n    <\/tr>\n    <tr>\n      <td style=\"text-align: right;\"><strong><em>polyinsatur\u00e9s : (g)<\/em><\/strong><p>Acides gras polyinsatur\u00e9s<\/p><\/td>\n      <td>0<\/td>\n    <\/tr>\n    <tr>\n      <td style=\"text-align: right;\"><strong><em>Glucides : (g)<\/em><\/strong><p>Glucides<\/p><\/td>\n      <td>0,05<\/td>\n    <\/tr>\n    <tr>\n      <td style=\"text-align: right;\"><strong><em>dont<\/em><\/strong><p>Dont<\/p><\/td>\n      <td><\/td>\n    <\/tr>\n    <tr>\n      <td style=\"text-align: right;\"><strong><em>sucres : (g)<\/em><\/strong><p>sucres<\/p><\/td>\n      <td>0,05<\/td>\n    <\/tr>\n    <tr>\n      <td style=\"text-align: right;\"><strong><em>polyols : (g)<\/em><\/strong><p>polyols<\/p><\/td>\n      <td>\u22640,05<\/td>\n    <\/tr>\n    <tr>\n      <td style=\"text-align: right;\"><strong><em>amidon : (g)<\/em><\/strong><p>starch<\/p><\/td>\n      <td>\u22640,05<\/td>\n    <\/tr>\n    <tr>\n      <td style=\"text-align: right;\"><strong><em>fibres alimentaires : (g)<\/em><\/strong><p>fibres alimentaires<\/p><\/td>\n      <td>0<\/td>\n    <\/tr>\n    <tr>\n      <td style=\"text-align: right;\"><strong><em>prot\u00e9ines : (g)<\/em><\/strong><p>prot\u00e9ines<\/p><\/td>\n      <td>0,1<\/td>\n    <\/tr>\n    <tr>\n      <td style=\"text-align: right;\"><strong><em>volont\u00e9 : (g)<\/em><\/strong><p>Salt<\/p><\/td>\n      <td>0,005<\/td>\n    <\/tr>\n    <tr>\n      <td style=\"text-align: right;\"><strong><em>vitamines et min\u00e9raux : (g)<\/em><\/strong><p>Vitamines et min\u00e9raux<\/p><\/td>\n      <td>0,1<\/td>\n    <\/tr>\n  <\/tbody>\n<\/table>\n\t\t\t\t\t\t\t\t<\/div>\n\t\t\t\t<\/div>\n\t\t\t\t\t<\/div>\n\t\t<\/div>\n\t\t\t\t\t<\/div>\n\t\t<\/section>\n\t\t\t\t<section class=\"elementor-section elementor-top-section elementor-element elementor-element-bb82767 elementor-section-boxed elementor-section-height-default elementor-section-height-default\" data-id=\"bb82767\" data-element_type=\"section\">\n\t\t\t\t\t\t<div class=\"elementor-container elementor-column-gap-default\">\n\t\t\t\t\t<div class=\"elementor-column elementor-col-100 elementor-top-column elementor-element elementor-element-e9758ca\" data-id=\"e9758ca\" data-element_type=\"column\">\n\t\t\t<div class=\"elementor-widget-wrap elementor-element-populated\">\n\t\t\t\t\t\t<div class=\"elementor-element elementor-element-174a904 elementor-widget elementor-widget-text-editor\" data-id=\"174a904\" data-element_type=\"widget\" data-widget_type=\"text-editor.default\">\n\t\t\t\t<div class=\"elementor-widget-container\">\n\t\t\t\t\t\t\t\t\t<p>Contient des sulfites \/ Contains sulfites<\/p>\t\t\t\t\t\t\t\t<\/div>\n\t\t\t\t<\/div>\n\t\t\t\t\t<\/div>\n\t\t<\/div>\n\t\t\t\t\t<\/div>\n\t\t<\/section>\n\t\t\t\t<\/div>\n\t\t","protected":false},"excerpt":{"rendered":"<p>Informations nutritionnelles Pour 100 g Pour 100 g Ros\u00e9 sec Ros\u00e9 sec Valeur E (Kj\/Kcal) Valeur \u00e9nerg\u00e9tique 298 \/ 72 lipides : (g) Lipides 0 dont Dont satur\u00e9es : (g) Graisses satur\u00e9es 0 monoinsatur\u00e9s : (g) 0 polyinsatur\u00e9s : (g) Acides gras polyinsatur\u00e9s 0 Glucides : (g) Glucides 0,05 dont Dont sucres : (g) sucres [&hellip;]<\/p>\n","protected":false},"author":222,"featured_media":0,"parent":0,"menu_order":0,"comment_status":"closed","ping_status":"closed","template":"","meta":{"footnotes":""},"class_list":["post-27266","page","type-page","status-publish","hentry"],"yoast_head":"<!-- This site is optimized with the Yoast SEO plugin v26.8 - https:\/\/yoast.com\/product\/yoast-seo-wordpress\/ -->\n<title>Informations nutritionnelles - Ros\u00e9 sec &#8226; Vega de Yuco<\/title>\n<meta name=\"description\" content=\"Consultez ici toutes les informations nutritionnelles de nos vins.\" \/>\n<meta name=\"robots\" content=\"index, follow, max-snippet:-1, max-image-preview:large, max-video-preview:-1\" \/>\n<link rel=\"canonical\" href=\"https:\/\/www.vegadeyuco.com\/fr\/informations-nutritionnelles-rose-sec\/\" \/>\n<meta property=\"og:locale\" content=\"fr_FR\" \/>\n<meta property=\"og:type\" content=\"article\" \/>\n<meta property=\"og:title\" content=\"Informations nutritionnelles - Ros\u00e9 sec &#8226; Vega de Yuco\" \/>\n<meta property=\"og:description\" content=\"Consultez ici toutes les informations nutritionnelles de nos vins.\" \/>\n<meta property=\"og:url\" content=\"https:\/\/www.vegadeyuco.com\/fr\/informations-nutritionnelles-rose-sec\/\" \/>\n<meta property=\"og:site_name\" content=\"Vega de Yuco\" \/>\n<meta property=\"article:publisher\" content=\"https:\/\/www.facebook.com\/vegadeyuco\" \/>\n<meta property=\"article:modified_time\" content=\"2026-01-08T13:54:22+00:00\" \/>\n<meta property=\"og:image\" content=\"https:\/\/www.vegadeyuco.com\/wp-content\/uploads\/2023\/11\/Rosado-Seco--1024x512.png\" \/>\n\t<meta property=\"og:image:width\" content=\"1024\" \/>\n\t<meta property=\"og:image:height\" content=\"512\" \/>\n\t<meta property=\"og:image:type\" content=\"image\/png\" \/>\n<meta name=\"twitter:card\" content=\"summary_large_image\" \/>\n<script type=\"application\/ld+json\" class=\"yoast-schema-graph\">{\"@context\":\"https:\/\/schema.org\",\"@graph\":[{\"@type\":\"WebPage\",\"@id\":\"https:\/\/www.vegadeyuco.com\/fr\/informations-nutritionnelles-rose-sec\/\",\"url\":\"https:\/\/www.vegadeyuco.com\/fr\/informations-nutritionnelles-rose-sec\/\",\"name\":\"Informations nutritionnelles - Ros\u00e9 sec &#8226; Vega de Yuco\",\"isPartOf\":{\"@id\":\"https:\/\/www.vegadeyuco.com\/fr\/#website\"},\"primaryImageOfPage\":{\"@id\":\"https:\/\/www.vegadeyuco.com\/fr\/informations-nutritionnelles-rose-sec\/#primaryimage\"},\"image\":{\"@id\":\"https:\/\/www.vegadeyuco.com\/fr\/informations-nutritionnelles-rose-sec\/#primaryimage\"},\"thumbnailUrl\":\"https:\/\/www.vegadeyuco.com\/wp-content\/uploads\/2023\/11\/Rosado-Seco-.png\",\"datePublished\":\"2023-11-30T15:25:48+00:00\",\"dateModified\":\"2026-01-08T13:54:22+00:00\",\"description\":\"Consultez ici toutes les informations nutritionnelles de nos vins.\",\"breadcrumb\":{\"@id\":\"https:\/\/www.vegadeyuco.com\/fr\/informations-nutritionnelles-rose-sec\/#breadcrumb\"},\"inLanguage\":\"fr-FR\",\"potentialAction\":[{\"@type\":\"ReadAction\",\"target\":[\"https:\/\/www.vegadeyuco.com\/fr\/informations-nutritionnelles-rose-sec\/\"]}]},{\"@type\":\"ImageObject\",\"inLanguage\":\"fr-FR\",\"@id\":\"https:\/\/www.vegadeyuco.com\/fr\/informations-nutritionnelles-rose-sec\/#primaryimage\",\"url\":\"https:\/\/www.vegadeyuco.com\/wp-content\/uploads\/2023\/11\/Rosado-Seco-.png\",\"contentUrl\":\"https:\/\/www.vegadeyuco.com\/wp-content\/uploads\/2023\/11\/Rosado-Seco-.png\"},{\"@type\":\"BreadcrumbList\",\"@id\":\"https:\/\/www.vegadeyuco.com\/fr\/informations-nutritionnelles-rose-sec\/#breadcrumb\",\"itemListElement\":[{\"@type\":\"ListItem\",\"position\":1,\"name\":\"Portada\",\"item\":\"https:\/\/www.vegadeyuco.com\/fr\/vega-de-yuco-cave-a-vin-a-lanzarote\/\"},{\"@type\":\"ListItem\",\"position\":2,\"name\":\"Informations nutritionnelles &#8211; Ros\u00e9 sec\"}]},{\"@type\":\"WebSite\",\"@id\":\"https:\/\/www.vegadeyuco.com\/fr\/#website\",\"url\":\"https:\/\/www.vegadeyuco.com\/fr\/\",\"name\":\"Vega de Yuco\",\"description\":\"Bodegas y Vi\u00f1edos Vega de Yuco en Lanzarote, una bodega tradicional Canaria que destila autenticidad e innovaci\u00f3n. \",\"publisher\":{\"@id\":\"https:\/\/www.vegadeyuco.com\/fr\/#organization\"},\"potentialAction\":[{\"@type\":\"SearchAction\",\"target\":{\"@type\":\"EntryPoint\",\"urlTemplate\":\"https:\/\/www.vegadeyuco.com\/fr\/?s={search_term_string}\"},\"query-input\":{\"@type\":\"PropertyValueSpecification\",\"valueRequired\":true,\"valueName\":\"search_term_string\"}}],\"inLanguage\":\"fr-FR\"},{\"@type\":\"Organization\",\"@id\":\"https:\/\/www.vegadeyuco.com\/fr\/#organization\",\"name\":\"Bodegas Vega de Yuco\",\"url\":\"https:\/\/www.vegadeyuco.com\/fr\/\",\"logo\":{\"@type\":\"ImageObject\",\"inLanguage\":\"fr-FR\",\"@id\":\"https:\/\/www.vegadeyuco.com\/fr\/#\/schema\/logo\/image\/\",\"url\":\"https:\/\/www.vegadeyuco.com\/wp-content\/uploads\/2020\/01\/LOGO_VEGADEYUCO_cabecera_pedidos.png\",\"contentUrl\":\"https:\/\/www.vegadeyuco.com\/wp-content\/uploads\/2020\/01\/LOGO_VEGADEYUCO_cabecera_pedidos.png\",\"width\":250,\"height\":150,\"caption\":\"Bodegas Vega de Yuco\"},\"image\":{\"@id\":\"https:\/\/www.vegadeyuco.com\/fr\/#\/schema\/logo\/image\/\"},\"sameAs\":[\"https:\/\/www.facebook.com\/vegadeyuco\",\"https:\/\/www.instagram.com\/vegadeyuco\/\",\"https:\/\/www.youtube.com\/channel\/UCmDMkmxMCvbSXTLTAs3DM7A\"]}]}<\/script>\n<!-- \/ Yoast SEO plugin. -->","yoast_head_json":{"title":"Informations nutritionnelles - Ros\u00e9 sec &#8226; Vega de Yuco","description":"Consultez ici toutes les informations nutritionnelles de nos vins.","robots":{"index":"index","follow":"follow","max-snippet":"max-snippet:-1","max-image-preview":"max-image-preview:large","max-video-preview":"max-video-preview:-1"},"canonical":"https:\/\/www.vegadeyuco.com\/fr\/informations-nutritionnelles-rose-sec\/","og_locale":"fr_FR","og_type":"article","og_title":"Informations nutritionnelles - Ros\u00e9 sec &#8226; Vega de Yuco","og_description":"Consultez ici toutes les informations nutritionnelles de nos vins.","og_url":"https:\/\/www.vegadeyuco.com\/fr\/informations-nutritionnelles-rose-sec\/","og_site_name":"Vega de Yuco","article_publisher":"https:\/\/www.facebook.com\/vegadeyuco","article_modified_time":"2026-01-08T13:54:22+00:00","og_image":[{"width":1024,"height":512,"url":"https:\/\/www.vegadeyuco.com\/wp-content\/uploads\/2023\/11\/Rosado-Seco--1024x512.png","type":"image\/png"}],"twitter_card":"summary_large_image","schema":{"@context":"https:\/\/schema.org","@graph":[{"@type":"WebPage","@id":"https:\/\/www.vegadeyuco.com\/fr\/informations-nutritionnelles-rose-sec\/","url":"https:\/\/www.vegadeyuco.com\/fr\/informations-nutritionnelles-rose-sec\/","name":"Informations nutritionnelles - Ros\u00e9 sec &#8226; Vega de Yuco","isPartOf":{"@id":"https:\/\/www.vegadeyuco.com\/fr\/#website"},"primaryImageOfPage":{"@id":"https:\/\/www.vegadeyuco.com\/fr\/informations-nutritionnelles-rose-sec\/#primaryimage"},"image":{"@id":"https:\/\/www.vegadeyuco.com\/fr\/informations-nutritionnelles-rose-sec\/#primaryimage"},"thumbnailUrl":"https:\/\/www.vegadeyuco.com\/wp-content\/uploads\/2023\/11\/Rosado-Seco-.png","datePublished":"2023-11-30T15:25:48+00:00","dateModified":"2026-01-08T13:54:22+00:00","description":"Consultez ici toutes les informations nutritionnelles de nos vins.","breadcrumb":{"@id":"https:\/\/www.vegadeyuco.com\/fr\/informations-nutritionnelles-rose-sec\/#breadcrumb"},"inLanguage":"fr-FR","potentialAction":[{"@type":"ReadAction","target":["https:\/\/www.vegadeyuco.com\/fr\/informations-nutritionnelles-rose-sec\/"]}]},{"@type":"ImageObject","inLanguage":"fr-FR","@id":"https:\/\/www.vegadeyuco.com\/fr\/informations-nutritionnelles-rose-sec\/#primaryimage","url":"https:\/\/www.vegadeyuco.com\/wp-content\/uploads\/2023\/11\/Rosado-Seco-.png","contentUrl":"https:\/\/www.vegadeyuco.com\/wp-content\/uploads\/2023\/11\/Rosado-Seco-.png"},{"@type":"BreadcrumbList","@id":"https:\/\/www.vegadeyuco.com\/fr\/informations-nutritionnelles-rose-sec\/#breadcrumb","itemListElement":[{"@type":"ListItem","position":1,"name":"Portada","item":"https:\/\/www.vegadeyuco.com\/fr\/vega-de-yuco-cave-a-vin-a-lanzarote\/"},{"@type":"ListItem","position":2,"name":"Informations nutritionnelles &#8211; Ros\u00e9 sec"}]},{"@type":"WebSite","@id":"https:\/\/www.vegadeyuco.com\/fr\/#website","url":"https:\/\/www.vegadeyuco.com\/fr\/","name":"Vega de Yuco","description":"Bodegas y Vi\u00f1edos Vega de Yuco en Lanzarote, una bodega tradicional Canaria que destila autenticidad e innovaci\u00f3n. ","publisher":{"@id":"https:\/\/www.vegadeyuco.com\/fr\/#organization"},"potentialAction":[{"@type":"SearchAction","target":{"@type":"EntryPoint","urlTemplate":"https:\/\/www.vegadeyuco.com\/fr\/?s={search_term_string}"},"query-input":{"@type":"PropertyValueSpecification","valueRequired":true,"valueName":"search_term_string"}}],"inLanguage":"fr-FR"},{"@type":"Organization","@id":"https:\/\/www.vegadeyuco.com\/fr\/#organization","name":"Bodegas Vega de Yuco","url":"https:\/\/www.vegadeyuco.com\/fr\/","logo":{"@type":"ImageObject","inLanguage":"fr-FR","@id":"https:\/\/www.vegadeyuco.com\/fr\/#\/schema\/logo\/image\/","url":"https:\/\/www.vegadeyuco.com\/wp-content\/uploads\/2020\/01\/LOGO_VEGADEYUCO_cabecera_pedidos.png","contentUrl":"https:\/\/www.vegadeyuco.com\/wp-content\/uploads\/2020\/01\/LOGO_VEGADEYUCO_cabecera_pedidos.png","width":250,"height":150,"caption":"Bodegas Vega de Yuco"},"image":{"@id":"https:\/\/www.vegadeyuco.com\/fr\/#\/schema\/logo\/image\/"},"sameAs":["https:\/\/www.facebook.com\/vegadeyuco","https:\/\/www.instagram.com\/vegadeyuco\/","https:\/\/www.youtube.com\/channel\/UCmDMkmxMCvbSXTLTAs3DM7A"]}]}},"post_mailing_queue_ids":[],"_links":{"self":[{"href":"https:\/\/www.vegadeyuco.com\/fr\/wp-json\/wp\/v2\/pages\/27266","targetHints":{"allow":["GET"]}}],"collection":[{"href":"https:\/\/www.vegadeyuco.com\/fr\/wp-json\/wp\/v2\/pages"}],"about":[{"href":"https:\/\/www.vegadeyuco.com\/fr\/wp-json\/wp\/v2\/types\/page"}],"author":[{"embeddable":true,"href":"https:\/\/www.vegadeyuco.com\/fr\/wp-json\/wp\/v2\/users\/222"}],"replies":[{"embeddable":true,"href":"https:\/\/www.vegadeyuco.com\/fr\/wp-json\/wp\/v2\/comments?post=27266"}],"version-history":[{"count":1,"href":"https:\/\/www.vegadeyuco.com\/fr\/wp-json\/wp\/v2\/pages\/27266\/revisions"}],"predecessor-version":[{"id":27267,"href":"https:\/\/www.vegadeyuco.com\/fr\/wp-json\/wp\/v2\/pages\/27266\/revisions\/27267"}],"wp:attachment":[{"href":"https:\/\/www.vegadeyuco.com\/fr\/wp-json\/wp\/v2\/media?parent=27266"}],"curies":[{"name":"wp","href":"https:\/\/api.w.org\/{rel}","templated":true}]}}