{"id":27367,"date":"2019-11-29T13:15:31","date_gmt":"2019-11-29T13:15:31","guid":{"rendered":"https:\/\/www.vegadeyuco.com\/vin-blanc-demi-doux\/"},"modified":"2026-01-08T14:57:21","modified_gmt":"2026-01-08T14:57:21","slug":"vin-blanc-demi-doux","status":"publish","type":"page","link":"https:\/\/www.vegadeyuco.com\/fr\/vin-blanc-demi-doux\/","title":{"rendered":"Vin blanc demi-doux"},"content":{"rendered":"\t\t<div data-elementor-type=\"wp-page\" data-elementor-id=\"27367\" class=\"elementor elementor-27367 elementor-2943\" data-elementor-post-type=\"page\">\n\t\t\t\t<div class=\"elementor-element elementor-element-5d25aeb e-flex e-con-boxed e-con e-parent\" data-id=\"5d25aeb\" data-element_type=\"container\">\n\t\t\t\t\t<div class=\"e-con-inner\">\n\t\t<div class=\"elementor-element elementor-element-44eead0 e-con-full e-flex e-con e-child\" data-id=\"44eead0\" data-element_type=\"container\">\n\t\t\t\t<div class=\"elementor-element elementor-element-9785381 elementor-widget elementor-widget-heading\" data-id=\"9785381\" data-element_type=\"widget\" data-widget_type=\"heading.default\">\n\t\t\t\t<div class=\"elementor-widget-container\">\n\t\t\t\t\t<h1 class=\"elementor-heading-title elementor-size-default\">Vinos Blanco Semidulces<\/h1>\t\t\t\t<\/div>\n\t\t\t\t<\/div>\n\t\t\t\t<div class=\"elementor-element elementor-element-d51834b elementor-widget elementor-widget-text-editor\" data-id=\"d51834b\" data-element_type=\"widget\" data-widget_type=\"text-editor.default\">\n\t\t\t\t<div class=\"elementor-widget-container\">\n\t\t\t\t\t\t\t\t\t<p>Les <strong>vins blancs demi-doux <\/strong>de Bodegas Vega de Yuco sont l&rsquo;expression la plus agr\u00e9able, authentique et douce des c\u00e9pages minoritaires de Lanzarote tels que le Diego, le Moscatel, le List\u00e1n Blanco et le <a href=\"https:\/\/www.vegadeyuco.com\/bodega\/\">Malvas\u00eda Volc\u00e1nica<\/a> de Lanzarote. \u00c9labor\u00e9s pour tous les go\u00fbts, ce sont des vins aux nuances vari\u00e9es qui parviennent \u00e0 un \u00e9quilibre parfait entre la douceur naturelle du raisin utilis\u00e9 et la fra\u00eecheur propre au Malvas\u00eda.<br>Un v\u00e9ritable d\u00e9lice pour ceux qui d\u00e9couvrent le paradis \u0153nologique des <a href=\"https:\/\/www.vegadeyuco.com\/fr\/\"><strong>vins des Canaries<\/strong><\/a>, ainsi que pour les amateurs de bon vin blanc en g\u00e9n\u00e9ral. Ils se marient parfaitement non seulement avec les desserts ou les entr\u00e9es, mais aussi avec les plats principaux.  <\/p>\t\t\t\t\t\t\t\t<\/div>\n\t\t\t\t<\/div>\n\t\t\t\t<\/div>\n\t\t<div class=\"elementor-element elementor-element-3b6f60d e-con-full e-flex e-con e-child\" data-id=\"3b6f60d\" data-element_type=\"container\">\n\t\t\t\t<div class=\"elementor-element elementor-element-0a1d383 elementor-widget elementor-widget-image\" data-id=\"0a1d383\" data-element_type=\"widget\" data-widget_type=\"image.default\">\n\t\t\t\t<div class=\"elementor-widget-container\">\n\t\t\t\t\t\t\t\t\t\t\t\t\t\t\t<img fetchpriority=\"high\" decoding=\"async\" width=\"1000\" height=\"1000\" src=\"https:\/\/www.vegadeyuco.com\/wp-content\/uploads\/2017\/01\/Yaiza-semidulce.png\" class=\"attachment-full size-full wp-image-27068\" alt=\"\" srcset=\"https:\/\/www.vegadeyuco.com\/wp-content\/uploads\/2017\/01\/Yaiza-semidulce.png 1000w, https:\/\/www.vegadeyuco.com\/wp-content\/uploads\/2017\/01\/Yaiza-semidulce-300x300.png 300w, https:\/\/www.vegadeyuco.com\/wp-content\/uploads\/2017\/01\/Yaiza-semidulce-150x150.png 150w, https:\/\/www.vegadeyuco.com\/wp-content\/uploads\/2017\/01\/Yaiza-semidulce-768x768.png 768w, https:\/\/www.vegadeyuco.com\/wp-content\/uploads\/2017\/01\/Yaiza-semidulce-100x100.png 100w\" sizes=\"(max-width: 1000px) 100vw, 1000px\" \/>\t\t\t\t\t\t\t\t\t\t\t\t\t\t\t<\/div>\n\t\t\t\t<\/div>\n\t\t\t\t<\/div>\n\t\t\t\t\t<\/div>\n\t\t\t\t<\/div>\n\t\t<div class=\"elementor-element elementor-element-63251bd e-flex e-con-boxed e-con e-parent\" data-id=\"63251bd\" data-element_type=\"container\">\n\t\t\t\t\t<div class=\"e-con-inner\">\n\t\t<div class=\"elementor-element elementor-element-0887122 e-con-full e-flex e-con e-child\" data-id=\"0887122\" data-element_type=\"container\">\n\t\t\t\t<\/div>\n\t\t\t\t\t<\/div>\n\t\t\t\t<\/div>\n\t\t\t\t<\/div>\n\t\t","protected":false},"excerpt":{"rendered":"<p>Vinos Blanco Semidulces Les vins blancs demi-doux de Bodegas Vega de Yuco sont l&rsquo;expression la plus agr\u00e9able, authentique et douce des c\u00e9pages minoritaires de Lanzarote tels que le Diego, le Moscatel, le List\u00e1n Blanco et le Malvas\u00eda Volc\u00e1nica de Lanzarote. \u00c9labor\u00e9s pour tous les go\u00fbts, ce sont des vins aux nuances vari\u00e9es qui parviennent \u00e0 [&hellip;]<\/p>\n","protected":false},"author":1,"featured_media":0,"parent":0,"menu_order":0,"comment_status":"closed","ping_status":"closed","template":"","meta":{"footnotes":""},"class_list":["post-27367","page","type-page","status-publish","hentry"],"yoast_head":"<!-- This site is optimized with the Yoast SEO plugin v26.8 - https:\/\/yoast.com\/product\/yoast-seo-wordpress\/ -->\n<title>Vin blanc demi-doux &#8226; Vega de Yuco<\/title>\n<meta name=\"description\" content=\"Vin blanc demi-doux aux nuances qui parviennent \u00e0 un \u00e9quilibre parfait entre la douceur naturelle du raisin utilis\u00e9 et la fra\u00eecheur du Malvas\u00eda.\" \/>\n<meta name=\"robots\" content=\"index, follow, max-snippet:-1, max-image-preview:large, max-video-preview:-1\" \/>\n<link rel=\"canonical\" href=\"https:\/\/www.vegadeyuco.com\/fr\/vin-blanc-demi-doux\/\" \/>\n<meta property=\"og:locale\" content=\"fr_FR\" \/>\n<meta property=\"og:type\" content=\"article\" \/>\n<meta property=\"og:title\" content=\"Vin blanc demi-doux &#8226; Vega de Yuco\" \/>\n<meta property=\"og:description\" content=\"Vin blanc demi-doux aux nuances qui parviennent \u00e0 un \u00e9quilibre parfait entre la douceur naturelle du raisin utilis\u00e9 et la fra\u00eecheur du Malvas\u00eda.\" \/>\n<meta property=\"og:url\" content=\"https:\/\/www.vegadeyuco.com\/fr\/vin-blanc-demi-doux\/\" \/>\n<meta property=\"og:site_name\" content=\"Vega de Yuco\" \/>\n<meta property=\"article:publisher\" content=\"https:\/\/www.facebook.com\/vegadeyuco\" \/>\n<meta property=\"article:modified_time\" content=\"2026-01-08T14:57:21+00:00\" \/>\n<meta property=\"og:image\" content=\"https:\/\/www.vegadeyuco.com\/wp-content\/uploads\/2017\/01\/Yaiza-semidulce.png\" \/>\n<meta name=\"twitter:card\" content=\"summary_large_image\" \/>\n<meta name=\"twitter:label1\" content=\"Dur\u00e9e de lecture estim\u00e9e\" \/>\n\t<meta name=\"twitter:data1\" content=\"1 minute\" \/>\n<script type=\"application\/ld+json\" class=\"yoast-schema-graph\">{\"@context\":\"https:\/\/schema.org\",\"@graph\":[{\"@type\":\"WebPage\",\"@id\":\"https:\/\/www.vegadeyuco.com\/fr\/vin-blanc-demi-doux\/\",\"url\":\"https:\/\/www.vegadeyuco.com\/fr\/vin-blanc-demi-doux\/\",\"name\":\"Vin blanc demi-doux &#8226; Vega de Yuco\",\"isPartOf\":{\"@id\":\"https:\/\/www.vegadeyuco.com\/fr\/#website\"},\"primaryImageOfPage\":{\"@id\":\"https:\/\/www.vegadeyuco.com\/fr\/vin-blanc-demi-doux\/#primaryimage\"},\"image\":{\"@id\":\"https:\/\/www.vegadeyuco.com\/fr\/vin-blanc-demi-doux\/#primaryimage\"},\"thumbnailUrl\":\"https:\/\/www.vegadeyuco.com\/wp-content\/uploads\/2017\/01\/Yaiza-semidulce.png\",\"datePublished\":\"2019-11-29T13:15:31+00:00\",\"dateModified\":\"2026-01-08T14:57:21+00:00\",\"description\":\"Vin blanc demi-doux aux nuances qui parviennent \u00e0 un \u00e9quilibre parfait entre la douceur naturelle du raisin utilis\u00e9 et la fra\u00eecheur du Malvas\u00eda.\",\"breadcrumb\":{\"@id\":\"https:\/\/www.vegadeyuco.com\/fr\/vin-blanc-demi-doux\/#breadcrumb\"},\"inLanguage\":\"fr-FR\",\"potentialAction\":[{\"@type\":\"ReadAction\",\"target\":[\"https:\/\/www.vegadeyuco.com\/fr\/vin-blanc-demi-doux\/\"]}]},{\"@type\":\"ImageObject\",\"inLanguage\":\"fr-FR\",\"@id\":\"https:\/\/www.vegadeyuco.com\/fr\/vin-blanc-demi-doux\/#primaryimage\",\"url\":\"https:\/\/www.vegadeyuco.com\/wp-content\/uploads\/2017\/01\/Yaiza-semidulce.png\",\"contentUrl\":\"https:\/\/www.vegadeyuco.com\/wp-content\/uploads\/2017\/01\/Yaiza-semidulce.png\"},{\"@type\":\"BreadcrumbList\",\"@id\":\"https:\/\/www.vegadeyuco.com\/fr\/vin-blanc-demi-doux\/#breadcrumb\",\"itemListElement\":[{\"@type\":\"ListItem\",\"position\":1,\"name\":\"Portada\",\"item\":\"https:\/\/www.vegadeyuco.com\/fr\/vega-de-yuco-cave-a-vin-a-lanzarote\/\"},{\"@type\":\"ListItem\",\"position\":2,\"name\":\"Vin blanc demi-doux\"}]},{\"@type\":\"WebSite\",\"@id\":\"https:\/\/www.vegadeyuco.com\/fr\/#website\",\"url\":\"https:\/\/www.vegadeyuco.com\/fr\/\",\"name\":\"Vega de Yuco\",\"description\":\"Bodegas y Vi\u00f1edos Vega de Yuco en Lanzarote, una bodega tradicional Canaria que destila autenticidad e innovaci\u00f3n. \",\"publisher\":{\"@id\":\"https:\/\/www.vegadeyuco.com\/fr\/#organization\"},\"potentialAction\":[{\"@type\":\"SearchAction\",\"target\":{\"@type\":\"EntryPoint\",\"urlTemplate\":\"https:\/\/www.vegadeyuco.com\/fr\/?s={search_term_string}\"},\"query-input\":{\"@type\":\"PropertyValueSpecification\",\"valueRequired\":true,\"valueName\":\"search_term_string\"}}],\"inLanguage\":\"fr-FR\"},{\"@type\":\"Organization\",\"@id\":\"https:\/\/www.vegadeyuco.com\/fr\/#organization\",\"name\":\"Bodegas Vega de Yuco\",\"url\":\"https:\/\/www.vegadeyuco.com\/fr\/\",\"logo\":{\"@type\":\"ImageObject\",\"inLanguage\":\"fr-FR\",\"@id\":\"https:\/\/www.vegadeyuco.com\/fr\/#\/schema\/logo\/image\/\",\"url\":\"https:\/\/www.vegadeyuco.com\/wp-content\/uploads\/2020\/01\/LOGO_VEGADEYUCO_cabecera_pedidos.png\",\"contentUrl\":\"https:\/\/www.vegadeyuco.com\/wp-content\/uploads\/2020\/01\/LOGO_VEGADEYUCO_cabecera_pedidos.png\",\"width\":250,\"height\":150,\"caption\":\"Bodegas Vega de Yuco\"},\"image\":{\"@id\":\"https:\/\/www.vegadeyuco.com\/fr\/#\/schema\/logo\/image\/\"},\"sameAs\":[\"https:\/\/www.facebook.com\/vegadeyuco\",\"https:\/\/www.instagram.com\/vegadeyuco\/\",\"https:\/\/www.youtube.com\/channel\/UCmDMkmxMCvbSXTLTAs3DM7A\"]}]}<\/script>\n<!-- \/ Yoast SEO plugin. -->","yoast_head_json":{"title":"Vin blanc demi-doux &#8226; Vega de Yuco","description":"Vin blanc demi-doux aux nuances qui parviennent \u00e0 un \u00e9quilibre parfait entre la douceur naturelle du raisin utilis\u00e9 et la fra\u00eecheur du Malvas\u00eda.","robots":{"index":"index","follow":"follow","max-snippet":"max-snippet:-1","max-image-preview":"max-image-preview:large","max-video-preview":"max-video-preview:-1"},"canonical":"https:\/\/www.vegadeyuco.com\/fr\/vin-blanc-demi-doux\/","og_locale":"fr_FR","og_type":"article","og_title":"Vin blanc demi-doux &#8226; Vega de Yuco","og_description":"Vin blanc demi-doux aux nuances qui parviennent \u00e0 un \u00e9quilibre parfait entre la douceur naturelle du raisin utilis\u00e9 et la fra\u00eecheur du Malvas\u00eda.","og_url":"https:\/\/www.vegadeyuco.com\/fr\/vin-blanc-demi-doux\/","og_site_name":"Vega de Yuco","article_publisher":"https:\/\/www.facebook.com\/vegadeyuco","article_modified_time":"2026-01-08T14:57:21+00:00","og_image":[{"url":"https:\/\/www.vegadeyuco.com\/wp-content\/uploads\/2017\/01\/Yaiza-semidulce.png","type":"","width":"","height":""}],"twitter_card":"summary_large_image","twitter_misc":{"Dur\u00e9e de lecture estim\u00e9e":"1 minute"},"schema":{"@context":"https:\/\/schema.org","@graph":[{"@type":"WebPage","@id":"https:\/\/www.vegadeyuco.com\/fr\/vin-blanc-demi-doux\/","url":"https:\/\/www.vegadeyuco.com\/fr\/vin-blanc-demi-doux\/","name":"Vin blanc demi-doux &#8226; Vega de Yuco","isPartOf":{"@id":"https:\/\/www.vegadeyuco.com\/fr\/#website"},"primaryImageOfPage":{"@id":"https:\/\/www.vegadeyuco.com\/fr\/vin-blanc-demi-doux\/#primaryimage"},"image":{"@id":"https:\/\/www.vegadeyuco.com\/fr\/vin-blanc-demi-doux\/#primaryimage"},"thumbnailUrl":"https:\/\/www.vegadeyuco.com\/wp-content\/uploads\/2017\/01\/Yaiza-semidulce.png","datePublished":"2019-11-29T13:15:31+00:00","dateModified":"2026-01-08T14:57:21+00:00","description":"Vin blanc demi-doux aux nuances qui parviennent \u00e0 un \u00e9quilibre parfait entre la douceur naturelle du raisin utilis\u00e9 et la fra\u00eecheur du Malvas\u00eda.","breadcrumb":{"@id":"https:\/\/www.vegadeyuco.com\/fr\/vin-blanc-demi-doux\/#breadcrumb"},"inLanguage":"fr-FR","potentialAction":[{"@type":"ReadAction","target":["https:\/\/www.vegadeyuco.com\/fr\/vin-blanc-demi-doux\/"]}]},{"@type":"ImageObject","inLanguage":"fr-FR","@id":"https:\/\/www.vegadeyuco.com\/fr\/vin-blanc-demi-doux\/#primaryimage","url":"https:\/\/www.vegadeyuco.com\/wp-content\/uploads\/2017\/01\/Yaiza-semidulce.png","contentUrl":"https:\/\/www.vegadeyuco.com\/wp-content\/uploads\/2017\/01\/Yaiza-semidulce.png"},{"@type":"BreadcrumbList","@id":"https:\/\/www.vegadeyuco.com\/fr\/vin-blanc-demi-doux\/#breadcrumb","itemListElement":[{"@type":"ListItem","position":1,"name":"Portada","item":"https:\/\/www.vegadeyuco.com\/fr\/vega-de-yuco-cave-a-vin-a-lanzarote\/"},{"@type":"ListItem","position":2,"name":"Vin blanc demi-doux"}]},{"@type":"WebSite","@id":"https:\/\/www.vegadeyuco.com\/fr\/#website","url":"https:\/\/www.vegadeyuco.com\/fr\/","name":"Vega de Yuco","description":"Bodegas y Vi\u00f1edos Vega de Yuco en Lanzarote, una bodega tradicional Canaria que destila autenticidad e innovaci\u00f3n. ","publisher":{"@id":"https:\/\/www.vegadeyuco.com\/fr\/#organization"},"potentialAction":[{"@type":"SearchAction","target":{"@type":"EntryPoint","urlTemplate":"https:\/\/www.vegadeyuco.com\/fr\/?s={search_term_string}"},"query-input":{"@type":"PropertyValueSpecification","valueRequired":true,"valueName":"search_term_string"}}],"inLanguage":"fr-FR"},{"@type":"Organization","@id":"https:\/\/www.vegadeyuco.com\/fr\/#organization","name":"Bodegas Vega de Yuco","url":"https:\/\/www.vegadeyuco.com\/fr\/","logo":{"@type":"ImageObject","inLanguage":"fr-FR","@id":"https:\/\/www.vegadeyuco.com\/fr\/#\/schema\/logo\/image\/","url":"https:\/\/www.vegadeyuco.com\/wp-content\/uploads\/2020\/01\/LOGO_VEGADEYUCO_cabecera_pedidos.png","contentUrl":"https:\/\/www.vegadeyuco.com\/wp-content\/uploads\/2020\/01\/LOGO_VEGADEYUCO_cabecera_pedidos.png","width":250,"height":150,"caption":"Bodegas Vega de Yuco"},"image":{"@id":"https:\/\/www.vegadeyuco.com\/fr\/#\/schema\/logo\/image\/"},"sameAs":["https:\/\/www.facebook.com\/vegadeyuco","https:\/\/www.instagram.com\/vegadeyuco\/","https:\/\/www.youtube.com\/channel\/UCmDMkmxMCvbSXTLTAs3DM7A"]}]}},"post_mailing_queue_ids":[],"_links":{"self":[{"href":"https:\/\/www.vegadeyuco.com\/fr\/wp-json\/wp\/v2\/pages\/27367","targetHints":{"allow":["GET"]}}],"collection":[{"href":"https:\/\/www.vegadeyuco.com\/fr\/wp-json\/wp\/v2\/pages"}],"about":[{"href":"https:\/\/www.vegadeyuco.com\/fr\/wp-json\/wp\/v2\/types\/page"}],"author":[{"embeddable":true,"href":"https:\/\/www.vegadeyuco.com\/fr\/wp-json\/wp\/v2\/users\/1"}],"replies":[{"embeddable":true,"href":"https:\/\/www.vegadeyuco.com\/fr\/wp-json\/wp\/v2\/comments?post=27367"}],"version-history":[{"count":1,"href":"https:\/\/www.vegadeyuco.com\/fr\/wp-json\/wp\/v2\/pages\/27367\/revisions"}],"predecessor-version":[{"id":27368,"href":"https:\/\/www.vegadeyuco.com\/fr\/wp-json\/wp\/v2\/pages\/27367\/revisions\/27368"}],"wp:attachment":[{"href":"https:\/\/www.vegadeyuco.com\/fr\/wp-json\/wp\/v2\/media?parent=27367"}],"curies":[{"name":"wp","href":"https:\/\/api.w.org\/{rel}","templated":true}]}}