{"id":27416,"date":"2019-11-29T19:52:26","date_gmt":"2019-11-29T19:52:26","guid":{"rendered":"https:\/\/www.vegadeyuco.com\/vins-rouges\/"},"modified":"2026-01-08T15:17:45","modified_gmt":"2026-01-08T15:17:45","slug":"vins-rouges","status":"publish","type":"page","link":"https:\/\/www.vegadeyuco.com\/fr\/vins-rouges\/","title":{"rendered":"Vins rouges"},"content":{"rendered":"\t\t<div data-elementor-type=\"wp-page\" data-elementor-id=\"27416\" class=\"elementor elementor-27416 elementor-2962\" data-elementor-post-type=\"page\">\n\t\t\t\t<div class=\"elementor-element elementor-element-4745e2e e-flex e-con-boxed e-con e-parent\" data-id=\"4745e2e\" data-element_type=\"container\">\n\t\t\t\t\t<div class=\"e-con-inner\">\n\t\t<div class=\"elementor-element elementor-element-db86752 e-con-full e-flex e-con e-child\" data-id=\"db86752\" data-element_type=\"container\">\n\t\t\t\t<div class=\"elementor-element elementor-element-23eb46d elementor-widget elementor-widget-heading\" data-id=\"23eb46d\" data-element_type=\"widget\" data-widget_type=\"heading.default\">\n\t\t\t\t<div class=\"elementor-widget-container\">\n\t\t\t\t\t<h1 class=\"elementor-heading-title elementor-size-default\">Vins rouges<\/h1>\t\t\t\t<\/div>\n\t\t\t\t<\/div>\n\t\t\t\t<div class=\"elementor-element elementor-element-f91939b elementor-widget elementor-widget-text-editor\" data-id=\"f91939b\" data-element_type=\"widget\" data-widget_type=\"text-editor.default\">\n\t\t\t\t<div class=\"elementor-widget-container\">\n\t\t\t\t\t\t\t\t\t<p>Les <strong>vins rouges<\/strong> de Bodegas Vega de Yuco sont \u00e9labor\u00e9s \u00e0 partir des meilleurs raisins List\u00e1n Negro de Lanzarote. Il s&rsquo;agit d&rsquo;un <a href=\"https:\/\/www.vegadeyuco.com\/fr\/lenvironnement\/\">c\u00e9page pr\u00e9phyllox\u00e9rique des Canaries<\/a>, exclusif \u00e0 notre \u00eele, plant\u00e9 sur pied franc selon la m\u00e9thode de culture traditionnelle et, en raison des conditions et de l&rsquo;orographie insulaire, sans aucune m\u00e9canisation possible. Le List\u00e1n Negro arrive dans notre cave depuis des vignobles centenaires, choy\u00e9s par les viticulteurs et viticultrices de l&rsquo;\u00eele, amoureux de la terre et du savoir-faire.  <\/p><p>Des vins qui dorment, dans presque tous les cas, prot\u00e9g\u00e9s par le meilleur bois de ch\u00eane fran\u00e7ais. Dans l&rsquo;ensemble, ce sont des vins originaux, \u00e9quilibr\u00e9s, vari\u00e9taux et pleins de contrastes et de nuances, dans <a href=\"https:\/\/www.vegadeyuco.com\/Tienda\/gara-tinto\/\">certaines gammes<\/a>, propres \u00e0 leur passage<a href=\"https:\/\/www.vegadeyuco.com\/Tienda\/yaiza-tinto\/\"> en f\u00fbt<\/a>. Ce sont \u00e9galement des vins soyeux, structur\u00e9s et agr\u00e9ables qui facilitent leur passage en bouche. Des vins atlantiques impr\u00e9gn\u00e9s de l&rsquo;essence volcanique des Canaries. Ils r\u00e9v\u00e8lent<a href=\"https:\/\/www.vegadeyuco.com\/fr\/lenvironnement\/\"> Lanzarote<\/a> comme une terre \u00e9galement propice aux grands <strong>vins rouges<\/strong>, gr\u00e2ce \u00e0 l&rsquo;am\u00e9lioration constante des techniques de culture du List\u00e1n Negro et \u00e0 des m\u00e9thodes innovantes, int\u00e9gr\u00e9es dans leur processus d&rsquo;\u00e9laboration et de conservation, afin d&rsquo;obtenir des vins rouges d&rsquo;une qualit\u00e9 extraordinaire.   <\/p><p>* Notre <strong>vin rouge Esencia Yaiza<\/strong> a \u00e9t\u00e9 le seul vin de Lanzarote \u00e0 \u00eatre r\u00e9compens\u00e9 parmi les meilleurs vins des Canaries par une <a href=\"https:\/\/www.vegadeyuco.com\/yaiza_tinto_medalla_agrocanarias2020\/\">m\u00e9daille Agrocanarias 2020<\/a>.<\/p>\t\t\t\t\t\t\t\t<\/div>\n\t\t\t\t<\/div>\n\t\t\t\t<\/div>\n\t\t<div class=\"elementor-element elementor-element-3bcc500 e-con-full e-flex e-con e-child\" data-id=\"3bcc500\" data-element_type=\"container\">\n\t\t\t\t<div class=\"elementor-element elementor-element-6c42994 elementor-widget elementor-widget-image\" data-id=\"6c42994\" data-element_type=\"widget\" data-widget_type=\"image.default\">\n\t\t\t\t<div class=\"elementor-widget-container\">\n\t\t\t\t\t\t\t\t\t\t\t\t\t\t\t<img fetchpriority=\"high\" decoding=\"async\" width=\"1000\" height=\"1000\" src=\"https:\/\/www.vegadeyuco.com\/wp-content\/uploads\/2016\/11\/Gara-tinto.png\" class=\"attachment-full size-full wp-image-27033\" alt=\"\" srcset=\"https:\/\/www.vegadeyuco.com\/wp-content\/uploads\/2016\/11\/Gara-tinto.png 1000w, https:\/\/www.vegadeyuco.com\/wp-content\/uploads\/2016\/11\/Gara-tinto-300x300.png 300w, https:\/\/www.vegadeyuco.com\/wp-content\/uploads\/2016\/11\/Gara-tinto-150x150.png 150w, https:\/\/www.vegadeyuco.com\/wp-content\/uploads\/2016\/11\/Gara-tinto-768x768.png 768w, https:\/\/www.vegadeyuco.com\/wp-content\/uploads\/2016\/11\/Gara-tinto-100x100.png 100w\" sizes=\"(max-width: 1000px) 100vw, 1000px\" \/>\t\t\t\t\t\t\t\t\t\t\t\t\t\t\t<\/div>\n\t\t\t\t<\/div>\n\t\t\t\t<\/div>\n\t\t\t\t\t<\/div>\n\t\t\t\t<\/div>\n\t\t<div class=\"elementor-element elementor-element-b9f66f3 e-flex e-con-boxed e-con e-parent\" data-id=\"b9f66f3\" data-element_type=\"container\">\n\t\t\t\t\t<div class=\"e-con-inner\">\n\t\t<div class=\"elementor-element elementor-element-09c3624 e-con-full e-flex e-con e-child\" data-id=\"09c3624\" data-element_type=\"container\">\n\t\t\t\t<\/div>\n\t\t\t\t\t<\/div>\n\t\t\t\t<\/div>\n\t\t\t\t<\/div>\n\t\t","protected":false},"excerpt":{"rendered":"<p>Vins rouges Les vins rouges de Bodegas Vega de Yuco sont \u00e9labor\u00e9s \u00e0 partir des meilleurs raisins List\u00e1n Negro de Lanzarote. Il s&rsquo;agit d&rsquo;un c\u00e9page pr\u00e9phyllox\u00e9rique des Canaries, exclusif \u00e0 notre \u00eele, plant\u00e9 sur pied franc selon la m\u00e9thode de culture traditionnelle et, en raison des conditions et de l&rsquo;orographie insulaire, sans aucune m\u00e9canisation possible. [&hellip;]<\/p>\n","protected":false},"author":1,"featured_media":0,"parent":0,"menu_order":0,"comment_status":"closed","ping_status":"closed","template":"","meta":{"footnotes":""},"class_list":["post-27416","page","type-page","status-publish","hentry"],"yoast_head":"<!-- This site is optimized with the Yoast SEO plugin v26.8 - https:\/\/yoast.com\/product\/yoast-seo-wordpress\/ -->\n<title>Vins rouges &#8226; Vega de Yuco<\/title>\n<meta name=\"description\" content=\"Les vins rouges de Bodegas Vega de Yuco sont \u00e9labor\u00e9s \u00e0 partir des meilleurs raisins List\u00e1n Negro de Lanzarote.\" \/>\n<meta name=\"robots\" content=\"index, follow, max-snippet:-1, max-image-preview:large, max-video-preview:-1\" \/>\n<link rel=\"canonical\" href=\"https:\/\/www.vegadeyuco.com\/fr\/vins-rouges\/\" \/>\n<meta property=\"og:locale\" content=\"fr_FR\" \/>\n<meta property=\"og:type\" content=\"article\" \/>\n<meta property=\"og:title\" content=\"Vins rouges &#8226; Vega de Yuco\" \/>\n<meta property=\"og:description\" content=\"Les vins rouges de Bodegas Vega de Yuco sont \u00e9labor\u00e9s \u00e0 partir des meilleurs raisins List\u00e1n Negro de Lanzarote.\" \/>\n<meta property=\"og:url\" content=\"https:\/\/www.vegadeyuco.com\/fr\/vins-rouges\/\" \/>\n<meta property=\"og:site_name\" content=\"Vega de Yuco\" \/>\n<meta property=\"article:publisher\" content=\"https:\/\/www.facebook.com\/vegadeyuco\" \/>\n<meta property=\"article:modified_time\" content=\"2026-01-08T15:17:45+00:00\" \/>\n<meta property=\"og:image\" content=\"https:\/\/www.vegadeyuco.com\/wp-content\/uploads\/2016\/11\/Gara-tinto.png\" \/>\n<meta name=\"twitter:card\" content=\"summary_large_image\" \/>\n<meta name=\"twitter:label1\" content=\"Dur\u00e9e de lecture estim\u00e9e\" \/>\n\t<meta name=\"twitter:data1\" content=\"1 minute\" \/>\n<script type=\"application\/ld+json\" class=\"yoast-schema-graph\">{\"@context\":\"https:\/\/schema.org\",\"@graph\":[{\"@type\":\"WebPage\",\"@id\":\"https:\/\/www.vegadeyuco.com\/fr\/vins-rouges\/\",\"url\":\"https:\/\/www.vegadeyuco.com\/fr\/vins-rouges\/\",\"name\":\"Vins rouges &#8226; Vega de Yuco\",\"isPartOf\":{\"@id\":\"https:\/\/www.vegadeyuco.com\/fr\/#website\"},\"primaryImageOfPage\":{\"@id\":\"https:\/\/www.vegadeyuco.com\/fr\/vins-rouges\/#primaryimage\"},\"image\":{\"@id\":\"https:\/\/www.vegadeyuco.com\/fr\/vins-rouges\/#primaryimage\"},\"thumbnailUrl\":\"https:\/\/www.vegadeyuco.com\/wp-content\/uploads\/2016\/11\/Gara-tinto.png\",\"datePublished\":\"2019-11-29T19:52:26+00:00\",\"dateModified\":\"2026-01-08T15:17:45+00:00\",\"description\":\"Les vins rouges de Bodegas Vega de Yuco sont \u00e9labor\u00e9s \u00e0 partir des meilleurs raisins List\u00e1n Negro de Lanzarote.\",\"breadcrumb\":{\"@id\":\"https:\/\/www.vegadeyuco.com\/fr\/vins-rouges\/#breadcrumb\"},\"inLanguage\":\"fr-FR\",\"potentialAction\":[{\"@type\":\"ReadAction\",\"target\":[\"https:\/\/www.vegadeyuco.com\/fr\/vins-rouges\/\"]}]},{\"@type\":\"ImageObject\",\"inLanguage\":\"fr-FR\",\"@id\":\"https:\/\/www.vegadeyuco.com\/fr\/vins-rouges\/#primaryimage\",\"url\":\"https:\/\/www.vegadeyuco.com\/wp-content\/uploads\/2016\/11\/Gara-tinto.png\",\"contentUrl\":\"https:\/\/www.vegadeyuco.com\/wp-content\/uploads\/2016\/11\/Gara-tinto.png\"},{\"@type\":\"BreadcrumbList\",\"@id\":\"https:\/\/www.vegadeyuco.com\/fr\/vins-rouges\/#breadcrumb\",\"itemListElement\":[{\"@type\":\"ListItem\",\"position\":1,\"name\":\"Portada\",\"item\":\"https:\/\/www.vegadeyuco.com\/fr\/vega-de-yuco-cave-a-vin-a-lanzarote\/\"},{\"@type\":\"ListItem\",\"position\":2,\"name\":\"Vins rouges\"}]},{\"@type\":\"WebSite\",\"@id\":\"https:\/\/www.vegadeyuco.com\/fr\/#website\",\"url\":\"https:\/\/www.vegadeyuco.com\/fr\/\",\"name\":\"Vega de Yuco\",\"description\":\"Bodegas y Vi\u00f1edos Vega de Yuco en Lanzarote, una bodega tradicional Canaria que destila autenticidad e innovaci\u00f3n. \",\"publisher\":{\"@id\":\"https:\/\/www.vegadeyuco.com\/fr\/#organization\"},\"potentialAction\":[{\"@type\":\"SearchAction\",\"target\":{\"@type\":\"EntryPoint\",\"urlTemplate\":\"https:\/\/www.vegadeyuco.com\/fr\/?s={search_term_string}\"},\"query-input\":{\"@type\":\"PropertyValueSpecification\",\"valueRequired\":true,\"valueName\":\"search_term_string\"}}],\"inLanguage\":\"fr-FR\"},{\"@type\":\"Organization\",\"@id\":\"https:\/\/www.vegadeyuco.com\/fr\/#organization\",\"name\":\"Bodegas Vega de Yuco\",\"url\":\"https:\/\/www.vegadeyuco.com\/fr\/\",\"logo\":{\"@type\":\"ImageObject\",\"inLanguage\":\"fr-FR\",\"@id\":\"https:\/\/www.vegadeyuco.com\/fr\/#\/schema\/logo\/image\/\",\"url\":\"https:\/\/www.vegadeyuco.com\/wp-content\/uploads\/2020\/01\/LOGO_VEGADEYUCO_cabecera_pedidos.png\",\"contentUrl\":\"https:\/\/www.vegadeyuco.com\/wp-content\/uploads\/2020\/01\/LOGO_VEGADEYUCO_cabecera_pedidos.png\",\"width\":250,\"height\":150,\"caption\":\"Bodegas Vega de Yuco\"},\"image\":{\"@id\":\"https:\/\/www.vegadeyuco.com\/fr\/#\/schema\/logo\/image\/\"},\"sameAs\":[\"https:\/\/www.facebook.com\/vegadeyuco\",\"https:\/\/www.instagram.com\/vegadeyuco\/\",\"https:\/\/www.youtube.com\/channel\/UCmDMkmxMCvbSXTLTAs3DM7A\"]}]}<\/script>\n<!-- \/ Yoast SEO plugin. -->","yoast_head_json":{"title":"Vins rouges &#8226; Vega de Yuco","description":"Les vins rouges de Bodegas Vega de Yuco sont \u00e9labor\u00e9s \u00e0 partir des meilleurs raisins List\u00e1n Negro de Lanzarote.","robots":{"index":"index","follow":"follow","max-snippet":"max-snippet:-1","max-image-preview":"max-image-preview:large","max-video-preview":"max-video-preview:-1"},"canonical":"https:\/\/www.vegadeyuco.com\/fr\/vins-rouges\/","og_locale":"fr_FR","og_type":"article","og_title":"Vins rouges &#8226; Vega de Yuco","og_description":"Les vins rouges de Bodegas Vega de Yuco sont \u00e9labor\u00e9s \u00e0 partir des meilleurs raisins List\u00e1n Negro de Lanzarote.","og_url":"https:\/\/www.vegadeyuco.com\/fr\/vins-rouges\/","og_site_name":"Vega de Yuco","article_publisher":"https:\/\/www.facebook.com\/vegadeyuco","article_modified_time":"2026-01-08T15:17:45+00:00","og_image":[{"url":"https:\/\/www.vegadeyuco.com\/wp-content\/uploads\/2016\/11\/Gara-tinto.png","type":"","width":"","height":""}],"twitter_card":"summary_large_image","twitter_misc":{"Dur\u00e9e de lecture estim\u00e9e":"1 minute"},"schema":{"@context":"https:\/\/schema.org","@graph":[{"@type":"WebPage","@id":"https:\/\/www.vegadeyuco.com\/fr\/vins-rouges\/","url":"https:\/\/www.vegadeyuco.com\/fr\/vins-rouges\/","name":"Vins rouges &#8226; Vega de Yuco","isPartOf":{"@id":"https:\/\/www.vegadeyuco.com\/fr\/#website"},"primaryImageOfPage":{"@id":"https:\/\/www.vegadeyuco.com\/fr\/vins-rouges\/#primaryimage"},"image":{"@id":"https:\/\/www.vegadeyuco.com\/fr\/vins-rouges\/#primaryimage"},"thumbnailUrl":"https:\/\/www.vegadeyuco.com\/wp-content\/uploads\/2016\/11\/Gara-tinto.png","datePublished":"2019-11-29T19:52:26+00:00","dateModified":"2026-01-08T15:17:45+00:00","description":"Les vins rouges de Bodegas Vega de Yuco sont \u00e9labor\u00e9s \u00e0 partir des meilleurs raisins List\u00e1n Negro de Lanzarote.","breadcrumb":{"@id":"https:\/\/www.vegadeyuco.com\/fr\/vins-rouges\/#breadcrumb"},"inLanguage":"fr-FR","potentialAction":[{"@type":"ReadAction","target":["https:\/\/www.vegadeyuco.com\/fr\/vins-rouges\/"]}]},{"@type":"ImageObject","inLanguage":"fr-FR","@id":"https:\/\/www.vegadeyuco.com\/fr\/vins-rouges\/#primaryimage","url":"https:\/\/www.vegadeyuco.com\/wp-content\/uploads\/2016\/11\/Gara-tinto.png","contentUrl":"https:\/\/www.vegadeyuco.com\/wp-content\/uploads\/2016\/11\/Gara-tinto.png"},{"@type":"BreadcrumbList","@id":"https:\/\/www.vegadeyuco.com\/fr\/vins-rouges\/#breadcrumb","itemListElement":[{"@type":"ListItem","position":1,"name":"Portada","item":"https:\/\/www.vegadeyuco.com\/fr\/vega-de-yuco-cave-a-vin-a-lanzarote\/"},{"@type":"ListItem","position":2,"name":"Vins rouges"}]},{"@type":"WebSite","@id":"https:\/\/www.vegadeyuco.com\/fr\/#website","url":"https:\/\/www.vegadeyuco.com\/fr\/","name":"Vega de Yuco","description":"Bodegas y Vi\u00f1edos Vega de Yuco en Lanzarote, una bodega tradicional Canaria que destila autenticidad e innovaci\u00f3n. ","publisher":{"@id":"https:\/\/www.vegadeyuco.com\/fr\/#organization"},"potentialAction":[{"@type":"SearchAction","target":{"@type":"EntryPoint","urlTemplate":"https:\/\/www.vegadeyuco.com\/fr\/?s={search_term_string}"},"query-input":{"@type":"PropertyValueSpecification","valueRequired":true,"valueName":"search_term_string"}}],"inLanguage":"fr-FR"},{"@type":"Organization","@id":"https:\/\/www.vegadeyuco.com\/fr\/#organization","name":"Bodegas Vega de Yuco","url":"https:\/\/www.vegadeyuco.com\/fr\/","logo":{"@type":"ImageObject","inLanguage":"fr-FR","@id":"https:\/\/www.vegadeyuco.com\/fr\/#\/schema\/logo\/image\/","url":"https:\/\/www.vegadeyuco.com\/wp-content\/uploads\/2020\/01\/LOGO_VEGADEYUCO_cabecera_pedidos.png","contentUrl":"https:\/\/www.vegadeyuco.com\/wp-content\/uploads\/2020\/01\/LOGO_VEGADEYUCO_cabecera_pedidos.png","width":250,"height":150,"caption":"Bodegas Vega de Yuco"},"image":{"@id":"https:\/\/www.vegadeyuco.com\/fr\/#\/schema\/logo\/image\/"},"sameAs":["https:\/\/www.facebook.com\/vegadeyuco","https:\/\/www.instagram.com\/vegadeyuco\/","https:\/\/www.youtube.com\/channel\/UCmDMkmxMCvbSXTLTAs3DM7A"]}]}},"post_mailing_queue_ids":[],"_links":{"self":[{"href":"https:\/\/www.vegadeyuco.com\/fr\/wp-json\/wp\/v2\/pages\/27416","targetHints":{"allow":["GET"]}}],"collection":[{"href":"https:\/\/www.vegadeyuco.com\/fr\/wp-json\/wp\/v2\/pages"}],"about":[{"href":"https:\/\/www.vegadeyuco.com\/fr\/wp-json\/wp\/v2\/types\/page"}],"author":[{"embeddable":true,"href":"https:\/\/www.vegadeyuco.com\/fr\/wp-json\/wp\/v2\/users\/1"}],"replies":[{"embeddable":true,"href":"https:\/\/www.vegadeyuco.com\/fr\/wp-json\/wp\/v2\/comments?post=27416"}],"version-history":[{"count":1,"href":"https:\/\/www.vegadeyuco.com\/fr\/wp-json\/wp\/v2\/pages\/27416\/revisions"}],"predecessor-version":[{"id":27417,"href":"https:\/\/www.vegadeyuco.com\/fr\/wp-json\/wp\/v2\/pages\/27416\/revisions\/27417"}],"wp:attachment":[{"href":"https:\/\/www.vegadeyuco.com\/fr\/wp-json\/wp\/v2\/media?parent=27416"}],"curies":[{"name":"wp","href":"https:\/\/api.w.org\/{rel}","templated":true}]}}