{"id":27422,"date":"2025-05-22T20:36:10","date_gmt":"2025-05-22T19:36:10","guid":{"rendered":"https:\/\/www.vegadeyuco.com\/producto\/gara-rose\/"},"modified":"2025-05-22T20:36:10","modified_gmt":"2025-05-22T19:36:10","slug":"gara-rose","status":"publish","type":"product","link":"https:\/\/www.vegadeyuco.com\/fr\/producto\/gara-rose\/","title":{"rendered":"Gara Ros\u00e9"},"content":{"rendered":"<div class=\"woocommerce-product-details__short-description\">\n<p>Le Princesse Gara ros\u00e9 est une \u00e9volution de notre Listan Negro. Apr\u00e8s une s\u00e9lection rigoureuse des grappes, qui sont ensuite press\u00e9es directement sans mac\u00e9ration avec les peaux, nous obtenons un mo\u00fbt jaune p\u00e2le, mais riche en sensations. Apr\u00e8s fermentation, nous le conservons en cave pendant plusieurs mois en travaillant ses lies, ce qui lui conf\u00e8re une onctuosit\u00e9 et temp\u00e8re sa fra\u00eecheur naturelle.  <\/p>\n<p>Couleur<br \/>Rose saumon p\u00e2le et transparent, dans le style des ros\u00e9s proven\u00e7aux.<\/p>\n<p><span style=\"color: #0100a3;\">Nez<\/span><br \/>\nD\u00e9licat et profond, avec une intensit\u00e9 aromatique moyenne \u00e0 \u00e9lev\u00e9e, o\u00f9 se distinguent des notes florales de violette.<\/p>\n<p><span style=\"color: #0100a3;\">Bouche<\/span><br \/>\nFrais, mais aussi dense et onctueux, long en bouche et avec une grande persistance aromatique.<\/p>\n<p>Un vin moderne, au caract\u00e8re cosmopolite, qui ne cesse de surprendre par sa fra\u00eecheur et son \u00e9l\u00e9gance.<\/p>\n<p><em>* Allerg\u00e8nes : contient des sulfites.<\/em><\/p>\n<p>&nbsp;<\/p>\n<hr>\n<p>&nbsp;<\/p>\n<p><strong>Accords mets-vins<\/strong><\/p>\n<p>La fra\u00eecheur de ce ros\u00e9 accompagne \u00e0 merveille les charcuteries de grande qualit\u00e9. Il se marie \u00e9galement tr\u00e8s bien avec les risottos et les plats de p\u00e2tes classiques de la cuisine italienne, ainsi qu&rsquo;avec les poissons savoureux cuits au four. <\/p>\n<\/div>\n","protected":false},"excerpt":{"rendered":"<p>Le Princesse Gara ros\u00e9 est une \u00e9volution de notre Listan Negro. Apr\u00e8s une s\u00e9lection rigoureuse des grappes, qui sont ensuite press\u00e9es directement sans mac\u00e9ration avec les peaux, nous obtenons un mo\u00fbt jaune p\u00e2le, mais riche en sensations. Apr\u00e8s fermentation, nous le conservons en cave pendant plusieurs mois en travaillant ses lies, ce qui lui conf\u00e8re une onctuosit\u00e9 et temp\u00e8re sa fra\u00eecheur naturelle.  <\/p>\n<p><strong>Voir la fiche de d\u00e9gustation<\/strong><\/p>\n<p><a href=\"https:\/\/www.vegadeyuco.com\/wp-content\/uploads\/2022\/02\/Princesa_Gara_rosado-min.pdf\" target=\"_blank\" rel=\"noopener\">Espa\u00f1ol<\/a> <a href=\"https:\/\/www.vegadeyuco.com\/wp-content\/uploads\/2025\/05\/Gara-rose-ENG.pdf\" target=\"_blank\" rel=\"noopener\">English<\/a><\/p>\n","protected":false},"featured_media":22161,"template":"","meta":[],"product_brand":[],"product_cat":[338,339,316],"product_tag":[],"class_list":{"0":"post-27422","1":"product","2":"type-product","3":"status-publish","4":"has-post-thumbnail","6":"product_cat-rose","7":"product_cat-can","8":"product_cat-non-categorise","9":"product_shipping_class-seulement-les-canaries","11":"first","12":"instock","13":"shipping-taxable","14":"purchasable","15":"product-type-simple"},"yoast_head":"<!-- This site is optimized with the Yoast SEO plugin v26.8 - https:\/\/yoast.com\/product\/yoast-seo-wordpress\/ -->\n<title>Gara Ros\u00e9 &#8226; Vega de Yuco<\/title>\n<meta name=\"description\" content=\"Le Princesse Gara ros\u00e9 est une \u00e9volution de notre Listan Negro. C&#039;est un vin de Lanzarote qui surprend par sa fra\u00eecheur et son \u00e9l\u00e9gance.\" \/>\n<meta name=\"robots\" content=\"index, follow, max-snippet:-1, max-image-preview:large, max-video-preview:-1\" \/>\n<link rel=\"canonical\" href=\"https:\/\/www.vegadeyuco.com\/fr\/producto\/gara-rose\/\" \/>\n<meta property=\"og:locale\" content=\"fr_FR\" \/>\n<meta property=\"og:type\" content=\"article\" \/>\n<meta property=\"og:title\" content=\"Gara Ros\u00e9 &#8226; Vega de Yuco\" \/>\n<meta property=\"og:description\" content=\"Le Princesse Gara ros\u00e9 est une \u00e9volution de notre Listan Negro. C&#039;est un vin de Lanzarote qui surprend par sa fra\u00eecheur et son \u00e9l\u00e9gance.\" \/>\n<meta property=\"og:url\" content=\"https:\/\/www.vegadeyuco.com\/fr\/producto\/gara-rose\/\" \/>\n<meta property=\"og:site_name\" content=\"Vega de Yuco\" \/>\n<meta property=\"article:publisher\" content=\"https:\/\/www.facebook.com\/vegadeyuco\" \/>\n<meta property=\"og:image\" content=\"https:\/\/www.vegadeyuco.com\/wp-content\/uploads\/2016\/11\/Gara-rosado-2.png\" \/>\n\t<meta property=\"og:image:width\" content=\"1000\" \/>\n\t<meta property=\"og:image:height\" content=\"1000\" \/>\n\t<meta property=\"og:image:type\" content=\"image\/png\" \/>\n<meta name=\"twitter:card\" content=\"summary_large_image\" \/>\n<meta name=\"twitter:label1\" content=\"Dur\u00e9e de lecture estim\u00e9e\" \/>\n\t<meta name=\"twitter:data1\" content=\"1 minute\" \/>\n<script type=\"application\/ld+json\" class=\"yoast-schema-graph\">{\"@context\":\"https:\/\/schema.org\",\"@graph\":[{\"@type\":\"WebPage\",\"@id\":\"https:\/\/www.vegadeyuco.com\/fr\/producto\/gara-rose\/\",\"url\":\"https:\/\/www.vegadeyuco.com\/fr\/producto\/gara-rose\/\",\"name\":\"Gara Ros\u00e9 &#8226; Vega de Yuco\",\"isPartOf\":{\"@id\":\"https:\/\/www.vegadeyuco.com\/fr\/#website\"},\"primaryImageOfPage\":{\"@id\":\"https:\/\/www.vegadeyuco.com\/fr\/producto\/gara-rose\/#primaryimage\"},\"image\":{\"@id\":\"https:\/\/www.vegadeyuco.com\/fr\/producto\/gara-rose\/#primaryimage\"},\"thumbnailUrl\":\"https:\/\/www.vegadeyuco.com\/wp-content\/uploads\/2016\/11\/Gara-rosado-2.png\",\"datePublished\":\"2025-05-22T19:36:10+00:00\",\"description\":\"Le Princesse Gara ros\u00e9 est une \u00e9volution de notre Listan Negro. C'est un vin de Lanzarote qui surprend par sa fra\u00eecheur et son \u00e9l\u00e9gance.\",\"breadcrumb\":{\"@id\":\"https:\/\/www.vegadeyuco.com\/fr\/producto\/gara-rose\/#breadcrumb\"},\"inLanguage\":\"fr-FR\",\"potentialAction\":[{\"@type\":\"ReadAction\",\"target\":[\"https:\/\/www.vegadeyuco.com\/fr\/producto\/gara-rose\/\"]}]},{\"@type\":\"ImageObject\",\"inLanguage\":\"fr-FR\",\"@id\":\"https:\/\/www.vegadeyuco.com\/fr\/producto\/gara-rose\/#primaryimage\",\"url\":\"https:\/\/www.vegadeyuco.com\/wp-content\/uploads\/2016\/11\/Gara-rosado-2.png\",\"contentUrl\":\"https:\/\/www.vegadeyuco.com\/wp-content\/uploads\/2016\/11\/Gara-rosado-2.png\",\"width\":1000,\"height\":1000},{\"@type\":\"BreadcrumbList\",\"@id\":\"https:\/\/www.vegadeyuco.com\/fr\/producto\/gara-rose\/#breadcrumb\",\"itemListElement\":[{\"@type\":\"ListItem\",\"position\":1,\"name\":\"Portada\",\"item\":\"https:\/\/www.vegadeyuco.com\/fr\/vega-de-yuco-cave-a-vin-a-lanzarote\/\"},{\"@type\":\"ListItem\",\"position\":2,\"name\":\"Boutique\",\"item\":\"https:\/\/www.vegadeyuco.com\/fr\/boutique\/\"},{\"@type\":\"ListItem\",\"position\":3,\"name\":\"Gara Ros\u00e9\"}]},{\"@type\":\"WebSite\",\"@id\":\"https:\/\/www.vegadeyuco.com\/fr\/#website\",\"url\":\"https:\/\/www.vegadeyuco.com\/fr\/\",\"name\":\"Vega de Yuco\",\"description\":\"Bodegas y Vi\u00f1edos Vega de Yuco en Lanzarote, una bodega tradicional Canaria que destila autenticidad e innovaci\u00f3n. \",\"publisher\":{\"@id\":\"https:\/\/www.vegadeyuco.com\/fr\/#organization\"},\"potentialAction\":[{\"@type\":\"SearchAction\",\"target\":{\"@type\":\"EntryPoint\",\"urlTemplate\":\"https:\/\/www.vegadeyuco.com\/fr\/?s={search_term_string}\"},\"query-input\":{\"@type\":\"PropertyValueSpecification\",\"valueRequired\":true,\"valueName\":\"search_term_string\"}}],\"inLanguage\":\"fr-FR\"},{\"@type\":\"Organization\",\"@id\":\"https:\/\/www.vegadeyuco.com\/fr\/#organization\",\"name\":\"Bodegas Vega de Yuco\",\"url\":\"https:\/\/www.vegadeyuco.com\/fr\/\",\"logo\":{\"@type\":\"ImageObject\",\"inLanguage\":\"fr-FR\",\"@id\":\"https:\/\/www.vegadeyuco.com\/fr\/#\/schema\/logo\/image\/\",\"url\":\"https:\/\/www.vegadeyuco.com\/wp-content\/uploads\/2020\/01\/LOGO_VEGADEYUCO_cabecera_pedidos.png\",\"contentUrl\":\"https:\/\/www.vegadeyuco.com\/wp-content\/uploads\/2020\/01\/LOGO_VEGADEYUCO_cabecera_pedidos.png\",\"width\":250,\"height\":150,\"caption\":\"Bodegas Vega de Yuco\"},\"image\":{\"@id\":\"https:\/\/www.vegadeyuco.com\/fr\/#\/schema\/logo\/image\/\"},\"sameAs\":[\"https:\/\/www.facebook.com\/vegadeyuco\",\"https:\/\/www.instagram.com\/vegadeyuco\/\",\"https:\/\/www.youtube.com\/channel\/UCmDMkmxMCvbSXTLTAs3DM7A\"]}]}<\/script>\n<!-- \/ Yoast SEO plugin. -->","yoast_head_json":{"title":"Gara Ros\u00e9 &#8226; Vega de Yuco","description":"Le Princesse Gara ros\u00e9 est une \u00e9volution de notre Listan Negro. C'est un vin de Lanzarote qui surprend par sa fra\u00eecheur et son \u00e9l\u00e9gance.","robots":{"index":"index","follow":"follow","max-snippet":"max-snippet:-1","max-image-preview":"max-image-preview:large","max-video-preview":"max-video-preview:-1"},"canonical":"https:\/\/www.vegadeyuco.com\/fr\/producto\/gara-rose\/","og_locale":"fr_FR","og_type":"article","og_title":"Gara Ros\u00e9 &#8226; Vega de Yuco","og_description":"Le Princesse Gara ros\u00e9 est une \u00e9volution de notre Listan Negro. C'est un vin de Lanzarote qui surprend par sa fra\u00eecheur et son \u00e9l\u00e9gance.","og_url":"https:\/\/www.vegadeyuco.com\/fr\/producto\/gara-rose\/","og_site_name":"Vega de Yuco","article_publisher":"https:\/\/www.facebook.com\/vegadeyuco","og_image":[{"width":1000,"height":1000,"url":"https:\/\/www.vegadeyuco.com\/wp-content\/uploads\/2016\/11\/Gara-rosado-2.png","type":"image\/png"}],"twitter_card":"summary_large_image","twitter_misc":{"Dur\u00e9e de lecture estim\u00e9e":"1 minute"},"schema":{"@context":"https:\/\/schema.org","@graph":[{"@type":"WebPage","@id":"https:\/\/www.vegadeyuco.com\/fr\/producto\/gara-rose\/","url":"https:\/\/www.vegadeyuco.com\/fr\/producto\/gara-rose\/","name":"Gara Ros\u00e9 &#8226; Vega de Yuco","isPartOf":{"@id":"https:\/\/www.vegadeyuco.com\/fr\/#website"},"primaryImageOfPage":{"@id":"https:\/\/www.vegadeyuco.com\/fr\/producto\/gara-rose\/#primaryimage"},"image":{"@id":"https:\/\/www.vegadeyuco.com\/fr\/producto\/gara-rose\/#primaryimage"},"thumbnailUrl":"https:\/\/www.vegadeyuco.com\/wp-content\/uploads\/2016\/11\/Gara-rosado-2.png","datePublished":"2025-05-22T19:36:10+00:00","description":"Le Princesse Gara ros\u00e9 est une \u00e9volution de notre Listan Negro. C'est un vin de Lanzarote qui surprend par sa fra\u00eecheur et son \u00e9l\u00e9gance.","breadcrumb":{"@id":"https:\/\/www.vegadeyuco.com\/fr\/producto\/gara-rose\/#breadcrumb"},"inLanguage":"fr-FR","potentialAction":[{"@type":"ReadAction","target":["https:\/\/www.vegadeyuco.com\/fr\/producto\/gara-rose\/"]}]},{"@type":"ImageObject","inLanguage":"fr-FR","@id":"https:\/\/www.vegadeyuco.com\/fr\/producto\/gara-rose\/#primaryimage","url":"https:\/\/www.vegadeyuco.com\/wp-content\/uploads\/2016\/11\/Gara-rosado-2.png","contentUrl":"https:\/\/www.vegadeyuco.com\/wp-content\/uploads\/2016\/11\/Gara-rosado-2.png","width":1000,"height":1000},{"@type":"BreadcrumbList","@id":"https:\/\/www.vegadeyuco.com\/fr\/producto\/gara-rose\/#breadcrumb","itemListElement":[{"@type":"ListItem","position":1,"name":"Portada","item":"https:\/\/www.vegadeyuco.com\/fr\/vega-de-yuco-cave-a-vin-a-lanzarote\/"},{"@type":"ListItem","position":2,"name":"Boutique","item":"https:\/\/www.vegadeyuco.com\/fr\/boutique\/"},{"@type":"ListItem","position":3,"name":"Gara Ros\u00e9"}]},{"@type":"WebSite","@id":"https:\/\/www.vegadeyuco.com\/fr\/#website","url":"https:\/\/www.vegadeyuco.com\/fr\/","name":"Vega de Yuco","description":"Bodegas y Vi\u00f1edos Vega de Yuco en Lanzarote, una bodega tradicional Canaria que destila autenticidad e innovaci\u00f3n. ","publisher":{"@id":"https:\/\/www.vegadeyuco.com\/fr\/#organization"},"potentialAction":[{"@type":"SearchAction","target":{"@type":"EntryPoint","urlTemplate":"https:\/\/www.vegadeyuco.com\/fr\/?s={search_term_string}"},"query-input":{"@type":"PropertyValueSpecification","valueRequired":true,"valueName":"search_term_string"}}],"inLanguage":"fr-FR"},{"@type":"Organization","@id":"https:\/\/www.vegadeyuco.com\/fr\/#organization","name":"Bodegas Vega de Yuco","url":"https:\/\/www.vegadeyuco.com\/fr\/","logo":{"@type":"ImageObject","inLanguage":"fr-FR","@id":"https:\/\/www.vegadeyuco.com\/fr\/#\/schema\/logo\/image\/","url":"https:\/\/www.vegadeyuco.com\/wp-content\/uploads\/2020\/01\/LOGO_VEGADEYUCO_cabecera_pedidos.png","contentUrl":"https:\/\/www.vegadeyuco.com\/wp-content\/uploads\/2020\/01\/LOGO_VEGADEYUCO_cabecera_pedidos.png","width":250,"height":150,"caption":"Bodegas Vega de Yuco"},"image":{"@id":"https:\/\/www.vegadeyuco.com\/fr\/#\/schema\/logo\/image\/"},"sameAs":["https:\/\/www.facebook.com\/vegadeyuco","https:\/\/www.instagram.com\/vegadeyuco\/","https:\/\/www.youtube.com\/channel\/UCmDMkmxMCvbSXTLTAs3DM7A"]}]}},"post_mailing_queue_ids":[],"_links":{"self":[{"href":"https:\/\/www.vegadeyuco.com\/fr\/wp-json\/wp\/v2\/product\/27422","targetHints":{"allow":["GET"]}}],"collection":[{"href":"https:\/\/www.vegadeyuco.com\/fr\/wp-json\/wp\/v2\/product"}],"about":[{"href":"https:\/\/www.vegadeyuco.com\/fr\/wp-json\/wp\/v2\/types\/product"}],"version-history":[{"count":0,"href":"https:\/\/www.vegadeyuco.com\/fr\/wp-json\/wp\/v2\/product\/27422\/revisions"}],"wp:featuredmedia":[{"embeddable":true,"href":"https:\/\/www.vegadeyuco.com\/fr\/wp-json\/wp\/v2\/media\/22161"}],"wp:attachment":[{"href":"https:\/\/www.vegadeyuco.com\/fr\/wp-json\/wp\/v2\/media?parent=27422"}],"wp:term":[{"taxonomy":"product_brand","embeddable":true,"href":"https:\/\/www.vegadeyuco.com\/fr\/wp-json\/wp\/v2\/product_brand?post=27422"},{"taxonomy":"product_cat","embeddable":true,"href":"https:\/\/www.vegadeyuco.com\/fr\/wp-json\/wp\/v2\/product_cat?post=27422"},{"taxonomy":"product_tag","embeddable":true,"href":"https:\/\/www.vegadeyuco.com\/fr\/wp-json\/wp\/v2\/product_tag?post=27422"}],"curies":[{"name":"wp","href":"https:\/\/api.w.org\/{rel}","templated":true}]}}