{"id":27424,"date":"2025-05-22T20:34:03","date_gmt":"2025-05-22T19:34:03","guid":{"rendered":"https:\/\/www.vegadeyuco.com\/producto\/gara-blanc-sec\/"},"modified":"2025-05-22T20:34:03","modified_gmt":"2025-05-22T19:34:03","slug":"gara-blanc-sec","status":"publish","type":"product","link":"https:\/\/www.vegadeyuco.com\/fr\/producto\/gara-blanc-sec\/","title":{"rendered":"Gara Blanc Sec"},"content":{"rendered":"<div class=\"woocommerce-product-details__short-description\">\n<p>Princesa Gara repr\u00e9sente le summum \u0153nologique des vins blancs de Lanzarote. Un c\u00e9page unique de malvasia volcanique dans sa quintessence. <\/p>\n<p>\u00c0 partir de m\u00e9thodes de culture enti\u00e8rement artisanales, la magie de Gara commence avec les raisins r\u00e9colt\u00e9s \u00e0 la main dans les zones volcaniques les plus tardives de l&rsquo;\u00eele. Soumis \u00e0 une s\u00e9lection manuelle rigoureuse, seuls les meilleurs ceps sont destin\u00e9s \u00e0 la production. Apr\u00e8s plusieurs mois de maturation en cave, nous obtenons un produit que nous pouvons sans aucun doute qualifier de vin d&rsquo;expression sup\u00e9rieure.  <\/p>\n<p><span style=\"color: #0100a3;\">Couleur<\/span><br \/>\nJolie robe dor\u00e9e p\u00e2le avec des reflets verts et une grande limpidit\u00e9 \u00e0 l&rsquo;\u0153il.<\/p>\n<p><span style=\"color: #0100a3;\">Nez<\/span><br \/>\nAu premier abord, il \u00e9voque des fruits tropicaux tels que le litchi ou la mangue. \u00c0 mesure que l&rsquo;on s&rsquo;y plonge, il \u00e9volue vers des notes citronn\u00e9es parfum\u00e9es qui rappellent le pamplemousse. <\/p>\n<p><span style=\"color: #0100a3;\">Bouche<\/span><br \/>\nEn bouche, il est onctueux, long et persistant. Ces caract\u00e9ristiques s&rsquo;\u00e9quilibrent de mani\u00e8re extraordinaire avec un degr\u00e9 d&rsquo;acidit\u00e9 qui lui conf\u00e8re une grande fra\u00eecheur et vivacit\u00e9. <\/p>\n<p>Un vin profond, riche en nuances et en sensations, \u00e0 d\u00e9guster avec tous les sens.<\/p>\n<p><em>* Allerg\u00e8nes : contient des sulfites.<\/em><\/p>\n<p>&nbsp;<\/p>\n<hr>\n<p>&nbsp;<\/p>\n<p><strong>Accords mets-vins<\/strong><\/p>\n<p>Les notes s\u00e8ches et fruit\u00e9es d&rsquo;un vin comme le Gara sec sont le meilleur choix pour accompagner les l\u00e9gumes grill\u00e9s, les poissons cuits au four et les artichauts mijot\u00e9s. Il est \u00e9galement id\u00e9al pour accompagner des recettes telles que le <em>pok\u00e9 <\/em>de saumon, les ceviches et les plats assaisonn\u00e9s de vinaigrette, car il rehausse l&rsquo;intensit\u00e9 de ces saveurs. <\/p>\n<\/div>\n","protected":false},"excerpt":{"rendered":"<p>Princesa Gara repr\u00e9sente le summum \u0153nologique des vins blancs de Lanzarote. Un c\u00e9page unique de malvasia volcanique dans sa quintessence. <\/p>\n<p><strong>Voir la fiche de d\u00e9gustation<\/strong><\/p>\n<p><a href=\"https:\/\/www.vegadeyuco.com\/wp-content\/uploads\/2022\/02\/Princesa_Gara_seco-min.pdf\" target=\"_blank\" rel=\"noopener\">Espa\u00f1ol<\/a> <a href=\"https:\/\/www.vegadeyuco.com\/wp-content\/uploads\/2025\/05\/Gara-dry-ENG.pdf\" target=\"_blank\" rel=\"noopener\">English<\/a><\/p>\n","protected":false},"featured_media":22164,"template":"","meta":[],"product_brand":[],"product_cat":[343,339,316],"product_tag":[],"class_list":{"0":"post-27424","1":"product","2":"type-product","3":"status-publish","4":"has-post-thumbnail","6":"product_cat-blanc-sec","7":"product_cat-can","8":"product_cat-non-categorise","9":"product_shipping_class-seulement-les-canaries","11":"first","12":"instock","13":"shipping-taxable","14":"purchasable","15":"product-type-simple"},"yoast_head":"<!-- This site is optimized with the Yoast SEO plugin v26.8 - https:\/\/yoast.com\/product\/yoast-seo-wordpress\/ -->\n<title>Gara Blanc Sec &#8226; Vega de Yuco<\/title>\n<meta name=\"description\" content=\"Princesa Gara repr\u00e9sente le summum \u0153nologique des vins blancs de Lanzarote. Un vin profond et plein de nuances.\" \/>\n<meta name=\"robots\" content=\"index, follow, max-snippet:-1, max-image-preview:large, max-video-preview:-1\" \/>\n<link rel=\"canonical\" href=\"https:\/\/www.vegadeyuco.com\/fr\/producto\/gara-blanc-sec\/\" \/>\n<meta property=\"og:locale\" content=\"fr_FR\" \/>\n<meta property=\"og:type\" content=\"article\" \/>\n<meta property=\"og:title\" content=\"Gara Blanc Sec &#8226; Vega de Yuco\" \/>\n<meta property=\"og:description\" content=\"Princesa Gara repr\u00e9sente le summum \u0153nologique des vins blancs de Lanzarote. Un vin profond et plein de nuances.\" \/>\n<meta property=\"og:url\" content=\"https:\/\/www.vegadeyuco.com\/fr\/producto\/gara-blanc-sec\/\" \/>\n<meta property=\"og:site_name\" content=\"Vega de Yuco\" \/>\n<meta property=\"article:publisher\" content=\"https:\/\/www.facebook.com\/vegadeyuco\" \/>\n<meta property=\"og:image\" content=\"https:\/\/www.vegadeyuco.com\/wp-content\/uploads\/2016\/11\/Gara-seco.png\" \/>\n\t<meta property=\"og:image:width\" content=\"1000\" \/>\n\t<meta property=\"og:image:height\" content=\"1000\" \/>\n\t<meta property=\"og:image:type\" content=\"image\/png\" \/>\n<meta name=\"twitter:card\" content=\"summary_large_image\" \/>\n<meta name=\"twitter:label1\" content=\"Dur\u00e9e de lecture estim\u00e9e\" \/>\n\t<meta name=\"twitter:data1\" content=\"1 minute\" \/>\n<script type=\"application\/ld+json\" class=\"yoast-schema-graph\">{\"@context\":\"https:\/\/schema.org\",\"@graph\":[{\"@type\":\"WebPage\",\"@id\":\"https:\/\/www.vegadeyuco.com\/fr\/producto\/gara-blanc-sec\/\",\"url\":\"https:\/\/www.vegadeyuco.com\/fr\/producto\/gara-blanc-sec\/\",\"name\":\"Gara Blanc Sec &#8226; Vega de Yuco\",\"isPartOf\":{\"@id\":\"https:\/\/www.vegadeyuco.com\/fr\/#website\"},\"primaryImageOfPage\":{\"@id\":\"https:\/\/www.vegadeyuco.com\/fr\/producto\/gara-blanc-sec\/#primaryimage\"},\"image\":{\"@id\":\"https:\/\/www.vegadeyuco.com\/fr\/producto\/gara-blanc-sec\/#primaryimage\"},\"thumbnailUrl\":\"https:\/\/www.vegadeyuco.com\/wp-content\/uploads\/2016\/11\/Gara-seco.png\",\"datePublished\":\"2025-05-22T19:34:03+00:00\",\"description\":\"Princesa Gara repr\u00e9sente le summum \u0153nologique des vins blancs de Lanzarote. Un vin profond et plein de nuances.\",\"breadcrumb\":{\"@id\":\"https:\/\/www.vegadeyuco.com\/fr\/producto\/gara-blanc-sec\/#breadcrumb\"},\"inLanguage\":\"fr-FR\",\"potentialAction\":[{\"@type\":\"ReadAction\",\"target\":[\"https:\/\/www.vegadeyuco.com\/fr\/producto\/gara-blanc-sec\/\"]}]},{\"@type\":\"ImageObject\",\"inLanguage\":\"fr-FR\",\"@id\":\"https:\/\/www.vegadeyuco.com\/fr\/producto\/gara-blanc-sec\/#primaryimage\",\"url\":\"https:\/\/www.vegadeyuco.com\/wp-content\/uploads\/2016\/11\/Gara-seco.png\",\"contentUrl\":\"https:\/\/www.vegadeyuco.com\/wp-content\/uploads\/2016\/11\/Gara-seco.png\",\"width\":1000,\"height\":1000},{\"@type\":\"BreadcrumbList\",\"@id\":\"https:\/\/www.vegadeyuco.com\/fr\/producto\/gara-blanc-sec\/#breadcrumb\",\"itemListElement\":[{\"@type\":\"ListItem\",\"position\":1,\"name\":\"Portada\",\"item\":\"https:\/\/www.vegadeyuco.com\/fr\/vega-de-yuco-cave-a-vin-a-lanzarote\/\"},{\"@type\":\"ListItem\",\"position\":2,\"name\":\"Boutique\",\"item\":\"https:\/\/www.vegadeyuco.com\/fr\/boutique\/\"},{\"@type\":\"ListItem\",\"position\":3,\"name\":\"Gara Blanc Sec\"}]},{\"@type\":\"WebSite\",\"@id\":\"https:\/\/www.vegadeyuco.com\/fr\/#website\",\"url\":\"https:\/\/www.vegadeyuco.com\/fr\/\",\"name\":\"Vega de Yuco\",\"description\":\"Bodegas y Vi\u00f1edos Vega de Yuco en Lanzarote, una bodega tradicional Canaria que destila autenticidad e innovaci\u00f3n. \",\"publisher\":{\"@id\":\"https:\/\/www.vegadeyuco.com\/fr\/#organization\"},\"potentialAction\":[{\"@type\":\"SearchAction\",\"target\":{\"@type\":\"EntryPoint\",\"urlTemplate\":\"https:\/\/www.vegadeyuco.com\/fr\/?s={search_term_string}\"},\"query-input\":{\"@type\":\"PropertyValueSpecification\",\"valueRequired\":true,\"valueName\":\"search_term_string\"}}],\"inLanguage\":\"fr-FR\"},{\"@type\":\"Organization\",\"@id\":\"https:\/\/www.vegadeyuco.com\/fr\/#organization\",\"name\":\"Bodegas Vega de Yuco\",\"url\":\"https:\/\/www.vegadeyuco.com\/fr\/\",\"logo\":{\"@type\":\"ImageObject\",\"inLanguage\":\"fr-FR\",\"@id\":\"https:\/\/www.vegadeyuco.com\/fr\/#\/schema\/logo\/image\/\",\"url\":\"https:\/\/www.vegadeyuco.com\/wp-content\/uploads\/2020\/01\/LOGO_VEGADEYUCO_cabecera_pedidos.png\",\"contentUrl\":\"https:\/\/www.vegadeyuco.com\/wp-content\/uploads\/2020\/01\/LOGO_VEGADEYUCO_cabecera_pedidos.png\",\"width\":250,\"height\":150,\"caption\":\"Bodegas Vega de Yuco\"},\"image\":{\"@id\":\"https:\/\/www.vegadeyuco.com\/fr\/#\/schema\/logo\/image\/\"},\"sameAs\":[\"https:\/\/www.facebook.com\/vegadeyuco\",\"https:\/\/www.instagram.com\/vegadeyuco\/\",\"https:\/\/www.youtube.com\/channel\/UCmDMkmxMCvbSXTLTAs3DM7A\"]}]}<\/script>\n<!-- \/ Yoast SEO plugin. -->","yoast_head_json":{"title":"Gara Blanc Sec &#8226; Vega de Yuco","description":"Princesa Gara repr\u00e9sente le summum \u0153nologique des vins blancs de Lanzarote. Un vin profond et plein de nuances.","robots":{"index":"index","follow":"follow","max-snippet":"max-snippet:-1","max-image-preview":"max-image-preview:large","max-video-preview":"max-video-preview:-1"},"canonical":"https:\/\/www.vegadeyuco.com\/fr\/producto\/gara-blanc-sec\/","og_locale":"fr_FR","og_type":"article","og_title":"Gara Blanc Sec &#8226; Vega de Yuco","og_description":"Princesa Gara repr\u00e9sente le summum \u0153nologique des vins blancs de Lanzarote. Un vin profond et plein de nuances.","og_url":"https:\/\/www.vegadeyuco.com\/fr\/producto\/gara-blanc-sec\/","og_site_name":"Vega de Yuco","article_publisher":"https:\/\/www.facebook.com\/vegadeyuco","og_image":[{"width":1000,"height":1000,"url":"https:\/\/www.vegadeyuco.com\/wp-content\/uploads\/2016\/11\/Gara-seco.png","type":"image\/png"}],"twitter_card":"summary_large_image","twitter_misc":{"Dur\u00e9e de lecture estim\u00e9e":"1 minute"},"schema":{"@context":"https:\/\/schema.org","@graph":[{"@type":"WebPage","@id":"https:\/\/www.vegadeyuco.com\/fr\/producto\/gara-blanc-sec\/","url":"https:\/\/www.vegadeyuco.com\/fr\/producto\/gara-blanc-sec\/","name":"Gara Blanc Sec &#8226; Vega de Yuco","isPartOf":{"@id":"https:\/\/www.vegadeyuco.com\/fr\/#website"},"primaryImageOfPage":{"@id":"https:\/\/www.vegadeyuco.com\/fr\/producto\/gara-blanc-sec\/#primaryimage"},"image":{"@id":"https:\/\/www.vegadeyuco.com\/fr\/producto\/gara-blanc-sec\/#primaryimage"},"thumbnailUrl":"https:\/\/www.vegadeyuco.com\/wp-content\/uploads\/2016\/11\/Gara-seco.png","datePublished":"2025-05-22T19:34:03+00:00","description":"Princesa Gara repr\u00e9sente le summum \u0153nologique des vins blancs de Lanzarote. Un vin profond et plein de nuances.","breadcrumb":{"@id":"https:\/\/www.vegadeyuco.com\/fr\/producto\/gara-blanc-sec\/#breadcrumb"},"inLanguage":"fr-FR","potentialAction":[{"@type":"ReadAction","target":["https:\/\/www.vegadeyuco.com\/fr\/producto\/gara-blanc-sec\/"]}]},{"@type":"ImageObject","inLanguage":"fr-FR","@id":"https:\/\/www.vegadeyuco.com\/fr\/producto\/gara-blanc-sec\/#primaryimage","url":"https:\/\/www.vegadeyuco.com\/wp-content\/uploads\/2016\/11\/Gara-seco.png","contentUrl":"https:\/\/www.vegadeyuco.com\/wp-content\/uploads\/2016\/11\/Gara-seco.png","width":1000,"height":1000},{"@type":"BreadcrumbList","@id":"https:\/\/www.vegadeyuco.com\/fr\/producto\/gara-blanc-sec\/#breadcrumb","itemListElement":[{"@type":"ListItem","position":1,"name":"Portada","item":"https:\/\/www.vegadeyuco.com\/fr\/vega-de-yuco-cave-a-vin-a-lanzarote\/"},{"@type":"ListItem","position":2,"name":"Boutique","item":"https:\/\/www.vegadeyuco.com\/fr\/boutique\/"},{"@type":"ListItem","position":3,"name":"Gara Blanc Sec"}]},{"@type":"WebSite","@id":"https:\/\/www.vegadeyuco.com\/fr\/#website","url":"https:\/\/www.vegadeyuco.com\/fr\/","name":"Vega de Yuco","description":"Bodegas y Vi\u00f1edos Vega de Yuco en Lanzarote, una bodega tradicional Canaria que destila autenticidad e innovaci\u00f3n. ","publisher":{"@id":"https:\/\/www.vegadeyuco.com\/fr\/#organization"},"potentialAction":[{"@type":"SearchAction","target":{"@type":"EntryPoint","urlTemplate":"https:\/\/www.vegadeyuco.com\/fr\/?s={search_term_string}"},"query-input":{"@type":"PropertyValueSpecification","valueRequired":true,"valueName":"search_term_string"}}],"inLanguage":"fr-FR"},{"@type":"Organization","@id":"https:\/\/www.vegadeyuco.com\/fr\/#organization","name":"Bodegas Vega de Yuco","url":"https:\/\/www.vegadeyuco.com\/fr\/","logo":{"@type":"ImageObject","inLanguage":"fr-FR","@id":"https:\/\/www.vegadeyuco.com\/fr\/#\/schema\/logo\/image\/","url":"https:\/\/www.vegadeyuco.com\/wp-content\/uploads\/2020\/01\/LOGO_VEGADEYUCO_cabecera_pedidos.png","contentUrl":"https:\/\/www.vegadeyuco.com\/wp-content\/uploads\/2020\/01\/LOGO_VEGADEYUCO_cabecera_pedidos.png","width":250,"height":150,"caption":"Bodegas Vega de Yuco"},"image":{"@id":"https:\/\/www.vegadeyuco.com\/fr\/#\/schema\/logo\/image\/"},"sameAs":["https:\/\/www.facebook.com\/vegadeyuco","https:\/\/www.instagram.com\/vegadeyuco\/","https:\/\/www.youtube.com\/channel\/UCmDMkmxMCvbSXTLTAs3DM7A"]}]}},"post_mailing_queue_ids":[],"_links":{"self":[{"href":"https:\/\/www.vegadeyuco.com\/fr\/wp-json\/wp\/v2\/product\/27424","targetHints":{"allow":["GET"]}}],"collection":[{"href":"https:\/\/www.vegadeyuco.com\/fr\/wp-json\/wp\/v2\/product"}],"about":[{"href":"https:\/\/www.vegadeyuco.com\/fr\/wp-json\/wp\/v2\/types\/product"}],"version-history":[{"count":0,"href":"https:\/\/www.vegadeyuco.com\/fr\/wp-json\/wp\/v2\/product\/27424\/revisions"}],"wp:featuredmedia":[{"embeddable":true,"href":"https:\/\/www.vegadeyuco.com\/fr\/wp-json\/wp\/v2\/media\/22164"}],"wp:attachment":[{"href":"https:\/\/www.vegadeyuco.com\/fr\/wp-json\/wp\/v2\/media?parent=27424"}],"wp:term":[{"taxonomy":"product_brand","embeddable":true,"href":"https:\/\/www.vegadeyuco.com\/fr\/wp-json\/wp\/v2\/product_brand?post=27424"},{"taxonomy":"product_cat","embeddable":true,"href":"https:\/\/www.vegadeyuco.com\/fr\/wp-json\/wp\/v2\/product_cat?post=27424"},{"taxonomy":"product_tag","embeddable":true,"href":"https:\/\/www.vegadeyuco.com\/fr\/wp-json\/wp\/v2\/product_tag?post=27424"}],"curies":[{"name":"wp","href":"https:\/\/api.w.org\/{rel}","templated":true}]}}