{"id":27426,"date":"2025-05-22T20:33:26","date_gmt":"2025-05-22T19:33:26","guid":{"rendered":"https:\/\/www.vegadeyuco.com\/producto\/gara-rouge\/"},"modified":"2025-05-22T20:33:26","modified_gmt":"2025-05-22T19:33:26","slug":"gara-rouge","status":"publish","type":"product","link":"https:\/\/www.vegadeyuco.com\/fr\/producto\/gara-rouge\/","title":{"rendered":"Gara Rouge"},"content":{"rendered":"<div class=\"woocommerce-product-details__short-description\">\n<p>Le vin rouge Princesa Gara est celui avec lequel nous avons voulu d\u00e9couvrir l&rsquo;\u00eele de Lanzarote comme terre de grands vins rouges.<\/p>\n<p>Il est \u00e9labor\u00e9 \u00e0 partir de raisins provenant des parcelles qui entourent la cave, l&rsquo;un des rares coteaux viticoles que l&rsquo;on trouve \u00e0 Lanzarote. Les sols sont caillouteux et peu profonds, et les r\u00e9coltes sont tr\u00e8s faibles en quantit\u00e9, mais exceptionnelles en qualit\u00e9. <\/p>\n<p>Apr\u00e8s fermentation, il est \u00e9lev\u00e9 pendant six mois dans des f\u00fbts de ch\u00eane provenant des meilleures tonnelleries fran\u00e7aises.<\/p>\n<p><span style=\"color: #0100a3;\">Couleur<\/span><br \/>\nDense, avec une robe profonde et des reflets violac\u00e9s.<\/p>\n<p><span style=\"color: #0100a3;\">Nez<\/span><br \/>\nNous sommes face \u00e0 un vin d&rsquo;une grande intensit\u00e9 aromatique. Les violettes occupent le devant de la sc\u00e8ne olfactive, agr\u00e9ment\u00e9es de notes de caramel et de caf\u00e9. <\/p>\n<p><span style=\"color: #0100a3;\">Bouche<\/span><br \/>\nEn bouche, il est puissant, avec des tanins doux qui prolongent son passage et des nuances torr\u00e9fi\u00e9es, propres \u00e0 son \u00e9levage en f\u00fbt de ch\u00eane.<\/p>\n<p>Un vin rouge \u00e0 la fois soyeux, structur\u00e9 et plein de contrastes. Pr\u00eat \u00e0 boire imm\u00e9diatement, mais qui sera encore meilleur apr\u00e8s un certain temps en bouteille, procurant ainsi de grandes satisfactions. <\/p>\n<\/div>\n<p><em>* Allerg\u00e8nes : contient des sulfites.<\/em><\/p>\n<p>&nbsp;<\/p>\n<hr>\n<p>&nbsp;<\/p>\n<p><strong>Accords mets-vins<\/strong><\/p>\n<p>Ce vin rouge tr\u00e8s \u00e9quilibr\u00e9 est un excellent choix pour accompagner les rago\u00fbts de viande rouge et de gibier ou les recettes \u00e0 base de viande maigre de dinde ou de porc. Il se marie \u00e9galement \u00e0 merveille avec les plats \u00e9pic\u00e9s, la charcuterie et les fromages bleus. <\/p>\n","protected":false},"excerpt":{"rendered":"<p>Le vin rouge Princesa Gara est celui avec lequel nous avons voulu d\u00e9couvrir l&rsquo;\u00eele de Lanzarote comme terre de grands vins rouges.<\/p>\n<p>Il est \u00e9labor\u00e9 \u00e0 partir de raisins provenant des parcelles qui entourent la cave, l&rsquo;un des rares coteaux viticoles que l&rsquo;on trouve \u00e0 Lanzarote. Les sols sont caillouteux et peu profonds, et les r\u00e9coltes sont tr\u00e8s faibles en quantit\u00e9, mais exceptionnelles en qualit\u00e9. <\/p>\n<p><strong>Voir la fiche de d\u00e9gustation<\/strong><\/p>\n<p><a href=\"https:\/\/www.vegadeyuco.com\/wp-content\/uploads\/2022\/02\/Princesa_Gara_tinto-min.pdf\" target=\"_blank\" rel=\"noopener\">Espa\u00f1ol<\/a> <a href=\"https:\/\/www.vegadeyuco.com\/wp-content\/uploads\/2025\/05\/Gara-red-ENG.pdf\" target=\"_blank\" rel=\"noopener\">English<\/a><\/p>\n<p>&nbsp;<\/p>\n","protected":false},"featured_media":22097,"template":"","meta":[],"product_brand":[],"product_cat":[344,339,316],"product_tag":[],"class_list":{"0":"post-27426","1":"product","2":"type-product","3":"status-publish","4":"has-post-thumbnail","6":"product_cat-rouge","7":"product_cat-can","8":"product_cat-non-categorise","9":"product_shipping_class-seulement-les-canaries","11":"first","12":"instock","13":"shipping-taxable","14":"purchasable","15":"product-type-simple"},"yoast_head":"<!-- This site is optimized with the Yoast SEO plugin v26.8 - https:\/\/yoast.com\/product\/yoast-seo-wordpress\/ -->\n<title>Gara Rouge &#8226; Vega de Yuco<\/title>\n<meta name=\"description\" content=\"Le vin rouge Princesa Gara est celui avec lequel nous avons voulu d\u00e9couvrir l&#039;\u00eele de Lanzarote comme terre de grands vins rouges.\" \/>\n<meta name=\"robots\" content=\"index, follow, max-snippet:-1, max-image-preview:large, max-video-preview:-1\" \/>\n<link rel=\"canonical\" href=\"https:\/\/www.vegadeyuco.com\/fr\/producto\/gara-rouge\/\" \/>\n<meta property=\"og:locale\" content=\"fr_FR\" \/>\n<meta property=\"og:type\" content=\"article\" \/>\n<meta property=\"og:title\" content=\"Gara Rouge &#8226; Vega de Yuco\" \/>\n<meta property=\"og:description\" content=\"Le vin rouge Princesa Gara est celui avec lequel nous avons voulu d\u00e9couvrir l&#039;\u00eele de Lanzarote comme terre de grands vins rouges.\" \/>\n<meta property=\"og:url\" content=\"https:\/\/www.vegadeyuco.com\/fr\/producto\/gara-rouge\/\" \/>\n<meta property=\"og:site_name\" content=\"Vega de Yuco\" \/>\n<meta property=\"article:publisher\" content=\"https:\/\/www.facebook.com\/vegadeyuco\" \/>\n<meta property=\"og:image\" content=\"https:\/\/www.vegadeyuco.com\/wp-content\/uploads\/2016\/11\/Gara-tinto.png\" \/>\n\t<meta property=\"og:image:width\" content=\"1000\" \/>\n\t<meta property=\"og:image:height\" content=\"1000\" \/>\n\t<meta property=\"og:image:type\" content=\"image\/png\" \/>\n<meta name=\"twitter:card\" content=\"summary_large_image\" \/>\n<meta name=\"twitter:label1\" content=\"Dur\u00e9e de lecture estim\u00e9e\" \/>\n\t<meta name=\"twitter:data1\" content=\"1 minute\" \/>\n<script type=\"application\/ld+json\" class=\"yoast-schema-graph\">{\"@context\":\"https:\/\/schema.org\",\"@graph\":[{\"@type\":\"WebPage\",\"@id\":\"https:\/\/www.vegadeyuco.com\/fr\/producto\/gara-rouge\/\",\"url\":\"https:\/\/www.vegadeyuco.com\/fr\/producto\/gara-rouge\/\",\"name\":\"Gara Rouge &#8226; Vega de Yuco\",\"isPartOf\":{\"@id\":\"https:\/\/www.vegadeyuco.com\/fr\/#website\"},\"primaryImageOfPage\":{\"@id\":\"https:\/\/www.vegadeyuco.com\/fr\/producto\/gara-rouge\/#primaryimage\"},\"image\":{\"@id\":\"https:\/\/www.vegadeyuco.com\/fr\/producto\/gara-rouge\/#primaryimage\"},\"thumbnailUrl\":\"https:\/\/www.vegadeyuco.com\/wp-content\/uploads\/2016\/11\/Gara-tinto.png\",\"datePublished\":\"2025-05-22T19:33:26+00:00\",\"description\":\"Le vin rouge Princesa Gara est celui avec lequel nous avons voulu d\u00e9couvrir l'\u00eele de Lanzarote comme terre de grands vins rouges.\",\"breadcrumb\":{\"@id\":\"https:\/\/www.vegadeyuco.com\/fr\/producto\/gara-rouge\/#breadcrumb\"},\"inLanguage\":\"fr-FR\",\"potentialAction\":[{\"@type\":\"ReadAction\",\"target\":[\"https:\/\/www.vegadeyuco.com\/fr\/producto\/gara-rouge\/\"]}]},{\"@type\":\"ImageObject\",\"inLanguage\":\"fr-FR\",\"@id\":\"https:\/\/www.vegadeyuco.com\/fr\/producto\/gara-rouge\/#primaryimage\",\"url\":\"https:\/\/www.vegadeyuco.com\/wp-content\/uploads\/2016\/11\/Gara-tinto.png\",\"contentUrl\":\"https:\/\/www.vegadeyuco.com\/wp-content\/uploads\/2016\/11\/Gara-tinto.png\",\"width\":1000,\"height\":1000},{\"@type\":\"BreadcrumbList\",\"@id\":\"https:\/\/www.vegadeyuco.com\/fr\/producto\/gara-rouge\/#breadcrumb\",\"itemListElement\":[{\"@type\":\"ListItem\",\"position\":1,\"name\":\"Portada\",\"item\":\"https:\/\/www.vegadeyuco.com\/fr\/vega-de-yuco-cave-a-vin-a-lanzarote\/\"},{\"@type\":\"ListItem\",\"position\":2,\"name\":\"Boutique\",\"item\":\"https:\/\/www.vegadeyuco.com\/fr\/boutique\/\"},{\"@type\":\"ListItem\",\"position\":3,\"name\":\"Gara Rouge\"}]},{\"@type\":\"WebSite\",\"@id\":\"https:\/\/www.vegadeyuco.com\/fr\/#website\",\"url\":\"https:\/\/www.vegadeyuco.com\/fr\/\",\"name\":\"Vega de Yuco\",\"description\":\"Bodegas y Vi\u00f1edos Vega de Yuco en Lanzarote, una bodega tradicional Canaria que destila autenticidad e innovaci\u00f3n. \",\"publisher\":{\"@id\":\"https:\/\/www.vegadeyuco.com\/fr\/#organization\"},\"potentialAction\":[{\"@type\":\"SearchAction\",\"target\":{\"@type\":\"EntryPoint\",\"urlTemplate\":\"https:\/\/www.vegadeyuco.com\/fr\/?s={search_term_string}\"},\"query-input\":{\"@type\":\"PropertyValueSpecification\",\"valueRequired\":true,\"valueName\":\"search_term_string\"}}],\"inLanguage\":\"fr-FR\"},{\"@type\":\"Organization\",\"@id\":\"https:\/\/www.vegadeyuco.com\/fr\/#organization\",\"name\":\"Bodegas Vega de Yuco\",\"url\":\"https:\/\/www.vegadeyuco.com\/fr\/\",\"logo\":{\"@type\":\"ImageObject\",\"inLanguage\":\"fr-FR\",\"@id\":\"https:\/\/www.vegadeyuco.com\/fr\/#\/schema\/logo\/image\/\",\"url\":\"https:\/\/www.vegadeyuco.com\/wp-content\/uploads\/2020\/01\/LOGO_VEGADEYUCO_cabecera_pedidos.png\",\"contentUrl\":\"https:\/\/www.vegadeyuco.com\/wp-content\/uploads\/2020\/01\/LOGO_VEGADEYUCO_cabecera_pedidos.png\",\"width\":250,\"height\":150,\"caption\":\"Bodegas Vega de Yuco\"},\"image\":{\"@id\":\"https:\/\/www.vegadeyuco.com\/fr\/#\/schema\/logo\/image\/\"},\"sameAs\":[\"https:\/\/www.facebook.com\/vegadeyuco\",\"https:\/\/www.instagram.com\/vegadeyuco\/\",\"https:\/\/www.youtube.com\/channel\/UCmDMkmxMCvbSXTLTAs3DM7A\"]}]}<\/script>\n<!-- \/ Yoast SEO plugin. -->","yoast_head_json":{"title":"Gara Rouge &#8226; Vega de Yuco","description":"Le vin rouge Princesa Gara est celui avec lequel nous avons voulu d\u00e9couvrir l'\u00eele de Lanzarote comme terre de grands vins rouges.","robots":{"index":"index","follow":"follow","max-snippet":"max-snippet:-1","max-image-preview":"max-image-preview:large","max-video-preview":"max-video-preview:-1"},"canonical":"https:\/\/www.vegadeyuco.com\/fr\/producto\/gara-rouge\/","og_locale":"fr_FR","og_type":"article","og_title":"Gara Rouge &#8226; Vega de Yuco","og_description":"Le vin rouge Princesa Gara est celui avec lequel nous avons voulu d\u00e9couvrir l'\u00eele de Lanzarote comme terre de grands vins rouges.","og_url":"https:\/\/www.vegadeyuco.com\/fr\/producto\/gara-rouge\/","og_site_name":"Vega de Yuco","article_publisher":"https:\/\/www.facebook.com\/vegadeyuco","og_image":[{"width":1000,"height":1000,"url":"https:\/\/www.vegadeyuco.com\/wp-content\/uploads\/2016\/11\/Gara-tinto.png","type":"image\/png"}],"twitter_card":"summary_large_image","twitter_misc":{"Dur\u00e9e de lecture estim\u00e9e":"1 minute"},"schema":{"@context":"https:\/\/schema.org","@graph":[{"@type":"WebPage","@id":"https:\/\/www.vegadeyuco.com\/fr\/producto\/gara-rouge\/","url":"https:\/\/www.vegadeyuco.com\/fr\/producto\/gara-rouge\/","name":"Gara Rouge &#8226; Vega de Yuco","isPartOf":{"@id":"https:\/\/www.vegadeyuco.com\/fr\/#website"},"primaryImageOfPage":{"@id":"https:\/\/www.vegadeyuco.com\/fr\/producto\/gara-rouge\/#primaryimage"},"image":{"@id":"https:\/\/www.vegadeyuco.com\/fr\/producto\/gara-rouge\/#primaryimage"},"thumbnailUrl":"https:\/\/www.vegadeyuco.com\/wp-content\/uploads\/2016\/11\/Gara-tinto.png","datePublished":"2025-05-22T19:33:26+00:00","description":"Le vin rouge Princesa Gara est celui avec lequel nous avons voulu d\u00e9couvrir l'\u00eele de Lanzarote comme terre de grands vins rouges.","breadcrumb":{"@id":"https:\/\/www.vegadeyuco.com\/fr\/producto\/gara-rouge\/#breadcrumb"},"inLanguage":"fr-FR","potentialAction":[{"@type":"ReadAction","target":["https:\/\/www.vegadeyuco.com\/fr\/producto\/gara-rouge\/"]}]},{"@type":"ImageObject","inLanguage":"fr-FR","@id":"https:\/\/www.vegadeyuco.com\/fr\/producto\/gara-rouge\/#primaryimage","url":"https:\/\/www.vegadeyuco.com\/wp-content\/uploads\/2016\/11\/Gara-tinto.png","contentUrl":"https:\/\/www.vegadeyuco.com\/wp-content\/uploads\/2016\/11\/Gara-tinto.png","width":1000,"height":1000},{"@type":"BreadcrumbList","@id":"https:\/\/www.vegadeyuco.com\/fr\/producto\/gara-rouge\/#breadcrumb","itemListElement":[{"@type":"ListItem","position":1,"name":"Portada","item":"https:\/\/www.vegadeyuco.com\/fr\/vega-de-yuco-cave-a-vin-a-lanzarote\/"},{"@type":"ListItem","position":2,"name":"Boutique","item":"https:\/\/www.vegadeyuco.com\/fr\/boutique\/"},{"@type":"ListItem","position":3,"name":"Gara Rouge"}]},{"@type":"WebSite","@id":"https:\/\/www.vegadeyuco.com\/fr\/#website","url":"https:\/\/www.vegadeyuco.com\/fr\/","name":"Vega de Yuco","description":"Bodegas y Vi\u00f1edos Vega de Yuco en Lanzarote, una bodega tradicional Canaria que destila autenticidad e innovaci\u00f3n. ","publisher":{"@id":"https:\/\/www.vegadeyuco.com\/fr\/#organization"},"potentialAction":[{"@type":"SearchAction","target":{"@type":"EntryPoint","urlTemplate":"https:\/\/www.vegadeyuco.com\/fr\/?s={search_term_string}"},"query-input":{"@type":"PropertyValueSpecification","valueRequired":true,"valueName":"search_term_string"}}],"inLanguage":"fr-FR"},{"@type":"Organization","@id":"https:\/\/www.vegadeyuco.com\/fr\/#organization","name":"Bodegas Vega de Yuco","url":"https:\/\/www.vegadeyuco.com\/fr\/","logo":{"@type":"ImageObject","inLanguage":"fr-FR","@id":"https:\/\/www.vegadeyuco.com\/fr\/#\/schema\/logo\/image\/","url":"https:\/\/www.vegadeyuco.com\/wp-content\/uploads\/2020\/01\/LOGO_VEGADEYUCO_cabecera_pedidos.png","contentUrl":"https:\/\/www.vegadeyuco.com\/wp-content\/uploads\/2020\/01\/LOGO_VEGADEYUCO_cabecera_pedidos.png","width":250,"height":150,"caption":"Bodegas Vega de Yuco"},"image":{"@id":"https:\/\/www.vegadeyuco.com\/fr\/#\/schema\/logo\/image\/"},"sameAs":["https:\/\/www.facebook.com\/vegadeyuco","https:\/\/www.instagram.com\/vegadeyuco\/","https:\/\/www.youtube.com\/channel\/UCmDMkmxMCvbSXTLTAs3DM7A"]}]}},"post_mailing_queue_ids":[],"_links":{"self":[{"href":"https:\/\/www.vegadeyuco.com\/fr\/wp-json\/wp\/v2\/product\/27426","targetHints":{"allow":["GET"]}}],"collection":[{"href":"https:\/\/www.vegadeyuco.com\/fr\/wp-json\/wp\/v2\/product"}],"about":[{"href":"https:\/\/www.vegadeyuco.com\/fr\/wp-json\/wp\/v2\/types\/product"}],"version-history":[{"count":0,"href":"https:\/\/www.vegadeyuco.com\/fr\/wp-json\/wp\/v2\/product\/27426\/revisions"}],"wp:featuredmedia":[{"embeddable":true,"href":"https:\/\/www.vegadeyuco.com\/fr\/wp-json\/wp\/v2\/media\/22097"}],"wp:attachment":[{"href":"https:\/\/www.vegadeyuco.com\/fr\/wp-json\/wp\/v2\/media?parent=27426"}],"wp:term":[{"taxonomy":"product_brand","embeddable":true,"href":"https:\/\/www.vegadeyuco.com\/fr\/wp-json\/wp\/v2\/product_brand?post=27426"},{"taxonomy":"product_cat","embeddable":true,"href":"https:\/\/www.vegadeyuco.com\/fr\/wp-json\/wp\/v2\/product_cat?post=27426"},{"taxonomy":"product_tag","embeddable":true,"href":"https:\/\/www.vegadeyuco.com\/fr\/wp-json\/wp\/v2\/product_tag?post=27426"}],"curies":[{"name":"wp","href":"https:\/\/api.w.org\/{rel}","templated":true}]}}