{"id":27444,"date":"2025-05-20T07:26:09","date_gmt":"2025-05-20T06:26:09","guid":{"rendered":"https:\/\/www.vegadeyuco.com\/producto\/yaiza-blanc-ecologique\/"},"modified":"2026-03-26T15:10:03","modified_gmt":"2026-03-26T15:10:03","slug":"yaiza-blanc-ecologique","status":"publish","type":"product","link":"https:\/\/www.vegadeyuco.com\/fr\/producto\/yaiza-blanc-ecologique\/","title":{"rendered":"Yaiza Blanc \u00c9cologique"},"content":{"rendered":"<p>Esencia de Yaiza \u00e9cologique est un vin de parcelle \u00e9labor\u00e9 exclusivement \u00e0 partir de vieux c\u00e9pages de malvoisie volcanique. Les deux parcelles, situ\u00e9es dans une zone chaude du village de Masdache, sont exclusivement cultiv\u00e9es selon les principes de l&rsquo;agriculture biologique. <\/p>\n<p><span style=\"color: #0100a3;\">Couleur<\/span><br \/>\nC&rsquo;est un vin limpide et transparent, aux reflets jaune dor\u00e9.<\/p>\n<p><span style=\"color: #0100a3;\">Nez<\/span><br \/>\nAu nez, on retrouve des notes de maturit\u00e9, avec des ar\u00f4mes de litchi, de rose et de fleur d&rsquo;oranger, caract\u00e9ristiques d&rsquo;un malvoisie tr\u00e8s m\u00fbr.<\/p>\n<p><span style=\"color: #0100a3;\">Bouche<\/span><br \/>\nEn bouche, il est dense et onctueux, chaud au palais, avec une acidit\u00e9 optimale qui lui conf\u00e8re de la fra\u00eecheur.<\/p>\n<p><em>* Allerg\u00e8nes : contient des sulfites.<\/em><\/p>\n","protected":false},"excerpt":{"rendered":"<div class=\"woocommerce-product-details__short-description\">\n<p>Esencia de Yaiza \u00e9cologique est un vin de parcelle \u00e9labor\u00e9 exclusivement \u00e0 partir de vieux c\u00e9pages de malvoisie volcanique. Les deux parcelles, situ\u00e9es dans une zone chaude du village de Masdache, sont exclusivement cultiv\u00e9es selon les principes de l&rsquo;agriculture biologique. <\/p>\n<\/div>\n<p><a href=\"https:\/\/www.vegadeyuco.com\/wp-content\/uploads\/2022\/02\/Esencia_Yaiza_eco_seco-min.pdf\" target=\"_blank\" rel=\"noopener\">Voir la fiche de d\u00e9gustation<\/a><\/p>\n<p>&nbsp;<\/p>\n","protected":false},"featured_media":27443,"template":"","meta":[],"product_brand":[],"product_cat":[343,339,348,347],"product_tag":[],"class_list":{"0":"post-27444","1":"product","2":"type-product","3":"status-publish","4":"has-post-thumbnail","6":"product_cat-blanc-sec","7":"product_cat-can","8":"product_cat-vins","9":"product_cat-yaiza","10":"product_shipping_class-seulement-les-canaries","12":"first","13":"outofstock","14":"shipping-taxable","15":"purchasable","16":"product-type-simple"},"yoast_head":"<!-- This site is optimized with the Yoast SEO plugin v26.8 - https:\/\/yoast.com\/product\/yoast-seo-wordpress\/ -->\n<title>Yaiza Blanc \u00c9cologique &#8226; Vega de Yuco<\/title>\n<meta name=\"description\" content=\"Esencia de Yaiza \u00e9cologique est un vin de parcelle \u00e9labor\u00e9 exclusivement \u00e0 partir de vieilles vignes de malvoisie volcanique issues de l&#039;agriculture biologique.\" \/>\n<meta name=\"robots\" content=\"index, follow, max-snippet:-1, max-image-preview:large, max-video-preview:-1\" \/>\n<link rel=\"canonical\" href=\"https:\/\/www.vegadeyuco.com\/fr\/producto\/yaiza-blanc-ecologique\/\" \/>\n<meta property=\"og:locale\" content=\"fr_FR\" \/>\n<meta property=\"og:type\" content=\"article\" \/>\n<meta property=\"og:title\" content=\"Yaiza Blanc \u00c9cologique &#8226; Vega de Yuco\" \/>\n<meta property=\"og:description\" content=\"Esencia de Yaiza \u00e9cologique est un vin de parcelle \u00e9labor\u00e9 exclusivement \u00e0 partir de vieilles vignes de malvoisie volcanique issues de l&#039;agriculture biologique.\" \/>\n<meta property=\"og:url\" content=\"https:\/\/www.vegadeyuco.com\/fr\/producto\/yaiza-blanc-ecologique\/\" \/>\n<meta property=\"og:site_name\" content=\"Vega de Yuco\" \/>\n<meta property=\"article:publisher\" content=\"https:\/\/www.facebook.com\/vegadeyuco\" \/>\n<meta property=\"article:modified_time\" content=\"2026-03-26T15:10:03+00:00\" \/>\n<meta property=\"og:image\" content=\"https:\/\/www.vegadeyuco.com\/wp-content\/uploads\/2017\/01\/Yaiza-blanco-ecologico.png\" \/>\n\t<meta property=\"og:image:width\" content=\"1000\" \/>\n\t<meta property=\"og:image:height\" content=\"1000\" \/>\n\t<meta property=\"og:image:type\" content=\"image\/png\" \/>\n<meta name=\"twitter:card\" content=\"summary_large_image\" \/>\n<meta name=\"twitter:label1\" content=\"Dur\u00e9e de lecture estim\u00e9e\" \/>\n\t<meta name=\"twitter:data1\" content=\"1 minute\" \/>\n<script type=\"application\/ld+json\" class=\"yoast-schema-graph\">{\"@context\":\"https:\/\/schema.org\",\"@graph\":[{\"@type\":\"WebPage\",\"@id\":\"https:\/\/www.vegadeyuco.com\/fr\/producto\/yaiza-blanc-ecologique\/\",\"url\":\"https:\/\/www.vegadeyuco.com\/fr\/producto\/yaiza-blanc-ecologique\/\",\"name\":\"Yaiza Blanc \u00c9cologique &#8226; Vega de Yuco\",\"isPartOf\":{\"@id\":\"https:\/\/www.vegadeyuco.com\/fr\/#website\"},\"primaryImageOfPage\":{\"@id\":\"https:\/\/www.vegadeyuco.com\/fr\/producto\/yaiza-blanc-ecologique\/#primaryimage\"},\"image\":{\"@id\":\"https:\/\/www.vegadeyuco.com\/fr\/producto\/yaiza-blanc-ecologique\/#primaryimage\"},\"thumbnailUrl\":\"https:\/\/www.vegadeyuco.com\/wp-content\/uploads\/2017\/01\/Yaiza-blanco-ecologico.png\",\"datePublished\":\"2025-05-20T06:26:09+00:00\",\"dateModified\":\"2026-03-26T15:10:03+00:00\",\"description\":\"Esencia de Yaiza \u00e9cologique est un vin de parcelle \u00e9labor\u00e9 exclusivement \u00e0 partir de vieilles vignes de malvoisie volcanique issues de l'agriculture biologique.\",\"breadcrumb\":{\"@id\":\"https:\/\/www.vegadeyuco.com\/fr\/producto\/yaiza-blanc-ecologique\/#breadcrumb\"},\"inLanguage\":\"fr-FR\",\"potentialAction\":[{\"@type\":\"ReadAction\",\"target\":[\"https:\/\/www.vegadeyuco.com\/fr\/producto\/yaiza-blanc-ecologique\/\"]}]},{\"@type\":\"ImageObject\",\"inLanguage\":\"fr-FR\",\"@id\":\"https:\/\/www.vegadeyuco.com\/fr\/producto\/yaiza-blanc-ecologique\/#primaryimage\",\"url\":\"https:\/\/www.vegadeyuco.com\/wp-content\/uploads\/2017\/01\/Yaiza-blanco-ecologico.png\",\"contentUrl\":\"https:\/\/www.vegadeyuco.com\/wp-content\/uploads\/2017\/01\/Yaiza-blanco-ecologico.png\",\"width\":1000,\"height\":1000},{\"@type\":\"BreadcrumbList\",\"@id\":\"https:\/\/www.vegadeyuco.com\/fr\/producto\/yaiza-blanc-ecologique\/#breadcrumb\",\"itemListElement\":[{\"@type\":\"ListItem\",\"position\":1,\"name\":\"Portada\",\"item\":\"https:\/\/www.vegadeyuco.com\/fr\/vega-de-yuco-cave-a-vin-a-lanzarote\/\"},{\"@type\":\"ListItem\",\"position\":2,\"name\":\"Boutique\",\"item\":\"https:\/\/www.vegadeyuco.com\/fr\/boutique\/\"},{\"@type\":\"ListItem\",\"position\":3,\"name\":\"Yaiza Blanc \u00c9cologique\"}]},{\"@type\":\"WebSite\",\"@id\":\"https:\/\/www.vegadeyuco.com\/fr\/#website\",\"url\":\"https:\/\/www.vegadeyuco.com\/fr\/\",\"name\":\"Vega de Yuco\",\"description\":\"Bodegas y Vi\u00f1edos Vega de Yuco en Lanzarote, una bodega tradicional Canaria que destila autenticidad e innovaci\u00f3n. \",\"publisher\":{\"@id\":\"https:\/\/www.vegadeyuco.com\/fr\/#organization\"},\"potentialAction\":[{\"@type\":\"SearchAction\",\"target\":{\"@type\":\"EntryPoint\",\"urlTemplate\":\"https:\/\/www.vegadeyuco.com\/fr\/?s={search_term_string}\"},\"query-input\":{\"@type\":\"PropertyValueSpecification\",\"valueRequired\":true,\"valueName\":\"search_term_string\"}}],\"inLanguage\":\"fr-FR\"},{\"@type\":\"Organization\",\"@id\":\"https:\/\/www.vegadeyuco.com\/fr\/#organization\",\"name\":\"Bodegas Vega de Yuco\",\"url\":\"https:\/\/www.vegadeyuco.com\/fr\/\",\"logo\":{\"@type\":\"ImageObject\",\"inLanguage\":\"fr-FR\",\"@id\":\"https:\/\/www.vegadeyuco.com\/fr\/#\/schema\/logo\/image\/\",\"url\":\"https:\/\/www.vegadeyuco.com\/wp-content\/uploads\/2020\/01\/LOGO_VEGADEYUCO_cabecera_pedidos.png\",\"contentUrl\":\"https:\/\/www.vegadeyuco.com\/wp-content\/uploads\/2020\/01\/LOGO_VEGADEYUCO_cabecera_pedidos.png\",\"width\":250,\"height\":150,\"caption\":\"Bodegas Vega de Yuco\"},\"image\":{\"@id\":\"https:\/\/www.vegadeyuco.com\/fr\/#\/schema\/logo\/image\/\"},\"sameAs\":[\"https:\/\/www.facebook.com\/vegadeyuco\",\"https:\/\/www.instagram.com\/vegadeyuco\/\",\"https:\/\/www.youtube.com\/channel\/UCmDMkmxMCvbSXTLTAs3DM7A\"]}]}<\/script>\n<!-- \/ Yoast SEO plugin. -->","yoast_head_json":{"title":"Yaiza Blanc \u00c9cologique &#8226; Vega de Yuco","description":"Esencia de Yaiza \u00e9cologique est un vin de parcelle \u00e9labor\u00e9 exclusivement \u00e0 partir de vieilles vignes de malvoisie volcanique issues de l'agriculture biologique.","robots":{"index":"index","follow":"follow","max-snippet":"max-snippet:-1","max-image-preview":"max-image-preview:large","max-video-preview":"max-video-preview:-1"},"canonical":"https:\/\/www.vegadeyuco.com\/fr\/producto\/yaiza-blanc-ecologique\/","og_locale":"fr_FR","og_type":"article","og_title":"Yaiza Blanc \u00c9cologique &#8226; Vega de Yuco","og_description":"Esencia de Yaiza \u00e9cologique est un vin de parcelle \u00e9labor\u00e9 exclusivement \u00e0 partir de vieilles vignes de malvoisie volcanique issues de l'agriculture biologique.","og_url":"https:\/\/www.vegadeyuco.com\/fr\/producto\/yaiza-blanc-ecologique\/","og_site_name":"Vega de Yuco","article_publisher":"https:\/\/www.facebook.com\/vegadeyuco","article_modified_time":"2026-03-26T15:10:03+00:00","og_image":[{"width":1000,"height":1000,"url":"https:\/\/www.vegadeyuco.com\/wp-content\/uploads\/2017\/01\/Yaiza-blanco-ecologico.png","type":"image\/png"}],"twitter_card":"summary_large_image","twitter_misc":{"Dur\u00e9e de lecture estim\u00e9e":"1 minute"},"schema":{"@context":"https:\/\/schema.org","@graph":[{"@type":"WebPage","@id":"https:\/\/www.vegadeyuco.com\/fr\/producto\/yaiza-blanc-ecologique\/","url":"https:\/\/www.vegadeyuco.com\/fr\/producto\/yaiza-blanc-ecologique\/","name":"Yaiza Blanc \u00c9cologique &#8226; Vega de Yuco","isPartOf":{"@id":"https:\/\/www.vegadeyuco.com\/fr\/#website"},"primaryImageOfPage":{"@id":"https:\/\/www.vegadeyuco.com\/fr\/producto\/yaiza-blanc-ecologique\/#primaryimage"},"image":{"@id":"https:\/\/www.vegadeyuco.com\/fr\/producto\/yaiza-blanc-ecologique\/#primaryimage"},"thumbnailUrl":"https:\/\/www.vegadeyuco.com\/wp-content\/uploads\/2017\/01\/Yaiza-blanco-ecologico.png","datePublished":"2025-05-20T06:26:09+00:00","dateModified":"2026-03-26T15:10:03+00:00","description":"Esencia de Yaiza \u00e9cologique est un vin de parcelle \u00e9labor\u00e9 exclusivement \u00e0 partir de vieilles vignes de malvoisie volcanique issues de l'agriculture biologique.","breadcrumb":{"@id":"https:\/\/www.vegadeyuco.com\/fr\/producto\/yaiza-blanc-ecologique\/#breadcrumb"},"inLanguage":"fr-FR","potentialAction":[{"@type":"ReadAction","target":["https:\/\/www.vegadeyuco.com\/fr\/producto\/yaiza-blanc-ecologique\/"]}]},{"@type":"ImageObject","inLanguage":"fr-FR","@id":"https:\/\/www.vegadeyuco.com\/fr\/producto\/yaiza-blanc-ecologique\/#primaryimage","url":"https:\/\/www.vegadeyuco.com\/wp-content\/uploads\/2017\/01\/Yaiza-blanco-ecologico.png","contentUrl":"https:\/\/www.vegadeyuco.com\/wp-content\/uploads\/2017\/01\/Yaiza-blanco-ecologico.png","width":1000,"height":1000},{"@type":"BreadcrumbList","@id":"https:\/\/www.vegadeyuco.com\/fr\/producto\/yaiza-blanc-ecologique\/#breadcrumb","itemListElement":[{"@type":"ListItem","position":1,"name":"Portada","item":"https:\/\/www.vegadeyuco.com\/fr\/vega-de-yuco-cave-a-vin-a-lanzarote\/"},{"@type":"ListItem","position":2,"name":"Boutique","item":"https:\/\/www.vegadeyuco.com\/fr\/boutique\/"},{"@type":"ListItem","position":3,"name":"Yaiza Blanc \u00c9cologique"}]},{"@type":"WebSite","@id":"https:\/\/www.vegadeyuco.com\/fr\/#website","url":"https:\/\/www.vegadeyuco.com\/fr\/","name":"Vega de Yuco","description":"Bodegas y Vi\u00f1edos Vega de Yuco en Lanzarote, una bodega tradicional Canaria que destila autenticidad e innovaci\u00f3n. ","publisher":{"@id":"https:\/\/www.vegadeyuco.com\/fr\/#organization"},"potentialAction":[{"@type":"SearchAction","target":{"@type":"EntryPoint","urlTemplate":"https:\/\/www.vegadeyuco.com\/fr\/?s={search_term_string}"},"query-input":{"@type":"PropertyValueSpecification","valueRequired":true,"valueName":"search_term_string"}}],"inLanguage":"fr-FR"},{"@type":"Organization","@id":"https:\/\/www.vegadeyuco.com\/fr\/#organization","name":"Bodegas Vega de Yuco","url":"https:\/\/www.vegadeyuco.com\/fr\/","logo":{"@type":"ImageObject","inLanguage":"fr-FR","@id":"https:\/\/www.vegadeyuco.com\/fr\/#\/schema\/logo\/image\/","url":"https:\/\/www.vegadeyuco.com\/wp-content\/uploads\/2020\/01\/LOGO_VEGADEYUCO_cabecera_pedidos.png","contentUrl":"https:\/\/www.vegadeyuco.com\/wp-content\/uploads\/2020\/01\/LOGO_VEGADEYUCO_cabecera_pedidos.png","width":250,"height":150,"caption":"Bodegas Vega de Yuco"},"image":{"@id":"https:\/\/www.vegadeyuco.com\/fr\/#\/schema\/logo\/image\/"},"sameAs":["https:\/\/www.facebook.com\/vegadeyuco","https:\/\/www.instagram.com\/vegadeyuco\/","https:\/\/www.youtube.com\/channel\/UCmDMkmxMCvbSXTLTAs3DM7A"]}]}},"post_mailing_queue_ids":[],"_links":{"self":[{"href":"https:\/\/www.vegadeyuco.com\/fr\/wp-json\/wp\/v2\/product\/27444","targetHints":{"allow":["GET"]}}],"collection":[{"href":"https:\/\/www.vegadeyuco.com\/fr\/wp-json\/wp\/v2\/product"}],"about":[{"href":"https:\/\/www.vegadeyuco.com\/fr\/wp-json\/wp\/v2\/types\/product"}],"version-history":[{"count":0,"href":"https:\/\/www.vegadeyuco.com\/fr\/wp-json\/wp\/v2\/product\/27444\/revisions"}],"wp:featuredmedia":[{"embeddable":true,"href":"https:\/\/www.vegadeyuco.com\/fr\/wp-json\/wp\/v2\/media\/27443"}],"wp:attachment":[{"href":"https:\/\/www.vegadeyuco.com\/fr\/wp-json\/wp\/v2\/media?parent=27444"}],"wp:term":[{"taxonomy":"product_brand","embeddable":true,"href":"https:\/\/www.vegadeyuco.com\/fr\/wp-json\/wp\/v2\/product_brand?post=27444"},{"taxonomy":"product_cat","embeddable":true,"href":"https:\/\/www.vegadeyuco.com\/fr\/wp-json\/wp\/v2\/product_cat?post=27444"},{"taxonomy":"product_tag","embeddable":true,"href":"https:\/\/www.vegadeyuco.com\/fr\/wp-json\/wp\/v2\/product_tag?post=27444"}],"curies":[{"name":"wp","href":"https:\/\/api.w.org\/{rel}","templated":true}]}}