{"id":27446,"date":"2025-05-20T07:25:44","date_gmt":"2025-05-20T06:25:44","guid":{"rendered":"https:\/\/www.vegadeyuco.com\/producto\/yaiza-blanc-sec-2\/"},"modified":"2025-05-20T07:25:44","modified_gmt":"2025-05-20T06:25:44","slug":"yaiza-blanc-sec-2","status":"publish","type":"product","link":"https:\/\/www.vegadeyuco.com\/fr\/producto\/yaiza-blanc-sec-2\/","title":{"rendered":"Yaiza Blanc sec"},"content":{"rendered":"<div class=\"woocommerce-product-details__short-description\">\n<p>Esencia de Yaiza est l&rsquo;expression authentique de la viticulture artisanale de Lanzarote. \u00c0 notre arriv\u00e9e \u00e0 la cave, nous s\u00e9lectionnons \u00e0 la main le malvasia volcanique provenant des meilleurs vignobles de l&rsquo;\u00eele. Ensuite, le raisin est ferment\u00e9 dans des cuves \u00e0 l&rsquo;aide de techniques de mac\u00e9ration \u00e0 froid, produisant un vin tr\u00e8s expressif qui se caract\u00e9rise par sa fra\u00eecheur et sa personnalit\u00e9 aromatique.  <\/p>\n<p><span style=\"color: #0100a3;\">Couleur<\/span><br \/>\nCouleur Jaune p\u00e2le comme le reflet du lever du soleil, avec des nuances claires qui d\u00e9notent sa fra\u00eecheur et sa jeunesse.<\/p>\n<p><span style=\"color: #0100a3;\">Nez<\/span><br \/>\nD\u00e8s le premier instant, il surprend par ses notes de mangue, de goyave et de litchi, toutes caract\u00e9ristiques du malvasia volcanique. Peu \u00e0 peu, il \u00e9volue vers des ar\u00f4mes de fruits \u00e0 chair blanche, avec des notes d&rsquo;agrumes et de fleur d&rsquo;oranger. Un vin complexe et parfum\u00e9, d&rsquo;une grande intensit\u00e9 aromatique.  <\/p>\n<p><span style=\"color: #0100a3;\">Bouche<\/span><br \/>\nL&rsquo;attaque en bouche est douce, r\u00e9v\u00e9lant sa fra\u00eecheur et son vivacit\u00e9. Un vin \u00e9quilibr\u00e9 qui invite \u00e0 le d\u00e9guster \u00e0 nouveau en bouche. <\/p>\n<\/div>\n<p><em>* Allerg\u00e8nes : contient des sulfites.<\/em><\/p>\n<p>&nbsp;<\/p>\n<hr>\n<p>&nbsp;<\/p>\n<p><strong>Accords mets-vins<\/strong><\/p>\n<p>Yaiza Malvas\u00eda Seco est le meilleur choix pour un ap\u00e9ritif entre amis, mais aussi pour accompagner des salades, des poissons blancs, des viandes de volaille peu assaisonn\u00e9es, des fromages \u00e0 p\u00e2te molle et des p\u00e2tes avec des sauces blanches.<\/p>\n","protected":false},"excerpt":{"rendered":"<p>Esencia de Yaiza est l&rsquo;expression authentique de la viticulture artisanale de Lanzarote. \u00c0 notre arriv\u00e9e \u00e0 la cave, nous s\u00e9lectionnons \u00e0 la main le malvasia volcanique provenant des meilleurs vignobles de l&rsquo;\u00eele. Ensuite, le raisin est ferment\u00e9 dans des cuves \u00e0 l&rsquo;aide de techniques de mac\u00e9ration \u00e0 froid, produisant un vin tr\u00e8s expressif qui se caract\u00e9rise par sa fra\u00eecheur et sa personnalit\u00e9 aromatique.  <\/p>\n<p><strong>Voir la fiche de d\u00e9gustation<\/strong><\/p>\n<p><a href=\"https:\/\/www.vegadeyuco.com\/wp-content\/uploads\/2022\/02\/Esencia_Yaiza_seco-min.pdf\" target=\"_blank\" rel=\"noopener\">Espa\u00f1ol<\/a> <a href=\"https:\/\/www.vegadeyuco.com\/wp-content\/uploads\/2025\/05\/Yaiza-Dry-ENG.pdf\" target=\"_blank\" rel=\"noopener\">English<\/a><\/p>\n","protected":false},"featured_media":22162,"template":"","meta":[],"product_brand":[],"product_cat":[343,339,348,347],"product_tag":[],"class_list":{"0":"post-27446","1":"product","2":"type-product","3":"status-publish","4":"has-post-thumbnail","6":"product_cat-blanc-sec","7":"product_cat-can","8":"product_cat-vins","9":"product_cat-yaiza","10":"product_shipping_class-seulement-les-canaries","12":"first","13":"instock","14":"shipping-taxable","15":"purchasable","16":"product-type-simple"},"yoast_head":"<!-- This site is optimized with the Yoast SEO plugin v26.8 - https:\/\/yoast.com\/product\/yoast-seo-wordpress\/ -->\n<title>Yaiza Blanc sec &#8226; Vega de Yuco<\/title>\n<meta name=\"description\" content=\"Esencia de Yaiza est le reflet de la viticulture artisanale de Lanzarote. Un vin expressif, frais et dot\u00e9 d&#039;une grande personnalit\u00e9 aromatique.\" \/>\n<meta name=\"robots\" content=\"index, follow, max-snippet:-1, max-image-preview:large, max-video-preview:-1\" \/>\n<link rel=\"canonical\" href=\"https:\/\/www.vegadeyuco.com\/fr\/producto\/yaiza-blanc-sec-2\/\" \/>\n<meta property=\"og:locale\" content=\"fr_FR\" \/>\n<meta property=\"og:type\" content=\"article\" \/>\n<meta property=\"og:title\" content=\"Yaiza Blanc sec &#8226; Vega de Yuco\" \/>\n<meta property=\"og:description\" content=\"Esencia de Yaiza est le reflet de la viticulture artisanale de Lanzarote. Un vin expressif, frais et dot\u00e9 d&#039;une grande personnalit\u00e9 aromatique.\" \/>\n<meta property=\"og:url\" content=\"https:\/\/www.vegadeyuco.com\/fr\/producto\/yaiza-blanc-sec-2\/\" \/>\n<meta property=\"og:site_name\" content=\"Vega de Yuco\" \/>\n<meta property=\"article:publisher\" content=\"https:\/\/www.facebook.com\/vegadeyuco\" \/>\n<meta property=\"og:image\" content=\"https:\/\/www.vegadeyuco.com\/wp-content\/uploads\/2017\/01\/Yaiza-seco.png\" \/>\n\t<meta property=\"og:image:width\" content=\"1000\" \/>\n\t<meta property=\"og:image:height\" content=\"1000\" \/>\n\t<meta property=\"og:image:type\" content=\"image\/png\" \/>\n<meta name=\"twitter:card\" content=\"summary_large_image\" \/>\n<meta name=\"twitter:label1\" content=\"Dur\u00e9e de lecture estim\u00e9e\" \/>\n\t<meta name=\"twitter:data1\" content=\"1 minute\" \/>\n<script type=\"application\/ld+json\" class=\"yoast-schema-graph\">{\"@context\":\"https:\/\/schema.org\",\"@graph\":[{\"@type\":\"WebPage\",\"@id\":\"https:\/\/www.vegadeyuco.com\/fr\/producto\/yaiza-blanc-sec-2\/\",\"url\":\"https:\/\/www.vegadeyuco.com\/fr\/producto\/yaiza-blanc-sec-2\/\",\"name\":\"Yaiza Blanc sec &#8226; Vega de Yuco\",\"isPartOf\":{\"@id\":\"https:\/\/www.vegadeyuco.com\/fr\/#website\"},\"primaryImageOfPage\":{\"@id\":\"https:\/\/www.vegadeyuco.com\/fr\/producto\/yaiza-blanc-sec-2\/#primaryimage\"},\"image\":{\"@id\":\"https:\/\/www.vegadeyuco.com\/fr\/producto\/yaiza-blanc-sec-2\/#primaryimage\"},\"thumbnailUrl\":\"https:\/\/www.vegadeyuco.com\/wp-content\/uploads\/2017\/01\/Yaiza-seco.png\",\"datePublished\":\"2025-05-20T06:25:44+00:00\",\"description\":\"Esencia de Yaiza est le reflet de la viticulture artisanale de Lanzarote. Un vin expressif, frais et dot\u00e9 d'une grande personnalit\u00e9 aromatique.\",\"breadcrumb\":{\"@id\":\"https:\/\/www.vegadeyuco.com\/fr\/producto\/yaiza-blanc-sec-2\/#breadcrumb\"},\"inLanguage\":\"fr-FR\",\"potentialAction\":[{\"@type\":\"ReadAction\",\"target\":[\"https:\/\/www.vegadeyuco.com\/fr\/producto\/yaiza-blanc-sec-2\/\"]}]},{\"@type\":\"ImageObject\",\"inLanguage\":\"fr-FR\",\"@id\":\"https:\/\/www.vegadeyuco.com\/fr\/producto\/yaiza-blanc-sec-2\/#primaryimage\",\"url\":\"https:\/\/www.vegadeyuco.com\/wp-content\/uploads\/2017\/01\/Yaiza-seco.png\",\"contentUrl\":\"https:\/\/www.vegadeyuco.com\/wp-content\/uploads\/2017\/01\/Yaiza-seco.png\",\"width\":1000,\"height\":1000},{\"@type\":\"BreadcrumbList\",\"@id\":\"https:\/\/www.vegadeyuco.com\/fr\/producto\/yaiza-blanc-sec-2\/#breadcrumb\",\"itemListElement\":[{\"@type\":\"ListItem\",\"position\":1,\"name\":\"Portada\",\"item\":\"https:\/\/www.vegadeyuco.com\/fr\/vega-de-yuco-cave-a-vin-a-lanzarote\/\"},{\"@type\":\"ListItem\",\"position\":2,\"name\":\"Boutique\",\"item\":\"https:\/\/www.vegadeyuco.com\/fr\/boutique\/\"},{\"@type\":\"ListItem\",\"position\":3,\"name\":\"Yaiza Blanc sec\"}]},{\"@type\":\"WebSite\",\"@id\":\"https:\/\/www.vegadeyuco.com\/fr\/#website\",\"url\":\"https:\/\/www.vegadeyuco.com\/fr\/\",\"name\":\"Vega de Yuco\",\"description\":\"Bodegas y Vi\u00f1edos Vega de Yuco en Lanzarote, una bodega tradicional Canaria que destila autenticidad e innovaci\u00f3n. \",\"publisher\":{\"@id\":\"https:\/\/www.vegadeyuco.com\/fr\/#organization\"},\"potentialAction\":[{\"@type\":\"SearchAction\",\"target\":{\"@type\":\"EntryPoint\",\"urlTemplate\":\"https:\/\/www.vegadeyuco.com\/fr\/?s={search_term_string}\"},\"query-input\":{\"@type\":\"PropertyValueSpecification\",\"valueRequired\":true,\"valueName\":\"search_term_string\"}}],\"inLanguage\":\"fr-FR\"},{\"@type\":\"Organization\",\"@id\":\"https:\/\/www.vegadeyuco.com\/fr\/#organization\",\"name\":\"Bodegas Vega de Yuco\",\"url\":\"https:\/\/www.vegadeyuco.com\/fr\/\",\"logo\":{\"@type\":\"ImageObject\",\"inLanguage\":\"fr-FR\",\"@id\":\"https:\/\/www.vegadeyuco.com\/fr\/#\/schema\/logo\/image\/\",\"url\":\"https:\/\/www.vegadeyuco.com\/wp-content\/uploads\/2020\/01\/LOGO_VEGADEYUCO_cabecera_pedidos.png\",\"contentUrl\":\"https:\/\/www.vegadeyuco.com\/wp-content\/uploads\/2020\/01\/LOGO_VEGADEYUCO_cabecera_pedidos.png\",\"width\":250,\"height\":150,\"caption\":\"Bodegas Vega de Yuco\"},\"image\":{\"@id\":\"https:\/\/www.vegadeyuco.com\/fr\/#\/schema\/logo\/image\/\"},\"sameAs\":[\"https:\/\/www.facebook.com\/vegadeyuco\",\"https:\/\/www.instagram.com\/vegadeyuco\/\",\"https:\/\/www.youtube.com\/channel\/UCmDMkmxMCvbSXTLTAs3DM7A\"]}]}<\/script>\n<!-- \/ Yoast SEO plugin. -->","yoast_head_json":{"title":"Yaiza Blanc sec &#8226; Vega de Yuco","description":"Esencia de Yaiza est le reflet de la viticulture artisanale de Lanzarote. Un vin expressif, frais et dot\u00e9 d'une grande personnalit\u00e9 aromatique.","robots":{"index":"index","follow":"follow","max-snippet":"max-snippet:-1","max-image-preview":"max-image-preview:large","max-video-preview":"max-video-preview:-1"},"canonical":"https:\/\/www.vegadeyuco.com\/fr\/producto\/yaiza-blanc-sec-2\/","og_locale":"fr_FR","og_type":"article","og_title":"Yaiza Blanc sec &#8226; Vega de Yuco","og_description":"Esencia de Yaiza est le reflet de la viticulture artisanale de Lanzarote. Un vin expressif, frais et dot\u00e9 d'une grande personnalit\u00e9 aromatique.","og_url":"https:\/\/www.vegadeyuco.com\/fr\/producto\/yaiza-blanc-sec-2\/","og_site_name":"Vega de Yuco","article_publisher":"https:\/\/www.facebook.com\/vegadeyuco","og_image":[{"width":1000,"height":1000,"url":"https:\/\/www.vegadeyuco.com\/wp-content\/uploads\/2017\/01\/Yaiza-seco.png","type":"image\/png"}],"twitter_card":"summary_large_image","twitter_misc":{"Dur\u00e9e de lecture estim\u00e9e":"1 minute"},"schema":{"@context":"https:\/\/schema.org","@graph":[{"@type":"WebPage","@id":"https:\/\/www.vegadeyuco.com\/fr\/producto\/yaiza-blanc-sec-2\/","url":"https:\/\/www.vegadeyuco.com\/fr\/producto\/yaiza-blanc-sec-2\/","name":"Yaiza Blanc sec &#8226; Vega de Yuco","isPartOf":{"@id":"https:\/\/www.vegadeyuco.com\/fr\/#website"},"primaryImageOfPage":{"@id":"https:\/\/www.vegadeyuco.com\/fr\/producto\/yaiza-blanc-sec-2\/#primaryimage"},"image":{"@id":"https:\/\/www.vegadeyuco.com\/fr\/producto\/yaiza-blanc-sec-2\/#primaryimage"},"thumbnailUrl":"https:\/\/www.vegadeyuco.com\/wp-content\/uploads\/2017\/01\/Yaiza-seco.png","datePublished":"2025-05-20T06:25:44+00:00","description":"Esencia de Yaiza est le reflet de la viticulture artisanale de Lanzarote. Un vin expressif, frais et dot\u00e9 d'une grande personnalit\u00e9 aromatique.","breadcrumb":{"@id":"https:\/\/www.vegadeyuco.com\/fr\/producto\/yaiza-blanc-sec-2\/#breadcrumb"},"inLanguage":"fr-FR","potentialAction":[{"@type":"ReadAction","target":["https:\/\/www.vegadeyuco.com\/fr\/producto\/yaiza-blanc-sec-2\/"]}]},{"@type":"ImageObject","inLanguage":"fr-FR","@id":"https:\/\/www.vegadeyuco.com\/fr\/producto\/yaiza-blanc-sec-2\/#primaryimage","url":"https:\/\/www.vegadeyuco.com\/wp-content\/uploads\/2017\/01\/Yaiza-seco.png","contentUrl":"https:\/\/www.vegadeyuco.com\/wp-content\/uploads\/2017\/01\/Yaiza-seco.png","width":1000,"height":1000},{"@type":"BreadcrumbList","@id":"https:\/\/www.vegadeyuco.com\/fr\/producto\/yaiza-blanc-sec-2\/#breadcrumb","itemListElement":[{"@type":"ListItem","position":1,"name":"Portada","item":"https:\/\/www.vegadeyuco.com\/fr\/vega-de-yuco-cave-a-vin-a-lanzarote\/"},{"@type":"ListItem","position":2,"name":"Boutique","item":"https:\/\/www.vegadeyuco.com\/fr\/boutique\/"},{"@type":"ListItem","position":3,"name":"Yaiza Blanc sec"}]},{"@type":"WebSite","@id":"https:\/\/www.vegadeyuco.com\/fr\/#website","url":"https:\/\/www.vegadeyuco.com\/fr\/","name":"Vega de Yuco","description":"Bodegas y Vi\u00f1edos Vega de Yuco en Lanzarote, una bodega tradicional Canaria que destila autenticidad e innovaci\u00f3n. ","publisher":{"@id":"https:\/\/www.vegadeyuco.com\/fr\/#organization"},"potentialAction":[{"@type":"SearchAction","target":{"@type":"EntryPoint","urlTemplate":"https:\/\/www.vegadeyuco.com\/fr\/?s={search_term_string}"},"query-input":{"@type":"PropertyValueSpecification","valueRequired":true,"valueName":"search_term_string"}}],"inLanguage":"fr-FR"},{"@type":"Organization","@id":"https:\/\/www.vegadeyuco.com\/fr\/#organization","name":"Bodegas Vega de Yuco","url":"https:\/\/www.vegadeyuco.com\/fr\/","logo":{"@type":"ImageObject","inLanguage":"fr-FR","@id":"https:\/\/www.vegadeyuco.com\/fr\/#\/schema\/logo\/image\/","url":"https:\/\/www.vegadeyuco.com\/wp-content\/uploads\/2020\/01\/LOGO_VEGADEYUCO_cabecera_pedidos.png","contentUrl":"https:\/\/www.vegadeyuco.com\/wp-content\/uploads\/2020\/01\/LOGO_VEGADEYUCO_cabecera_pedidos.png","width":250,"height":150,"caption":"Bodegas Vega de Yuco"},"image":{"@id":"https:\/\/www.vegadeyuco.com\/fr\/#\/schema\/logo\/image\/"},"sameAs":["https:\/\/www.facebook.com\/vegadeyuco","https:\/\/www.instagram.com\/vegadeyuco\/","https:\/\/www.youtube.com\/channel\/UCmDMkmxMCvbSXTLTAs3DM7A"]}]}},"post_mailing_queue_ids":[],"_links":{"self":[{"href":"https:\/\/www.vegadeyuco.com\/fr\/wp-json\/wp\/v2\/product\/27446","targetHints":{"allow":["GET"]}}],"collection":[{"href":"https:\/\/www.vegadeyuco.com\/fr\/wp-json\/wp\/v2\/product"}],"about":[{"href":"https:\/\/www.vegadeyuco.com\/fr\/wp-json\/wp\/v2\/types\/product"}],"version-history":[{"count":0,"href":"https:\/\/www.vegadeyuco.com\/fr\/wp-json\/wp\/v2\/product\/27446\/revisions"}],"wp:featuredmedia":[{"embeddable":true,"href":"https:\/\/www.vegadeyuco.com\/fr\/wp-json\/wp\/v2\/media\/22162"}],"wp:attachment":[{"href":"https:\/\/www.vegadeyuco.com\/fr\/wp-json\/wp\/v2\/media?parent=27446"}],"wp:term":[{"taxonomy":"product_brand","embeddable":true,"href":"https:\/\/www.vegadeyuco.com\/fr\/wp-json\/wp\/v2\/product_brand?post=27446"},{"taxonomy":"product_cat","embeddable":true,"href":"https:\/\/www.vegadeyuco.com\/fr\/wp-json\/wp\/v2\/product_cat?post=27446"},{"taxonomy":"product_tag","embeddable":true,"href":"https:\/\/www.vegadeyuco.com\/fr\/wp-json\/wp\/v2\/product_tag?post=27446"}],"curies":[{"name":"wp","href":"https:\/\/api.w.org\/{rel}","templated":true}]}}