{"id":27459,"date":"2025-05-19T19:26:16","date_gmt":"2025-05-19T18:26:16","guid":{"rendered":"https:\/\/www.vegadeyuco.com\/producto\/vega-de-yuco-sec\/"},"modified":"2025-05-19T19:26:16","modified_gmt":"2025-05-19T18:26:16","slug":"vega-de-yuco-sec","status":"publish","type":"product","link":"https:\/\/www.vegadeyuco.com\/fr\/producto\/vega-de-yuco-sec\/","title":{"rendered":"Vega de Yuco Sec"},"content":{"rendered":"<div class=\"woocommerce-product-details__short-description\">\n<p>Vega de Yuco est issu de notre malvasia le plus classique, s\u00e9lectionn\u00e9 dans les parcelles les plus chaudes, o\u00f9 le niveau de maturit\u00e9 est plus \u00e9lev\u00e9. Apr\u00e8s une s\u00e9lection rigoureuse \u00e0 la cave, sa fermentation est lente et soign\u00e9e, \u00e0 temp\u00e9rature mod\u00e9r\u00e9e contr\u00f4l\u00e9e. <\/p>\n<p><span style=\"color: #0100a3;\">Couleur<\/span><br \/>\nJaune p\u00e2le comme le reflet du lever du soleil, limpide et brillant, avec des nuances qui d\u00e9notent fra\u00eecheur et jeunesse.<\/p>\n<p><span style=\"color: #0100a3;\">Nez<\/span><br \/>\nAr\u00f4mes intenses et nets, avec des nuances de fleurs blanches et aromatiques, de fleur d&rsquo;oranger et de jasmin, couronn\u00e9s par un parfum citrique de bergamote.<\/p>\n<p><span style=\"color: #0100a3;\">Bouche<\/span><br \/>\nEn bouche, il est dense, charnu et offre une finale longue et incomparable. Un vin qui refl\u00e8te l&rsquo;essence de notre terre volcanique, \u00e9labor\u00e9 pour le plaisir de ceux qui le d\u00e9gustent. <\/p>\n<\/div>\n<p><em>* Allerg\u00e8nes : contient des sulfites.<\/em><\/p>\n<p>&nbsp;<\/p>\n<hr>\n<p>&nbsp;<\/p>\n<p><strong>Accords mets-vins<\/strong><\/p>\n<p>Le Vega de Yuco seco est parfait pour les ap\u00e9ritifs, les fruits de mer, les poissons grill\u00e9s, les riz et les p\u00e2tes \u00e0 la marini\u00e8re. Un vin qui \u00e9veille les sens et l&rsquo;envie de partager, avec la certitude de satisfaire tout le monde. <\/p>\n","protected":false},"excerpt":{"rendered":"<p>Vega de Yuco est issu de notre malvasia le plus classique, s\u00e9lectionn\u00e9 dans les parcelles les plus chaudes, o\u00f9 le niveau de maturit\u00e9 est plus \u00e9lev\u00e9. Apr\u00e8s une s\u00e9lection rigoureuse \u00e0 la cave, sa fermentation est lente et soign\u00e9e, \u00e0 temp\u00e9rature mod\u00e9r\u00e9e contr\u00f4l\u00e9e. <\/p>\n<p><strong>Voir la fiche de d\u00e9gustation<\/strong><\/p>\n<p><a href=\"https:\/\/www.vegadeyuco.com\/wp-content\/uploads\/2022\/02\/Vega_de_Yuco_seco-min.pdf\" target=\"_blank\" rel=\"noopener\">Espa\u00f1ol<\/a> <a href=\"https:\/\/www.vegadeyuco.com\/wp-content\/uploads\/2025\/05\/Vega-de-Yuco-Dry-ENG.pdf\" target=\"_blank\" rel=\"noopener\">English<\/a><\/p>\n","protected":false},"featured_media":22121,"template":"","meta":[],"product_brand":[],"product_cat":[343,339,350],"product_tag":[],"class_list":{"0":"post-27459","1":"product","2":"type-product","3":"status-publish","4":"has-post-thumbnail","6":"product_cat-blanc-sec","7":"product_cat-can","8":"product_cat-vega-de-yuco","9":"product_shipping_class-seulement-les-canaries","11":"first","12":"instock","13":"shipping-taxable","14":"purchasable","15":"product-type-simple"},"yoast_head":"<!-- This site is optimized with the Yoast SEO plugin v26.8 - https:\/\/yoast.com\/product\/yoast-seo-wordpress\/ -->\n<title>Vega de Yuco Sec &#8226; Vega de Yuco<\/title>\n<meta name=\"description\" content=\"Vega de Yuco est issu du malvasia le plus classique, de parcelles de raisins s\u00e9lectionn\u00e9s dans les zones les plus chaudes, o\u00f9 le niveau de maturit\u00e9 est plus \u00e9lev\u00e9.\" \/>\n<meta name=\"robots\" content=\"index, follow, max-snippet:-1, max-image-preview:large, max-video-preview:-1\" \/>\n<link rel=\"canonical\" href=\"https:\/\/www.vegadeyuco.com\/fr\/producto\/vega-de-yuco-sec\/\" \/>\n<meta property=\"og:locale\" content=\"fr_FR\" \/>\n<meta property=\"og:type\" content=\"article\" \/>\n<meta property=\"og:title\" content=\"Vega de Yuco Sec &#8226; Vega de Yuco\" \/>\n<meta property=\"og:description\" content=\"Vega de Yuco est issu du malvasia le plus classique, de parcelles de raisins s\u00e9lectionn\u00e9s dans les zones les plus chaudes, o\u00f9 le niveau de maturit\u00e9 est plus \u00e9lev\u00e9.\" \/>\n<meta property=\"og:url\" content=\"https:\/\/www.vegadeyuco.com\/fr\/producto\/vega-de-yuco-sec\/\" \/>\n<meta property=\"og:site_name\" content=\"Vega de Yuco\" \/>\n<meta property=\"article:publisher\" content=\"https:\/\/www.facebook.com\/vegadeyuco\" \/>\n<meta property=\"og:image\" content=\"https:\/\/www.vegadeyuco.com\/wp-content\/uploads\/2018\/11\/V-Yuco-seco.png\" \/>\n\t<meta property=\"og:image:width\" content=\"1000\" \/>\n\t<meta property=\"og:image:height\" content=\"1000\" \/>\n\t<meta property=\"og:image:type\" content=\"image\/png\" \/>\n<meta name=\"twitter:card\" content=\"summary_large_image\" \/>\n<meta name=\"twitter:label1\" content=\"Dur\u00e9e de lecture estim\u00e9e\" \/>\n\t<meta name=\"twitter:data1\" content=\"1 minute\" \/>\n<script type=\"application\/ld+json\" class=\"yoast-schema-graph\">{\"@context\":\"https:\/\/schema.org\",\"@graph\":[{\"@type\":\"WebPage\",\"@id\":\"https:\/\/www.vegadeyuco.com\/fr\/producto\/vega-de-yuco-sec\/\",\"url\":\"https:\/\/www.vegadeyuco.com\/fr\/producto\/vega-de-yuco-sec\/\",\"name\":\"Vega de Yuco Sec &#8226; Vega de Yuco\",\"isPartOf\":{\"@id\":\"https:\/\/www.vegadeyuco.com\/fr\/#website\"},\"primaryImageOfPage\":{\"@id\":\"https:\/\/www.vegadeyuco.com\/fr\/producto\/vega-de-yuco-sec\/#primaryimage\"},\"image\":{\"@id\":\"https:\/\/www.vegadeyuco.com\/fr\/producto\/vega-de-yuco-sec\/#primaryimage\"},\"thumbnailUrl\":\"https:\/\/www.vegadeyuco.com\/wp-content\/uploads\/2018\/11\/V-Yuco-seco.png\",\"datePublished\":\"2025-05-19T18:26:16+00:00\",\"description\":\"Vega de Yuco est issu du malvasia le plus classique, de parcelles de raisins s\u00e9lectionn\u00e9s dans les zones les plus chaudes, o\u00f9 le niveau de maturit\u00e9 est plus \u00e9lev\u00e9.\",\"breadcrumb\":{\"@id\":\"https:\/\/www.vegadeyuco.com\/fr\/producto\/vega-de-yuco-sec\/#breadcrumb\"},\"inLanguage\":\"fr-FR\",\"potentialAction\":[{\"@type\":\"ReadAction\",\"target\":[\"https:\/\/www.vegadeyuco.com\/fr\/producto\/vega-de-yuco-sec\/\"]}]},{\"@type\":\"ImageObject\",\"inLanguage\":\"fr-FR\",\"@id\":\"https:\/\/www.vegadeyuco.com\/fr\/producto\/vega-de-yuco-sec\/#primaryimage\",\"url\":\"https:\/\/www.vegadeyuco.com\/wp-content\/uploads\/2018\/11\/V-Yuco-seco.png\",\"contentUrl\":\"https:\/\/www.vegadeyuco.com\/wp-content\/uploads\/2018\/11\/V-Yuco-seco.png\",\"width\":1000,\"height\":1000},{\"@type\":\"BreadcrumbList\",\"@id\":\"https:\/\/www.vegadeyuco.com\/fr\/producto\/vega-de-yuco-sec\/#breadcrumb\",\"itemListElement\":[{\"@type\":\"ListItem\",\"position\":1,\"name\":\"Portada\",\"item\":\"https:\/\/www.vegadeyuco.com\/fr\/vega-de-yuco-cave-a-vin-a-lanzarote\/\"},{\"@type\":\"ListItem\",\"position\":2,\"name\":\"Boutique\",\"item\":\"https:\/\/www.vegadeyuco.com\/fr\/boutique\/\"},{\"@type\":\"ListItem\",\"position\":3,\"name\":\"Vega de Yuco Sec\"}]},{\"@type\":\"WebSite\",\"@id\":\"https:\/\/www.vegadeyuco.com\/fr\/#website\",\"url\":\"https:\/\/www.vegadeyuco.com\/fr\/\",\"name\":\"Vega de Yuco\",\"description\":\"Bodegas y Vi\u00f1edos Vega de Yuco en Lanzarote, una bodega tradicional Canaria que destila autenticidad e innovaci\u00f3n. \",\"publisher\":{\"@id\":\"https:\/\/www.vegadeyuco.com\/fr\/#organization\"},\"potentialAction\":[{\"@type\":\"SearchAction\",\"target\":{\"@type\":\"EntryPoint\",\"urlTemplate\":\"https:\/\/www.vegadeyuco.com\/fr\/?s={search_term_string}\"},\"query-input\":{\"@type\":\"PropertyValueSpecification\",\"valueRequired\":true,\"valueName\":\"search_term_string\"}}],\"inLanguage\":\"fr-FR\"},{\"@type\":\"Organization\",\"@id\":\"https:\/\/www.vegadeyuco.com\/fr\/#organization\",\"name\":\"Bodegas Vega de Yuco\",\"url\":\"https:\/\/www.vegadeyuco.com\/fr\/\",\"logo\":{\"@type\":\"ImageObject\",\"inLanguage\":\"fr-FR\",\"@id\":\"https:\/\/www.vegadeyuco.com\/fr\/#\/schema\/logo\/image\/\",\"url\":\"https:\/\/www.vegadeyuco.com\/wp-content\/uploads\/2020\/01\/LOGO_VEGADEYUCO_cabecera_pedidos.png\",\"contentUrl\":\"https:\/\/www.vegadeyuco.com\/wp-content\/uploads\/2020\/01\/LOGO_VEGADEYUCO_cabecera_pedidos.png\",\"width\":250,\"height\":150,\"caption\":\"Bodegas Vega de Yuco\"},\"image\":{\"@id\":\"https:\/\/www.vegadeyuco.com\/fr\/#\/schema\/logo\/image\/\"},\"sameAs\":[\"https:\/\/www.facebook.com\/vegadeyuco\",\"https:\/\/www.instagram.com\/vegadeyuco\/\",\"https:\/\/www.youtube.com\/channel\/UCmDMkmxMCvbSXTLTAs3DM7A\"]}]}<\/script>\n<!-- \/ Yoast SEO plugin. -->","yoast_head_json":{"title":"Vega de Yuco Sec &#8226; Vega de Yuco","description":"Vega de Yuco est issu du malvasia le plus classique, de parcelles de raisins s\u00e9lectionn\u00e9s dans les zones les plus chaudes, o\u00f9 le niveau de maturit\u00e9 est plus \u00e9lev\u00e9.","robots":{"index":"index","follow":"follow","max-snippet":"max-snippet:-1","max-image-preview":"max-image-preview:large","max-video-preview":"max-video-preview:-1"},"canonical":"https:\/\/www.vegadeyuco.com\/fr\/producto\/vega-de-yuco-sec\/","og_locale":"fr_FR","og_type":"article","og_title":"Vega de Yuco Sec &#8226; Vega de Yuco","og_description":"Vega de Yuco est issu du malvasia le plus classique, de parcelles de raisins s\u00e9lectionn\u00e9s dans les zones les plus chaudes, o\u00f9 le niveau de maturit\u00e9 est plus \u00e9lev\u00e9.","og_url":"https:\/\/www.vegadeyuco.com\/fr\/producto\/vega-de-yuco-sec\/","og_site_name":"Vega de Yuco","article_publisher":"https:\/\/www.facebook.com\/vegadeyuco","og_image":[{"width":1000,"height":1000,"url":"https:\/\/www.vegadeyuco.com\/wp-content\/uploads\/2018\/11\/V-Yuco-seco.png","type":"image\/png"}],"twitter_card":"summary_large_image","twitter_misc":{"Dur\u00e9e de lecture estim\u00e9e":"1 minute"},"schema":{"@context":"https:\/\/schema.org","@graph":[{"@type":"WebPage","@id":"https:\/\/www.vegadeyuco.com\/fr\/producto\/vega-de-yuco-sec\/","url":"https:\/\/www.vegadeyuco.com\/fr\/producto\/vega-de-yuco-sec\/","name":"Vega de Yuco Sec &#8226; Vega de Yuco","isPartOf":{"@id":"https:\/\/www.vegadeyuco.com\/fr\/#website"},"primaryImageOfPage":{"@id":"https:\/\/www.vegadeyuco.com\/fr\/producto\/vega-de-yuco-sec\/#primaryimage"},"image":{"@id":"https:\/\/www.vegadeyuco.com\/fr\/producto\/vega-de-yuco-sec\/#primaryimage"},"thumbnailUrl":"https:\/\/www.vegadeyuco.com\/wp-content\/uploads\/2018\/11\/V-Yuco-seco.png","datePublished":"2025-05-19T18:26:16+00:00","description":"Vega de Yuco est issu du malvasia le plus classique, de parcelles de raisins s\u00e9lectionn\u00e9s dans les zones les plus chaudes, o\u00f9 le niveau de maturit\u00e9 est plus \u00e9lev\u00e9.","breadcrumb":{"@id":"https:\/\/www.vegadeyuco.com\/fr\/producto\/vega-de-yuco-sec\/#breadcrumb"},"inLanguage":"fr-FR","potentialAction":[{"@type":"ReadAction","target":["https:\/\/www.vegadeyuco.com\/fr\/producto\/vega-de-yuco-sec\/"]}]},{"@type":"ImageObject","inLanguage":"fr-FR","@id":"https:\/\/www.vegadeyuco.com\/fr\/producto\/vega-de-yuco-sec\/#primaryimage","url":"https:\/\/www.vegadeyuco.com\/wp-content\/uploads\/2018\/11\/V-Yuco-seco.png","contentUrl":"https:\/\/www.vegadeyuco.com\/wp-content\/uploads\/2018\/11\/V-Yuco-seco.png","width":1000,"height":1000},{"@type":"BreadcrumbList","@id":"https:\/\/www.vegadeyuco.com\/fr\/producto\/vega-de-yuco-sec\/#breadcrumb","itemListElement":[{"@type":"ListItem","position":1,"name":"Portada","item":"https:\/\/www.vegadeyuco.com\/fr\/vega-de-yuco-cave-a-vin-a-lanzarote\/"},{"@type":"ListItem","position":2,"name":"Boutique","item":"https:\/\/www.vegadeyuco.com\/fr\/boutique\/"},{"@type":"ListItem","position":3,"name":"Vega de Yuco Sec"}]},{"@type":"WebSite","@id":"https:\/\/www.vegadeyuco.com\/fr\/#website","url":"https:\/\/www.vegadeyuco.com\/fr\/","name":"Vega de Yuco","description":"Bodegas y Vi\u00f1edos Vega de Yuco en Lanzarote, una bodega tradicional Canaria que destila autenticidad e innovaci\u00f3n. ","publisher":{"@id":"https:\/\/www.vegadeyuco.com\/fr\/#organization"},"potentialAction":[{"@type":"SearchAction","target":{"@type":"EntryPoint","urlTemplate":"https:\/\/www.vegadeyuco.com\/fr\/?s={search_term_string}"},"query-input":{"@type":"PropertyValueSpecification","valueRequired":true,"valueName":"search_term_string"}}],"inLanguage":"fr-FR"},{"@type":"Organization","@id":"https:\/\/www.vegadeyuco.com\/fr\/#organization","name":"Bodegas Vega de Yuco","url":"https:\/\/www.vegadeyuco.com\/fr\/","logo":{"@type":"ImageObject","inLanguage":"fr-FR","@id":"https:\/\/www.vegadeyuco.com\/fr\/#\/schema\/logo\/image\/","url":"https:\/\/www.vegadeyuco.com\/wp-content\/uploads\/2020\/01\/LOGO_VEGADEYUCO_cabecera_pedidos.png","contentUrl":"https:\/\/www.vegadeyuco.com\/wp-content\/uploads\/2020\/01\/LOGO_VEGADEYUCO_cabecera_pedidos.png","width":250,"height":150,"caption":"Bodegas Vega de Yuco"},"image":{"@id":"https:\/\/www.vegadeyuco.com\/fr\/#\/schema\/logo\/image\/"},"sameAs":["https:\/\/www.facebook.com\/vegadeyuco","https:\/\/www.instagram.com\/vegadeyuco\/","https:\/\/www.youtube.com\/channel\/UCmDMkmxMCvbSXTLTAs3DM7A"]}]}},"post_mailing_queue_ids":[],"_links":{"self":[{"href":"https:\/\/www.vegadeyuco.com\/fr\/wp-json\/wp\/v2\/product\/27459","targetHints":{"allow":["GET"]}}],"collection":[{"href":"https:\/\/www.vegadeyuco.com\/fr\/wp-json\/wp\/v2\/product"}],"about":[{"href":"https:\/\/www.vegadeyuco.com\/fr\/wp-json\/wp\/v2\/types\/product"}],"version-history":[{"count":0,"href":"https:\/\/www.vegadeyuco.com\/fr\/wp-json\/wp\/v2\/product\/27459\/revisions"}],"wp:featuredmedia":[{"embeddable":true,"href":"https:\/\/www.vegadeyuco.com\/fr\/wp-json\/wp\/v2\/media\/22121"}],"wp:attachment":[{"href":"https:\/\/www.vegadeyuco.com\/fr\/wp-json\/wp\/v2\/media?parent=27459"}],"wp:term":[{"taxonomy":"product_brand","embeddable":true,"href":"https:\/\/www.vegadeyuco.com\/fr\/wp-json\/wp\/v2\/product_brand?post=27459"},{"taxonomy":"product_cat","embeddable":true,"href":"https:\/\/www.vegadeyuco.com\/fr\/wp-json\/wp\/v2\/product_cat?post=27459"},{"taxonomy":"product_tag","embeddable":true,"href":"https:\/\/www.vegadeyuco.com\/fr\/wp-json\/wp\/v2\/product_tag?post=27459"}],"curies":[{"name":"wp","href":"https:\/\/api.w.org\/{rel}","templated":true}]}}