{"id":27465,"date":"2025-05-19T11:27:05","date_gmt":"2025-05-19T10:27:05","guid":{"rendered":"https:\/\/www.vegadeyuco.com\/producto\/princesse-ico-semi-sucre-2\/"},"modified":"2025-05-19T11:27:05","modified_gmt":"2025-05-19T10:27:05","slug":"princesse-ico-semi-sucre-2","status":"publish","type":"product","link":"https:\/\/www.vegadeyuco.com\/fr\/producto\/princesse-ico-semi-sucre-2\/","title":{"rendered":"Princesse Ico Semi-sucr\u00e9"},"content":{"rendered":"<div class=\"woocommerce-product-details__short-description\">\n<p>N\u00e9 du m\u00e9lange de nos meilleurs c\u00e9pages, gr\u00e2ce \u00e0 un pressage traditionnel.<\/p>\n<p><strong>C\u00e9pages <\/strong>: 85 % Malvas\u00eda volcanique, 10 % Moscatel, 5 % Diego.<\/p>\n<p><strong>Type <\/strong>: Vin blanc demi-doux.<\/p>\n<p><strong>Teneur en alcool<\/strong> : 12 % vol.<\/p>\n<p>\u00c9laboration : Les raisins sont rigoureusement s\u00e9lectionn\u00e9s, seuls ceux qui pr\u00e9sentent un \u00e9tat sanitaire et une maturation parfaits sont press\u00e9s. Apr\u00e8s un \u00e9gouttage et un pressage tr\u00e8s doux, le mo\u00fbt est extrait et, apr\u00e8s avoir \u00e9t\u00e9 clarifi\u00e9, il fermente lentement \u00e0 environ 15 \u00b0C. Lorsqu&rsquo;il reste environ 20 g de sucres, la fermentation est interrompue en refroidissant le mo\u00fbt \u00e0 une temp\u00e9rature de 0 \u00b0C, puis il est soumis \u00e0 une microfiltration qui garantit sa stabilisation. <\/p>\n<p><strong>Caract\u00e9ristiques organoleptiques<\/strong> : Couleur jaune paille p\u00e2le, transparente et brillante. Ar\u00f4me intense, franc et net, avec des notes florales, de fruits tropicaux et de vanille. Intensit\u00e9 en bouche avec un \u00e9quilibre entre l&rsquo;acidit\u00e9 et la douceur et un arri\u00e8re-go\u00fbt marqu\u00e9.  <\/p>\n<p><strong>R\u00e9compenses <\/strong>: 2015 &#8211; Alh\u00f3ndiga de Plata au XXIXe Concours r\u00e9gional des vins en bouteille des Canaries Alh\u00f3ndiga, dans la cat\u00e9gorie des vins blancs demi-doux.<\/p>\n<p><em>* Allerg\u00e8nes : contient des sulfites.<\/em><\/p>\n<p>&nbsp;<\/p>\n<p>&nbsp;<\/p>\n<hr>\n<p>&nbsp;<\/p>\n<p><strong>Accords mets-vins<\/strong><\/p>\n<p>Il pr\u00e9sente un excellent \u00e9quilibre entre douceur et acidit\u00e9, id\u00e9al avec le foie gras, les plats accompagn\u00e9s de sauces aigres-douces et de currys, les poissons et certains desserts au go\u00fbt sucr\u00e9.<\/p>\n<\/div>\n","protected":false},"excerpt":{"rendered":"<p>Issu du m\u00e9lange de nos meilleurs c\u00e9pages, \u00e9labor\u00e9 selon une m\u00e9thode de pressage traditionnelle.<\/p>\n<p><strong>Voir la fiche de d\u00e9gustation<\/strong><\/p>\n<p><a href=\"https:\/\/www.vegadeyuco.com\/wp-content\/uploads\/2022\/02\/Princesa_Ico-min.pdf\" target=\"_blank\" rel=\"noopener\">Espa\u00f1ol<\/a> <a href=\"https:\/\/www.vegadeyuco.com\/wp-content\/uploads\/2025\/05\/Princesa-ICO-semisweet-ENG.pdf\" target=\"_blank\" rel=\"noopener\">English<\/a><\/p>\n<p>&nbsp;<\/p>\n","protected":false},"featured_media":22120,"template":"","meta":[],"product_brand":[],"product_cat":[349,339,350],"product_tag":[],"class_list":{"0":"post-27465","1":"product","2":"type-product","3":"status-publish","4":"has-post-thumbnail","6":"product_cat-blanc-demi-doux","7":"product_cat-can","8":"product_cat-vega-de-yuco","9":"product_shipping_class-seulement-les-canaries","11":"first","12":"instock","13":"shipping-taxable","14":"purchasable","15":"product-type-simple"},"yoast_head":"<!-- This site is optimized with the Yoast SEO plugin v26.8 - https:\/\/yoast.com\/product\/yoast-seo-wordpress\/ -->\n<title>Princesse Ico Semi-sucr\u00e9 &#8226; Vega de Yuco<\/title>\n<meta name=\"description\" content=\"Princesa Ico Semidulce est un vin de Lanzarote issu du m\u00e9lange de nos meilleurs c\u00e9pages, \u00e9labor\u00e9 selon une m\u00e9thode de pressage traditionnelle.\" \/>\n<meta name=\"robots\" content=\"index, follow, max-snippet:-1, max-image-preview:large, max-video-preview:-1\" \/>\n<link rel=\"canonical\" href=\"https:\/\/www.vegadeyuco.com\/fr\/producto\/princesse-ico-semi-sucre-2\/\" \/>\n<meta property=\"og:locale\" content=\"fr_FR\" \/>\n<meta property=\"og:type\" content=\"article\" \/>\n<meta property=\"og:title\" content=\"Princesse Ico Semi-sucr\u00e9 &#8226; Vega de Yuco\" \/>\n<meta property=\"og:description\" content=\"Princesa Ico Semidulce est un vin de Lanzarote issu du m\u00e9lange de nos meilleurs c\u00e9pages, \u00e9labor\u00e9 selon une m\u00e9thode de pressage traditionnelle.\" \/>\n<meta property=\"og:url\" content=\"https:\/\/www.vegadeyuco.com\/fr\/producto\/princesse-ico-semi-sucre-2\/\" \/>\n<meta property=\"og:site_name\" content=\"Vega de Yuco\" \/>\n<meta property=\"article:publisher\" content=\"https:\/\/www.facebook.com\/vegadeyuco\" \/>\n<meta property=\"og:image\" content=\"https:\/\/www.vegadeyuco.com\/wp-content\/uploads\/2018\/11\/Ico-semidulce-2.png\" \/>\n\t<meta property=\"og:image:width\" content=\"1000\" \/>\n\t<meta property=\"og:image:height\" content=\"1000\" \/>\n\t<meta property=\"og:image:type\" content=\"image\/png\" \/>\n<meta name=\"twitter:card\" content=\"summary_large_image\" \/>\n<meta name=\"twitter:label1\" content=\"Dur\u00e9e de lecture estim\u00e9e\" \/>\n\t<meta name=\"twitter:data1\" content=\"1 minute\" \/>\n<script type=\"application\/ld+json\" class=\"yoast-schema-graph\">{\"@context\":\"https:\/\/schema.org\",\"@graph\":[{\"@type\":\"WebPage\",\"@id\":\"https:\/\/www.vegadeyuco.com\/fr\/producto\/princesse-ico-semi-sucre-2\/\",\"url\":\"https:\/\/www.vegadeyuco.com\/fr\/producto\/princesse-ico-semi-sucre-2\/\",\"name\":\"Princesse Ico Semi-sucr\u00e9 &#8226; Vega de Yuco\",\"isPartOf\":{\"@id\":\"https:\/\/www.vegadeyuco.com\/fr\/#website\"},\"primaryImageOfPage\":{\"@id\":\"https:\/\/www.vegadeyuco.com\/fr\/producto\/princesse-ico-semi-sucre-2\/#primaryimage\"},\"image\":{\"@id\":\"https:\/\/www.vegadeyuco.com\/fr\/producto\/princesse-ico-semi-sucre-2\/#primaryimage\"},\"thumbnailUrl\":\"https:\/\/www.vegadeyuco.com\/wp-content\/uploads\/2018\/11\/Ico-semidulce-2.png\",\"datePublished\":\"2025-05-19T10:27:05+00:00\",\"description\":\"Princesa Ico Semidulce est un vin de Lanzarote issu du m\u00e9lange de nos meilleurs c\u00e9pages, \u00e9labor\u00e9 selon une m\u00e9thode de pressage traditionnelle.\",\"breadcrumb\":{\"@id\":\"https:\/\/www.vegadeyuco.com\/fr\/producto\/princesse-ico-semi-sucre-2\/#breadcrumb\"},\"inLanguage\":\"fr-FR\",\"potentialAction\":[{\"@type\":\"ReadAction\",\"target\":[\"https:\/\/www.vegadeyuco.com\/fr\/producto\/princesse-ico-semi-sucre-2\/\"]}]},{\"@type\":\"ImageObject\",\"inLanguage\":\"fr-FR\",\"@id\":\"https:\/\/www.vegadeyuco.com\/fr\/producto\/princesse-ico-semi-sucre-2\/#primaryimage\",\"url\":\"https:\/\/www.vegadeyuco.com\/wp-content\/uploads\/2018\/11\/Ico-semidulce-2.png\",\"contentUrl\":\"https:\/\/www.vegadeyuco.com\/wp-content\/uploads\/2018\/11\/Ico-semidulce-2.png\",\"width\":1000,\"height\":1000},{\"@type\":\"BreadcrumbList\",\"@id\":\"https:\/\/www.vegadeyuco.com\/fr\/producto\/princesse-ico-semi-sucre-2\/#breadcrumb\",\"itemListElement\":[{\"@type\":\"ListItem\",\"position\":1,\"name\":\"Portada\",\"item\":\"https:\/\/www.vegadeyuco.com\/fr\/vega-de-yuco-cave-a-vin-a-lanzarote\/\"},{\"@type\":\"ListItem\",\"position\":2,\"name\":\"Boutique\",\"item\":\"https:\/\/www.vegadeyuco.com\/fr\/boutique\/\"},{\"@type\":\"ListItem\",\"position\":3,\"name\":\"Princesse Ico Semi-sucr\u00e9\"}]},{\"@type\":\"WebSite\",\"@id\":\"https:\/\/www.vegadeyuco.com\/fr\/#website\",\"url\":\"https:\/\/www.vegadeyuco.com\/fr\/\",\"name\":\"Vega de Yuco\",\"description\":\"Bodegas y Vi\u00f1edos Vega de Yuco en Lanzarote, una bodega tradicional Canaria que destila autenticidad e innovaci\u00f3n. \",\"publisher\":{\"@id\":\"https:\/\/www.vegadeyuco.com\/fr\/#organization\"},\"potentialAction\":[{\"@type\":\"SearchAction\",\"target\":{\"@type\":\"EntryPoint\",\"urlTemplate\":\"https:\/\/www.vegadeyuco.com\/fr\/?s={search_term_string}\"},\"query-input\":{\"@type\":\"PropertyValueSpecification\",\"valueRequired\":true,\"valueName\":\"search_term_string\"}}],\"inLanguage\":\"fr-FR\"},{\"@type\":\"Organization\",\"@id\":\"https:\/\/www.vegadeyuco.com\/fr\/#organization\",\"name\":\"Bodegas Vega de Yuco\",\"url\":\"https:\/\/www.vegadeyuco.com\/fr\/\",\"logo\":{\"@type\":\"ImageObject\",\"inLanguage\":\"fr-FR\",\"@id\":\"https:\/\/www.vegadeyuco.com\/fr\/#\/schema\/logo\/image\/\",\"url\":\"https:\/\/www.vegadeyuco.com\/wp-content\/uploads\/2020\/01\/LOGO_VEGADEYUCO_cabecera_pedidos.png\",\"contentUrl\":\"https:\/\/www.vegadeyuco.com\/wp-content\/uploads\/2020\/01\/LOGO_VEGADEYUCO_cabecera_pedidos.png\",\"width\":250,\"height\":150,\"caption\":\"Bodegas Vega de Yuco\"},\"image\":{\"@id\":\"https:\/\/www.vegadeyuco.com\/fr\/#\/schema\/logo\/image\/\"},\"sameAs\":[\"https:\/\/www.facebook.com\/vegadeyuco\",\"https:\/\/www.instagram.com\/vegadeyuco\/\",\"https:\/\/www.youtube.com\/channel\/UCmDMkmxMCvbSXTLTAs3DM7A\"]}]}<\/script>\n<!-- \/ Yoast SEO plugin. -->","yoast_head_json":{"title":"Princesse Ico Semi-sucr\u00e9 &#8226; Vega de Yuco","description":"Princesa Ico Semidulce est un vin de Lanzarote issu du m\u00e9lange de nos meilleurs c\u00e9pages, \u00e9labor\u00e9 selon une m\u00e9thode de pressage traditionnelle.","robots":{"index":"index","follow":"follow","max-snippet":"max-snippet:-1","max-image-preview":"max-image-preview:large","max-video-preview":"max-video-preview:-1"},"canonical":"https:\/\/www.vegadeyuco.com\/fr\/producto\/princesse-ico-semi-sucre-2\/","og_locale":"fr_FR","og_type":"article","og_title":"Princesse Ico Semi-sucr\u00e9 &#8226; Vega de Yuco","og_description":"Princesa Ico Semidulce est un vin de Lanzarote issu du m\u00e9lange de nos meilleurs c\u00e9pages, \u00e9labor\u00e9 selon une m\u00e9thode de pressage traditionnelle.","og_url":"https:\/\/www.vegadeyuco.com\/fr\/producto\/princesse-ico-semi-sucre-2\/","og_site_name":"Vega de Yuco","article_publisher":"https:\/\/www.facebook.com\/vegadeyuco","og_image":[{"width":1000,"height":1000,"url":"https:\/\/www.vegadeyuco.com\/wp-content\/uploads\/2018\/11\/Ico-semidulce-2.png","type":"image\/png"}],"twitter_card":"summary_large_image","twitter_misc":{"Dur\u00e9e de lecture estim\u00e9e":"1 minute"},"schema":{"@context":"https:\/\/schema.org","@graph":[{"@type":"WebPage","@id":"https:\/\/www.vegadeyuco.com\/fr\/producto\/princesse-ico-semi-sucre-2\/","url":"https:\/\/www.vegadeyuco.com\/fr\/producto\/princesse-ico-semi-sucre-2\/","name":"Princesse Ico Semi-sucr\u00e9 &#8226; Vega de Yuco","isPartOf":{"@id":"https:\/\/www.vegadeyuco.com\/fr\/#website"},"primaryImageOfPage":{"@id":"https:\/\/www.vegadeyuco.com\/fr\/producto\/princesse-ico-semi-sucre-2\/#primaryimage"},"image":{"@id":"https:\/\/www.vegadeyuco.com\/fr\/producto\/princesse-ico-semi-sucre-2\/#primaryimage"},"thumbnailUrl":"https:\/\/www.vegadeyuco.com\/wp-content\/uploads\/2018\/11\/Ico-semidulce-2.png","datePublished":"2025-05-19T10:27:05+00:00","description":"Princesa Ico Semidulce est un vin de Lanzarote issu du m\u00e9lange de nos meilleurs c\u00e9pages, \u00e9labor\u00e9 selon une m\u00e9thode de pressage traditionnelle.","breadcrumb":{"@id":"https:\/\/www.vegadeyuco.com\/fr\/producto\/princesse-ico-semi-sucre-2\/#breadcrumb"},"inLanguage":"fr-FR","potentialAction":[{"@type":"ReadAction","target":["https:\/\/www.vegadeyuco.com\/fr\/producto\/princesse-ico-semi-sucre-2\/"]}]},{"@type":"ImageObject","inLanguage":"fr-FR","@id":"https:\/\/www.vegadeyuco.com\/fr\/producto\/princesse-ico-semi-sucre-2\/#primaryimage","url":"https:\/\/www.vegadeyuco.com\/wp-content\/uploads\/2018\/11\/Ico-semidulce-2.png","contentUrl":"https:\/\/www.vegadeyuco.com\/wp-content\/uploads\/2018\/11\/Ico-semidulce-2.png","width":1000,"height":1000},{"@type":"BreadcrumbList","@id":"https:\/\/www.vegadeyuco.com\/fr\/producto\/princesse-ico-semi-sucre-2\/#breadcrumb","itemListElement":[{"@type":"ListItem","position":1,"name":"Portada","item":"https:\/\/www.vegadeyuco.com\/fr\/vega-de-yuco-cave-a-vin-a-lanzarote\/"},{"@type":"ListItem","position":2,"name":"Boutique","item":"https:\/\/www.vegadeyuco.com\/fr\/boutique\/"},{"@type":"ListItem","position":3,"name":"Princesse Ico Semi-sucr\u00e9"}]},{"@type":"WebSite","@id":"https:\/\/www.vegadeyuco.com\/fr\/#website","url":"https:\/\/www.vegadeyuco.com\/fr\/","name":"Vega de Yuco","description":"Bodegas y Vi\u00f1edos Vega de Yuco en Lanzarote, una bodega tradicional Canaria que destila autenticidad e innovaci\u00f3n. ","publisher":{"@id":"https:\/\/www.vegadeyuco.com\/fr\/#organization"},"potentialAction":[{"@type":"SearchAction","target":{"@type":"EntryPoint","urlTemplate":"https:\/\/www.vegadeyuco.com\/fr\/?s={search_term_string}"},"query-input":{"@type":"PropertyValueSpecification","valueRequired":true,"valueName":"search_term_string"}}],"inLanguage":"fr-FR"},{"@type":"Organization","@id":"https:\/\/www.vegadeyuco.com\/fr\/#organization","name":"Bodegas Vega de Yuco","url":"https:\/\/www.vegadeyuco.com\/fr\/","logo":{"@type":"ImageObject","inLanguage":"fr-FR","@id":"https:\/\/www.vegadeyuco.com\/fr\/#\/schema\/logo\/image\/","url":"https:\/\/www.vegadeyuco.com\/wp-content\/uploads\/2020\/01\/LOGO_VEGADEYUCO_cabecera_pedidos.png","contentUrl":"https:\/\/www.vegadeyuco.com\/wp-content\/uploads\/2020\/01\/LOGO_VEGADEYUCO_cabecera_pedidos.png","width":250,"height":150,"caption":"Bodegas Vega de Yuco"},"image":{"@id":"https:\/\/www.vegadeyuco.com\/fr\/#\/schema\/logo\/image\/"},"sameAs":["https:\/\/www.facebook.com\/vegadeyuco","https:\/\/www.instagram.com\/vegadeyuco\/","https:\/\/www.youtube.com\/channel\/UCmDMkmxMCvbSXTLTAs3DM7A"]}]}},"post_mailing_queue_ids":[],"_links":{"self":[{"href":"https:\/\/www.vegadeyuco.com\/fr\/wp-json\/wp\/v2\/product\/27465","targetHints":{"allow":["GET"]}}],"collection":[{"href":"https:\/\/www.vegadeyuco.com\/fr\/wp-json\/wp\/v2\/product"}],"about":[{"href":"https:\/\/www.vegadeyuco.com\/fr\/wp-json\/wp\/v2\/types\/product"}],"version-history":[{"count":0,"href":"https:\/\/www.vegadeyuco.com\/fr\/wp-json\/wp\/v2\/product\/27465\/revisions"}],"wp:featuredmedia":[{"embeddable":true,"href":"https:\/\/www.vegadeyuco.com\/fr\/wp-json\/wp\/v2\/media\/22120"}],"wp:attachment":[{"href":"https:\/\/www.vegadeyuco.com\/fr\/wp-json\/wp\/v2\/media?parent=27465"}],"wp:term":[{"taxonomy":"product_brand","embeddable":true,"href":"https:\/\/www.vegadeyuco.com\/fr\/wp-json\/wp\/v2\/product_brand?post=27465"},{"taxonomy":"product_cat","embeddable":true,"href":"https:\/\/www.vegadeyuco.com\/fr\/wp-json\/wp\/v2\/product_cat?post=27465"},{"taxonomy":"product_tag","embeddable":true,"href":"https:\/\/www.vegadeyuco.com\/fr\/wp-json\/wp\/v2\/product_tag?post=27465"}],"curies":[{"name":"wp","href":"https:\/\/api.w.org\/{rel}","templated":true}]}}